{"id":3449,"date":"2018-03-02T14:59:43","date_gmt":"2018-03-02T17:59:43","guid":{"rendered":"http:\/\/barcainnovationhub.com\/home\/"},"modified":"2021-11-17T12:17:48","modified_gmt":"2021-11-17T15:17:48","slug":"home","status":"publish","type":"page","link":"https:\/\/barcainnovationhub.com\/ca\/","title":{"rendered":"Home"},"content":{"rendered":"","protected":false},"excerpt":{"rendered":"","protected":false},"author":1,"featured_media":0,"parent":0,"menu_order":886,"comment_status":"closed","ping_status":"closed","template":"page-templates\/page-home.php","meta":[],"categories":[],"tags":[],"yoast_head":"<!-- This site is optimized with the Yoast SEO plugin v16.6.1 - https:\/\/yoast.com\/wordpress\/plugins\/seo\/ -->\n<meta name=\"description\" content=\"Programes online, dissenyats per una comunitat d\u2019experts del sector esportiu integrada per professionals del Club i professionals externs l\u00edders a les seves \u00e0rees d\u2019especialitzaci\u00f3.\" \/>\n<meta name=\"robots\" content=\"index, follow, max-snippet:-1, max-image-preview:large, max-video-preview:-1\" \/>\n<link rel=\"canonical\" href=\"https:\/\/barcainnovationhub.com\/ca\/\" \/>\n<meta property=\"og:locale\" content=\"ca_ES\" \/>\n<meta property=\"og:type\" content=\"article\" \/>\n<meta property=\"og:title\" content=\"Home - Bar\u00e7a Innovation Hub\" \/>\n<meta property=\"og:description\" content=\"Programes online, dissenyats per una comunitat d\u2019experts del sector esportiu integrada per professionals del Club i professionals externs l\u00edders a les seves \u00e0rees d\u2019especialitzaci\u00f3.\" \/>\n<meta property=\"og:url\" content=\"https:\/\/barcainnovationhub.com\/ca\/\" \/>\n<meta property=\"og:site_name\" content=\"Bar\u00e7a Innovation Hub\" \/>\n<meta property=\"article:publisher\" content=\"https:\/\/www.facebook.com\/fcbuniversitas\" \/>\n<meta property=\"article:modified_time\" content=\"2021-11-17T15:17:48+00:00\" \/>\n<meta name=\"twitter:card\" content=\"summary\" \/>\n<meta name=\"twitter:site\" content=\"@BarcaInnoHub\" \/>\n<script type=\"application\/ld+json\" class=\"yoast-schema-graph\">{\"@context\":\"https:\/\/schema.org\",\"@graph\":[{\"@type\":\"WebSite\",\"@id\":\"https:\/\/barcainnovationhub.com\/#website\",\"url\":\"https:\/\/barcainnovationhub.com\/\",\"name\":\"Bar\\u00e7a Innovation Hub\",\"description\":\"The worldwide centre for sports knowledge and innovation\",\"potentialAction\":[{\"@type\":\"SearchAction\",\"target\":{\"@type\":\"EntryPoint\",\"urlTemplate\":\"https:\/\/barcainnovationhub.com\/?s={search_term_string}\"},\"query-input\":\"required name=search_term_string\"}],\"inLanguage\":\"ca\"},{\"@type\":\"WebPage\",\"@id\":\"https:\/\/barcainnovationhub.com\/ca\/#webpage\",\"url\":\"https:\/\/barcainnovationhub.com\/ca\/\",\"name\":\"Home - Bar\\u00e7a Innovation Hub\",\"isPartOf\":{\"@id\":\"https:\/\/barcainnovationhub.com\/#website\"},\"datePublished\":\"2018-03-02T17:59:43+00:00\",\"dateModified\":\"2021-11-17T15:17:48+00:00\",\"description\":\"Programes online, dissenyats per una comunitat d\\u2019experts del sector esportiu integrada per professionals del Club i professionals externs l\\u00edders a les seves \\u00e0rees d\\u2019especialitzaci\\u00f3.\",\"breadcrumb\":{\"@id\":\"https:\/\/barcainnovationhub.com\/ca\/#breadcrumb\"},\"inLanguage\":\"ca\",\"potentialAction\":[{\"@type\":\"ReadAction\",\"target\":[\"https:\/\/barcainnovationhub.com\/ca\/\"]}]},{\"@type\":\"BreadcrumbList\",\"@id\":\"https:\/\/barcainnovationhub.com\/ca\/#breadcrumb\",\"itemListElement\":[{\"@type\":\"ListItem\",\"position\":1,\"name\":\"Portada\",\"item\":\"https:\/\/barcainnovationhub.com\/ca\/\"},{\"@type\":\"ListItem\",\"position\":2,\"name\":\"Home\"}]}]}<\/script>\n<!-- \/ Yoast SEO plugin. -->","acf":{"slider_hero":[{"tag":"Blog","titulo":"Bar\u00e7a Innovation Hub: un gran laboratori esportiu per al  futur de l\u2019esport","link":"https:\/\/barcainnovationhub.com\/ca\/barca-innovation-hub-la-construccion-del-futuro-del-deporte\/","subtitulo":"","descripcion_corta":"Un dels principis fonamentals del Bar\u00e7a Innovation Hub \u00e9s la convicci\u00f3 que, en la investigaci\u00f3 cient\u00edfica i en els projectes d\u2019innovaci\u00f3, la col\u00b7laboraci\u00f3 entre diversos tipus d\u2019entitats genera resultats m\u00e9s eficients, firmes i adaptats a les necessitats dels usuaris finals.","imagen_de_fondo":{"ID":3367,"id":3367,"title":"2017-2018__Club__20170909_6","filename":"VO170912A02411-1.jpg","filesize":0,"url":"https:\/\/barcainnovationhub.com\/wp-content\/uploads\/2018\/05\/VO170912A02411-1.jpg","link":"https:\/\/barcainnovationhub.com\/ca\/barca-innovation-hub-la-construccion-del-futuro-del-deporte\/2017-2018__club__20170909_6-2\/","alt":"","author":"1","description":"","caption":"2017-2018__Club__20170909_6","name":"2017-2018__club__20170909_6-2","status":"inherit","uploaded_to":3355,"date":"2018-05-30 18:06:35","modified":"2018-05-30 18:19:20","menu_order":0,"mime_type":"image\/jpeg","type":"image","subtype":"jpeg","icon":"https:\/\/barcainnovationhub.com\/wp-includes\/images\/media\/default.png","width":2000,"height":1333,"sizes":{"thumbnail":"https:\/\/barcainnovationhub.com\/wp-content\/uploads\/2018\/05\/VO170912A02411-1-150x150.jpg","thumbnail-width":150,"thumbnail-height":150,"medium":"https:\/\/barcainnovationhub.com\/wp-content\/uploads\/2018\/05\/VO170912A02411-1-300x200.jpg","medium-width":300,"medium-height":200,"medium_large":"https:\/\/barcainnovationhub.com\/wp-content\/uploads\/2018\/05\/VO170912A02411-1-768x512.jpg","medium_large-width":768,"medium_large-height":512,"large":"https:\/\/barcainnovationhub.com\/wp-content\/uploads\/2018\/05\/VO170912A02411-1-1024x682.jpg","large-width":1024,"large-height":682,"1536x1536":"https:\/\/barcainnovationhub.com\/wp-content\/uploads\/2018\/05\/VO170912A02411-1.jpg","1536x1536-width":1536,"1536x1536-height":1024,"2048x2048":"https:\/\/barcainnovationhub.com\/wp-content\/uploads\/2018\/05\/VO170912A02411-1.jpg","2048x2048-width":2000,"2048x2048-height":1333}}},{"tag":"Universitas","titulo":"Coach Academy: formaci\u00f3 amb ADN Bar\u00e7a","link":"https:\/\/barcainnovationhub.com\/ca\/coach-academy\/","subtitulo":"","descripcion_corta":"Formar millors esportistes implica formar millors entrenadors. Bar\u00e7a Coach Academy ofereix les eines te\u00f2riques i pr\u00e0ctiques per al disseny i la implementaci\u00f3 de programes d\u2019entrenament, sustentats en la metodologia del Futbol Club Barcelona.","imagen_de_fondo":{"ID":34612,"id":34612,"title":"bg-card-program-coach-academy-v01-min","filename":"20839be6-bg-card-program-coach-academy-v01-min.jpg","filesize":0,"url":"https:\/\/barcainnovationhub.com\/wp-content\/uploads\/2019\/08\/20839be6-bg-card-program-coach-academy-v01-min.jpg","link":"https:\/\/barcainnovationhub.com\/ca\/home\/bg-card-program-coach-academy-v01-min-2-2\/","alt":"Bar\u00e7a Innovation Hub Week","author":"1","description":"","caption":"","name":"bg-card-program-coach-academy-v01-min-2-2","status":"inherit","uploaded_to":3449,"date":"2019-08-22 13:25:09","modified":"2020-02-21 08:09:27","menu_order":0,"mime_type":"image\/jpeg","type":"image","subtype":"jpeg","icon":"https:\/\/barcainnovationhub.com\/wp-includes\/images\/media\/default.png","width":1110,"height":446,"sizes":{"thumbnail":"https:\/\/barcainnovationhub.com\/wp-content\/uploads\/2019\/08\/20839be6-bg-card-program-coach-academy-v01-min-150x150.jpg","thumbnail-width":150,"thumbnail-height":150,"medium":"https:\/\/barcainnovationhub.com\/wp-content\/uploads\/2019\/08\/20839be6-bg-card-program-coach-academy-v01-min-300x121.jpg","medium-width":300,"medium-height":121,"medium_large":"https:\/\/barcainnovationhub.com\/wp-content\/uploads\/2019\/08\/20839be6-bg-card-program-coach-academy-v01-min-768x309.jpg","medium_large-width":768,"medium_large-height":309,"large":"https:\/\/barcainnovationhub.com\/wp-content\/uploads\/2019\/08\/20839be6-bg-card-program-coach-academy-v01-min-1024x411.jpg","large-width":1024,"large-height":411,"1536x1536":"https:\/\/barcainnovationhub.com\/wp-content\/uploads\/2019\/08\/20839be6-bg-card-program-coach-academy-v01-min.jpg","1536x1536-width":1110,"1536x1536-height":446,"2048x2048":"https:\/\/barcainnovationhub.com\/wp-content\/uploads\/2019\/08\/20839be6-bg-card-program-coach-academy-v01-min.jpg","2048x2048-width":1110,"2048x2048-height":446}}}],"slider_2":false,"slider_header":[{"fecha":"","extra_data":"","titulo":"El centre de coneixement i la innovaci\u00f3 esportiva","subtitulo":"","texto_btn":"Coneix-lo m\u00e9s","link_btn":"\/ca\/acerca-de\/","imagen":"https:\/\/barcainnovationhub.com\/wp-content\/uploads\/2021\/03\/e3355c37-bg-hero-v02-min.jpg"},{"fecha":"","extra_data":"","titulo":"Certificat en C\u00e0rrega de Treball i Lesions en Esports d\u2019Equip","subtitulo":"","texto_btn":"Coneix-lo m\u00e9s","link_btn":"\/ca\/product\/certificat-en-carrega-de-treball-i-lesions-en-esports-dequip\/","imagen":"https:\/\/barcainnovationhub.com\/wp-content\/uploads\/2021\/03\/5763c45b-slider-basket-min.jpeg"},{"fecha":"","extra_data":"","titulo":"Certificat en Analista T\u00e0ctic de Futbol","subtitulo":"","texto_btn":"Coneix-lo m\u00e9s","link_btn":"\/ca\/product\/certificat-en-analista-tactic-de-futbol\/","imagen":"https:\/\/barcainnovationhub.com\/wp-content\/uploads\/2021\/03\/12775525-futbol.jpeg"}],"activar_banner_1":false,"banner_1":false,"activar_banner_2":false,"banner_2":false,"activar_banner_3":false,"banner_3":false,"new_home_blog_title":"\u00daLTIMES TEND\u00c8NCIES","nota_destacada":"","notas_relacionadas":"","text_cta_blog":"VES AL BLOG","url_cta_blog":"ca\/principal-blog","new_home_blog_subtitle":"","activar_nuevos_banners":false,"mostrar_banner_1":false,"crear_banner_1":{"utilizar_imagen_unica_para_banner":false,"asignar_imagen_unica_para_banner":false,"mostrar_titulo_banner":false,"titulo_para_banner":"","mostrar_subtitulo_banner":false,"subtitulo_del_banner":"","mostrar_cta_banner":false,"texto_cta_banner":"","url_cta_banner":"","fondo_de_color_banner":"","fondo_de_imagen_banner":false,"mostrar_imagen_izquierda_banner":false,"asignar_imagen_izquierda_banner":false},"mostrar_banner_2":false,"crear_banner_2":{"utilizar_imagen_unica_para_banner":false,"asignar_imagen_unica_para_banner":false,"mostrar_titulo_banner":false,"titulo_para_banner":"","mostrar_subtitulo_banner":false,"subtitulo_del_banner":"","mostrar_cta_banner":false,"texto_cta_banner":"","url_cta_banner":"","fondo_de_color_banner":"","fondo_de_imagen_banner":false,"mostrar_imagen_izquierda_banner":false,"asignar_imagen_izquierda_banner":false},"mostrar_banner_3":false,"crear_banner_3":{"utilizar_imagen_unica_para_banner":false,"asignar_imagen_unica_para_banner":false,"mostrar_titulo_banner":false,"titulo_para_banner":"","mostrar_subtitulo_banner":false,"subtitulo_del_banner":"","mostrar_cta_banner":false,"texto_cta_banner":"","url_cta_banner":"","fondo_de_color_banner":"","fondo_de_imagen_banner":false,"mostrar_imagen_izquierda_banner":false,"asignar_imagen_izquierda_banner":false}},"_links":{"self":[{"href":"https:\/\/barcainnovationhub.com\/ca\/wp-json\/wp\/v2\/pages\/3449"}],"collection":[{"href":"https:\/\/barcainnovationhub.com\/ca\/wp-json\/wp\/v2\/pages"}],"about":[{"href":"https:\/\/barcainnovationhub.com\/ca\/wp-json\/wp\/v2\/types\/page"}],"author":[{"embeddable":true,"href":"https:\/\/barcainnovationhub.com\/ca\/wp-json\/wp\/v2\/users\/1"}],"replies":[{"embeddable":true,"href":"https:\/\/barcainnovationhub.com\/ca\/wp-json\/wp\/v2\/comments?post=3449"}],"version-history":[{"count":5,"href":"https:\/\/barcainnovationhub.com\/ca\/wp-json\/wp\/v2\/pages\/3449\/revisions"}],"predecessor-version":[{"id":109204,"href":"https:\/\/barcainnovationhub.com\/ca\/wp-json\/wp\/v2\/pages\/3449\/revisions\/109204"}],"wp:attachment":[{"href":"https:\/\/barcainnovationhub.com\/ca\/wp-json\/wp\/v2\/media?parent=3449"}],"wp:term":[{"taxonomy":"category","embeddable":true,"href":"https:\/\/barcainnovationhub.com\/ca\/wp-json\/wp\/v2\/categories?post=3449"},{"taxonomy":"post_tag","embeddable":true,"href":"https:\/\/barcainnovationhub.com\/ca\/wp-json\/wp\/v2\/tags?post=3449"}],"curies":[{"name":"wp","href":"https:\/\/api.w.org\/{rel}","templated":true}]}}