{"id":37845,"date":"2019-09-26T00:08:19","date_gmt":"2019-09-26T03:08:19","guid":{"rendered":"https:\/\/barcainnovationhub.com\/?page_id=37845"},"modified":"2020-05-18T13:01:24","modified_gmt":"2020-05-18T16:01:24","slug":"masters","status":"publish","type":"page","link":"https:\/\/barcainnovationhub.com\/ca\/masters\/","title":{"rendered":"Masters"},"content":{"rendered":"","protected":false},"excerpt":{"rendered":"","protected":false},"author":1,"featured_media":0,"parent":0,"menu_order":468,"comment_status":"closed","ping_status":"closed","template":"page-templates\/landing-masters.php","meta":[],"categories":[],"tags":[],"yoast_head":"<!-- This site is optimized with the Yoast SEO plugin v16.6.1 - https:\/\/yoast.com\/wordpress\/plugins\/seo\/ -->\n<meta name=\"robots\" content=\"index, follow, max-snippet:-1, max-image-preview:large, max-video-preview:-1\" \/>\n<link rel=\"canonical\" href=\"https:\/\/barcainnovationhub.com\/ca\/masters\/\" \/>\n<meta property=\"og:locale\" content=\"ca_ES\" \/>\n<meta property=\"og:type\" content=\"article\" \/>\n<meta property=\"og:title\" content=\"Masters - Bar\u00e7a Innovation Hub\" \/>\n<meta property=\"og:url\" content=\"https:\/\/barcainnovationhub.com\/ca\/masters\/\" \/>\n<meta property=\"og:site_name\" content=\"Bar\u00e7a Innovation Hub\" \/>\n<meta property=\"article:publisher\" content=\"https:\/\/www.facebook.com\/fcbuniversitas\" \/>\n<meta property=\"article:modified_time\" content=\"2020-05-18T16:01:24+00:00\" \/>\n<meta name=\"twitter:card\" content=\"summary\" \/>\n<meta name=\"twitter:site\" content=\"@BarcaInnoHub\" \/>\n<script type=\"application\/ld+json\" class=\"yoast-schema-graph\">{\"@context\":\"https:\/\/schema.org\",\"@graph\":[{\"@type\":\"WebSite\",\"@id\":\"https:\/\/barcainnovationhub.com\/#website\",\"url\":\"https:\/\/barcainnovationhub.com\/\",\"name\":\"Bar\\u00e7a Innovation Hub\",\"description\":\"The worldwide centre for sports knowledge and innovation\",\"potentialAction\":[{\"@type\":\"SearchAction\",\"target\":{\"@type\":\"EntryPoint\",\"urlTemplate\":\"https:\/\/barcainnovationhub.com\/?s={search_term_string}\"},\"query-input\":\"required name=search_term_string\"}],\"inLanguage\":\"ca\"},{\"@type\":\"WebPage\",\"@id\":\"https:\/\/barcainnovationhub.com\/ca\/masters\/#webpage\",\"url\":\"https:\/\/barcainnovationhub.com\/ca\/masters\/\",\"name\":\"Masters - Bar\\u00e7a Innovation Hub\",\"isPartOf\":{\"@id\":\"https:\/\/barcainnovationhub.com\/#website\"},\"datePublished\":\"2019-09-26T03:08:19+00:00\",\"dateModified\":\"2020-05-18T16:01:24+00:00\",\"breadcrumb\":{\"@id\":\"https:\/\/barcainnovationhub.com\/ca\/masters\/#breadcrumb\"},\"inLanguage\":\"ca\",\"potentialAction\":[{\"@type\":\"ReadAction\",\"target\":[\"https:\/\/barcainnovationhub.com\/ca\/masters\/\"]}]},{\"@type\":\"BreadcrumbList\",\"@id\":\"https:\/\/barcainnovationhub.com\/ca\/masters\/#breadcrumb\",\"itemListElement\":[{\"@type\":\"ListItem\",\"position\":1,\"name\":\"Portada\",\"item\":\"https:\/\/barcainnovationhub.com\/ca\/\"},{\"@type\":\"ListItem\",\"position\":2,\"name\":\"Masters\"}]}]}<\/script>\n<!-- \/ Yoast SEO plugin. -->","acf":{"contenido":[{"imagen":"https:\/\/barcainnovationhub.com\/wp-content\/uploads\/2019\/09\/57ea443f-1.jpg","logo":"https:\/\/barcainnovationhub.com\/wp-content\/uploads\/2019\/09\/021621b5-3c450358-18cdfe58-logo_universidad_barcelona_nuevo2.png","titulo":"M\u00e0ster Universitari en Medicina en Esports d\u2019Equip","url":"https:\/\/barcainnovationhub.com\/ca\/master\/master-in-team-sports-medicine\/"},{"imagen":"https:\/\/barcainnovationhub.com\/wp-content\/uploads\/2019\/09\/2dc92855-2.png","logo":"https:\/\/barcainnovationhub.com\/wp-content\/uploads\/2019\/09\/12f8b4fa-56ebfe2a-71e88a2c-logo_universidad_barcelona_nuevo2.png","titulo":"M\u00e0ster Universitari en Fisioter\u00e0pia dels Esports d\u2019Equip","url":"https:\/\/barcainnovationhub.com\/ca\/master\/master-in-physiotherapy-for-team-sports\/"},{"imagen":"https:\/\/barcainnovationhub.com\/wp-content\/uploads\/2019\/09\/adb082ef-3.png","logo":"https:\/\/barcainnovationhub.com\/wp-content\/uploads\/2019\/09\/279a5ae1-b879ad33-logo-johan-cruyff-institute-v02-1.png","titulo":"M\u00e0ster en Futbol","url":"https:\/\/barcainnovationhub.com\/ca\/master\/master-in-football-business\/"},{"imagen":"https:\/\/barcainnovationhub.com\/wp-content\/uploads\/2019\/09\/cedf0a79-4.png","logo":"https:\/\/barcainnovationhub.com\/wp-content\/uploads\/2019\/09\/44d8384c-61eb003e-27f80321-logo_isdegrado_2018.png","titulo":" M\u00e0ster en Gesti\u00f3 Esportiva i Habilitats Jur\u00eddiques","url":"https:\/\/barcainnovationhub.com\/ca\/master\/master-en-administracion-y-direccion-del-futbol-semipresencial-1\/"},{"imagen":"https:\/\/barcainnovationhub.com\/wp-content\/uploads\/2019\/09\/b8d5f827-5.jpg","logo":"https:\/\/barcainnovationhub.com\/wp-content\/uploads\/2019\/09\/0d2fdbe9-5aa9b4a2-logo-inefc_black.png","titulo":" M\u00e0ster Professional en Futbol","url":"https:\/\/barcainnovationhub.com\/ca\/master\/professional-master-in-football\/"},{"imagen":"https:\/\/barcainnovationhub.com\/wp-content\/uploads\/2019\/09\/7c0c2240-6.jpg","logo":"https:\/\/barcainnovationhub.com\/wp-content\/uploads\/2019\/09\/44d8384c-61eb003e-27f80321-logo_isdegrado_2018.png","titulo":" M\u00e0ster Global en Gesti\u00f3 Esportiva i Habilitats Jur\u00eddiques","url":"https:\/\/barcainnovationhub.com\/ca\/master\/global-master-in-sports-management-and-legal-skills\/"},{"imagen":"https:\/\/barcainnovationhub.com\/wp-content\/uploads\/2019\/09\/01983bb5-7.png","logo":"https:\/\/barcainnovationhub.com\/wp-content\/uploads\/2019\/09\/0d2fdbe9-5aa9b4a2-logo-inefc_black.png","titulo":" M\u00e0ster Professional en Alt Rendiment en Esports d\u2019Equip","url":"https:\/\/barcainnovationhub.com\/ca\/master\/professional-master-in-high-performance-in-team-sports\/"},{"imagen":"https:\/\/static.capabiliaserver.com\/frontend\/clients\/barca\/wp_prod\/wp-content\/uploads\/2020\/05\/a7ba2879-ad36328a-master-tecnologia.jpg","logo":"https:\/\/barcainnovationhub.com\/wp-content\/uploads\/2020\/04\/4b4bc8a6-enti.png","titulo":"M\u00e0ster en Ci\u00e8ncia i Tecnologia en Futbol","url":"https:\/\/barcainnovationhub.com\/ca\/master\/master-en-ciencia-i-tecnologia-en-futbol\/"},{"imagen":false,"logo":"https:\/\/barcainnovationhub.com\/wp-content\/uploads\/2020\/05\/3a0fdbe2-euses.png","titulo":"M\u00e0ster En Readaptaci\u00f3 A L\u2019activitat F\u00edsica I La Competici\u00f3 Esportiva \u2013 Barcelona","url":"https:\/\/barcainnovationhub.com\/ca\/master\/master-en-readaptacio-a-lactivitat-fisica-i-la-competicio-esportiva-barcelona\/"},{"imagen":false,"logo":"https:\/\/barcainnovationhub.com\/wp-content\/uploads\/2020\/05\/3a0fdbe2-euses.png","titulo":"M\u00e0ster En Readaptaci\u00f3 A L\u2019activitat F\u00edsica I La Competici\u00f3 Esportiva \u2013 Salt, Girona","url":"https:\/\/barcainnovationhub.com\/ca\/master\/master-en-readaptacio-a-lactivitat-fisica-i-la-competicio-esportiva-salt-girona\/"},{"imagen":"https:\/\/barcainnovationhub.com\/wp-content\/uploads\/2020\/05\/26d64df8-vo190717a24483.jpg","logo":"https:\/\/barcainnovationhub.com\/wp-content\/uploads\/2020\/05\/1e7d8c59-upc-positiu-p3005.png","titulo":"Postgrau En Sports Analytics","url":"https:\/\/barcainnovationhub.com\/ca\/master\/postgrau-en-sports-analytics\/"}]},"_links":{"self":[{"href":"https:\/\/barcainnovationhub.com\/ca\/wp-json\/wp\/v2\/pages\/37845"}],"collection":[{"href":"https:\/\/barcainnovationhub.com\/ca\/wp-json\/wp\/v2\/pages"}],"about":[{"href":"https:\/\/barcainnovationhub.com\/ca\/wp-json\/wp\/v2\/types\/page"}],"author":[{"embeddable":true,"href":"https:\/\/barcainnovationhub.com\/ca\/wp-json\/wp\/v2\/users\/1"}],"replies":[{"embeddable":true,"href":"https:\/\/barcainnovationhub.com\/ca\/wp-json\/wp\/v2\/comments?post=37845"}],"version-history":[{"count":5,"href":"https:\/\/barcainnovationhub.com\/ca\/wp-json\/wp\/v2\/pages\/37845\/revisions"}],"predecessor-version":[{"id":61017,"href":"https:\/\/barcainnovationhub.com\/ca\/wp-json\/wp\/v2\/pages\/37845\/revisions\/61017"}],"wp:attachment":[{"href":"https:\/\/barcainnovationhub.com\/ca\/wp-json\/wp\/v2\/media?parent=37845"}],"wp:term":[{"taxonomy":"category","embeddable":true,"href":"https:\/\/barcainnovationhub.com\/ca\/wp-json\/wp\/v2\/categories?post=37845"},{"taxonomy":"post_tag","embeddable":true,"href":"https:\/\/barcainnovationhub.com\/ca\/wp-json\/wp\/v2\/tags?post=37845"}],"curies":[{"name":"wp","href":"https:\/\/api.w.org\/{rel}","templated":true}]}}