{"id":61693,"date":"2020-06-05T15:18:43","date_gmt":"2020-06-05T18:18:43","guid":{"rendered":"https:\/\/barcainnovationhub.com\/?page_id=61693"},"modified":"2020-07-17T15:58:56","modified_gmt":"2020-07-17T18:58:56","slug":"professional-update-center","status":"publish","type":"page","link":"https:\/\/barcainnovationhub.com\/ca\/professional-update-center\/","title":{"rendered":"Professional Update Center"},"content":{"rendered":"","protected":false},"excerpt":{"rendered":"","protected":false},"author":1,"featured_media":0,"parent":0,"menu_order":266,"comment_status":"closed","ping_status":"closed","template":"page-templates\/new-update-center.php","meta":[],"categories":[],"tags":[],"yoast_head":"<!-- This site is optimized with the Yoast SEO plugin v16.6.1 - https:\/\/yoast.com\/wordpress\/plugins\/seo\/ -->\n<meta name=\"description\" content=\"Subscriviu-vos al Professional Update Center i obteniu acc\u00e9s de 6 mesos a contingut exclusiu sobre les darreres tend\u00e8ncies i innovacions en l\u2019esport.\" \/>\n<meta name=\"robots\" content=\"index, follow, max-snippet:-1, max-image-preview:large, max-video-preview:-1\" \/>\n<link rel=\"canonical\" href=\"https:\/\/barcainnovationhub.com\/ca\/professional-update-center\/\" \/>\n<meta property=\"og:locale\" content=\"ca_ES\" \/>\n<meta property=\"og:type\" content=\"article\" \/>\n<meta property=\"og:title\" content=\"Professional Update Center - Bar\u00e7a Innovation Hub\" \/>\n<meta property=\"og:description\" content=\"Subscriviu-vos al Professional Update Center i obteniu acc\u00e9s de 6 mesos a contingut exclusiu sobre les darreres tend\u00e8ncies i innovacions en l\u2019esport.\" \/>\n<meta property=\"og:url\" content=\"https:\/\/barcainnovationhub.com\/ca\/professional-update-center\/\" \/>\n<meta property=\"og:site_name\" content=\"Bar\u00e7a Innovation Hub\" \/>\n<meta property=\"article:publisher\" content=\"https:\/\/www.facebook.com\/fcbuniversitas\" \/>\n<meta property=\"article:modified_time\" content=\"2020-07-17T18:58:56+00:00\" \/>\n<meta name=\"twitter:card\" content=\"summary\" \/>\n<meta name=\"twitter:site\" content=\"@BarcaInnoHub\" \/>\n<script type=\"application\/ld+json\" class=\"yoast-schema-graph\">{\"@context\":\"https:\/\/schema.org\",\"@graph\":[{\"@type\":\"WebSite\",\"@id\":\"https:\/\/barcainnovationhub.com\/#website\",\"url\":\"https:\/\/barcainnovationhub.com\/\",\"name\":\"Bar\\u00e7a Innovation Hub\",\"description\":\"The worldwide centre for sports knowledge and innovation\",\"potentialAction\":[{\"@type\":\"SearchAction\",\"target\":{\"@type\":\"EntryPoint\",\"urlTemplate\":\"https:\/\/barcainnovationhub.com\/?s={search_term_string}\"},\"query-input\":\"required name=search_term_string\"}],\"inLanguage\":\"ca\"},{\"@type\":\"WebPage\",\"@id\":\"https:\/\/barcainnovationhub.com\/ca\/professional-update-center\/#webpage\",\"url\":\"https:\/\/barcainnovationhub.com\/ca\/professional-update-center\/\",\"name\":\"Professional Update Center - Bar\\u00e7a Innovation Hub\",\"isPartOf\":{\"@id\":\"https:\/\/barcainnovationhub.com\/#website\"},\"datePublished\":\"2020-06-05T18:18:43+00:00\",\"dateModified\":\"2020-07-17T18:58:56+00:00\",\"description\":\"Subscriviu-vos al Professional Update Center i obteniu acc\\u00e9s de 6 mesos a contingut exclusiu sobre les darreres tend\\u00e8ncies i innovacions en l\\u2019esport.\",\"breadcrumb\":{\"@id\":\"https:\/\/barcainnovationhub.com\/ca\/professional-update-center\/#breadcrumb\"},\"inLanguage\":\"ca\",\"potentialAction\":[{\"@type\":\"ReadAction\",\"target\":[\"https:\/\/barcainnovationhub.com\/ca\/professional-update-center\/\"]}]},{\"@type\":\"BreadcrumbList\",\"@id\":\"https:\/\/barcainnovationhub.com\/ca\/professional-update-center\/#breadcrumb\",\"itemListElement\":[{\"@type\":\"ListItem\",\"position\":1,\"name\":\"Portada\",\"item\":\"https:\/\/barcainnovationhub.com\/ca\/\"},{\"@type\":\"ListItem\",\"position\":2,\"name\":\"Professional Update Center\"}]}]}<\/script>\n<!-- \/ Yoast SEO plugin. -->","acf":{"puc_hero_imagen_header":"https:\/\/barcainnovationhub.com\/wp-content\/uploads\/2020\/06\/d3512524-bg-puc.jpg","puc_hero_title":"","puc_hero_subtitle":"","puc_hero_cta_texto":"","puc_hero_cta_destino":"","puc_n_areas_two_cards":false,"puc_n_areas_miniboxes_title":"","puc_n_areas_miniboxes":false,"puc_oferta_card":true,"puc_oferta_text":"","puc_oferta_card_titulo":"","puc_oferta_card_subtitulo":"","puc_oferta_card_cta_destino":"","puc_oferta_card_cta_text":"","productos_titulo":"O aconsegueix nom\u00e9s el contingut que t'interessa","puc_productos_section":[{"producto_izquierdo":true,"producto_izquierdo_titulo":"High-Performance Nutritional Cuisine: Practical Recipes for Football","producto_izquierdo_img":"https:\/\/barcainnovationhub.com\/wp-content\/uploads\/2020\/06\/eda203ba-fcb-high-performance-nutritional-cuisine-portada.jpg","producto_izquierdo_paginas":"66 p\u00e0gines","producto_izquierdo_idioma":"Idioma: angl\u00e8s","producto_izquierdo_editors":"Maria Antonia Lizarraga, Mireia Porta, Franchek Drobnic, Ian Rollo, Montse Illan i Xavier Torrado ","producto_izquierdo_section_leaders":"","producto_izquierdo_contenido":"Realitzat pel Departament de Nutrici\u00f3 del FC Barcelona conjuntament amb l'Institut Gatorade de Ci\u00e8ncies de l'Esport i la Universitat de Barcelona. Aquest llibre de cuina reuneix 25 receptes d'alt rendiment en termes de gastronomia, nutrici\u00f3 i esport. Les receptes es presenten acompanyades amb s\u00edmbols per ajudar-te a entendre de manera r\u00e0pida i f\u00e0cil com posar-les en pr\u00e0ctica.  ","producto_izquierdo_precio_tachado":"","producto_izquierdo_precio_final":"70","producto_izquierdo_cta_destino":"https:\/\/barcainnovationhub.com\/dpa\/add\/tocart\/id\/356","producto_izquierdo_cta_texto":"ACONSEGUEIX AQUESTA GUIA","producto_derecho":true,"producto_derecho_titulo":"Football Analytics: Now and Beyond - A deep dive into the current state of advanced data analytics","producto_derecho_img":"https:\/\/barcainnovationhub.com\/wp-content\/uploads\/2020\/06\/ba8b34aa-fcb-football-analytics-now-and-beyond-portada.jpg","producto_derecho_paginas":"189 p\u00e0gines ","producto_derecho_idioma":"Idioma: angl\u00e8s","producto_derecho_editors":"EDITORS: Angel Ric, Ra\u00fal Pel\u00e1ez ","producto_derecho_section_leaders":"L\u00cdDERS DE SECCI\u00d3: Julen Castellano, Nicolas Evans, Javier Fern\u00e1ndez, Daniel Link, Lucca Pappalardo, Daniel Memmert, Sam Robertson, Jaime Sampaio, Manuel Stein, Jan Van Haaren","producto_derecho_contenido":"\u00c9s important que els cient\u00edfics esportius treballin molt de prop amb els esportistes i entrenadors per entendre els problemes que afronten en prendre decisions basades en la incertesa i la necessitat de respondre immediatament a una s\u00e8rie d'esdeveniments. El desafiament \u00e9s processar dades i transformar aquestes observacions en coneixement i aquest coneixement en respostes. La publicaci\u00f3 explora i explica la situaci\u00f3 actual de l'an\u00e0lisi del futbol per encoratjar la gent del m\u00f3n sencer a ingressar en aquest nou i excitant esfor\u00e7 esportiu per aplicar les dades al futbol. ","producto_derecho_precio_tachado":"","producto_derecho_precio_final":"70","producto_derecho_cta_destino":"https:\/\/barcainnovationhub.com\/dpa\/add\/tocart\/id\/357","producto_derecho_cta_texto":"ACONSEGUEIX AQUESTA GUIA"},{"producto_izquierdo":true,"producto_izquierdo_titulo":"Sports Nutrition for Football: An Evidence-based Guide for Nutrition Practice at FC Barcelona","producto_izquierdo_img":"https:\/\/barcainnovationhub.com\/wp-content\/uploads\/2020\/06\/efb69ffe-fcb-sports-nutrition-for-football-portada.jpg","producto_izquierdo_paginas":"147 p\u00e0gines ","producto_izquierdo_idioma":"Idioma: angl\u00e8s ","producto_izquierdo_editors":"Ian Rollo, Asker Jeukendrup, James Carter, Ma Antonia Lizarraga, Franchek Drobnic, C. Daniel Media Leal ","producto_izquierdo_section_leaders":"","producto_izquierdo_contenido":"L'objectiu del present llibre \u00e9s resumir l'evid\u00e8ncia en qu\u00e8 es basen les recomanacions nutritives del FC Barcelona. Tota la informaci\u00f3 est\u00e0 reunida a partir d'investigacions revisades per col\u00b7laboradors i articles de revisi\u00f3, aix\u00ed com declaracions de consens d'experts. Aquest llibre resumeix els principals punts de vista i emfasitza les noves troballes (amb refer\u00e8ncies a les publicacions m\u00e9s recents). No \u00e9s una revisi\u00f3 integral de la bibliografia, sin\u00f3 un resum del pensament actual. ","producto_izquierdo_precio_tachado":"","producto_izquierdo_precio_final":"70","producto_izquierdo_cta_destino":"https:\/\/barcainnovationhub.com\/dpa\/add\/tocart\/id\/358","producto_izquierdo_cta_texto":"ACONSEGUEIX AQUESTA GUIA","producto_derecho":true,"producto_derecho_titulo":"Muscle Injury Guide: Prevention of and Return to Play from Muscle Injuries","producto_derecho_img":"https:\/\/barcainnovationhub.com\/wp-content\/uploads\/2020\/06\/931b39b6-fcb-muscle-injury-guide-portada.jpg","producto_derecho_paginas":"203 p\u00e0gines ","producto_derecho_idioma":"Idioma: angl\u00e8s ","producto_derecho_editors":"EDITORS: Ricard Pruna, Thor Einar Andersen, Ben Clarsen, Alan McCall ","producto_derecho_section_leaders":"","producto_derecho_contenido":"Al FC Barcelona creiem que la creaci\u00f3, integraci\u00f3 i lliurament d'un programa m\u00e8dic i de rendiment efica\u00e7 i eficient requereix d\u2019un enfocament basat en l'evid\u00e8ncia, fent servir el millor coneixement d'investigaci\u00f3 combinat amb els nostres anys d'experi\u00e8ncia pr\u00e0ctica. Tamb\u00e9 creiem fortament en compartir el nostre coneixement i les nostres experi\u00e8ncies entre la comunitat del futbol i els esports a nivell mundial. Aquesta guia apunta a proporcionar alguns ingredients claus que podr\u00e0s adaptar i integrar apropiadament en la seva pr\u00e0ctica. ","producto_derecho_precio_tachado":"","producto_derecho_precio_final":"70","producto_derecho_cta_destino":"https:\/\/barcainnovationhub.com\/dpa\/add\/tocart\/id\/360","producto_derecho_cta_texto":"ACONSEGUEIX AQUESTA GUIA"}],"active_faqs":true,"titulo_faqs":"Preguntes freq\u00fcents","puc_faqs":[{"titulo_pregunta":"Qu\u00e8 \u00e9s Professional Update Center?","contenido_pregunta":"Professional Update Center \u00e9s un servei en l\u00ednia que permet als nostres subscriptors accedir a una \u00e0mplia varietat de c\u00e0psules de contingut relacionades amb les \u00e0rees de coneixement de Bar\u00e7a Innovation Hub, mitjan\u00e7ant dispositius connectats a Internet (ordinador, tauleta t\u00e0ctil o smartphone). "},{"titulo_pregunta":"En qu\u00e8 consisteixen les c\u00e0psules de contingut de Professional Update Center? ","contenido_pregunta":"Les c\u00e0psules de contingut de Professional Update Center es troben emmarcades dins de les \u00e0rees de coneixement de Bar\u00e7a Innovation Hub. Consisteixen en guies pr\u00e0ctiques, presentacions, dissertacions d'experts, articles originals sobre investigaci\u00f3 aplicada, casos cl\u00ednics, articles editorials, articles de consens i d'altres, desenvolupats per l'equip de Bar\u00e7a Innovation Hub i els diferents serveis del FC Barcelona, aix\u00ed com tamb\u00e9 per professionals d'universitats i centres de recerca de tot el m\u00f3n. El contingut de Professional Update Center pot canviar amb el temps. Segons el seu format, alguns continguts tenen l\u2019opci\u00f3 de desc\u00e0rrega, pel que podr\u00e0s llegir-los all\u00e0 on siguis i quan no disposis de connexi\u00f3 a Internet."},{"titulo_pregunta":"Cada quant es renova el contingut a Professional Update Center? ","contenido_pregunta":"El volum de c\u00e0rrega o actualitzaci\u00f3 de Professional Update Center no t\u00e9 una cad\u00e8ncia preestablerta. Procurem actualitzar i posar a disposici\u00f3 de l\u2019usuari noves c\u00e0psules de contingut cont\u00ednuament."},{"titulo_pregunta":"En quin idioma es troba el contingut de Professional Update Center? ","contenido_pregunta":"El contingut disponible a Professional Update Center es troba nom\u00e9s en l'idioma original en qu\u00e8 va realitzar-se aquest. Actualment, la majoria del contingut disponible es troba originalment en angl\u00e8s."},{"titulo_pregunta":"En cas de subscriure'm a Professional Update Center, puc accedir a les c\u00e0psules de contingut que es venen de manera individual? ","contenido_pregunta":"En subscriure't a Professional Update Center, tamb\u00e9 tindr\u00e0s acc\u00e9s a les c\u00e0psules de contingut que puguin estar disponibles per a la seva venda per separat. "},{"titulo_pregunta":"Quins s\u00f3n els plans de subscripci\u00f3 disponibles? ","contenido_pregunta":"Professional Update Center disposa d'una opci\u00f3 de subscripci\u00f3 semestral que inclou l'acc\u00e9s il\u00b7limitat, durant aquests 6 mesos, a tot el contingut disponible des de qualsevol ordinador, tauleta t\u00e0ctil o smartphone amb connexi\u00f3 a Internet. Com a subscriptor de Professional Update Center, se't cobrar\u00e0 una \u00fanica vegada, el dia que et vas subscriure originalment. "},{"titulo_pregunta":"Quant temps dura la subscripci\u00f3 a Professional Update Center? ","contenido_pregunta":"La subscripci\u00f3 a Professional Update Center t\u00e9 una durada de 6 mesos, contats a partir de la data de pagament de la subscripci\u00f3."},{"titulo_pregunta":"Quins s\u00f3n els requisits necessaris que he de complir per poder subscriure'm a Professional Update Center? ","contenido_pregunta":"Per poder visualitzar el contingut de Professional Update Center, has de tenir acc\u00e9s a internet i un dispositiu (ordinador, tauleta t\u00e0ctil o smartphone), i haver abonat la subscripci\u00f3 de manera efectiva."},{"titulo_pregunta":"La subscripci\u00f3 es paga una \u00fanica vegada o s'abona mensualment? ","contenido_pregunta":"La condici\u00f3 de membre dels usuaris de Professional Update Center es cobrar\u00e0 autom\u00e0ticament i per \u00fanica vegada el dia en qu\u00e8 es subscriuen al servei, a trav\u00e9s de les formes de pagament disponibles al carret\u00f3 de compra. Si el pagament no es pogu\u00e9s realitzar satisfact\u00f2riament, es suspendr\u00e0 el teu acc\u00e9s a Professional Update Center fins que puguem obtenir una forma de pagament v\u00e0lida. Per a algunes formes de pagament, l'emissor pot cobrar certs c\u00e0rrecs, com ara c\u00e0rrecs de transacci\u00f3 estrangera o d'altres c\u00e0rrecs relacionats amb el processament de la teva forma de pagament. Els impostos locals varien d'acord amb la forma de pagament usada. Consulta amb el prove\u00efdor de serveis de la teva forma de pagament per obtenir-ne m\u00e9s informaci\u00f3. "},{"titulo_pregunta":"Puc cancel\u00b7lar la meva subscripci\u00f3 a Professional Update Center? ","contenido_pregunta":"Pots cancel\u00b7lar la teva condici\u00f3 de membre en qualsevol moment. Has de tenir en compte que el pagament no \u00e9s reemborsable i no s'atorgaran reemborsaments ni cr\u00e8dits pels per\u00edodes de condici\u00f3 de membre utilitzats parcialment o pel contingut que no hagis vist. Per cancel\u00b7lar, comunica't amb nosaltres a trav\u00e9s del Centre de Servei. Si cancel\u00b7les la teva condici\u00f3 de membre, el teu acc\u00e9s a Professional Update Center s'inhabilitar\u00e0 autom\u00e0ticament."},{"titulo_pregunta":"Una vegada finalitzats els 6 mesos, puc renovar la meva subscripci\u00f3?","contenido_pregunta":"Una vegada finalitzat el teu per\u00edode de subscripci\u00f3, tindr\u00e0s la possibilitat de renovar la teva subscripci\u00f3 pel mateix per\u00edode. El procediment per abonar aquest nou per\u00edode \u00e9s el mateix que l'efectuat en subscriure't per primera vegada, podent ingressar el mateix m\u00e8tode de pagament o un altre de la teva prefer\u00e8ncia. De tota manera, quan s\u2019apropi la data de finalitzaci\u00f3 de la teva subscripci\u00f3 a Professional Update Center te\u2019n notificarem."}]},"_links":{"self":[{"href":"https:\/\/barcainnovationhub.com\/ca\/wp-json\/wp\/v2\/pages\/61693"}],"collection":[{"href":"https:\/\/barcainnovationhub.com\/ca\/wp-json\/wp\/v2\/pages"}],"about":[{"href":"https:\/\/barcainnovationhub.com\/ca\/wp-json\/wp\/v2\/types\/page"}],"author":[{"embeddable":true,"href":"https:\/\/barcainnovationhub.com\/ca\/wp-json\/wp\/v2\/users\/1"}],"replies":[{"embeddable":true,"href":"https:\/\/barcainnovationhub.com\/ca\/wp-json\/wp\/v2\/comments?post=61693"}],"version-history":[{"count":4,"href":"https:\/\/barcainnovationhub.com\/ca\/wp-json\/wp\/v2\/pages\/61693\/revisions"}],"predecessor-version":[{"id":66127,"href":"https:\/\/barcainnovationhub.com\/ca\/wp-json\/wp\/v2\/pages\/61693\/revisions\/66127"}],"wp:attachment":[{"href":"https:\/\/barcainnovationhub.com\/ca\/wp-json\/wp\/v2\/media?parent=61693"}],"wp:term":[{"taxonomy":"category","embeddable":true,"href":"https:\/\/barcainnovationhub.com\/ca\/wp-json\/wp\/v2\/categories?post=61693"},{"taxonomy":"post_tag","embeddable":true,"href":"https:\/\/barcainnovationhub.com\/ca\/wp-json\/wp\/v2\/tags?post=61693"}],"curies":[{"name":"wp","href":"https:\/\/api.w.org\/{rel}","templated":true}]}}