{"id":84533,"date":"2021-01-27T15:28:42","date_gmt":"2021-01-27T18:28:42","guid":{"rendered":"https:\/\/barcainnovationhub.com\/?page_id=84533"},"modified":"2022-01-19T11:26:04","modified_gmt":"2022-01-19T14:26:04","slug":"coaches-academy-2","status":"publish","type":"page","link":"https:\/\/barcainnovationhub.com\/ca\/coaches-academy-2\/","title":{"rendered":"Coaches Academy II"},"content":{"rendered":"","protected":false},"excerpt":{"rendered":"","protected":false},"author":23,"featured_media":0,"parent":0,"menu_order":161,"comment_status":"closed","ping_status":"closed","template":"page-templates\/coach-academy-landing-program-template.php","meta":[],"categories":[],"tags":[],"yoast_head":"<!-- This site is optimized with the Yoast SEO plugin v16.6.1 - https:\/\/yoast.com\/wordpress\/plugins\/seo\/ -->\n<meta name=\"robots\" content=\"index, follow, max-snippet:-1, max-image-preview:large, max-video-preview:-1\" \/>\n<link rel=\"canonical\" href=\"https:\/\/barcainnovationhub.com\/ca\/coaches-academy-2\/\" \/>\n<meta property=\"og:locale\" content=\"ca_ES\" \/>\n<meta property=\"og:type\" content=\"article\" \/>\n<meta property=\"og:title\" content=\"Coaches Academy II\" \/>\n<meta property=\"og:url\" content=\"https:\/\/barcainnovationhub.com\/ca\/coaches-academy-2\/\" \/>\n<meta property=\"og:site_name\" content=\"Bar\u00e7a Innovation Hub\" \/>\n<meta property=\"article:publisher\" content=\"https:\/\/www.facebook.com\/fcbuniversitas\" \/>\n<meta property=\"article:modified_time\" content=\"2022-01-19T14:26:04+00:00\" \/>\n<meta property=\"og:image\" content=\"https:\/\/barcainnovationhub.com\/wp-content\/uploads\/2021\/12\/50ee0350-coaches-academy-ii.jpg\" \/>\n\t<meta property=\"og:image:width\" content=\"1200\" \/>\n\t<meta property=\"og:image:height\" content=\"1200\" \/>\n<meta name=\"twitter:card\" content=\"summary\" \/>\n<meta name=\"twitter:title\" content=\"Coaches Academy II\" \/>\n<meta name=\"twitter:image\" content=\"https:\/\/barcainnovationhub.com\/wp-content\/uploads\/2021\/12\/50ee0350-coaches-academy-ii.jpg\" \/>\n<meta name=\"twitter:site\" content=\"@BarcaInnoHub\" \/>\n<script type=\"application\/ld+json\" class=\"yoast-schema-graph\">{\"@context\":\"https:\/\/schema.org\",\"@graph\":[{\"@type\":\"WebSite\",\"@id\":\"https:\/\/barcainnovationhub.com\/#website\",\"url\":\"https:\/\/barcainnovationhub.com\/\",\"name\":\"Bar\\u00e7a Innovation Hub\",\"description\":\"The worldwide centre for sports knowledge and innovation\",\"potentialAction\":[{\"@type\":\"SearchAction\",\"target\":{\"@type\":\"EntryPoint\",\"urlTemplate\":\"https:\/\/barcainnovationhub.com\/?s={search_term_string}\"},\"query-input\":\"required name=search_term_string\"}],\"inLanguage\":\"ca\"},{\"@type\":\"ImageObject\",\"@id\":\"https:\/\/barcainnovationhub.com\/ca\/coaches-academy-2\/#primaryimage\",\"inLanguage\":\"ca\",\"url\":\"https:\/\/barcainnovationhub.com\/wp-content\/uploads\/2021\/12\/50ee0350-coaches-academy-ii.jpg\",\"contentUrl\":\"https:\/\/barcainnovationhub.com\/wp-content\/uploads\/2021\/12\/50ee0350-coaches-academy-ii.jpg\",\"width\":1200,\"height\":1200},{\"@type\":\"WebPage\",\"@id\":\"https:\/\/barcainnovationhub.com\/ca\/coaches-academy-2\/#webpage\",\"url\":\"https:\/\/barcainnovationhub.com\/ca\/coaches-academy-2\/\",\"name\":\"Coaches Academy II - Bar\\u00e7a Innovation Hub\",\"isPartOf\":{\"@id\":\"https:\/\/barcainnovationhub.com\/#website\"},\"datePublished\":\"2021-01-27T18:28:42+00:00\",\"dateModified\":\"2022-01-19T14:26:04+00:00\",\"breadcrumb\":{\"@id\":\"https:\/\/barcainnovationhub.com\/ca\/coaches-academy-2\/#breadcrumb\"},\"inLanguage\":\"ca\",\"potentialAction\":[{\"@type\":\"ReadAction\",\"target\":[\"https:\/\/barcainnovationhub.com\/ca\/coaches-academy-2\/\"]}]},{\"@type\":\"BreadcrumbList\",\"@id\":\"https:\/\/barcainnovationhub.com\/ca\/coaches-academy-2\/#breadcrumb\",\"itemListElement\":[{\"@type\":\"ListItem\",\"position\":1,\"name\":\"Portada\",\"item\":\"https:\/\/barcainnovationhub.com\/ca\/\"},{\"@type\":\"ListItem\",\"position\":2,\"name\":\"Coaches Academy II\"}]}]}<\/script>\n<!-- \/ Yoast SEO plugin. -->","acf":{"id_magento":"374","external_id":"1406","hubspot_product_id":"542480990","idioma":"CASTELL\u00c0 - ANGL\u00c9S","fecha_de_inicio":"10\/02\/2022","precio":"625","brochure":{"ID":112542,"id":112542,"title":"Coaches Academy II","filename":"a92530f3-coaches-academy-ii.pdf","filesize":0,"url":"https:\/\/static.capabiliaserver.com\/frontend\/clients\/barca\/wp_prod\/wp-content\/uploads\/2021\/12\/a92530f3-coaches-academy-ii.pdf","link":"https:\/\/barcainnovationhub.com\/ca\/coaches-academy-2\/coaches-academy-ii\/","alt":"","author":"33","description":"","caption":"","name":"coaches-academy-ii","status":"inherit","uploaded_to":84533,"date":"2021-12-02 17:48:18","modified":"2021-12-02 17:48:18","menu_order":0,"mime_type":"application\/pdf","type":"application","subtype":"pdf","icon":"https:\/\/barcainnovationhub.com\/wp-includes\/images\/media\/document.png"},"header":{"background":"https:\/\/barcainnovationhub.com\/wp-content\/uploads\/2021\/11\/8bb7518d-coaches-academy-ii-1-scaled.jpg","titulo":"COACHES ACADEMY II","nivel":""},"descripcion":{"titulo":"AL LLARG DEL CURS EL PARTICIPANT TROBAR\u00c0 UNA EVOLUCI\u00d3 DE LES TEORIES DEL PROC\u00c9S D'APRENENTATGE, INSISTINT EN LA RELACI\u00d3 ENTRENADOR-JUGADOR, COMPRESES NO COM UNA FORMACI\u00d3 UNIDIRECCIONAL I DE PROFESSOR A ALUMNE, SIN\u00d3 COM UN INTERCANVI BIDIRECCIONAL ON TOTS DOS INTERACCIONEN I ACORDEN INTENCIONS I FOCALITZACIONS EN LA PR\u00c0CTICA. AQUEST INTERCANVI COMPR\u00c8N DES DEL FEEDBACK FINS AL DISSENY DE SITUACIONS SIMULADORES PREFERENCIALS ESPEC\u00cdFIQUES, MASSIVES, VARIABLES I EN CONTINU\u00cfTAT, MITJAN\u00c7ANT L'\u00daS DE CONSTRENYIMENTS.","detalles":"Al llarg dels anys el futbol ha anat evolucionant tant en la seva din\u00e0mica de joc com l'\u00fas i comprensi\u00f3 de les ci\u00e8ncies en les que s'han basat els diferents agents, especialment entrenadors, per donar suport a les accions que pretenien l'optimitzaci\u00f3 del joc i dels seus jugadors. Inicialment, es va basar en l'aplicaci\u00f3 de teories generals de l'entrenament, basades en les ci\u00e8ncies cl\u00e0ssiques (mecanicistes, conductistes, etc.), per als dissenys d'entrenament provinents dels esports individuals. No obstant aix\u00f2, l'\u00e9sser hum\u00e0 esportista es va veure \"obligat\" a adaptar-se a contextos de joc i escenaris, no nom\u00e9s relacionats amb les necessitats t\u00e8cniques i t\u00e0ctiques del joc, sin\u00f3 tamb\u00e9 amb la manera d'aprendre\u2019l i d\u2019interpretar-lo (entrenar-lo).<br><br>Aquest programa indaga sobre una nova mirada respecte als processos de conformaci\u00f3 dels esportistes immersos en el futbol, on s'hi inclouen teories que es sustenten en les ci\u00e8ncies actuals (sistemes din\u00e0mics complexos, teoria ecol\u00f2gica, etc.), les quals han demostrat ser un vehicle interessant a l'hora de generar nous dissenys de pr\u00e0ctiques d'entrenament. En aquest sentit, s'ajusten a les necessitats coordinatives individuals i col\u2022lectives, atorgant a l'entrenador la possibilitat d'incorporar eines pedag\u00f2giques amb la finalitat de despertar la curiositat i l\u2019inter\u00e8s del jugador pel joc. "},"dirigido":{"titulo":"DIRIGIT A","detalles":"ENTRENADORS I T\u00c8CNICS ESPORTIUS\r\n<br><br>\r\nPREPARADORS F\u00cdSICS\r\n<br><br>\r\nCOACHES ACAD\u00c8MICS\r\n<br><br>\r\nMONITORS ESPORTIUS"},"aprende":{"titulo":"APR\u00c8N A","detalles":"Entendre el sistema de pr\u00e0ctica i competici\u00f3 com un tot, per tal d\u2019integrar tots els elements i factors que intervenen en el proc\u00e9s. \r\n<br><br>\r\nPrendre auto-consci\u00e8ncia com a entrenadors de la informaci\u00f3 de la qual disposem al nostre entorn de pr\u00e0ctica i competici\u00f3, per poder optimitzar el nostre intercanvi pedag\u00f2gic. \r\n<br><br>\r\nCon\u00e8ixer les condicions \u00f2ptimes de l'entorn d'aprenentatge per poder optimitzar el jugador. \r\n<br><br>\r\nUtilitzar el feedback de v\u00eddeo als entorns de pr\u00e0ctica com a recurs indispensable de l'aprenentatge motor i desenvolupar l'auto-coneixement."},"expertos":[{"nombre":"Paco Seirul\u2022lo ","descripcion":"Director de l'\u00c0rea de Metodologia del FC Barcelona. ","foto":"https:\/\/barcainnovationhub.com\/wp-content\/uploads\/2019\/11\/82f8167e-c97cdcd6-2d75bdaf-paco-seirul-lo-150x150.jpg"},{"nombre":"Isaac Guerrero","descripcion":"Director Adjunt de l'\u00c0rea de Metodologia del FC Barcelona.","foto":"https:\/\/static.capabiliaserver.com\/frontend\/clients\/barca\/wp_prod\/wp-content\/uploads\/2019\/11\/5f383b20-7014c74f-2a270bf4-isaac-guerrero_150x150-150x149.jpg"},{"nombre":"Xavier Damunt ","descripcion":"Responsable de Desenvolupament T\u00e8cnic i Innovaci\u00f3 Metodol\u00f2gica de l'\u00c0rea de Metodologia del FC Barcelona. ","foto":"https:\/\/static.capabiliaserver.com\/frontend\/clients\/barca\/wp_prod\/wp-content\/uploads\/2019\/11\/d73d44a9-cf27d831-ff8e0810-xavier-damunt-150x150.jpg"},{"nombre":"Jordi Fern\u00e1ndez ","descripcion":"Responsable de Metodologia d\u00b4 Infantils (U14s) i Alevins (U12s); \u00c0rea de Metodologia del FC Barcelona.","foto":"https:\/\/barcainnovationhub.com\/wp-content\/uploads\/2021\/01\/3c53b2ec-jordi-fernandez.jpg"},{"nombre":"Marc Quintana ","descripcion":"Responsable de Metodologia d' Juvenil (U19s) i Cadets (U16s); \u00c0rea de Metodologia del FC Barcelona. ","foto":"https:\/\/barcainnovationhub.com\/wp-content\/uploads\/2021\/01\/45710ec3-marc-quintana.png"}],"programa":[{"curso":"CURS 1: Intercanvi pedag\u00f2gic amb el jugador: el rol de l'entrenador-formador en el proc\u00e9s d'aprenentatge ","modulo":"<b>M\u00d2DUL 1. Pensament cr\u00edtic i context metodol\u00f2gic. D'on venim i cap on anem? <\/b>\r\n<br>Entendre quin \u00e9s el fi \u00faltim de la metodologia i com integrar tots els elements existents en el context d'aprenentatge. \r\n<br><br>\r\n<b>M\u00d2DUL 2. L'aprenentatge de l'entrenador. Per qu\u00e8 veu el que veu l'entrenador? <\/b>\r\n<br>Entendre com emergeixen les seves conductes i com aconseguir estar en sintonia amb el context de l'equip. \r\n<br><br>\r\n<b>M\u00d2DUL 3. La interacci\u00f3 entrenador-jugador. Com optimitzar l'intercanvi d'informaci\u00f3 i tenir un major impacte en el proc\u00e9s d'aprenentatge?<\/b>\r\n<br> Entendre les condicions de l'entorn a trav\u00e9s de les quals es faciliten i es generen les conductes naturalitzades del jugador\/a.\r\n<br><br>\r\n<b>M\u00d2DUL 4. Intercanvi pedag\u00f2gic amb el jugador. Estrat\u00e8gies i Atmosfera d'aprenentatge.<\/b>"},{"curso":"CURS 2: Intercanvi pedag\u00f2gic amb el jugador: el feedback de v\u00eddeo en el cont\u00ednuum de la pr\u00e0ctica motora ","modulo":"<b>M\u00d2DUL 1. L'aprenentatge observacional. Com donar el feedback?<\/b><br>Entendre quins aspectes diferencials aporta en el quefer de l'entrenador combinar el feedback visual amb la pr\u00e0ctica f\u00edsica. \r\n<br><br>\r\n<b>M\u00d2DUL 2. Les pr\u00e0ctiques d'entrenament. On donar el feedback?<\/b><br>Atendre com entrenador al efecte resultant sobre el jugador de la relaci\u00f3 entre el context de pr\u00e0ctica i l'estil d'intervenci\u00f3. \r\n<br><br>\r\n<b>M\u00d2DUL 3. L'intercanvi amb el jugador a trav\u00e9s de l'aprenentatge observacional.<\/b><br>Anticipar i concretar la informaci\u00f3 multimodal extr\u00ednseca per a potenciar el proc\u00e9s d'aprenentatge motor. \r\n<br><br>\r\n<b>M\u00d2DUL 4. El feedback visual en v\u00eddeo. Per qu\u00e8 donar v\u00eddeo-feedback?<\/b><br>Alterar la velocitat de visionat per a especificar la interacci\u00f3."},{"curso":"CURS 3: Intercanvi pedag\u00f2gic amb el jugador: el disseny de les SSP en relaci\u00f3 a la prefer\u00e8ncia de continguts did\u00e0ctics ","modulo":"<b>M\u00d2DUL 1. SSPs de prefer\u00e8ncia coordinativa.<\/b> \r\n<br><br>\r\n<b>M\u00d2DUL 2. SSPs de prefer\u00e8ncia cognitiva.<\/b> \r\n<br><br>\r\n<b>M\u00d2DUL 3. SSPs de prefer\u00e8ncia contextual.<\/b> \r\n<br><br>\r\n<b>M\u00d2DUL 4. Par\u00e0metres transversals: introducci\u00f3 de la variabilitat i disseny orientat o exploratori.<\/b>"}]},"_links":{"self":[{"href":"https:\/\/barcainnovationhub.com\/ca\/wp-json\/wp\/v2\/pages\/84533"}],"collection":[{"href":"https:\/\/barcainnovationhub.com\/ca\/wp-json\/wp\/v2\/pages"}],"about":[{"href":"https:\/\/barcainnovationhub.com\/ca\/wp-json\/wp\/v2\/types\/page"}],"author":[{"embeddable":true,"href":"https:\/\/barcainnovationhub.com\/ca\/wp-json\/wp\/v2\/users\/23"}],"replies":[{"embeddable":true,"href":"https:\/\/barcainnovationhub.com\/ca\/wp-json\/wp\/v2\/comments?post=84533"}],"version-history":[{"count":5,"href":"https:\/\/barcainnovationhub.com\/ca\/wp-json\/wp\/v2\/pages\/84533\/revisions"}],"predecessor-version":[{"id":116729,"href":"https:\/\/barcainnovationhub.com\/ca\/wp-json\/wp\/v2\/pages\/84533\/revisions\/116729"}],"wp:attachment":[{"href":"https:\/\/barcainnovationhub.com\/ca\/wp-json\/wp\/v2\/media?parent=84533"}],"wp:term":[{"taxonomy":"category","embeddable":true,"href":"https:\/\/barcainnovationhub.com\/ca\/wp-json\/wp\/v2\/categories?post=84533"},{"taxonomy":"post_tag","embeddable":true,"href":"https:\/\/barcainnovationhub.com\/ca\/wp-json\/wp\/v2\/tags?post=84533"}],"curies":[{"name":"wp","href":"https:\/\/api.w.org\/{rel}","templated":true}]}}