{"id":98234,"date":"2021-07-28T23:26:08","date_gmt":"2021-07-29T02:26:08","guid":{"rendered":"https:\/\/barcainnovationhub.com\/principal-blog\/"},"modified":"2021-09-30T22:59:04","modified_gmt":"2021-10-01T01:59:04","slug":"principal-blog","status":"publish","type":"page","link":"https:\/\/barcainnovationhub.com\/ca\/principal-blog\/","title":{"rendered":"Principal blog"},"content":{"rendered":"","protected":false},"excerpt":{"rendered":"","protected":false},"author":1,"featured_media":0,"parent":0,"menu_order":92,"comment_status":"closed","ping_status":"closed","template":"page-templates\/new-principal-blog.php","meta":[],"categories":[],"tags":[],"yoast_head":"<!-- This site is optimized with the Yoast SEO plugin v16.6.1 - https:\/\/yoast.com\/wordpress\/plugins\/seo\/ -->\n<meta name=\"robots\" content=\"index, follow, max-snippet:-1, max-image-preview:large, max-video-preview:-1\" \/>\n<link rel=\"canonical\" href=\"https:\/\/barcainnovationhub.com\/ca\/principal-blog\/\" \/>\n<meta property=\"og:locale\" content=\"ca_ES\" \/>\n<meta property=\"og:type\" content=\"article\" \/>\n<meta property=\"og:title\" content=\"Principal blog - Bar\u00e7a Innovation Hub\" \/>\n<meta property=\"og:url\" content=\"https:\/\/barcainnovationhub.com\/ca\/principal-blog\/\" \/>\n<meta property=\"og:site_name\" content=\"Bar\u00e7a Innovation Hub\" \/>\n<meta property=\"article:publisher\" content=\"https:\/\/www.facebook.com\/fcbuniversitas\" \/>\n<meta property=\"article:modified_time\" content=\"2021-10-01T01:59:04+00:00\" \/>\n<meta name=\"twitter:card\" content=\"summary\" \/>\n<meta name=\"twitter:site\" content=\"@BarcaInnoHub\" \/>\n<script type=\"application\/ld+json\" class=\"yoast-schema-graph\">{\"@context\":\"https:\/\/schema.org\",\"@graph\":[{\"@type\":\"WebSite\",\"@id\":\"https:\/\/barcainnovationhub.com\/#website\",\"url\":\"https:\/\/barcainnovationhub.com\/\",\"name\":\"Bar\\u00e7a Innovation Hub\",\"description\":\"The worldwide centre for sports knowledge and innovation\",\"potentialAction\":[{\"@type\":\"SearchAction\",\"target\":{\"@type\":\"EntryPoint\",\"urlTemplate\":\"https:\/\/barcainnovationhub.com\/?s={search_term_string}\"},\"query-input\":\"required name=search_term_string\"}],\"inLanguage\":\"ca\"},{\"@type\":\"WebPage\",\"@id\":\"https:\/\/barcainnovationhub.com\/ca\/principal-blog\/#webpage\",\"url\":\"https:\/\/barcainnovationhub.com\/ca\/principal-blog\/\",\"name\":\"Principal blog - Bar\\u00e7a Innovation Hub\",\"isPartOf\":{\"@id\":\"https:\/\/barcainnovationhub.com\/#website\"},\"datePublished\":\"2021-07-29T02:26:08+00:00\",\"dateModified\":\"2021-10-01T01:59:04+00:00\",\"breadcrumb\":{\"@id\":\"https:\/\/barcainnovationhub.com\/ca\/principal-blog\/#breadcrumb\"},\"inLanguage\":\"ca\",\"potentialAction\":[{\"@type\":\"ReadAction\",\"target\":[\"https:\/\/barcainnovationhub.com\/ca\/principal-blog\/\"]}]},{\"@type\":\"BreadcrumbList\",\"@id\":\"https:\/\/barcainnovationhub.com\/ca\/principal-blog\/#breadcrumb\",\"itemListElement\":[{\"@type\":\"ListItem\",\"position\":1,\"name\":\"Portada\",\"item\":\"https:\/\/barcainnovationhub.com\/ca\/\"},{\"@type\":\"ListItem\",\"position\":2,\"name\":\"Principal blog\"}]}]}<\/script>\n<!-- \/ Yoast SEO plugin. -->","acf":{"background_img_principal_blog":false,"titulo_blog_principal":"L'\u00faltima informaci\u00f3 en ci\u00e8ncia de l'esport i management esportiu","texto_cta_hero_blog_principal":"m\u00e9s informaci\u00f3","url_cta_hero_blog_principal":"https:\/\/barcainnovationhub.com\/ca\/acerca-de\/","titulo_categorias_populares_principal_blog":"","texto_categorias_populares_principal_blog":"","advertising_img":false,"advertising_principal_blog_title":"","advertising_principal_blog_text":"","advertising_principal_blog_cta_text":"","advertising_principal_blog_cta_url":"","texto_cta_load_more_principal_blog":"","url_cta_load_more_principal_blog":"","activar_banner_1":false,"banner_1":false,"activar_banner_2":false,"banner_2":false,"activar_banner_3":false,"banner_3":false,"filtrar_categorias_populares":[244,229,228,227,226,225,224,223,221,222,220,197],"texto_cta_back_home":"HOME"},"_links":{"self":[{"href":"https:\/\/barcainnovationhub.com\/ca\/wp-json\/wp\/v2\/pages\/98234"}],"collection":[{"href":"https:\/\/barcainnovationhub.com\/ca\/wp-json\/wp\/v2\/pages"}],"about":[{"href":"https:\/\/barcainnovationhub.com\/ca\/wp-json\/wp\/v2\/types\/page"}],"author":[{"embeddable":true,"href":"https:\/\/barcainnovationhub.com\/ca\/wp-json\/wp\/v2\/users\/1"}],"replies":[{"embeddable":true,"href":"https:\/\/barcainnovationhub.com\/ca\/wp-json\/wp\/v2\/comments?post=98234"}],"version-history":[{"count":5,"href":"https:\/\/barcainnovationhub.com\/ca\/wp-json\/wp\/v2\/pages\/98234\/revisions"}],"predecessor-version":[{"id":104715,"href":"https:\/\/barcainnovationhub.com\/ca\/wp-json\/wp\/v2\/pages\/98234\/revisions\/104715"}],"wp:attachment":[{"href":"https:\/\/barcainnovationhub.com\/ca\/wp-json\/wp\/v2\/media?parent=98234"}],"wp:term":[{"taxonomy":"category","embeddable":true,"href":"https:\/\/barcainnovationhub.com\/ca\/wp-json\/wp\/v2\/categories?post=98234"},{"taxonomy":"post_tag","embeddable":true,"href":"https:\/\/barcainnovationhub.com\/ca\/wp-json\/wp\/v2\/tags?post=98234"}],"curies":[{"name":"wp","href":"https:\/\/api.w.org\/{rel}","templated":true}]}}