{"id":10314,"date":"2019-01-18T11:49:46","date_gmt":"2019-01-18T14:49:46","guid":{"rendered":"https:\/\/barcainnovationhub.com\/?post_type=product&#038;p=10314"},"modified":"2022-01-11T01:43:19","modified_gmt":"2022-01-11T04:43:19","slug":"certificat-en-gestio-de-la-carrega-del-treball-en-futbol","status":"publish","type":"product","link":"https:\/\/barcainnovationhub.com\/ca\/product\/certificat-en-gestio-de-la-carrega-del-treball-en-futbol\/","title":{"rendered":"Certificat en Gesti\u00f3 de la C\u00e0rrega del Treball en Futbol"},"content":{"rendered":"","protected":false},"excerpt":{"rendered":"","protected":false},"author":1,"featured_media":0,"comment_status":"open","ping_status":"closed","template":"","meta":[],"categories":[112,112],"yoast_head":"<!-- This site is optimized with the Yoast SEO plugin v16.6.1 - https:\/\/yoast.com\/wordpress\/plugins\/seo\/ -->\n<meta name=\"description\" content=\"En aquest curs de gesti\u00f3 de c\u00e0rrega aprendr\u00e0s a detectar i a utilitzar de manera adequada els indicadors m\u00e9s rellevants de la c\u00e0rrega d\u2019entrenament al futbol.\" \/>\n<meta name=\"robots\" content=\"index, follow, max-snippet:-1, max-image-preview:large, max-video-preview:-1\" \/>\n<link rel=\"canonical\" href=\"https:\/\/barcainnovationhub.com\/ca\/product\/certificat-en-gestio-de-la-carrega-del-treball-en-futbol\/\" \/>\n<meta property=\"og:locale\" content=\"ca_ES\" \/>\n<meta property=\"og:type\" content=\"article\" \/>\n<meta property=\"og:title\" content=\"Certificat en Gesti\u00f3 de la C\u00e0rrega del Treball en Futbol\" \/>\n<meta property=\"og:description\" content=\"En aquest curs de gesti\u00f3 de c\u00e0rrega aprendr\u00e0s a detectar i a utilitzar de manera adequada els indicadors m\u00e9s rellevants de la c\u00e0rrega d\u2019entrenament al futbol.\" \/>\n<meta property=\"og:url\" content=\"https:\/\/barcainnovationhub.com\/ca\/product\/certificat-en-gestio-de-la-carrega-del-treball-en-futbol\/\" \/>\n<meta property=\"og:site_name\" content=\"Bar\u00e7a Innovation Hub\" \/>\n<meta property=\"article:publisher\" content=\"https:\/\/www.facebook.com\/fcbuniversitas\" \/>\n<meta property=\"article:modified_time\" content=\"2022-01-11T04:43:19+00:00\" \/>\n<meta property=\"og:image\" content=\"https:\/\/barcainnovationhub.com\/wp-content\/uploads\/2019\/01\/70b9bdb4-certificate-in-workload-management-in-football.jpg\" \/>\n\t<meta property=\"og:image:width\" content=\"1200\" \/>\n\t<meta property=\"og:image:height\" content=\"1200\" \/>\n<meta name=\"twitter:card\" content=\"summary\" \/>\n<meta name=\"twitter:title\" content=\"Certificat en Gesti\u00f3 de la C\u00e0rrega del Treball en Futbol\" \/>\n<meta name=\"twitter:image\" content=\"https:\/\/barcainnovationhub.com\/wp-content\/uploads\/2019\/01\/70b9bdb4-certificate-in-workload-management-in-football.jpg\" \/>\n<meta name=\"twitter:site\" content=\"@BarcaInnoHub\" \/>\n<script type=\"application\/ld+json\" class=\"yoast-schema-graph\">{\"@context\":\"https:\/\/schema.org\",\"@graph\":[{\"@type\":\"WebSite\",\"@id\":\"https:\/\/barcainnovationhub.com\/#website\",\"url\":\"https:\/\/barcainnovationhub.com\/\",\"name\":\"Bar\\u00e7a Innovation Hub\",\"description\":\"The worldwide centre for sports knowledge and innovation\",\"potentialAction\":[{\"@type\":\"SearchAction\",\"target\":{\"@type\":\"EntryPoint\",\"urlTemplate\":\"https:\/\/barcainnovationhub.com\/?s={search_term_string}\"},\"query-input\":\"required name=search_term_string\"}],\"inLanguage\":\"ca\"},{\"@type\":\"ImageObject\",\"@id\":\"https:\/\/barcainnovationhub.com\/ca\/product\/certificat-en-gestio-de-la-carrega-del-treball-en-futbol\/#primaryimage\",\"inLanguage\":\"ca\",\"url\":\"https:\/\/barcainnovationhub.com\/wp-content\/uploads\/2019\/01\/70b9bdb4-certificate-in-workload-management-in-football.jpg\",\"contentUrl\":\"https:\/\/barcainnovationhub.com\/wp-content\/uploads\/2019\/01\/70b9bdb4-certificate-in-workload-management-in-football.jpg\",\"width\":1200,\"height\":1200},{\"@type\":\"WebPage\",\"@id\":\"https:\/\/barcainnovationhub.com\/ca\/product\/certificat-en-gestio-de-la-carrega-del-treball-en-futbol\/#webpage\",\"url\":\"https:\/\/barcainnovationhub.com\/ca\/product\/certificat-en-gestio-de-la-carrega-del-treball-en-futbol\/\",\"name\":\"Certificat en Gesti\\u00f3 de la C\\u00e0rrega del Treball en Futbol - Bar\\u00e7a Innovation Hub\",\"isPartOf\":{\"@id\":\"https:\/\/barcainnovationhub.com\/#website\"},\"datePublished\":\"2019-01-18T14:49:46+00:00\",\"dateModified\":\"2022-01-11T04:43:19+00:00\",\"description\":\"En aquest curs de gesti\\u00f3 de c\\u00e0rrega aprendr\\u00e0s a detectar i a utilitzar de manera adequada els indicadors m\\u00e9s rellevants de la c\\u00e0rrega d\\u2019entrenament al futbol.\",\"breadcrumb\":{\"@id\":\"https:\/\/barcainnovationhub.com\/ca\/product\/certificat-en-gestio-de-la-carrega-del-treball-en-futbol\/#breadcrumb\"},\"inLanguage\":\"ca\",\"potentialAction\":[{\"@type\":\"ReadAction\",\"target\":[\"https:\/\/barcainnovationhub.com\/ca\/product\/certificat-en-gestio-de-la-carrega-del-treball-en-futbol\/\"]}]},{\"@type\":\"BreadcrumbList\",\"@id\":\"https:\/\/barcainnovationhub.com\/ca\/product\/certificat-en-gestio-de-la-carrega-del-treball-en-futbol\/#breadcrumb\",\"itemListElement\":[{\"@type\":\"ListItem\",\"position\":1,\"name\":\"Portada\",\"item\":\"https:\/\/barcainnovationhub.com\/ca\/\"},{\"@type\":\"ListItem\",\"position\":2,\"name\":\"Productos\",\"item\":\"https:\/\/barcainnovationhub.com\/ca\/product\/\"},{\"@type\":\"ListItem\",\"position\":3,\"name\":\"Certificat en Gesti\\u00f3 de la C\\u00e0rrega del Treball en Futbol\"}]}]}<\/script>\n<!-- \/ Yoast SEO plugin. -->","acf":{"external_id":"1373","header_image":108547,"column_title":"","titulo_incentivo":"Certificat en Gesti\u00f3 de la C\u00e0rrega del Treball en Futbol","precio":"625","precio_en_cuotas":"4 pagaments mensuals de \u20ac 156,25","precio_de_lista":"","mostrar_form":false,"promocion_vigente":"","duracion_del_curso":"4 Mesos","nivel_del_curso":"Avan\u00e7at","modalidad_cursado":"Online","impartido_en":"Spanish","contenido":"<p>En l\u2019\u00e0mbit esportiu, la proliferaci\u00f3 de noves tecnologies va donar lloc a formes m\u00e9s eficients, accessibles i il\u00b7limitades d\u2019aprendre, analitzar i entrenar. Aquests aven\u00e7os, sumats a una participaci\u00f3 m\u00e9s alta de les ci\u00e8ncies en l\u2019esport han perm\u00e8s, entre altres coses, que el control de la c\u00e0rrega en l\u2019entrenament sigui m\u00e9s espec\u00edfic i rigor\u00f3s. Aix\u00f2 obliga als professionals i atletes a capacitar-se de manera cont\u00ednua i a incorporar aquestes eines per millorar i potenciar els seus resultats.<\/p>\n<p>El <strong>Certificat en Gesti\u00f3 de la C\u00e0rrega del Treball en Futbol<\/strong> \u00e9s un programa introductori i integral dirigit a persones relacionades amb les ci\u00e8ncies de l\u2019esport que volen incrementar l\u2019acompliment esportiu o personal dels seus atletes. Sota el guiatge de David Casamichana, coneixer\u00e0s els mitjans m\u00e9s actuals de control de la c\u00e0rrega d\u2019entrenament i compet\u00e8ncia, avaluant-ne l\u2019aplicabilitat a les diferents situacions. Tamb\u00e9 podr\u00e0s recon\u00e8ixer la import\u00e0ncia de la valoraci\u00f3 de les c\u00e0rregues d\u2019entrenament, tant interna com externa, aix\u00ed com els diferents mitjans tecnol\u00f2gics necessaris per a aquest fi.<\/p>\n","ocultar_video":false,"avalado_por":false,"pdf_brochure":"https:\/\/static.capabiliaserver.com\/frontend\/clients\/barca\/wp_prod\/wp-content\/uploads\/2019\/01\/ef6e68bd-certificat-en-gestio-de-la-carrega-del-treball-en-futbol.pdf","cursos_que_lo_componen":[{"nombre_del_curso":"Eines i variables per al monitoratge de la c\u00e0rrega d\u2019entrenament","descripcion_del_curso":"<p>M\u00d2DUL 1: Introducci\u00f3 al monitoratge de la c\u00e0rrega d\u2019entrenament<br \/>\nM\u00d2DUL 2: El cicle de planificar-intervenir-avaluar en el proc\u00e9s d\u2019entrenament<br \/>\nM\u00d2DUL 3: Eines de monitoratge de c\u00e0rrega interna i les seves variables<br \/>\nM\u00d2DUL 4: Eines de monitoratge de c\u00e0rrega externa i les seves variables <\/p>\n"},{"nombre_del_curso":"Elecci\u00f3 de variables: Estem repetint informaci\u00f3 o aportant informaci\u00f3 addicional?","descripcion_del_curso":"<p>M\u00d2DUL 1: Relacio\u0301 entre variables de c\u00e0rrega entre si, i amb variables de c\u00e0rrega externa<br \/>\nM\u00d2DUL 2: Relacio\u0301 entre variables de c\u00e0rrega externa<br \/>\nM\u00d2DUL 3: Integraci\u00f3 de mesures. \u00cdndex d\u2019efici\u00e8ncia<br \/>\nM\u00d2DUL 4: Elecci\u00f3 de variables <\/p>\n"},{"nombre_del_curso":"Avaluaci\u00f3 de l\u2019entrenament i gesti\u00f3 de la c\u00e0rrega d\u2019entrenament","descripcion_del_curso":"<p>M\u00d2DUL 1: An\u00e0lisi de la tasca d\u2019entrenament<br \/>\nM\u00d2DUL 2:  An\u00e0lisi de la sessi\u00f3 d\u2019entrenament<br \/>\nM\u00d2DUL 3: An\u00e0lisi del microcicle d\u2019entrenament<br \/>\nM\u00d2DUL 4: An\u00e0lisi del mesocicle i de fases temporals \u00e0mplies d\u2019entrenament<\/p>\n"},{"nombre_del_curso":"Indicadors per a la gesti\u00f3 de la c\u00e0rrega d\u2019entrenament","descripcion_del_curso":"<p>M\u00d2DUL 1: Canvis setmanals<br \/>\nM\u00d2DUL 2: R\u00e0tio de c\u00e0rrega aguda  cr\u00f2nica : concepte i procediment de c\u00e0lcul<br \/>\nM\u00d2DUL 3: R\u00e0tio de c\u00e0rrega aguda cr\u00f2nica: aplicacions i limitacions<br \/>\nM\u00d2DUL 4: Moderadors i mediadors de la c\u00e0rrega d\u2019entrenament<\/p>\n"}],"preguntas_frecuentes":false,"contenidistas":false,"docentes_expertos":[{"foto":"https:\/\/barcainnovationhub.com\/wp-content\/uploads\/2019\/01\/469f2a42-david-casamichana.jpg","nombre_del_docente":"David Casamichana G\u00f3mez","descripcion_del_docente":"Doctor en Ci\u00e8ncies de l\u2019Activitat F\u00edsica i de l\u2019Esport. Preparador f\u00edsic en futbol. Professor universitari i investigador.","enlace":""}],"hubspot_product_id":"11974635","url_video":"https:\/\/www.youtube.com\/embed\/_4TU-HtqKew","aprende_a":[{"item_aprende_a":"Gestionar les diferents eines i variables del monitoratge de l\u2019entrenament. "},{"item_aprende_a":"Seleccionar les variables adequades en funci\u00f3 dels diferents objectius que es tinguin dins del control de c\u00e0rrega d\u2019entrenament i compet\u00e8ncia. "},{"item_aprende_a":"Utilitzar les dades abocades pel control de la c\u00e0rrega per avaluar i gestionar el proc\u00e9s. "},{"item_aprende_a":"Detectar i utilitzar de manera adequada els indicadors m\u00e9s rellevants de la c\u00e0rrega d\u2019entrenament."}],"fecha_de_inicio":"10062021","imagen_destacada":false,"id_magento":"185","producto_path":false,"titulo_seccion_testimonios":"","slider_testimonios":false,"imagen_de_fondo_testimonios":false,"color_de_fondo_testimonios":"","activar_banner_1":false,"banner_1":false,"activar_banner_2":false,"banner_2":false,"activar_banner_3":false,"banner_3":false,"activar_nuevos_banners":false,"mostrar_banner_1":false,"crear_banner_1":{"utilizar_imagen_unica_para_banner":false,"asignar_imagen_unica_para_banner":false,"mostrar_titulo_banner":false,"titulo_para_banner":"","mostrar_subtitulo_banner":false,"subtitulo_del_banner":"","mostrar_cta_banner":false,"texto_cta_banner":"","url_cta_banner":"","fondo_de_color_banner":"","fondo_de_imagen_banner":false,"mostrar_imagen_izquierda_banner":false,"asignar_imagen_izquierda_banner":false},"mostrar_banner_2":false,"crear_banner_2":{"utilizar_imagen_unica_para_banner":false,"asignar_imagen_unica_para_banner":false,"mostrar_titulo_banner":false,"titulo_para_banner":"","mostrar_subtitulo_banner":false,"subtitulo_del_banner":"","mostrar_cta_banner":false,"texto_cta_banner":"","url_cta_banner":"","fondo_de_color_banner":"","fondo_de_imagen_banner":false,"mostrar_imagen_izquierda_banner":false,"asignar_imagen_izquierda_banner":false},"mostrar_banner_3":false,"crear_banner_3":{"utilizar_imagen_unica_para_banner":false,"asignar_imagen_unica_para_banner":false,"mostrar_titulo_banner":false,"titulo_para_banner":"","mostrar_subtitulo_banner":false,"subtitulo_del_banner":"","mostrar_cta_banner":false,"texto_cta_banner":"","url_cta_banner":"","fondo_de_color_banner":"","fondo_de_imagen_banner":false,"mostrar_imagen_izquierda_banner":false,"asignar_imagen_izquierda_banner":false},"segunda_fecha_de_inicio":"","zona_horaria":"Europe\/Madrid"},"idiomas":{"en":10305,"es":10332,"ar":81667,"ca":10314,"ru":10314,"pt":10344},"_links":{"self":[{"href":"https:\/\/barcainnovationhub.com\/ca\/wp-json\/wp\/v2\/products\/10314"}],"collection":[{"href":"https:\/\/barcainnovationhub.com\/ca\/wp-json\/wp\/v2\/products"}],"about":[{"href":"https:\/\/barcainnovationhub.com\/ca\/wp-json\/wp\/v2\/types\/product"}],"author":[{"embeddable":true,"href":"https:\/\/barcainnovationhub.com\/ca\/wp-json\/wp\/v2\/users\/1"}],"replies":[{"embeddable":true,"href":"https:\/\/barcainnovationhub.com\/ca\/wp-json\/wp\/v2\/comments?post=10314"}],"version-history":[{"count":5,"href":"https:\/\/barcainnovationhub.com\/ca\/wp-json\/wp\/v2\/products\/10314\/revisions"}],"predecessor-version":[{"id":116382,"href":"https:\/\/barcainnovationhub.com\/ca\/wp-json\/wp\/v2\/products\/10314\/revisions\/116382"}],"wp:attachment":[{"href":"https:\/\/barcainnovationhub.com\/ca\/wp-json\/wp\/v2\/media?parent=10314"}],"wp:term":[{"taxonomy":"category","embeddable":true,"href":"https:\/\/barcainnovationhub.com\/ca\/wp-json\/wp\/v2\/categories?post=10314"}],"curies":[{"name":"wp","href":"https:\/\/api.w.org\/{rel}","templated":true}]}}