{"id":10323,"date":"2019-01-18T11:48:57","date_gmt":"2019-01-18T14:48:57","guid":{"rendered":"https:\/\/barcainnovationhub.com\/product\/current-issues-in-sports-governance\/"},"modified":"2022-01-11T02:12:34","modified_gmt":"2022-01-11T05:12:34","slug":"current-issues-in-sports-governance","status":"publish","type":"product","link":"https:\/\/barcainnovationhub.com\/ca\/product\/current-issues-in-sports-governance\/","title":{"rendered":"Ger\u00e8ncia en Esports"},"content":{"rendered":"","protected":false},"excerpt":{"rendered":"","protected":false},"author":1,"featured_media":0,"comment_status":"open","ping_status":"closed","template":"","meta":[],"categories":[112,112],"yoast_head":"<!-- This site is optimized with the Yoast SEO plugin v16.6.1 - https:\/\/yoast.com\/wordpress\/plugins\/seo\/ -->\n<meta name=\"description\" content=\"En aquest curs aprendr\u00e0s a comprendre els aspectes relatius a la governabilitat en l\u2019esport: institucions, experi\u00e8ncia en la mat\u00e8ria, responsabilitat i transpar\u00e8ncia.\" \/>\n<meta name=\"robots\" content=\"index, follow, max-snippet:-1, max-image-preview:large, max-video-preview:-1\" \/>\n<link rel=\"canonical\" href=\"https:\/\/barcainnovationhub.com\/ca\/product\/current-issues-in-sports-governance\/\" \/>\n<meta property=\"og:locale\" content=\"ca_ES\" \/>\n<meta property=\"og:type\" content=\"article\" \/>\n<meta property=\"og:title\" content=\"Ger\u00e8ncia en Esports\" \/>\n<meta property=\"og:description\" content=\"Cada vegada m\u00e9s, el t\u00f2pic de la governabilitat \u00e9s un tema principal de debat en diferents espais esportius. La corrupci\u00f3, el control de dopatge, l&#039;arbitratge i l&#039;elecci\u00f3 dels terrenys de joc s\u00f3n nom\u00e9s alguns dels temes que encara l&#039;esport en l&#039;era moderna.\" \/>\n<meta property=\"og:url\" content=\"https:\/\/barcainnovationhub.com\/ca\/product\/current-issues-in-sports-governance\/\" \/>\n<meta property=\"og:site_name\" content=\"Bar\u00e7a Innovation Hub\" \/>\n<meta property=\"article:publisher\" content=\"https:\/\/www.facebook.com\/fcbuniversitas\" \/>\n<meta property=\"article:modified_time\" content=\"2022-01-11T05:12:34+00:00\" \/>\n<meta property=\"og:image\" content=\"https:\/\/barcainnovationhub.com\/wp-content\/uploads\/2019\/01\/8121b262-current-issues-in-sports-governance.jpg\" \/>\n\t<meta property=\"og:image:width\" content=\"1200\" \/>\n\t<meta property=\"og:image:height\" content=\"1200\" \/>\n<meta name=\"twitter:card\" content=\"summary\" \/>\n<meta name=\"twitter:title\" content=\"Ger\u00e8ncia en Esports\" \/>\n<meta name=\"twitter:description\" content=\"Cada vegada m\u00e9s, el t\u00f2pic de la governabilitat \u00e9s un tema principal de debat en diferents espais esportius. La corrupci\u00f3, el control de dopatge, l&#039;arbitratge i l&#039;elecci\u00f3 dels terrenys de joc s\u00f3n nom\u00e9s alguns dels temes que encara l&#039;esport en l&#039;era moderna.\" \/>\n<meta name=\"twitter:image\" content=\"https:\/\/barcainnovationhub.com\/wp-content\/uploads\/2019\/01\/8121b262-current-issues-in-sports-governance.jpg\" \/>\n<meta name=\"twitter:site\" content=\"@BarcaInnoHub\" \/>\n<script type=\"application\/ld+json\" class=\"yoast-schema-graph\">{\"@context\":\"https:\/\/schema.org\",\"@graph\":[{\"@type\":\"WebSite\",\"@id\":\"https:\/\/barcainnovationhub.com\/#website\",\"url\":\"https:\/\/barcainnovationhub.com\/\",\"name\":\"Bar\\u00e7a Innovation Hub\",\"description\":\"The worldwide centre for sports knowledge and innovation\",\"potentialAction\":[{\"@type\":\"SearchAction\",\"target\":{\"@type\":\"EntryPoint\",\"urlTemplate\":\"https:\/\/barcainnovationhub.com\/?s={search_term_string}\"},\"query-input\":\"required name=search_term_string\"}],\"inLanguage\":\"ca\"},{\"@type\":\"ImageObject\",\"@id\":\"https:\/\/barcainnovationhub.com\/ca\/product\/current-issues-in-sports-governance\/#primaryimage\",\"inLanguage\":\"ca\",\"url\":\"https:\/\/barcainnovationhub.com\/wp-content\/uploads\/2019\/01\/8121b262-current-issues-in-sports-governance.jpg\",\"contentUrl\":\"https:\/\/barcainnovationhub.com\/wp-content\/uploads\/2019\/01\/8121b262-current-issues-in-sports-governance.jpg\",\"width\":1200,\"height\":1200},{\"@type\":\"WebPage\",\"@id\":\"https:\/\/barcainnovationhub.com\/ca\/product\/current-issues-in-sports-governance\/#webpage\",\"url\":\"https:\/\/barcainnovationhub.com\/ca\/product\/current-issues-in-sports-governance\/\",\"name\":\"Ger\\u00e8ncia en Esports - Bar\\u00e7a Innovation Hub\",\"isPartOf\":{\"@id\":\"https:\/\/barcainnovationhub.com\/#website\"},\"datePublished\":\"2019-01-18T14:48:57+00:00\",\"dateModified\":\"2022-01-11T05:12:34+00:00\",\"description\":\"En aquest curs aprendr\\u00e0s a comprendre els aspectes relatius a la governabilitat en l\\u2019esport: institucions, experi\\u00e8ncia en la mat\\u00e8ria, responsabilitat i transpar\\u00e8ncia.\",\"breadcrumb\":{\"@id\":\"https:\/\/barcainnovationhub.com\/ca\/product\/current-issues-in-sports-governance\/#breadcrumb\"},\"inLanguage\":\"ca\",\"potentialAction\":[{\"@type\":\"ReadAction\",\"target\":[\"https:\/\/barcainnovationhub.com\/ca\/product\/current-issues-in-sports-governance\/\"]}]},{\"@type\":\"BreadcrumbList\",\"@id\":\"https:\/\/barcainnovationhub.com\/ca\/product\/current-issues-in-sports-governance\/#breadcrumb\",\"itemListElement\":[{\"@type\":\"ListItem\",\"position\":1,\"name\":\"Portada\",\"item\":\"https:\/\/barcainnovationhub.com\/ca\/\"},{\"@type\":\"ListItem\",\"position\":2,\"name\":\"Productos\",\"item\":\"https:\/\/barcainnovationhub.com\/ca\/product\/\"},{\"@type\":\"ListItem\",\"position\":3,\"name\":\"Ger\\u00e8ncia en Esports\"}]}]}<\/script>\n<!-- \/ Yoast SEO plugin. -->","acf":{"external_id":"1367","header_image":108557,"column_title":"","titulo_incentivo":"Ger\u00e8ncia en Esports","precio":"200","precio_en_cuotas":"","precio_de_lista":"","mostrar_form":false,"promocion_vigente":"","duracion_del_curso":"1 M\u00eas","nivel_del_curso":"Introductori","modalidad_cursado":"Online","impartido_en":"Spanish","contenido":"<p>Cada vegada m\u00e9s, el t\u00f2pic de la governabilitat \u00e9s un tema principal de debat en diferents espais esportius. La corrupci\u00f3, el control de dopatge, l&#8217;arbitratge i l&#8217;elecci\u00f3 dels terrenys de joc s\u00f3n nom\u00e9s alguns dels temes que encara l&#8217;esport en l&#8217;era moderna. Aquest curs, dissenyat per Roger Pielke, Jr., t&#8217;ajudar\u00e0 a entendre els elements clau de la governabilitat esportiva: institucions, per\u00edcia, rendici\u00f3 de comptes i transpar\u00e8ncia.<\/p>\n","ocultar_video":true,"avalado_por":false,"pdf_brochure":"https:\/\/static.capabiliaserver.com\/frontend\/clients\/barca\/wp_prod\/wp-content\/uploads\/2019\/01\/1d44be81-gerencia-en-esports.pdf","cursos_que_lo_componen":[{"nombre_del_curso":"Ger\u00e8ncia en Esports","descripcion_del_curso":"<p>M\u00d2DUL 1: Institucions<br \/>\nM\u00d2DUL 2: Peritatge<br \/>\nM\u00d2DUL 3: Conflicte d'interessos i una bona ger\u00e8ncia<br \/>\nM\u00d2DUL 4: Problemes actuals, totes les peces del trencaclosques<\/p>\n"}],"preguntas_frecuentes":false,"contenidistas":false,"docentes_expertos":[{"foto":"https:\/\/barcainnovationhub.com\/wp-content\/uploads\/2019\/01\/3860daa2-roger_pielke_jr.jpg","nombre_del_docente":"Roger Pielke, Jr.","descripcion_del_docente":"Ph.D. en Ci\u00e8ncia Pol\u00edtica. Professor del Environmental Studies Program i membre del Cooperative Institute for Research in Environmental Sciences (CIRES).","enlace":""}],"imagen_destacada":false,"hubspot_product_id":"11974637","url_video":"","aprende_a":[{"item_aprende_a":"Comprendre els elements claus de ger\u00e8ncia en els esports: institucions, peritatge, responsabilitat i transpar\u00e8ncia."}],"fecha_de_inicio":"10062021","id_magento":"195","producto_path":false,"titulo_seccion_testimonios":"","slider_testimonios":false,"imagen_de_fondo_testimonios":false,"color_de_fondo_testimonios":"","activar_banner_1":false,"banner_1":false,"activar_banner_2":false,"banner_2":false,"activar_banner_3":false,"banner_3":false,"segunda_fecha_de_inicio":"","zona_horaria":"Europe\/Madrid","activar_nuevos_banners":false,"mostrar_banner_1":false,"crear_banner_1":{"utilizar_imagen_unica_para_banner":false,"asignar_imagen_unica_para_banner":false,"mostrar_titulo_banner":false,"titulo_para_banner":"","mostrar_subtitulo_banner":false,"subtitulo_del_banner":"","mostrar_cta_banner":false,"texto_cta_banner":"","url_cta_banner":"","fondo_de_color_banner":"","fondo_de_imagen_banner":false,"mostrar_imagen_izquierda_banner":false,"asignar_imagen_izquierda_banner":false},"mostrar_banner_2":false,"crear_banner_2":{"utilizar_imagen_unica_para_banner":false,"asignar_imagen_unica_para_banner":false,"mostrar_titulo_banner":false,"titulo_para_banner":"","mostrar_subtitulo_banner":false,"subtitulo_del_banner":"","mostrar_cta_banner":false,"texto_cta_banner":"","url_cta_banner":"","fondo_de_color_banner":"","fondo_de_imagen_banner":false,"mostrar_imagen_izquierda_banner":false,"asignar_imagen_izquierda_banner":false},"mostrar_banner_3":false,"crear_banner_3":{"utilizar_imagen_unica_para_banner":false,"asignar_imagen_unica_para_banner":false,"mostrar_titulo_banner":false,"titulo_para_banner":"","mostrar_subtitulo_banner":false,"subtitulo_del_banner":"","mostrar_cta_banner":false,"texto_cta_banner":"","url_cta_banner":"","fondo_de_color_banner":"","fondo_de_imagen_banner":false,"mostrar_imagen_izquierda_banner":false,"asignar_imagen_izquierda_banner":false}},"idiomas":{"en":10306,"es":10325,"ar":10323,"ca":10323,"ru":10323,"pt":10324},"_links":{"self":[{"href":"https:\/\/barcainnovationhub.com\/ca\/wp-json\/wp\/v2\/products\/10323"}],"collection":[{"href":"https:\/\/barcainnovationhub.com\/ca\/wp-json\/wp\/v2\/products"}],"about":[{"href":"https:\/\/barcainnovationhub.com\/ca\/wp-json\/wp\/v2\/types\/product"}],"author":[{"embeddable":true,"href":"https:\/\/barcainnovationhub.com\/ca\/wp-json\/wp\/v2\/users\/1"}],"replies":[{"embeddable":true,"href":"https:\/\/barcainnovationhub.com\/ca\/wp-json\/wp\/v2\/comments?post=10323"}],"version-history":[{"count":5,"href":"https:\/\/barcainnovationhub.com\/ca\/wp-json\/wp\/v2\/products\/10323\/revisions"}],"predecessor-version":[{"id":116419,"href":"https:\/\/barcainnovationhub.com\/ca\/wp-json\/wp\/v2\/products\/10323\/revisions\/116419"}],"wp:attachment":[{"href":"https:\/\/barcainnovationhub.com\/ca\/wp-json\/wp\/v2\/media?parent=10323"}],"wp:term":[{"taxonomy":"category","embeddable":true,"href":"https:\/\/barcainnovationhub.com\/ca\/wp-json\/wp\/v2\/categories?post=10323"}],"curies":[{"name":"wp","href":"https:\/\/api.w.org\/{rel}","templated":true}]}}