{"id":10348,"date":"2019-01-18T12:02:27","date_gmt":"2019-01-18T15:02:27","guid":{"rendered":"https:\/\/barcainnovationhub.com\/product\/leadership-ethics-and-social-responsibility\/"},"modified":"2022-01-11T02:09:34","modified_gmt":"2022-01-11T05:09:34","slug":"lideratge-etica-i-responsabilitat-social","status":"publish","type":"product","link":"https:\/\/barcainnovationhub.com\/ca\/product\/lideratge-etica-i-responsabilitat-social\/","title":{"rendered":"Lideratge, \u00c8tica i Responsabilitat Social"},"content":{"rendered":"","protected":false},"excerpt":{"rendered":"","protected":false},"author":1,"featured_media":0,"comment_status":"open","ping_status":"closed","template":"","meta":[],"categories":[112,112],"yoast_head":"<!-- This site is optimized with the Yoast SEO plugin v16.6.1 - https:\/\/yoast.com\/wordpress\/plugins\/seo\/ -->\n<meta name=\"description\" content=\"Aquest curs analitza les q\u00fcestions \u00e8tiques i el paper dels professionals empresaris en el proc\u00e9s de guiar l\u2019organitzaci\u00f3 prioritzant el b\u00e9 com\u00fa.\" \/>\n<meta name=\"robots\" content=\"index, follow, max-snippet:-1, max-image-preview:large, max-video-preview:-1\" \/>\n<link rel=\"canonical\" href=\"https:\/\/barcainnovationhub.com\/ca\/product\/lideratge-etica-i-responsabilitat-social\/\" \/>\n<meta property=\"og:locale\" content=\"ca_ES\" \/>\n<meta property=\"og:type\" content=\"article\" \/>\n<meta property=\"og:title\" content=\"Lideratge, \u00c8tica i Responsabilitat Social\" \/>\n<meta property=\"og:description\" content=\"Bar\u00e7a Innovation Hub - Universitas, sota el guiatge del reconegut expert internacional Michael P. Hoffman, et d\u00f3na l&#039;oportunitat d&#039;investigar els diversos marcs te\u00f2rics vinculats amb l&#039;estudi del lideratge empresarial.\" \/>\n<meta property=\"og:url\" content=\"https:\/\/barcainnovationhub.com\/ca\/product\/lideratge-etica-i-responsabilitat-social\/\" \/>\n<meta property=\"og:site_name\" content=\"Bar\u00e7a Innovation Hub\" \/>\n<meta property=\"article:publisher\" content=\"https:\/\/www.facebook.com\/fcbuniversitas\" \/>\n<meta property=\"article:modified_time\" content=\"2022-01-11T05:09:34+00:00\" \/>\n<meta property=\"og:image\" content=\"https:\/\/barcainnovationhub.com\/wp-content\/uploads\/2019\/01\/09a342ac-leadership-ethics-and-social-responsibility.jpg\" \/>\n\t<meta property=\"og:image:width\" content=\"1200\" \/>\n\t<meta property=\"og:image:height\" content=\"1200\" \/>\n<meta name=\"twitter:card\" content=\"summary\" \/>\n<meta name=\"twitter:title\" content=\"Lideratge, \u00c8tica i Responsabilitat Social\" \/>\n<meta name=\"twitter:description\" content=\"Bar\u00e7a Innovation Hub - Universitas, sota el guiatge del reconegut expert internacional Michael P. Hoffman, et d\u00f3na l&#039;oportunitat d&#039;investigar els diversos marcs te\u00f2rics vinculats amb l&#039;estudi del lideratge empresarial.\" \/>\n<meta name=\"twitter:image\" content=\"https:\/\/barcainnovationhub.com\/wp-content\/uploads\/2019\/01\/09a342ac-leadership-ethics-and-social-responsibility.jpg\" \/>\n<meta name=\"twitter:site\" content=\"@BarcaInnoHub\" \/>\n<script type=\"application\/ld+json\" class=\"yoast-schema-graph\">{\"@context\":\"https:\/\/schema.org\",\"@graph\":[{\"@type\":\"WebSite\",\"@id\":\"https:\/\/barcainnovationhub.com\/#website\",\"url\":\"https:\/\/barcainnovationhub.com\/\",\"name\":\"Bar\\u00e7a Innovation Hub\",\"description\":\"The worldwide centre for sports knowledge and innovation\",\"potentialAction\":[{\"@type\":\"SearchAction\",\"target\":{\"@type\":\"EntryPoint\",\"urlTemplate\":\"https:\/\/barcainnovationhub.com\/?s={search_term_string}\"},\"query-input\":\"required name=search_term_string\"}],\"inLanguage\":\"ca\"},{\"@type\":\"ImageObject\",\"@id\":\"https:\/\/barcainnovationhub.com\/ca\/product\/lideratge-etica-i-responsabilitat-social\/#primaryimage\",\"inLanguage\":\"ca\",\"url\":\"https:\/\/barcainnovationhub.com\/wp-content\/uploads\/2019\/01\/09a342ac-leadership-ethics-and-social-responsibility.jpg\",\"contentUrl\":\"https:\/\/barcainnovationhub.com\/wp-content\/uploads\/2019\/01\/09a342ac-leadership-ethics-and-social-responsibility.jpg\",\"width\":1200,\"height\":1200},{\"@type\":\"WebPage\",\"@id\":\"https:\/\/barcainnovationhub.com\/ca\/product\/lideratge-etica-i-responsabilitat-social\/#webpage\",\"url\":\"https:\/\/barcainnovationhub.com\/ca\/product\/lideratge-etica-i-responsabilitat-social\/\",\"name\":\"Lideratge, \\u00c8tica i Responsabilitat Social - Bar\\u00e7a Innovation Hub\",\"isPartOf\":{\"@id\":\"https:\/\/barcainnovationhub.com\/#website\"},\"datePublished\":\"2019-01-18T15:02:27+00:00\",\"dateModified\":\"2022-01-11T05:09:34+00:00\",\"description\":\"Aquest curs analitza les q\\u00fcestions \\u00e8tiques i el paper dels professionals empresaris en el proc\\u00e9s de guiar l\\u2019organitzaci\\u00f3 prioritzant el b\\u00e9 com\\u00fa.\",\"breadcrumb\":{\"@id\":\"https:\/\/barcainnovationhub.com\/ca\/product\/lideratge-etica-i-responsabilitat-social\/#breadcrumb\"},\"inLanguage\":\"ca\",\"potentialAction\":[{\"@type\":\"ReadAction\",\"target\":[\"https:\/\/barcainnovationhub.com\/ca\/product\/lideratge-etica-i-responsabilitat-social\/\"]}]},{\"@type\":\"BreadcrumbList\",\"@id\":\"https:\/\/barcainnovationhub.com\/ca\/product\/lideratge-etica-i-responsabilitat-social\/#breadcrumb\",\"itemListElement\":[{\"@type\":\"ListItem\",\"position\":1,\"name\":\"Portada\",\"item\":\"https:\/\/barcainnovationhub.com\/ca\/\"},{\"@type\":\"ListItem\",\"position\":2,\"name\":\"Productos\",\"item\":\"https:\/\/barcainnovationhub.com\/ca\/product\/\"},{\"@type\":\"ListItem\",\"position\":3,\"name\":\"Lideratge, \\u00c8tica i Responsabilitat Social\"}]}]}<\/script>\n<!-- \/ Yoast SEO plugin. -->","acf":{"external_id":"1368","header_image":108272,"column_title":"","titulo_incentivo":"Lideratge, \u00c8tica i Responsabilitat Social","precio":"200","precio_en_cuotas":"","precio_de_lista":"","mostrar_form":false,"promocion_vigente":"","duracion_del_curso":"1 M\u00eas","nivel_del_curso":"Introductori","modalidad_cursado":"Online","impartido_en":"Spanish","contenido":"<p>Bar\u00e7a Innovation Hub &#8211; Universitas, sota el guiatge del reconegut expert internacional Michael P. Hoffman, et d\u00f3na l&#8217;oportunitat d&#8217;investigar els diversos marcs te\u00f2rics vinculats amb l&#8217;estudi del lideratge empresarial. En aquest curs, far\u00e0s servir diferents marcs te\u00f2rics dels estudis sobre lideratge i el panorama filantr\u00f2pic mundial amb la finalitat de reflexionar sobre la responsabilitat social empresarial, la forma en qu\u00e8 els empresaris capdavanters resolen q\u00fcestions \u00e8tiques i el paper que tenen els empresaris professionals en el proc\u00e9s de guiar (administrar) l&#8217;organitzaci\u00f3, de manera que la prioritzaci\u00f3 del \u00abben com\u00fa\u00bb es pugui optimitzar personalment i professionalment per aconseguir un impacte social i de mercat.<\/p>\n","ocultar_video":true,"avalado_por":false,"pdf_brochure":"https:\/\/static.capabiliaserver.com\/frontend\/clients\/barca\/wp_prod\/wp-content\/uploads\/2019\/01\/40907bde-lideratge-etica-i-responsabilitat-social.pdf","cursos_que_lo_componen":[{"nombre_del_curso":"Lideratge, \u00c8tica i Responsabilitat Social","descripcion_del_curso":"<p>M\u00d2DUL 1: Els Fonaments Filos\u00f2fics del Lideratge Socialment Responsable<br \/>\nM\u00d2DUL 2: Els Empleats en qualitat de Coemprenedors<br \/>\nM\u00d2DUL 3: Plantejaments \u00c8tics de l'Economia dels Negocis Globals del segle XXI<br \/>\nM\u00d2DUL 4: El Paper de la Ind\u00fastria dels Esports i l'Entreteniment com a For\u00e7a pel B\u00e9 Social<\/p>\n"}],"preguntas_frecuentes":false,"contenidistas":false,"docentes_expertos":[{"foto":"https:\/\/static.capabiliaserver.com\/frontend\/clients\/barca\/wp\/wp-content\/uploads\/2019\/01\/michael_hoffman.jpg","nombre_del_docente":"Michael P. Hoffman","descripcion_del_docente":"Expert en filantropia, ha proporcionat orientaci\u00f3 estrat\u00e8gica per a organitzacions sense \u00e0nim de lucre l\u00edders a nivell global, organitzacions filantr\u00f2piques i corporacions en desenvolupament organitzatiu, recaptaci\u00f3 de fons, marca i comprom\u00eds social de les empreses.","enlace":""}],"imagen_destacada":false,"hubspot_product_id":"11975835","url_video":"","aprende_a":[{"item_aprende_a":"Comparar i contrastar les teories de lideratge m\u00e9s importants, a m\u00e9s de parlar dels punts clau de cada una d'elles."},{"item_aprende_a":"A trav\u00e9s de diferents escenaris corporatius, discutir i analitzar les responsabilitats i privilegis dels l\u00edders, decisions morals i \u00e8tiques incloses, a m\u00e9s de l'\u00fas correcte d'autoritat i poder."},{"item_aprende_a":"Analitzar el vostre estil propi de lideratge i avaluar l'impacte de cadascun en el lloc de treball."},{"item_aprende_a":"Examinar les difer\u00e8ncies entre un l\u00edder i un responsable i analitzar les perspectives que formen cada rol per tal de mantenir una empresa sana."},{"item_aprende_a":"Entendre i articular conceptes significatius relacionats amb l'estudi de lideratge."},{"item_aprende_a":"Discutir sobre la interacci\u00f3 d'\u00e8tica de lideratge i responsabilitat social, a m\u00e9s dels punts comuns entre diversos models de lideratge i el concepte de lideratge moral."},{"item_aprende_a":"Entendre i articular com es pot prioritzar el \"\"b\u00e9 com\u00fa\"\" per millorar a nivell personal i professional i crear un l'impacte social i en el mercat."}],"fecha_de_inicio":"10062021","id_magento":"197","producto_path":false,"titulo_seccion_testimonios":"","slider_testimonios":false,"imagen_de_fondo_testimonios":false,"color_de_fondo_testimonios":"","activar_banner_1":false,"banner_1":false,"activar_banner_2":false,"banner_2":false,"activar_banner_3":false,"banner_3":false,"segunda_fecha_de_inicio":"","zona_horaria":"Europe\/Madrid","activar_nuevos_banners":false,"mostrar_banner_1":false,"crear_banner_1":{"utilizar_imagen_unica_para_banner":false,"asignar_imagen_unica_para_banner":false,"mostrar_titulo_banner":false,"titulo_para_banner":"","mostrar_subtitulo_banner":false,"subtitulo_del_banner":"","mostrar_cta_banner":false,"texto_cta_banner":"","url_cta_banner":"","fondo_de_color_banner":"","fondo_de_imagen_banner":false,"mostrar_imagen_izquierda_banner":false,"asignar_imagen_izquierda_banner":false},"mostrar_banner_2":false,"crear_banner_2":{"utilizar_imagen_unica_para_banner":false,"asignar_imagen_unica_para_banner":false,"mostrar_titulo_banner":false,"titulo_para_banner":"","mostrar_subtitulo_banner":false,"subtitulo_del_banner":"","mostrar_cta_banner":false,"texto_cta_banner":"","url_cta_banner":"","fondo_de_color_banner":"","fondo_de_imagen_banner":false,"mostrar_imagen_izquierda_banner":false,"asignar_imagen_izquierda_banner":false},"mostrar_banner_3":false,"crear_banner_3":{"utilizar_imagen_unica_para_banner":false,"asignar_imagen_unica_para_banner":false,"mostrar_titulo_banner":false,"titulo_para_banner":"","mostrar_subtitulo_banner":false,"subtitulo_del_banner":"","mostrar_cta_banner":false,"texto_cta_banner":"","url_cta_banner":"","fondo_de_color_banner":"","fondo_de_imagen_banner":false,"mostrar_imagen_izquierda_banner":false,"asignar_imagen_izquierda_banner":false}},"idiomas":{"en":10338,"es":10350,"ar":10348,"ca":10348,"ru":10348,"pt":10349},"_links":{"self":[{"href":"https:\/\/barcainnovationhub.com\/ca\/wp-json\/wp\/v2\/products\/10348"}],"collection":[{"href":"https:\/\/barcainnovationhub.com\/ca\/wp-json\/wp\/v2\/products"}],"about":[{"href":"https:\/\/barcainnovationhub.com\/ca\/wp-json\/wp\/v2\/types\/product"}],"author":[{"embeddable":true,"href":"https:\/\/barcainnovationhub.com\/ca\/wp-json\/wp\/v2\/users\/1"}],"replies":[{"embeddable":true,"href":"https:\/\/barcainnovationhub.com\/ca\/wp-json\/wp\/v2\/comments?post=10348"}],"version-history":[{"count":5,"href":"https:\/\/barcainnovationhub.com\/ca\/wp-json\/wp\/v2\/products\/10348\/revisions"}],"predecessor-version":[{"id":116415,"href":"https:\/\/barcainnovationhub.com\/ca\/wp-json\/wp\/v2\/products\/10348\/revisions\/116415"}],"wp:attachment":[{"href":"https:\/\/barcainnovationhub.com\/ca\/wp-json\/wp\/v2\/media?parent=10348"}],"wp:term":[{"taxonomy":"category","embeddable":true,"href":"https:\/\/barcainnovationhub.com\/ca\/wp-json\/wp\/v2\/categories?post=10348"}],"curies":[{"name":"wp","href":"https:\/\/api.w.org\/{rel}","templated":true}]}}