{"id":10384,"date":"2019-01-18T13:52:53","date_gmt":"2019-01-18T16:52:53","guid":{"rendered":"https:\/\/barcainnovationhub.com\/product\/certificate-in-workload-and-injury-in-team-sports\/"},"modified":"2022-01-11T01:31:09","modified_gmt":"2022-01-11T04:31:09","slug":"certificat-en-carrega-de-treball-i-lesions-en-esports-dequip","status":"publish","type":"product","link":"https:\/\/barcainnovationhub.com\/ca\/product\/certificat-en-carrega-de-treball-i-lesions-en-esports-dequip\/","title":{"rendered":"Certificat en C\u00e0rrega de Treball i Lesions en Esports d\u2019Equip"},"content":{"rendered":"","protected":false},"excerpt":{"rendered":"","protected":false},"author":1,"featured_media":0,"comment_status":"open","ping_status":"closed","template":"","meta":[],"categories":[112,112],"yoast_head":"<!-- This site is optimized with the Yoast SEO plugin v16.6.1 - https:\/\/yoast.com\/wordpress\/plugins\/seo\/ -->\n<meta name=\"description\" content=\"Curs en l\u00ednia per gestionar dades del monitoratge de c\u00e0rrega de treball esportiu, amb l\u2019objectiu d\u2019evitar lesions. Expert: Tim Gabbett\" \/>\n<meta name=\"robots\" content=\"index, follow, max-snippet:-1, max-image-preview:large, max-video-preview:-1\" \/>\n<link rel=\"canonical\" href=\"https:\/\/barcainnovationhub.com\/ca\/product\/certificat-en-carrega-de-treball-i-lesions-en-esports-dequip\/\" \/>\n<meta property=\"og:locale\" content=\"ca_ES\" \/>\n<meta property=\"og:type\" content=\"article\" \/>\n<meta property=\"og:title\" content=\"Certificat en C\u00e0rrega de Treball i Lesions en Esports d\u2019Equip\" \/>\n<meta property=\"og:description\" content=\"Curs en l\u00ednia per gestionar dades del monitoratge de c\u00e0rrega de treball esportiu, amb l\u2019objectiu d\u2019evitar lesions. Expert: Tim Gabbett\" \/>\n<meta property=\"og:url\" content=\"https:\/\/barcainnovationhub.com\/ca\/product\/certificat-en-carrega-de-treball-i-lesions-en-esports-dequip\/\" \/>\n<meta property=\"og:site_name\" content=\"Bar\u00e7a Innovation Hub\" \/>\n<meta property=\"article:publisher\" content=\"https:\/\/www.facebook.com\/fcbuniversitas\" \/>\n<meta property=\"article:modified_time\" content=\"2022-01-11T04:31:09+00:00\" \/>\n<meta property=\"og:image\" content=\"https:\/\/barcainnovationhub.com\/wp-content\/uploads\/2019\/01\/d971a8b1-certificate-in-workload-and-injury-in-team-sports-2.jpg\" \/>\n\t<meta property=\"og:image:width\" content=\"1200\" \/>\n\t<meta property=\"og:image:height\" content=\"1200\" \/>\n<meta name=\"twitter:card\" content=\"summary\" \/>\n<meta name=\"twitter:title\" content=\"Certificat en C\u00e0rrega de Treball i Lesions en Esports d\u2019Equip\" \/>\n<meta name=\"twitter:image\" content=\"https:\/\/barcainnovationhub.com\/wp-content\/uploads\/2019\/01\/d971a8b1-certificate-in-workload-and-injury-in-team-sports-2.jpg\" \/>\n<meta name=\"twitter:site\" content=\"@BarcaInnoHub\" \/>\n<script type=\"application\/ld+json\" class=\"yoast-schema-graph\">{\"@context\":\"https:\/\/schema.org\",\"@graph\":[{\"@type\":\"WebSite\",\"@id\":\"https:\/\/barcainnovationhub.com\/#website\",\"url\":\"https:\/\/barcainnovationhub.com\/\",\"name\":\"Bar\\u00e7a Innovation Hub\",\"description\":\"The worldwide centre for sports knowledge and innovation\",\"potentialAction\":[{\"@type\":\"SearchAction\",\"target\":{\"@type\":\"EntryPoint\",\"urlTemplate\":\"https:\/\/barcainnovationhub.com\/?s={search_term_string}\"},\"query-input\":\"required name=search_term_string\"}],\"inLanguage\":\"ca\"},{\"@type\":\"ImageObject\",\"@id\":\"https:\/\/barcainnovationhub.com\/ca\/product\/certificat-en-carrega-de-treball-i-lesions-en-esports-dequip\/#primaryimage\",\"inLanguage\":\"ca\",\"url\":\"https:\/\/barcainnovationhub.com\/wp-content\/uploads\/2019\/01\/d971a8b1-certificate-in-workload-and-injury-in-team-sports-2.jpg\",\"contentUrl\":\"https:\/\/barcainnovationhub.com\/wp-content\/uploads\/2019\/01\/d971a8b1-certificate-in-workload-and-injury-in-team-sports-2.jpg\",\"width\":1200,\"height\":1200},{\"@type\":\"WebPage\",\"@id\":\"https:\/\/barcainnovationhub.com\/ca\/product\/certificat-en-carrega-de-treball-i-lesions-en-esports-dequip\/#webpage\",\"url\":\"https:\/\/barcainnovationhub.com\/ca\/product\/certificat-en-carrega-de-treball-i-lesions-en-esports-dequip\/\",\"name\":\"Certificat en C\\u00e0rrega de Treball i Lesions en Esports d\\u2019Equip - Bar\\u00e7a Innovation Hub\",\"isPartOf\":{\"@id\":\"https:\/\/barcainnovationhub.com\/#website\"},\"datePublished\":\"2019-01-18T16:52:53+00:00\",\"dateModified\":\"2022-01-11T04:31:09+00:00\",\"description\":\"Curs en l\\u00ednia per gestionar dades del monitoratge de c\\u00e0rrega de treball esportiu, amb l\\u2019objectiu d\\u2019evitar lesions. Expert: Tim Gabbett\",\"breadcrumb\":{\"@id\":\"https:\/\/barcainnovationhub.com\/ca\/product\/certificat-en-carrega-de-treball-i-lesions-en-esports-dequip\/#breadcrumb\"},\"inLanguage\":\"ca\",\"potentialAction\":[{\"@type\":\"ReadAction\",\"target\":[\"https:\/\/barcainnovationhub.com\/ca\/product\/certificat-en-carrega-de-treball-i-lesions-en-esports-dequip\/\"]}]},{\"@type\":\"BreadcrumbList\",\"@id\":\"https:\/\/barcainnovationhub.com\/ca\/product\/certificat-en-carrega-de-treball-i-lesions-en-esports-dequip\/#breadcrumb\",\"itemListElement\":[{\"@type\":\"ListItem\",\"position\":1,\"name\":\"Portada\",\"item\":\"https:\/\/barcainnovationhub.com\/ca\/\"},{\"@type\":\"ListItem\",\"position\":2,\"name\":\"Productos\",\"item\":\"https:\/\/barcainnovationhub.com\/ca\/product\/\"},{\"@type\":\"ListItem\",\"position\":3,\"name\":\"Certificat en C\\u00e0rrega de Treball i Lesions en Esports d\\u2019Equip\"}]}]}<\/script>\n<!-- \/ Yoast SEO plugin. -->","acf":{"external_id":"1375","header_image":108537,"column_title":"","titulo_incentivo":"Certificat en C\u00e0rrega de Treball i Lesions en Esports d\u2019Equip","precio":"625","precio_en_cuotas":"4 pagaments mensuals de 156,25 \u20ac","precio_de_lista":"","mostrar_form":false,"promocion_vigente":"","duracion_del_curso":"4 mesos","nivel_del_curso":"Avan\u00e7at","modalidad_cursado":"Online","impartido_en":"Spanish","contenido":"<p>Partint de la premissa que \u00e9s impossible gestionar all\u00f2 que no es pot mesurar, tots aquells involucrats en la construcci\u00f3 d\u2019un proc\u00e9s en esports d\u2019equip necessiten posar valors a les demandes f\u00edsiques i fisiol\u00f2giques d\u2019aquesta disciplina, tant en la competici\u00f3 com en l\u2019entrenament. \u00c9s per aix\u00f2 que el control, el maneig i la gesti\u00f3 de la c\u00e0rrega de treball han estat un dels aspectes que han generat m\u00e9s inter\u00e8s als entrenadors i preparadors f\u00edsics, des de la segona meitat del segle XX fins a l\u2019actualitat.<\/p>\n<p>La tecnologia ha tingut un rol fonamental en aquest aspecte, ja que ha fet de la recol\u00b7lecci\u00f3 de dades una tasca cada vegada m\u00e9s simple i efectiva. Des de la inclusi\u00f3 de dispositius GPS i acceler\u00f2metres, entre altres, els entrenadors i preparadors f\u00edsics tenen la possibilitat de con\u00e8ixer i avaluar cada vegada m\u00e9s variables d\u2019entrenament buscant aconseguir dos grans objectius: l\u2019augment del rendiment i la prevenci\u00f3 de lesions.<\/p>\n<p>En aquest sentit, <strong>Tim Gabbett<\/strong> \u00e9s un especialista amb un llarg cam\u00ed recorregut en l\u2019\u00e0rea que actualment capacita els cossos d\u2019entrenadors de les lligues m\u00e9s grans del m\u00f3n en diferents esports d\u2019equip com futbol, rugbi i b\u00e0squet. La capacitat que t\u00e9 d\u2019incloure les variables de c\u00e0rrega d&#8217;entrenament dins d\u2019un context tant individual com col\u00b7lectiu converteix aquest autor en un referent en la tem\u00e0tica.<\/p>\n<p>Els valors i les dades de c\u00e0rrega no s\u2019han d\u2019utilitzar ni d\u2019analitzar de manera a\u00efllada, sin\u00f3 en funci\u00f3 de variables com ara les caracter\u00edstiques individuals, el moment de la temporada, la posici\u00f3 de l\u2019equip en la competici\u00f3, etc. En el\u00a0<strong>Certificat en C\u00e0rrega de Treball i Lesions en Esports d\u2019Equip<\/strong>, obtindr\u00e0s eines i habilitats que et permetran desenvolupar una metodologia de gesti\u00f3 de la c\u00e0rrega amb l&#8217;objectiu de minimitzar la incid\u00e8ncia de lesions en els teus esportistes.<\/p>\n","ocultar_video":false,"avalado_por":false,"pdf_brochure":"https:\/\/static.capabiliaserver.com\/frontend\/clients\/barca\/wp_prod\/wp-content\/uploads\/2019\/01\/c8de923e-certificat-en-ca\u0300rrega-de-treball-i-lesions-en-esports-dequip.pdf","cursos_que_lo_componen":[{"nombre_del_curso":"Un millor abordatge pr\u00e0ctic al monitoratge de la c\u00e0rrega de treball","descripcion_del_curso":"<p>M\u00d2DUL 1: Per qu\u00e8 es produeixen les lesions?<br \/>\nM\u00d2DUL 2: El model fitness-fatiga<br \/>\nM\u00d2DUL 3: R\u00e0tio de la c\u00e0rrega aguda:cr\u00f2nica i la seva relaci\u00f3 amb la lesi\u00f3<br \/>\nM\u00d2DUL 4: Controv\u00e8rsies recents i aplicacions pr\u00e0ctiques de les dades <\/p>\n"},{"nombre_del_curso":"La paradoxa de l\u2019entrenament - prevenci\u00f3 de lesions","descripcion_del_curso":"<p>M\u00d2DUL 1: Les relacions entrenament-rendiment i c\u00e0rrega-lesi\u00f3<br \/>\nM\u00d2DUL 2: \u00c9s l\u2019entrenament realment el problema?<br \/>\nM\u00d2DUL 3: Import\u00e0ncia d\u2019una bona pretemporada: moderadors i mediadors de la c\u00e0rrega d\u2019entrenament<br \/>\nM\u00d2DUL 4: Preguntes freq\u00fcents i interpretaci\u00f3 de les dades de monitoratge de l\u2019entrenament<\/p>\n"},{"nombre_del_curso":"Per a qu\u00e8 entrenem?","descripcion_del_curso":"<p>M\u00d2DUL 1: Demandes f\u00edsiques de la competici\u00f3<br \/>\nM\u00d2DUL 2: El pitjor dels escenaris<br \/>\nM\u00d2DUL 3: Jocs redu\u00efts i competici\u00f3<br \/>\nM\u00d2DUL 4: L\u2019efecte \u201cfatiga\u201d del contacte. Els equips guanyadors busquen guanyar el torcebra\u00e7<\/p>\n"},{"nombre_del_curso":"Entrenament efica\u00e7 i d\u2019alta intensitat","descripcion_del_curso":"<p>M\u00d2DUL 1: La r\u00e0tio no ho \u00e9s tot!<br \/>\nM\u00d2DUL 2: No tots els entrenaments comporten el mateix risc de lesi\u00f3<br \/>\nM\u00d2DUL 3: Vies per desxifrar el dolor: la fatiga en atletes<br \/>\nM\u00d2DUL 4: La c\u00e0rrega \u00f2ptima dep\u00e8n de factors diferents de la c\u00e0rrega<\/p>\n"}],"preguntas_frecuentes":false,"contenidistas":false,"docentes_expertos":[{"foto":"https:\/\/barcainnovationhub.com\/wp-content\/uploads\/2019\/01\/4cc0feab-tim_gabbett.jpg","nombre_del_docente":"Tim Gabbett","descripcion_del_docente":"Consultor d\u2019alt rendiment. 20 anys d\u2019experi\u00e8ncia en ci\u00e8ncies aplicades a l\u2019esport, treballant amb atletes i entrenadors d\u2019una \u00e0mplia gamma d\u2019esports. ","enlace":""}],"imagen_destacada":false,"hubspot_product_id":"11974633","url_video":"https:\/\/www.youtube.com\/embed\/27eS0LhOjYE","aprende_a":[{"item_aprende_a":"Analitzar les dades del monitoratge de la c\u00e0rrega de treball per orientar el proc\u00e9s d\u2019entrenament cap a la prevenci\u00f3 de lesions i el conseg\u00fcent augment del rendiment esportiu. "}],"fecha_de_inicio":"10072021","id_magento":"190","producto_path":false,"titulo_seccion_testimonios":"","slider_testimonios":false,"imagen_de_fondo_testimonios":false,"color_de_fondo_testimonios":"","segunda_fecha_de_inicio":"25072021","zona_horaria":"Europe\/Madrid","activar_banner_1":false,"banner_1":false,"activar_banner_2":false,"banner_2":false,"activar_banner_3":false,"banner_3":false,"activar_nuevos_banners":false,"mostrar_banner_1":false,"crear_banner_1":{"utilizar_imagen_unica_para_banner":false,"asignar_imagen_unica_para_banner":false,"mostrar_titulo_banner":false,"titulo_para_banner":"","mostrar_subtitulo_banner":false,"subtitulo_del_banner":"","mostrar_cta_banner":false,"texto_cta_banner":"","url_cta_banner":"","fondo_de_color_banner":"","fondo_de_imagen_banner":false,"mostrar_imagen_izquierda_banner":false,"asignar_imagen_izquierda_banner":false},"mostrar_banner_2":false,"crear_banner_2":{"utilizar_imagen_unica_para_banner":false,"asignar_imagen_unica_para_banner":false,"mostrar_titulo_banner":false,"titulo_para_banner":"","mostrar_subtitulo_banner":false,"subtitulo_del_banner":"","mostrar_cta_banner":false,"texto_cta_banner":"","url_cta_banner":"","fondo_de_color_banner":"","fondo_de_imagen_banner":false,"mostrar_imagen_izquierda_banner":false,"asignar_imagen_izquierda_banner":false},"mostrar_banner_3":false,"crear_banner_3":{"utilizar_imagen_unica_para_banner":false,"asignar_imagen_unica_para_banner":false,"mostrar_titulo_banner":false,"titulo_para_banner":"","mostrar_subtitulo_banner":false,"subtitulo_del_banner":"","mostrar_cta_banner":false,"texto_cta_banner":"","url_cta_banner":"","fondo_de_color_banner":"","fondo_de_imagen_banner":false,"mostrar_imagen_izquierda_banner":false,"asignar_imagen_izquierda_banner":false}},"idiomas":{"en":10379,"es":10386,"ar":10384,"ca":10384,"ru":10384,"pt":10385},"_links":{"self":[{"href":"https:\/\/barcainnovationhub.com\/ca\/wp-json\/wp\/v2\/products\/10384"}],"collection":[{"href":"https:\/\/barcainnovationhub.com\/ca\/wp-json\/wp\/v2\/products"}],"about":[{"href":"https:\/\/barcainnovationhub.com\/ca\/wp-json\/wp\/v2\/types\/product"}],"author":[{"embeddable":true,"href":"https:\/\/barcainnovationhub.com\/ca\/wp-json\/wp\/v2\/users\/1"}],"replies":[{"embeddable":true,"href":"https:\/\/barcainnovationhub.com\/ca\/wp-json\/wp\/v2\/comments?post=10384"}],"version-history":[{"count":5,"href":"https:\/\/barcainnovationhub.com\/ca\/wp-json\/wp\/v2\/products\/10384\/revisions"}],"predecessor-version":[{"id":116364,"href":"https:\/\/barcainnovationhub.com\/ca\/wp-json\/wp\/v2\/products\/10384\/revisions\/116364"}],"wp:attachment":[{"href":"https:\/\/barcainnovationhub.com\/ca\/wp-json\/wp\/v2\/media?parent=10384"}],"wp:term":[{"taxonomy":"category","embeddable":true,"href":"https:\/\/barcainnovationhub.com\/ca\/wp-json\/wp\/v2\/categories?post=10384"}],"curies":[{"name":"wp","href":"https:\/\/api.w.org\/{rel}","templated":true}]}}