{"id":10392,"date":"2019-01-18T14:12:59","date_gmt":"2019-01-18T17:12:59","guid":{"rendered":"https:\/\/barcainnovationhub.com\/product\/certificate-in-team-sports-physician-essential-concepts\/"},"modified":"2022-01-11T01:48:40","modified_gmt":"2022-01-11T04:48:40","slug":"certificat-en-metge-dequip-conceptes-essencials","status":"publish","type":"product","link":"https:\/\/barcainnovationhub.com\/ca\/product\/certificat-en-metge-dequip-conceptes-essencials\/","title":{"rendered":"Certificat en Metge d\u2019Equip \u2013 Conceptes essencials"},"content":{"rendered":"","protected":false},"excerpt":{"rendered":"","protected":false},"author":1,"featured_media":0,"comment_status":"open","ping_status":"closed","template":"","meta":[],"categories":[112,112],"yoast_head":"<!-- This site is optimized with the Yoast SEO plugin v16.6.1 - https:\/\/yoast.com\/wordpress\/plugins\/seo\/ -->\n<meta name=\"description\" content=\"En aquest curs aprendr\u00e0s estrat\u00e8gies de prevenci\u00f3 i rehabilitaci\u00f3 de lesions i els diferents mecanismes lesius en esports d\u2019equip.\" \/>\n<meta name=\"robots\" content=\"index, follow, max-snippet:-1, max-image-preview:large, max-video-preview:-1\" \/>\n<link rel=\"canonical\" href=\"https:\/\/barcainnovationhub.com\/ca\/product\/certificat-en-metge-dequip-conceptes-essencials\/\" \/>\n<meta property=\"og:locale\" content=\"ca_ES\" \/>\n<meta property=\"og:type\" content=\"article\" \/>\n<meta property=\"og:title\" content=\"Certificat en Metge d\u2019Equip \u2013 Conceptes essencials\" \/>\n<meta property=\"og:description\" content=\"La ind\u00fastria del deport es troba immersa en una gran revoluci\u00f3. Cada dia observem com atletes i equips de tots els esports superen els seus l\u00edmits i es marquen objectius nous i desafiadors. No obstant aix\u00f2, l\u2019augment constant de la pressi\u00f3 per assolir els objectius pot comportar un augment en el nombre de lesions.\" \/>\n<meta property=\"og:url\" content=\"https:\/\/barcainnovationhub.com\/ca\/product\/certificat-en-metge-dequip-conceptes-essencials\/\" \/>\n<meta property=\"og:site_name\" content=\"Bar\u00e7a Innovation Hub\" \/>\n<meta property=\"article:publisher\" content=\"https:\/\/www.facebook.com\/fcbuniversitas\" \/>\n<meta property=\"article:modified_time\" content=\"2022-01-11T04:48:40+00:00\" \/>\n<meta property=\"og:image\" content=\"https:\/\/barcainnovationhub.com\/wp-content\/uploads\/2019\/01\/0a42a423-certificate-in-team-sports-physician-essential-concepts.jpg\" \/>\n\t<meta property=\"og:image:width\" content=\"1200\" \/>\n\t<meta property=\"og:image:height\" content=\"1200\" \/>\n<meta name=\"twitter:card\" content=\"summary\" \/>\n<meta name=\"twitter:title\" content=\"Certificat en Metge d\u2019Equip \u2013 Conceptes essencials\" \/>\n<meta name=\"twitter:description\" content=\"La ind\u00fastria del deport es troba immersa en una gran revoluci\u00f3. Cada dia observem com atletes i equips de tots els esports superen els seus l\u00edmits i es marquen objectius nous i desafiadors. No obstant aix\u00f2, l\u2019augment constant de la pressi\u00f3 per assolir els objectius pot comportar un augment en el nombre de lesions.\" \/>\n<meta name=\"twitter:image\" content=\"https:\/\/barcainnovationhub.com\/wp-content\/uploads\/2019\/01\/0a42a423-certificate-in-team-sports-physician-essential-concepts.jpg\" \/>\n<meta name=\"twitter:site\" content=\"@BarcaInnoHub\" \/>\n<script type=\"application\/ld+json\" class=\"yoast-schema-graph\">{\"@context\":\"https:\/\/schema.org\",\"@graph\":[{\"@type\":\"WebSite\",\"@id\":\"https:\/\/barcainnovationhub.com\/#website\",\"url\":\"https:\/\/barcainnovationhub.com\/\",\"name\":\"Bar\\u00e7a Innovation Hub\",\"description\":\"The worldwide centre for sports knowledge and innovation\",\"potentialAction\":[{\"@type\":\"SearchAction\",\"target\":{\"@type\":\"EntryPoint\",\"urlTemplate\":\"https:\/\/barcainnovationhub.com\/?s={search_term_string}\"},\"query-input\":\"required name=search_term_string\"}],\"inLanguage\":\"ca\"},{\"@type\":\"ImageObject\",\"@id\":\"https:\/\/barcainnovationhub.com\/ca\/product\/certificat-en-metge-dequip-conceptes-essencials\/#primaryimage\",\"inLanguage\":\"ca\",\"url\":\"https:\/\/barcainnovationhub.com\/wp-content\/uploads\/2019\/01\/0a42a423-certificate-in-team-sports-physician-essential-concepts.jpg\",\"contentUrl\":\"https:\/\/barcainnovationhub.com\/wp-content\/uploads\/2019\/01\/0a42a423-certificate-in-team-sports-physician-essential-concepts.jpg\",\"width\":1200,\"height\":1200},{\"@type\":\"WebPage\",\"@id\":\"https:\/\/barcainnovationhub.com\/ca\/product\/certificat-en-metge-dequip-conceptes-essencials\/#webpage\",\"url\":\"https:\/\/barcainnovationhub.com\/ca\/product\/certificat-en-metge-dequip-conceptes-essencials\/\",\"name\":\"Certificat en Metge d\\u2019Equip \\u2013 Conceptes essencials - Bar\\u00e7a Innovation Hub\",\"isPartOf\":{\"@id\":\"https:\/\/barcainnovationhub.com\/#website\"},\"datePublished\":\"2019-01-18T17:12:59+00:00\",\"dateModified\":\"2022-01-11T04:48:40+00:00\",\"description\":\"En aquest curs aprendr\\u00e0s estrat\\u00e8gies de prevenci\\u00f3 i rehabilitaci\\u00f3 de lesions i els diferents mecanismes lesius en esports d\\u2019equip.\",\"breadcrumb\":{\"@id\":\"https:\/\/barcainnovationhub.com\/ca\/product\/certificat-en-metge-dequip-conceptes-essencials\/#breadcrumb\"},\"inLanguage\":\"ca\",\"potentialAction\":[{\"@type\":\"ReadAction\",\"target\":[\"https:\/\/barcainnovationhub.com\/ca\/product\/certificat-en-metge-dequip-conceptes-essencials\/\"]}]},{\"@type\":\"BreadcrumbList\",\"@id\":\"https:\/\/barcainnovationhub.com\/ca\/product\/certificat-en-metge-dequip-conceptes-essencials\/#breadcrumb\",\"itemListElement\":[{\"@type\":\"ListItem\",\"position\":1,\"name\":\"Portada\",\"item\":\"https:\/\/barcainnovationhub.com\/ca\/\"},{\"@type\":\"ListItem\",\"position\":2,\"name\":\"Productos\",\"item\":\"https:\/\/barcainnovationhub.com\/ca\/product\/\"},{\"@type\":\"ListItem\",\"position\":3,\"name\":\"Certificat en Metge d\\u2019Equip \\u2013 Conceptes essencials\"}]}]}<\/script>\n<!-- \/ Yoast SEO plugin. -->","acf":{"external_id":"1371","header_image":108507,"column_title":"","titulo_incentivo":"Certificat en Metge d\u2019Equip \u2013 Conceptes essencials","precio":"625","precio_en_cuotas":"4 pagaments mensuals de 156,25 \u20ac","precio_de_lista":"","mostrar_form":false,"promocion_vigente":"","duracion_del_curso":"4 Mesos","nivel_del_curso":"Avan\u00e7at","modalidad_cursado":"Online","impartido_en":"Spanish","contenido":"<p>La ind\u00fastria del deport es troba immersa en una gran revoluci\u00f3. Cada dia observem com atletes i equips de tots els esports superen els seus l\u00edmits i es marquen objectius nous i desafiadors. No obstant aix\u00f2, l\u2019augment constant de la pressi\u00f3 per assolir els objectius pot comportar un augment en el nombre de lesions. En aquest context, el metge d\u2019equip es converteix en un actor crucial, amb m\u00e9s abast i complexitat, la qual cosa provoca una necessitat m\u00e9s important d\u2019especificitat en les capacitacions i cursos que es troben en el mercat. Els professionals de la Medicina Esportiva s\u00f3n clau per a la salut dels atletes en tots els nivells, ja que col\u00b7laboren en el diagn\u00f2stic i el tractament de lesions, i tamb\u00e9 en la prevenci\u00f3 de dolors, lesions i males pr\u00e0ctiques.<\/p>\n<p>En el <strong>Certificat en Metge d\u2019Equip<\/strong>, Gil Rodas desenvolupa els conceptes essencials inherents a la medicina d\u2019esports d\u2019equip, inclosos la millora del control nutricional, l\u2019aprofundiment en la fisiologia de l\u2019esfor\u00e7 per obtenir millors resultats f\u00edsics, l\u2019establiment de criteris terap\u00e8utics per a una recuperaci\u00f3 r\u00e0pida, l\u2019estudi detallat de les ajudes ergog\u00e8niques abans i despr\u00e9s de l\u2019esfor\u00e7 i, per descomptat, la comprensi\u00f3 de la gran problem\u00e0tica sobre el tema del dopatge. En acabar aquest Certificat, estar\u00e0s capacitat per prendre millors decisions en l\u2019\u00e0mbit de les ci\u00e8ncies de l\u2019exercici aplicades als esports d\u2019equip.<\/p>\n<p>&nbsp;<\/p>\n<p><em>ACLARIMENT. Aquest Certificat no acredita la possibilitat d\u2019exercir professionalment des de la medicina esportiva.<\/em><\/p>\n","ocultar_video":false,"avalado_por":false,"pdf_brochure":"https:\/\/static.capabiliaserver.com\/frontend\/clients\/barca\/wp_prod\/wp-content\/uploads\/2019\/01\/aedc67aa-certificat-en-metge-dequip-\u2013-conceptes-essencials.pdf","cursos_que_lo_componen":[{"nombre_del_curso":"El metge d\u2019equip i la gesti\u00f3 de dades","descripcion_del_curso":"<p>M\u00d2DUL 1: Rol del metge d\u2019equip<br \/>\nM\u00d2DUL 2: Gesti\u00f3 de dades i metodologia<br \/>\nM\u00d2DUL 3: Lesions esportives en altres poblacions<br \/>\nM\u00d2DUL 4: Monitoratge de les c\u00e0rregues de treball<\/p>\n"},{"nombre_del_curso":"Lesions i esports d\u2019equip","descripcion_del_curso":"<p>M\u00d2DUL 1: Prevenci\u00f3 i readaptaci\u00f3 de lesions<br \/>\nM\u00d2DUL 2: Gesti\u00f3 de la lesi\u00f3 muscular i tendinopatia<br \/>\nM\u00d2DUL 3: Gesti\u00f3 de la lesi\u00f3 articular i \u00f2ssia<br \/>\nM\u00d2DUL 4: Presa de decisions i tornada a la competici\u00f3<\/p>\n"},{"nombre_del_curso":"Patologia en esports d\u2019equip","descripcion_del_curso":"<p>M\u00d2DUL 1: Gesti\u00f3 de la patologia m\u00e8dica 1<br \/>\nM\u00d2DUL 2: Gesti\u00f3 de la patologia m\u00e8dica 2<br \/>\nM\u00d2DUL 3: Patologies espec\u00edfiques per esport<br \/>\nM\u00d2DUL 4: Esports i competicions especials<\/p>\n"},{"nombre_del_curso":"Aspectes inherents al metge d\u2019equip","descripcion_del_curso":"<p>M\u00d2DUL 1: Diagn\u00f2stic per imatges: I\u00b4\u00fas de l\u00b4ultras\u00f2 com a eina b\u00e0sica del metge d\u00b4equip<br \/>\nM\u00d2DUL 2: Nutrici\u00f3 i ajuts ergog\u00e8nics<br \/>\nM\u00d2DUL 3: Lluita Antidopatge<br \/>\nM\u00d2DUL 4: Comunicaci\u00f3, lideratge i gesti\u00f3 del grup<\/p>\n"}],"preguntas_frecuentes":false,"contenidistas":false,"docentes_expertos":[{"foto":"https:\/\/barcainnovationhub.com\/wp-content\/uploads\/2019\/01\/8494207e-gil-rodas.jpg","nombre_del_docente":"Gil Rodas Font","descripcion_del_docente":"Doctor en Medicina i Cirurgia. Especialista en Medicina de l\u2019Educaci\u00f3 F\u00edsica i l\u2019Esport. Responsable de l\u2019\u00e0rea de Serveis M\u00e8dics del Bar\u00e7a Innovation Hub. ","enlace":""}],"imagen_destacada":"https:\/\/barcainnovationhub.com\/wp-content\/uploads\/2019\/01\/c8fe5650-certificate-in-team-sports-physician-essential-concepts_portada-300x102.jpg","hubspot_product_id":"11980877","url_video":"https:\/\/www.youtube.com\/embed\/KqAFn1b_huQ","aprende_a":[{"item_aprende_a":"Manejar i gestionar les dades obtingudes de les avaluacions i el monitoratge del rendiment i les lesions de l\u2019equip, en comparaci\u00f3 amb les dades provinents de la ci\u00e8ncia i l\u2019entrenament. "},{"item_aprende_a":"Con\u00e8ixer les caracter\u00edstiques fonamentals tant d\u2019estrat\u00e8gies de prevenci\u00f3 i rehabilitaci\u00f3 de lesions, com dels diferents mecanismes lesius en esports d\u2019equip. "},{"item_aprende_a":"Manejar les patologies i lesions diferenciades per esport. "},{"item_aprende_a":"Dominar tem\u00e0tiques complement\u00e0ries, inherents al metge d\u2019equip."}],"fecha_de_inicio":"10082021","id_magento":"180","producto_path":false,"titulo_seccion_testimonios":"","slider_testimonios":false,"imagen_de_fondo_testimonios":false,"color_de_fondo_testimonios":"","segunda_fecha_de_inicio":"","zona_horaria":"Europe\/Madrid","activar_banner_1":false,"banner_1":false,"activar_banner_2":false,"banner_2":false,"activar_banner_3":false,"banner_3":false,"activar_nuevos_banners":false,"mostrar_banner_1":false,"crear_banner_1":{"utilizar_imagen_unica_para_banner":false,"asignar_imagen_unica_para_banner":false,"mostrar_titulo_banner":false,"titulo_para_banner":"","mostrar_subtitulo_banner":false,"subtitulo_del_banner":"","mostrar_cta_banner":false,"texto_cta_banner":"","url_cta_banner":"","fondo_de_color_banner":"","fondo_de_imagen_banner":false,"mostrar_imagen_izquierda_banner":false,"asignar_imagen_izquierda_banner":false},"mostrar_banner_2":false,"crear_banner_2":{"utilizar_imagen_unica_para_banner":false,"asignar_imagen_unica_para_banner":false,"mostrar_titulo_banner":false,"titulo_para_banner":"","mostrar_subtitulo_banner":false,"subtitulo_del_banner":"","mostrar_cta_banner":false,"texto_cta_banner":"","url_cta_banner":"","fondo_de_color_banner":"","fondo_de_imagen_banner":false,"mostrar_imagen_izquierda_banner":false,"asignar_imagen_izquierda_banner":false},"mostrar_banner_3":false,"crear_banner_3":{"utilizar_imagen_unica_para_banner":false,"asignar_imagen_unica_para_banner":false,"mostrar_titulo_banner":false,"titulo_para_banner":"","mostrar_subtitulo_banner":false,"subtitulo_del_banner":"","mostrar_cta_banner":false,"texto_cta_banner":"","url_cta_banner":"","fondo_de_color_banner":"","fondo_de_imagen_banner":false,"mostrar_imagen_izquierda_banner":false,"asignar_imagen_izquierda_banner":false}},"idiomas":{"en":10374,"es":10394,"ar":81649,"ca":10392,"ru":10392,"pt":10393},"_links":{"self":[{"href":"https:\/\/barcainnovationhub.com\/ca\/wp-json\/wp\/v2\/products\/10392"}],"collection":[{"href":"https:\/\/barcainnovationhub.com\/ca\/wp-json\/wp\/v2\/products"}],"about":[{"href":"https:\/\/barcainnovationhub.com\/ca\/wp-json\/wp\/v2\/types\/product"}],"author":[{"embeddable":true,"href":"https:\/\/barcainnovationhub.com\/ca\/wp-json\/wp\/v2\/users\/1"}],"replies":[{"embeddable":true,"href":"https:\/\/barcainnovationhub.com\/ca\/wp-json\/wp\/v2\/comments?post=10392"}],"version-history":[{"count":5,"href":"https:\/\/barcainnovationhub.com\/ca\/wp-json\/wp\/v2\/products\/10392\/revisions"}],"predecessor-version":[{"id":116386,"href":"https:\/\/barcainnovationhub.com\/ca\/wp-json\/wp\/v2\/products\/10392\/revisions\/116386"}],"wp:attachment":[{"href":"https:\/\/barcainnovationhub.com\/ca\/wp-json\/wp\/v2\/media?parent=10392"}],"wp:term":[{"taxonomy":"category","embeddable":true,"href":"https:\/\/barcainnovationhub.com\/ca\/wp-json\/wp\/v2\/categories?post=10392"}],"curies":[{"name":"wp","href":"https:\/\/api.w.org\/{rel}","templated":true}]}}