{"id":10411,"date":"2019-01-18T14:25:42","date_gmt":"2019-01-18T17:25:42","guid":{"rendered":"https:\/\/barcainnovationhub.com\/product\/certificate-in-advanced-sports-nutrition\/"},"modified":"2022-01-11T01:25:59","modified_gmt":"2022-01-11T04:25:59","slug":"certificat-en-nutricio-esportiva-avancada","status":"publish","type":"product","link":"https:\/\/barcainnovationhub.com\/ca\/product\/certificat-en-nutricio-esportiva-avancada\/","title":{"rendered":"Certificat en Nutrici\u00f3 Esportiva Avan\u00e7ada"},"content":{"rendered":"","protected":false},"excerpt":{"rendered":"","protected":false},"author":1,"featured_media":0,"comment_status":"open","ping_status":"closed","template":"","meta":[],"categories":[112,112],"yoast_head":"<!-- This site is optimized with the Yoast SEO plugin v16.6.1 - https:\/\/yoast.com\/wordpress\/plugins\/seo\/ -->\n<meta name=\"description\" content=\"En aquest curs aprendr\u00e0s a optimitzar la recuperaci\u00f3 intensa i l\u2019adaptaci\u00f3 a l\u2019entrenament amb la nutrici\u00f3, i a implementar suplements en la pr\u00e0ctica di\u00e0ria.\" \/>\n<meta name=\"robots\" content=\"index, follow, max-snippet:-1, max-image-preview:large, max-video-preview:-1\" \/>\n<link rel=\"canonical\" href=\"https:\/\/barcainnovationhub.com\/ca\/product\/certificat-en-nutricio-esportiva-avancada\/\" \/>\n<meta property=\"og:locale\" content=\"ca_ES\" \/>\n<meta property=\"og:type\" content=\"article\" \/>\n<meta property=\"og:title\" content=\"Certificat en Nutrici\u00f3 Esportiva Avan\u00e7ada\" \/>\n<meta property=\"og:description\" content=\"En aquest curs aprendr\u00e0s a optimitzar la recuperaci\u00f3 intensa i l\u2019adaptaci\u00f3 a l\u2019entrenament amb la nutrici\u00f3, i a implementar suplements en la pr\u00e0ctica di\u00e0ria.\" \/>\n<meta property=\"og:url\" content=\"https:\/\/barcainnovationhub.com\/ca\/product\/certificat-en-nutricio-esportiva-avancada\/\" \/>\n<meta property=\"og:site_name\" content=\"Bar\u00e7a Innovation Hub\" \/>\n<meta property=\"article:publisher\" content=\"https:\/\/www.facebook.com\/fcbuniversitas\" \/>\n<meta property=\"article:modified_time\" content=\"2022-01-11T04:25:59+00:00\" \/>\n<meta property=\"og:image\" content=\"https:\/\/barcainnovationhub.com\/wp-content\/uploads\/2019\/01\/7fc95ceb-certificate-in-advanced-sports-nutrition-3.jpg\" \/>\n\t<meta property=\"og:image:width\" content=\"1200\" \/>\n\t<meta property=\"og:image:height\" content=\"1200\" \/>\n<meta name=\"twitter:card\" content=\"summary\" \/>\n<meta name=\"twitter:title\" content=\"Certificat en Nutrici\u00f3 Esportiva Avan\u00e7ada\" \/>\n<meta name=\"twitter:description\" content=\"En aquest curs aprendr\u00e0s a optimitzar la recuperaci\u00f3 intensa i l\u2019adaptaci\u00f3 a l\u2019entrenament amb la nutrici\u00f3, i a implementar suplements en la pr\u00e0ctica di\u00e0ria.\" \/>\n<meta name=\"twitter:image\" content=\"https:\/\/barcainnovationhub.com\/wp-content\/uploads\/2019\/01\/7fc95ceb-certificate-in-advanced-sports-nutrition-3.jpg\" \/>\n<meta name=\"twitter:site\" content=\"@BarcaInnoHub\" \/>\n<script type=\"application\/ld+json\" class=\"yoast-schema-graph\">{\"@context\":\"https:\/\/schema.org\",\"@graph\":[{\"@type\":\"WebSite\",\"@id\":\"https:\/\/barcainnovationhub.com\/#website\",\"url\":\"https:\/\/barcainnovationhub.com\/\",\"name\":\"Bar\\u00e7a Innovation Hub\",\"description\":\"The worldwide centre for sports knowledge and innovation\",\"potentialAction\":[{\"@type\":\"SearchAction\",\"target\":{\"@type\":\"EntryPoint\",\"urlTemplate\":\"https:\/\/barcainnovationhub.com\/?s={search_term_string}\"},\"query-input\":\"required name=search_term_string\"}],\"inLanguage\":\"ca\"},{\"@type\":\"ImageObject\",\"@id\":\"https:\/\/barcainnovationhub.com\/ca\/product\/certificat-en-nutricio-esportiva-avancada\/#primaryimage\",\"inLanguage\":\"ca\",\"url\":\"https:\/\/barcainnovationhub.com\/wp-content\/uploads\/2019\/01\/7fc95ceb-certificate-in-advanced-sports-nutrition-3.jpg\",\"contentUrl\":\"https:\/\/barcainnovationhub.com\/wp-content\/uploads\/2019\/01\/7fc95ceb-certificate-in-advanced-sports-nutrition-3.jpg\",\"width\":1200,\"height\":1200},{\"@type\":\"WebPage\",\"@id\":\"https:\/\/barcainnovationhub.com\/ca\/product\/certificat-en-nutricio-esportiva-avancada\/#webpage\",\"url\":\"https:\/\/barcainnovationhub.com\/ca\/product\/certificat-en-nutricio-esportiva-avancada\/\",\"name\":\"Certificat en Nutrici\\u00f3 Esportiva Avan\\u00e7ada - Bar\\u00e7a Innovation Hub\",\"isPartOf\":{\"@id\":\"https:\/\/barcainnovationhub.com\/#website\"},\"datePublished\":\"2019-01-18T17:25:42+00:00\",\"dateModified\":\"2022-01-11T04:25:59+00:00\",\"description\":\"En aquest curs aprendr\\u00e0s a optimitzar la recuperaci\\u00f3 intensa i l\\u2019adaptaci\\u00f3 a l\\u2019entrenament amb la nutrici\\u00f3, i a implementar suplements en la pr\\u00e0ctica di\\u00e0ria.\",\"breadcrumb\":{\"@id\":\"https:\/\/barcainnovationhub.com\/ca\/product\/certificat-en-nutricio-esportiva-avancada\/#breadcrumb\"},\"inLanguage\":\"ca\",\"potentialAction\":[{\"@type\":\"ReadAction\",\"target\":[\"https:\/\/barcainnovationhub.com\/ca\/product\/certificat-en-nutricio-esportiva-avancada\/\"]}]},{\"@type\":\"BreadcrumbList\",\"@id\":\"https:\/\/barcainnovationhub.com\/ca\/product\/certificat-en-nutricio-esportiva-avancada\/#breadcrumb\",\"itemListElement\":[{\"@type\":\"ListItem\",\"position\":1,\"name\":\"Portada\",\"item\":\"https:\/\/barcainnovationhub.com\/ca\/\"},{\"@type\":\"ListItem\",\"position\":2,\"name\":\"Productos\",\"item\":\"https:\/\/barcainnovationhub.com\/ca\/product\/\"},{\"@type\":\"ListItem\",\"position\":3,\"name\":\"Certificat en Nutrici\\u00f3 Esportiva Avan\\u00e7ada\"}]}]}<\/script>\n<!-- \/ Yoast SEO plugin. -->","acf":{"external_id":"1376","header_image":108358,"column_title":"","titulo_incentivo":"Certificat en Nutrici\u00f3 Esportiva Avan\u00e7ada","precio":"625","precio_en_cuotas":"4 pagaments mensuals de 156,25 \u20ac","precio_de_lista":"","mostrar_form":false,"promocion_vigente":"","duracion_del_curso":"4 mesos","nivel_del_curso":"Avan\u00e7at","modalidad_cursado":"Online","impartido_en":"Spanish","contenido":"<p>El Certificat en Nutrici\u00f3 Esportiva Avan\u00e7ada \u00e9s el curs en nutrici\u00f3 esportiva m\u00e9s avan\u00e7at que es fa respecte als esports d\u2019equip. Ofereix la ci\u00e8ncia m\u00e9s actual per\u00f2 tamb\u00e9 l\u2019aplicaci\u00f3 (des de la teoria fins a les f\u00f3rmules) recopilat per Asker Jeukendrup, capdavanter en aquesta \u00e0rea des d\u2019un punt de vista acad\u00e8mic i autor de m\u00e9s de 200 articles i que, a m\u00e9s a m\u00e9s, ha treballat com a professional m\u00e8dic durant molts anys.<\/p>\n<p>El Certificat \u00e9s una combinaci\u00f3 de coneixements innovadors i d\u2019anys d\u2019experi\u00e8ncia en el m\u00f3n esportiu a m\u00e0xim nivell. El rerefons del FCB s\u2019incorpora quan afegim a cada tem\u00e0tica un exemple de com trobem solucions al FCB respecte a aquestes q\u00fcestions.<\/p>\n<p>El Certificat en Nutrici\u00f3 Esportiva Avan\u00e7ada t\u00e9 com a objectiu aportar guies clares; tanmateix, no s\u2019ha d\u2019esperar un enfocament tallat pel mateix patr\u00f3 per mitj\u00e0 del qual s\u2019aconsegueixi resoldre tots els problemes. Aprendreu a pensar com apropar-vos a solucions espec\u00edfiques per a situacions concretes.<\/p>\n","ocultar_video":false,"avalado_por":false,"pdf_brochure":"https:\/\/static.capabiliaserver.com\/frontend\/clients\/barca\/wp_prod\/wp-content\/uploads\/2019\/01\/9923d3d1-certificat-en-nutricio\u0301-esportiva-avanc\u0327ada.pdf","cursos_que_lo_componen":[{"nombre_del_curso":"Nutrici\u00f3 Esportiva Avan\u00e7ada","descripcion_del_curso":"<p>M\u00d2DUL 1: La hist\u00f2ria i el futur de la nutrici\u00f3 esportiva<br \/>\n  Unitat 1: Hist\u00f2ria<br \/>\n  Unitat 2: Futur<\/p>\n<p>M\u00d2DUL 2: Qu\u00e8 cal per ser efectiu en nutrici\u00f3 esportiva<br \/>\n  Unitat 1: Habilitats<br \/>\n  Unitat 2: Funcionament<\/p>\n<p>M\u00d2DUL 3: Suplements en oposici\u00f3 a aliments<br \/>\n  Unitat 1: Suplements en oposici\u00f3 a aliments<br \/>\n  Unitat 2: Prendre una decisi\u00f3<\/p>\n<p>M\u00d2DUL 4: Sistema immunitari<br \/>\n  Unitat 1: Exercici i sistema immunitari<br \/>\n  Unitat 2: Millora de la funci\u00f3 immunit\u00e0ria\"<\/p>\n"},{"nombre_del_curso":"Nutrici\u00f3, Recuperaci\u00f3 i Adaptacions a l\u2019Entrenament","descripcion_del_curso":"<p>M\u00d2DUL 1: Exercici i fatiga<br \/>\n  Unitat 1: Qu\u00e8 \u00e9s la fatiga?<br \/>\n  Unitat 2: Retard de la fatiga <\/p>\n<p>M\u00d2DUL 2: Recuperaci\u00f3 i adaptaci\u00f3<br \/>\n  Unitat 1: Recuperaci\u00f3<br \/>\n  Unitat 2: Adaptaci\u00f3<\/p>\n<p>M\u00d2DUL 3: Optimitzaci\u00f3 en la recuperaci\u00f3 i l\u2019adaptaci\u00f3<br \/>\n  Unitat 1: Optimitzaci\u00f3 en la recuperaci\u00f3 mitjan\u00e7ant la nutrici\u00f3<br \/>\n  Unitat 2: Optimitzaci\u00f3 en l\u2019adaptaci\u00f3 mitjan\u00e7ant la nutrici\u00f3 <\/p>\n<p>M\u00d2DUL 4: Recuperaci\u00f3 d\u2019una lesi\u00f3<br \/>\n  Unitat 1: Diverses fases de la lesi\u00f3<br \/>\n  Unitat 2: Estrat\u00e8gies<\/p>\n"},{"nombre_del_curso":"Preparaci\u00f3 per al Dia del Partit i Nutrici\u00f3 Personalitzada","descripcion_del_curso":"<p>M\u00d2DUL 1: Nutrici\u00f3 personalitzada?<br \/>\n  Unitat 1: Medicina personalitzada<br \/>\n  Unitat 2: Nutrici\u00f3 esportiva personalitzada <\/p>\n<p>M\u00d2DUL 2: Preparaci\u00f3 per al dia del partit<br \/>\n  Unitat 1: Els dies i setmanes previs<br \/>\n  Unitat 2: Dia de partit<\/p>\n<p>M\u00d2DUL 3: Condicions extremes<br \/>\n  Unitat 1: Efecte de la calor en el rendiment<br \/>\n  Unitat 2: V\u00e8ncer la calor <\/p>\n<p>M\u00d2DUL 4: Suplements<br \/>\n  Unitat 1: Ajudes ergog\u00e8niques<br \/>\n  Unitat 2: Altres suplements<\/p>\n"},{"nombre_del_curso":"Nutrici\u00f3 Perioditzada","descripcion_del_curso":"<p>M\u00d2DUL 1: La teoria<br \/>\n  Unitat 1: Qu\u00e8 \u00e9s la nutrici\u00f3 perioditzada?<br \/>\n  Unitat 2: Les eines d\u2019un nutricionista esportiu <\/p>\n<p>M\u00d2DUL 2: Entrenament intestinal<br \/>\n  Unitat 1: L\u2019intest\u00ed es pot entrenar<br \/>\n  Unitat 2: La teoria en la pr\u00e0ctica <\/p>\n<p>M\u00d2DUL 3: Entrenament menor<br \/>\n  Unitat 1: La teoria<br \/>\n  Unitat 2: Dieta baixa en carbohidrats en oposici\u00f3 a entrenament amb baixa disponibilitat de carbohidrats<\/p>\n<p>M\u00d2DUL 4: De la teoria a la pr\u00e0ctica<br \/>\n  Unitat 1: Com implementar la nutrici\u00f3 perioditzada<br \/>\n  Unitat 2: Reptes i solucions<\/p>\n"}],"preguntas_frecuentes":false,"contenidistas":false,"docentes_expertos":[{"foto":"https:\/\/static.capabiliaserver.com\/frontend\/clients\/barca\/wp\/wp-content\/uploads\/2019\/01\/asker_jeukendrup.jpg","nombre_del_docente":"Asker Jeukendrup","descripcion_del_docente":"Cient\u00edfic en nutrici\u00f3 esportiva. Professor en pr\u00e0ctica metab\u00f2lica. Consultor en rendiment en esport d\u2019elit. Emprenedor. Triatleta d\u2019Ironman.","enlace":""}],"imagen_destacada":false,"hubspot_product_id":"11975834","url_video":"https:\/\/www.youtube.com\/embed\/FuqKFYbRYzI","aprende_a":[{"item_aprende_a":"Millora del comportament dels atletes mitjan\u00e7ant la nutrici\u00f3 esportiva."},{"item_aprende_a":"Implementaci\u00f3 de suplements a la pr\u00e0ctica di\u00e0ria."},{"item_aprende_a":"Minimitzaci\u00f3 del risc en l\u2019\u00fas de suplements."},{"item_aprende_a":"Optimitzaci\u00f3 de recuperaci\u00f3 aguda i de l\u2019adaptaci\u00f3 de l'entrenament mitjan\u00e7ant la nutrici\u00f3."},{"item_aprende_a":"Planificaci\u00f3 nutritiva de temporada i tamb\u00e9 setmanal. "},{"item_aprende_a":"Comprensi\u00f3 de la base te\u00f2rica per a la perioditzaci\u00f3 de la nutrici\u00f3."},{"item_aprende_a":"Aplicaci\u00f3 de la personalitzaci\u00f3 a la nutrici\u00f3 esportiva dels equips."},{"item_aprende_a":"Aplicaci\u00f3 dels \u00faltims avan\u00e7os de la ci\u00e8ncia a la preparaci\u00f3 del dia del partit."}],"fecha_de_inicio":"10072021","id_magento":"191","producto_path":false,"titulo_seccion_testimonios":"","slider_testimonios":false,"imagen_de_fondo_testimonios":false,"color_de_fondo_testimonios":"","segunda_fecha_de_inicio":"25072021","zona_horaria":"Europe\/Madrid","activar_banner_1":false,"banner_1":false,"activar_banner_2":false,"banner_2":false,"activar_banner_3":false,"banner_3":false,"activar_nuevos_banners":false,"mostrar_banner_1":false,"crear_banner_1":{"utilizar_imagen_unica_para_banner":false,"asignar_imagen_unica_para_banner":false,"mostrar_titulo_banner":false,"titulo_para_banner":"","mostrar_subtitulo_banner":false,"subtitulo_del_banner":"","mostrar_cta_banner":false,"texto_cta_banner":"","url_cta_banner":"","fondo_de_color_banner":"","fondo_de_imagen_banner":false,"mostrar_imagen_izquierda_banner":false,"asignar_imagen_izquierda_banner":false},"mostrar_banner_2":false,"crear_banner_2":{"utilizar_imagen_unica_para_banner":false,"asignar_imagen_unica_para_banner":false,"mostrar_titulo_banner":false,"titulo_para_banner":"","mostrar_subtitulo_banner":false,"subtitulo_del_banner":"","mostrar_cta_banner":false,"texto_cta_banner":"","url_cta_banner":"","fondo_de_color_banner":"","fondo_de_imagen_banner":false,"mostrar_imagen_izquierda_banner":false,"asignar_imagen_izquierda_banner":false},"mostrar_banner_3":false,"crear_banner_3":{"utilizar_imagen_unica_para_banner":false,"asignar_imagen_unica_para_banner":false,"mostrar_titulo_banner":false,"titulo_para_banner":"","mostrar_subtitulo_banner":false,"subtitulo_del_banner":"","mostrar_cta_banner":false,"texto_cta_banner":"","url_cta_banner":"","fondo_de_color_banner":"","fondo_de_imagen_banner":false,"mostrar_imagen_izquierda_banner":false,"asignar_imagen_izquierda_banner":false}},"idiomas":{"en":10404,"es":10413,"ar":81746,"ca":10411,"ru":10411,"pt":10412},"_links":{"self":[{"href":"https:\/\/barcainnovationhub.com\/ca\/wp-json\/wp\/v2\/products\/10411"}],"collection":[{"href":"https:\/\/barcainnovationhub.com\/ca\/wp-json\/wp\/v2\/products"}],"about":[{"href":"https:\/\/barcainnovationhub.com\/ca\/wp-json\/wp\/v2\/types\/product"}],"author":[{"embeddable":true,"href":"https:\/\/barcainnovationhub.com\/ca\/wp-json\/wp\/v2\/users\/1"}],"replies":[{"embeddable":true,"href":"https:\/\/barcainnovationhub.com\/ca\/wp-json\/wp\/v2\/comments?post=10411"}],"version-history":[{"count":5,"href":"https:\/\/barcainnovationhub.com\/ca\/wp-json\/wp\/v2\/products\/10411\/revisions"}],"predecessor-version":[{"id":116360,"href":"https:\/\/barcainnovationhub.com\/ca\/wp-json\/wp\/v2\/products\/10411\/revisions\/116360"}],"wp:attachment":[{"href":"https:\/\/barcainnovationhub.com\/ca\/wp-json\/wp\/v2\/media?parent=10411"}],"wp:term":[{"taxonomy":"category","embeddable":true,"href":"https:\/\/barcainnovationhub.com\/ca\/wp-json\/wp\/v2\/categories?post=10411"}],"curies":[{"name":"wp","href":"https:\/\/api.w.org\/{rel}","templated":true}]}}