{"id":10891,"date":"2019-01-17T15:57:09","date_gmt":"2019-01-17T18:57:09","guid":{"rendered":"https:\/\/barcainnovationhub.com\/product\/basic-elements-of-sports-law\/"},"modified":"2022-01-11T02:05:57","modified_gmt":"2022-01-11T05:05:57","slug":"elements-basics-de-la-legislacio-esportiva","status":"publish","type":"product","link":"https:\/\/barcainnovationhub.com\/ca\/product\/elements-basics-de-la-legislacio-esportiva\/","title":{"rendered":"Elements B\u00e0sics de la Legislaci\u00f3 Esportiva"},"content":{"rendered":"","protected":false},"excerpt":{"rendered":"","protected":false},"author":1,"featured_media":0,"comment_status":"open","ping_status":"closed","template":"","meta":[],"categories":[112,112],"yoast_head":"<!-- This site is optimized with the Yoast SEO plugin v16.6.1 - https:\/\/yoast.com\/wordpress\/plugins\/seo\/ -->\n<meta name=\"description\" content=\"En aquest programa aprendr\u00e0s a negociar millors acords comercials, i a comprendre les fortaleses, les debilitats i les funcions dels \u00f2rgans de govern en l\u2019esport.\" \/>\n<meta name=\"robots\" content=\"index, follow, max-snippet:-1, max-image-preview:large, max-video-preview:-1\" \/>\n<link rel=\"canonical\" href=\"https:\/\/barcainnovationhub.com\/ca\/product\/elements-basics-de-la-legislacio-esportiva\/\" \/>\n<meta property=\"og:locale\" content=\"ca_ES\" \/>\n<meta property=\"og:type\" content=\"article\" \/>\n<meta property=\"og:title\" content=\"Elements B\u00e0sics de la Legislaci\u00f3 Esportiva - Bar\u00e7a Innovation Hub\" \/>\n<meta property=\"og:description\" content=\"En aquest programa aprendr\u00e0s a negociar millors acords comercials, i a comprendre les fortaleses, les debilitats i les funcions dels \u00f2rgans de govern en l\u2019esport.\" \/>\n<meta property=\"og:url\" content=\"https:\/\/barcainnovationhub.com\/ca\/product\/elements-basics-de-la-legislacio-esportiva\/\" \/>\n<meta property=\"og:site_name\" content=\"Bar\u00e7a Innovation Hub\" \/>\n<meta property=\"article:publisher\" content=\"https:\/\/www.facebook.com\/fcbuniversitas\" \/>\n<meta property=\"article:modified_time\" content=\"2022-01-11T05:05:57+00:00\" \/>\n<meta property=\"og:image\" content=\"https:\/\/barcainnovationhub.com\/wp-content\/uploads\/2019\/01\/24682360-basic-elements-of-sports-law-2.jpg\" \/>\n\t<meta property=\"og:image:width\" content=\"1200\" \/>\n\t<meta property=\"og:image:height\" content=\"1200\" \/>\n<meta name=\"twitter:card\" content=\"summary\" \/>\n<meta name=\"twitter:image\" content=\"https:\/\/barcainnovationhub.com\/wp-content\/uploads\/2019\/01\/24682360-basic-elements-of-sports-law-2.jpg\" \/>\n<meta name=\"twitter:site\" content=\"@BarcaInnoHub\" \/>\n<script type=\"application\/ld+json\" class=\"yoast-schema-graph\">{\"@context\":\"https:\/\/schema.org\",\"@graph\":[{\"@type\":\"WebSite\",\"@id\":\"https:\/\/barcainnovationhub.com\/#website\",\"url\":\"https:\/\/barcainnovationhub.com\/\",\"name\":\"Bar\\u00e7a Innovation Hub\",\"description\":\"The worldwide centre for sports knowledge and innovation\",\"potentialAction\":[{\"@type\":\"SearchAction\",\"target\":{\"@type\":\"EntryPoint\",\"urlTemplate\":\"https:\/\/barcainnovationhub.com\/?s={search_term_string}\"},\"query-input\":\"required name=search_term_string\"}],\"inLanguage\":\"ca\"},{\"@type\":\"ImageObject\",\"@id\":\"https:\/\/barcainnovationhub.com\/ca\/product\/elements-basics-de-la-legislacio-esportiva\/#primaryimage\",\"inLanguage\":\"ca\",\"url\":\"https:\/\/barcainnovationhub.com\/wp-content\/uploads\/2019\/01\/24682360-basic-elements-of-sports-law-2.jpg\",\"contentUrl\":\"https:\/\/barcainnovationhub.com\/wp-content\/uploads\/2019\/01\/24682360-basic-elements-of-sports-law-2.jpg\",\"width\":1200,\"height\":1200},{\"@type\":\"WebPage\",\"@id\":\"https:\/\/barcainnovationhub.com\/ca\/product\/elements-basics-de-la-legislacio-esportiva\/#webpage\",\"url\":\"https:\/\/barcainnovationhub.com\/ca\/product\/elements-basics-de-la-legislacio-esportiva\/\",\"name\":\"Elements B\\u00e0sics de la Legislaci\\u00f3 Esportiva - Bar\\u00e7a Innovation Hub\",\"isPartOf\":{\"@id\":\"https:\/\/barcainnovationhub.com\/#website\"},\"datePublished\":\"2019-01-17T18:57:09+00:00\",\"dateModified\":\"2022-01-11T05:05:57+00:00\",\"description\":\"En aquest programa aprendr\\u00e0s a negociar millors acords comercials, i a comprendre les fortaleses, les debilitats i les funcions dels \\u00f2rgans de govern en l\\u2019esport.\",\"breadcrumb\":{\"@id\":\"https:\/\/barcainnovationhub.com\/ca\/product\/elements-basics-de-la-legislacio-esportiva\/#breadcrumb\"},\"inLanguage\":\"ca\",\"potentialAction\":[{\"@type\":\"ReadAction\",\"target\":[\"https:\/\/barcainnovationhub.com\/ca\/product\/elements-basics-de-la-legislacio-esportiva\/\"]}]},{\"@type\":\"BreadcrumbList\",\"@id\":\"https:\/\/barcainnovationhub.com\/ca\/product\/elements-basics-de-la-legislacio-esportiva\/#breadcrumb\",\"itemListElement\":[{\"@type\":\"ListItem\",\"position\":1,\"name\":\"Portada\",\"item\":\"https:\/\/barcainnovationhub.com\/ca\/\"},{\"@type\":\"ListItem\",\"position\":2,\"name\":\"Productos\",\"item\":\"https:\/\/barcainnovationhub.com\/ca\/product\/\"},{\"@type\":\"ListItem\",\"position\":3,\"name\":\"Elements B\\u00e0sics de la Legislaci\\u00f3 Esportiva\"}]}]}<\/script>\n<!-- \/ Yoast SEO plugin. -->","acf":{"external_id":"1369","header_image":108335,"column_title":"","titulo_incentivo":"Elements B\u00e0sics de la Legislaci\u00f3 Esportiva","precio":"200","precio_en_cuotas":"","precio_de_lista":"","mostrar_form":false,"promocion_vigente":"","duracion_del_curso":"1 Month","nivel_del_curso":"Introductori","modalidad_cursado":"Online","impartido_en":"Spanish","contenido":"<p>Entendre a grans trets determinats principis jur\u00eddics pot ajudar a les persones no especialitzades a negociar acords comercials millors, a controlar als seus advocats amb m\u00e9s efic\u00e0cia i a evitar els riscos durant els processos de presa de decisions d&#8217;alt risc en la ind\u00fastria de l&#8217;esport. Podem deixar els tecnicismes als advocats. No obstant aix\u00f2, els principis jur\u00eddics b\u00e0sics, des de l&#8217;execuci\u00f3 dels contractes fins al compliment dels acords, s\u00f3n \u00fatils per qualsevol que vulgui fer negocis al m\u00f3n de l&#8217;esport.<\/p>\n<p>A trav\u00e9s d&#8217;aquest curs i guiat per Marcus Bach-Armes, Bar<em>\u00e7a<\/em>\u00a0Universitas proporciona als negociadors els principis jur\u00eddics b\u00e0sics del m\u00f3n empresari esportiu, la qual cosa significar\u00e0 resultats comercials m\u00e9s favorables.<\/p>\n","ocultar_video":false,"avalado_por":false,"pdf_brochure":"https:\/\/static.capabiliaserver.com\/frontend\/clients\/barca\/wp_prod\/wp-content\/uploads\/2019\/01\/fb48395d-elements-basics-de-la-legislacio-esportiva.pdf","cursos_que_lo_componen":[{"nombre_del_curso":"Elements B\u00e0sics de la Legislaci\u00f3 Esportiva","descripcion_del_curso":"<p>M\u00d2DUL 1: Principis de contracte<br \/>\nM\u00d2DUL 2: Riscos legals i remeis<br \/>\nM\u00d2DUL 3: Cossos gerents i unions<br \/>\nM\u00d2DUL 4: Legalitzaci\u00f3 esportiva a la pr\u00e0ctica<\/p>\n"}],"preguntas_frecuentes":false,"contenidistas":false,"docentes_expertos":[{"foto":"https:\/\/barcainnovationhub.com\/wp-content\/uploads\/2018\/06\/Marcus_Bach_Armas.jpg","nombre_del_docente":"Marcus Bach-Armas ","descripcion_del_docente":"M.A. en Sports Management. Director d'Assumptes Legals i de Govern de Miami Dolphins & Sun Life Stadium.","enlace":""}],"imagen_destacada":false,"hubspot_product_id":"11980881","url_video":"https:\/\/www.youtube.com\/embed\/Vaa14bdPZ5c","aprende_a":[{"item_aprende_a":"Comprendre els elements b\u00e0sics d'un contracte i ser capa\u00e7 de negociar de manera intel\u00b7ligent."},{"item_aprende_a":"Desenvolupar una familiaritat amb processos i mecanismes de resoluci\u00f3 de disputes b\u00e0siques."},{"item_aprende_a":"Entendre els punts forts, febles i les funcions de cossos de ger\u00e8ncia en l'esport."}],"fecha_de_inicio":"10062021","id_magento":"202","producto_path":false,"titulo_seccion_testimonios":"","slider_testimonios":false,"imagen_de_fondo_testimonios":false,"color_de_fondo_testimonios":"","activar_banner_1":false,"banner_1":false,"activar_banner_2":false,"banner_2":false,"activar_banner_3":false,"banner_3":false,"segunda_fecha_de_inicio":"","zona_horaria":"Europe\/Madrid","activar_nuevos_banners":false,"mostrar_banner_1":false,"crear_banner_1":{"utilizar_imagen_unica_para_banner":false,"asignar_imagen_unica_para_banner":false,"mostrar_titulo_banner":false,"titulo_para_banner":"","mostrar_subtitulo_banner":false,"subtitulo_del_banner":"","mostrar_cta_banner":false,"texto_cta_banner":"","url_cta_banner":"","fondo_de_color_banner":"","fondo_de_imagen_banner":false,"mostrar_imagen_izquierda_banner":false,"asignar_imagen_izquierda_banner":false},"mostrar_banner_2":false,"crear_banner_2":{"utilizar_imagen_unica_para_banner":false,"asignar_imagen_unica_para_banner":false,"mostrar_titulo_banner":false,"titulo_para_banner":"","mostrar_subtitulo_banner":false,"subtitulo_del_banner":"","mostrar_cta_banner":false,"texto_cta_banner":"","url_cta_banner":"","fondo_de_color_banner":"","fondo_de_imagen_banner":false,"mostrar_imagen_izquierda_banner":false,"asignar_imagen_izquierda_banner":false},"mostrar_banner_3":false,"crear_banner_3":{"utilizar_imagen_unica_para_banner":false,"asignar_imagen_unica_para_banner":false,"mostrar_titulo_banner":false,"titulo_para_banner":"","mostrar_subtitulo_banner":false,"subtitulo_del_banner":"","mostrar_cta_banner":false,"texto_cta_banner":"","url_cta_banner":"","fondo_de_color_banner":"","fondo_de_imagen_banner":false,"mostrar_imagen_izquierda_banner":false,"asignar_imagen_izquierda_banner":false}},"idiomas":{"en":10066,"es":10301,"ar":10891,"ca":10891,"ru":10891,"pt":10297},"_links":{"self":[{"href":"https:\/\/barcainnovationhub.com\/ca\/wp-json\/wp\/v2\/products\/10891"}],"collection":[{"href":"https:\/\/barcainnovationhub.com\/ca\/wp-json\/wp\/v2\/products"}],"about":[{"href":"https:\/\/barcainnovationhub.com\/ca\/wp-json\/wp\/v2\/types\/product"}],"author":[{"embeddable":true,"href":"https:\/\/barcainnovationhub.com\/ca\/wp-json\/wp\/v2\/users\/1"}],"replies":[{"embeddable":true,"href":"https:\/\/barcainnovationhub.com\/ca\/wp-json\/wp\/v2\/comments?post=10891"}],"version-history":[{"count":5,"href":"https:\/\/barcainnovationhub.com\/ca\/wp-json\/wp\/v2\/products\/10891\/revisions"}],"predecessor-version":[{"id":116411,"href":"https:\/\/barcainnovationhub.com\/ca\/wp-json\/wp\/v2\/products\/10891\/revisions\/116411"}],"wp:attachment":[{"href":"https:\/\/barcainnovationhub.com\/ca\/wp-json\/wp\/v2\/media?parent=10891"}],"wp:term":[{"taxonomy":"category","embeddable":true,"href":"https:\/\/barcainnovationhub.com\/ca\/wp-json\/wp\/v2\/categories?post=10891"}],"curies":[{"name":"wp","href":"https:\/\/api.w.org\/{rel}","templated":true}]}}