{"id":113487,"date":"2022-01-04T11:08:39","date_gmt":"2022-01-04T14:08:39","guid":{"rendered":"https:\/\/barcainnovationhub.com\/?post_type=product&#038;p=113487"},"modified":"2022-02-10T15:32:43","modified_gmt":"2022-02-10T18:32:43","slug":"certificate-in-advanced-sport-sponsorship-and-marketing-using-sponsorships-to-accelerate-business-growth","status":"publish","type":"product","link":"https:\/\/barcainnovationhub.com\/ca\/product\/certificate-in-advanced-sport-sponsorship-and-marketing-using-sponsorships-to-accelerate-business-growth\/","title":{"rendered":"Certificat en Patrocini i M\u00e0rqueting Esportiu Avan\u00e7at: el Patrocini com a motor de creixement"},"content":{"rendered":"<p>contenido<\/p>\n","protected":false},"excerpt":{"rendered":"<p>excerpt<\/p>\n","protected":false},"author":16,"featured_media":0,"comment_status":"open","ping_status":"closed","template":"","meta":[],"categories":[247],"yoast_head":"<!-- This site is optimized with the Yoast SEO plugin v16.6.1 - https:\/\/yoast.com\/wordpress\/plugins\/seo\/ -->\n<meta name=\"description\" content=\"El patrocini s&#039;ha convertit en una de les eines m\u00e9s comuna per connectar les marques amb els seus consumidors i clients, aconseguint d&#039;aquesta manera accelerar el creixement del negoci.\" \/>\n<meta name=\"robots\" content=\"index, follow, max-snippet:-1, max-image-preview:large, max-video-preview:-1\" \/>\n<link rel=\"canonical\" href=\"https:\/\/barcainnovationhub.com\/ca\/product\/certificate-in-advanced-sport-sponsorship-and-marketing-using-sponsorships-to-accelerate-business-growth\/\" \/>\n<meta property=\"og:locale\" content=\"ca_ES\" \/>\n<meta property=\"og:type\" content=\"article\" \/>\n<meta property=\"og:title\" content=\"Certificat en Patrocini i M\u00e0rqueting Esportiu Avan\u00e7at: el Patrocini com a motor de creixement\" \/>\n<meta property=\"og:description\" content=\"El patrocini s&#039;ha convertit en una de les eines m\u00e9s comuna per connectar les marques amb els seus consumidors i clients, aconseguint d&#039;aquesta manera accelerar el creixement del negoci.\" \/>\n<meta property=\"og:url\" content=\"https:\/\/barcainnovationhub.com\/ca\/product\/certificate-in-advanced-sport-sponsorship-and-marketing-using-sponsorships-to-accelerate-business-growth\/\" \/>\n<meta property=\"og:site_name\" content=\"Bar\u00e7a Innovation Hub\" \/>\n<meta property=\"article:publisher\" content=\"https:\/\/www.facebook.com\/fcbuniversitas\" \/>\n<meta property=\"article:modified_time\" content=\"2022-02-10T18:32:43+00:00\" \/>\n<meta property=\"og:image\" content=\"https:\/\/static.capabiliaserver.com\/frontend\/clients\/barca\/wp_prod\/wp-content\/uploads\/2021\/12\/6ebe93f2-preview.jpg\" \/>\n\t<meta property=\"og:image:width\" content=\"1200\" \/>\n\t<meta property=\"og:image:height\" content=\"1200\" \/>\n<meta name=\"twitter:card\" content=\"summary\" \/>\n<meta name=\"twitter:title\" content=\"Certificat en Patrocini i M\u00e0rqueting Esportiu Avan\u00e7at: el Patrocini com a motor de creixement\" \/>\n<meta name=\"twitter:description\" content=\"El patrocini s&#039;ha convertit en una de les eines m\u00e9s comuna per connectar les marques amb els seus consumidors i clients, aconseguint d&#039;aquesta manera accelerar el creixement del negoci.\" \/>\n<meta name=\"twitter:image\" content=\"https:\/\/static.capabiliaserver.com\/frontend\/clients\/barca\/wp_prod\/wp-content\/uploads\/2021\/12\/6ebe93f2-preview.jpg\" \/>\n<meta name=\"twitter:site\" content=\"@BarcaInnoHub\" \/>\n<meta name=\"twitter:label1\" content=\"Est. reading time\" \/>\n\t<meta name=\"twitter:data1\" content=\"1 minute\" \/>\n<script type=\"application\/ld+json\" class=\"yoast-schema-graph\">{\"@context\":\"https:\/\/schema.org\",\"@graph\":[{\"@type\":\"WebSite\",\"@id\":\"https:\/\/barcainnovationhub.com\/#website\",\"url\":\"https:\/\/barcainnovationhub.com\/\",\"name\":\"Bar\\u00e7a Innovation Hub\",\"description\":\"The worldwide centre for sports knowledge and innovation\",\"potentialAction\":[{\"@type\":\"SearchAction\",\"target\":{\"@type\":\"EntryPoint\",\"urlTemplate\":\"https:\/\/barcainnovationhub.com\/?s={search_term_string}\"},\"query-input\":\"required name=search_term_string\"}],\"inLanguage\":\"ca\"},{\"@type\":\"ImageObject\",\"@id\":\"https:\/\/barcainnovationhub.com\/ca\/product\/certificate-in-advanced-sport-sponsorship-and-marketing-using-sponsorships-to-accelerate-business-growth\/#primaryimage\",\"inLanguage\":\"ca\",\"url\":\"https:\/\/static.capabiliaserver.com\/frontend\/clients\/barca\/wp_prod\/wp-content\/uploads\/2021\/12\/6ebe93f2-preview.jpg\",\"contentUrl\":\"https:\/\/static.capabiliaserver.com\/frontend\/clients\/barca\/wp_prod\/wp-content\/uploads\/2021\/12\/6ebe93f2-preview.jpg\",\"width\":1200,\"height\":1200},{\"@type\":\"WebPage\",\"@id\":\"https:\/\/barcainnovationhub.com\/ca\/product\/certificate-in-advanced-sport-sponsorship-and-marketing-using-sponsorships-to-accelerate-business-growth\/#webpage\",\"url\":\"https:\/\/barcainnovationhub.com\/ca\/product\/certificate-in-advanced-sport-sponsorship-and-marketing-using-sponsorships-to-accelerate-business-growth\/\",\"name\":\"Certificat en Patrocini i M\\u00e0rqueting Esportiu Avan\\u00e7at: el Patrocini com a motor de creixement - Bar\\u00e7a Innovation Hub\",\"isPartOf\":{\"@id\":\"https:\/\/barcainnovationhub.com\/#website\"},\"datePublished\":\"2022-01-04T14:08:39+00:00\",\"dateModified\":\"2022-02-10T18:32:43+00:00\",\"description\":\"El patrocini s'ha convertit en una de les eines m\\u00e9s comuna per connectar les marques amb els seus consumidors i clients, aconseguint d'aquesta manera accelerar el creixement del negoci.\",\"breadcrumb\":{\"@id\":\"https:\/\/barcainnovationhub.com\/ca\/product\/certificate-in-advanced-sport-sponsorship-and-marketing-using-sponsorships-to-accelerate-business-growth\/#breadcrumb\"},\"inLanguage\":\"ca\",\"potentialAction\":[{\"@type\":\"ReadAction\",\"target\":[\"https:\/\/barcainnovationhub.com\/ca\/product\/certificate-in-advanced-sport-sponsorship-and-marketing-using-sponsorships-to-accelerate-business-growth\/\"]}]},{\"@type\":\"BreadcrumbList\",\"@id\":\"https:\/\/barcainnovationhub.com\/ca\/product\/certificate-in-advanced-sport-sponsorship-and-marketing-using-sponsorships-to-accelerate-business-growth\/#breadcrumb\",\"itemListElement\":[{\"@type\":\"ListItem\",\"position\":1,\"name\":\"Portada\",\"item\":\"https:\/\/barcainnovationhub.com\/ca\/\"},{\"@type\":\"ListItem\",\"position\":2,\"name\":\"Productos\",\"item\":\"https:\/\/barcainnovationhub.com\/ca\/product\/\"},{\"@type\":\"ListItem\",\"position\":3,\"name\":\"Certificat en Patrocini i M\\u00e0rqueting Esportiu Avan\\u00e7at: el Patrocini com a motor de creixement\"}]}]}<\/script>\n<!-- \/ Yoast SEO plugin. -->","acf":{"activar_banner_1":false,"banner_1":false,"activar_banner_2":false,"banner_2":false,"activar_banner_3":false,"banner_3":false,"activar_nuevos_banners":false,"mostrar_banner_1":false,"crear_banner_1":{"utilizar_imagen_unica_para_banner":false,"asignar_imagen_unica_para_banner":false,"mostrar_titulo_banner":false,"titulo_para_banner":"","mostrar_subtitulo_banner":false,"subtitulo_del_banner":"","mostrar_cta_banner":false,"texto_cta_banner":"","url_cta_banner":"","fondo_de_color_banner":"","fondo_de_imagen_banner":false,"mostrar_imagen_izquierda_banner":false,"asignar_imagen_izquierda_banner":false},"mostrar_banner_2":false,"crear_banner_2":{"utilizar_imagen_unica_para_banner":false,"asignar_imagen_unica_para_banner":false,"mostrar_titulo_banner":false,"titulo_para_banner":"","mostrar_subtitulo_banner":false,"subtitulo_del_banner":"","mostrar_cta_banner":false,"texto_cta_banner":"","url_cta_banner":"","fondo_de_color_banner":"","fondo_de_imagen_banner":false,"mostrar_imagen_izquierda_banner":false,"asignar_imagen_izquierda_banner":false},"mostrar_banner_3":false,"hubspot_product_id":"1340110957","external_id":"1359","titulo_incentivo":"","fecha_de_inicio":"","segunda_fecha_de_inicio":"","zona_horaria":"Europe\/Madrid","precio":"625","contenido":"<p><span data-sheets-value=\"{&quot;1&quot;:2,&quot;2&quot;:&quot;El patrocini s'ha convertit en una de les eines m\u00e9s comuna per connectar les marques amb els seus consumidors i clients, aconseguint d'aquesta manera accelerar el creixement del negoci. Actualment s'utilitza \u00e0mpliament en tots els sectors de l'economia, de marques a marques B2B, en organitzacions amb llarga traject\u00f2ria o en startups arreu del m\u00f3n. \\r\\nQuan s'implementa de manera correcta, es pot convertir en una de les eines m\u00e9s poderoses per impulsar el creixement en qualsevol tipus d'empresa. De totes maneres, tot i la seva omnipres\u00e8ncia, el patrocini no \u00e9s utilitzat amb tot el seu potencial per la gran majoria de grans patrocinadors. No \u00e9s estrany que es signin contractes milionaris sense tenir una idea clara de les necessitats del negoci, sense una avaluaci\u00f3 apropiada de les alternatives que existeixen en el mercat, i sense la delimitaci\u00f3 dels drets necessaris per a crear un treball de valor. Les marques usualment tamb\u00e9 perden l'oportunitat d'aprendre de les seves inversions perqu\u00e8 no consideren dur a terme revisions despr\u00e9s dels esdeveniments ni avaluar el ROI. \\r\\n\\r\\nAquest certificat inclou a totes les \u00e0rees esmentades anteriorment de manera simple i clara perqu\u00e8 puguis obtenir el m\u00e0xim de qualsevol patrocini. Professionals que treballen amb patrocinadors, titulars de drets i ag\u00e8ncies aprendran el que necessiten per comprar millor, ser m\u00e9s efectius en les vendes i en la gesti\u00f3 de programes de patrocini.\\r\\n&quot;}\" data-sheets-userformat=\"{&quot;2&quot;:13185,&quot;3&quot;:{&quot;1&quot;:0},&quot;10&quot;:0,&quot;11&quot;:4,&quot;12&quot;:0,&quot;15&quot;:&quot;Arial&quot;,&quot;16&quot;:9}\">El patrocini s&#8217;ha convertit en una de les eines m\u00e9s comuna per connectar les marques amb els seus consumidors i clients, aconseguint d&#8217;aquesta manera accelerar el creixement del negoci. Actualment s&#8217;utilitza \u00e0mpliament en tots els sectors de l&#8217;economia, de marques a marques B2B, en organitzacions amb llarga traject\u00f2ria o en startups arreu del m\u00f3n.<br \/>\nQuan s&#8217;implementa de manera correcta, es pot convertir en una de les eines m\u00e9s poderoses per impulsar el creixement en qualsevol tipus d&#8217;empresa. De totes maneres, tot i la seva omnipres\u00e8ncia, el patrocini no \u00e9s utilitzat amb tot el seu potencial per la gran majoria de grans patrocinadors. No \u00e9s estrany que es signin contractes milionaris sense tenir una idea clara de les necessitats del negoci, sense una avaluaci\u00f3 apropiada de les alternatives que existeixen en el mercat, i sense la delimitaci\u00f3 dels drets necessaris per a crear un treball de valor. Les marques usualment tamb\u00e9 perden l&#8217;oportunitat d&#8217;aprendre de les seves inversions perqu\u00e8 no consideren dur a terme revisions despr\u00e9s dels esdeveniments ni avaluar el ROI.<\/span><\/p>\n<p>Aquest certificat inclou a totes les \u00e0rees esmentades anteriorment de manera simple i clara perqu\u00e8 puguis obtenir el m\u00e0xim de qualsevol patrocini. Professionals que treballen amb patrocinadors, titulars de drets i ag\u00e8ncies aprendran el que necessiten per comprar millor, ser m\u00e9s efectius en les vendes i en la gesti\u00f3 de programes de patrocini.<\/p>\n","aprende_a":[{"item_aprende_a":"Comprendre de manera general com utilitzar el patrocini per impulsar el creixement del negoci.\t\r\n"},{"item_aprende_a":"Entendre de quina manera els aficionats consumeixen l'esport i els patrocinadors."},{"item_aprende_a":" Incrementar el coneixement de les aplicacions de patrocini en m\u00e0rqueting. "},{"item_aprende_a":"Diferenciar les aplicacions de patrocini m\u00e9s enll\u00e0 del m\u00e0rqueting. "},{"item_aprende_a":"Desenvolupar habilitats per aprendre de quina manera avaluar els patrocinadors."}],"preguntas_frecuentes":false,"contenidistas":false,"imagen_destacada":false,"slider_testimonios":false,"titulo_curso":"Certificate in Advanced Sport Sponsorship and Marketing: using sponsorships to accelerate business growth","impartido_en":"English","crear_banner_3":{"utilizar_imagen_unica_para_banner":false,"asignar_imagen_unica_para_banner":false,"mostrar_titulo_banner":false,"titulo_para_banner":"","mostrar_subtitulo_banner":false,"subtitulo_del_banner":"","mostrar_cta_banner":false,"texto_cta_banner":"","url_cta_banner":"","fondo_de_color_banner":"","fondo_de_imagen_banner":false,"mostrar_imagen_izquierda_banner":false,"asignar_imagen_izquierda_banner":false},"producto_path":false,"id_magento":"393","header_image":113512,"column_title":"","precio_en_cuotas":"4 mensualitats de 156,25 \u20ac","precio_de_lista":"","mostrar_form":false,"promocion_vigente":"","duracion_del_curso":"4 mesos","nivel_del_curso":"Introductori","modalidad_cursado":"Online","ocultar_video":true,"url_video":"","avalado_por":false,"pdf_brochure":"https:\/\/static.capabiliaserver.com\/frontend\/clients\/barca\/wp_prod\/wp-content\/uploads\/2022\/01\/529186d1-certificat-en-patrocini-i-marqueting-esportiu-avancat-el-patrocini-com-a-motor-de-creixement.pdf","slidebox":false,"titulo_seccion_testimonios":"","imagen_de_fondo_testimonios":false,"color_de_fondo_testimonios":""},"idiomas":{"en":113485,"es":113490,"ar":113486,"ca":113487,"ru":113489,"pt":113488},"_links":{"self":[{"href":"https:\/\/barcainnovationhub.com\/ca\/wp-json\/wp\/v2\/products\/113487"}],"collection":[{"href":"https:\/\/barcainnovationhub.com\/ca\/wp-json\/wp\/v2\/products"}],"about":[{"href":"https:\/\/barcainnovationhub.com\/ca\/wp-json\/wp\/v2\/types\/product"}],"author":[{"embeddable":true,"href":"https:\/\/barcainnovationhub.com\/ca\/wp-json\/wp\/v2\/users\/16"}],"replies":[{"embeddable":true,"href":"https:\/\/barcainnovationhub.com\/ca\/wp-json\/wp\/v2\/comments?post=113487"}],"version-history":[{"count":5,"href":"https:\/\/barcainnovationhub.com\/ca\/wp-json\/wp\/v2\/products\/113487\/revisions"}],"predecessor-version":[{"id":118709,"href":"https:\/\/barcainnovationhub.com\/ca\/wp-json\/wp\/v2\/products\/113487\/revisions\/118709"}],"wp:attachment":[{"href":"https:\/\/barcainnovationhub.com\/ca\/wp-json\/wp\/v2\/media?parent=113487"}],"wp:term":[{"taxonomy":"category","embeddable":true,"href":"https:\/\/barcainnovationhub.com\/ca\/wp-json\/wp\/v2\/categories?post=113487"}],"curies":[{"name":"wp","href":"https:\/\/api.w.org\/{rel}","templated":true}]}}