{"id":11916,"date":"2019-02-21T14:25:57","date_gmt":"2019-02-21T17:25:57","guid":{"rendered":"https:\/\/barcainnovationhub.com\/?post_type=product&#038;p=11916"},"modified":"2022-01-11T01:33:53","modified_gmt":"2022-01-11T04:33:53","slug":"certificat-en-marqueting-i-patrocini-esportiu","status":"publish","type":"product","link":"https:\/\/barcainnovationhub.com\/ca\/product\/certificat-en-marqueting-i-patrocini-esportiu\/","title":{"rendered":"Certificat en M\u00e0rqueting i Patrocini Esportiu"},"content":{"rendered":"","protected":false},"excerpt":{"rendered":"","protected":false},"author":1,"featured_media":0,"comment_status":"open","ping_status":"closed","template":"","meta":[],"categories":[112,112],"yoast_head":"<!-- This site is optimized with the Yoast SEO plugin v16.6.1 - https:\/\/yoast.com\/wordpress\/plugins\/seo\/ -->\n<meta name=\"description\" content=\"En aquest curs de m\u00e0rqueting aprendr\u00e0s a identificar marques que inverteixin en el mercat esportiu, i a analitzar, crear i gestionar productes i serveis en l\u2019esport.\" \/>\n<meta name=\"robots\" content=\"index, follow, max-snippet:-1, max-image-preview:large, max-video-preview:-1\" \/>\n<link rel=\"canonical\" href=\"https:\/\/barcainnovationhub.com\/ca\/product\/certificat-en-marqueting-i-patrocini-esportiu\/\" \/>\n<meta property=\"og:locale\" content=\"ca_ES\" \/>\n<meta property=\"og:type\" content=\"article\" \/>\n<meta property=\"og:title\" content=\"Certificat en M\u00e0rqueting i Patrocini Esportiu\" \/>\n<meta property=\"og:description\" content=\"En aquest curs de m\u00e0rqueting aprendr\u00e0s a identificar marques que inverteixin en el mercat esportiu, i a analitzar, crear i gestionar productes i serveis en l\u2019esport.\" \/>\n<meta property=\"og:url\" content=\"https:\/\/barcainnovationhub.com\/ca\/product\/certificat-en-marqueting-i-patrocini-esportiu\/\" \/>\n<meta property=\"og:site_name\" content=\"Bar\u00e7a Innovation Hub\" \/>\n<meta property=\"article:publisher\" content=\"https:\/\/www.facebook.com\/fcbuniversitas\" \/>\n<meta property=\"article:modified_time\" content=\"2022-01-11T04:33:53+00:00\" \/>\n<meta property=\"og:image\" content=\"https:\/\/barcainnovationhub.com\/wp-content\/uploads\/2019\/01\/3fb00cdb-certificate-in-sports-marketing-and-sponsorship.jpg\" \/>\n\t<meta property=\"og:image:width\" content=\"1200\" \/>\n\t<meta property=\"og:image:height\" content=\"1200\" \/>\n<meta name=\"twitter:card\" content=\"summary\" \/>\n<meta name=\"twitter:title\" content=\"Certificat en M\u00e0rqueting i Patrocini Esportiu\" \/>\n<meta name=\"twitter:image\" content=\"https:\/\/barcainnovationhub.com\/wp-content\/uploads\/2019\/01\/3fb00cdb-certificate-in-sports-marketing-and-sponsorship.jpg\" \/>\n<meta name=\"twitter:site\" content=\"@BarcaInnoHub\" \/>\n<script type=\"application\/ld+json\" class=\"yoast-schema-graph\">{\"@context\":\"https:\/\/schema.org\",\"@graph\":[{\"@type\":\"WebSite\",\"@id\":\"https:\/\/barcainnovationhub.com\/#website\",\"url\":\"https:\/\/barcainnovationhub.com\/\",\"name\":\"Bar\\u00e7a Innovation Hub\",\"description\":\"The worldwide centre for sports knowledge and innovation\",\"potentialAction\":[{\"@type\":\"SearchAction\",\"target\":{\"@type\":\"EntryPoint\",\"urlTemplate\":\"https:\/\/barcainnovationhub.com\/?s={search_term_string}\"},\"query-input\":\"required name=search_term_string\"}],\"inLanguage\":\"ca\"},{\"@type\":\"ImageObject\",\"@id\":\"https:\/\/barcainnovationhub.com\/ca\/product\/certificat-en-marqueting-i-patrocini-esportiu\/#primaryimage\",\"inLanguage\":\"ca\",\"url\":\"https:\/\/barcainnovationhub.com\/wp-content\/uploads\/2019\/01\/3fb00cdb-certificate-in-sports-marketing-and-sponsorship.jpg\",\"contentUrl\":\"https:\/\/barcainnovationhub.com\/wp-content\/uploads\/2019\/01\/3fb00cdb-certificate-in-sports-marketing-and-sponsorship.jpg\",\"width\":1200,\"height\":1200},{\"@type\":\"WebPage\",\"@id\":\"https:\/\/barcainnovationhub.com\/ca\/product\/certificat-en-marqueting-i-patrocini-esportiu\/#webpage\",\"url\":\"https:\/\/barcainnovationhub.com\/ca\/product\/certificat-en-marqueting-i-patrocini-esportiu\/\",\"name\":\"Certificat en M\\u00e0rqueting i Patrocini Esportiu - Bar\\u00e7a Innovation Hub\",\"isPartOf\":{\"@id\":\"https:\/\/barcainnovationhub.com\/#website\"},\"datePublished\":\"2019-02-21T17:25:57+00:00\",\"dateModified\":\"2022-01-11T04:33:53+00:00\",\"description\":\"En aquest curs de m\\u00e0rqueting aprendr\\u00e0s a identificar marques que inverteixin en el mercat esportiu, i a analitzar, crear i gestionar productes i serveis en l\\u2019esport.\",\"breadcrumb\":{\"@id\":\"https:\/\/barcainnovationhub.com\/ca\/product\/certificat-en-marqueting-i-patrocini-esportiu\/#breadcrumb\"},\"inLanguage\":\"ca\",\"potentialAction\":[{\"@type\":\"ReadAction\",\"target\":[\"https:\/\/barcainnovationhub.com\/ca\/product\/certificat-en-marqueting-i-patrocini-esportiu\/\"]}]},{\"@type\":\"BreadcrumbList\",\"@id\":\"https:\/\/barcainnovationhub.com\/ca\/product\/certificat-en-marqueting-i-patrocini-esportiu\/#breadcrumb\",\"itemListElement\":[{\"@type\":\"ListItem\",\"position\":1,\"name\":\"Portada\",\"item\":\"https:\/\/barcainnovationhub.com\/ca\/\"},{\"@type\":\"ListItem\",\"position\":2,\"name\":\"Productos\",\"item\":\"https:\/\/barcainnovationhub.com\/ca\/product\/\"},{\"@type\":\"ListItem\",\"position\":3,\"name\":\"Certificat en M\\u00e0rqueting i Patrocini Esportiu\"}]}]}<\/script>\n<!-- \/ Yoast SEO plugin. -->","acf":{"hubspot_product_id":"11974636","external_id":"1362","header_image":108436,"column_title":"","titulo_incentivo":"Certificat en M\u00e0rqueting i Patrocini Esportiu","precio":"625","precio_en_cuotas":"4 pagaments mensuals de 156,25 \u20ac","precio_de_lista":"","mostrar_form":false,"promocion_vigente":"","duracion_del_curso":"4 mesos","nivel_del_curso":"Introductori","modalidad_cursado":"Online","impartido_en":"Spanish","contenido":"<p>En l&#8217;actualitat, el desenvolupament de la marca per a qualsevol activitat esportiva s&#8217;ha transformat en un dels pilars centrals de l&#8217;\u00e8xit, tant en l&#8217;\u00e0mbit esportiu com en els negocis. El m\u00e0rqueting com a disciplina permet abordar a l&#8217;esport amb una mirada professional sota una perspectiva comercial per detectar i aprofitar totes les oportunitats que es presenten al mercat. D&#8217;altra banda, el patrocini o explotaci\u00f3 comercial d&#8217;una marca esportiva \u00e9s l&#8217;estrat\u00e8gia que utilitzen els clubs, organitzacions esportives i fins i tot els esportistes per captar fons i recursos per al seu desenvolupament.<\/p>\n<p>A partir dels coneixements adquirits en aquest programa, Bar\u00e7a Universitas i James Condo et capacitaran per planificar, coordinar i desenvolupar una proposta de m\u00e0rqueting d&#8217;un club, un esdeveniment o un esportista.<\/p>\n","ocultar_video":false,"url_video":"https:\/\/www.youtube.com\/embed\/47_cdsVItu8","avalado_por":false,"pdf_brochure":"https:\/\/static.capabiliaserver.com\/frontend\/clients\/barca\/wp_prod\/wp-content\/uploads\/2019\/02\/5e29eef0-certificat-en-marqueting-i-patrocini-esportiu.pdf","cursos_que_lo_componen":[{"nombre_del_curso":"Pilars del M\u00e0rqueting Esportiu","descripcion_del_curso":"<p>M\u00d2DUL 1: Introducci\u00f3 al m\u00e0rqueting esportiu<br \/>\nM\u00d2DUL 2: M\u00e8todes i eines del m\u00e0rqueting esportiu<br \/>\nM\u00d2DUL 3: Creaci\u00f3 del pla de m\u00e0rqueting esportiu<br \/>\nM\u00d2DUL 4: Integraci\u00f3<\/p>\n"},{"nombre_del_curso":"Patrocini Esportiu","descripcion_del_curso":"<p>M\u00d2DUL 1: Gesti\u00f3 de la marca esportiva<br \/>\nM\u00d2DUL 2: Cerca de patrocinadors potencials<br \/>\nM\u00d2DUL 3: La preparaci\u00f3 i el tancament de la venda d\u2019un patrocini<br \/>\nM\u00d2DUL 4: Integraci\u00f3<\/p>\n"},{"nombre_del_curso":"Activaci\u00f3 del Patrocini Esportiu","descripcion_del_curso":"<p>M\u00d2DUL 1: Activaci\u00f3 del patrocini<br \/>\nM\u00d2DUL 2: Tipus d\u2019activaci\u00f3<br \/>\nM\u00d2DUL 3: Indicadors clau del patrocini<br \/>\nM\u00d2DUL 4: Integraci\u00f3<\/p>\n"},{"nombre_del_curso":"Gesti\u00f3 de Productes i Serveis Esportius","descripcion_del_curso":"<p>M\u00d2DUL 1: Gesti\u00f3 de productes i serveis<br \/>\nM\u00d2DUL 2: Execuci\u00f3 del pla de productes i serveis<br \/>\nM\u00d2DUL 3: Estrat\u00e8gia de desenvolupament de productes<br \/>\nM\u00d2DUL 4: Integraci\u00f3<\/p>\n"}],"aprende_a":[{"item_aprende_a":"Incorporar al m\u00e0rqueting com a disciplina en la gesti\u00f3 d'activitats esportives."},{"item_aprende_a":"Analitzar, crear i gestionar productes i serveis en l'esport."},{"item_aprende_a":"Identificar i captar marques que inverteixin en el mercat esportiu."},{"item_aprende_a":"Aprofitar oportunitats de generaci\u00f3 d'accions amb els patrocinadors en l'esport."}],"preguntas_frecuentes":false,"contenidistas":false,"docentes_expertos":[{"foto":"https:\/\/static.capabiliaserver.com\/frontend\/clients\/barca\/wp\/wp-content\/uploads\/2018\/06\/james_condo-1-150x150.jpg","nombre_del_docente":"Jim Condo","descripcion_del_docente":"Director de ETERNO Consulting. Professor adjunt a Florida Atlantic University.","enlace":""}],"fecha_de_inicio":"10072021","imagen_destacada":false,"id_magento":"172","producto_path":false,"titulo_seccion_testimonios":"","slider_testimonios":false,"imagen_de_fondo_testimonios":false,"color_de_fondo_testimonios":"","segunda_fecha_de_inicio":"25072021","zona_horaria":"Europe\/Madrid","activar_banner_1":false,"banner_1":false,"activar_banner_2":false,"banner_2":false,"activar_banner_3":false,"banner_3":false,"activar_nuevos_banners":false,"mostrar_banner_1":false,"crear_banner_1":{"utilizar_imagen_unica_para_banner":false,"asignar_imagen_unica_para_banner":false,"mostrar_titulo_banner":false,"titulo_para_banner":"","mostrar_subtitulo_banner":false,"subtitulo_del_banner":"","mostrar_cta_banner":false,"texto_cta_banner":"","url_cta_banner":"","fondo_de_color_banner":"","fondo_de_imagen_banner":false,"mostrar_imagen_izquierda_banner":false,"asignar_imagen_izquierda_banner":false},"mostrar_banner_2":false,"crear_banner_2":{"utilizar_imagen_unica_para_banner":false,"asignar_imagen_unica_para_banner":false,"mostrar_titulo_banner":false,"titulo_para_banner":"","mostrar_subtitulo_banner":false,"subtitulo_del_banner":"","mostrar_cta_banner":false,"texto_cta_banner":"","url_cta_banner":"","fondo_de_color_banner":"","fondo_de_imagen_banner":false,"mostrar_imagen_izquierda_banner":false,"asignar_imagen_izquierda_banner":false},"mostrar_banner_3":false,"crear_banner_3":{"utilizar_imagen_unica_para_banner":false,"asignar_imagen_unica_para_banner":false,"mostrar_titulo_banner":false,"titulo_para_banner":"","mostrar_subtitulo_banner":false,"subtitulo_del_banner":"","mostrar_cta_banner":false,"texto_cta_banner":"","url_cta_banner":"","fondo_de_color_banner":"","fondo_de_imagen_banner":false,"mostrar_imagen_izquierda_banner":false,"asignar_imagen_izquierda_banner":false}},"idiomas":{"en":10922,"es":11910,"ar":81731,"ca":11916,"ru":11916,"pt":11914},"_links":{"self":[{"href":"https:\/\/barcainnovationhub.com\/ca\/wp-json\/wp\/v2\/products\/11916"}],"collection":[{"href":"https:\/\/barcainnovationhub.com\/ca\/wp-json\/wp\/v2\/products"}],"about":[{"href":"https:\/\/barcainnovationhub.com\/ca\/wp-json\/wp\/v2\/types\/product"}],"author":[{"embeddable":true,"href":"https:\/\/barcainnovationhub.com\/ca\/wp-json\/wp\/v2\/users\/1"}],"replies":[{"embeddable":true,"href":"https:\/\/barcainnovationhub.com\/ca\/wp-json\/wp\/v2\/comments?post=11916"}],"version-history":[{"count":5,"href":"https:\/\/barcainnovationhub.com\/ca\/wp-json\/wp\/v2\/products\/11916\/revisions"}],"predecessor-version":[{"id":116368,"href":"https:\/\/barcainnovationhub.com\/ca\/wp-json\/wp\/v2\/products\/11916\/revisions\/116368"}],"wp:attachment":[{"href":"https:\/\/barcainnovationhub.com\/ca\/wp-json\/wp\/v2\/media?parent=11916"}],"wp:term":[{"taxonomy":"category","embeddable":true,"href":"https:\/\/barcainnovationhub.com\/ca\/wp-json\/wp\/v2\/categories?post=11916"}],"curies":[{"name":"wp","href":"https:\/\/api.w.org\/{rel}","templated":true}]}}