{"id":12549,"date":"2019-03-08T15:09:50","date_gmt":"2019-03-08T18:09:50","guid":{"rendered":"https:\/\/barcainnovationhub.com\/?post_type=product&#038;p=12549"},"modified":"2022-01-11T01:21:48","modified_gmt":"2022-01-11T04:21:48","slug":"certificat-en-entrenament-en-esports-dequip","status":"publish","type":"product","link":"https:\/\/barcainnovationhub.com\/ca\/product\/certificat-en-entrenament-en-esports-dequip\/","title":{"rendered":"Certificat en Entrenament en Esports d&#8217;Equip"},"content":{"rendered":"","protected":false},"excerpt":{"rendered":"","protected":false},"author":1,"featured_media":0,"comment_status":"open","ping_status":"closed","template":"","meta":[],"categories":[112,112],"yoast_head":"<!-- This site is optimized with the Yoast SEO plugin v16.6.1 - https:\/\/yoast.com\/wordpress\/plugins\/seo\/ -->\n<meta name=\"description\" content=\"En aquest curs aprendr\u00e0s a desenvolupar processos d\u2019entrenament en esports d\u2019equip, aplicats a les demandes f\u00edsiques i fisiol\u00f2giques.\" \/>\n<meta name=\"robots\" content=\"index, follow, max-snippet:-1, max-image-preview:large, max-video-preview:-1\" \/>\n<link rel=\"canonical\" href=\"https:\/\/barcainnovationhub.com\/ca\/product\/certificat-en-entrenament-en-esports-dequip\/\" \/>\n<meta property=\"og:locale\" content=\"ca_ES\" \/>\n<meta property=\"og:type\" content=\"article\" \/>\n<meta property=\"og:title\" content=\"Certificat en Entrenament en Esports d&#039;Equip\" \/>\n<meta property=\"og:description\" content=\"En aquest curs aprendr\u00e0s a desenvolupar processos d\u2019entrenament en esports d\u2019equip, aplicats a les demandes f\u00edsiques i fisiol\u00f2giques.\" \/>\n<meta property=\"og:url\" content=\"https:\/\/barcainnovationhub.com\/ca\/product\/certificat-en-entrenament-en-esports-dequip\/\" \/>\n<meta property=\"og:site_name\" content=\"Bar\u00e7a Innovation Hub\" \/>\n<meta property=\"article:publisher\" content=\"https:\/\/www.facebook.com\/fcbuniversitas\" \/>\n<meta property=\"article:modified_time\" content=\"2022-01-11T04:21:48+00:00\" \/>\n<meta property=\"og:image\" content=\"https:\/\/barcainnovationhub.com\/wp-content\/uploads\/2019\/03\/ded7d968-certificate-in-training-for-team-sports-3.jpg\" \/>\n\t<meta property=\"og:image:width\" content=\"1200\" \/>\n\t<meta property=\"og:image:height\" content=\"1200\" \/>\n<meta name=\"twitter:card\" content=\"summary\" \/>\n<meta name=\"twitter:title\" content=\"Certificat en Entrenament en Esports d&#039;Equip\" \/>\n<meta name=\"twitter:image\" content=\"https:\/\/barcainnovationhub.com\/wp-content\/uploads\/2019\/03\/ded7d968-certificate-in-training-for-team-sports-3.jpg\" \/>\n<meta name=\"twitter:site\" content=\"@BarcaInnoHub\" \/>\n<script type=\"application\/ld+json\" class=\"yoast-schema-graph\">{\"@context\":\"https:\/\/schema.org\",\"@graph\":[{\"@type\":\"WebSite\",\"@id\":\"https:\/\/barcainnovationhub.com\/#website\",\"url\":\"https:\/\/barcainnovationhub.com\/\",\"name\":\"Bar\\u00e7a Innovation Hub\",\"description\":\"The worldwide centre for sports knowledge and innovation\",\"potentialAction\":[{\"@type\":\"SearchAction\",\"target\":{\"@type\":\"EntryPoint\",\"urlTemplate\":\"https:\/\/barcainnovationhub.com\/?s={search_term_string}\"},\"query-input\":\"required name=search_term_string\"}],\"inLanguage\":\"ca\"},{\"@type\":\"ImageObject\",\"@id\":\"https:\/\/barcainnovationhub.com\/ca\/product\/certificat-en-entrenament-en-esports-dequip\/#primaryimage\",\"inLanguage\":\"ca\",\"url\":\"https:\/\/barcainnovationhub.com\/wp-content\/uploads\/2019\/03\/ded7d968-certificate-in-training-for-team-sports-3.jpg\",\"contentUrl\":\"https:\/\/barcainnovationhub.com\/wp-content\/uploads\/2019\/03\/ded7d968-certificate-in-training-for-team-sports-3.jpg\",\"width\":1200,\"height\":1200},{\"@type\":\"WebPage\",\"@id\":\"https:\/\/barcainnovationhub.com\/ca\/product\/certificat-en-entrenament-en-esports-dequip\/#webpage\",\"url\":\"https:\/\/barcainnovationhub.com\/ca\/product\/certificat-en-entrenament-en-esports-dequip\/\",\"name\":\"Certificat en Entrenament en Esports d'Equip - Bar\\u00e7a Innovation Hub\",\"isPartOf\":{\"@id\":\"https:\/\/barcainnovationhub.com\/#website\"},\"datePublished\":\"2019-03-08T18:09:50+00:00\",\"dateModified\":\"2022-01-11T04:21:48+00:00\",\"description\":\"En aquest curs aprendr\\u00e0s a desenvolupar processos d\\u2019entrenament en esports d\\u2019equip, aplicats a les demandes f\\u00edsiques i fisiol\\u00f2giques.\",\"breadcrumb\":{\"@id\":\"https:\/\/barcainnovationhub.com\/ca\/product\/certificat-en-entrenament-en-esports-dequip\/#breadcrumb\"},\"inLanguage\":\"ca\",\"potentialAction\":[{\"@type\":\"ReadAction\",\"target\":[\"https:\/\/barcainnovationhub.com\/ca\/product\/certificat-en-entrenament-en-esports-dequip\/\"]}]},{\"@type\":\"BreadcrumbList\",\"@id\":\"https:\/\/barcainnovationhub.com\/ca\/product\/certificat-en-entrenament-en-esports-dequip\/#breadcrumb\",\"itemListElement\":[{\"@type\":\"ListItem\",\"position\":1,\"name\":\"Portada\",\"item\":\"https:\/\/barcainnovationhub.com\/ca\/\"},{\"@type\":\"ListItem\",\"position\":2,\"name\":\"Productos\",\"item\":\"https:\/\/barcainnovationhub.com\/ca\/product\/\"},{\"@type\":\"ListItem\",\"position\":3,\"name\":\"Certificat en Entrenament en Esports d&#8217;Equip\"}]}]}<\/script>\n<!-- \/ Yoast SEO plugin. -->","acf":{"hubspot_product_id":"11975836","external_id":"1361","header_image":108527,"column_title":"","titulo_incentivo":"Certificat en Entrenament en Esports d'Equip","precio":"625","precio_en_cuotas":"4  pagaments mensuals de 156,25 \u20ac","precio_de_lista":"","mostrar_form":false,"promocion_vigente":"","duracion_del_curso":"4 mesos","nivel_del_curso":"Avan\u00e7at","modalidad_cursado":"Online","impartido_en":"Spanish","contenido":"<style type=\"text\/css\"><!--td {border: 1px solid #ccc;}br {mso-data-placement:same-cell;}--><\/style>\n<p><span data-sheets-value=\"{&quot;1&quot;:2,&quot;2&quot;:&quot;Amb l'objectiu de millorar l'espectacle, l'esport ha patit modificacions al llarg de la hist\u00f2ria i ha passat a ser m\u00e9s din\u00e0mic i entretingut. Aquests canvis van ser possibles gr\u00e0cies als nous reglaments i als aven\u00e7os de la ci\u00e8ncia, els quals han aconseguit potenciar els processos d'entrenament, tot construint esportistes m\u00e9s atl\u00e8tics, potents i velo\u00e7os. \\n\\nAquest predomini del factor f\u00edsic en l'esport porta com a conseq\u00fc\u00e8ncia un major protagonisme del preparador f\u00edsic en la construcci\u00f3 del proc\u00e9s d'entrenament, qui, a m\u00e9s a m\u00e9s, no pot ignorar la velocitat i precisi\u00f3 requerida en la presa de decisions durant el joc. Com a conseq\u00fc\u00e8ncia, un preparador f\u00edsic no pot pretendre entrenar els seus jugadors sense contemplar el component del comportament de joc.\\n\\nEn aquest Certificat, aprendreu quins s\u00f3n els perfils fisiol\u00f2gics d'esports d'equip i com influeixen aquests perfils en la programaci\u00f3 de l'entrenament. A m\u00e9s a m\u00e9s, coneixereu les noves metodologies d'entrenament. \\n\\nDes de l'aspecte de la for\u00e7a, aprendreu a elaborar un programa d'entrenament efectiu, tot fent una selecci\u00f3 adequada dels medis, en funci\u00f3 de les necessitats del vostre equip, esportista. \\n\\nRealitzarem un proc\u00e9s d'an\u00e0lisi i valoraci\u00f3 de factors de risc de lesions que fonamenten les intervencions preventives, aix\u00ed com tamb\u00e9 les estrat\u00e8gies preventives de lesi\u00f3 que resulten efectives. \\n\\n Tamb\u00e9 s'analitzen les necessitats dels esports d'equip, els recursos i temps amb els quals comptem per poder generar una proposta adequada en all\u00f2 que fa refer\u00e8ncia a l'\u00fas de proves de valoraci\u00f3 de capacitats motores i la mesura corresponent.&quot;}\" data-sheets-userformat=\"{&quot;2&quot;:12544,&quot;11&quot;:4,&quot;15&quot;:&quot;Arial&quot;,&quot;16&quot;:10}\">Amb l&#8217;objectiu de millorar l&#8217;espectacle, l&#8217;esport ha patit modificacions al llarg de la hist\u00f2ria i ha passat a ser m\u00e9s din\u00e0mic i entretingut. Aquests canvis van ser possibles gr\u00e0cies als nous reglaments i als aven\u00e7os de la ci\u00e8ncia, els quals han aconseguit potenciar els processos d&#8217;entrenament, tot construint esportistes m\u00e9s atl\u00e8tics, potents i velo\u00e7os. <\/span><\/p>\n<p>Aquest predomini del factor f\u00edsic en l&#8217;esport porta com a conseq\u00fc\u00e8ncia un major protagonisme del preparador f\u00edsic en la construcci\u00f3 del proc\u00e9s d&#8217;entrenament, qui, a m\u00e9s a m\u00e9s, no pot ignorar la velocitat i precisi\u00f3 requerida en la presa de decisions durant el joc. Com a conseq\u00fc\u00e8ncia, un preparador f\u00edsic no pot pretendre entrenar els seus jugadors sense contemplar el component del comportament de joc.<\/p>\n<p>En aquest Certificat, aprendreu quins s\u00f3n els perfils fisiol\u00f2gics d&#8217;esports d&#8217;equip i com influeixen aquests perfils en la programaci\u00f3 de l&#8217;entrenament. A m\u00e9s a m\u00e9s, coneixereu les noves metodologies d&#8217;entrenament.<\/p>\n<p>Des de l&#8217;aspecte de la for\u00e7a, aprendreu a elaborar un programa d&#8217;entrenament efectiu, tot fent una selecci\u00f3 adequada dels medis, en funci\u00f3 de les necessitats del vostre equip, esportista.<\/p>\n<p>Realitzarem un proc\u00e9s d&#8217;an\u00e0lisi i valoraci\u00f3 de factors de risc de lesions que fonamenten les intervencions preventives, aix\u00ed com tamb\u00e9 les estrat\u00e8gies preventives de lesi\u00f3 que resulten efectives.<\/p>\n<p>Tamb\u00e9 s&#8217;analitzen les necessitats dels esports d&#8217;equip, els recursos i temps amb els quals comptem per poder generar una proposta adequada en all\u00f2 que fa refer\u00e8ncia a l&#8217;\u00fas de proves de valoraci\u00f3 de capacitats motores i la mesura corresponent.<\/p>\n","ocultar_video":false,"url_video":"https:\/\/www.youtube.com\/embed\/PEi7D0GOdsI","avalado_por":false,"pdf_brochure":"https:\/\/static.capabiliaserver.com\/frontend\/clients\/barca\/wp_prod\/wp-content\/uploads\/2019\/03\/fd21c275-certificat-en-entrenament-en-esports-dequip.pdf","cursos_que_lo_componen":[{"nombre_del_curso":"Avaluaci\u00f3 Esportiva","descripcion_del_curso":"<p>M\u00d2DUL 1: AVALUACI\u00d3 DE FOR\u00c7A EN ESPORTS D\u2019EQUIP<br \/>\nUnitat 1: Valoraci\u00f3 de la for\u00e7a en els esports d\u2019equip.<br \/>\nUnitat 2: Avaluaci\u00f3 de la for\u00e7a en diferents manifestacions <\/p>\n<p>M\u00d2DUL 2: AVALUACI\u00d3 DE VELOCITAT I AGILITAT<br \/>\nUnitat 1: Valoraci\u00f3 de velocitat i agilitat en l\u2019esport d\u2019equip<br \/>\nUnitat 2: Proves de camp de velocitat i agilitat <\/p>\n<p>M\u00d2DUL 3: AVALUACI\u00d3 DE RESIST\u00c8NCIA EN ESPORTS AC\u00cdCLICS<br \/>\nUnitat 1: La valoraci\u00f3 de la condici\u00f3 f\u00edsica aer\u00f2bica i anaer\u00f2bica en esportistes<br \/>\nUnitat 2: Proves de camp de resist\u00e8ncia en el marc esportiu<\/p>\n<p>M\u00d2DUL 4: M\u00d2DUL INTEGRADOR\"<\/p>\n"},{"nombre_del_curso":"Entrenament de For\u00e7a en Esports d'Equip","descripcion_del_curso":"<p>\"M\u00d2DUL 1: INTRODUCCI\u00d3 A LA FOR\u00c7A EN ELS ESPORTS COL\u00b7LECTIUS. EL NOSTRE PARADIGMA<br \/>\nUnitat 1: Nocions b\u00e0siques de for\u00e7a en els esports d\u2019equip<br \/>\nUnitat 2: El rol de la for\u00e7a, de la teoria a la pr\u00e0ctica <\/p>\n<p>M\u00d2DUL 2: PERIODITZACI\u00d3 I MITJANS D\u2019ENTRENAMENT<br \/>\nUnitat 1: El proc\u00e9s d'entrenament<br \/>\nUnitat 2: Mitjans d\u2019entrenament<\/p>\n<p>M\u00d2DUL 3: PROGRAMACI\u00d3 D\u2019UNA SESSI\u00d3<br \/>\nUnitat 1: An\u00e0lisi de les variables que intervenen en la programaci\u00f3 d\u2019una sessi\u00f3<br \/>\nUnitat 2: Control de l\u2019entrenament <\/p>\n<p>M\u00d2DUL 4: M\u00d2DUL INTEGRADOR   \"<\/p>\n"},{"nombre_del_curso":"Prevenci\u00f3 de Lesions","descripcion_del_curso":"<p>\"M\u00d2DUL 1: CONCEPTES B\u00c0SICS EN EPIDEMIOLOGIA I PREVENCI\u00d3 DE LESIONS<br \/>\nUnitat 1: Conceptes b\u00e0sics en prevenci\u00f3 de lesions<br \/>\nUnitat 2: Epidemiologia en esports de conjunt <\/p>\n<p>M\u00d2DUL 2: PREVENCI\u00d3 DE LESIONS MUSCULARS<br \/>\nUnitat 1: Prevenci\u00f3 de les lesions musculars m\u00e9s freq\u00fcents (isquiotibials)<br \/>\nUnitat 2: Abordatge preventiu en la prevenci\u00f3 de lesions musculars<\/p>\n<p>M\u00d2DUL 3: PREVENCI\u00d3 DE LESIONS ARTICULARS<br \/>\nUnitat 1: Prevenci\u00f3 de les lesions articulars m\u00e9s freq\u00fcents de MI (lesi\u00f3 LCA)<br \/>\nUnitat 2: Prevenci\u00f3 de les lesions articulars m\u00e9s freq\u00fcents de MS (lesions d\u2019espatlla)<\/p>\n<p>M\u00d2DUL 4: M\u00d2DUL INTEGRADOR   \"<\/p>\n"},{"nombre_del_curso":"Programaci\u00f3 d'Entrenament i Perfil Fisiol\u00f2gic en Esports d'Equip","descripcion_del_curso":"<p>\"M\u00d2DUL 1: PERIODITZACI\u00d3, PLANIFICACI\u00d3 I METODOLOGIES. TEORIES I NOUS PARADIGMES<br \/>\nUnitat 1: Marc te\u00f2ric i metodologies tradicionals<br \/>\nUnitat 2: Noves metodologies de programaci\u00f3 de l'entrenament<\/p>\n<p>M\u00d2DUL 2: TEMPORADA ESPORTIVA<br \/>\nUnitat 1: Moments de la temporada<br \/>\nUnitat 2: Desenvolupament de capacitats i qualitats f\u00edsiques<\/p>\n<p>M\u00d2DUL 3: CARACTERITZACI\u00d3 DELS ESPORTS D\u2019EQUIP AMB FOCUS EN EL FUTBOL. AN\u00c0LISI DE DEMANDES F\u00cdSIQUES<br \/>\nUnitat 1: An\u00e0lisi de l'esport ac\u00edclic<br \/>\nUnitat 2: An\u00e0lisi de les demandes f\u00edsiques en competici\u00f3 i entrenament<\/p>\n<p>M\u00d2DUL 4: M\u00d2DUL INTEGRADOR   \"<\/p>\n"}],"aprende_a":[{"item_aprende_a":"Planificar l'avaluaci\u00f3, tot analitzant diverses capacitats motores i obtenint mesures que despr\u00e9s siguin considerades en el context del proc\u00e9s d'entrenament."},{"item_aprende_a":"Desenvolupar i analitzar programes d'entrenament de for\u00e7a en esports d'equip. "},{"item_aprende_a":"Planificar estrat\u00e8gies preventives eficients que es basen en un proc\u00e9s sustentat en l'evid\u00e8ncia cient\u00edfica."},{"item_aprende_a":"Desenvolupar processos d'entrenament en esports d'equip, tot aplicant les metodologies proposades i que es basen en les demandes f\u00edsiques i fisiol\u00f2giques de l'esport escollit."}],"preguntas_frecuentes":false,"contenidistas":[{"contenidista":"Lic. Andres Darbyshire ","descripcion_contenidista":"Preparador f\u00edsic de b\u00e0squet professional. "},{"contenidista":"Mgter. Pablo Griboff ","descripcion_contenidista":"Preparador f\u00edsic de voleibol professional. "},{"contenidista":"Lic. Mauricio Moyano","descripcion_contenidista":"Preparador f\u00edsic de b\u00e0squet professional. "},{"contenidista":"Lic. Matias Sampietro","descripcion_contenidista":"Fisioterapeuta de futbol professional."}],"docentes_expertos":[{"foto":"https:\/\/static.capabiliaserver.com\/frontend\/clients\/barca\/wp\/wp-content\/uploads\/2018\/12\/Francisco_Paco_Seirul-lo_Vargas-150x150.jpg","nombre_del_docente":"Paco Seirul\u00b7lo Vargas","descripcion_del_docente":"Responsable de l'\u00e0rea de metodologia del FC Barcelona.","enlace":""},{"foto":"https:\/\/barcainnovationhub.com\/wp-content\/uploads\/2019\/03\/ea8250e4-joan_ramon_tarrago.jpg","nombre_del_docente":"Joan Ramon Tarrago","descripcion_del_docente":"Responsable de preparaci\u00f3 f\u00edsica esportiva.","enlace":""}],"fecha_de_inicio":"10062021","imagen_destacada":false,"id_magento":"208","producto_path":false,"titulo_seccion_testimonios":"","slider_testimonios":false,"imagen_de_fondo_testimonios":false,"color_de_fondo_testimonios":"","activar_banner_1":false,"banner_1":false,"activar_banner_2":false,"banner_2":false,"activar_banner_3":false,"banner_3":false,"segunda_fecha_de_inicio":"","zona_horaria":"Europe\/Madrid","activar_nuevos_banners":false,"mostrar_banner_1":false,"crear_banner_1":{"utilizar_imagen_unica_para_banner":false,"asignar_imagen_unica_para_banner":false,"mostrar_titulo_banner":false,"titulo_para_banner":"","mostrar_subtitulo_banner":false,"subtitulo_del_banner":"","mostrar_cta_banner":false,"texto_cta_banner":"","url_cta_banner":"","fondo_de_color_banner":"","fondo_de_imagen_banner":false,"mostrar_imagen_izquierda_banner":false,"asignar_imagen_izquierda_banner":false},"mostrar_banner_2":false,"crear_banner_2":{"utilizar_imagen_unica_para_banner":false,"asignar_imagen_unica_para_banner":false,"mostrar_titulo_banner":false,"titulo_para_banner":"","mostrar_subtitulo_banner":false,"subtitulo_del_banner":"","mostrar_cta_banner":false,"texto_cta_banner":"","url_cta_banner":"","fondo_de_color_banner":"","fondo_de_imagen_banner":false,"mostrar_imagen_izquierda_banner":false,"asignar_imagen_izquierda_banner":false},"mostrar_banner_3":false,"crear_banner_3":{"utilizar_imagen_unica_para_banner":false,"asignar_imagen_unica_para_banner":false,"mostrar_titulo_banner":false,"titulo_para_banner":"","mostrar_subtitulo_banner":false,"subtitulo_del_banner":"","mostrar_cta_banner":false,"texto_cta_banner":"","url_cta_banner":"","fondo_de_color_banner":"","fondo_de_imagen_banner":false,"mostrar_imagen_izquierda_banner":false,"asignar_imagen_izquierda_banner":false}},"idiomas":{"en":12459,"es":8172,"ar":81703,"ca":12549,"ru":12549,"pt":12512},"_links":{"self":[{"href":"https:\/\/barcainnovationhub.com\/ca\/wp-json\/wp\/v2\/products\/12549"}],"collection":[{"href":"https:\/\/barcainnovationhub.com\/ca\/wp-json\/wp\/v2\/products"}],"about":[{"href":"https:\/\/barcainnovationhub.com\/ca\/wp-json\/wp\/v2\/types\/product"}],"author":[{"embeddable":true,"href":"https:\/\/barcainnovationhub.com\/ca\/wp-json\/wp\/v2\/users\/1"}],"replies":[{"embeddable":true,"href":"https:\/\/barcainnovationhub.com\/ca\/wp-json\/wp\/v2\/comments?post=12549"}],"version-history":[{"count":5,"href":"https:\/\/barcainnovationhub.com\/ca\/wp-json\/wp\/v2\/products\/12549\/revisions"}],"predecessor-version":[{"id":116356,"href":"https:\/\/barcainnovationhub.com\/ca\/wp-json\/wp\/v2\/products\/12549\/revisions\/116356"}],"wp:attachment":[{"href":"https:\/\/barcainnovationhub.com\/ca\/wp-json\/wp\/v2\/media?parent=12549"}],"wp:term":[{"taxonomy":"category","embeddable":true,"href":"https:\/\/barcainnovationhub.com\/ca\/wp-json\/wp\/v2\/categories?post=12549"}],"curies":[{"name":"wp","href":"https:\/\/api.w.org\/{rel}","templated":true}]}}