{"id":15923,"date":"2019-04-08T11:43:40","date_gmt":"2019-04-08T14:43:40","guid":{"rendered":"https:\/\/barcainnovationhub.com\/?post_type=product&#038;p=15923"},"modified":"2022-01-11T00:57:19","modified_gmt":"2022-01-11T03:57:19","slug":"certificat-en-nutricio-esportiva-futbol","status":"publish","type":"product","link":"https:\/\/barcainnovationhub.com\/ca\/product\/certificat-en-nutricio-esportiva-futbol\/","title":{"rendered":"Certificat en Nutrici\u00f3 Esportiva per al Futbol"},"content":{"rendered":"<p>contenido<\/p>\n","protected":false},"excerpt":{"rendered":"<p>excerpt<\/p>\n","protected":false},"author":16,"featured_media":0,"comment_status":"open","ping_status":"closed","template":"","meta":[],"categories":[112,112],"yoast_head":"<!-- This site is optimized with the Yoast SEO plugin v16.6.1 - https:\/\/yoast.com\/wordpress\/plugins\/seo\/ -->\n<meta name=\"description\" content=\"Mestre els principis b\u00e0sics de nutrici\u00f3 del futbol amb el Dr. Ian Rollo (GSSI) al Bar\u00e7a Innovation Hub - Universitas. 4 mesos. Online.\" \/>\n<meta name=\"robots\" content=\"index, follow, max-snippet:-1, max-image-preview:large, max-video-preview:-1\" \/>\n<link rel=\"canonical\" href=\"https:\/\/barcainnovationhub.com\/ca\/product\/certificat-en-nutricio-esportiva-futbol\/\" \/>\n<meta property=\"og:locale\" content=\"ca_ES\" \/>\n<meta property=\"og:type\" content=\"article\" \/>\n<meta property=\"og:title\" content=\"Certificat en Nutrici\u00f3 Esportiva per al Futbol\" \/>\n<meta property=\"og:description\" content=\"Mestre els principis b\u00e0sics de nutrici\u00f3 del futbol amb el Dr. Ian Rollo (GSSI) al Bar\u00e7a Innovation Hub - Universitas. 4 mesos. Online.\" \/>\n<meta property=\"og:url\" content=\"https:\/\/barcainnovationhub.com\/ca\/product\/certificat-en-nutricio-esportiva-futbol\/\" \/>\n<meta property=\"og:site_name\" content=\"Bar\u00e7a Innovation Hub\" \/>\n<meta property=\"article:publisher\" content=\"https:\/\/www.facebook.com\/fcbuniversitas\" \/>\n<meta property=\"article:modified_time\" content=\"2022-01-11T03:57:19+00:00\" \/>\n<meta property=\"og:image\" content=\"https:\/\/barcainnovationhub.com\/wp-content\/uploads\/2019\/04\/b8110afa-certificate-in-sports-nutrition-for-football-3.jpg\" \/>\n\t<meta property=\"og:image:width\" content=\"1200\" \/>\n\t<meta property=\"og:image:height\" content=\"1200\" \/>\n<meta name=\"twitter:card\" content=\"summary\" \/>\n<meta name=\"twitter:title\" content=\"Certificat en Nutrici\u00f3 Esportiva per al Futbol\" \/>\n<meta name=\"twitter:description\" content=\"Mestre els principis b\u00e0sics de nutrici\u00f3 del futbol amb el Dr. Ian Rollo (GSSI) al Bar\u00e7a Innovation Hub - Universitas. 4 mesos. Online.\" \/>\n<meta name=\"twitter:image\" content=\"https:\/\/barcainnovationhub.com\/wp-content\/uploads\/2019\/04\/b8110afa-certificate-in-sports-nutrition-for-football-3.jpg\" \/>\n<meta name=\"twitter:site\" content=\"@BarcaInnoHub\" \/>\n<meta name=\"twitter:label1\" content=\"Est. reading time\" \/>\n\t<meta name=\"twitter:data1\" content=\"1 minute\" \/>\n<script type=\"application\/ld+json\" class=\"yoast-schema-graph\">{\"@context\":\"https:\/\/schema.org\",\"@graph\":[{\"@type\":\"WebSite\",\"@id\":\"https:\/\/barcainnovationhub.com\/#website\",\"url\":\"https:\/\/barcainnovationhub.com\/\",\"name\":\"Bar\\u00e7a Innovation Hub\",\"description\":\"The worldwide centre for sports knowledge and innovation\",\"potentialAction\":[{\"@type\":\"SearchAction\",\"target\":{\"@type\":\"EntryPoint\",\"urlTemplate\":\"https:\/\/barcainnovationhub.com\/?s={search_term_string}\"},\"query-input\":\"required name=search_term_string\"}],\"inLanguage\":\"ca\"},{\"@type\":\"ImageObject\",\"@id\":\"https:\/\/barcainnovationhub.com\/ca\/product\/certificat-en-nutricio-esportiva-futbol\/#primaryimage\",\"inLanguage\":\"ca\",\"url\":\"https:\/\/barcainnovationhub.com\/wp-content\/uploads\/2019\/04\/b8110afa-certificate-in-sports-nutrition-for-football-3.jpg\",\"contentUrl\":\"https:\/\/barcainnovationhub.com\/wp-content\/uploads\/2019\/04\/b8110afa-certificate-in-sports-nutrition-for-football-3.jpg\",\"width\":1200,\"height\":1200},{\"@type\":\"WebPage\",\"@id\":\"https:\/\/barcainnovationhub.com\/ca\/product\/certificat-en-nutricio-esportiva-futbol\/#webpage\",\"url\":\"https:\/\/barcainnovationhub.com\/ca\/product\/certificat-en-nutricio-esportiva-futbol\/\",\"name\":\"Certificat en Nutrici\\u00f3 Esportiva per al Futbol - Bar\\u00e7a Innovation Hub\",\"isPartOf\":{\"@id\":\"https:\/\/barcainnovationhub.com\/#website\"},\"datePublished\":\"2019-04-08T14:43:40+00:00\",\"dateModified\":\"2022-01-11T03:57:19+00:00\",\"description\":\"Mestre els principis b\\u00e0sics de nutrici\\u00f3 del futbol amb el Dr. Ian Rollo (GSSI) al Bar\\u00e7a Innovation Hub - Universitas. 4 mesos. Online.\",\"breadcrumb\":{\"@id\":\"https:\/\/barcainnovationhub.com\/ca\/product\/certificat-en-nutricio-esportiva-futbol\/#breadcrumb\"},\"inLanguage\":\"ca\",\"potentialAction\":[{\"@type\":\"ReadAction\",\"target\":[\"https:\/\/barcainnovationhub.com\/ca\/product\/certificat-en-nutricio-esportiva-futbol\/\"]}]},{\"@type\":\"BreadcrumbList\",\"@id\":\"https:\/\/barcainnovationhub.com\/ca\/product\/certificat-en-nutricio-esportiva-futbol\/#breadcrumb\",\"itemListElement\":[{\"@type\":\"ListItem\",\"position\":1,\"name\":\"Portada\",\"item\":\"https:\/\/barcainnovationhub.com\/ca\/\"},{\"@type\":\"ListItem\",\"position\":2,\"name\":\"Productos\",\"item\":\"https:\/\/barcainnovationhub.com\/ca\/product\/\"},{\"@type\":\"ListItem\",\"position\":3,\"name\":\"Certificat en Nutrici\\u00f3 Esportiva per al Futbol\"}]}]}<\/script>\n<!-- \/ Yoast SEO plugin. -->","acf":{"external_id":"1377","titulo_curso":"Certificate in Sports Nutrition for Football","precio":"625","impartido_en":"Spanish","hubspot_product_id":"22802765","header_image":108475,"column_title":"","titulo_incentivo":"Certificat en Nutrici\u00f3 Esportiva per al Futbol","fecha_de_inicio":"10062021","precio_en_cuotas":"4 pagaments mensuals de 156,25 \u20ac","precio_de_lista":"","mostrar_form":false,"promocion_vigente":"","duracion_del_curso":"4 mesos","nivel_del_curso":"Avan\u00e7at","modalidad_cursado":"Online","contenido":"<p>Al Futbol Club Barcelona (FCB) i al Gatorade Sports Science Institute (GSSI) creiem que una nutrici\u00f3 adequada t\u00e9 una repercussi\u00f3 directa en la salut i el rendiment del jugador. El fet de tenir uns coneixements avan\u00e7ats de les demandes f\u00edsiques del futbol ha perm\u00e8s fer un acostament m\u00e9s cient\u00edfic a la preparaci\u00f3 d\u2019entrenaments\/partits i la manipulaci\u00f3 de la ingesta de macronutrients com a suport per al rendiment i la recuperaci\u00f3 postentrenament i postpartit.<\/p>\n<p>L\u2019objectiu del Certificat \u00e9s ensenyar els principis m\u00e9s importants de la nutrici\u00f3 per al futbol. Cada m\u00f2dul resumir\u00e0 els temes clau en la nutrici\u00f3 esportiva basats en la recerca avaluada per experts, i inclour\u00e0 la revisi\u00f3 d\u2019articles i declaracions de consens d\u2019experts. El curs proporciona una experi\u00e8ncia d\u2019aprenentatge molt completa, que no nom\u00e9s informar\u00e0 el candidat sobre \u201ccom\u201d desplegar estrat\u00e8gies de nutrici\u00f3 esportiva, sin\u00f3 que s\u2019assegurar\u00e0 que comprenen el \u201cperqu\u00e8\u201d de la import\u00e0ncia de la nutrici\u00f3.<\/p>\n<p>El fet que l\u2019acostament a la nutrici\u00f3 esportiva estigui basat en evid\u00e8ncies permet que el missatge sobre l\u2019educaci\u00f3 aliment\u00e0ria sigui coherent, fet que al seu torn repercuteix en la pr\u00e0ctica. Per aconseguir-ho, el FCB i el GSSI hi han estat treballant conjuntament els \u00faltims 5 anys. El Certificat en Nutrici\u00f3 Esportiva per al Futbol proporciona una plataforma per compartir els nostres coneixements amb l\u2019\u00e0mplia comunitat global del futbol.<\/p>\n","ocultar_video":false,"url_video":"https:\/\/www.youtube.com\/embed\/_kz_jykHjkI","avalado_por":false,"pdf_brochure":"https:\/\/static.capabiliaserver.com\/frontend\/clients\/barca\/wp_prod\/wp-content\/uploads\/2019\/04\/4267e647-certificate-in-sports-nutrition-for-football-1.pdf","cursos_que_lo_componen":[{"nombre_del_curso":"Una introducci\u00f3 al metabolisme i la nutrici\u00f3 en el futbol","descripcion_del_curso":"<p>M\u00d2DUL 1: Demandes del joc i comprensi\u00f3 de les demandes fisiol\u00f2giques del futbol<br \/>\n-Unitat 1: Demandes del joc<br \/>\n-Unitat 2: Resposta fisiol\u00f2gica al futbol<\/p>\n<p>M\u00d2DUL 2: Introducci\u00f3 al metabolisme i la nutrici\u00f3 en el futbol<br \/>\n-Unitat 1: Introducci\u00f3 al metabolisme<br \/>\n-Unitat 2: Nutrici\u00f3 per a l\u2019energia en el futbol<\/p>\n<p>M\u00d2DUL 3: Equilibri energ\u00e8tic i composici\u00f3 corporal<br \/>\n-Unitat 1: Principis del equilibri energ\u00e8tic en el futbol<br \/>\n-Unitat 2: Composici\u00f3 corporal del jugador<\/p>\n<p>M\u00d2DUL 4: Estrat\u00e8gies diet\u00e8tiques per a entrenaments i dies de partit<br \/>\n-Unitat 1: Nutrici\u00f3 per a l'entrenament<br \/>\n-Unitat 2: Nutrici\u00f3 per dies de partit<\/p>\n"},{"nombre_del_curso":"Macronutrients i fluids per al futbol","descripcion_del_curso":"<p>M\u00d2DUL 1: El rol dels hidrats de carboni en la dieta del jugador<br \/>\n-Unitat 1: Hidrats de carboni<br \/>\n-Unitat 2: Hidrats de carboni per al futbol<\/p>\n<p>M\u00d2DUL 2: El rol de les prote\u00efnes en la dieta del jugador<br \/>\n-Unitat 1: Prote\u00efnes<br \/>\n-Unitat 2: Prote\u00efnes per al futbol<\/p>\n<p>M\u00d2DUL 3: El rol dels greixos en la dieta del jugador<br \/>\n-Unitat 1: Greixos<br \/>\n-Unitat 2: Greixos per al futbol<\/p>\n<p>M\u00d2DUL 4: Fluid<br \/>\n-Unitat 1: Introducci\u00f3 a fluids i electr\u00f2lits<br \/>\n-Unitat 2: Fluids i electr\u00f2lits per al futbol<\/p>\n"},{"nombre_del_curso":"Consideracions sobre nutrici\u00f3 en futbol","descripcion_del_curso":"<p>M\u00d2DUL 1: Necessitats de micronutrients per al futbol<br \/>\n-Unitat 1: Vitamines per al futbol<br \/>\n-Unitat 2: Minerals per al futbol<\/p>\n<p>M\u00d2DUL 2: Suplements diet\u00e8tics per al futbol<br \/>\n-Unitat 1: Suplements diet\u00e8tics per al futbol<br \/>\n-Unitat 2: Suplements diet\u00e8tics per tenir en compte en el futbol<\/p>\n<p>M\u00d2DUL 3: El futbol en ambients extrems<br \/>\n-Unitat 1: Futbol en la calor<br \/>\n-Unitat 2: Futbol en al\u00e7ada<\/p>\n<p>M\u00d2DUL 4: Consideracions per a futbolistes femenines i juvenils<br \/>\n-Unitat 1: La futbolista femenina<br \/>\n-Unitat 2: El futbolista juvenil<\/p>\n"},{"nombre_del_curso":"Habilitats nutricionals en futbol","descripcion_del_curso":""}],"aprende_a":[{"item_aprende_a":"Dominar els principis b\u00e0sics de la nutrici\u00f3 per al futbol"},{"item_aprende_a":"Comprendre el paper dels macronutrients per al rendiment del futbol"},{"item_aprende_a":"Identificar les necessitats de fluids i els requisits de micronutrients per al futbol"},{"item_aprende_a":"Implementar usos i bones pr\u00e0ctiques de suplements diet\u00e8tics per al futbol"}],"preguntas_frecuentes":false,"contenidistas":false,"docentes_expertos":[{"foto":"https:\/\/barcainnovationhub.com\/wp-content\/uploads\/2019\/03\/f6092eb0-ian_rollo.jpg","nombre_del_docente":"Ian Rollo","descripcion_del_docente":"Cient\u00edfic principal del Gatorade Sports Science Institute. Investigador convidat de la Universitat de Loughborough, Regne Unit. Fisi\u00f2leg de l\u2019exercici, nutricionista especialitzat en esport i exercici membre del SENr.","enlace":""}],"imagen_destacada":false,"id_magento":"274","producto_path":false,"titulo_seccion_testimonios":"","slider_testimonios":false,"imagen_de_fondo_testimonios":false,"color_de_fondo_testimonios":"","activar_banner_1":false,"banner_1":false,"activar_banner_2":false,"banner_2":false,"activar_banner_3":false,"banner_3":false,"segunda_fecha_de_inicio":"","zona_horaria":"Europe\/Madrid","activar_nuevos_banners":false,"mostrar_banner_1":false,"crear_banner_1":{"utilizar_imagen_unica_para_banner":false,"asignar_imagen_unica_para_banner":false,"mostrar_titulo_banner":false,"titulo_para_banner":"","mostrar_subtitulo_banner":false,"subtitulo_del_banner":"","mostrar_cta_banner":false,"texto_cta_banner":"","url_cta_banner":"","fondo_de_color_banner":"","fondo_de_imagen_banner":false,"mostrar_imagen_izquierda_banner":false,"asignar_imagen_izquierda_banner":false},"mostrar_banner_2":false,"crear_banner_2":{"utilizar_imagen_unica_para_banner":false,"asignar_imagen_unica_para_banner":false,"mostrar_titulo_banner":false,"titulo_para_banner":"","mostrar_subtitulo_banner":false,"subtitulo_del_banner":"","mostrar_cta_banner":false,"texto_cta_banner":"","url_cta_banner":"","fondo_de_color_banner":"","fondo_de_imagen_banner":false,"mostrar_imagen_izquierda_banner":false,"asignar_imagen_izquierda_banner":false},"mostrar_banner_3":false,"crear_banner_3":{"utilizar_imagen_unica_para_banner":false,"asignar_imagen_unica_para_banner":false,"mostrar_titulo_banner":false,"titulo_para_banner":"","mostrar_subtitulo_banner":false,"subtitulo_del_banner":"","mostrar_cta_banner":false,"texto_cta_banner":"","url_cta_banner":"","fondo_de_color_banner":"","fondo_de_imagen_banner":false,"mostrar_imagen_izquierda_banner":false,"asignar_imagen_izquierda_banner":false}},"idiomas":{"en":15922,"es":15925,"ar":15923,"ca":15923,"ru":15923,"pt":15924},"_links":{"self":[{"href":"https:\/\/barcainnovationhub.com\/ca\/wp-json\/wp\/v2\/products\/15923"}],"collection":[{"href":"https:\/\/barcainnovationhub.com\/ca\/wp-json\/wp\/v2\/products"}],"about":[{"href":"https:\/\/barcainnovationhub.com\/ca\/wp-json\/wp\/v2\/types\/product"}],"author":[{"embeddable":true,"href":"https:\/\/barcainnovationhub.com\/ca\/wp-json\/wp\/v2\/users\/16"}],"replies":[{"embeddable":true,"href":"https:\/\/barcainnovationhub.com\/ca\/wp-json\/wp\/v2\/comments?post=15923"}],"version-history":[{"count":5,"href":"https:\/\/barcainnovationhub.com\/ca\/wp-json\/wp\/v2\/products\/15923\/revisions"}],"predecessor-version":[{"id":116340,"href":"https:\/\/barcainnovationhub.com\/ca\/wp-json\/wp\/v2\/products\/15923\/revisions\/116340"}],"wp:attachment":[{"href":"https:\/\/barcainnovationhub.com\/ca\/wp-json\/wp\/v2\/media?parent=15923"}],"wp:term":[{"taxonomy":"category","embeddable":true,"href":"https:\/\/barcainnovationhub.com\/ca\/wp-json\/wp\/v2\/categories?post=15923"}],"curies":[{"name":"wp","href":"https:\/\/api.w.org\/{rel}","templated":true}]}}