{"id":52033,"date":"2020-02-04T10:02:09","date_gmt":"2020-02-04T13:02:09","guid":{"rendered":"https:\/\/barcainnovationhub.com\/?post_type=product&#038;p=52033"},"modified":"2022-01-11T01:57:51","modified_gmt":"2022-01-11T04:57:51","slug":"marqueting-digital-esportiu","status":"publish","type":"product","link":"https:\/\/barcainnovationhub.com\/ca\/product\/marqueting-digital-esportiu\/","title":{"rendered":"M\u00e0rqueting Digital Esportiu"},"content":{"rendered":"<p>contenido<\/p>\n","protected":false},"excerpt":{"rendered":"<p>excerpt<\/p>\n","protected":false},"author":16,"featured_media":0,"comment_status":"open","ping_status":"closed","template":"","meta":[],"categories":[112],"yoast_head":"<!-- This site is optimized with the Yoast SEO plugin v16.6.1 - https:\/\/yoast.com\/wordpress\/plugins\/seo\/ -->\n<meta name=\"description\" content=\"Aquest programa proporciona una introducci\u00f3 pr\u00e0ctica al m\u00e0rqueting digital per a l&#039;executiu esportiu, mitjan\u00e7ant exemples, consells i plantilles rellevants.\" \/>\n<meta name=\"robots\" content=\"index, follow, max-snippet:-1, max-image-preview:large, max-video-preview:-1\" \/>\n<link rel=\"canonical\" href=\"https:\/\/barcainnovationhub.com\/ca\/product\/marqueting-digital-esportiu\/\" \/>\n<meta property=\"og:locale\" content=\"ca_ES\" \/>\n<meta property=\"og:type\" content=\"article\" \/>\n<meta property=\"og:title\" content=\"M\u00e0rqueting Digital Esportiu\" \/>\n<meta property=\"og:description\" content=\"Aquest programa proporciona una introducci\u00f3 pr\u00e0ctica al m\u00e0rqueting digital per a l&#039;executiu esportiu, mitjan\u00e7ant exemples, consells i plantilles rellevants.\" \/>\n<meta property=\"og:url\" content=\"https:\/\/barcainnovationhub.com\/ca\/product\/marqueting-digital-esportiu\/\" \/>\n<meta property=\"og:site_name\" content=\"Bar\u00e7a Innovation Hub\" \/>\n<meta property=\"article:publisher\" content=\"https:\/\/www.facebook.com\/fcbuniversitas\" \/>\n<meta property=\"article:modified_time\" content=\"2022-01-11T04:57:51+00:00\" \/>\n<meta property=\"og:image\" content=\"https:\/\/barcainnovationhub.com\/wp-content\/uploads\/2021\/09\/eafaac00-thumbnail-en.png\" \/>\n\t<meta property=\"og:image:width\" content=\"1920\" \/>\n\t<meta property=\"og:image:height\" content=\"1080\" \/>\n<meta name=\"twitter:card\" content=\"summary\" \/>\n<meta name=\"twitter:title\" content=\"M\u00e0rqueting Digital Esportiu\" \/>\n<meta name=\"twitter:description\" content=\"Aquest programa proporciona una introducci\u00f3 pr\u00e0ctica al m\u00e0rqueting digital per a l&#039;executiu esportiu, mitjan\u00e7ant exemples, consells i plantilles rellevants.\" \/>\n<meta name=\"twitter:image\" content=\"https:\/\/barcainnovationhub.com\/wp-content\/uploads\/2021\/09\/eafaac00-thumbnail-en.png\" \/>\n<meta name=\"twitter:site\" content=\"@BarcaInnoHub\" \/>\n<meta name=\"twitter:label1\" content=\"Est. reading time\" \/>\n\t<meta name=\"twitter:data1\" content=\"1 minute\" \/>\n<script type=\"application\/ld+json\" class=\"yoast-schema-graph\">{\"@context\":\"https:\/\/schema.org\",\"@graph\":[{\"@type\":\"WebSite\",\"@id\":\"https:\/\/barcainnovationhub.com\/#website\",\"url\":\"https:\/\/barcainnovationhub.com\/\",\"name\":\"Bar\\u00e7a Innovation Hub\",\"description\":\"The worldwide centre for sports knowledge and innovation\",\"potentialAction\":[{\"@type\":\"SearchAction\",\"target\":{\"@type\":\"EntryPoint\",\"urlTemplate\":\"https:\/\/barcainnovationhub.com\/?s={search_term_string}\"},\"query-input\":\"required name=search_term_string\"}],\"inLanguage\":\"ca\"},{\"@type\":\"ImageObject\",\"@id\":\"https:\/\/barcainnovationhub.com\/ca\/product\/marqueting-digital-esportiu\/#primaryimage\",\"inLanguage\":\"ca\",\"url\":\"https:\/\/barcainnovationhub.com\/wp-content\/uploads\/2021\/09\/eafaac00-thumbnail-en.png\",\"contentUrl\":\"https:\/\/barcainnovationhub.com\/wp-content\/uploads\/2021\/09\/eafaac00-thumbnail-en.png\",\"width\":1920,\"height\":1080},{\"@type\":\"WebPage\",\"@id\":\"https:\/\/barcainnovationhub.com\/ca\/product\/marqueting-digital-esportiu\/#webpage\",\"url\":\"https:\/\/barcainnovationhub.com\/ca\/product\/marqueting-digital-esportiu\/\",\"name\":\"M\\u00e0rqueting Digital Esportiu - Bar\\u00e7a Innovation Hub\",\"isPartOf\":{\"@id\":\"https:\/\/barcainnovationhub.com\/#website\"},\"datePublished\":\"2020-02-04T13:02:09+00:00\",\"dateModified\":\"2022-01-11T04:57:51+00:00\",\"description\":\"Aquest programa proporciona una introducci\\u00f3 pr\\u00e0ctica al m\\u00e0rqueting digital per a l'executiu esportiu, mitjan\\u00e7ant exemples, consells i plantilles rellevants.\",\"breadcrumb\":{\"@id\":\"https:\/\/barcainnovationhub.com\/ca\/product\/marqueting-digital-esportiu\/#breadcrumb\"},\"inLanguage\":\"ca\",\"potentialAction\":[{\"@type\":\"ReadAction\",\"target\":[\"https:\/\/barcainnovationhub.com\/ca\/product\/marqueting-digital-esportiu\/\"]}]},{\"@type\":\"BreadcrumbList\",\"@id\":\"https:\/\/barcainnovationhub.com\/ca\/product\/marqueting-digital-esportiu\/#breadcrumb\",\"itemListElement\":[{\"@type\":\"ListItem\",\"position\":1,\"name\":\"Portada\",\"item\":\"https:\/\/barcainnovationhub.com\/ca\/\"},{\"@type\":\"ListItem\",\"position\":2,\"name\":\"Productos\",\"item\":\"https:\/\/barcainnovationhub.com\/ca\/product\/\"},{\"@type\":\"ListItem\",\"position\":3,\"name\":\"M\\u00e0rqueting Digital Esportiu\"}]}]}<\/script>\n<!-- \/ Yoast SEO plugin. -->","acf":{"external_id":"1397","titulo_curso":"Certificado en Marketing Digital Deportivo","precio":"450","impartido_en":"Spanish","producto_path":false,"hubspot_product_id":"74780006","id_magento":"334","header_image":108950,"column_title":"","titulo_incentivo":"M\u00e0rqueting Digital Esportiu ","fecha_de_inicio":"10072021","precio_en_cuotas":"2 pagaments mensuals de 225 \u20ac","precio_de_lista":"450","mostrar_form":false,"promocion_vigente":"","duracion_del_curso":"2 mesos","nivel_del_curso":"Introductori","modalidad_cursado":"Online","contenido":"<p>El M\u00e0rqueting Digital \u00e9s essencial per als clubs esportius o federacions actuals. La ind\u00fastria est\u00e0 canviant de manera r\u00e0pida i molts dels executius esportius estan utilitzant formes innovadores per atreure i arribar a la seva base d&#8217;aficionats, mentre generen m\u00faltiples fluxos d&#8217;ingressos des d&#8217;una \u00e0mplia gamma d&#8217;activitats digitals.<\/p>\n<p>El programa<strong>\u00a0M\u00e0rqueting Digital Esportiu<\/strong> proveeix una introducci\u00f3 pr\u00e0ctica al m\u00e0rqueting digital per als executius esportius, en utilitzar exemples pertinents, suggeriments i plantilles que poden utilitzar-se entre els executius esportius de clubs o federacions. Els seus cursos se centren en 4 amplis temes:<\/p>\n<ol>\n<li>Tend\u00e8ncies, investigaci\u00f3 i estrat\u00e8gia<\/li>\n<li>Marques i comunicacions en el pla de contingut i gesti\u00f3 de crisi<\/li>\n<li>Generaci\u00f3 d&#8217;ingressos i recursos<\/li>\n<li>Enfocament en l&#8217;aficionat<\/li>\n<\/ol>\n<p>Aquest programa t\u00e9 com a objectiu proveir als participants el coneixement i les habilitats que es requereixen per desenvolupar un pla de m\u00e0rqueting digital esportiu que pugui implementar-se en el seu club o federaci\u00f3.<\/p>\n","ocultar_video":true,"url_video":"","avalado_por":false,"pdf_brochure":"https:\/\/static.capabiliaserver.com\/frontend\/clients\/barca\/wp_prod\/wp-content\/uploads\/2020\/02\/fd0563a7-marketing-digital-deportivo.pdf","cursos_que_lo_componen":[{"nombre_del_curso":"Estrat\u00e8gies, marques i comunicacions en l\u00ednia","descripcion_del_curso":"<p>M\u00d2DUL 1: Tend\u00e8ncies, investigacions i auditories digitals<br \/>\nM\u00d2DUL 2: Estrat\u00e8gies de m\u00e0rqueting digital i marques en l\u00ednia<br \/>\nM\u00d2DUL 3: Comunicacions<br \/>\nM\u00d2DUL 4: Pla de continguts i gesti\u00f3 de crisi <\/p>\n"},{"nombre_del_curso":"Generaci\u00f3 d'ingressos i fan engagement","descripcion_del_curso":"<p>M\u00d2DUL 1: Informaci\u00f3 i recursos<br \/>\nM\u00d2DUL 2: Font d'ingressos digitals<br \/>\nM\u00d2DUL 3: Comprom\u00eds amb els fan\u00e0tics i eSports<br \/>\nM\u00d2DUL 4: Jocs de fantasia i Attendance Model (GAM)<\/p>\n"}],"aprende_a":[{"item_aprende_a":"Dirigir auditories digitals"},{"item_aprende_a":"Adquirir coneixements b\u00e0sics de les dades i la visi\u00f3 \u00fanica del client (SVC)"},{"item_aprende_a":"Crear un pla de m\u00e0rqueting digital"},{"item_aprende_a":"Construir una marca en l\u00ednia"},{"item_aprende_a":"Crear un pla de continguts i comunicacions"},{"item_aprende_a":"Adquirir millors coneixements sobre les diverses fonts d'ingressos disponibles"},{"item_aprende_a":"Adquirir un coneixement m\u00e9s profund sobre com utilitzar el digital per fidelitzar una base d'aficionats"}],"preguntas_frecuentes":false,"contenidistas":false,"docentes_expertos":[{"foto":"https:\/\/barcainnovationhub.com\/wp-content\/uploads\/2020\/01\/fcc01266-geoff-wilson-328x328.jpg","nombre_del_docente":"Geoff Wilson ","descripcion_del_docente":"Estratega esportiu que destaca en organitzacions esportives i negocis involucrats en l'esport arreu del m\u00f3n. Actualment treballa com a consultor en comunicaci\u00f3 i m\u00e0rqueting per a clients com UEFA, AFC, FIFA, FIBA i l'Ulster Grand Prix. ","enlace":""}],"imagen_destacada":false,"titulo_seccion_testimonios":"","slider_testimonios":false,"imagen_de_fondo_testimonios":false,"color_de_fondo_testimonios":"","segunda_fecha_de_inicio":"25072021","zona_horaria":"Europe\/Madrid","activar_banner_1":false,"banner_1":false,"activar_banner_2":false,"banner_2":false,"activar_banner_3":false,"banner_3":false,"activar_nuevos_banners":false,"mostrar_banner_1":false,"crear_banner_1":{"utilizar_imagen_unica_para_banner":false,"asignar_imagen_unica_para_banner":false,"mostrar_titulo_banner":false,"titulo_para_banner":"","mostrar_subtitulo_banner":false,"subtitulo_del_banner":"","mostrar_cta_banner":false,"texto_cta_banner":"","url_cta_banner":"","fondo_de_color_banner":"","fondo_de_imagen_banner":false,"mostrar_imagen_izquierda_banner":false,"asignar_imagen_izquierda_banner":false},"mostrar_banner_2":false,"crear_banner_2":{"utilizar_imagen_unica_para_banner":false,"asignar_imagen_unica_para_banner":false,"mostrar_titulo_banner":false,"titulo_para_banner":"","mostrar_subtitulo_banner":false,"subtitulo_del_banner":"","mostrar_cta_banner":false,"texto_cta_banner":"","url_cta_banner":"","fondo_de_color_banner":"","fondo_de_imagen_banner":false,"mostrar_imagen_izquierda_banner":false,"asignar_imagen_izquierda_banner":false},"mostrar_banner_3":false,"crear_banner_3":{"utilizar_imagen_unica_para_banner":false,"asignar_imagen_unica_para_banner":false,"mostrar_titulo_banner":false,"titulo_para_banner":"","mostrar_subtitulo_banner":false,"subtitulo_del_banner":"","mostrar_cta_banner":false,"texto_cta_banner":"","url_cta_banner":"","fondo_de_color_banner":"","fondo_de_imagen_banner":false,"mostrar_imagen_izquierda_banner":false,"asignar_imagen_izquierda_banner":false}},"idiomas":{"en":52032,"es":52035,"ar":52033,"ca":52033,"ru":52033,"pt":52034},"_links":{"self":[{"href":"https:\/\/barcainnovationhub.com\/ca\/wp-json\/wp\/v2\/products\/52033"}],"collection":[{"href":"https:\/\/barcainnovationhub.com\/ca\/wp-json\/wp\/v2\/products"}],"about":[{"href":"https:\/\/barcainnovationhub.com\/ca\/wp-json\/wp\/v2\/types\/product"}],"author":[{"embeddable":true,"href":"https:\/\/barcainnovationhub.com\/ca\/wp-json\/wp\/v2\/users\/16"}],"replies":[{"embeddable":true,"href":"https:\/\/barcainnovationhub.com\/ca\/wp-json\/wp\/v2\/comments?post=52033"}],"version-history":[{"count":5,"href":"https:\/\/barcainnovationhub.com\/ca\/wp-json\/wp\/v2\/products\/52033\/revisions"}],"predecessor-version":[{"id":116399,"href":"https:\/\/barcainnovationhub.com\/ca\/wp-json\/wp\/v2\/products\/52033\/revisions\/116399"}],"wp:attachment":[{"href":"https:\/\/barcainnovationhub.com\/ca\/wp-json\/wp\/v2\/media?parent=52033"}],"wp:term":[{"taxonomy":"category","embeddable":true,"href":"https:\/\/barcainnovationhub.com\/ca\/wp-json\/wp\/v2\/categories?post=52033"}],"curies":[{"name":"wp","href":"https:\/\/api.w.org\/{rel}","templated":true}]}}