{"id":54177,"date":"2020-02-20T08:44:44","date_gmt":"2020-02-20T11:44:44","guid":{"rendered":"https:\/\/barcainnovationhub.com\/?post_type=product&#038;p=54177"},"modified":"2022-01-11T00:46:11","modified_gmt":"2022-01-11T03:46:11","slug":"certificat-en-tecnologia-i-ciencia-aplicades-a-esport","status":"publish","type":"product","link":"https:\/\/barcainnovationhub.com\/ca\/product\/certificat-en-tecnologia-i-ciencia-aplicades-a-esport\/","title":{"rendered":"Certificat en Tecnologia i Ci\u00e8ncia Aplicades a l&#8217;Esport"},"content":{"rendered":"<p>contenido<\/p>\n","protected":false},"excerpt":{"rendered":"<p>excerpt<\/p>\n","protected":false},"author":16,"featured_media":0,"comment_status":"open","ping_status":"closed","template":"","meta":[],"categories":[112],"yoast_head":"<!-- This site is optimized with the Yoast SEO plugin v16.6.1 - https:\/\/yoast.com\/wordpress\/plugins\/seo\/ -->\n<meta name=\"description\" content=\"El present certificat est\u00e0 dirigit a aquells professionals de l&#039;esport i la salut que tinguin com a objectiu principal el coneixement i aprenentatge de les bases que conformen l&#039;\u00fas, enteniment i aplicaci\u00f3 tecnol\u00f2gica dels diferents camps que emergeixen de l&#039;esport.\" \/>\n<meta name=\"robots\" content=\"index, follow, max-snippet:-1, max-image-preview:large, max-video-preview:-1\" \/>\n<link rel=\"canonical\" href=\"https:\/\/barcainnovationhub.com\/ca\/product\/certificat-en-tecnologia-i-ciencia-aplicades-a-esport\/\" \/>\n<meta property=\"og:locale\" content=\"ca_ES\" \/>\n<meta property=\"og:type\" content=\"article\" \/>\n<meta property=\"og:title\" content=\"Certificat en Tecnologia i Ci\u00e8ncia Aplicades a l&#039;Esport\" \/>\n<meta property=\"og:description\" content=\"El present certificat est\u00e0 dirigit a aquells professionals de l&#039;esport i la salut que tinguin com a objectiu principal el coneixement i aprenentatge de les bases que conformen l&#039;\u00fas, enteniment i aplicaci\u00f3 tecnol\u00f2gica dels diferents camps que emergeixen de l&#039;esport.\" \/>\n<meta property=\"og:url\" content=\"https:\/\/barcainnovationhub.com\/ca\/product\/certificat-en-tecnologia-i-ciencia-aplicades-a-esport\/\" \/>\n<meta property=\"og:site_name\" content=\"Bar\u00e7a Innovation Hub\" \/>\n<meta property=\"article:publisher\" content=\"https:\/\/www.facebook.com\/fcbuniversitas\" \/>\n<meta property=\"article:modified_time\" content=\"2022-01-11T03:46:11+00:00\" \/>\n<meta property=\"og:image\" content=\"https:\/\/barcainnovationhub.com\/wp-content\/uploads\/2020\/02\/b2d6344f-certificate-in-technology-and-science-applied-to-sport.jpg\" \/>\n\t<meta property=\"og:image:width\" content=\"1200\" \/>\n\t<meta property=\"og:image:height\" content=\"1200\" \/>\n<meta name=\"twitter:card\" content=\"summary\" \/>\n<meta name=\"twitter:title\" content=\"Certificat en Tecnologia i Ci\u00e8ncia Aplicades a l&#039;Esport\" \/>\n<meta name=\"twitter:description\" content=\"El present certificat est\u00e0 dirigit a aquells professionals de l&#039;esport i la salut que tinguin com a objectiu principal el coneixement i aprenentatge de les bases que conformen l&#039;\u00fas, enteniment i aplicaci\u00f3 tecnol\u00f2gica dels diferents camps que emergeixen de l&#039;esport.\" \/>\n<meta name=\"twitter:image\" content=\"https:\/\/barcainnovationhub.com\/wp-content\/uploads\/2020\/02\/b2d6344f-certificate-in-technology-and-science-applied-to-sport.jpg\" \/>\n<meta name=\"twitter:site\" content=\"@BarcaInnoHub\" \/>\n<meta name=\"twitter:label1\" content=\"Est. reading time\" \/>\n\t<meta name=\"twitter:data1\" content=\"1 minute\" \/>\n<script type=\"application\/ld+json\" class=\"yoast-schema-graph\">{\"@context\":\"https:\/\/schema.org\",\"@graph\":[{\"@type\":\"WebSite\",\"@id\":\"https:\/\/barcainnovationhub.com\/#website\",\"url\":\"https:\/\/barcainnovationhub.com\/\",\"name\":\"Bar\\u00e7a Innovation Hub\",\"description\":\"The worldwide centre for sports knowledge and innovation\",\"potentialAction\":[{\"@type\":\"SearchAction\",\"target\":{\"@type\":\"EntryPoint\",\"urlTemplate\":\"https:\/\/barcainnovationhub.com\/?s={search_term_string}\"},\"query-input\":\"required name=search_term_string\"}],\"inLanguage\":\"ca\"},{\"@type\":\"ImageObject\",\"@id\":\"https:\/\/barcainnovationhub.com\/ca\/product\/certificat-en-tecnologia-i-ciencia-aplicades-a-esport\/#primaryimage\",\"inLanguage\":\"ca\",\"url\":\"https:\/\/barcainnovationhub.com\/wp-content\/uploads\/2020\/02\/b2d6344f-certificate-in-technology-and-science-applied-to-sport.jpg\",\"contentUrl\":\"https:\/\/barcainnovationhub.com\/wp-content\/uploads\/2020\/02\/b2d6344f-certificate-in-technology-and-science-applied-to-sport.jpg\",\"width\":1200,\"height\":1200},{\"@type\":\"WebPage\",\"@id\":\"https:\/\/barcainnovationhub.com\/ca\/product\/certificat-en-tecnologia-i-ciencia-aplicades-a-esport\/#webpage\",\"url\":\"https:\/\/barcainnovationhub.com\/ca\/product\/certificat-en-tecnologia-i-ciencia-aplicades-a-esport\/\",\"name\":\"Certificat en Tecnologia i Ci\\u00e8ncia Aplicades a l'Esport - Bar\\u00e7a Innovation Hub\",\"isPartOf\":{\"@id\":\"https:\/\/barcainnovationhub.com\/#website\"},\"datePublished\":\"2020-02-20T11:44:44+00:00\",\"dateModified\":\"2022-01-11T03:46:11+00:00\",\"description\":\"El present certificat est\\u00e0 dirigit a aquells professionals de l'esport i la salut que tinguin com a objectiu principal el coneixement i aprenentatge de les bases que conformen l'\\u00fas, enteniment i aplicaci\\u00f3 tecnol\\u00f2gica dels diferents camps que emergeixen de l'esport.\",\"breadcrumb\":{\"@id\":\"https:\/\/barcainnovationhub.com\/ca\/product\/certificat-en-tecnologia-i-ciencia-aplicades-a-esport\/#breadcrumb\"},\"inLanguage\":\"ca\",\"potentialAction\":[{\"@type\":\"ReadAction\",\"target\":[\"https:\/\/barcainnovationhub.com\/ca\/product\/certificat-en-tecnologia-i-ciencia-aplicades-a-esport\/\"]}]},{\"@type\":\"BreadcrumbList\",\"@id\":\"https:\/\/barcainnovationhub.com\/ca\/product\/certificat-en-tecnologia-i-ciencia-aplicades-a-esport\/#breadcrumb\",\"itemListElement\":[{\"@type\":\"ListItem\",\"position\":1,\"name\":\"Portada\",\"item\":\"https:\/\/barcainnovationhub.com\/ca\/\"},{\"@type\":\"ListItem\",\"position\":2,\"name\":\"Productos\",\"item\":\"https:\/\/barcainnovationhub.com\/ca\/product\/\"},{\"@type\":\"ListItem\",\"position\":3,\"name\":\"Certificat en Tecnologia i Ci\\u00e8ncia Aplicades a l&#8217;Esport\"}]}]}<\/script>\n<!-- \/ Yoast SEO plugin. -->","acf":{"external_id":"1398","titulo_curso":"Certificate in Technology and Science Applied to Sport","precio":"625","impartido_en":"Spanish","cursos_que_lo_componen":[{"nombre_del_curso":"Monitoratge de la C\u00e0rrega Externa en Esports Col\u00b7lectius mitjan\u00e7ant EPTS","descripcion_del_curso":"<p>M\u00d2DUL 1: \u00bfQu\u00e8 \u00e9s el EPTS?<br \/>\nM\u00d2DUL 2: Entendre qu\u00e8 enregistra el EPTS<br \/>\nM\u00d2DUL 3: Metodologia FCB per al control i monitoratge de la c\u00e0rrega externa<br \/>\nM\u00d2DUL 4: Control i monitoratge de la c\u00e0rrega externa en readaptaci\u00f3<\/p>\n"},{"nombre_del_curso":"Videoan\u00e0lisi","descripcion_del_curso":"<p>M\u00d2DUL 1: Caracteritzaci\u00f3 del Videoan\u00e0lisi<br \/>\nM\u00d2DUL 2: Variables de control del Videoan\u00e0lisi<br \/>\nM\u00d2DUL 3: Utilitzaci\u00f3 del Videoan\u00e0lisi en la programaci\u00f3 del proc\u00e9s d'entrenament<br \/>\nM\u00d2DUL 4: Lectura integradora<\/p>\n"},{"nombre_del_curso":"Sports Analytics \u2013 Conceptes esencials","descripcion_del_curso":"<p>M\u00d2DUL 1: Hist\u00f2ria i evoluci\u00f3 d'Sports Analytics<br \/>\nM\u00d2DUL 2: Aprenentatge basat en un problema real en l'esport (ABP) en el fenomen d'Sports Analytics (I)<br \/>\nM\u00d2DUL 3: Aprenentatge basat en un problema real en l'esport (ABP) en el fenomen d'Sports Analytics (II)<br \/>\nM\u00d2DUL 4: Aprenentatge basat en un problema real en l'esport (ABP) en el fenomen d'Sports Analytics (III)<\/p>\n<p>DOCENT EXPERT: Mart\u00ed Casals, en col\u00b7laboraci\u00f3 amb Jos\u00e9 Mar\u00eda Fern\u00e1ndez Ponce.<\/p>\n"},{"nombre_del_curso":"Tecnologia a l'esport","descripcion_del_curso":"<p>M\u00d2DUL 1: Per qu\u00e8 la tecnologia a l'esport?<br \/>\nM\u00d2DUL 2: Avaluaci\u00f3 del valor de la tecnologia.<br \/>\nM\u00d2DUL 3: Aprofitament de la tecnologia per a les operacions i la presa de decisions de l'organitzaci\u00f3.<br \/>\nM\u00d2DUL 4: Maximitzar el valor de la tecnologia en l'esport <\/p>\n"}],"producto_path":false,"hubspot_product_id":"14339212","id_magento":"345","header_image":108514,"column_title":"","titulo_incentivo":"Certificat en Tecnologia i Ci\u00e8ncia Aplicades a l'Esport","fecha_de_inicio":"10062021","precio_en_cuotas":"4 pagaments mensuals de 156,25 \u20ac","precio_de_lista":"","mostrar_form":false,"promocion_vigente":"","duracion_del_curso":"4 mesos","nivel_del_curso":"Avan\u00e7at","modalidad_cursado":"Online","contenido":"<p>El present certificat est\u00e0 dirigit a aquells professionals de l&#8217;esport i la salut que tinguin com a objectiu principal el coneixement i aprenentatge de les bases que conformen l&#8217;\u00fas, enteniment i aplicaci\u00f3 tecnol\u00f2gica dels diferents camps que emergeixen de l&#8217;esport.<br \/>\nL\u2019abordatge parteix d&#8217;una perspectiva quantitativa i qualitativa que es vincula amb la recol\u2022lecci\u00f3 de dades i la presa de decisions d&#8217;acord a les necessitats individuals i col\u2022lectives que es desprenen dels esports d&#8217;interacci\u00f3 en espais compartits. En aquest sentit, el participant trobar\u00e0 el suport te\u00f2ric i la implicaci\u00f3 pr\u00e0ctica, procedents de l&#8217;evid\u00e8ncia cient\u00edfica actual, d&#8217;acord amb la realitat del camp de la pr\u00e0ctica des d&#8217;una mirada integradora. D&#8217;aquesta manera, durant el proc\u00e9s de formaci\u00f3, el participant podr\u00e0 comprendre, estructurar i dissenyar microcicles d&#8217;entrenament a partir de les necessitats contextuals que sorgeixen en l&#8217;esport contemporani.<\/p>\n","ocultar_video":true,"url_video":"","avalado_por":false,"pdf_brochure":"https:\/\/static.capabiliaserver.com\/frontend\/clients\/barca\/wp_prod\/wp-content\/uploads\/2020\/02\/47cc83a5-certificado-en-tecnologia-y-ciencia-aplicadas-al-deporte.pdf","aprende_a":[{"item_aprende_a":"Adoptar el coneixement te\u00f2ric per a la seva aplicaci\u00f3 pr\u00e0ctica, respecte a l'\u00fas i enteniment de la tecnologia en l'esport. Una correcta interpretaci\u00f3 de dades dotar\u00e0 el participant de la possibilitat de prendre decisions d'acord amb les necessitats individuals i col\u2022lectives de l'esport a l'actualitat, permetent l'aportament d'habilitats espec\u00edfiques necess\u00e0ries i de qualitat en la demanda d'aquest perfil per part de clubs professionals.\t "}],"preguntas_frecuentes":false,"contenidistas":[{"contenidista":"Edu Pons (Curs: \"Monitoratge de la C\u00e0rrega Externa en Esports Col\u00b7lectius mitjan\u00e7ant EPTS\")","descripcion_contenidista":"Preparador f\u00edsic del primer equip del FC Barcelona."},{"contenidista":"Andr\u00e9s Mart\u00edn Garc\u00eda (Curs: \"Monitoratge de la C\u00e0rrega Externa en Esports Col\u00b7lectius mitjan\u00e7ant EPTS\")","descripcion_contenidista":"Preparador F\u00edsic del Juvenil A del FC Barcelona."},{"contenidista":"Xavier Linde (Curs: \"Monitoratge de la C\u00e0rrega Externa en Esports Col\u00b7lectius mitjan\u00e7ant EPTS\")","descripcion_contenidista":"Fisioterapeuta i readaptador al primer equip del FC Barcelona."},{"contenidista":"Jos\u00e9 Pino Ortega (Curs: \"Monitoratge de la C\u00e0rrega Externa en Esports Col\u00b7lectius mitjan\u00e7ant EPTS\")","descripcion_contenidista":"Professor de la Universitat de M\u00farcia. Soci fundador i responsable esportiu de RealTrack Systems. "},{"contenidista":"Sergi Bellmunt Guasch (Curs: \"Monitoratge de la C\u00e0rrega Externa en Esports Col\u00b7lectius mitjan\u00e7ant EPTS\")","descripcion_contenidista":"Sport Scientist a RealTrack Systems. "},{"contenidista":"Jos\u00e9 Mar\u00eda Fern\u00e1ndez Ponce (Curs: \"Sports Analytics \u2013 Conceptes esencials\")","descripcion_contenidista":"Professor Titular de la Universitat de Sevilla. Membre de el departament d'Estad\u00edstica i Investigaci\u00f3 Operativa i investigador de el grup \"M\u00e9todos Cuantitativos en Evaluaci\u00f3n, FQM-328\" de la Junta d'Andalusia."}],"docentes_expertos":[{"foto":"https:\/\/barcainnovationhub.com\/wp-content\/uploads\/2020\/02\/68c9bb1e-xavi_reche.jpg","nombre_del_docente":"Xavier Reche","descripcion_del_docente":"Tracking & Monitoring Sports Scientist al FC Barcelona.\t ","enlace":""},{"foto":"https:\/\/barcainnovationhub.com\/wp-content\/uploads\/2020\/02\/b9aad255-angel_ric.jpg","nombre_del_docente":"\u00c0ngel Ric","descripcion_del_docente":"Doctor en Ci\u00e8ncies de l'Esport. Professor de futbol a INEFC. Membre de Complex Systems in Sport Research Group. M\u00e0ster en Esports d'Equip - FCB. UEFA PRO Coach.","enlace":""},{"foto":"https:\/\/barcainnovationhub.com\/wp-content\/uploads\/2020\/02\/5fc563d5-raul_pelaez.jpg","nombre_del_docente":"Ra\u00fal Pel\u00e1ez ","descripcion_del_docente":"Cap de Tecnologia, Innovaci\u00f3 i An\u00e0lisi Esportiu del FC Barcelona.\t","enlace":""},{"foto":"https:\/\/barcainnovationhub.com\/wp-content\/uploads\/2020\/02\/fdc28e51-marticasals-2.jpg","nombre_del_docente":"Mart\u00ed Casals\t ","descripcion_del_docente":"Investigador de el Centre d'Estudis en l'Esport i Activitat F\u00edsica (CEEAF) a la Universitat de Vic - Universitat Central de Catalunya (UVic-UCC). Estad\u00edstic esportiu i col\u00b7laborador a Bar\u00e7a Innovation Hub - Universitas.","enlace":""},{"foto":"https:\/\/barcainnovationhub.com\/wp-content\/uploads\/2020\/02\/66196f91-sam_robertson.jpg","nombre_del_docente":"Sam Robertson","descripcion_del_docente":"Cient\u00edfic de l'esport i analista esportiu. L\u00edder del programa de rendiment esportiu i negocis de l'Institut de Salut i Esports de la Universitat de Vict\u00f2ria (Melbourne). \t ","enlace":""}],"imagen_destacada":false,"titulo_seccion_testimonios":"","slider_testimonios":false,"imagen_de_fondo_testimonios":false,"color_de_fondo_testimonios":"","activar_banner_1":false,"banner_1":false,"activar_banner_2":false,"banner_2":false,"activar_banner_3":false,"banner_3":false,"activar_nuevos_banners":false,"mostrar_banner_1":false,"crear_banner_1":{"utilizar_imagen_unica_para_banner":false,"asignar_imagen_unica_para_banner":false,"mostrar_titulo_banner":false,"titulo_para_banner":"","mostrar_subtitulo_banner":false,"subtitulo_del_banner":"","mostrar_cta_banner":false,"texto_cta_banner":"","url_cta_banner":"","fondo_de_color_banner":"","fondo_de_imagen_banner":false,"mostrar_imagen_izquierda_banner":false,"asignar_imagen_izquierda_banner":false},"mostrar_banner_2":false,"crear_banner_2":{"utilizar_imagen_unica_para_banner":false,"asignar_imagen_unica_para_banner":false,"mostrar_titulo_banner":false,"titulo_para_banner":"","mostrar_subtitulo_banner":false,"subtitulo_del_banner":"","mostrar_cta_banner":false,"texto_cta_banner":"","url_cta_banner":"","fondo_de_color_banner":"","fondo_de_imagen_banner":false,"mostrar_imagen_izquierda_banner":false,"asignar_imagen_izquierda_banner":false},"mostrar_banner_3":false,"crear_banner_3":{"utilizar_imagen_unica_para_banner":false,"asignar_imagen_unica_para_banner":false,"mostrar_titulo_banner":false,"titulo_para_banner":"","mostrar_subtitulo_banner":false,"subtitulo_del_banner":"","mostrar_cta_banner":false,"texto_cta_banner":"","url_cta_banner":"","fondo_de_color_banner":"","fondo_de_imagen_banner":false,"mostrar_imagen_izquierda_banner":false,"asignar_imagen_izquierda_banner":false},"segunda_fecha_de_inicio":"","zona_horaria":"Europe\/Madrid"},"idiomas":{"en":54176,"es":54179,"ar":54177,"ca":54177,"ru":54177,"pt":54178},"_links":{"self":[{"href":"https:\/\/barcainnovationhub.com\/ca\/wp-json\/wp\/v2\/products\/54177"}],"collection":[{"href":"https:\/\/barcainnovationhub.com\/ca\/wp-json\/wp\/v2\/products"}],"about":[{"href":"https:\/\/barcainnovationhub.com\/ca\/wp-json\/wp\/v2\/types\/product"}],"author":[{"embeddable":true,"href":"https:\/\/barcainnovationhub.com\/ca\/wp-json\/wp\/v2\/users\/16"}],"replies":[{"embeddable":true,"href":"https:\/\/barcainnovationhub.com\/ca\/wp-json\/wp\/v2\/comments?post=54177"}],"version-history":[{"count":5,"href":"https:\/\/barcainnovationhub.com\/ca\/wp-json\/wp\/v2\/products\/54177\/revisions"}],"predecessor-version":[{"id":116328,"href":"https:\/\/barcainnovationhub.com\/ca\/wp-json\/wp\/v2\/products\/54177\/revisions\/116328"}],"wp:attachment":[{"href":"https:\/\/barcainnovationhub.com\/ca\/wp-json\/wp\/v2\/media?parent=54177"}],"wp:term":[{"taxonomy":"category","embeddable":true,"href":"https:\/\/barcainnovationhub.com\/ca\/wp-json\/wp\/v2\/categories?post=54177"}],"curies":[{"name":"wp","href":"https:\/\/api.w.org\/{rel}","templated":true}]}}