{"id":57330,"date":"2020-04-06T11:42:17","date_gmt":"2020-04-06T14:42:17","guid":{"rendered":"https:\/\/barcainnovationhub.com\/?post_type=product&#038;p=57330"},"modified":"2022-01-11T00:42:24","modified_gmt":"2022-01-11T03:42:24","slug":"certificate-basketball-training-process-optimization","status":"publish","type":"product","link":"https:\/\/barcainnovationhub.com\/ca\/product\/certificate-basketball-training-process-optimization\/","title":{"rendered":"Certificat en Optimitzaci\u00f3 del Proc\u00e9s d&#8217;Entrenament en B\u00e0squet"},"content":{"rendered":"<p>contenido<\/p>\n","protected":false},"excerpt":{"rendered":"<p>excerpt<\/p>\n","protected":false},"author":23,"featured_media":0,"comment_status":"open","ping_status":"closed","template":"","meta":[],"categories":[118],"yoast_head":"<!-- This site is optimized with the Yoast SEO plugin v16.6.1 - https:\/\/yoast.com\/wordpress\/plugins\/seo\/ -->\n<meta name=\"description\" content=\"Coneix un nou enfocament de la preparaci\u00f3 f\u00edsica de forma hol\u00edstica, per aplicar-ho al b\u00e0squet amb el objectiu d&#039;optimitzar el rendiment i prevenir lesions.\" \/>\n<meta name=\"robots\" content=\"index, follow, max-snippet:-1, max-image-preview:large, max-video-preview:-1\" \/>\n<link rel=\"canonical\" href=\"https:\/\/barcainnovationhub.com\/ca\/product\/certificate-basketball-training-process-optimization\/\" \/>\n<meta property=\"og:locale\" content=\"ca_ES\" \/>\n<meta property=\"og:type\" content=\"article\" \/>\n<meta property=\"og:title\" content=\"Certificat en Optimitzaci\u00f3 del Proc\u00e9s d&#039;Entrenament en B\u00e0squet\" \/>\n<meta property=\"og:description\" content=\"Coneix un nou enfocament de la preparaci\u00f3 f\u00edsica de forma hol\u00edstica, per aplicar-ho al b\u00e0squet amb el objectiu d&#039;optimitzar el rendiment i prevenir lesions.\" \/>\n<meta property=\"og:url\" content=\"https:\/\/barcainnovationhub.com\/ca\/product\/certificate-basketball-training-process-optimization\/\" \/>\n<meta property=\"og:site_name\" content=\"Bar\u00e7a Innovation Hub\" \/>\n<meta property=\"article:publisher\" content=\"https:\/\/www.facebook.com\/fcbuniversitas\" \/>\n<meta property=\"article:modified_time\" content=\"2022-01-11T03:42:24+00:00\" \/>\n<meta property=\"og:image\" content=\"https:\/\/barcainnovationhub.com\/wp-content\/uploads\/2020\/04\/b6f263ff-certificate-in-basketball-training-process-optimization.jpg\" \/>\n\t<meta property=\"og:image:width\" content=\"1200\" \/>\n\t<meta property=\"og:image:height\" content=\"1200\" \/>\n<meta name=\"twitter:card\" content=\"summary\" \/>\n<meta name=\"twitter:title\" content=\"Certificat en Optimitzaci\u00f3 del Proc\u00e9s d&#039;Entrenament en B\u00e0squet\" \/>\n<meta name=\"twitter:description\" content=\"Coneix un nou enfocament de la preparaci\u00f3 f\u00edsica de forma hol\u00edstica, per aplicar-ho al b\u00e0squet amb el objectiu d&#039;optimitzar el rendiment i prevenir lesions.\" \/>\n<meta name=\"twitter:image\" content=\"https:\/\/barcainnovationhub.com\/wp-content\/uploads\/2020\/04\/b6f263ff-certificate-in-basketball-training-process-optimization.jpg\" \/>\n<meta name=\"twitter:site\" content=\"@BarcaInnoHub\" \/>\n<meta name=\"twitter:label1\" content=\"Est. reading time\" \/>\n\t<meta name=\"twitter:data1\" content=\"1 minute\" \/>\n<script type=\"application\/ld+json\" class=\"yoast-schema-graph\">{\"@context\":\"https:\/\/schema.org\",\"@graph\":[{\"@type\":\"WebSite\",\"@id\":\"https:\/\/barcainnovationhub.com\/#website\",\"url\":\"https:\/\/barcainnovationhub.com\/\",\"name\":\"Bar\\u00e7a Innovation Hub\",\"description\":\"The worldwide centre for sports knowledge and innovation\",\"potentialAction\":[{\"@type\":\"SearchAction\",\"target\":{\"@type\":\"EntryPoint\",\"urlTemplate\":\"https:\/\/barcainnovationhub.com\/?s={search_term_string}\"},\"query-input\":\"required name=search_term_string\"}],\"inLanguage\":\"ca\"},{\"@type\":\"ImageObject\",\"@id\":\"https:\/\/barcainnovationhub.com\/ca\/product\/certificate-basketball-training-process-optimization\/#primaryimage\",\"inLanguage\":\"ca\",\"url\":\"https:\/\/barcainnovationhub.com\/wp-content\/uploads\/2020\/04\/b6f263ff-certificate-in-basketball-training-process-optimization.jpg\",\"contentUrl\":\"https:\/\/barcainnovationhub.com\/wp-content\/uploads\/2020\/04\/b6f263ff-certificate-in-basketball-training-process-optimization.jpg\",\"width\":1200,\"height\":1200},{\"@type\":\"WebPage\",\"@id\":\"https:\/\/barcainnovationhub.com\/ca\/product\/certificate-basketball-training-process-optimization\/#webpage\",\"url\":\"https:\/\/barcainnovationhub.com\/ca\/product\/certificate-basketball-training-process-optimization\/\",\"name\":\"Certificat en Optimitzaci\\u00f3 del Proc\\u00e9s d'Entrenament en B\\u00e0squet\",\"isPartOf\":{\"@id\":\"https:\/\/barcainnovationhub.com\/#website\"},\"datePublished\":\"2020-04-06T14:42:17+00:00\",\"dateModified\":\"2022-01-11T03:42:24+00:00\",\"description\":\"Coneix un nou enfocament de la preparaci\\u00f3 f\\u00edsica de forma hol\\u00edstica, per aplicar-ho al b\\u00e0squet amb el objectiu d'optimitzar el rendiment i prevenir lesions.\",\"breadcrumb\":{\"@id\":\"https:\/\/barcainnovationhub.com\/ca\/product\/certificate-basketball-training-process-optimization\/#breadcrumb\"},\"inLanguage\":\"ca\",\"potentialAction\":[{\"@type\":\"ReadAction\",\"target\":[\"https:\/\/barcainnovationhub.com\/ca\/product\/certificate-basketball-training-process-optimization\/\"]}]},{\"@type\":\"BreadcrumbList\",\"@id\":\"https:\/\/barcainnovationhub.com\/ca\/product\/certificate-basketball-training-process-optimization\/#breadcrumb\",\"itemListElement\":[{\"@type\":\"ListItem\",\"position\":1,\"name\":\"Portada\",\"item\":\"https:\/\/barcainnovationhub.com\/ca\/\"},{\"@type\":\"ListItem\",\"position\":2,\"name\":\"Productos\",\"item\":\"https:\/\/barcainnovationhub.com\/ca\/product\/\"},{\"@type\":\"ListItem\",\"position\":3,\"name\":\"Certificat en Optimitzaci\\u00f3 del Proc\\u00e9s d&#8217;Entrenament en B\\u00e0squet\"}]}]}<\/script>\n<!-- \/ Yoast SEO plugin. -->","acf":{"external_id":"1399","titulo_curso":"Certificado en Optimizaci\u00f3n del Proceso de Entrenamiento en Baloncesto","precio":"625","impartido_en":"Spanish","producto_path":false,"hubspot_product_id":"95389564","id_magento":"346","header_image":108815,"column_title":"","titulo_incentivo":"Certificat en Optimitzaci\u00f3 del Proc\u00e9s d'Entrenament en B\u00e0squet (Basat en el model estructurat del FC Barcelona)","fecha_de_inicio":"10062021","precio_en_cuotas":"4 pagaments mensuals de 156,25 \u20ac","precio_de_lista":"","mostrar_form":false,"promocion_vigente":"","duracion_del_curso":"4 mesos","nivel_del_curso":"Avan\u00e7at","modalidad_cursado":"Online","contenido":"<p>Fins al 2018, el b\u00e0squet comptava amb l&#8217;afiliaci\u00f3 de 450 milions de participants distribu\u00efts en 213 federacions nacionals, dividides alhora en 5 federacions continentals. Aquest esport est\u00e0 \u00e0mpliament est\u00e8s als Estats Units i a Europa, sent el 2n esport m\u00e9s practicat a Espanya amb quasi 3 milions de llic\u00e8ncies federatives.<\/p>\n<p>L&#8217;any 2000, el temps d&#8217;atac i el temps perm\u00e8s per passar la l\u00ednia de mig camp van ser redu\u00efts de 30 a 24 segons i de 10 a 8 segons respectivament per la Federaci\u00f3 Internacional de B\u00e0squet (FIBA). A m\u00e9s a m\u00e9s, la durada total del joc va ser dividida en quatre quarts en lloc de les dues meitats originals, mantenint els 40 minuts totals. Aix\u00ed, el b\u00e0squet professional sofreix un augment de les demandes f\u00edsiques i fisiol\u00f2giques tal com evidencien diferents investigacions (Ben Abdelkrim N, 2007, Bruno Cormery, et al., 2008). Per tant, el condicionament f\u00edsic o preparaci\u00f3 f\u00edsica \u00e9s considerat un requisit per competir en el b\u00e0squet d&#8217;elit modern (Sallet P, et al. 2005). A m\u00e9s a m\u00e9s, la comprensi\u00f3 de l&#8217;efecte dels resultats de les c\u00e0rregues de treball en el rendiment esportiu i la prevenci\u00f3 de lesions s\u00f3n considerades crucials per als entrenadors de for\u00e7a i del condicionament f\u00edsic, els cient\u00edfics esportius i la medicina esportiva.<\/p>\n<p>Els esports col\u2022lectius en general i el b\u00e0squet en particular han basat la seva preparaci\u00f3 f\u00edsica en la teoria de l&#8217;entrenament utilitzada per als esports individuals, particularment l&#8217;atletisme, per la qual cosa requereix un nou enfocament que s&#8217;adapti a les seves pr\u00f2pies caracter\u00edstiques i necessitats. A m\u00e9s a m\u00e9s, els aven\u00e7os tecnol\u00f2gics han prove\u00eft de noves eines als preparadors f\u00edsics, cient\u00edfics de l&#8217;esport i entrenadors cosa que permet entre altres aspectes el control i la valoraci\u00f3 de la c\u00e0rrega de treball que produeixen els entrenaments i\/o de competicions. Per tant, \u00e9s necessari el coneixement d&#8217;aquest nou enfocament, basat en la preparaci\u00f3 f\u00edsica de forma hol\u00edstica, per aplicar-ho al b\u00e0squet modern amb el principal objectiu d&#8217;optimitzar el rendiment i prevenir lesions.<\/p>\n","ocultar_video":true,"url_video":"","avalado_por":false,"pdf_brochure":"https:\/\/static.capabiliaserver.com\/frontend\/clients\/barca\/wp_prod\/wp-content\/uploads\/2020\/04\/4ff21398-certificado-en-optimizacion-del-proceso-de-entrenamiento-en-baloncesto.pdf","cursos_que_lo_componen":[{"nombre_del_curso":"Demandes f\u00edsiques i riscs de lesi\u00f3 en esports d'equip","descripcion_del_curso":"<p>M\u00d2DUL 1: Demandes f\u00edsiques en els esports d'equip.<br \/>\nM\u00d2DUL 2: Aplicaci\u00f3 de la microtecnologia per optimitzar el rendiment en els esports d'equip.<br \/>\nM\u00d2DUL 3: Aplicaci\u00f3 de la microtecnologia en la prevenci\u00f3 de lesions en els esports d'equip.<br \/>\nM\u00d2DUL 4: Aplicaci\u00f3 dels sistemes inercials en diferents tests als esports d'equip.<\/p>\n"},{"nombre_del_curso":"Demandes f\u00edsiques del b\u00e0squet durant la competici\u00f3","descripcion_del_curso":"<p>M\u00d2DUL 1: Demandes f\u00edsiques i t\u00e0ctiques en b\u00e0squet. Dels v\u00eddeos als sistemes de posicionament local.<br \/>\nM\u00d2DUL 2: Aplicaci\u00f3 dels sistemes inercials per quantificar i interpretar les demandes f\u00edsiques en b\u00e0squet.<br \/>\nM\u00d2DUL 3: Aplicaci\u00f3 dels sistemes de posicionament (global i local) per quantificar i interpretar les demandes f\u00edsiques en b\u00e0squet.<br \/>\nM\u00d2DUL 4: Lesions m\u00e9s freq\u00fcents (tipus i mecanismes) en b\u00e0squet i escenaris de m\u00e0xima exig\u00e8ncia en b\u00e0squet.<\/p>\n"},{"nombre_del_curso":"Entrenament en b\u00e0squet des de la perspectiva del FC Barcelona: abordatge te\u00f2ric","descripcion_del_curso":"<p>M\u00d2DUL 1: L'entrenament estructurat.<br \/>\nM\u00d2DUL 2: L'entrenament coadjuvant.<br \/>\nM\u00d2DUL 3: L'entrenament optimitzador.<br \/>\nM\u00d2DUL 4: El microcicle estructurat.<\/p>\n"},{"nombre_del_curso":"Proposta d'entrenament en b\u00e0squet des de la perspectiva del FC Barcelona","descripcion_del_curso":"<p>M\u00d2DUL 1: Aplicaci\u00f3 pr\u00e0ctica dels continguts treballats anteriorment per optimitzar el rendiment i prevenir lesions prioritzant l'estructura condicional.<\/p>\n"}],"aprende_a":[{"item_aprende_a":"Analitzar com condicionen les demandes f\u00edsiques la pr\u00e0ctica del b\u00e0squet. "},{"item_aprende_a":"Analitzar les demandes f\u00edsiques i t\u00e8cnico-t\u00e0ctiques del b\u00e0squet."},{"item_aprende_a":"Con\u00e8ixer el marc te\u00f2ric del nou enfocament d'entrenament. "},{"item_aprende_a":"Dissenyar sessions d'entrenament en el microcicle estructurat."}],"preguntas_frecuentes":false,"contenidistas":[{"contenidista":"Andr\u00e9s Darbyshire","descripcion_contenidista":"Preparador f\u00edsic de b\u00e0squet professional."},{"contenidista":"Mat\u00edas Pera Lallana","descripcion_contenidista":"Preparador f\u00edsic de b\u00e0squet professional."}],"docentes_expertos":[{"foto":"https:\/\/barcainnovationhub.com\/wp-content\/uploads\/2020\/04\/98725f85-jairo-vazquez-guerrero.jpg","nombre_del_docente":"Jairo V\u00e1zquez Guerrero ","descripcion_del_docente":"Preparador f\u00edsic del primer equip de b\u00e0squet i membre de l'\u00e0rea de rendiment del FC Barcelona.","enlace":""},{"foto":"https:\/\/barcainnovationhub.com\/wp-content\/uploads\/2018\/12\/Joan_Ramon_Tarrago-150x150.jpg","nombre_del_docente":"Joan Ramon Tarrago","descripcion_del_docente":"Responsable de l'\u00e0rea de preparaci\u00f3 f\u00edsica esportiva del FC Barcelona.","enlace":""}],"imagen_destacada":"https:\/\/barcainnovationhub.com\/wp-content\/uploads\/2020\/04\/7d7b54ef-certificate-in-basketball-training-process-optimization-1024x347.jpg","slidebox":false,"titulo_seccion_testimonios":"","slider_testimonios":false,"imagen_de_fondo_testimonios":false,"color_de_fondo_testimonios":"","activar_banner_1":false,"banner_1":false,"activar_banner_2":false,"banner_2":false,"activar_banner_3":false,"banner_3":false,"segunda_fecha_de_inicio":"","zona_horaria":"Europe\/Madrid","activar_nuevos_banners":false,"mostrar_banner_1":false,"crear_banner_1":{"utilizar_imagen_unica_para_banner":false,"asignar_imagen_unica_para_banner":false,"mostrar_titulo_banner":false,"titulo_para_banner":"","mostrar_subtitulo_banner":false,"subtitulo_del_banner":"","mostrar_cta_banner":false,"texto_cta_banner":"","url_cta_banner":"","fondo_de_color_banner":"","fondo_de_imagen_banner":false,"mostrar_imagen_izquierda_banner":false,"asignar_imagen_izquierda_banner":false},"mostrar_banner_2":false,"crear_banner_2":{"utilizar_imagen_unica_para_banner":false,"asignar_imagen_unica_para_banner":false,"mostrar_titulo_banner":false,"titulo_para_banner":"","mostrar_subtitulo_banner":false,"subtitulo_del_banner":"","mostrar_cta_banner":false,"texto_cta_banner":"","url_cta_banner":"","fondo_de_color_banner":"","fondo_de_imagen_banner":false,"mostrar_imagen_izquierda_banner":false,"asignar_imagen_izquierda_banner":false},"mostrar_banner_3":false,"crear_banner_3":{"utilizar_imagen_unica_para_banner":false,"asignar_imagen_unica_para_banner":false,"mostrar_titulo_banner":false,"titulo_para_banner":"","mostrar_subtitulo_banner":false,"subtitulo_del_banner":"","mostrar_cta_banner":false,"texto_cta_banner":"","url_cta_banner":"","fondo_de_color_banner":"","fondo_de_imagen_banner":false,"mostrar_imagen_izquierda_banner":false,"asignar_imagen_izquierda_banner":false}},"idiomas":{"en":57329,"es":57332,"ar":57330,"ca":57330,"ru":57330,"pt":57331},"_links":{"self":[{"href":"https:\/\/barcainnovationhub.com\/ca\/wp-json\/wp\/v2\/products\/57330"}],"collection":[{"href":"https:\/\/barcainnovationhub.com\/ca\/wp-json\/wp\/v2\/products"}],"about":[{"href":"https:\/\/barcainnovationhub.com\/ca\/wp-json\/wp\/v2\/types\/product"}],"author":[{"embeddable":true,"href":"https:\/\/barcainnovationhub.com\/ca\/wp-json\/wp\/v2\/users\/23"}],"replies":[{"embeddable":true,"href":"https:\/\/barcainnovationhub.com\/ca\/wp-json\/wp\/v2\/comments?post=57330"}],"version-history":[{"count":5,"href":"https:\/\/barcainnovationhub.com\/ca\/wp-json\/wp\/v2\/products\/57330\/revisions"}],"predecessor-version":[{"id":116324,"href":"https:\/\/barcainnovationhub.com\/ca\/wp-json\/wp\/v2\/products\/57330\/revisions\/116324"}],"wp:attachment":[{"href":"https:\/\/barcainnovationhub.com\/ca\/wp-json\/wp\/v2\/media?parent=57330"}],"wp:term":[{"taxonomy":"category","embeddable":true,"href":"https:\/\/barcainnovationhub.com\/ca\/wp-json\/wp\/v2\/categories?post=57330"}],"curies":[{"name":"wp","href":"https:\/\/api.w.org\/{rel}","templated":true}]}}