{"id":81646,"date":"2021-01-21T19:53:39","date_gmt":"2021-01-21T22:53:39","guid":{"rendered":"https:\/\/barcainnovationhub.com\/?post_type=product&#038;p=81646"},"modified":"2022-01-11T01:53:52","modified_gmt":"2022-01-11T04:53:52","slug":"innovacio-a-lesport","status":"publish","type":"product","link":"https:\/\/barcainnovationhub.com\/ca\/product\/innovacio-a-lesport\/","title":{"rendered":"Innovaci\u00f3 a l&#8217;Esport"},"content":{"rendered":"<p>contenido<\/p>\n","protected":false},"excerpt":{"rendered":"<p>excerpt<\/p>\n","protected":false},"author":16,"featured_media":0,"comment_status":"open","ping_status":"closed","template":"","meta":[],"categories":[247,31],"yoast_head":"<!-- This site is optimized with the Yoast SEO plugin v16.6.1 - https:\/\/yoast.com\/wordpress\/plugins\/seo\/ -->\n<meta name=\"description\" content=\"Apr\u00e8n les t\u00e8cniques m\u00e9s rellevants del m\u00f3n de la innovaci\u00f3 per desenvolupar nous productes, serveis, processos o models de negoci en l&#039;esport.\" \/>\n<meta name=\"robots\" content=\"index, follow, max-snippet:-1, max-image-preview:large, max-video-preview:-1\" \/>\n<link rel=\"canonical\" href=\"https:\/\/barcainnovationhub.com\/ca\/product\/innovacio-a-lesport\/\" \/>\n<meta property=\"og:locale\" content=\"ca_ES\" \/>\n<meta property=\"og:type\" content=\"article\" \/>\n<meta property=\"og:title\" content=\"Innovaci\u00f3 a l&#039;Esport\" \/>\n<meta property=\"og:description\" content=\"Apr\u00e8n les t\u00e8cniques m\u00e9s rellevants del m\u00f3n de la innovaci\u00f3 per desenvolupar nous productes, serveis, processos o models de negoci en l&#039;esport.\" \/>\n<meta property=\"og:url\" content=\"https:\/\/barcainnovationhub.com\/ca\/product\/innovacio-a-lesport\/\" \/>\n<meta property=\"og:site_name\" content=\"Bar\u00e7a Innovation Hub\" \/>\n<meta property=\"article:publisher\" content=\"https:\/\/www.facebook.com\/fcbuniversitas\" \/>\n<meta property=\"article:modified_time\" content=\"2022-01-11T04:53:52+00:00\" \/>\n<meta property=\"og:image\" content=\"https:\/\/barcainnovationhub.com\/wp-content\/uploads\/2021\/01\/31b35320-innovation-in-sports.jpg\" \/>\n\t<meta property=\"og:image:width\" content=\"1200\" \/>\n\t<meta property=\"og:image:height\" content=\"1200\" \/>\n<meta name=\"twitter:card\" content=\"summary\" \/>\n<meta name=\"twitter:title\" content=\"Innovaci\u00f3 a l&#039;Esport\" \/>\n<meta name=\"twitter:description\" content=\"Apr\u00e8n les t\u00e8cniques m\u00e9s rellevants del m\u00f3n de la innovaci\u00f3 per desenvolupar nous productes, serveis, processos o models de negoci en l&#039;esport.\" \/>\n<meta name=\"twitter:image\" content=\"https:\/\/barcainnovationhub.com\/wp-content\/uploads\/2021\/01\/31b35320-innovation-in-sports.jpg\" \/>\n<meta name=\"twitter:site\" content=\"@BarcaInnoHub\" \/>\n<meta name=\"twitter:label1\" content=\"Est. reading time\" \/>\n\t<meta name=\"twitter:data1\" content=\"1 minute\" \/>\n<script type=\"application\/ld+json\" class=\"yoast-schema-graph\">{\"@context\":\"https:\/\/schema.org\",\"@graph\":[{\"@type\":\"WebSite\",\"@id\":\"https:\/\/barcainnovationhub.com\/#website\",\"url\":\"https:\/\/barcainnovationhub.com\/\",\"name\":\"Bar\\u00e7a Innovation Hub\",\"description\":\"The worldwide centre for sports knowledge and innovation\",\"potentialAction\":[{\"@type\":\"SearchAction\",\"target\":{\"@type\":\"EntryPoint\",\"urlTemplate\":\"https:\/\/barcainnovationhub.com\/?s={search_term_string}\"},\"query-input\":\"required name=search_term_string\"}],\"inLanguage\":\"ca\"},{\"@type\":\"ImageObject\",\"@id\":\"https:\/\/barcainnovationhub.com\/ca\/product\/innovacio-a-lesport\/#primaryimage\",\"inLanguage\":\"ca\",\"url\":\"https:\/\/barcainnovationhub.com\/wp-content\/uploads\/2021\/01\/31b35320-innovation-in-sports.jpg\",\"contentUrl\":\"https:\/\/barcainnovationhub.com\/wp-content\/uploads\/2021\/01\/31b35320-innovation-in-sports.jpg\",\"width\":1200,\"height\":1200},{\"@type\":\"WebPage\",\"@id\":\"https:\/\/barcainnovationhub.com\/ca\/product\/innovacio-a-lesport\/#webpage\",\"url\":\"https:\/\/barcainnovationhub.com\/ca\/product\/innovacio-a-lesport\/\",\"name\":\"Innovaci\\u00f3 a l'Esport - Bar\\u00e7a Innovation Hub\",\"isPartOf\":{\"@id\":\"https:\/\/barcainnovationhub.com\/#website\"},\"datePublished\":\"2021-01-21T22:53:39+00:00\",\"dateModified\":\"2022-01-11T04:53:52+00:00\",\"description\":\"Apr\\u00e8n les t\\u00e8cniques m\\u00e9s rellevants del m\\u00f3n de la innovaci\\u00f3 per desenvolupar nous productes, serveis, processos o models de negoci en l'esport.\",\"breadcrumb\":{\"@id\":\"https:\/\/barcainnovationhub.com\/ca\/product\/innovacio-a-lesport\/#breadcrumb\"},\"inLanguage\":\"ca\",\"potentialAction\":[{\"@type\":\"ReadAction\",\"target\":[\"https:\/\/barcainnovationhub.com\/ca\/product\/innovacio-a-lesport\/\"]}]},{\"@type\":\"BreadcrumbList\",\"@id\":\"https:\/\/barcainnovationhub.com\/ca\/product\/innovacio-a-lesport\/#breadcrumb\",\"itemListElement\":[{\"@type\":\"ListItem\",\"position\":1,\"name\":\"Portada\",\"item\":\"https:\/\/barcainnovationhub.com\/ca\/\"},{\"@type\":\"ListItem\",\"position\":2,\"name\":\"Productos\",\"item\":\"https:\/\/barcainnovationhub.com\/ca\/product\/\"},{\"@type\":\"ListItem\",\"position\":3,\"name\":\"Innovaci\\u00f3 a l&#8217;Esport\"}]}]}<\/script>\n<!-- \/ Yoast SEO plugin. -->","acf":{"external_id":"1405","titulo_curso":"Innovaci\u00f3n en el Deporte","precio":"625","impartido_en":"Spanish","producto_path":false,"hubspot_product_id":"468672085","id_magento":"368","header_image":108566,"column_title":"","titulo_incentivo":"Innovaci\u00f3 a l'Esport","fecha_de_inicio":"10062021","precio_en_cuotas":"","precio_de_lista":"","mostrar_form":false,"promocion_vigente":"","duracion_del_curso":"2 mesos","nivel_del_curso":"Introductori","modalidad_cursado":"Online","contenido":"<p>El m\u00f3n de l&#8217;esport canvia cont\u00ednuament. Els aspirants a emprenedors compten amb la possibilitat de crear nous productes i serveis que revolucionin les experi\u00e8ncies dels aficionats, atletes, entrenadors i d&#8217;altres participants de l&#8217;ambient esportiu. Els gerents d&#8217;institucions esportives tenen l&#8217;oportunitat de resoldre els problemes quotidians relacionats en administrar un club esportiu o guanyar campionats mitjan\u00e7ant les noves tecnologies. D&#8217;altra banda, si no tenen la capacitat d&#8217;innovar corren el risc d&#8217;endarrerir-se i no progressar.<\/p>\n<p>La innovaci\u00f3, el proc\u00e9s de crear nous productes, serveis i solucions revolucion\u00e0ries, s&#8217;ha anat obrint pas en el m\u00f3n de l&#8217;esport i s&#8217;est\u00e0 convertint en un aspecte fonamental dels negocis. Tanmateix, l&#8217;enfocament quotidi\u00e0 dels negocis a l&#8217;esport no permet que aflorin les innovacions. Tant els emprenedors com els gestors esportius, necessiten un enfocament adequat per desenvolupar innovacions.<\/p>\n<p>L&#8217;objectiu d&#8217;aquest curs \u00e9s aprendre a desenvolupar nous productes i serveis esportius, processos i pr\u00e0ctiques empresarials o models comercials. Per fer-ho, utilitzarem les t\u00e8cniques i esquemes m\u00e9s rellevants del m\u00f3n de la innovaci\u00f3, com el pensament de disseny, el llen\u00e7 de model de negocis (Business Model Canvas) o l&#8217;enfocament de cartera. Aquests enfocaments han estat utilitzats de manera efica\u00e7 per innovadors en empreses com Apple, Google, P&amp;G, GE, HP, i tamb\u00e9 en empreses petites i menys innovadores, ONGs i a l&#8217;esport.<\/p>\n","ocultar_video":true,"url_video":"","avalado_por":false,"pdf_brochure":"https:\/\/static.capabiliaserver.com\/frontend\/clients\/barca\/wp_prod\/wp-content\/uploads\/2021\/01\/21e49f4d-innovacion-en-el-deporte.pdf","cursos_que_lo_componen":[{"nombre_del_curso":"Com innovar a l'esport?","descripcion_del_curso":"<p>M\u00d2DUL 1. Innovaci\u00f3 a l'esport<br \/>\nM\u00d2DUL 2. Comprendre l'espai del problema<br \/>\nM\u00d2DUL 3. Desenvolupar l'espai de la soluci\u00f3<br \/>\nM\u00d2DUL 4. Preparaci\u00f3 per al mercat<\/p>\n"},{"nombre_del_curso":"Gestionar la innovaci\u00f3 a l'esport ","descripcion_del_curso":"<p>M\u00d2DUL 1. Gestionar projectes d'innovaci\u00f3<br \/>\nM\u00d2DUL 2. Obrir la innovaci\u00f3 en els esports<br \/>\nM\u00d2DUL 3. Gesti\u00f3 de projectes d'innovaci\u00f3<br \/>\nM\u00d2DUL 4. Resistir la interrupci\u00f3 i millorar les experi\u00e8ncies<\/p>\n"}],"aprende_a":[{"item_aprende_a":"Recon\u00e8ixer les oportunitats d'innovaci\u00f3 i generar idees per aprofitar-les. "},{"item_aprende_a":"Experimentar a trav\u00e9s del proc\u00e9s de prova i error per lluitar amb la incertesa que acompanya el proc\u00e9s d'innovaci\u00f3. "},{"item_aprende_a":"Gestionar equips i projectes d'innovaci\u00f3, col\u2022laborar amb l'\u00e0rea interna i externa. "},{"item_aprende_a":"Seleccionar els projectes d'innovaci\u00f3 adequats, assignar recursos, crear una cultura d'innovaci\u00f3. "}],"preguntas_frecuentes":false,"contenidistas":false,"docentes_expertos":[{"foto":"https:\/\/barcainnovationhub.com\/wp-content\/uploads\/2020\/12\/b544f92a-albert-mundet.jpeg","nombre_del_docente":"Albert Mundet ","descripcion_del_docente":"Director de Bar\u00e7a Innovation Hub, FC Barcelona.","enlace":""},{"foto":"https:\/\/barcainnovationhub.com\/wp-content\/uploads\/2020\/12\/9e9d7550-ivanka-visnjic.png","nombre_del_docente":"Ivanka Visnjic ","descripcion_del_docente":"Professora associada d'Innovaci\u00f3 a ESADE Business School i investigadora visitant a la Cambridge Service Alliance, Universitat de Cambridge.","enlace":""},{"foto":"https:\/\/barcainnovationhub.com\/wp-content\/uploads\/2020\/12\/7e20d442-steve-gera.jpg","nombre_del_docente":"Steve Gera ","descripcion_del_docente":"CEO de Gains Group. Ambaixador del FC Barcelona als Estats Units. Soci de HickoryVC. ","enlace":""}],"imagen_destacada":false,"slidebox":false,"titulo_seccion_testimonios":"","slider_testimonios":false,"imagen_de_fondo_testimonios":false,"color_de_fondo_testimonios":"","activar_banner_1":false,"banner_1":false,"activar_banner_2":false,"banner_2":false,"activar_banner_3":false,"banner_3":false,"activar_nuevos_banners":false,"mostrar_banner_1":false,"crear_banner_1":{"utilizar_imagen_unica_para_banner":false,"asignar_imagen_unica_para_banner":false,"mostrar_titulo_banner":false,"titulo_para_banner":"","mostrar_subtitulo_banner":false,"subtitulo_del_banner":"","mostrar_cta_banner":false,"texto_cta_banner":"","url_cta_banner":"","fondo_de_color_banner":"","fondo_de_imagen_banner":false,"mostrar_imagen_izquierda_banner":false,"asignar_imagen_izquierda_banner":false},"mostrar_banner_2":false,"crear_banner_2":{"utilizar_imagen_unica_para_banner":false,"asignar_imagen_unica_para_banner":false,"mostrar_titulo_banner":false,"titulo_para_banner":"","mostrar_subtitulo_banner":false,"subtitulo_del_banner":"","mostrar_cta_banner":false,"texto_cta_banner":"","url_cta_banner":"","fondo_de_color_banner":"","fondo_de_imagen_banner":false,"mostrar_imagen_izquierda_banner":false,"asignar_imagen_izquierda_banner":false},"mostrar_banner_3":false,"crear_banner_3":{"utilizar_imagen_unica_para_banner":false,"asignar_imagen_unica_para_banner":false,"mostrar_titulo_banner":false,"titulo_para_banner":"","mostrar_subtitulo_banner":false,"subtitulo_del_banner":"","mostrar_cta_banner":false,"texto_cta_banner":"","url_cta_banner":"","fondo_de_color_banner":"","fondo_de_imagen_banner":false,"mostrar_imagen_izquierda_banner":false,"asignar_imagen_izquierda_banner":false},"segunda_fecha_de_inicio":"","zona_horaria":"Europe\/Madrid"},"idiomas":{"en":81644,"es":81648,"ar":81645,"ca":81646,"ru":81646,"pt":81647},"_links":{"self":[{"href":"https:\/\/barcainnovationhub.com\/ca\/wp-json\/wp\/v2\/products\/81646"}],"collection":[{"href":"https:\/\/barcainnovationhub.com\/ca\/wp-json\/wp\/v2\/products"}],"about":[{"href":"https:\/\/barcainnovationhub.com\/ca\/wp-json\/wp\/v2\/types\/product"}],"author":[{"embeddable":true,"href":"https:\/\/barcainnovationhub.com\/ca\/wp-json\/wp\/v2\/users\/16"}],"replies":[{"embeddable":true,"href":"https:\/\/barcainnovationhub.com\/ca\/wp-json\/wp\/v2\/comments?post=81646"}],"version-history":[{"count":5,"href":"https:\/\/barcainnovationhub.com\/ca\/wp-json\/wp\/v2\/products\/81646\/revisions"}],"predecessor-version":[{"id":116394,"href":"https:\/\/barcainnovationhub.com\/ca\/wp-json\/wp\/v2\/products\/81646\/revisions\/116394"}],"wp:attachment":[{"href":"https:\/\/barcainnovationhub.com\/ca\/wp-json\/wp\/v2\/media?parent=81646"}],"wp:term":[{"taxonomy":"category","embeddable":true,"href":"https:\/\/barcainnovationhub.com\/ca\/wp-json\/wp\/v2\/categories?post=81646"}],"curies":[{"name":"wp","href":"https:\/\/api.w.org\/{rel}","templated":true}]}}