{"id":87758,"date":"2021-04-20T17:11:10","date_gmt":"2021-04-20T20:11:10","guid":{"rendered":"https:\/\/barcainnovationhub.com\/?post_type=product&#038;p=87758"},"modified":"2022-01-11T03:21:23","modified_gmt":"2022-01-11T06:21:23","slug":"professional-diploma-trainig-team-sports","status":"publish","type":"product","link":"https:\/\/barcainnovationhub.com\/ca\/product\/professional-diploma-trainig-team-sports\/","title":{"rendered":"Diplomat en Entrenament en Esports D&#8217;Equip"},"content":{"rendered":"<p>contenido<\/p>\n","protected":false},"excerpt":{"rendered":"<p>excerpt<\/p>\n","protected":false},"author":16,"featured_media":0,"comment_status":"open","ping_status":"closed","template":"","meta":[],"categories":[112],"yoast_head":"<!-- This site is optimized with the Yoast SEO plugin v16.6.1 - https:\/\/yoast.com\/wordpress\/plugins\/seo\/ -->\n<meta name=\"description\" content=\"In this program, you will get a comprehensive knowledge and skills to develop, analyze and improve strength training programs for team sports athletes.\" \/>\n<meta name=\"robots\" content=\"index, follow, max-snippet:-1, max-image-preview:large, max-video-preview:-1\" \/>\n<link rel=\"canonical\" href=\"https:\/\/barcainnovationhub.com\/ca\/product\/professional-diploma-trainig-team-sports\/\" \/>\n<meta property=\"og:locale\" content=\"ca_ES\" \/>\n<meta property=\"og:type\" content=\"article\" \/>\n<meta property=\"og:title\" content=\"Professional Diploma in Training for Team Sports\" \/>\n<meta property=\"og:description\" content=\"In this program, you will get a comprehensive knowledge and skills to develop, analyze and improve strength training programs for team sports athletes.\" \/>\n<meta property=\"og:url\" content=\"https:\/\/barcainnovationhub.com\/ca\/product\/professional-diploma-trainig-team-sports\/\" \/>\n<meta property=\"og:site_name\" content=\"Bar\u00e7a Innovation Hub\" \/>\n<meta property=\"article:publisher\" content=\"https:\/\/www.facebook.com\/fcbuniversitas\" \/>\n<meta property=\"article:modified_time\" content=\"2022-01-11T06:21:23+00:00\" \/>\n<meta property=\"og:image\" content=\"https:\/\/barcainnovationhub.com\/wp-content\/uploads\/2021\/04\/10c54886-professional-diploma-in-training-for-team-sports.jpg.jpg\" \/>\n\t<meta property=\"og:image:width\" content=\"1200\" \/>\n\t<meta property=\"og:image:height\" content=\"1200\" \/>\n<meta name=\"twitter:card\" content=\"summary\" \/>\n<meta name=\"twitter:title\" content=\"Professional Diploma in Training for Team Sports\" \/>\n<meta name=\"twitter:description\" content=\"In this program, you will get a comprehensive knowledge and skills to develop, analyze and improve strength training programs for team sports athletes.\" \/>\n<meta name=\"twitter:image\" content=\"https:\/\/barcainnovationhub.com\/wp-content\/uploads\/2021\/04\/10c54886-professional-diploma-in-training-for-team-sports.jpg.jpg\" \/>\n<meta name=\"twitter:site\" content=\"@BarcaInnoHub\" \/>\n<meta name=\"twitter:label1\" content=\"Est. reading time\" \/>\n\t<meta name=\"twitter:data1\" content=\"1 minute\" \/>\n<script type=\"application\/ld+json\" class=\"yoast-schema-graph\">{\"@context\":\"https:\/\/schema.org\",\"@graph\":[{\"@type\":\"WebSite\",\"@id\":\"https:\/\/barcainnovationhub.com\/#website\",\"url\":\"https:\/\/barcainnovationhub.com\/\",\"name\":\"Bar\\u00e7a Innovation Hub\",\"description\":\"The worldwide centre for sports knowledge and innovation\",\"potentialAction\":[{\"@type\":\"SearchAction\",\"target\":{\"@type\":\"EntryPoint\",\"urlTemplate\":\"https:\/\/barcainnovationhub.com\/?s={search_term_string}\"},\"query-input\":\"required name=search_term_string\"}],\"inLanguage\":\"ca\"},{\"@type\":\"ImageObject\",\"@id\":\"https:\/\/barcainnovationhub.com\/ca\/product\/professional-diploma-trainig-team-sports\/#primaryimage\",\"inLanguage\":\"ca\",\"url\":\"https:\/\/barcainnovationhub.com\/wp-content\/uploads\/2021\/04\/10c54886-professional-diploma-in-training-for-team-sports.jpg.jpg\",\"contentUrl\":\"https:\/\/barcainnovationhub.com\/wp-content\/uploads\/2021\/04\/10c54886-professional-diploma-in-training-for-team-sports.jpg.jpg\",\"width\":1200,\"height\":1200},{\"@type\":\"WebPage\",\"@id\":\"https:\/\/barcainnovationhub.com\/ca\/product\/professional-diploma-trainig-team-sports\/#webpage\",\"url\":\"https:\/\/barcainnovationhub.com\/ca\/product\/professional-diploma-trainig-team-sports\/\",\"name\":\"Diplomat en Entrenament en Esports D'Equip - Bar\\u00e7a Innovation Hub\",\"isPartOf\":{\"@id\":\"https:\/\/barcainnovationhub.com\/#website\"},\"datePublished\":\"2021-04-20T20:11:10+00:00\",\"dateModified\":\"2022-01-11T06:21:23+00:00\",\"description\":\"In this program, you will get a comprehensive knowledge and skills to develop, analyze and improve strength training programs for team sports athletes.\",\"breadcrumb\":{\"@id\":\"https:\/\/barcainnovationhub.com\/ca\/product\/professional-diploma-trainig-team-sports\/#breadcrumb\"},\"inLanguage\":\"ca\",\"potentialAction\":[{\"@type\":\"ReadAction\",\"target\":[\"https:\/\/barcainnovationhub.com\/ca\/product\/professional-diploma-trainig-team-sports\/\"]}]},{\"@type\":\"BreadcrumbList\",\"@id\":\"https:\/\/barcainnovationhub.com\/ca\/product\/professional-diploma-trainig-team-sports\/#breadcrumb\",\"itemListElement\":[{\"@type\":\"ListItem\",\"position\":1,\"name\":\"Portada\",\"item\":\"https:\/\/barcainnovationhub.com\/ca\/\"},{\"@type\":\"ListItem\",\"position\":2,\"name\":\"Productos\",\"item\":\"https:\/\/barcainnovationhub.com\/ca\/product\/\"},{\"@type\":\"ListItem\",\"position\":3,\"name\":\"Diplomat en Entrenament en Esports D&#8217;Equip\"}]}]}<\/script>\n<!-- \/ Yoast SEO plugin. -->","acf":{"external_id":"1414","titulo_curso":"Diplomado en Entrenamiento en Deportes de Equipo - Carrusel","precio":"990","impartido_en":"Spanish","producto_path":false,"hubspot_product_id":"703324477","id_magento":"381","header_image":108213,"column_title":"","titulo_incentivo":"Professional Diploma in Training for Team Sports ","fecha_de_inicio":"10062021","precio_en_cuotas":"8 pagaments mensuals de 123,75 \u20ac","precio_de_lista":"","mostrar_form":false,"promocion_vigente":"","duracion_del_curso":"9 mesos","nivel_del_curso":"Avan\u00e7at","modalidad_cursado":"Online","contenido":"<p>IMPORTANT:<\/p>\n<p>Si sou o heu participat en un programa en l\u00ednia del Bar\u00e7a Innovation Hub Universitas i esteu interessat en inscriure-us a aquest Diploma Professional, poseu-vos en contacte amb nosaltres a trav\u00e9s de CHAT per orientar-vos en el proc\u00e9s de compra.<\/p>\n","ocultar_video":true,"url_video":"","avalado_por":false,"pdf_brochure":"https:\/\/barcainnovationhub.com\/wp-content\/uploads\/2021\/04\/32960bd5-diplomado-en-entrenamiento-en-deportes-de-equipo.pdf","cursos_que_lo_componen":[{"nombre_del_curso":"Avaluaci\u00f3 Esportiva","descripcion_del_curso":"<p>M\u00d2DUL 1: AVALUACI\u00d3 DE FOR\u00c7A EN ESPORTS D'EQUIP<br \/>\nUnitat 1: Valoraci\u00f3 de la for\u00e7a en els esports d'equip<br \/>\nUnitat 2: Avaluaci\u00f3 de la for\u00e7a en diferents manifestacions<\/p>\n<p>M\u00d2DUL 2: AVALUACI\u00d3 DE VELOCITAT I AGILITAT<br \/>\nUnitat 1: Valoraci\u00f3 de velocitat i agilitat en l'esport d'equip<br \/>\nUnitat 2: Proves de camp de velocitat i agilitat<\/p>\n<p>M\u00d2DUL 3: AVALUACI\u00d3 DE RESIST\u00c8NCIA EN ESPORTS AC\u00cdCLICS<br \/>\nUnitat 1: La valoraci\u00f3 de la condici\u00f3 f\u00edsica aer\u00f2bica i anaer\u00f2bica en esportistes<br \/>\nUnitat 2: Proves de camp de resist\u00e8ncia en el marc esportiu<\/p>\n<p>M\u00d2DUL 4: M\u00d2DUL INTEGRADOR<\/p>\n"},{"nombre_del_curso":"Entrenament de for\u00e7a en esports d'equip","descripcion_del_curso":"<p>M\u00d2DUL 1: INTRODUCCI\u00d3 A LA FOR\u00c7A EN ELS ESPORTS COL\u00b7LECTIUS. EL NOSTRE PARADIGMA<br \/>\nUnitat 1: Nocions b\u00e0siques de for\u00e7a en els esports d'equip<br \/>\nUnitat 2: El rol de la for\u00e7a, de la teoria a la pr\u00e0ctica<\/p>\n<p>M\u00d2DUL 2: PERIODITZACI\u00d3 I MITJANS D'ENTRENAMENT.<br \/>\nUnitat 1: El proc\u00e9s d'entrenament<br \/>\nUnitat 2: Mitjans d'entrenament<\/p>\n<p>M\u00d2DUL 3: PROGRAMACI\u00d3 D'UNA SESSI\u00d3<br \/>\nUnitat 1: An\u00e0lisi de les variables que intervenen en la programaci\u00f3 d'una sessi\u00f3<br \/>\nUnitat 2: Control de l'entrenament<\/p>\n<p>M\u00d2DUL 4: M\u00d2DUL INTEGRADOR<\/p>\n"},{"nombre_del_curso":"Prevenci\u00f3 de lesions","descripcion_del_curso":"<p>M\u00d2DUL 1: CONCEPTES B\u00c0SICS EN EPIDEMIOLOGIA I PREVENCI\u00d3 DE LESIONS<br \/>\nUnitat 1: Conceptes b\u00e0sics en prevenci\u00f3 de lesions<br \/>\nUnitat 2: Epidemiologia en esports de conjunt<\/p>\n<p>M\u00d2DUL 2: PREVENCI\u00d3 DE LESIONS MUSCULARS<br \/>\nUnitat 1: Prevenci\u00f3 de lesions musculars m\u00e9s freq\u00fcents (isquiotibials)<br \/>\nUnitat 2: Abordatge preventiu en la prevenci\u00f3 de lesions musculars<\/p>\n<p>M\u00d2DUL 3: PREVENCI\u00d3 DE LESIONS ARTICULARS<br \/>\nUnitat 1: Prevenci\u00f3 de lesions articulars m\u00e9s freq\u00fcents de MMII (lesi\u00f3 de LCA)<br \/>\nUnitat 2: Prevenci\u00f3 de lesions articulars m\u00e9s freq\u00fcents de MMSS (lesions d'espatlla)<\/p>\n<p>M\u00d2DUL 4: M\u00d2DUL INTEGRADOR<\/p>\n"},{"nombre_del_curso":"Programaci\u00f3 de l'entrenament i perfil fisiol\u00f2gic en esports d'equip","descripcion_del_curso":"<p>M\u00d2DUL 1: PERIODITZACI\u00d3, PLANIFICACI\u00d3 I METODOLOGIES. TEORIES I NOUS PARADIGMES<br \/>\nUnitat 1: Marco te\u00f2ric i metodologies tradicionals<br \/>\nUnitat 2: Noves metodologies de programaci\u00f3 de l'entrenament<\/p>\n<p>M\u00d2DUL 2: TEMPORADA ESPORTIVA<br \/>\nUnitat 1: Moments de la temporada<br \/>\nUnitat 2: Desenvolupament de capacitats i qualitats f\u00edsiques<\/p>\n<p>M\u00d2DUL 3: CARACTERITZACI\u00d3 DELS ESPORTS D'EQUIP FENT FOCUS EN EL FUTBOL. AN\u00c0LISI DE DEMANDES F\u00cdSIQUES<br \/>\nUnitat 1: An\u00e0lisi de l'esport ac\u00edclic<br \/>\nUnitat 2: An\u00e0lisi de les demandes f\u00edsiques en compet\u00e8ncia i entrenament<\/p>\n<p>M\u00d2DUL 4: M\u00d2DUL INTEGRADOR<\/p>\n"},{"nombre_del_curso":"Eines i variables per al monitoratge de la c\u00e0rrega d'entrenament","descripcion_del_curso":"<p>M\u00d2DUL 1: Introducci\u00f3 al monitoratge de la c\u00e0rrega d'entrenament<br \/>\nM\u00d2DUL 2: El cicle de planificar-intervenir-avaluar en el proc\u00e9s d'entrenament<br \/>\nM\u00d2DUL 3: Eines de monitoratge de c\u00e0rrega interna i les seves variables<br \/>\nM\u00d2DUL 4: Eines de monitoratge de c\u00e0rrega externa i les seves variables<\/p>\n"},{"nombre_del_curso":"La vida de l'esportista d'elit","descripcion_del_curso":"<p>M\u00d2DUL 1: Model sist\u00e8mic<br \/>\nM\u00d2DUL 2: Model de carrera esportiva I i II<br \/>\nM\u00d2DUL 3: Carrera dual<br \/>\nM\u00d2DUL 4: Exemples d'intervenci\u00f3 en etapes de transici\u00f3 en la vida de l'esportista<\/p>\n"},{"nombre_del_curso":"Suplementaci\u00f3 i ajudes ergog\u00e8niques en l'esport","descripcion_del_curso":"<p>M\u00d2DUL 1: CONCEPTES INTRODUCTORIS<br \/>\nUnitat 1: Classificaci\u00f3 dels suplements nutricionals.<br \/>\nUnitat 2: Nutrients<\/p>\n<p>M\u00d2DUL 2: ALIMENTS ESPORTIUS<br \/>\nUnitat 1: Aliments esportius d'utilitzaci\u00f3 aguda<br \/>\nUnitat 2: Aliments esportius d'utilitzaci\u00f3 cr\u00f2nica<\/p>\n<p>M\u00d2DUL 3: AJUDES ERGOG\u00c8NIQUES<br \/>\nUnitat 1: Ajudes ergog\u00e8niques d'efecte agut o instantani<br \/>\nUnitat 2: Ajudes ergog\u00e8niques d'efecte cr\u00f2nic<\/p>\n<p>M\u00d2DUL 4: M\u00d2DUL INTEGRADOR<\/p>\n"},{"nombre_del_curso":"Un millor abordatge pr\u00e0ctic al monitoratge de la c\u00e0rrega de Treball","descripcion_del_curso":"<p>M\u00d2DUL 1: Per qu\u00e8 ocorren les lesions?<br \/>\nM\u00d2DUL 2: El model fitness-fatiga<br \/>\nM\u00d2DUL 3: R\u00e0tio de c\u00e0rrega aguda:cr\u00f2nica i la seva relaci\u00f3 amb la lesi\u00f3<br \/>\nM\u00d2DUL 4: Controv\u00e8rsies recents i aplicacions pr\u00e0ctiques de les dades<\/p>\n"},{"nombre_del_curso":"Bases neuromusculars en l'entrenament de la for\u00e7a","descripcion_del_curso":"<p>M\u00d2DUL 1: Caracter\u00edstiques del sistema m\u00fasculoesquel\u00e8tic.<br \/>\nUnitat 1: El moviment des del sistema nervi\u00f3s central.<br \/>\nUnitat 2: Funcionalitat del m\u00fascul esquel\u00e8tic.<\/p>\n<p>M\u00d2DUL 2: Les accions musculars i la seva relaci\u00f3 amb l'esport.<br \/>\nUnitat 1: Tipus d'acci\u00f3 muscular.<br \/>\nUnitat 2: Interrelaci\u00f3 de les accions musculars en el moviment i el manteniment de la posici\u00f3.<\/p>\n<p>M\u00d2DUL 3: Canvis sist\u00e8mics en el desentrenament i la immobilitzaci\u00f3.<br \/>\nUnitat 1: Desentrenament en relaci\u00f3 amb el m\u00fasculoesquel\u00e8tic.<br \/>\nUnitat 2: La hipertr\u00f2fia muscular.<\/p>\n<p>M\u00d2DUL 4: La valoraci\u00f3 de les propietats musculars en relaci\u00f3 amb l'esport.<br \/>\nUnitat 1: L'electromiografia de superf\u00edcie.<br \/>\nUnitat 2: La tensiomiografia.<\/p>\n"}],"aprende_a":[{"item_aprende_a":"Planificar l'avaluaci\u00f3, analitzant diverses capacitats motores i obtenint mesuraments que despr\u00e9s siguin considerats en el context del proc\u00e9s d'entrenament.\r\n\r\n"},{"item_aprende_a":"Desenvolupar i analitzar programes d'entrenament de for\u00e7a en esports d'equip.\r\n\r\n"},{"item_aprende_a":"Plantejar estrat\u00e8gies preventives eficients basades en un proc\u00e9s sustentat en l'evid\u00e8ncia cient\u00edfica.\r\n\r\n"},{"item_aprende_a":"Desenvolupar processos d'entrenament en esports d'equip, aplicant les metodologies proposades i sobre la base de les demandes f\u00edsiques i fisiol\u00f2giques de l'esport triat.\r\n\r\n"},{"item_aprende_a":"Manejar les diferents eines i variables del monitoratge de l'entrenament.\r\n\r\n"},{"item_aprende_a":"Obtenir una visi\u00f3 hol\u00edstica del m\u00f3n esportiu per a treballar en la prevenci\u00f3 de situacions de risc, a trav\u00e9s del coneixement de l'entorn i els protagonistes dels diferents \u00e0mbits de l'esport.\r\n\r\n"},{"item_aprende_a":"Utilitzar els coneixements sobre nutrici\u00f3 esportiva en funci\u00f3 de les demandes i necessitats de diferents formes d'activitat f\u00edsica.\r\n\r\n"},{"item_aprende_a":"Analitzar les dades del monitoratge de la c\u00e0rrega de treball per a orientar el proc\u00e9s d'entrenament cap a la prevenci\u00f3 de lesions i el conseg\u00fcent augment del rendiment esportiu.\r\n\r\n"},{"item_aprende_a":"Millorar l'an\u00e0lisi cr\u00edtica en realitzar un programa d'entrenament en els diferents rols professionals relacionats amb les ci\u00e8ncies de l'esport i la salut.\r\n"}],"preguntas_frecuentes":false,"contenidistas":false,"docentes_expertos":[{"foto":"https:\/\/barcainnovationhub.com\/wp-content\/uploads\/2021\/04\/52b82a58-paco-seirul-lo-1.jpg","nombre_del_docente":"Paco Seirul\u00b7lo Vargas","descripcion_del_docente":"Responsable de l'\u00e0rea de metodologia del FC Barcelona.","enlace":""},{"foto":"https:\/\/barcainnovationhub.com\/wp-content\/uploads\/2021\/04\/437d9675-joan-ramon-tarrago.jpg","nombre_del_docente":"Joan Ramon Tarrago","descripcion_del_docente":"Responsable de preparaci\u00f3 f\u00edsica esportiva.","enlace":""},{"foto":"https:\/\/barcainnovationhub.com\/wp-content\/uploads\/2021\/04\/e65e5e11-david-casamichana.jpg","nombre_del_docente":"David Casamichana G\u00f3mez","descripcion_del_docente":"Doctor en Ci\u00e8ncies de l'Activitat F\u00edsica i de l'Esport. Preparador f\u00edsic en futbol. Professor universitari i investigador.","enlace":""},{"foto":"https:\/\/barcainnovationhub.com\/wp-content\/uploads\/2021\/04\/2e8378f3-ana_merayo.png","nombre_del_docente":"Ana Merayo Garc\u00eda","descripcion_del_docente":"Psic\u00f2loga esportiva. Docent. Coordinadora del SAIE (Servei d'Atenci\u00f3 Integral a l'Esportista) de La Masia 360, FC Barcelona.","enlace":""},{"foto":"https:\/\/barcainnovationhub.com\/wp-content\/uploads\/2021\/04\/379a7fdf-antonia-lizarraga.png","nombre_del_docente":"Antonia Lizarraga","descripcion_del_docente":"Responsable de l'\u00e0rea de nutrici\u00f3 esportiva del FC Barcelona.","enlace":""},{"foto":"https:\/\/barcainnovationhub.com\/wp-content\/uploads\/2021\/04\/c4cf4967-tim_gabbett.jpg","nombre_del_docente":"Tim Gabbett","descripcion_del_docente":"Consultor d'alt rendiment. 20 anys d'experi\u00e8ncia en ci\u00e8ncies aplicades a l'esport, treballant amb atletes i entrenadors d'una \u00e0mplia gamma d'esports.","enlace":""},{"foto":"https:\/\/barcainnovationhub.com\/wp-content\/uploads\/2021\/04\/d70b12f8-dani_romero.png","nombre_del_docente":"Daniel Romero Rodriguez","descripcion_del_docente":"Preparador F\u00edsic de For\u00e7a del Juvenil A del FC Barcelona.","enlace":""},{"foto":"https:\/\/barcainnovationhub.com\/wp-content\/uploads\/2021\/04\/59bd1159-francesc_cos.jpg","nombre_del_docente":"Francesc Cos","descripcion_del_docente":"Ex preparador f\u00edsic de for\u00e7a del primer equip de futbol del FC Barcelona (2004-2016). Ex director de l'\u00e0rea de Rendiment Esportiu del Bar\u00e7a Innovation Hub (2016-2018). Actualment \u00e9s Director de Rendiment del Nova York City (MLS).","enlace":""}],"imagen_destacada":false,"slidebox":false,"titulo_seccion_testimonios":"","slider_testimonios":false,"imagen_de_fondo_testimonios":false,"color_de_fondo_testimonios":"","activar_banner_1":false,"banner_1":false,"activar_banner_2":false,"banner_2":false,"activar_banner_3":false,"banner_3":false,"segunda_fecha_de_inicio":"","zona_horaria":"Europe\/Madrid","activar_nuevos_banners":false,"mostrar_banner_1":false,"crear_banner_1":{"utilizar_imagen_unica_para_banner":false,"asignar_imagen_unica_para_banner":false,"mostrar_titulo_banner":false,"titulo_para_banner":"","mostrar_subtitulo_banner":false,"subtitulo_del_banner":"","mostrar_cta_banner":false,"texto_cta_banner":"","url_cta_banner":"","fondo_de_color_banner":"","fondo_de_imagen_banner":false,"mostrar_imagen_izquierda_banner":false,"asignar_imagen_izquierda_banner":false},"mostrar_banner_2":false,"crear_banner_2":{"utilizar_imagen_unica_para_banner":false,"asignar_imagen_unica_para_banner":false,"mostrar_titulo_banner":false,"titulo_para_banner":"","mostrar_subtitulo_banner":false,"subtitulo_del_banner":"","mostrar_cta_banner":false,"texto_cta_banner":"","url_cta_banner":"","fondo_de_color_banner":"","fondo_de_imagen_banner":false,"mostrar_imagen_izquierda_banner":false,"asignar_imagen_izquierda_banner":false},"mostrar_banner_3":false,"crear_banner_3":{"utilizar_imagen_unica_para_banner":false,"asignar_imagen_unica_para_banner":false,"mostrar_titulo_banner":false,"titulo_para_banner":"","mostrar_subtitulo_banner":false,"subtitulo_del_banner":"","mostrar_cta_banner":false,"texto_cta_banner":"","url_cta_banner":"","fondo_de_color_banner":"","fondo_de_imagen_banner":false,"mostrar_imagen_izquierda_banner":false,"asignar_imagen_izquierda_banner":false}},"idiomas":{"en":87756,"es":87761,"ar":87757,"ca":87758,"ru":87760,"pt":87759},"_links":{"self":[{"href":"https:\/\/barcainnovationhub.com\/ca\/wp-json\/wp\/v2\/products\/87758"}],"collection":[{"href":"https:\/\/barcainnovationhub.com\/ca\/wp-json\/wp\/v2\/products"}],"about":[{"href":"https:\/\/barcainnovationhub.com\/ca\/wp-json\/wp\/v2\/types\/product"}],"author":[{"embeddable":true,"href":"https:\/\/barcainnovationhub.com\/ca\/wp-json\/wp\/v2\/users\/16"}],"replies":[{"embeddable":true,"href":"https:\/\/barcainnovationhub.com\/ca\/wp-json\/wp\/v2\/comments?post=87758"}],"version-history":[{"count":5,"href":"https:\/\/barcainnovationhub.com\/ca\/wp-json\/wp\/v2\/products\/87758\/revisions"}],"predecessor-version":[{"id":116508,"href":"https:\/\/barcainnovationhub.com\/ca\/wp-json\/wp\/v2\/products\/87758\/revisions\/116508"}],"wp:attachment":[{"href":"https:\/\/barcainnovationhub.com\/ca\/wp-json\/wp\/v2\/media?parent=87758"}],"wp:term":[{"taxonomy":"category","embeddable":true,"href":"https:\/\/barcainnovationhub.com\/ca\/wp-json\/wp\/v2\/categories?post=87758"}],"curies":[{"name":"wp","href":"https:\/\/api.w.org\/{rel}","templated":true}]}}