{"id":87776,"date":"2021-04-11T03:56:31","date_gmt":"2021-04-11T06:56:31","guid":{"rendered":"https:\/\/barcainnovationhub.com\/?post_type=product&#038;p=87776"},"modified":"2022-01-11T03:11:04","modified_gmt":"2022-01-11T06:11:04","slug":"professional-diploma-strength-and-conditioning","status":"publish","type":"product","link":"https:\/\/barcainnovationhub.com\/ca\/product\/professional-diploma-strength-and-conditioning\/","title":{"rendered":"Diplomat en Preparaci\u00f3 F\u00edsica"},"content":{"rendered":"<p>contenido<\/p>\n","protected":false},"excerpt":{"rendered":"<p>excerpt<\/p>\n","protected":false},"author":16,"featured_media":0,"comment_status":"open","ping_status":"closed","template":"","meta":[],"categories":[112],"yoast_head":"<!-- This site is optimized with the Yoast SEO plugin v16.6.1 - https:\/\/yoast.com\/wordpress\/plugins\/seo\/ -->\n<meta name=\"description\" content=\"In this 9-month program, you will get a comprehensive knowledge and skills to optimize sports performance and injury prevention.\" \/>\n<meta name=\"robots\" content=\"index, follow, max-snippet:-1, max-image-preview:large, max-video-preview:-1\" \/>\n<link rel=\"canonical\" href=\"https:\/\/barcainnovationhub.com\/ca\/product\/professional-diploma-strength-and-conditioning\/\" \/>\n<meta property=\"og:locale\" content=\"ca_ES\" \/>\n<meta property=\"og:type\" content=\"article\" \/>\n<meta property=\"og:title\" content=\"Professional Diploma in Strength and Conditioning\" \/>\n<meta property=\"og:description\" content=\"In this 9-month program, you will get a comprehensive knowledge and skills to optimize sports performance and injury prevention.\" \/>\n<meta property=\"og:url\" content=\"https:\/\/barcainnovationhub.com\/ca\/product\/professional-diploma-strength-and-conditioning\/\" \/>\n<meta property=\"og:site_name\" content=\"Bar\u00e7a Innovation Hub\" \/>\n<meta property=\"article:publisher\" content=\"https:\/\/www.facebook.com\/fcbuniversitas\" \/>\n<meta property=\"article:modified_time\" content=\"2022-01-11T06:11:04+00:00\" \/>\n<meta property=\"og:image\" content=\"https:\/\/barcainnovationhub.com\/wp-content\/uploads\/2021\/04\/cd8bca47-professional-diploma-in-strength-and-conditioning.jpg\" \/>\n\t<meta property=\"og:image:width\" content=\"1200\" \/>\n\t<meta property=\"og:image:height\" content=\"1200\" \/>\n<meta name=\"twitter:card\" content=\"summary\" \/>\n<meta name=\"twitter:title\" content=\"Professional Diploma in Strength and Conditioning\" \/>\n<meta name=\"twitter:description\" content=\"In this 9-month program, you will get a comprehensive knowledge and skills to optimize sports performance and injury prevention.\" \/>\n<meta name=\"twitter:image\" content=\"https:\/\/barcainnovationhub.com\/wp-content\/uploads\/2021\/04\/cd8bca47-professional-diploma-in-strength-and-conditioning.jpg\" \/>\n<meta name=\"twitter:site\" content=\"@BarcaInnoHub\" \/>\n<meta name=\"twitter:label1\" content=\"Est. reading time\" \/>\n\t<meta name=\"twitter:data1\" content=\"1 minute\" \/>\n<script type=\"application\/ld+json\" class=\"yoast-schema-graph\">{\"@context\":\"https:\/\/schema.org\",\"@graph\":[{\"@type\":\"WebSite\",\"@id\":\"https:\/\/barcainnovationhub.com\/#website\",\"url\":\"https:\/\/barcainnovationhub.com\/\",\"name\":\"Bar\\u00e7a Innovation Hub\",\"description\":\"The worldwide centre for sports knowledge and innovation\",\"potentialAction\":[{\"@type\":\"SearchAction\",\"target\":{\"@type\":\"EntryPoint\",\"urlTemplate\":\"https:\/\/barcainnovationhub.com\/?s={search_term_string}\"},\"query-input\":\"required name=search_term_string\"}],\"inLanguage\":\"ca\"},{\"@type\":\"ImageObject\",\"@id\":\"https:\/\/barcainnovationhub.com\/ca\/product\/professional-diploma-strength-and-conditioning\/#primaryimage\",\"inLanguage\":\"ca\",\"url\":\"https:\/\/barcainnovationhub.com\/wp-content\/uploads\/2021\/04\/cd8bca47-professional-diploma-in-strength-and-conditioning.jpg\",\"contentUrl\":\"https:\/\/barcainnovationhub.com\/wp-content\/uploads\/2021\/04\/cd8bca47-professional-diploma-in-strength-and-conditioning.jpg\",\"width\":1200,\"height\":1200},{\"@type\":\"WebPage\",\"@id\":\"https:\/\/barcainnovationhub.com\/ca\/product\/professional-diploma-strength-and-conditioning\/#webpage\",\"url\":\"https:\/\/barcainnovationhub.com\/ca\/product\/professional-diploma-strength-and-conditioning\/\",\"name\":\"Diplomat en Preparaci\\u00f3 F\\u00edsica - Bar\\u00e7a Innovation Hub\",\"isPartOf\":{\"@id\":\"https:\/\/barcainnovationhub.com\/#website\"},\"datePublished\":\"2021-04-11T06:56:31+00:00\",\"dateModified\":\"2022-01-11T06:11:04+00:00\",\"description\":\"In this 9-month program, you will get a comprehensive knowledge and skills to optimize sports performance and injury prevention.\",\"breadcrumb\":{\"@id\":\"https:\/\/barcainnovationhub.com\/ca\/product\/professional-diploma-strength-and-conditioning\/#breadcrumb\"},\"inLanguage\":\"ca\",\"potentialAction\":[{\"@type\":\"ReadAction\",\"target\":[\"https:\/\/barcainnovationhub.com\/ca\/product\/professional-diploma-strength-and-conditioning\/\"]}]},{\"@type\":\"BreadcrumbList\",\"@id\":\"https:\/\/barcainnovationhub.com\/ca\/product\/professional-diploma-strength-and-conditioning\/#breadcrumb\",\"itemListElement\":[{\"@type\":\"ListItem\",\"position\":1,\"name\":\"Portada\",\"item\":\"https:\/\/barcainnovationhub.com\/ca\/\"},{\"@type\":\"ListItem\",\"position\":2,\"name\":\"Productos\",\"item\":\"https:\/\/barcainnovationhub.com\/ca\/product\/\"},{\"@type\":\"ListItem\",\"position\":3,\"name\":\"Diplomat en Preparaci\\u00f3 F\\u00edsica\"}]}]}<\/script>\n<!-- \/ Yoast SEO plugin. -->","acf":{"external_id":"1417","titulo_curso":"Diplomado en Preparaci\u00f3n F\u00edsica - Carrusel","precio":"990","impartido_en":"Spanish","producto_path":false,"hubspot_product_id":"703324487","id_magento":"384","header_image":108228,"column_title":"","titulo_incentivo":"Professional Diploma in Strength and Conditioning ","fecha_de_inicio":"10092021","precio_en_cuotas":"8 pagaments mensuals de 123,75 \u20ac","precio_de_lista":"","mostrar_form":false,"promocion_vigente":"","duracion_del_curso":"9 mesos","nivel_del_curso":"Avan\u00e7at","modalidad_cursado":"Online","contenido":"<p><strong>IMPORTANT:<\/strong><\/p>\n<p>Si sou o heu participat en un programa en l\u00ednia del Bar\u00e7a Innovation Hub Universitas i esteu interessat en inscriure-us a aquest Diploma Professional, poseu-vos en contacte amb nosaltres a trav\u00e9s de CHAT per orientar-vos en el proc\u00e9s de compra.<\/p>\n","ocultar_video":true,"url_video":"","avalado_por":false,"pdf_brochure":"https:\/\/static.capabiliaserver.com\/frontend\/clients\/barca\/wp_prod\/wp-content\/uploads\/2021\/04\/acb0f5b6-diplomat-en-preparacio-fisica.pdf","cursos_que_lo_componen":[{"nombre_del_curso":"Bases neuromusculars en l'entrenament de la for\u00e7a","descripcion_del_curso":"<p>M\u00d2DUL 1: Caracter\u00edstiques del sistema m\u00fasculoesquel\u00e8tic.<br \/>\nUnitat 1: El moviment des del sistema nervi\u00f3s central.<br \/>\nUnitat 2: Funcionalitat del m\u00fasculoesquel\u00e8tic.<\/p>\n<p>M\u00d2DUL 2: Les accions musculars i la seva relaci\u00f3 amb l'esport.<br \/>\nUnitat 1: Tipus d'acci\u00f3 muscular.<br \/>\nUnitat 2: Interrelaci\u00f3 de les accions musculars en el moviment i el manteniment de la posici\u00f3.<\/p>\n<p>M\u00d2DUL 3: Canvis sist\u00e8mics en el desentrenament i la immobilitzaci\u00f3.<br \/>\nUnitat 1: Desentrenament en relaci\u00f3 amb el m\u00fasculoesquel\u00e8tic.<br \/>\nUnitat 2: La hipertr\u00f2fia muscular.<\/p>\n<p>M\u00d2DUL 4: La valoraci\u00f3 de les propietats musculars en relaci\u00f3 amb l'esport.<br \/>\nUnitat 1: L'electromiografia de superf\u00edcie.<br \/>\nUnitat 2: La tensiomiografia.<\/p>\n"},{"nombre_del_curso":"Metodologia de l'entrenament de la for\u00e7a: aplicaci\u00f3 en la millora del rendiment esportiu i en la readaptaci\u00f3 post lesi\u00f3 a la competici\u00f3","descripcion_del_curso":"<p>M\u00d2DUL 1: Contextualitzaci\u00f3: com adaptem l'entrenament de for\u00e7a als esports d'equip?<br \/>\nUnitat 1: La qualitat de for\u00e7a i la seva relaci\u00f3 amb els requeriments coordinatius i cognitius dels esports d'equip.<br \/>\nUnitat 2: La progressi\u00f3 en la dificultat del treball de for\u00e7a en relaci\u00f3 amb l'especificitat de l'esport.<\/p>\n<p>M\u00d2DUL 2: Metodologia del treball de for\u00e7a en l'esport de situaci\u00f3.<br \/>\nUnitat 1: L'entrenament de for\u00e7a i la necessitat de treballar amb sobrec\u00e0rrega.<br \/>\nUnitat 2: Integraci\u00f3 del treball de for\u00e7a amb la resta de capacitats.<\/p>\n<p>M\u00d2DUL 3: Integraci\u00f3 del treball de for\u00e7a en la planificaci\u00f3 i programaci\u00f3 dels esports de situaci\u00f3.<br \/>\nUnitat 1: La for\u00e7a en l'entrenament integrat d'una programaci\u00f3 de tipus lliga regular de llarga durada. Exemplificaci\u00f3 basada en el futbol.<br \/>\nUnitat 2: La for\u00e7a en l'entrenament integrat d'una programaci\u00f3 de tipus blocs de preparaci\u00f3 \u2013 competici\u00f3. Exemplificaci\u00f3 basada en el tennis.<\/p>\n<p>M\u00d2DUL 4: La for\u00e7a en el disseny de tasques espec\u00edfiques de l'esport. Exemplificaci\u00f3 en futbol.<br \/>\nUnitat 1: Els small-sided games (SSG): caracter\u00edstiques per al seu disseny i relaci\u00f3 amb el desenvolupament de les habilitats esportives.<br \/>\nUnitat 2: Els SSG: relaci\u00f3 amb el treball de for\u00e7a.<\/p>\n"},{"nombre_del_curso":"La for\u00e7a i pot\u00e8ncia muscular com a qualitat clau en la readaptaci\u00f3 de les lesions Esportives","descripcion_del_curso":"<p>M\u00d2DUL 1: Estudi de la lesi\u00f3 en l'esport: els mecanismes de lesi\u00f3 i els factors de risc de lesi\u00f3 associats.<br \/>\nUnitat 1: Biomec\u00e0nica lesiva i implicaci\u00f3 de la for\u00e7a en la recuperaci\u00f3 de les habilitats esportives.<br \/>\nUnitat 2: Factors de risc associats a la falta de for\u00e7a.<\/p>\n<p>M\u00d2DUL 2: Les lesions esportives i la seva relaci\u00f3 amb la qualitat de for\u00e7a.<br \/>\nUnitat 1: Les lesions de les estructures muscular i tendinosa.<br \/>\nUnitat 2: Les lesions articulars.<\/p>\n<p>M\u00d2DUL 3: Manifestacions de la for\u00e7a i la pot\u00e8ncia muscular en el proc\u00e9s de readaptaci\u00f3 post lesi\u00f3.<br \/>\nUnitat 1: La for\u00e7a i les seves diferents manifestacions segons c\u00e0rrega externa i velocitat d'execuci\u00f3.<br \/>\nUnitat 2: Programaci\u00f3 del treball de for\u00e7a en les lesions esportives.<\/p>\n<p>M\u00d2DUL 4: Nous paradigmes en l'entrenament de la for\u00e7a: musculaci\u00f3 mitjan\u00e7ant oclusi\u00f3 vascular.<br \/>\nUnitat 1: Bases de la musculaci\u00f3 tradicional versus musculaci\u00f3 per mitj\u00e0 de l'oclusi\u00f3 vascular o Blood Flow Restriction (BFR).<br \/>\nUnitat 2: Programaci\u00f3 de l'entrenament mitjan\u00e7ant oclusi\u00f3 vascular: variables clau per a l'\u00f2ptima prescripci\u00f3.<\/p>\n"},{"nombre_del_curso":"Tecnologia i entrenament de la for\u00e7a i la pot\u00e8ncia muscular","descripcion_del_curso":"<p>M\u00d2DUL 1: Tecnologia, equipament i entrenament de la for\u00e7a de car\u00e0cter general.<br \/>\nUnitat 1: Equipaments per al treball d'orientaci\u00f3 general en relaci\u00f3 amb l'especificitat de l'esport.<br \/>\nUnitat 2: Altres equipaments relacionats amb les c\u00e0rregues d'orientaci\u00f3 general.<\/p>\n<p>M\u00d2DUL 2: Tecnologia, equipament i entrenament de la for\u00e7a de car\u00e0cter espec\u00edfic en relaci\u00f3 amb l'esport.<br \/>\nUnitat 1: Equipaments per al treball d'orientaci\u00f3 dirigida i espec\u00edfica en relaci\u00f3 amb les habilitats espec\u00edfiques de l'esport.<br \/>\nUnitat 2: La tecnologia GPS i la seva relaci\u00f3 amb la valoraci\u00f3 i el control de la for\u00e7a en l'entrenament i la competici\u00f3.<\/p>\n<p>M\u00d2DUL 3: Tecnologia en la valoraci\u00f3 de la for\u00e7a i la pot\u00e8ncia muscular.<br \/>\nUnitat 1: Utilitzaci\u00f3 de encoders lineals i rotatoris per a la valoraci\u00f3 de la for\u00e7a i la pot\u00e8ncia muscular.<br \/>\nUnitat 2: Sistemes integrats en la valoraci\u00f3 muscular.<\/p>\n<p>M\u00d2DUL 4: Tecnologia interactiva i entrenament de la for\u00e7a.<br \/>\nUnitat 1: Gamificaci\u00f3 en l'esport.<br \/>\nUnitat 2: Metodologies interactives relacionades amb la gamificaci\u00f3.<\/p>\n"},{"nombre_del_curso":"Lesions i esports d'equip","descripcion_del_curso":"<p>M\u00d2DUL 1: Prevenci\u00f3 i readaptaci\u00f3 de lesions<br \/>\nM\u00d2DUL 2: Gesti\u00f3 de la lesi\u00f3 muscular i tendinopatia<br \/>\nM\u00d2DUL 3: Gesti\u00f3 de la lesi\u00f3 articular i \u00f2ssia<br \/>\nM\u00d2DUL 4: Presa de decisions i tornada a la competici\u00f3<\/p>\n"},{"nombre_del_curso":"Patologia en esports d'equip ","descripcion_del_curso":"<p>M\u00d2DUL 1: Gesti\u00f3 de la patologia m\u00e8dica 1<br \/>\nM\u00d2DUL 2: Gesti\u00f3 de la patologia m\u00e8dica 2<br \/>\nM\u00d2DUL 3: Patologies espec\u00edfiques per esport<br \/>\nM\u00d2DUL 4: Esports i competicions especials<\/p>\n"},{"nombre_del_curso":"Compet\u00e8ncies b\u00e0siques de l'entrenador","descripcion_del_curso":"<p>M\u00d2DUL 1: Lideratge<br \/>\nM\u00d2DUL 2: Eines de comunicaci\u00f3<br \/>\nM\u00d2DUL 3: Climes motivacionals<br \/>\nM\u00d2DUL 4: L'entrenador i el seu entorn<\/p>\n"},{"nombre_del_curso":"Nutrici\u00f3, recuperaci\u00f3 i adaptacions a l'entrenament","descripcion_del_curso":"<p>M\u00d2DUL 1: Exercici i fatiga<br \/>\nUnitat 1: Qu\u00e8 \u00e9s la fatiga?<br \/>\nUnitat 2: Retardar la fatiga<\/p>\n<p>M\u00d2DUL 2: Recuperaci\u00f3 i adaptaci\u00f3<br \/>\nUnitat 1: Recuperaci\u00f3<br \/>\nUnitat 2: Adaptaci\u00f3<\/p>\n<p>M\u00d2DUL 3: Optimitzar la recuperaci\u00f3 i l'adaptaci\u00f3<br \/>\nUnitat 1: Optimitzar la recuperaci\u00f3 amb la nutrici\u00f3<br \/>\nUnitat 2: Optimitzar l'adaptaci\u00f3 amb la nutrici\u00f3<\/p>\n<p>M\u00d2DUL 4: Recuperaci\u00f3 de lesions<br \/>\nUnitat 1: Diferents fases de la lesi\u00f3<br \/>\nUnitat 2: Estrat\u00e8gies<\/p>\n"},{"nombre_del_curso":"Un millor abordatge pr\u00e0ctic al monitoratge de la c\u00e0rrega de Treball","descripcion_del_curso":"<p>M\u00d2DUL 1: Per qu\u00e8 succeeixen les lesions?<br \/>\nM\u00d2DUL 2: El model fitness-fatiga<br \/>\nM\u00d2DUL 3: R\u00e0tio de c\u00e0rrega aguda:cr\u00f2nica i la seva relaci\u00f3 amb la lesi\u00f3<br \/>\nM\u00d2DUL 4: Controv\u00e8rsies recents i aplicacions pr\u00e0ctiques de les dades<\/p>\n"}],"aprende_a":[{"item_aprende_a":"Millorar l'an\u00e0lisi cr\u00edtica en realitzar un programa d'entrenament en els diferents rols professionals relacionats amb les ci\u00e8ncies de l'esport i la salut."},{"item_aprende_a":"Millorar el rendiment esportiu i la prevenci\u00f3 de lesions a partir d'un coneixement profund sobre la metodologia a aplicar en els programes d'entrenament de la for\u00e7a i la pot\u00e8ncia muscular."},{"item_aprende_a":"Aplicar la metodologia adequada en el disseny del proc\u00e9s de readaptaci\u00f3 post lesi\u00f3 en aquelles afeccions on el desenvolupament de la for\u00e7a tingui un marcat protagonisme."},{"item_aprende_a":"Con\u00e8ixer, de manera transversal, les metodologies emergents en l'entrenament de la for\u00e7a per a poder aprofundir des d'una base contrastada des de la ci\u00e8ncia."},{"item_aprende_a":"Con\u00e8ixer les caracter\u00edstiques fonamentals tant d'estrat\u00e8gies de prevenci\u00f3 i rehabilitaci\u00f3 de lesions, com dels diferents mecanismes lesius en esports d'equip.\r\n"},{"item_aprende_a":"Manejar les patologies i lesions diferenciades per esport."},{"item_aprende_a":"Utilitzar les eines adequades per al desenvolupament d'un lideratge efica\u00e7 en la gesti\u00f3 de grups i persones."},{"item_aprende_a":"Optimitzar la recuperaci\u00f3 intensa i l'adaptaci\u00f3 a l'entrenament amb la nutrici\u00f3."},{"item_aprende_a":"Analitzar les dades del monitoratge de la c\u00e0rrega de treball per a orientar el proc\u00e9s d'entrenament cap a la prevenci\u00f3 de lesions i el conseg\u00fcent augment del rendiment esportiu.\r\n"}],"preguntas_frecuentes":false,"contenidistas":false,"docentes_expertos":[{"foto":"https:\/\/barcainnovationhub.com\/wp-content\/uploads\/2021\/04\/d70b12f8-dani_romero.png","nombre_del_docente":"Daniel Romero Rodriguez","descripcion_del_docente":"Preparador F\u00edsic de For\u00e7a del Juvenil A del FC Barcelona. ","enlace":""},{"foto":"https:\/\/barcainnovationhub.com\/wp-content\/uploads\/2021\/04\/59bd1159-francesc_cos.jpg","nombre_del_docente":"Francesc Cos","descripcion_del_docente":"Ex preparador f\u00edsic de for\u00e7a del primer equip de futbol del FC Barcelona (2004-2016). Ex director de l'\u00e0rea de Rendiment Esportiu del Bar\u00e7a Innovation Hub (2016-2018). Actualment \u00e9s Director de Rendiment del Nova York City (MLS).","enlace":""},{"foto":"https:\/\/barcainnovationhub.com\/wp-content\/uploads\/2021\/04\/9b3acf97-gil_rodas_font_bis.jpg","nombre_del_docente":"Gil Rodas Font","descripcion_del_docente":"Doctor en Medicina i Cirurgia. Especialista en Medicina de l'Educaci\u00f3 F\u00edsica i l'Esport. Responsable de l'\u00e0rea de Serveis M\u00e8dics del Bar\u00e7a Innovation Hub. ","enlace":""},{"foto":"https:\/\/barcainnovationhub.com\/wp-content\/uploads\/2021\/04\/2e8378f3-ana_merayo.png","nombre_del_docente":"Ana Merayo Garc\u00eda","descripcion_del_docente":"Psic\u00f3loga esportiva. Docent. Coordinadora del SAIE (Servei d'Atenci\u00f3 Integral a l'Esportista) de La Masia 360, FC Barcelona. ","enlace":""},{"foto":"https:\/\/barcainnovationhub.com\/wp-content\/uploads\/2021\/04\/43630949-asker_jeukendrup.jpg","nombre_del_docente":"Asker Jeukendrup","descripcion_del_docente":"Cient\u00edfic en nutrici\u00f3 esportiva. Professor de metabolisme de l'exercici. Consultor de rendiment en esport d'elit. Emprenedor. Triatleta Ironman.","enlace":""},{"foto":"https:\/\/barcainnovationhub.com\/wp-content\/uploads\/2021\/04\/c4cf4967-tim_gabbett.jpg","nombre_del_docente":"Tim Gabbett","descripcion_del_docente":"Consultor d'alt rendiment. 20 anys d'experi\u00e8ncia en ci\u00e8ncies aplicades a l'esport, treballant amb atletes i entrenadors d'una \u00e0mplia gamma d'esports.","enlace":""}],"imagen_destacada":false,"slidebox":false,"titulo_seccion_testimonios":"","slider_testimonios":false,"imagen_de_fondo_testimonios":false,"color_de_fondo_testimonios":"","activar_banner_1":false,"banner_1":false,"activar_banner_2":false,"banner_2":false,"activar_banner_3":false,"banner_3":false,"zona_horaria":"Europe\/Madrid","segunda_fecha_de_inicio":"25092021","activar_nuevos_banners":false,"mostrar_banner_1":false,"crear_banner_1":{"utilizar_imagen_unica_para_banner":false,"asignar_imagen_unica_para_banner":false,"mostrar_titulo_banner":false,"titulo_para_banner":"","mostrar_subtitulo_banner":false,"subtitulo_del_banner":"","mostrar_cta_banner":false,"texto_cta_banner":"","url_cta_banner":"","fondo_de_color_banner":"","fondo_de_imagen_banner":false,"mostrar_imagen_izquierda_banner":false,"asignar_imagen_izquierda_banner":false},"mostrar_banner_2":false,"crear_banner_2":{"utilizar_imagen_unica_para_banner":false,"asignar_imagen_unica_para_banner":false,"mostrar_titulo_banner":false,"titulo_para_banner":"","mostrar_subtitulo_banner":false,"subtitulo_del_banner":"","mostrar_cta_banner":false,"texto_cta_banner":"","url_cta_banner":"","fondo_de_color_banner":"","fondo_de_imagen_banner":false,"mostrar_imagen_izquierda_banner":false,"asignar_imagen_izquierda_banner":false},"mostrar_banner_3":false,"crear_banner_3":{"utilizar_imagen_unica_para_banner":false,"asignar_imagen_unica_para_banner":false,"mostrar_titulo_banner":false,"titulo_para_banner":"","mostrar_subtitulo_banner":false,"subtitulo_del_banner":"","mostrar_cta_banner":false,"texto_cta_banner":"","url_cta_banner":"","fondo_de_color_banner":"","fondo_de_imagen_banner":false,"mostrar_imagen_izquierda_banner":false,"asignar_imagen_izquierda_banner":false}},"idiomas":{"en":87774,"es":87779,"ar":87775,"ca":87776,"ru":87778,"pt":87777},"_links":{"self":[{"href":"https:\/\/barcainnovationhub.com\/ca\/wp-json\/wp\/v2\/products\/87776"}],"collection":[{"href":"https:\/\/barcainnovationhub.com\/ca\/wp-json\/wp\/v2\/products"}],"about":[{"href":"https:\/\/barcainnovationhub.com\/ca\/wp-json\/wp\/v2\/types\/product"}],"author":[{"embeddable":true,"href":"https:\/\/barcainnovationhub.com\/ca\/wp-json\/wp\/v2\/users\/16"}],"replies":[{"embeddable":true,"href":"https:\/\/barcainnovationhub.com\/ca\/wp-json\/wp\/v2\/comments?post=87776"}],"version-history":[{"count":5,"href":"https:\/\/barcainnovationhub.com\/ca\/wp-json\/wp\/v2\/products\/87776\/revisions"}],"predecessor-version":[{"id":116492,"href":"https:\/\/barcainnovationhub.com\/ca\/wp-json\/wp\/v2\/products\/87776\/revisions\/116492"}],"wp:attachment":[{"href":"https:\/\/barcainnovationhub.com\/ca\/wp-json\/wp\/v2\/media?parent=87776"}],"wp:term":[{"taxonomy":"category","embeddable":true,"href":"https:\/\/barcainnovationhub.com\/ca\/wp-json\/wp\/v2\/categories?post=87776"}],"curies":[{"name":"wp","href":"https:\/\/api.w.org\/{rel}","templated":true}]}}