{"id":87788,"date":"2021-04-20T16:18:53","date_gmt":"2021-04-20T19:18:53","guid":{"rendered":"https:\/\/barcainnovationhub.com\/?post_type=product&#038;p=87788"},"modified":"2022-01-11T03:01:23","modified_gmt":"2022-01-11T06:01:23","slug":"professional-diploma-strength-and-conditioning-football-2","status":"publish","type":"product","link":"https:\/\/barcainnovationhub.com\/ca\/product\/professional-diploma-strength-and-conditioning-football-2\/","title":{"rendered":"Diplomat en Preparaci\u00f3 F\u00edsica en Futbol"},"content":{"rendered":"<p>contenido<\/p>\n","protected":false},"excerpt":{"rendered":"<p>excerpt<\/p>\n","protected":false},"author":16,"featured_media":0,"comment_status":"open","ping_status":"closed","template":"","meta":[],"categories":[112],"yoast_head":"<!-- This site is optimized with the Yoast SEO plugin v16.6.1 - https:\/\/yoast.com\/wordpress\/plugins\/seo\/ -->\n<meta name=\"description\" content=\"In this 9-month program, you will gain comprehensive knowledge and skills to create action plans based on an understanding of player complexity.\" \/>\n<meta name=\"robots\" content=\"index, follow, max-snippet:-1, max-image-preview:large, max-video-preview:-1\" \/>\n<link rel=\"canonical\" href=\"https:\/\/barcainnovationhub.com\/ca\/product\/professional-diploma-strength-and-conditioning-football-2\/\" \/>\n<meta property=\"og:locale\" content=\"ca_ES\" \/>\n<meta property=\"og:type\" content=\"article\" \/>\n<meta property=\"og:title\" content=\"Professional Diploma in Strength and Conditioning for Football\" \/>\n<meta property=\"og:description\" content=\"In this 9-month program, you will gain comprehensive knowledge and skills to create action plans based on an understanding of player complexity.\" \/>\n<meta property=\"og:url\" content=\"https:\/\/barcainnovationhub.com\/ca\/product\/professional-diploma-strength-and-conditioning-football-2\/\" \/>\n<meta property=\"og:site_name\" content=\"Bar\u00e7a Innovation Hub\" \/>\n<meta property=\"article:publisher\" content=\"https:\/\/www.facebook.com\/fcbuniversitas\" \/>\n<meta property=\"article:modified_time\" content=\"2022-01-11T06:01:23+00:00\" \/>\n<meta property=\"og:image\" content=\"https:\/\/barcainnovationhub.com\/wp-content\/uploads\/2021\/04\/e327402a-professional-diploma-in-strength-and-conditioning-for-football-2.jpg\" \/>\n\t<meta property=\"og:image:width\" content=\"1200\" \/>\n\t<meta property=\"og:image:height\" content=\"1200\" \/>\n<meta name=\"twitter:card\" content=\"summary\" \/>\n<meta name=\"twitter:title\" content=\"Professional Diploma in Strength and Conditioning for Football\" \/>\n<meta name=\"twitter:description\" content=\"In this 9-month program, you will gain comprehensive knowledge and skills to create action plans based on an understanding of player complexity.\" \/>\n<meta name=\"twitter:image\" content=\"https:\/\/barcainnovationhub.com\/wp-content\/uploads\/2021\/04\/e327402a-professional-diploma-in-strength-and-conditioning-for-football-2.jpg\" \/>\n<meta name=\"twitter:site\" content=\"@BarcaInnoHub\" \/>\n<meta name=\"twitter:label1\" content=\"Est. reading time\" \/>\n\t<meta name=\"twitter:data1\" content=\"1 minute\" \/>\n<script type=\"application\/ld+json\" class=\"yoast-schema-graph\">{\"@context\":\"https:\/\/schema.org\",\"@graph\":[{\"@type\":\"WebSite\",\"@id\":\"https:\/\/barcainnovationhub.com\/#website\",\"url\":\"https:\/\/barcainnovationhub.com\/\",\"name\":\"Bar\\u00e7a Innovation Hub\",\"description\":\"The worldwide centre for sports knowledge and innovation\",\"potentialAction\":[{\"@type\":\"SearchAction\",\"target\":{\"@type\":\"EntryPoint\",\"urlTemplate\":\"https:\/\/barcainnovationhub.com\/?s={search_term_string}\"},\"query-input\":\"required name=search_term_string\"}],\"inLanguage\":\"ca\"},{\"@type\":\"ImageObject\",\"@id\":\"https:\/\/barcainnovationhub.com\/ca\/product\/professional-diploma-strength-and-conditioning-football-2\/#primaryimage\",\"inLanguage\":\"ca\",\"url\":\"https:\/\/barcainnovationhub.com\/wp-content\/uploads\/2021\/04\/e327402a-professional-diploma-in-strength-and-conditioning-for-football-2.jpg\",\"contentUrl\":\"https:\/\/barcainnovationhub.com\/wp-content\/uploads\/2021\/04\/e327402a-professional-diploma-in-strength-and-conditioning-for-football-2.jpg\",\"width\":1200,\"height\":1200},{\"@type\":\"WebPage\",\"@id\":\"https:\/\/barcainnovationhub.com\/ca\/product\/professional-diploma-strength-and-conditioning-football-2\/#webpage\",\"url\":\"https:\/\/barcainnovationhub.com\/ca\/product\/professional-diploma-strength-and-conditioning-football-2\/\",\"name\":\"Diplomat en Preparaci\\u00f3 F\\u00edsica en Futbol - Bar\\u00e7a Innovation Hub\",\"isPartOf\":{\"@id\":\"https:\/\/barcainnovationhub.com\/#website\"},\"datePublished\":\"2021-04-20T19:18:53+00:00\",\"dateModified\":\"2022-01-11T06:01:23+00:00\",\"description\":\"In this 9-month program, you will gain comprehensive knowledge and skills to create action plans based on an understanding of player complexity.\",\"breadcrumb\":{\"@id\":\"https:\/\/barcainnovationhub.com\/ca\/product\/professional-diploma-strength-and-conditioning-football-2\/#breadcrumb\"},\"inLanguage\":\"ca\",\"potentialAction\":[{\"@type\":\"ReadAction\",\"target\":[\"https:\/\/barcainnovationhub.com\/ca\/product\/professional-diploma-strength-and-conditioning-football-2\/\"]}]},{\"@type\":\"BreadcrumbList\",\"@id\":\"https:\/\/barcainnovationhub.com\/ca\/product\/professional-diploma-strength-and-conditioning-football-2\/#breadcrumb\",\"itemListElement\":[{\"@type\":\"ListItem\",\"position\":1,\"name\":\"Portada\",\"item\":\"https:\/\/barcainnovationhub.com\/ca\/\"},{\"@type\":\"ListItem\",\"position\":2,\"name\":\"Productos\",\"item\":\"https:\/\/barcainnovationhub.com\/ca\/product\/\"},{\"@type\":\"ListItem\",\"position\":3,\"name\":\"Diplomat en Preparaci\\u00f3 F\\u00edsica en Futbol\"}]}]}<\/script>\n<!-- \/ Yoast SEO plugin. -->","acf":{"titulo_incentivo":"Diplomat en Preparaci\u00f3 F\u00edsica en Futbol","fecha_de_inicio":"10092021","contenido":"<p><strong>IMPORTANT:<\/strong><\/p>\n<p>Si sou o heu participat en un programa en l\u00ednia del Bar\u00e7a Innovation Hub Universitas i esteu interessat en inscriure-us a aquest Diploma Professional, poseu-vos en contacte amb nosaltres a trav\u00e9s de CHAT per orientar-vos en el proc\u00e9s de compra.<\/p>\n","cursos_que_lo_componen":[{"nombre_del_curso":"73647","descripcion_del_curso":"<p>M\u00d2DUL 1: Les ci\u00e8ncies \u201csuport\u201d del Futbol Bar\u00e7a<br \/>\nM\u00d2DUL 2: Els elements que ho conformen<br \/>\nM\u00d2DUL 3: Els components identificatius del Futbol Bar\u00e7a<br \/>\nM\u00d2DUL 4: El joc com a proc\u00e9s<\/p>\n"},{"nombre_del_curso":"Qu\u00e8 cal entrenar","descripcion_del_curso":"<p>M\u00d2DUL 1: Entrenament optimizador<br \/>\nM\u00d2DUL 2: Elements cognitius del jugador<br \/>\nM\u00d2DUL 3: Elements grupals de l'equip<br \/>\nM\u00d2DUL 4: Les fases del joc<\/p>\n"},{"nombre_del_curso":"Com cal entrenar-ho","descripcion_del_curso":"<p>M\u00d2DUL 1: Entrenar-optimitzar<br \/>\nM\u00d2DUL 2: La sessi\u00f3 d'entrenament<br \/>\nM\u00d2DUL 3: Entrenament espec\u00edfic del Futbol Bar\u00e7a I<br \/>\nM\u00d2DUL 4: Entrenament espec\u00edfic del Futbol Bar\u00e7a II<\/p>\n"},{"nombre_del_curso":"Bases neuromusculars en l'entrenament de la for\u00e7a","descripcion_del_curso":"<p>M\u00d2DUL 1: Caracter\u00edstiques del sistema musculoesquel\u00e8tic.<br \/>\nUnitat 1: El moviment des del sistema nervi\u00f3s central.<br \/>\nUnitat 2: Funcionalitat del musculoesquel\u00e8tic.<\/p>\n<p>M\u00d2DUL 2: Les accions musculars i la seva relaci\u00f3 amb l'esport.<br \/>\nUnitat 1: Tipus d'acci\u00f3 muscular.<br \/>\nUnitat 2: Interrelaci\u00f3 de les accions musculars en el moviment i el manteniment de la posici\u00f3.<\/p>\n<p>M\u00d2DUL 3: Canvis sist\u00e8mics en el desentrenament i la immobilitzaci\u00f3.<br \/>\nUnitat 1: Desentrenament en relaci\u00f3 amb el musculoesquel\u00e8tic.<br \/>\nUnitat 2: La hipertr\u00f2fia muscular.<\/p>\n<p>M\u00d2DUL 4: La valoraci\u00f3 de les propietats musculars en relaci\u00f3 amb l'esport.<br \/>\nUnitat 1: L'electromiografia de superf\u00edcie.<br \/>\nUnitat 2: La tensiomiografia.<\/p>\n"},{"nombre_del_curso":"Metodologia de l'entrenament de la for\u00e7a: aplicaci\u00f3 en la millora del rendiment esportiu i en la readaptaci\u00f3 post lesi\u00f3 a la competici\u00f3","descripcion_del_curso":"<p>M\u00d2DUL 1: Contextualitzaci\u00f3: com adaptem l'entrenament de for\u00e7a als esports d'equip?<br \/>\nM\u00d2DUL 2: Metodologia del treball de for\u00e7a en l'esport de situaci\u00f3.<br \/>\nM\u00d2DUL 3: Integraci\u00f3 del treball de for\u00e7a en la planificaci\u00f3 i programaci\u00f3 dels esports de situaci\u00f3.<br \/>\nM\u00d2DUL 4: La for\u00e7a en el disseny de tasques espec\u00edfiques de l'esport. Exemplificaci\u00f3 en futbol.<\/p>\n"},{"nombre_del_curso":"La for\u00e7a i pot\u00e8ncia muscular com a qualitat clau en la readaptaci\u00f3 de les lesions esportives","descripcion_del_curso":"<p>M\u00d2DUL 1: Estudi de la lesi\u00f3 en l'esport: els mecanismes lesius i els factors de risc de lesi\u00f3 associats.<br \/>\nM\u00d2DUL 2: Les lesions esportives i la seva relaci\u00f3 amb la qualitat de for\u00e7a.<br \/>\nM\u00d2DUL 3: Manifestacions de la for\u00e7a i la pot\u00e8ncia muscular en el proc\u00e9s de readaptaci\u00f3 post lesi\u00f3.<br \/>\nM\u00d2DUL 4: Nous paradigmes en l'entrenament de la for\u00e7a: musculaci\u00f3 mitjan\u00e7ant oclusi\u00f3 vascular.<\/p>\n"},{"nombre_del_curso":"Tecnologia i entrenament de la for\u00e7a i la pot\u00e8ncia muscular","descripcion_del_curso":"<p>M\u00d2DUL 1: Tecnologia, equipament i entrenament de la for\u00e7a de car\u00e0cter general.<br \/>\nUnitat 1: Equipaments per al treball d'orientaci\u00f3 general en relaci\u00f3 amb l'especificitat de l'esport.<br \/>\nUnitat 2: Altres equipaments relacionats amb les c\u00e0rregues d'orientaci\u00f3 general.<\/p>\n<p>M\u00d2DUL 2: Tecnologia, equipament i entrenament de la for\u00e7a de car\u00e0cter espec\u00edfic en relaci\u00f3 amb l'esport.<br \/>\nUnitat 1: Equipaments per al treball d'orientaci\u00f3 dirigida i espec\u00edfica en relaci\u00f3 amb les habilitats espec\u00edfiques de l'esport.<br \/>\nUnitat 2: La tecnologia GPS i la seva relaci\u00f3 amb la valoraci\u00f3 i el control de la for\u00e7a en l'entrenament i la competici\u00f3.<\/p>\n<p>M\u00d2DUL 3: Tecnologia en la valoraci\u00f3 de la for\u00e7a i la pot\u00e8ncia muscular.<br \/>\nUnitat 1: Utilitzaci\u00f3 d\u2019encoders lineals i rotatoris per a la valoraci\u00f3 de la for\u00e7a i la pot\u00e8ncia muscular.<br \/>\nUnitat 2: Sistemes integrats en la valoraci\u00f3 muscular.<\/p>\n<p>M\u00d2DUL 4: Tecnologia interactiva i entrenament de la for\u00e7a.<br \/>\nUnitat 1: Gamificaci\u00f3 en l'esport.<br \/>\nUnitat 2: Metodologies interactives relacionades amb la gamificaci\u00f3.<\/p>\n"},{"nombre_del_curso":"Macronutrients i l\u00edquids per al futbol","descripcion_del_curso":"<p>M\u00d2DUL 1: El paper dels carbohidrats en la dieta dels jugadors<br \/>\n-Unitat 1: Introducci\u00f3 als carbohidrats<br \/>\n-Unitat 2: Carbohidrats per al futbol<\/p>\n<p>M\u00d2DUL 2: El paper de la prote\u00efna en la dieta dels jugadors<br \/>\n-Unitat 1: Introducci\u00f3 a la prote\u00efna<br \/>\n-Unitat 2: Prote\u00efnes per al futbol<\/p>\n<p>M\u00d2DUL 3: El paper del greix en la dieta dels jugadors<br \/>\n-Unitat 1: Introducci\u00f3 als greixos<br \/>\n-Unitat 2: Greixos per al futbol<\/p>\n<p>M\u00d2DUL 4: L\u00edquids<br \/>\n-Unitat 1: Introducci\u00f3 als l\u00edquids i electr\u00f2lits<br \/>\n-Unitat 2: L\u00edquids i electr\u00f2lits per al futbol<\/p>\n"},{"nombre_del_curso":"Compet\u00e8ncies b\u00e0siques de l'entrenador","descripcion_del_curso":"<p>M\u00d2DUL 1: Lideratge<br \/>\nM\u00d2DUL 2: Eines comunicaci\u00f3<br \/>\nM\u00d2DUL 3: Climes motivacionals<br \/>\nM\u00d2DUL 4: L'entrenador i el seu entorn<\/p>\n"}],"aprende_a":[{"item_aprende_a":"Comprendre els diferents corrents te\u00f2rics que fonamenten els nous paradigmes de l'entrenament.\r\n"},{"item_aprende_a":"Crear propostes d'intervenci\u00f3 basades en el coneixement de la complexitat del jugador."},{"item_aprende_a":"Optimitzar la selecci\u00f3 de diferents metodologies aplicables al proc\u00e9s d'entrenament, focalitzades en el proc\u00e9s formatiu del jugador."},{"item_aprende_a":"Dissenyar estrat\u00e8gies que afavoreixin el proc\u00e9s col\u00b7lectiu de formaci\u00f3 del nostre joc, focalitzades en el desenvolupament del jugador."},{"item_aprende_a":"Millorar l'an\u00e0lisi cr\u00edtica en realitzar un programa d'entrenament en els diferents rols professionals relacionats amb les ci\u00e8ncies de l'esport i la salut."},{"item_aprende_a":"Millorar el rendiment esportiu i la prevenci\u00f3 de lesions a partir d'un coneixement profund sobre la metodologia a aplicar en els programes d'entrenament de la for\u00e7a i la pot\u00e8ncia muscular."},{"item_aprende_a":"Aplicar la metodologia adequada en el disseny del proc\u00e9s de readaptaci\u00f3 post lesi\u00f3 en aquelles afeccions on el desenvolupament de la for\u00e7a tingui un marcat protagonisme."},{"item_aprende_a":"Con\u00e8ixer, de manera transversal, les metodologies emergents en l'entrenament de la for\u00e7a per a poder aprofundir des d'una base contrastada des de la ci\u00e8ncia."},{"item_aprende_a":"Comprendre el paper dels macronutrients per al rendiment futbol\u00edstic."},{"item_aprende_a":"Utilitzar les eines adequades per al desenvolupament d'un lideratge efica\u00e7 en la gesti\u00f3 de grups i persones."}],"preguntas_frecuentes":false,"contenidistas":false,"docentes_expertos":[{"foto":"https:\/\/static.capabiliaserver.com\/frontend\/clients\/barca\/wp_prod\/wp-content\/uploads\/2019\/11\/a5f28da5-c97cdcd6-2d75bdaf-paco-seirul-lo-150x150.jpg","nombre_del_docente":"Paco Seirul\u00b7lo Vargas","descripcion_del_docente":"Responsable de l'\u00c0rea de Metodologia del FC Barcelona.","enlace":""},{"foto":"https:\/\/static.capabiliaserver.com\/frontend\/clients\/barca\/wp_prod\/wp-content\/uploads\/2019\/11\/5f383b20-7014c74f-2a270bf4-isaac-guerrero_150x150-150x149.jpg","nombre_del_docente":"Isaac Guerrero","descripcion_del_docente":"Director T\u00e8cnic \/ Responsable de l'\u00c0rea de Metodologia de l'Escola de Futbol. \u00c0rea de Coneixement en el FC Barcelona.","enlace":""},{"foto":"https:\/\/static.capabiliaserver.com\/frontend\/clients\/barca\/wp_prod\/wp-content\/uploads\/2019\/11\/46b7ba28-21c123e1-05b1ceb1-denis-silva-150x150.jpg","nombre_del_docente":"Denis Silva","descripcion_del_docente":"Entrenador del Juvenil A del FC Barcelona.","enlace":""},{"foto":"https:\/\/static.capabiliaserver.com\/frontend\/clients\/barca\/wp_prod\/wp-content\/uploads\/2019\/11\/d73d44a9-cf27d831-ff8e0810-xavier-damunt-150x150.jpg","nombre_del_docente":"Xavier Damunt","descripcion_del_docente":"Coordinador de l'\u00c0rea de Perfeccionament de Bar\u00e7a Academy. \u00c0rea de Coneixement en el FC Barcelona.","enlace":""},{"foto":"https:\/\/static.capabiliaserver.com\/frontend\/clients\/barca\/wp_prod\/wp-content\/uploads\/2019\/11\/c819da54-78c31d57-9547cce7-marcel-sans-150x150.jpg","nombre_del_docente":"Marcel Sans","descripcion_del_docente":"T\u00e8cnic de Metodologia del Juvenil B del FC Barcelona.","enlace":""},{"foto":"https:\/\/barcainnovationhub.com\/wp-content\/uploads\/2021\/04\/c756bb93-dani_romero.png","nombre_del_docente":"Daniel Romero Rodriguez","descripcion_del_docente":"Preparador F\u00edsic de For\u00e7a del Juvenil A del FC Barcelona.","enlace":""},{"foto":"https:\/\/static.capabiliaserver.com\/frontend\/clients\/barca\/wp_prod\/wp-content\/uploads\/2019\/11\/06097687-3e6727a2-187a9f52-francesc_cos-150x150.jpg","nombre_del_docente":"Francesc Cos","descripcion_del_docente":"Ex preparador f\u00edsic de for\u00e7a del primer equip de futbol del FC Barcelona (2004-2016). Ex director de l'\u00e0rea de Rendiment Esportiu del Bar\u00e7a Innovation Hub (2016-2018). Actualment \u00e9s Director de Rendiment del Nova York City (MLS).","enlace":""},{"foto":"https:\/\/static.capabiliaserver.com\/frontend\/clients\/barca\/wp_prod\/wp-content\/uploads\/2019\/11\/d9fcd15a-703fa0ab-f6092eb0-ian_rollo-150x150.jpg","nombre_del_docente":"Ian Rollo","descripcion_del_docente":"Cient\u00edfic principal del Gatorade Sports Science Institute. Investigador visitant en la Loughborough University, del Regne Unit. Fisi\u00f2leg de l'exercici, nutricionista esportiu i de l'exercici (SENr).","enlace":""},{"foto":"https:\/\/static.capabiliaserver.com\/frontend\/clients\/barca\/wp_prod\/wp-content\/uploads\/2019\/11\/13aea079-e98b0508-fcf2667f-ana_merayo-150x150.png","nombre_del_docente":"Ana Merayo Garc\u00eda","descripcion_del_docente":"Psic\u00f2loga esportiva. Docent. Coordinadora del SAIE (Servei d'Atenci\u00f3 Integral a l'Esportista) de la Masia 360, FC Barcelona.","enlace":""}],"slider_testimonios":false,"zona_horaria":"Europe\/Madrid","external_id":"1419","titulo_curso":"Diplomado en Preparaci\u00f3n F\u00edsica en F\u00fatbol - Carrusel","precio":"990","impartido_en":"English","producto_path":false,"hubspot_product_id":"703356716","id_magento":"386","header_image":108255,"column_title":"","precio_en_cuotas":"8 pagaments mensuals de 123,75 \u20ac","precio_de_lista":"","mostrar_form":false,"promocion_vigente":"","duracion_del_curso":"9 months","nivel_del_curso":"Introductori","modalidad_cursado":"","ocultar_video":true,"url_video":"","avalado_por":false,"imagen_destacada":false,"slidebox":false,"titulo_seccion_testimonios":"","imagen_de_fondo_testimonios":false,"color_de_fondo_testimonios":"","activar_banner_1":false,"banner_1":false,"activar_banner_2":false,"banner_2":false,"activar_banner_3":false,"banner_3":false,"segunda_fecha_de_inicio":"25092021","activar_nuevos_banners":false,"mostrar_banner_1":false,"crear_banner_1":{"utilizar_imagen_unica_para_banner":false,"asignar_imagen_unica_para_banner":false,"mostrar_titulo_banner":false,"titulo_para_banner":"","mostrar_subtitulo_banner":false,"subtitulo_del_banner":"","mostrar_cta_banner":false,"texto_cta_banner":"","url_cta_banner":"","fondo_de_color_banner":"","fondo_de_imagen_banner":false,"mostrar_imagen_izquierda_banner":false,"asignar_imagen_izquierda_banner":false},"mostrar_banner_2":false,"crear_banner_2":{"utilizar_imagen_unica_para_banner":false,"asignar_imagen_unica_para_banner":false,"mostrar_titulo_banner":false,"titulo_para_banner":"","mostrar_subtitulo_banner":false,"subtitulo_del_banner":"","mostrar_cta_banner":false,"texto_cta_banner":"","url_cta_banner":"","fondo_de_color_banner":"","fondo_de_imagen_banner":false,"mostrar_imagen_izquierda_banner":false,"asignar_imagen_izquierda_banner":false},"mostrar_banner_3":false,"crear_banner_3":{"utilizar_imagen_unica_para_banner":false,"asignar_imagen_unica_para_banner":false,"mostrar_titulo_banner":false,"titulo_para_banner":"","mostrar_subtitulo_banner":false,"subtitulo_del_banner":"","mostrar_cta_banner":false,"texto_cta_banner":"","url_cta_banner":"","fondo_de_color_banner":"","fondo_de_imagen_banner":false,"mostrar_imagen_izquierda_banner":false,"asignar_imagen_izquierda_banner":false},"pdf_brochure":"https:\/\/static.capabiliaserver.com\/frontend\/clients\/barca\/wp_prod\/wp-content\/uploads\/2021\/04\/65fbe93a-diplomado-en-lesiones-en-deportes-de-equipo.pdf"},"idiomas":{"en":87786,"es":87791,"ar":87787,"ca":87788,"ru":87790,"pt":87789},"_links":{"self":[{"href":"https:\/\/barcainnovationhub.com\/ca\/wp-json\/wp\/v2\/products\/87788"}],"collection":[{"href":"https:\/\/barcainnovationhub.com\/ca\/wp-json\/wp\/v2\/products"}],"about":[{"href":"https:\/\/barcainnovationhub.com\/ca\/wp-json\/wp\/v2\/types\/product"}],"author":[{"embeddable":true,"href":"https:\/\/barcainnovationhub.com\/ca\/wp-json\/wp\/v2\/users\/16"}],"replies":[{"embeddable":true,"href":"https:\/\/barcainnovationhub.com\/ca\/wp-json\/wp\/v2\/comments?post=87788"}],"version-history":[{"count":5,"href":"https:\/\/barcainnovationhub.com\/ca\/wp-json\/wp\/v2\/products\/87788\/revisions"}],"predecessor-version":[{"id":116481,"href":"https:\/\/barcainnovationhub.com\/ca\/wp-json\/wp\/v2\/products\/87788\/revisions\/116481"}],"wp:attachment":[{"href":"https:\/\/barcainnovationhub.com\/ca\/wp-json\/wp\/v2\/media?parent=87788"}],"wp:term":[{"taxonomy":"category","embeddable":true,"href":"https:\/\/barcainnovationhub.com\/ca\/wp-json\/wp\/v2\/categories?post=87788"}],"curies":[{"name":"wp","href":"https:\/\/api.w.org\/{rel}","templated":true}]}}