{"id":87812,"date":"2021-04-11T01:49:47","date_gmt":"2021-04-11T04:49:47","guid":{"rendered":"https:\/\/barcainnovationhub.com\/?post_type=product&#038;p=87812"},"modified":"2022-01-11T02:47:13","modified_gmt":"2022-01-11T05:47:13","slug":"professional-diploma-team-sports-physician","status":"publish","type":"product","link":"https:\/\/barcainnovationhub.com\/ca\/product\/professional-diploma-team-sports-physician\/","title":{"rendered":"Diplomat en Medicina en Esports D&#8217;Equip"},"content":{"rendered":"<p>contenido<\/p>\n","protected":false},"excerpt":{"rendered":"<p>excerpt<\/p>\n","protected":false},"author":16,"featured_media":0,"comment_status":"open","ping_status":"closed","template":"","meta":[],"categories":[112],"yoast_head":"<!-- This site is optimized with the Yoast SEO plugin v16.6.1 - https:\/\/yoast.com\/wordpress\/plugins\/seo\/ -->\n<meta name=\"description\" content=\"In this 8-month program, you will gain comprehensive knowledge and skills to handle pathologies and specific injuries, corresponding to each sport.\" \/>\n<meta name=\"robots\" content=\"index, follow, max-snippet:-1, max-image-preview:large, max-video-preview:-1\" \/>\n<link rel=\"canonical\" href=\"https:\/\/barcainnovationhub.com\/ca\/product\/professional-diploma-team-sports-physician\/\" \/>\n<meta property=\"og:locale\" content=\"ca_ES\" \/>\n<meta property=\"og:type\" content=\"article\" \/>\n<meta property=\"og:title\" content=\"Professional Diploma in Team Sports Physician\" \/>\n<meta property=\"og:description\" content=\"In this 8-month program, you will gain comprehensive knowledge and skills to handle pathologies and specific injuries, corresponding to each sport.\" \/>\n<meta property=\"og:url\" content=\"https:\/\/barcainnovationhub.com\/ca\/product\/professional-diploma-team-sports-physician\/\" \/>\n<meta property=\"og:site_name\" content=\"Bar\u00e7a Innovation Hub\" \/>\n<meta property=\"article:publisher\" content=\"https:\/\/www.facebook.com\/fcbuniversitas\" \/>\n<meta property=\"article:modified_time\" content=\"2022-01-11T05:47:13+00:00\" \/>\n<meta property=\"og:image\" content=\"https:\/\/static.capabiliaserver.com\/frontend\/clients\/barca\/wp_prod\/wp-content\/uploads\/2020\/02\/1117e65f-vo190725a26558-1-1.jpg\" \/>\n\t<meta property=\"og:image:width\" content=\"1023\" \/>\n\t<meta property=\"og:image:height\" content=\"347\" \/>\n<meta name=\"twitter:card\" content=\"summary\" \/>\n<meta name=\"twitter:title\" content=\"Professional Diploma in Team Sports Physician\" \/>\n<meta name=\"twitter:description\" content=\"In this 8-month program, you will gain comprehensive knowledge and skills to handle pathologies and specific injuries, corresponding to each sport.\" \/>\n<meta name=\"twitter:image\" content=\"https:\/\/static.capabiliaserver.com\/frontend\/clients\/barca\/wp_prod\/wp-content\/uploads\/2020\/02\/1117e65f-vo190725a26558-1-1.jpg\" \/>\n<meta name=\"twitter:site\" content=\"@BarcaInnoHub\" \/>\n<meta name=\"twitter:label1\" content=\"Est. reading time\" \/>\n\t<meta name=\"twitter:data1\" content=\"1 minute\" \/>\n<script type=\"application\/ld+json\" class=\"yoast-schema-graph\">{\"@context\":\"https:\/\/schema.org\",\"@graph\":[{\"@type\":\"WebSite\",\"@id\":\"https:\/\/barcainnovationhub.com\/#website\",\"url\":\"https:\/\/barcainnovationhub.com\/\",\"name\":\"Bar\\u00e7a Innovation Hub\",\"description\":\"The worldwide centre for sports knowledge and innovation\",\"potentialAction\":[{\"@type\":\"SearchAction\",\"target\":{\"@type\":\"EntryPoint\",\"urlTemplate\":\"https:\/\/barcainnovationhub.com\/?s={search_term_string}\"},\"query-input\":\"required name=search_term_string\"}],\"inLanguage\":\"ca\"},{\"@type\":\"ImageObject\",\"@id\":\"https:\/\/barcainnovationhub.com\/ca\/product\/professional-diploma-team-sports-physician\/#primaryimage\",\"inLanguage\":\"ca\",\"url\":\"https:\/\/static.capabiliaserver.com\/frontend\/clients\/barca\/wp_prod\/wp-content\/uploads\/2020\/02\/1117e65f-vo190725a26558-1-1.jpg\",\"contentUrl\":\"https:\/\/static.capabiliaserver.com\/frontend\/clients\/barca\/wp_prod\/wp-content\/uploads\/2020\/02\/1117e65f-vo190725a26558-1-1.jpg\",\"width\":1023,\"height\":347,\"caption\":\"2019-07-25_REVISIO MEDICA FEMENI_VICTOR\"},{\"@type\":\"WebPage\",\"@id\":\"https:\/\/barcainnovationhub.com\/ca\/product\/professional-diploma-team-sports-physician\/#webpage\",\"url\":\"https:\/\/barcainnovationhub.com\/ca\/product\/professional-diploma-team-sports-physician\/\",\"name\":\"Diplomat en Medicina en Esports D'Equip - Bar\\u00e7a Innovation Hub\",\"isPartOf\":{\"@id\":\"https:\/\/barcainnovationhub.com\/#website\"},\"datePublished\":\"2021-04-11T04:49:47+00:00\",\"dateModified\":\"2022-01-11T05:47:13+00:00\",\"description\":\"In this 8-month program, you will gain comprehensive knowledge and skills to handle pathologies and specific injuries, corresponding to each sport.\",\"breadcrumb\":{\"@id\":\"https:\/\/barcainnovationhub.com\/ca\/product\/professional-diploma-team-sports-physician\/#breadcrumb\"},\"inLanguage\":\"ca\",\"potentialAction\":[{\"@type\":\"ReadAction\",\"target\":[\"https:\/\/barcainnovationhub.com\/ca\/product\/professional-diploma-team-sports-physician\/\"]}]},{\"@type\":\"BreadcrumbList\",\"@id\":\"https:\/\/barcainnovationhub.com\/ca\/product\/professional-diploma-team-sports-physician\/#breadcrumb\",\"itemListElement\":[{\"@type\":\"ListItem\",\"position\":1,\"name\":\"Portada\",\"item\":\"https:\/\/barcainnovationhub.com\/ca\/\"},{\"@type\":\"ListItem\",\"position\":2,\"name\":\"Productos\",\"item\":\"https:\/\/barcainnovationhub.com\/ca\/product\/\"},{\"@type\":\"ListItem\",\"position\":3,\"name\":\"Diplomat en Medicina en Esports D&#8217;Equip\"}]}]}<\/script>\n<!-- \/ Yoast SEO plugin. -->","acf":{"external_id":"1423","titulo_curso":"Diplomado en Medicina en Deportes de Equipo - Carrusel","precio":"960","impartido_en":"Spanish","producto_path":false,"hubspot_product_id":"703356703","id_magento":"390","header_image":108611,"column_title":"","titulo_incentivo":"Professional Diploma in Team Sports Physician","fecha_de_inicio":"10062021","precio_en_cuotas":"7 pagaments de 137 \u20ac","precio_de_lista":"","mostrar_form":false,"promocion_vigente":"","duracion_del_curso":"8 mesos","nivel_del_curso":"Avan\u00e7at","modalidad_cursado":"Online","contenido":"<p><strong>IMPORTANT:<\/strong><\/p>\n<p>Si sou o heu participat en un programa en l\u00ednia del Bar\u00e7a Innovation Hub Universitas i esteu interessat en inscriure-us a aquest Diploma Professional, poseu-vos en contacte amb nosaltres a trav\u00e9s de CHAT per orientar-vos en el proc\u00e9s de compra.<\/p>\n","ocultar_video":true,"url_video":"","avalado_por":false,"pdf_brochure":"https:\/\/static.capabiliaserver.com\/frontend\/clients\/barca\/wp_prod\/wp-content\/uploads\/2021\/04\/4c0930c1-diplomat-en-medicina-en-esports-dequip.pdf","cursos_que_lo_componen":[{"nombre_del_curso":"El metge d'equip i el maneig de dades","descripcion_del_curso":"<p>M\u00d2DUL 1: Rol del metge d'equip<br \/>\nM\u00d2DUL 2: Gesti\u00f3 de dades i metodologia<br \/>\nM\u00d2DUL 3: Lesions esportives en altres poblacions<br \/>\nM\u00d2DUL 4: Monitoratge de les c\u00e0rregues de treball\t<\/p>\n"},{"nombre_del_curso":"Lesions i esports d'equip","descripcion_del_curso":"<p>M\u00d2DUL 1: Prevenci\u00f3 i readaptaci\u00f3 de lesions<br \/>\nM\u00d2DUL 2: Gesti\u00f3 de la lesi\u00f3 muscular i tendinopatia<br \/>\nM\u00d2DUL 3: Gesti\u00f3 de la lesi\u00f3 articular i \u00f2ssia<br \/>\nM\u00d2DUL 4: Presa de decisions i tornada a la competici\u00f3\t<\/p>\n"},{"nombre_del_curso":"Patologia en esports d'equip","descripcion_del_curso":"<p>M\u00d2DUL 1: Gesti\u00f3 de la patologia m\u00e8dica 1<br \/>\nM\u00d2DUL 2: Gesti\u00f3 de la patologia m\u00e8dica 2<br \/>\nM\u00d2DUL 3: Patologies espec\u00edfiques per esport<br \/>\nM\u00d2DUL 4: Esports i competicions especials\t<\/p>\n"},{"nombre_del_curso":"Aspectes inherents al metge d'equip","descripcion_del_curso":"<p>M\u00d2DUL 1: Diagn\u00f2stic per imatges: l'\u00fas de l'ultras\u00f2 com a eina b\u00e0sica del metge d'equip<br \/>\nM\u00d2DUL 2: Nutrici\u00f3 i ajudes ergog\u00e8niques<br \/>\nM\u00d2DUL 3: Lluita antidopatge<br \/>\nM\u00d2DUL 4: Comunicaci\u00f3, lideratge i gesti\u00f3 del grup\t<\/p>\n"},{"nombre_del_curso":"La for\u00e7a i pot\u00e8ncia muscular com a qualitat clau en la readaptaci\u00f3 de les lesions esportives","descripcion_del_curso":"<p>M\u00d2DUL 1: Estudi de la lesi\u00f3 en l'esport: els mecanismes lesius i els factors de risc de lesi\u00f3 associats.<br \/>\nUnitat 1: Biomec\u00e0nica lesiva i implicaci\u00f3 de la for\u00e7a en la recuperaci\u00f3 de les habilitats esportives.<br \/>\nUnitat 2: Factors de risc associats a la falta de for\u00e7a.<\/p>\n<p>M\u00d2DUL 2: Les lesions esportives i la seva relaci\u00f3 amb la qualitat de for\u00e7a.<br \/>\nUnitat 1: Les lesions de les estructures muscular i tendinosa.<br \/>\nUnitat 2: Les lesions articulars.<\/p>\n<p>M\u00d2DUL 3: Manifestacions de la for\u00e7a i la pot\u00e8ncia muscular en el proc\u00e9s de readaptaci\u00f3 post lesi\u00f3.<br \/>\nUnitat 1: La for\u00e7a i les seves diferents manifestacions segons c\u00e0rrega externa i velocitat d'execuci\u00f3.<br \/>\nUnitat 2: Programaci\u00f3 del treball de for\u00e7a en les lesions esportives.<\/p>\n<p>M\u00d2DUL 4: Nous paradigmes en l'entrenament de la for\u00e7a: musculaci\u00f3 mitjan\u00e7ant oclusi\u00f3 vascular.<br \/>\nUnitat 1: Bases de la musculaci\u00f3 tradicional versus musculaci\u00f3 per mitj\u00e0 de l'oclusi\u00f3 vascular o Blood Flow Restriction (BFR).<br \/>\nUnitat 2: Programaci\u00f3 de l'entrenament mitjan\u00e7ant oclusi\u00f3 vascular: variables clau per a l'\u00f2ptima prescripci\u00f3.\t<\/p>\n"},{"nombre_del_curso":"Un millor abordatge pr\u00e0ctic al monitoratge de la c\u00e0rrega de treball","descripcion_del_curso":"<p>M\u00d2DUL 1: Per qu\u00e8 succeeixen les lesions?<br \/>\nM\u00d2DUL 2: El model fitness-fatiga<br \/>\nM\u00d2DUL 3: R\u00e0tio de c\u00e0rrega aguda:cr\u00f2nica i la seva relaci\u00f3 amb la lesi\u00f3<br \/>\nM\u00d2DUL 4: Controv\u00e8rsies recents i aplicacions pr\u00e0ctiques de les dades\t<\/p>\n"},{"nombre_del_curso":"Nutrici\u00f3, recuperaci\u00f3 i adaptacions a l'entrenament","descripcion_del_curso":"<p>M\u00d2DUL 1: Exercici i fatiga<br \/>\nUnitat 1: Qu\u00e8 \u00e9s la fatiga?<br \/>\nUnitat 2: Retardar la fatiga<\/p>\n<p>M\u00d2DUL 2: Recuperaci\u00f3 i adaptaci\u00f3<br \/>\nUnitat 1: Recuperaci\u00f3<br \/>\nUnitat 2: Adaptaci\u00f3<\/p>\n<p>M\u00d2DUL 3: Optimitzar la recuperaci\u00f3 i l'adaptaci\u00f3<br \/>\nUnitat 1: Optimitzar la recuperaci\u00f3 amb la nutrici\u00f3<br \/>\nUnitat 2: Optimitzar l'adaptaci\u00f3 amb la nutrici\u00f3<\/p>\n<p>M\u00d2DUL 4: Recuperaci\u00f3 de lesions<br \/>\nUnitat 1: Diferents fases de la lesi\u00f3<br \/>\nUnitat 2: Estrat\u00e8gies\t<\/p>\n"},{"nombre_del_curso":"Situacions quotidianes de l'esport","descripcion_del_curso":"<p>M\u00d2DUL 1: Gesti\u00f3 jugadors lesionats<br \/>\nM\u00d2DUL 2: Possibilitadors de la dual career<br \/>\nM\u00d2DUL 3: Gesti\u00f3 de la dificultat I<br \/>\nM\u00d2DUL 4: Gesti\u00f3 de la dificultat II<\/p>\n"}],"aprende_a":[{"item_aprende_a":"Manejar i gestionar les dades obtingudes de les avaluacions i monitoratge del rendiment i lesions de l'equip, en comparaci\u00f3 amb les dades provinents de la ci\u00e8ncia i l'entrenament."},{"item_aprende_a":"Con\u00e8ixer les caracter\u00edstiques fonamentals tant d'estrat\u00e8gies de prevenci\u00f3 i rehabilitaci\u00f3 de lesions, com dels diferents mecanismes lesius en esports d'equip."},{"item_aprende_a":"Manejar les patologies i lesions diferenciades per esport."},{"item_aprende_a":"Dominar tem\u00e0tiques complement\u00e0ries, inherents al metge d'equip."},{"item_aprende_a":"Aplicar la metodologia adequada en el disseny del proc\u00e9s de readaptaci\u00f3 post lesi\u00f3 en aquelles afeccions on el desenvolupament de la for\u00e7a tingui un marcat protagonisme."},{"item_aprende_a":"Analitzar les dades del monitoratge de la c\u00e0rrega de treball per a orientar el proc\u00e9s d'entrenament cap a la prevenci\u00f3 de lesions i el conseg\u00fcent augment del rendiment esportiu."},{"item_aprende_a":"Optimitzar la recuperaci\u00f3 intensa i l'adaptaci\u00f3 a l'entrenament amb la nutrici\u00f3."},{"item_aprende_a":"Adquirir estrat\u00e8gies espec\u00edfiques per a la soluci\u00f3 de situacions espec\u00edfiques que es donen en el dia a dia de l'entorn esportiu. "}],"preguntas_frecuentes":false,"contenidistas":false,"docentes_expertos":[{"foto":"https:\/\/barcainnovationhub.com\/wp-content\/uploads\/2021\/04\/a2db0e56-gil_rodas_font_bis.jpg","nombre_del_docente":"Gil Rodas Font","descripcion_del_docente":"Doctor en Medicina i Cirurgia. Especialista en Medicina de l'Educaci\u00f3 F\u00edsica i l'Esport. Responsable de l'\u00e0rea de Serveis M\u00e8dics del Bar\u00e7a Innovation Hub.","enlace":""},{"foto":"https:\/\/barcainnovationhub.com\/wp-content\/uploads\/2021\/04\/d70b12f8-dani_romero.png","nombre_del_docente":"Daniel Romero Rodriguez","descripcion_del_docente":"Preparador F\u00edsic de For\u00e7a del Juvenil A del FC Barcelona.","enlace":""},{"foto":"https:\/\/barcainnovationhub.com\/wp-content\/uploads\/2021\/04\/59bd1159-francesc_cos.jpg","nombre_del_docente":"Francesc Cos","descripcion_del_docente":"Ex preparador f\u00edsic de for\u00e7a del primer equip de futbol del FC Barcelona (2004-2016). Ex director de l'\u00e0rea de Rendiment Esportiu del Bar\u00e7a Innovation Hub (2016-2018). Actualment \u00e9s Director de Rendiment del Nova York City (MLS).","enlace":""},{"foto":"https:\/\/barcainnovationhub.com\/wp-content\/uploads\/2021\/04\/c4cf4967-tim_gabbett.jpg","nombre_del_docente":"Tim Gabbett","descripcion_del_docente":"Consultor d'alt rendiment. 20 anys d'experi\u00e8ncia en ci\u00e8ncies aplicades a l'esport, treballant amb atletes i entrenadors d'una \u00e0mplia gamma d'esports.","enlace":""},{"foto":"https:\/\/barcainnovationhub.com\/wp-content\/uploads\/2021\/04\/43630949-asker_jeukendrup.jpg","nombre_del_docente":"Asker Jeukendrup","descripcion_del_docente":"Cient\u00edfic en nutrici\u00f3 esportiva. Professor de metabolisme de l'exercici. Consultor de rendiment en esport d'elit. Emprenedor. Triatleta Ironman.","enlace":""},{"foto":"https:\/\/barcainnovationhub.com\/wp-content\/uploads\/2021\/04\/2e8378f3-ana_merayo.png","nombre_del_docente":"Ana Merayo Garc\u00eda","descripcion_del_docente":"Psic\u00f3loga esportiva. Docent. Coordinadora del SAIE (Servei d'Atenci\u00f3 Integral a l'Esportista) de La Masia 360, FC Barcelona.","enlace":""}],"imagen_destacada":false,"slidebox":false,"titulo_seccion_testimonios":"","slider_testimonios":false,"imagen_de_fondo_testimonios":false,"color_de_fondo_testimonios":"","activar_banner_1":false,"banner_1":false,"activar_banner_2":false,"banner_2":false,"activar_banner_3":false,"banner_3":false,"segunda_fecha_de_inicio":"","zona_horaria":"Europe\/Madrid","activar_nuevos_banners":false,"mostrar_banner_1":false,"crear_banner_1":{"utilizar_imagen_unica_para_banner":false,"asignar_imagen_unica_para_banner":false,"mostrar_titulo_banner":false,"titulo_para_banner":"","mostrar_subtitulo_banner":false,"subtitulo_del_banner":"","mostrar_cta_banner":false,"texto_cta_banner":"","url_cta_banner":"","fondo_de_color_banner":"","fondo_de_imagen_banner":false,"mostrar_imagen_izquierda_banner":false,"asignar_imagen_izquierda_banner":false},"mostrar_banner_2":false,"crear_banner_2":{"utilizar_imagen_unica_para_banner":false,"asignar_imagen_unica_para_banner":false,"mostrar_titulo_banner":false,"titulo_para_banner":"","mostrar_subtitulo_banner":false,"subtitulo_del_banner":"","mostrar_cta_banner":false,"texto_cta_banner":"","url_cta_banner":"","fondo_de_color_banner":"","fondo_de_imagen_banner":false,"mostrar_imagen_izquierda_banner":false,"asignar_imagen_izquierda_banner":false},"mostrar_banner_3":false,"crear_banner_3":{"utilizar_imagen_unica_para_banner":false,"asignar_imagen_unica_para_banner":false,"mostrar_titulo_banner":false,"titulo_para_banner":"","mostrar_subtitulo_banner":false,"subtitulo_del_banner":"","mostrar_cta_banner":false,"texto_cta_banner":"","url_cta_banner":"","fondo_de_color_banner":"","fondo_de_imagen_banner":false,"mostrar_imagen_izquierda_banner":false,"asignar_imagen_izquierda_banner":false}},"idiomas":{"en":87810,"es":87815,"ar":87811,"ca":87812,"ru":87814,"pt":87813},"_links":{"self":[{"href":"https:\/\/barcainnovationhub.com\/ca\/wp-json\/wp\/v2\/products\/87812"}],"collection":[{"href":"https:\/\/barcainnovationhub.com\/ca\/wp-json\/wp\/v2\/products"}],"about":[{"href":"https:\/\/barcainnovationhub.com\/ca\/wp-json\/wp\/v2\/types\/product"}],"author":[{"embeddable":true,"href":"https:\/\/barcainnovationhub.com\/ca\/wp-json\/wp\/v2\/users\/16"}],"replies":[{"embeddable":true,"href":"https:\/\/barcainnovationhub.com\/ca\/wp-json\/wp\/v2\/comments?post=87812"}],"version-history":[{"count":5,"href":"https:\/\/barcainnovationhub.com\/ca\/wp-json\/wp\/v2\/products\/87812\/revisions"}],"predecessor-version":[{"id":116459,"href":"https:\/\/barcainnovationhub.com\/ca\/wp-json\/wp\/v2\/products\/87812\/revisions\/116459"}],"wp:attachment":[{"href":"https:\/\/barcainnovationhub.com\/ca\/wp-json\/wp\/v2\/media?parent=87812"}],"wp:term":[{"taxonomy":"category","embeddable":true,"href":"https:\/\/barcainnovationhub.com\/ca\/wp-json\/wp\/v2\/categories?post=87812"}],"curies":[{"name":"wp","href":"https:\/\/api.w.org\/{rel}","templated":true}]}}