{"id":9524,"date":"2019-01-18T12:25:01","date_gmt":"2019-01-18T15:25:01","guid":{"rendered":"https:\/\/barcainnovationhub.com\/?post_type=product&#038;p=9524"},"modified":"2022-01-11T01:14:57","modified_gmt":"2022-01-11T04:14:57","slug":"certificat-en-psicologia-dalt-rendiment-esportiu","status":"publish","type":"product","link":"https:\/\/barcainnovationhub.com\/ca\/product\/certificat-en-psicologia-dalt-rendiment-esportiu\/","title":{"rendered":"Certificat en Psicologia d&#8217;Alt Rendiment Esportiu"},"content":{"rendered":"","protected":false},"excerpt":{"rendered":"","protected":false},"author":1,"featured_media":0,"comment_status":"open","ping_status":"closed","template":"","meta":[],"categories":[112,112],"yoast_head":"<!-- This site is optimized with the Yoast SEO plugin v16.6.1 - https:\/\/yoast.com\/wordpress\/plugins\/seo\/ -->\n<meta name=\"description\" content=\"En aquest curs de psicologia esportiva coneixer\u00e0s eines psicoesportives de gesti\u00f3 en alt rendiment per aplicar-les a l\u2019\u00e0mbit esportiu.\" \/>\n<meta name=\"robots\" content=\"index, follow, max-snippet:-1, max-image-preview:large, max-video-preview:-1\" \/>\n<link rel=\"canonical\" href=\"https:\/\/barcainnovationhub.com\/ca\/product\/certificat-en-psicologia-dalt-rendiment-esportiu\/\" \/>\n<meta property=\"og:locale\" content=\"ca_ES\" \/>\n<meta property=\"og:type\" content=\"article\" \/>\n<meta property=\"og:title\" content=\"Certificat en Psicologia d&#039;Alt Rendiment Esportiu\" \/>\n<meta property=\"og:description\" content=\"Al llarg de les \u00faltimes d\u00e8cades, les diverses disciplines esportives han experimentat grans aven\u00e7os a nivell de formaci\u00f3 t\u00e8cnica, t\u00e0ctica, estrat\u00e8gica, f\u00edsica i nutricional. Tanmateix, la formaci\u00f3 psicol\u00f2gica, tot i estar present en el discurs de les comunitats esportives, encara no posseeix un espai formalment instal\u00b7lat dins dels cossos t\u00e8cnics dels clubs, associacions, federacions, seleccions o escoles de formaci\u00f3.\" \/>\n<meta property=\"og:url\" content=\"https:\/\/barcainnovationhub.com\/ca\/product\/certificat-en-psicologia-dalt-rendiment-esportiu\/\" \/>\n<meta property=\"og:site_name\" content=\"Bar\u00e7a Innovation Hub\" \/>\n<meta property=\"article:publisher\" content=\"https:\/\/www.facebook.com\/fcbuniversitas\" \/>\n<meta property=\"article:modified_time\" content=\"2022-01-11T04:14:57+00:00\" \/>\n<meta property=\"og:image\" content=\"https:\/\/barcainnovationhub.com\/wp-content\/uploads\/2019\/01\/b38ddd7b-certificate-in-psychology-for-high-performance-sports-1.jpg\" \/>\n\t<meta property=\"og:image:width\" content=\"1200\" \/>\n\t<meta property=\"og:image:height\" content=\"1200\" \/>\n<meta name=\"twitter:card\" content=\"summary\" \/>\n<meta name=\"twitter:title\" content=\"Certificat en Psicologia d&#039;Alt Rendiment Esportiu\" \/>\n<meta name=\"twitter:description\" content=\"Al llarg de les \u00faltimes d\u00e8cades, les diverses disciplines esportives han experimentat grans aven\u00e7os a nivell de formaci\u00f3 t\u00e8cnica, t\u00e0ctica, estrat\u00e8gica, f\u00edsica i nutricional. Tanmateix, la formaci\u00f3 psicol\u00f2gica, tot i estar present en el discurs de les comunitats esportives, encara no posseeix un espai formalment instal\u00b7lat dins dels cossos t\u00e8cnics dels clubs, associacions, federacions, seleccions o escoles de formaci\u00f3.\" \/>\n<meta name=\"twitter:image\" content=\"https:\/\/barcainnovationhub.com\/wp-content\/uploads\/2019\/01\/b38ddd7b-certificate-in-psychology-for-high-performance-sports-1.jpg\" \/>\n<meta name=\"twitter:site\" content=\"@BarcaInnoHub\" \/>\n<script type=\"application\/ld+json\" class=\"yoast-schema-graph\">{\"@context\":\"https:\/\/schema.org\",\"@graph\":[{\"@type\":\"WebSite\",\"@id\":\"https:\/\/barcainnovationhub.com\/#website\",\"url\":\"https:\/\/barcainnovationhub.com\/\",\"name\":\"Bar\\u00e7a Innovation Hub\",\"description\":\"The worldwide centre for sports knowledge and innovation\",\"potentialAction\":[{\"@type\":\"SearchAction\",\"target\":{\"@type\":\"EntryPoint\",\"urlTemplate\":\"https:\/\/barcainnovationhub.com\/?s={search_term_string}\"},\"query-input\":\"required name=search_term_string\"}],\"inLanguage\":\"ca\"},{\"@type\":\"ImageObject\",\"@id\":\"https:\/\/barcainnovationhub.com\/ca\/product\/certificat-en-psicologia-dalt-rendiment-esportiu\/#primaryimage\",\"inLanguage\":\"ca\",\"url\":\"https:\/\/barcainnovationhub.com\/wp-content\/uploads\/2019\/01\/b38ddd7b-certificate-in-psychology-for-high-performance-sports-1.jpg\",\"contentUrl\":\"https:\/\/barcainnovationhub.com\/wp-content\/uploads\/2019\/01\/b38ddd7b-certificate-in-psychology-for-high-performance-sports-1.jpg\",\"width\":1200,\"height\":1200},{\"@type\":\"WebPage\",\"@id\":\"https:\/\/barcainnovationhub.com\/ca\/product\/certificat-en-psicologia-dalt-rendiment-esportiu\/#webpage\",\"url\":\"https:\/\/barcainnovationhub.com\/ca\/product\/certificat-en-psicologia-dalt-rendiment-esportiu\/\",\"name\":\"Certificat en Psicologia d'Alt Rendiment Esportiu - Bar\\u00e7a Innovation Hub\",\"isPartOf\":{\"@id\":\"https:\/\/barcainnovationhub.com\/#website\"},\"datePublished\":\"2019-01-18T15:25:01+00:00\",\"dateModified\":\"2022-01-11T04:14:57+00:00\",\"description\":\"En aquest curs de psicologia esportiva coneixer\\u00e0s eines psicoesportives de gesti\\u00f3 en alt rendiment per aplicar-les a l\\u2019\\u00e0mbit esportiu.\",\"breadcrumb\":{\"@id\":\"https:\/\/barcainnovationhub.com\/ca\/product\/certificat-en-psicologia-dalt-rendiment-esportiu\/#breadcrumb\"},\"inLanguage\":\"ca\",\"potentialAction\":[{\"@type\":\"ReadAction\",\"target\":[\"https:\/\/barcainnovationhub.com\/ca\/product\/certificat-en-psicologia-dalt-rendiment-esportiu\/\"]}]},{\"@type\":\"BreadcrumbList\",\"@id\":\"https:\/\/barcainnovationhub.com\/ca\/product\/certificat-en-psicologia-dalt-rendiment-esportiu\/#breadcrumb\",\"itemListElement\":[{\"@type\":\"ListItem\",\"position\":1,\"name\":\"Portada\",\"item\":\"https:\/\/barcainnovationhub.com\/ca\/\"},{\"@type\":\"ListItem\",\"position\":2,\"name\":\"Productos\",\"item\":\"https:\/\/barcainnovationhub.com\/ca\/product\/\"},{\"@type\":\"ListItem\",\"position\":3,\"name\":\"Certificat en Psicologia d&#8217;Alt Rendiment Esportiu\"}]}]}<\/script>\n<!-- \/ Yoast SEO plugin. -->","acf":{"external_id":"1364","header_image":108940,"column_title":"","titulo_incentivo":"Certificat en Psicologia d'Alt Rendiment Esportiu","precio":"625","precio_en_cuotas":"4 pagaments mensuals de 156,25 \u20ac","precio_de_lista":"","mostrar_form":false,"promocion_vigente":"","duracion_del_curso":"4 mesos","nivel_del_curso":"Avan\u00e7at","modalidad_cursado":"Online","impartido_en":"Spanish","contenido":"<p>Al llarg de les \u00faltimes d\u00e8cades, les diverses disciplines esportives han experimentat grans aven\u00e7os a nivell de formaci\u00f3 t\u00e8cnica, t\u00e0ctica, estrat\u00e8gica, f\u00edsica i nutricional. Tanmateix, la formaci\u00f3 psicol\u00f2gica, tot i estar present en el discurs de les comunitats esportives, encara no posseeix un espai formalment instal\u00b7lat dins dels cossos t\u00e8cnics dels clubs, associacions, federacions, seleccions o escoles de formaci\u00f3.<\/p>\n<p>En una era en la qual l&#8217;alt rendiment mostra nivells de desenvolupament t\u00e8cnic, t\u00e0ctic, estrat\u00e8gic, f\u00edsic i nutricional, summament desenvolupats, i, per tant, molt semblants entre ells, qui acaba marcant la difer\u00e8ncia? Aquells equips o esportistes individuals que tenen nivells \u00f2ptims en relaci\u00f3 amb la fortalesa mental.<\/p>\n<p>En aquest Certificat proposem intervenir amb esportistes des d&#8217;una perspectiva cognitiva i de comportament, teoria psicol\u00f2gica mare en la qual ens emparem. Treballem amb autors de la psicologia esportiva que utilitzen elements de la psicologia cognitiva i de comportament per modificar les conductes dels esportistes a partir de la revisi\u00f3 del seu pensament i de la seva regulaci\u00f3 emocional.<\/p>\n","ocultar_video":false,"avalado_por":false,"pdf_brochure":"https:\/\/static.capabiliaserver.com\/frontend\/clients\/barca\/wp_prod\/wp-content\/uploads\/2019\/01\/5fbd21c1-certificate-in-psychology-for-high-performance-sports.pdf","cursos_que_lo_componen":[{"nombre_del_curso":"Lideratge d'Alt Rendiment","descripcion_del_curso":"<p>M\u00d2DUL 1: EL ROL DEL L\u00cdDER D\u2019ALT RENDIMENT<br \/>\nUnitat 1: Les accions principals del l\u00edder<br \/>\nUnitat 2: Les habilitats del l\u00edder d\u2019alt rendiment <\/p>\n<p>M\u00d2DUL 2: LES DIMENSIONS DEL LIDERATGE D\u2019ALT RENDIMENT<br \/>\nUnitat 1: La productivitat<br \/>\nUnitat 2: Clima grupal i desenvolupament individual <\/p>\n<p>M\u00d2DUL 3: LES EINES COMUNICACIONALS DEL L\u00cdDER D\u2019ALT RENDIMENT<br \/>\nUnitat 1: L\u2019entrevista personal<br \/>\nUnitat 2: Les reunions grupals<\/p>\n<p>M\u00d2DUL 4: M\u00d2DUL INTEGRADOR<\/p>\n"},{"nombre_del_curso":"Fortalesa Mental en Atletes","descripcion_del_curso":"<p>M\u00d2DUL 1: LA FORTALESA INDIVIDUAL EN ESPORTISTES INDIVIDUALS<br \/>\nUnitat 1: El desenvolupament actitudinal<br \/>\nUnitat 2: L'entrenament de la concentraci\u00f3 <\/p>\n<p>M\u00d2DUL 2: LA FORTALESA MENTAL EN EQUIPS ESPORTIUS<br \/>\nUnitat 1: El desenvolupament evolutiu de grup a equip<br \/>\nUnitat 2: Les amenaces a l'equip esportiu <\/p>\n<p>M\u00d2DUL 3: LA REGULACI\u00d3 EMOCIONAL DE L\u2019ENTRENADOR ESPORTIU<br \/>\nUnitat 1: La regulaci\u00f3 emocional durant l'entrenament diari<br \/>\nUnitat 2: La regulaci\u00f3 emocional durant la competici\u00f3 esportiva <\/p>\n<p>M\u00d2DUL 4: M\u00d2DUL INTEGRADOR<\/p>\n"},{"nombre_del_curso":"Claus Psicol\u00f2giques d'Entrenament i Compet\u00e8ncia d'Alt Rendiment Esportiu","descripcion_del_curso":"<p>M\u00d2DUL 1: LES FASES PERMANENTS DE L\u2019ENTRENAMENT ESPORTIU I LES SEVES CLAUS MENTALS<br \/>\nUnitat 1: La planificaci\u00f3 i l'adher\u00e8ncia. Caracter\u00edstiques i particularitats<br \/>\nUnitat 2: L'avaluaci\u00f3 esportiva. Caracter\u00edstiques i particularitats<\/p>\n<p>M\u00d2DUL 2: LES FASES VARIABLES DE L'ENTRENAMENT ESPORTIU<br \/>\nUnitat 1: L\u2019aprenentatge d\u2019habilitats i l'assaig repetitiu. Claus mentals<br \/>\nUnitat 2: L'exposici\u00f3 competitiva i la preparaci\u00f3 espec\u00edfica de la competici\u00f3. Claus mentals<\/p>\n<p>M\u00d2DUL 3: LES CLAUS PSICOL\u00d2GIQUES DE LA COMPET\u00c8NCIA ESPORTIVA<br \/>\nUnitat 1: La precompetici\u00f3 i la competici\u00f3 esportiva. Claus mentals<br \/>\nUnitat 2: La postcompetici\u00f3 esportiva i les seves claus mentals <\/p>\n<p>M\u00d2DUL 4: M\u00d2DUL INTEGRADOR<\/p>\n"},{"nombre_del_curso":"Alt Rendiment Esportiu en Entorns 3.0","descripcion_del_curso":"<p>M\u00d2DUL 1: GESTI\u00d3 DE LA DIVERSITAT I ALT RENDIMENT ESPORTIU<br \/>\nUnitat 1: Trets psicosocials de la diversitat generacional en la comunitat esportiva<br \/>\nUnitat 2: Diversitat generacional en processos d'entrenament i competici\u00f3<\/p>\n<p>M\u00d2DUL 2: PARADIGMES EDUCATIUS DEL S. XXI INTEGRATS A TECNOLOGIES D\u2019INFORMACI\u00d3 I COMUNICACI\u00d3 COM A SUPORT DE L\u2019ALT RENDIMENT ESPORTIU<br \/>\nUnitat 1: Paradigma educatiu del s. XXI i alt rendiment esportiu<br \/>\nUnitat 2: Xarxes socials i alt rendiment esportiu <\/p>\n<p>M\u00d2DUL 3: DISPOSITIUS TECNOL\u00d2GICS D\u2019ENTRENAMENT I PREPARACI\u00d3 ESPEC\u00cdFICA PER A COMPET\u00c8NCIA<br \/>\nUnitat 1: Fases de l\u2019entrenament integrades a dispositius tecnol\u00f2gics d\u2019alt rendiment esportiu<br \/>\nUnitat 2: Programari en l\u00ednia de gesti\u00f3 del rendiment esportiu <\/p>\n<p>M\u00d2DUL 4: M\u00d2DUL INTEGRADOR<\/p>\n"}],"preguntas_frecuentes":false,"contenidistas":[{"contenidista":"C\u00e9sar Bernhardt","descripcion_contenidista":"Gestor d\u2019alt rendiment en equip i persones."},{"contenidista":"Claudio Vasalo","descripcion_contenidista":"Gestor d\u2019alt rendiment en equip i persones."}],"docentes_expertos":[{"foto":"https:\/\/barcainnovationhub.com\/wp-content\/uploads\/2019\/01\/36f8e70c-joaquin_valdes.jpg","nombre_del_docente":"Joaqu\u00edn Vald\u00e9s","descripcion_del_docente":"Psic\u00f2leg i Coach Esportiu del FC Barcelona (2014-2017).","enlace":""}],"hubspot_product_id":"11974634","url_video":"https:\/\/www.youtube.com\/embed\/DStRV-xaNjM","aprende_a":[{"item_aprende_a":"Identificar els conceptes centrals relacionats a la direcci\u00f3 de persones i equips, per aplicar-los en la gesti\u00f3 di\u00e0ria de les emprenedories i organitzacions."},{"item_aprende_a":"Manejar eines psicoesportives de gesti\u00f3 de rendiment."},{"item_aprende_a":"Con\u00e8ixer les fases de preparaci\u00f3 d'entrenament i compet\u00e8ncia des de la perspectiva psicol\u00f2gica."},{"item_aprende_a":"Gestionar la diversitat. "},{"item_aprende_a":"Comprendre i gestionar l'impacte de tecnologies en l'\u00e0mbit esportiu."}],"fecha_de_inicio":"10062021","imagen_destacada":"https:\/\/barcainnovationhub.com\/wp-content\/uploads\/2019\/01\/19e2ecdc-certificate-in-psychology-for-high-performance-sports_portada-300x102.jpg","id_magento":"209","producto_path":false,"titulo_seccion_testimonios":"","slider_testimonios":false,"imagen_de_fondo_testimonios":false,"color_de_fondo_testimonios":"","activar_banner_1":false,"banner_1":false,"activar_banner_2":false,"banner_2":false,"activar_banner_3":false,"banner_3":false,"segunda_fecha_de_inicio":"","zona_horaria":"Europe\/Madrid","activar_nuevos_banners":false,"mostrar_banner_1":false,"crear_banner_1":{"utilizar_imagen_unica_para_banner":false,"asignar_imagen_unica_para_banner":false,"mostrar_titulo_banner":false,"titulo_para_banner":"","mostrar_subtitulo_banner":false,"subtitulo_del_banner":"","mostrar_cta_banner":false,"texto_cta_banner":"","url_cta_banner":"","fondo_de_color_banner":"","fondo_de_imagen_banner":false,"mostrar_imagen_izquierda_banner":false,"asignar_imagen_izquierda_banner":false},"mostrar_banner_2":false,"crear_banner_2":{"utilizar_imagen_unica_para_banner":false,"asignar_imagen_unica_para_banner":false,"mostrar_titulo_banner":false,"titulo_para_banner":"","mostrar_subtitulo_banner":false,"subtitulo_del_banner":"","mostrar_cta_banner":false,"texto_cta_banner":"","url_cta_banner":"","fondo_de_color_banner":"","fondo_de_imagen_banner":false,"mostrar_imagen_izquierda_banner":false,"asignar_imagen_izquierda_banner":false},"mostrar_banner_3":false,"crear_banner_3":{"utilizar_imagen_unica_para_banner":false,"asignar_imagen_unica_para_banner":false,"mostrar_titulo_banner":false,"titulo_para_banner":"","mostrar_subtitulo_banner":false,"subtitulo_del_banner":"","mostrar_cta_banner":false,"texto_cta_banner":"","url_cta_banner":"","fondo_de_color_banner":"","fondo_de_imagen_banner":false,"mostrar_imagen_izquierda_banner":false,"asignar_imagen_izquierda_banner":false}},"idiomas":{"en":9518,"es":9520,"ar":81682,"ca":9524,"ru":9524,"pt":9522},"_links":{"self":[{"href":"https:\/\/barcainnovationhub.com\/ca\/wp-json\/wp\/v2\/products\/9524"}],"collection":[{"href":"https:\/\/barcainnovationhub.com\/ca\/wp-json\/wp\/v2\/products"}],"about":[{"href":"https:\/\/barcainnovationhub.com\/ca\/wp-json\/wp\/v2\/types\/product"}],"author":[{"embeddable":true,"href":"https:\/\/barcainnovationhub.com\/ca\/wp-json\/wp\/v2\/users\/1"}],"replies":[{"embeddable":true,"href":"https:\/\/barcainnovationhub.com\/ca\/wp-json\/wp\/v2\/comments?post=9524"}],"version-history":[{"count":5,"href":"https:\/\/barcainnovationhub.com\/ca\/wp-json\/wp\/v2\/products\/9524\/revisions"}],"predecessor-version":[{"id":116352,"href":"https:\/\/barcainnovationhub.com\/ca\/wp-json\/wp\/v2\/products\/9524\/revisions\/116352"}],"wp:attachment":[{"href":"https:\/\/barcainnovationhub.com\/ca\/wp-json\/wp\/v2\/media?parent=9524"}],"wp:term":[{"taxonomy":"category","embeddable":true,"href":"https:\/\/barcainnovationhub.com\/ca\/wp-json\/wp\/v2\/categories?post=9524"}],"curies":[{"name":"wp","href":"https:\/\/api.w.org\/{rel}","templated":true}]}}