{"id":9701,"date":"2019-01-24T15:19:18","date_gmt":"2019-01-24T18:19:18","guid":{"rendered":"https:\/\/barcainnovationhub.com\/?post_type=product&#038;p=9701"},"modified":"2022-01-11T01:11:16","modified_gmt":"2022-01-11T04:11:16","slug":"certificat-en-comunicacio-en-organitzacions-esportives","status":"publish","type":"product","link":"https:\/\/barcainnovationhub.com\/ca\/product\/certificat-en-comunicacio-en-organitzacions-esportives\/","title":{"rendered":"Certificat en Comunicaci\u00f3 en Organitzacions Esportives"},"content":{"rendered":"","protected":false},"excerpt":{"rendered":"","protected":false},"author":1,"featured_media":0,"comment_status":"open","ping_status":"closed","template":"","meta":[],"categories":[112,112,31],"yoast_head":"<!-- This site is optimized with the Yoast SEO plugin v16.6.1 - https:\/\/yoast.com\/wordpress\/plugins\/seo\/ -->\n<meta name=\"description\" content=\"Curs en l\u00ednia de comunicaci\u00f3 esportiva: apr\u00e8n a desenvolupar plans de comunicaci\u00f3 per als objectius de l\u2019organitzaci\u00f3.\" \/>\n<meta name=\"robots\" content=\"index, follow, max-snippet:-1, max-image-preview:large, max-video-preview:-1\" \/>\n<link rel=\"canonical\" href=\"https:\/\/barcainnovationhub.com\/ca\/product\/certificat-en-comunicacio-en-organitzacions-esportives\/\" \/>\n<meta property=\"og:locale\" content=\"ca_ES\" \/>\n<meta property=\"og:type\" content=\"article\" \/>\n<meta property=\"og:title\" content=\"Certificat en Comunicaci\u00f3 en Organitzacions Esportives\" \/>\n<meta property=\"og:description\" content=\"Curs en l\u00ednia de comunicaci\u00f3 esportiva: apr\u00e8n a desenvolupar plans de comunicaci\u00f3 per als objectius de l\u2019organitzaci\u00f3.\" \/>\n<meta property=\"og:url\" content=\"https:\/\/barcainnovationhub.com\/ca\/product\/certificat-en-comunicacio-en-organitzacions-esportives\/\" \/>\n<meta property=\"og:site_name\" content=\"Bar\u00e7a Innovation Hub\" \/>\n<meta property=\"article:publisher\" content=\"https:\/\/www.facebook.com\/fcbuniversitas\" \/>\n<meta property=\"article:modified_time\" content=\"2022-01-11T04:11:16+00:00\" \/>\n<meta property=\"og:image\" content=\"https:\/\/barcainnovationhub.com\/wp-content\/uploads\/2019\/01\/3b60d1c9-certificate-in-communication-in-sports-organizations-portada.jpg\" \/>\n\t<meta property=\"og:image:width\" content=\"1366\" \/>\n\t<meta property=\"og:image:height\" content=\"854\" \/>\n<meta name=\"twitter:card\" content=\"summary\" \/>\n<meta name=\"twitter:title\" content=\"Certificat en Comunicaci\u00f3 en Organitzacions Esportives\" \/>\n<meta name=\"twitter:description\" content=\"Curs en l\u00ednia de comunicaci\u00f3 esportiva: apr\u00e8n a desenvolupar plans de comunicaci\u00f3 per als objectius de l\u2019organitzaci\u00f3.\" \/>\n<meta name=\"twitter:image\" content=\"https:\/\/barcainnovationhub.com\/wp-content\/uploads\/2019\/01\/3b60d1c9-certificate-in-communication-in-sports-organizations-portada.jpg\" \/>\n<meta name=\"twitter:site\" content=\"@BarcaInnoHub\" \/>\n<script type=\"application\/ld+json\" class=\"yoast-schema-graph\">{\"@context\":\"https:\/\/schema.org\",\"@graph\":[{\"@type\":\"WebSite\",\"@id\":\"https:\/\/barcainnovationhub.com\/#website\",\"url\":\"https:\/\/barcainnovationhub.com\/\",\"name\":\"Bar\\u00e7a Innovation Hub\",\"description\":\"The worldwide centre for sports knowledge and innovation\",\"potentialAction\":[{\"@type\":\"SearchAction\",\"target\":{\"@type\":\"EntryPoint\",\"urlTemplate\":\"https:\/\/barcainnovationhub.com\/?s={search_term_string}\"},\"query-input\":\"required name=search_term_string\"}],\"inLanguage\":\"ca\"},{\"@type\":\"ImageObject\",\"@id\":\"https:\/\/barcainnovationhub.com\/ca\/product\/certificat-en-comunicacio-en-organitzacions-esportives\/#primaryimage\",\"inLanguage\":\"ca\",\"url\":\"https:\/\/barcainnovationhub.com\/wp-content\/uploads\/2019\/01\/3b60d1c9-certificate-in-communication-in-sports-organizations-portada.jpg\",\"contentUrl\":\"https:\/\/barcainnovationhub.com\/wp-content\/uploads\/2019\/01\/3b60d1c9-certificate-in-communication-in-sports-organizations-portada.jpg\",\"width\":1366,\"height\":854,\"caption\":\"PARTIDO\"},{\"@type\":\"WebPage\",\"@id\":\"https:\/\/barcainnovationhub.com\/ca\/product\/certificat-en-comunicacio-en-organitzacions-esportives\/#webpage\",\"url\":\"https:\/\/barcainnovationhub.com\/ca\/product\/certificat-en-comunicacio-en-organitzacions-esportives\/\",\"name\":\"Certificat en Comunicaci\\u00f3 en Organitzacions Esportives - Bar\\u00e7a Innovation Hub\",\"isPartOf\":{\"@id\":\"https:\/\/barcainnovationhub.com\/#website\"},\"datePublished\":\"2019-01-24T18:19:18+00:00\",\"dateModified\":\"2022-01-11T04:11:16+00:00\",\"description\":\"Curs en l\\u00ednia de comunicaci\\u00f3 esportiva: apr\\u00e8n a desenvolupar plans de comunicaci\\u00f3 per als objectius de l\\u2019organitzaci\\u00f3.\",\"breadcrumb\":{\"@id\":\"https:\/\/barcainnovationhub.com\/ca\/product\/certificat-en-comunicacio-en-organitzacions-esportives\/#breadcrumb\"},\"inLanguage\":\"ca\",\"potentialAction\":[{\"@type\":\"ReadAction\",\"target\":[\"https:\/\/barcainnovationhub.com\/ca\/product\/certificat-en-comunicacio-en-organitzacions-esportives\/\"]}]},{\"@type\":\"BreadcrumbList\",\"@id\":\"https:\/\/barcainnovationhub.com\/ca\/product\/certificat-en-comunicacio-en-organitzacions-esportives\/#breadcrumb\",\"itemListElement\":[{\"@type\":\"ListItem\",\"position\":1,\"name\":\"Portada\",\"item\":\"https:\/\/barcainnovationhub.com\/ca\/\"},{\"@type\":\"ListItem\",\"position\":2,\"name\":\"Productos\",\"item\":\"https:\/\/barcainnovationhub.com\/ca\/product\/\"},{\"@type\":\"ListItem\",\"position\":3,\"name\":\"Certificat en Comunicaci\\u00f3 en Organitzacions Esportives\"}]}]}<\/script>\n<!-- \/ Yoast SEO plugin. -->","acf":{"external_id":"1363","header_image":108825,"column_title":"","titulo_incentivo":"Certificat en Comunicaci\u00f3 en Organitzacions Esportives","precio":"625","precio_en_cuotas":"4 pagaments  mensuals de 156,25 \u20ac","precio_de_lista":"","mostrar_form":false,"promocion_vigente":"","duracion_del_curso":"4 mesos","nivel_del_curso":"Introductori","modalidad_cursado":"Online","impartido_en":"Spanish","contenido":"<p>En aquest curs, apte tant per gerents nous com als qui ja es estan exercint, Jimmy Sanderson i Sean Williams ensenyaran les habilitats essencials per gestionar les tasques de comunicaci\u00f3 externa m\u00e9s rellevants de les seves organitzacions esportives, de manera que aconsegueixin comunicar-se efica\u00e7ment amb les seves diverses audi\u00e8ncies i obtenir resultats amb \u00e8xit.<\/p>\n","ocultar_video":false,"avalado_por":false,"pdf_brochure":"https:\/\/static.capabiliaserver.com\/frontend\/clients\/barca\/wp_prod\/wp-content\/uploads\/2019\/01\/8af168ff-certificate-in-communication-in-sports-organizations.pdf","cursos_que_lo_componen":[{"nombre_del_curso":"Problemes de Comunicaci\u00f3 en Organitzacions Esportives","descripcion_del_curso":"<p>M\u00d2DUL 1: Descripci\u00f3 del paper de la comunicaci\u00f3 en organitzacions esportives<br \/>\nM\u00d2DUL 2: Explicaci\u00f3 de l'evoluci\u00f3 de la comunicaci\u00f3 esportiva i descripci\u00f3 de col\u00b7laboraci\u00f3 efica\u00e7 amb els periodistes<br \/>\nM\u00d2DUL 3: Redacci\u00f3 de missatges per a mitjans tradicionals i digitals<br \/>\nM\u00d2DUL 4: Creaci\u00f3 d'una estrat\u00e8gia de comunicaci\u00f3 per a maximitzar l'impacte<\/p>\n"},{"nombre_del_curso":"Estrat\u00e8gia de Xarxes Socials en Organitzacions Esportives","descripcion_del_curso":"<p>M\u00d2DUL 1: Mitjans socials i l\u2019entorn organitzacional canviant<br \/>\nM\u00d2DUL 2: Contingut de mitjans socials i atracci\u00f3 de l\u2019audi\u00e8ncia<br \/>\nM\u00d2DUL 3: Mitjans socials i governan\u00e7a organitzacional<br \/>\nM\u00d2DUL 4: Estrat\u00e8gies de mitjans socials<\/p>\n"},{"nombre_del_curso":"Relacions P\u00fabliques en Organitzacions Esportives","descripcion_del_curso":"<p>M\u00d2DUL 1: Les bases de les relacions p\u00fabliques en l\u2019esport<br \/>\nM\u00d2DUL 2: El panorama canviant de les relacions p\u00fabliques en l\u2019esport: d\u2019un model d\u2019informaci\u00f3 esportiva a un model de comunicaci\u00f3 activa<br \/>\nM\u00d2DUL 3: Relacions p\u00fabliques en l\u2019esport i comunicaci\u00f3 de crisi<br \/>\nM\u00d2DUL 4: Relacions p\u00fabliques en l\u2019esport i mitjans socials i digitals<\/p>\n"},{"nombre_del_curso":"M\u00e0rqueting en Organitzacions Esportives","descripcion_del_curso":"<p>M\u00d2DUL 1:  M\u00e0rqueting esportiu i construcci\u00f3 de marca<br \/>\nM\u00d2DUL 2: M\u00e0rqueting esportiu i mitjans socials i digitals<br \/>\nM\u00d2DUL 3: Patrocini i vendes<br \/>\nM\u00d2DUL 4: Creaci\u00f3 d\u2019un pla de m\u00e0rqueting d\u2019\u00e8xit<\/p>\n"}],"preguntas_frecuentes":false,"contenidistas":false,"docentes_expertos":[{"foto":"https:\/\/barcainnovationhub.com\/wp-content\/uploads\/2016\/12\/Jimmy_Sanderson.jpg","nombre_del_docente":"Jimmy Sanderson","descripcion_del_docente":"Professor Assistent al Departament de Kinesiologia i Gesti\u00f3 Esportiva de la Universitat Tecnol\u00f2gica de Texas. Investiga activament la influ\u00e8ncia de les xarxes socials en l'esport i \u00e9s consultor d'organitzacions esportives en mat\u00e8ria de gesti\u00f3 de xarxes socials.","enlace":""},{"foto":"https:\/\/barcainnovationhub.com\/wp-content\/uploads\/2018\/06\/Sean_D_Williams-150x150.jpg","nombre_del_docente":"Sean D. Williams","descripcion_del_docente":"Ph.D., professor i membre del Spiro Institute for Entrepreneurial Leadership de la Universitat de Clemson.","enlace":""}],"hubspot_product_id":"11967694","url_video":"https:\/\/www.youtube.com\/embed\/ZS7efp0qHaE","aprende_a":[{"item_aprende_a":"Completar de manera efica\u00e7 les tasques de comunicaci\u00f3 fonamentals pel vostre compte quan manqui personal del departament de comunicaci\u00f3."},{"item_aprende_a":"Gestionar correctament el treball dels equips de comunicaci\u00f3 si l'empresa contracta professionals en comunicaci\u00f3."}],"fecha_de_inicio":"10062021","imagen_destacada":false,"id_magento":"220","producto_path":false,"titulo_seccion_testimonios":"","slider_testimonios":false,"imagen_de_fondo_testimonios":false,"color_de_fondo_testimonios":"","activar_banner_1":false,"banner_1":false,"activar_banner_2":false,"banner_2":false,"activar_banner_3":false,"banner_3":false,"segunda_fecha_de_inicio":"","zona_horaria":"Europe\/Madrid","activar_nuevos_banners":false,"mostrar_banner_1":false,"crear_banner_1":{"utilizar_imagen_unica_para_banner":false,"asignar_imagen_unica_para_banner":false,"mostrar_titulo_banner":false,"titulo_para_banner":"","mostrar_subtitulo_banner":false,"subtitulo_del_banner":"","mostrar_cta_banner":false,"texto_cta_banner":"","url_cta_banner":"","fondo_de_color_banner":"","fondo_de_imagen_banner":false,"mostrar_imagen_izquierda_banner":false,"asignar_imagen_izquierda_banner":false},"mostrar_banner_2":false,"crear_banner_2":{"utilizar_imagen_unica_para_banner":false,"asignar_imagen_unica_para_banner":false,"mostrar_titulo_banner":false,"titulo_para_banner":"","mostrar_subtitulo_banner":false,"subtitulo_del_banner":"","mostrar_cta_banner":false,"texto_cta_banner":"","url_cta_banner":"","fondo_de_color_banner":"","fondo_de_imagen_banner":false,"mostrar_imagen_izquierda_banner":false,"asignar_imagen_izquierda_banner":false},"mostrar_banner_3":false,"crear_banner_3":{"utilizar_imagen_unica_para_banner":false,"asignar_imagen_unica_para_banner":false,"mostrar_titulo_banner":false,"titulo_para_banner":"","mostrar_subtitulo_banner":false,"subtitulo_del_banner":"","mostrar_cta_banner":false,"texto_cta_banner":"","url_cta_banner":"","fondo_de_color_banner":"","fondo_de_imagen_banner":false,"mostrar_imagen_izquierda_banner":false,"asignar_imagen_izquierda_banner":false}},"idiomas":{"en":9623,"es":9653,"ar":9701,"ca":9701,"ru":9701,"pt":9675},"_links":{"self":[{"href":"https:\/\/barcainnovationhub.com\/ca\/wp-json\/wp\/v2\/products\/9701"}],"collection":[{"href":"https:\/\/barcainnovationhub.com\/ca\/wp-json\/wp\/v2\/products"}],"about":[{"href":"https:\/\/barcainnovationhub.com\/ca\/wp-json\/wp\/v2\/types\/product"}],"author":[{"embeddable":true,"href":"https:\/\/barcainnovationhub.com\/ca\/wp-json\/wp\/v2\/users\/1"}],"replies":[{"embeddable":true,"href":"https:\/\/barcainnovationhub.com\/ca\/wp-json\/wp\/v2\/comments?post=9701"}],"version-history":[{"count":5,"href":"https:\/\/barcainnovationhub.com\/ca\/wp-json\/wp\/v2\/products\/9701\/revisions"}],"predecessor-version":[{"id":116348,"href":"https:\/\/barcainnovationhub.com\/ca\/wp-json\/wp\/v2\/products\/9701\/revisions\/116348"}],"wp:attachment":[{"href":"https:\/\/barcainnovationhub.com\/ca\/wp-json\/wp\/v2\/media?parent=9701"}],"wp:term":[{"taxonomy":"category","embeddable":true,"href":"https:\/\/barcainnovationhub.com\/ca\/wp-json\/wp\/v2\/categories?post=9701"}],"curies":[{"name":"wp","href":"https:\/\/api.w.org\/{rel}","templated":true}]}}