{"id":4231,"date":"2018-04-11T14:57:39","date_gmt":"2018-04-11T17:57:39","guid":{"rendered":"http:\/\/barcainnovationhub.com\/areas-de-conocimiento\/"},"modified":"2019-04-17T16:46:14","modified_gmt":"2019-04-17T19:46:14","slug":"areas-de-conocimiento","status":"publish","type":"page","link":"https:\/\/barcainnovationhub.com\/es\/areas-de-conocimiento\/","title":{"rendered":"\u00c1reas de conocimiento"},"content":{"rendered":"","protected":false},"excerpt":{"rendered":"","protected":false},"author":1,"featured_media":0,"parent":0,"menu_order":876,"comment_status":"closed","ping_status":"closed","template":"page-templates\/areas-de-conocimiento.php","meta":[],"categories":[],"tags":[],"yoast_head":"<!-- This site is optimized with the Yoast SEO plugin v16.6.1 - https:\/\/yoast.com\/wordpress\/plugins\/seo\/ -->\n<meta name=\"description\" content=\"Desde hace a\u00f1os, el Club ha generado conocimiento en diferentes \u00e1mbitos, que ha organizado en siete \u00e1reas transversales y relacionadas entre s\u00ed.\" \/>\n<meta name=\"robots\" content=\"index, follow, max-snippet:-1, max-image-preview:large, max-video-preview:-1\" \/>\n<link rel=\"canonical\" href=\"https:\/\/barcainnovationhub.com\/es\/areas-de-conocimiento\/\" \/>\n<meta property=\"og:locale\" content=\"es_ES\" \/>\n<meta property=\"og:type\" content=\"article\" \/>\n<meta property=\"og:title\" content=\"\u00c1reas de conocimiento - Bar\u00e7a Innovation Hub\" \/>\n<meta property=\"og:description\" content=\"Desde hace a\u00f1os, el Club ha generado conocimiento en diferentes \u00e1mbitos, que ha organizado en siete \u00e1reas transversales y relacionadas entre s\u00ed.\" \/>\n<meta property=\"og:url\" content=\"https:\/\/barcainnovationhub.com\/es\/areas-de-conocimiento\/\" \/>\n<meta property=\"og:site_name\" content=\"Bar\u00e7a Innovation Hub\" \/>\n<meta property=\"article:publisher\" content=\"https:\/\/www.facebook.com\/fcbuniversitas\" \/>\n<meta property=\"article:modified_time\" content=\"2019-04-17T19:46:14+00:00\" \/>\n<meta name=\"twitter:card\" content=\"summary\" \/>\n<meta name=\"twitter:site\" content=\"@BarcaInnoHub\" \/>\n<script type=\"application\/ld+json\" class=\"yoast-schema-graph\">{\"@context\":\"https:\/\/schema.org\",\"@graph\":[{\"@type\":\"WebSite\",\"@id\":\"https:\/\/barcainnovationhub.com\/#website\",\"url\":\"https:\/\/barcainnovationhub.com\/\",\"name\":\"Bar\\u00e7a Innovation Hub\",\"description\":\"The worldwide centre for sports knowledge and innovation\",\"potentialAction\":[{\"@type\":\"SearchAction\",\"target\":{\"@type\":\"EntryPoint\",\"urlTemplate\":\"https:\/\/barcainnovationhub.com\/?s={search_term_string}\"},\"query-input\":\"required name=search_term_string\"}],\"inLanguage\":\"es-ES\"},{\"@type\":\"WebPage\",\"@id\":\"https:\/\/barcainnovationhub.com\/es\/areas-de-conocimiento\/#webpage\",\"url\":\"https:\/\/barcainnovationhub.com\/es\/areas-de-conocimiento\/\",\"name\":\"\\u00c1reas de conocimiento - Bar\\u00e7a Innovation Hub\",\"isPartOf\":{\"@id\":\"https:\/\/barcainnovationhub.com\/#website\"},\"datePublished\":\"2018-04-11T17:57:39+00:00\",\"dateModified\":\"2019-04-17T19:46:14+00:00\",\"description\":\"Desde hace a\\u00f1os, el Club ha generado conocimiento en diferentes \\u00e1mbitos, que ha organizado en siete \\u00e1reas transversales y relacionadas entre s\\u00ed.\",\"breadcrumb\":{\"@id\":\"https:\/\/barcainnovationhub.com\/es\/areas-de-conocimiento\/#breadcrumb\"},\"inLanguage\":\"es-ES\",\"potentialAction\":[{\"@type\":\"ReadAction\",\"target\":[\"https:\/\/barcainnovationhub.com\/es\/areas-de-conocimiento\/\"]}]},{\"@type\":\"BreadcrumbList\",\"@id\":\"https:\/\/barcainnovationhub.com\/es\/areas-de-conocimiento\/#breadcrumb\",\"itemListElement\":[{\"@type\":\"ListItem\",\"position\":1,\"name\":\"Portada\",\"item\":\"https:\/\/barcainnovationhub.com\/es\/\"},{\"@type\":\"ListItem\",\"position\":2,\"name\":\"\\u00c1reas de conocimiento\"}]}]}<\/script>\n<!-- \/ Yoast SEO plugin. -->","acf":[],"_links":{"self":[{"href":"https:\/\/barcainnovationhub.com\/es\/wp-json\/wp\/v2\/pages\/4231"}],"collection":[{"href":"https:\/\/barcainnovationhub.com\/es\/wp-json\/wp\/v2\/pages"}],"about":[{"href":"https:\/\/barcainnovationhub.com\/es\/wp-json\/wp\/v2\/types\/page"}],"author":[{"embeddable":true,"href":"https:\/\/barcainnovationhub.com\/es\/wp-json\/wp\/v2\/users\/1"}],"replies":[{"embeddable":true,"href":"https:\/\/barcainnovationhub.com\/es\/wp-json\/wp\/v2\/comments?post=4231"}],"version-history":[{"count":1,"href":"https:\/\/barcainnovationhub.com\/es\/wp-json\/wp\/v2\/pages\/4231\/revisions"}],"predecessor-version":[{"id":4234,"href":"https:\/\/barcainnovationhub.com\/es\/wp-json\/wp\/v2\/pages\/4231\/revisions\/4234"}],"wp:attachment":[{"href":"https:\/\/barcainnovationhub.com\/es\/wp-json\/wp\/v2\/media?parent=4231"}],"wp:term":[{"taxonomy":"category","embeddable":true,"href":"https:\/\/barcainnovationhub.com\/es\/wp-json\/wp\/v2\/categories?post=4231"},{"taxonomy":"post_tag","embeddable":true,"href":"https:\/\/barcainnovationhub.com\/es\/wp-json\/wp\/v2\/tags?post=4231"}],"curies":[{"name":"wp","href":"https:\/\/api.w.org\/{rel}","templated":true}]}}