{"id":44301,"date":"2019-11-08T17:24:03","date_gmt":"2019-11-08T20:24:03","guid":{"rendered":"https:\/\/barcainnovationhub.com\/?page_id=44301"},"modified":"2020-01-02T16:40:56","modified_gmt":"2020-01-02T19:40:56","slug":"bihub-path","status":"publish","type":"page","link":"https:\/\/barcainnovationhub.com\/es\/bihub-path\/","title":{"rendered":"BIHUB Path"},"content":{"rendered":"","protected":true},"excerpt":{"rendered":"","protected":true},"author":1,"featured_media":0,"parent":0,"menu_order":425,"comment_status":"closed","ping_status":"closed","template":"page-templates\/path-landing.php","meta":[],"categories":[],"tags":[],"yoast_head":"<!-- This site is optimized with the Yoast SEO plugin v16.6.1 - https:\/\/yoast.com\/wordpress\/plugins\/seo\/ -->\n<meta name=\"description\" content=\"BIHUB Path ofrece a los profesionales del deporte una trayectoria acad\u00e9mica personalizada basada en su nivel de conocimiento y estadio profesional.\" \/>\n<meta name=\"robots\" content=\"index, follow, max-snippet:-1, max-image-preview:large, max-video-preview:-1\" \/>\n<link rel=\"canonical\" href=\"https:\/\/barcainnovationhub.com\/es\/bihub-path\/\" \/>\n<meta property=\"og:locale\" content=\"es_ES\" \/>\n<meta property=\"og:type\" content=\"article\" \/>\n<meta property=\"og:title\" content=\"BIHUB Path: obt\u00e9n tu ruta acad\u00e9mica personalizada en el deporte\" \/>\n<meta property=\"og:description\" content=\"BIHUB Path ofrece a los profesionales del deporte una trayectoria acad\u00e9mica personalizada basada en su nivel de conocimiento y estadio profesional.\" \/>\n<meta property=\"og:url\" content=\"https:\/\/barcainnovationhub.com\/es\/bihub-path\/\" \/>\n<meta property=\"og:site_name\" content=\"Bar\u00e7a Innovation Hub\" \/>\n<meta property=\"article:publisher\" content=\"https:\/\/www.facebook.com\/fcbuniversitas\" \/>\n<meta property=\"article:modified_time\" content=\"2020-01-02T19:40:56+00:00\" \/>\n<meta name=\"twitter:card\" content=\"summary\" \/>\n<meta name=\"twitter:title\" content=\"BIHUB Path: obt\u00e9n tu ruta acad\u00e9mica personalizada en el deporte\" \/>\n<meta name=\"twitter:description\" content=\"BIHUB Path ofrece a los profesionales del deporte una trayectoria acad\u00e9mica personalizada basada en su nivel de conocimiento y estadio profesional.\" \/>\n<meta name=\"twitter:site\" content=\"@BarcaInnoHub\" \/>\n<script type=\"application\/ld+json\" class=\"yoast-schema-graph\">{\"@context\":\"https:\/\/schema.org\",\"@graph\":[{\"@type\":\"WebSite\",\"@id\":\"https:\/\/barcainnovationhub.com\/#website\",\"url\":\"https:\/\/barcainnovationhub.com\/\",\"name\":\"Bar\\u00e7a Innovation Hub\",\"description\":\"The worldwide centre for sports knowledge and innovation\",\"potentialAction\":[{\"@type\":\"SearchAction\",\"target\":{\"@type\":\"EntryPoint\",\"urlTemplate\":\"https:\/\/barcainnovationhub.com\/?s={search_term_string}\"},\"query-input\":\"required name=search_term_string\"}],\"inLanguage\":\"es-ES\"},{\"@type\":\"WebPage\",\"@id\":\"https:\/\/barcainnovationhub.com\/es\/bihub-path\/#webpage\",\"url\":\"https:\/\/barcainnovationhub.com\/es\/bihub-path\/\",\"name\":\"BIHUB Path: obt\\u00e9n tu ruta acad\\u00e9mica personalizada en el deporte\",\"isPartOf\":{\"@id\":\"https:\/\/barcainnovationhub.com\/#website\"},\"datePublished\":\"2019-11-08T20:24:03+00:00\",\"dateModified\":\"2020-01-02T19:40:56+00:00\",\"description\":\"BIHUB Path ofrece a los profesionales del deporte una trayectoria acad\\u00e9mica personalizada basada en su nivel de conocimiento y estadio profesional.\",\"breadcrumb\":{\"@id\":\"https:\/\/barcainnovationhub.com\/es\/bihub-path\/#breadcrumb\"},\"inLanguage\":\"es-ES\",\"potentialAction\":[{\"@type\":\"ReadAction\",\"target\":[\"https:\/\/barcainnovationhub.com\/es\/bihub-path\/\"]}]},{\"@type\":\"BreadcrumbList\",\"@id\":\"https:\/\/barcainnovationhub.com\/es\/bihub-path\/#breadcrumb\",\"itemListElement\":[{\"@type\":\"ListItem\",\"position\":1,\"name\":\"Portada\",\"item\":\"https:\/\/barcainnovationhub.com\/es\/\"},{\"@type\":\"ListItem\",\"position\":2,\"name\":\"Protected: BIHUB Path\"}]}]}<\/script>\n<!-- \/ Yoast SEO plugin. -->","acf":{"titulo_header_1":"OFRECEMOS","titulo_header_2":"\u00bfC\u00d3MO ELEGIR?","parrafo_header":"A trav\u00e9s de BIHUB Path ofrecemos a todos los profesionales del deporte un recorrido acad\u00e9mico personalizado. Descubre qu\u00e9 se adapta mejor a tus conocimientos y experiencia profesional.","certificados":"16","cursos":"70","eventos":"8","slider_pasos":[{"titulo_pasos":"1. SELECCIONA TU \u00c1REA DE INTER\u00c9S","parrafo_pasos":"Escoge en qu\u00e9 \u00e1rea de las ciencias del deporte te quieres formar.","imagen_pasos":"https:\/\/barcainnovationhub.com\/wp-content\/uploads\/2019\/11\/05b48004-slider-path.jpg"},{"titulo_pasos":"2. SELECCIONA TUS A\u00d1OS DE EXPERIENCIA","parrafo_pasos":"Conociendo tus a\u00f1os de experiencia en esta \u00e1rea, nos permitir\u00e1 ofrecerte una formaci\u00f3n af\u00edn a tu trayectoria.","imagen_pasos":"https:\/\/barcainnovationhub.com\/wp-content\/uploads\/2019\/11\/05b48004-slider-path.jpg"},{"titulo_pasos":"3. SELECCIONA EL TIEMPO QUE QUIERES INVERTIR","parrafo_pasos":"El tiempo que est\u00e1s dispuesto a dedicarle a tu formaci\u00f3n es clave para ofrecerte un programa acorde a tu disponibilidad. ","imagen_pasos":"https:\/\/barcainnovationhub.com\/wp-content\/uploads\/2019\/11\/05b48004-slider-path.jpg"},{"titulo_pasos":"4. \u00a1LISTO!","parrafo_pasos":"Descubre qu\u00e9 programa de formaci\u00f3n es ideal para ti.","imagen_pasos":"https:\/\/barcainnovationhub.com\/wp-content\/uploads\/2019\/11\/05b48004-slider-path.jpg"}],"slider_expertos":[{"nombre":"Tim Gabbett","parrafo":"Consultor de alto rendimiento. ","foto":"https:\/\/static.capabiliaserver.com\/frontend\/clients\/barca\/wp_prod\/wp-content\/uploads\/2019\/11\/d62bf1d8-ec445e52-tim_gabbett-150x150.jpg"},{"nombre":"Asker Jeukendrup","parrafo":"Cient\u00edfico de nutrici\u00f3n deportiva. Consultor de rendimiento en deporte de \u00e9lite.  ","foto":"https:\/\/static.capabiliaserver.com\/frontend\/clients\/barca\/wp_prod\/wp-content\/uploads\/2019\/11\/cad3d3e6-7ad8304a-asker_jeukendrup-150x150.jpg"},{"nombre":"Ian Rollo","parrafo":"Cient\u00edfico principal del Gatorade Sports Science Institute. ","foto":"https:\/\/static.capabiliaserver.com\/frontend\/clients\/barca\/wp_prod\/wp-content\/uploads\/2019\/11\/6d32c25c-703fa0ab-f6092eb0-ian_rollo-150x150.jpg"},{"nombre":"Paco Seirul\u00b7lo Vargas","parrafo":"Director del \u00c1rea de Metodolog\u00eda del FC Barcelona.","foto":"https:\/\/static.capabiliaserver.com\/frontend\/clients\/barca\/wp_prod\/wp-content\/uploads\/2019\/11\/82f8167e-c97cdcd6-2d75bdaf-paco-seirul-lo-150x150.jpg"},{"nombre":"Joan Ramon Tarrag\u00f3","parrafo":"Responsable del \u00c1rea de Preparaci\u00f3n F\u00edsica Deportiva del FC Barcelona.","foto":"https:\/\/static.capabiliaserver.com\/frontend\/clients\/barca\/wp_prod\/wp-content\/uploads\/2019\/11\/7d6e9176-6c9b0c0c-ea8250e4-joan_ramon_tarrago-150x150.jpg"},{"nombre":"Daniel Romero Rodriguez","parrafo":"Asesor en rendimiento, prevenci\u00f3n y readaptaci\u00f3n post lesi\u00f3n.","foto":"https:\/\/static.capabiliaserver.com\/frontend\/clients\/barca\/wp_prod\/wp-content\/uploads\/2019\/11\/35f4d0fa-ebbe19cc-3b4b2d46-dani-150x150.jpg"},{"nombre":"Francesc Cos","parrafo":"Director de Rendimiento del New York City (MLS).","foto":"https:\/\/static.capabiliaserver.com\/frontend\/clients\/barca\/wp_prod\/wp-content\/uploads\/2019\/11\/45cc7a82-3e6727a2-187a9f52-francesc_cos-150x150.jpg"},{"nombre":"David Casamichana G\u00f3mez","parrafo":"Preparador f\u00edsico en f\u00fatbol. Profesor universitario e investigador.","foto":"https:\/\/static.capabiliaserver.com\/frontend\/clients\/barca\/wp_prod\/wp-content\/uploads\/2019\/11\/d6410ec9-1f90fbb3-bdd49166-david-casamichana-150x150.jpg"},{"nombre":"Gil Rodas Font","parrafo":"Responsable del \u00c1rea de Servicios M\u00e9dicos del Bar\u00e7a Innovation Hub.","foto":"https:\/\/static.capabiliaserver.com\/frontend\/clients\/barca\/wp_prod\/wp-content\/uploads\/2019\/11\/956f2dd5-732d005c-8494207e-gil-rodas-150x150.jpg"},{"nombre":"Antonia Lizarraga","parrafo":"Responsable del \u00c1rea de Nutrici\u00f3n Deportiva del FC Barcelona.","foto":"https:\/\/static.capabiliaserver.com\/frontend\/clients\/barca\/wp_prod\/wp-content\/uploads\/2019\/11\/5cea5bd7-93e05b38-9af4dcb0-antonializarraga-150x150.png"},{"nombre":"Ana Merayo Garc\u00eda","parrafo":"Coordinadora del SAIE (Servicio de Atenci\u00f3n Integral al Deportista) de Masia 360, FC Barcelona.","foto":"https:\/\/static.capabiliaserver.com\/frontend\/clients\/barca\/wp_prod\/wp-content\/uploads\/2019\/11\/2d8d9acf-e98b0508-fcf2667f-ana_merayo-150x150.png"},{"nombre":"Isaac Guerrero","parrafo":"Director adjunto del \u00c1rea de Metodolog\u00eda del FC Barcelona.","foto":"https:\/\/static.capabiliaserver.com\/frontend\/clients\/barca\/wp_prod\/wp-content\/uploads\/2019\/11\/8a441516-7014c74f-2a270bf4-isaac-guerrero_150x150-150x149.jpg"},{"nombre":"Xavier Damunt","parrafo":"Responsable del \u00c1rea de Metodolog\u00eda e Innovaci\u00f3n del FC Barcelona.","foto":"https:\/\/static.capabiliaserver.com\/frontend\/clients\/barca\/wp_prod\/wp-content\/uploads\/2019\/11\/89781bd4-cf27d831-ff8e0810-xavier-damunt-150x150.jpg"},{"nombre":"Marcel Sans","parrafo":"T\u00e9cnico de Metodolog\u00eda del Juvenil B del FC Barcelona.","foto":"https:\/\/static.capabiliaserver.com\/frontend\/clients\/barca\/wp_prod\/wp-content\/uploads\/2019\/11\/ce5b3229-78c31d57-9547cce7-marcel-sans-150x150.jpg"}]},"_links":{"self":[{"href":"https:\/\/barcainnovationhub.com\/es\/wp-json\/wp\/v2\/pages\/44301"}],"collection":[{"href":"https:\/\/barcainnovationhub.com\/es\/wp-json\/wp\/v2\/pages"}],"about":[{"href":"https:\/\/barcainnovationhub.com\/es\/wp-json\/wp\/v2\/types\/page"}],"author":[{"embeddable":true,"href":"https:\/\/barcainnovationhub.com\/es\/wp-json\/wp\/v2\/users\/1"}],"replies":[{"embeddable":true,"href":"https:\/\/barcainnovationhub.com\/es\/wp-json\/wp\/v2\/comments?post=44301"}],"version-history":[{"count":5,"href":"https:\/\/barcainnovationhub.com\/es\/wp-json\/wp\/v2\/pages\/44301\/revisions"}],"predecessor-version":[{"id":48493,"href":"https:\/\/barcainnovationhub.com\/es\/wp-json\/wp\/v2\/pages\/44301\/revisions\/48493"}],"wp:attachment":[{"href":"https:\/\/barcainnovationhub.com\/es\/wp-json\/wp\/v2\/media?parent=44301"}],"wp:term":[{"taxonomy":"category","embeddable":true,"href":"https:\/\/barcainnovationhub.com\/es\/wp-json\/wp\/v2\/categories?post=44301"},{"taxonomy":"post_tag","embeddable":true,"href":"https:\/\/barcainnovationhub.com\/es\/wp-json\/wp\/v2\/tags?post=44301"}],"curies":[{"name":"wp","href":"https:\/\/api.w.org\/{rel}","templated":true}]}}