{"id":61695,"date":"2020-06-05T15:15:40","date_gmt":"2020-06-05T18:15:40","guid":{"rendered":"https:\/\/barcainnovationhub.com\/?page_id=61695"},"modified":"2020-07-17T15:59:38","modified_gmt":"2020-07-17T18:59:38","slug":"professional-update-center-2","status":"publish","type":"page","link":"https:\/\/barcainnovationhub.com\/es\/professional-update-center-2\/","title":{"rendered":"Professional Update Center"},"content":{"rendered":"","protected":false},"excerpt":{"rendered":"","protected":false},"author":1,"featured_media":0,"parent":0,"menu_order":264,"comment_status":"closed","ping_status":"closed","template":"page-templates\/new-update-center.php","meta":[],"categories":[],"tags":[],"yoast_head":"<!-- This site is optimized with the Yoast SEO plugin v16.6.1 - https:\/\/yoast.com\/wordpress\/plugins\/seo\/ -->\n<meta name=\"description\" content=\"Suscr\u00edbete a Professional Update Center y obt\u00e9n acceso durante 6 meses a contenido exclusivo sobre las \u00faltimas tendencias e innovaciones en el deporte.\" \/>\n<meta name=\"robots\" content=\"index, follow, max-snippet:-1, max-image-preview:large, max-video-preview:-1\" \/>\n<link rel=\"canonical\" href=\"https:\/\/barcainnovationhub.com\/es\/professional-update-center-2\/\" \/>\n<meta property=\"og:locale\" content=\"es_ES\" \/>\n<meta property=\"og:type\" content=\"article\" \/>\n<meta property=\"og:title\" content=\"Professional Update Center - Bar\u00e7a Innovation Hub\" \/>\n<meta property=\"og:description\" content=\"Suscr\u00edbete a Professional Update Center y obt\u00e9n acceso durante 6 meses a contenido exclusivo sobre las \u00faltimas tendencias e innovaciones en el deporte.\" \/>\n<meta property=\"og:url\" content=\"https:\/\/barcainnovationhub.com\/es\/professional-update-center-2\/\" \/>\n<meta property=\"og:site_name\" content=\"Bar\u00e7a Innovation Hub\" \/>\n<meta property=\"article:publisher\" content=\"https:\/\/www.facebook.com\/fcbuniversitas\" \/>\n<meta property=\"article:modified_time\" content=\"2020-07-17T18:59:38+00:00\" \/>\n<meta name=\"twitter:card\" content=\"summary\" \/>\n<meta name=\"twitter:site\" content=\"@BarcaInnoHub\" \/>\n<script type=\"application\/ld+json\" class=\"yoast-schema-graph\">{\"@context\":\"https:\/\/schema.org\",\"@graph\":[{\"@type\":\"WebSite\",\"@id\":\"https:\/\/barcainnovationhub.com\/#website\",\"url\":\"https:\/\/barcainnovationhub.com\/\",\"name\":\"Bar\\u00e7a Innovation Hub\",\"description\":\"The worldwide centre for sports knowledge and innovation\",\"potentialAction\":[{\"@type\":\"SearchAction\",\"target\":{\"@type\":\"EntryPoint\",\"urlTemplate\":\"https:\/\/barcainnovationhub.com\/?s={search_term_string}\"},\"query-input\":\"required name=search_term_string\"}],\"inLanguage\":\"es-ES\"},{\"@type\":\"WebPage\",\"@id\":\"https:\/\/barcainnovationhub.com\/es\/professional-update-center-2\/#webpage\",\"url\":\"https:\/\/barcainnovationhub.com\/es\/professional-update-center-2\/\",\"name\":\"Professional Update Center - Bar\\u00e7a Innovation Hub\",\"isPartOf\":{\"@id\":\"https:\/\/barcainnovationhub.com\/#website\"},\"datePublished\":\"2020-06-05T18:15:40+00:00\",\"dateModified\":\"2020-07-17T18:59:38+00:00\",\"description\":\"Suscr\\u00edbete a Professional Update Center y obt\\u00e9n acceso durante 6 meses a contenido exclusivo sobre las \\u00faltimas tendencias e innovaciones en el deporte.\",\"breadcrumb\":{\"@id\":\"https:\/\/barcainnovationhub.com\/es\/professional-update-center-2\/#breadcrumb\"},\"inLanguage\":\"es-ES\",\"potentialAction\":[{\"@type\":\"ReadAction\",\"target\":[\"https:\/\/barcainnovationhub.com\/es\/professional-update-center-2\/\"]}]},{\"@type\":\"BreadcrumbList\",\"@id\":\"https:\/\/barcainnovationhub.com\/es\/professional-update-center-2\/#breadcrumb\",\"itemListElement\":[{\"@type\":\"ListItem\",\"position\":1,\"name\":\"Portada\",\"item\":\"https:\/\/barcainnovationhub.com\/es\/\"},{\"@type\":\"ListItem\",\"position\":2,\"name\":\"Professional Update Center\"}]}]}<\/script>\n<!-- \/ Yoast SEO plugin. -->","acf":{"puc_hero_imagen_header":"https:\/\/barcainnovationhub.com\/wp-content\/uploads\/2020\/06\/d3512524-bg-puc.jpg","puc_hero_title":"","puc_hero_subtitle":"","puc_hero_cta_texto":"","puc_hero_cta_destino":"","puc_n_areas_two_cards":false,"puc_n_areas_miniboxes_title":"","puc_n_areas_miniboxes":false,"puc_oferta_card":true,"puc_oferta_text":"","puc_oferta_card_titulo":"","puc_oferta_card_subtitulo":"","puc_oferta_card_cta_destino":"","puc_oferta_card_cta_text":"","productos_titulo":"U obt\u00e9n s\u00f3lo el contenido que te interesa","puc_productos_section":[{"producto_izquierdo":true,"producto_izquierdo_titulo":"High-Performance Nutritional Cuisine: Practical Recipes for Football","producto_izquierdo_img":"https:\/\/barcainnovationhub.com\/wp-content\/uploads\/2020\/06\/eda203ba-fcb-high-performance-nutritional-cuisine-portada.jpg","producto_izquierdo_paginas":"66 p\u00e1ginas","producto_izquierdo_idioma":"Idioma: ingl\u00e9s","producto_izquierdo_editors":"Maria Antonia Lizarraga, Mireia Porta, Franchek Drobnic, Ian Rollo, Montse Illan y Xavier Torrado","producto_izquierdo_section_leaders":"","producto_izquierdo_contenido":"Realizado por el Departamento de Nutrici\u00f3n del FC Barcelona junto con el Instituto Gatorade de Ciencias del Deporte y la Universidad de Barcelona, este libro de cocina re\u00fane 25 recetas de alto rendimiento en t\u00e9rminos de gastronom\u00eda, nutrici\u00f3n y deporte. Las recetas se presentan junto con s\u00edmbolos para ayudarte a entender de manera r\u00e1pida y f\u00e1cil c\u00f3mo aplicarlas en la pr\u00e1ctica.","producto_izquierdo_precio_tachado":"","producto_izquierdo_precio_final":"70","producto_izquierdo_cta_destino":"https:\/\/barcainnovationhub.com\/dpa\/add\/tocart\/id\/356","producto_izquierdo_cta_texto":"OBT\u00c9N ESTA GU\u00cdA","producto_derecho":true,"producto_derecho_titulo":"Football Analytics: Now and Beyond - A deep dive into the current state of advanced data analytics","producto_derecho_img":"https:\/\/barcainnovationhub.com\/wp-content\/uploads\/2020\/06\/ba8b34aa-fcb-football-analytics-now-and-beyond-portada.jpg","producto_derecho_paginas":"189 p\u00e1ginas","producto_derecho_idioma":"Idioma: ingl\u00e9s","producto_derecho_editors":"EDITORES: Angel Ric, Ra\u00fal Pel\u00e1ez","producto_derecho_section_leaders":"L\u00cdDERES DE SECCI\u00d3N: Julen Castellano, Nicolas Evans, Javier Fern\u00e1ndez, Daniel Link, Lucca Pappalardo, Daniel Memmert, Sam Robertson, Jaime Sampaio, Manuel Stein, Jan Van Haaren","producto_derecho_contenido":"Es importante que los cient\u00edficos deportivos trabajen muy de cerca con los deportistas y entrenadores para entender los problemas que enfrentan al tomar decisiones basadas en la incertidumbre y la necesidad de responder inmediatamente a una serie de eventos. El desaf\u00edo es procesar datos y transformar estas observaciones en conocimiento y este conocimiento en respuestas. La publicaci\u00f3n explora y explica la situaci\u00f3n actual del an\u00e1lisis del f\u00fatbol para alentar a la gente de todo el mundo a ingresar a este nuevo y excitante esfuerzo deportivo para aplicar los datos al f\u00fatbol.","producto_derecho_precio_tachado":"","producto_derecho_precio_final":"70","producto_derecho_cta_destino":"https:\/\/barcainnovationhub.com\/dpa\/add\/tocart\/id\/357","producto_derecho_cta_texto":"OBT\u00c9N ESTA GU\u00cdA"},{"producto_izquierdo":true,"producto_izquierdo_titulo":"Sports Nutrition for Football: An Evidence-based Guide for Nutrition Practice at FC Barcelona","producto_izquierdo_img":"https:\/\/barcainnovationhub.com\/wp-content\/uploads\/2020\/06\/efb69ffe-fcb-sports-nutrition-for-football-portada.jpg","producto_izquierdo_paginas":"147 p\u00e1ginas","producto_izquierdo_idioma":"Idioma: ingl\u00e9s","producto_izquierdo_editors":"Ian Rollo, Asker Jeukendrup, James Carter, Ma Antonia Lizarraga, Franchek Drobnic, C. Daniel Media Leal","producto_izquierdo_section_leaders":"","producto_izquierdo_contenido":"El objetivo del presente libro es resumir la evidencia en la que se basan las recomendaciones nutritivas en el FC Barcelona. Toda la informaci\u00f3n est\u00e1 reunida a partir de investigaciones revisadas por pares y art\u00edculos de revisi\u00f3n, as\u00ed como declaraciones de consenso de expertos. Este libro resume los principales puntos de vista y enfatiza los nuevos hallazgos (con referencias a las publicaciones m\u00e1s recientes). No es una revisi\u00f3n integral de la bibliograf\u00eda, sino un resumen del pensamiento actual.","producto_izquierdo_precio_tachado":"","producto_izquierdo_precio_final":"70","producto_izquierdo_cta_destino":"https:\/\/barcainnovationhub.com\/dpa\/add\/tocart\/id\/358","producto_izquierdo_cta_texto":"OBT\u00c9N ESTA GU\u00cdA","producto_derecho":true,"producto_derecho_titulo":"Muscle Injury Guide: Prevention of and Return to Play from Muscle Injuries","producto_derecho_img":"https:\/\/barcainnovationhub.com\/wp-content\/uploads\/2020\/06\/931b39b6-fcb-muscle-injury-guide-portada.jpg","producto_derecho_paginas":"203 p\u00e1ginas","producto_derecho_idioma":"Idioma: ingl\u00e9s","producto_derecho_editors":"EDITORES: Ricard Pruna, Thor Einar Andersen, Ben Clarsen, Alan McCall","producto_derecho_section_leaders":"","producto_derecho_contenido":"En el FC Barcelona creemos que la creaci\u00f3n, integraci\u00f3n y entrega de un programa m\u00e9dico y de rendimiento eficaz y eficiente requiere un enfoque basado en la evidencia, usando el mejor conocimiento de investigaci\u00f3n combinado con nuestros muchos a\u00f1os de experiencia pr\u00e1ctica. Tambi\u00e9n creemos fuertemente en compartir nuestro conocimiento y nuestras experiencias entre la comunidad del f\u00fatbol y los deportes a nivel mundial. Esta gu\u00eda apunta a proporcionar algunos ingredientes claves que usted puede adaptar e integrar apropiadamente en su pr\u00e1ctica.","producto_derecho_precio_tachado":"","producto_derecho_precio_final":"70","producto_derecho_cta_destino":"https:\/\/barcainnovationhub.com\/dpa\/add\/tocart\/id\/360","producto_derecho_cta_texto":"OBT\u00c9N ESTA GU\u00cdA"}],"active_faqs":true,"titulo_faqs":"Preguntas frecuentes","puc_faqs":[{"titulo_pregunta":"\u00bfQu\u00e9 es Professional Update Center?","contenido_pregunta":"Professional Update Center es un servicio online que permite a nuestros suscriptores acceder a una amplia variedad de c\u00e1psulas de contenido relacionadas a las \u00e1reas de conocimiento de Bar\u00e7a Innovation Hub, a trav\u00e9s de dispositivos conectados a Internet (ordenador, tablet o smartphone)."},{"titulo_pregunta":"\u00bfEn qu\u00e9 consisten las c\u00e1psulas de contenido de Professional Update Center?","contenido_pregunta":"Las c\u00e1psulas de contenido de Professional Update Center se encuentran enmarcadas dentro de las \u00e1reas de conocimiento de Bar\u00e7a Innovation Hub. Consisten en gu\u00edas pr\u00e1cticas, presentaciones, disertaciones de expertos, art\u00edculos originales sobre investigaci\u00f3n aplicada, casos cl\u00ednicos, art\u00edculos editoriales, art\u00edculos de consenso y otros, desarrollados por el equipo de Bar\u00e7a Innovation Hub y los diferentes servicios del FC Barcelona, como as\u00ed tambi\u00e9n por profesionales de universidades y centros de investigaci\u00f3n de todo el mundo. El contenido de Professional Update Center puede cambiar con el tiempo. Dependiendo de su formato, algunos contenidos poseen opci\u00f3n de descarga, por lo que podr\u00e1s leerlos dondequiera que vayas y cuando no dispongas de conexi\u00f3n a Internet. "},{"titulo_pregunta":"\u00bfCada cu\u00e1nto tiempo se disponibiliza nuevo contenido en Professional Update Center?","contenido_pregunta":"El volumen de carga o actualizaci\u00f3n de Professional Update Center no posee una cadencia preestablecida. Procuramos actualizar y disponer nuevas c\u00e1psulas de contenido continuamente. "},{"titulo_pregunta":"\u00bfEn qu\u00e9 idioma se encuentra el contenido de Professional Update Center?","contenido_pregunta":"El contenido disponible en Professional Update Center se encuentra solo en el idioma en el que cada contenido se realiz\u00f3 originalmente. Actualmente, la mayor\u00eda del contenido disponible se encuentra originalmente en ingl\u00e9s. "},{"titulo_pregunta":"En caso de suscribirme a Professional Update Center, \u00bfpuedo acceder a las c\u00e1psulas de contenido que se venden de manera individual?","contenido_pregunta":"Al suscribirte a Professional Update Center, tambi\u00e9n tendr\u00e1s acceso a las c\u00e1psulas de contenido que puedan estar disponibles para su venta por separado."},{"titulo_pregunta":"\u00bfCu\u00e1les son los planes de suscripci\u00f3n disponibles?","contenido_pregunta":"Professional Update Center dispone de una opci\u00f3n de suscripci\u00f3n semestral que incluye el acceso ilimitado, durante esos 6 meses, a todo el contenido disponible desde cualquier ordenador, tablet o smartphone con conexi\u00f3n a Internet. Como suscriptor de Professional Update Center, se te cobrar\u00e1 una sola vez, en la fecha en que te suscribiste originalmente. "},{"titulo_pregunta":"\u00bfCu\u00e1nto tiempo dura la suscripci\u00f3n a Professional Update Center?","contenido_pregunta":"La suscripci\u00f3n a Professional Update Center tiene una duraci\u00f3n de 6 meses, contados a partir de la fecha de pago de la suscripci\u00f3n."},{"titulo_pregunta":"\u00bfCu\u00e1les son los requisitos necesarios que debo cumplir para poder suscribirme a Professional Update Center?","contenido_pregunta":"Para poder visualizar el contenido de Professional Update Center, debes tener acceso a internet y un dispositivo (ordenador, tablet o smartphone), y haber abonado la suscripci\u00f3n de manera efectiva. "},{"titulo_pregunta":"\u00bfLa suscripci\u00f3n se paga una sola vez o se abona mensualmente?","contenido_pregunta":"La membres\u00eda de los usuarios de Professional Update Center se cobrar\u00e1 autom\u00e1ticamente y por \u00fanica vez en la fecha en la que se suscribieron al servicio, a trav\u00e9s de las formas de pago disponibles en el carrito de compra. Si el pago no se pudiera hacer satisfactoriamente, suspenderemos tu acceso a Professional Update Center hasta que obtengamos una forma de pago v\u00e1lida. Para algunas formas de pago, el emisor puede cobrar ciertos cargos, como cargos de transacci\u00f3n extranjera u otros cargos relacionados con el procesamiento de tu forma de pago. Los impuestos locales var\u00edan en funci\u00f3n de la forma de pago usada. Consulta con el proveedor de servicios de tu forma de pago para obtener informaci\u00f3n."},{"titulo_pregunta":"\u00bfPuedo cancelar mi suscripci\u00f3n a Professional Update Center?","contenido_pregunta":"Puedes cancelar tu membres\u00eda en cualquier momento. Debes tener en cuenta que el pago no es reembolsable y no se otorgar\u00e1n reembolsos ni cr\u00e9ditos por los periodos de membres\u00eda utilizados parcialmente o por el contenido que no hayas visto. Para cancelar, comun\u00edcate con nosotros a trav\u00e9s del Centro de Servicio. Si cancelas tu membres\u00eda, tu acceso a Professional Update Center se inhabilitar\u00e1 autom\u00e1ticamente. "},{"titulo_pregunta":"Una vez finalizados los 6 meses, \u00bfpuedo renovar mi suscripci\u00f3n?","contenido_pregunta":"Una vez finalizado tu periodo de suscripci\u00f3n, tendr\u00e1s la posibilidad de renovar tu suscripci\u00f3n por el mismo periodo. El procedimiento para abonar este nuevo periodo es el mismo que el efectuado al suscribirte por primera vez, pudiendo ingresar el mismo m\u00e9todo de pago u otro de tu preferencia. De todos modos, cerca de la fecha de finalizaci\u00f3n de tu suscripci\u00f3n a Professional Update Center te notificaremos al respecto. "}]},"_links":{"self":[{"href":"https:\/\/barcainnovationhub.com\/es\/wp-json\/wp\/v2\/pages\/61695"}],"collection":[{"href":"https:\/\/barcainnovationhub.com\/es\/wp-json\/wp\/v2\/pages"}],"about":[{"href":"https:\/\/barcainnovationhub.com\/es\/wp-json\/wp\/v2\/types\/page"}],"author":[{"embeddable":true,"href":"https:\/\/barcainnovationhub.com\/es\/wp-json\/wp\/v2\/users\/1"}],"replies":[{"embeddable":true,"href":"https:\/\/barcainnovationhub.com\/es\/wp-json\/wp\/v2\/comments?post=61695"}],"version-history":[{"count":5,"href":"https:\/\/barcainnovationhub.com\/es\/wp-json\/wp\/v2\/pages\/61695\/revisions"}],"predecessor-version":[{"id":66051,"href":"https:\/\/barcainnovationhub.com\/es\/wp-json\/wp\/v2\/pages\/61695\/revisions\/66051"}],"wp:attachment":[{"href":"https:\/\/barcainnovationhub.com\/es\/wp-json\/wp\/v2\/media?parent=61695"}],"wp:term":[{"taxonomy":"category","embeddable":true,"href":"https:\/\/barcainnovationhub.com\/es\/wp-json\/wp\/v2\/categories?post=61695"},{"taxonomy":"post_tag","embeddable":true,"href":"https:\/\/barcainnovationhub.com\/es\/wp-json\/wp\/v2\/tags?post=61695"}],"curies":[{"name":"wp","href":"https:\/\/api.w.org\/{rel}","templated":true}]}}