{"id":98237,"date":"2021-07-28T23:26:08","date_gmt":"2021-07-29T02:26:08","guid":{"rendered":"https:\/\/barcainnovationhub.com\/principal-blog\/"},"modified":"2022-01-05T16:42:13","modified_gmt":"2022-01-05T19:42:13","slug":"principal-blog","status":"publish","type":"page","link":"https:\/\/barcainnovationhub.com\/es\/principal-blog\/","title":{"rendered":"Principal blog"},"content":{"rendered":"","protected":false},"excerpt":{"rendered":"","protected":false},"author":1,"featured_media":0,"parent":0,"menu_order":95,"comment_status":"closed","ping_status":"closed","template":"page-templates\/new-principal-blog.php","meta":[],"categories":[],"tags":[],"yoast_head":"<!-- This site is optimized with the Yoast SEO plugin v16.6.1 - https:\/\/yoast.com\/wordpress\/plugins\/seo\/ -->\n<meta name=\"robots\" content=\"index, follow, max-snippet:-1, max-image-preview:large, max-video-preview:-1\" \/>\n<link rel=\"canonical\" href=\"https:\/\/barcainnovationhub.com\/es\/principal-blog\/\" \/>\n<meta property=\"og:locale\" content=\"es_ES\" \/>\n<meta property=\"og:type\" content=\"article\" \/>\n<meta property=\"og:title\" content=\"Principal blog - Bar\u00e7a Innovation Hub\" \/>\n<meta property=\"og:url\" content=\"https:\/\/barcainnovationhub.com\/es\/principal-blog\/\" \/>\n<meta property=\"og:site_name\" content=\"Bar\u00e7a Innovation Hub\" \/>\n<meta property=\"article:publisher\" content=\"https:\/\/www.facebook.com\/fcbuniversitas\" \/>\n<meta property=\"article:modified_time\" content=\"2022-01-05T19:42:13+00:00\" \/>\n<meta name=\"twitter:card\" content=\"summary\" \/>\n<meta name=\"twitter:site\" content=\"@BarcaInnoHub\" \/>\n<script type=\"application\/ld+json\" class=\"yoast-schema-graph\">{\"@context\":\"https:\/\/schema.org\",\"@graph\":[{\"@type\":\"WebSite\",\"@id\":\"https:\/\/barcainnovationhub.com\/#website\",\"url\":\"https:\/\/barcainnovationhub.com\/\",\"name\":\"Bar\\u00e7a Innovation Hub\",\"description\":\"The worldwide centre for sports knowledge and innovation\",\"potentialAction\":[{\"@type\":\"SearchAction\",\"target\":{\"@type\":\"EntryPoint\",\"urlTemplate\":\"https:\/\/barcainnovationhub.com\/?s={search_term_string}\"},\"query-input\":\"required name=search_term_string\"}],\"inLanguage\":\"es-ES\"},{\"@type\":\"WebPage\",\"@id\":\"https:\/\/barcainnovationhub.com\/es\/principal-blog\/#webpage\",\"url\":\"https:\/\/barcainnovationhub.com\/es\/principal-blog\/\",\"name\":\"Principal blog - Bar\\u00e7a Innovation Hub\",\"isPartOf\":{\"@id\":\"https:\/\/barcainnovationhub.com\/#website\"},\"datePublished\":\"2021-07-29T02:26:08+00:00\",\"dateModified\":\"2022-01-05T19:42:13+00:00\",\"breadcrumb\":{\"@id\":\"https:\/\/barcainnovationhub.com\/es\/principal-blog\/#breadcrumb\"},\"inLanguage\":\"es-ES\",\"potentialAction\":[{\"@type\":\"ReadAction\",\"target\":[\"https:\/\/barcainnovationhub.com\/es\/principal-blog\/\"]}]},{\"@type\":\"BreadcrumbList\",\"@id\":\"https:\/\/barcainnovationhub.com\/es\/principal-blog\/#breadcrumb\",\"itemListElement\":[{\"@type\":\"ListItem\",\"position\":1,\"name\":\"Portada\",\"item\":\"https:\/\/barcainnovationhub.com\/es\/\"},{\"@type\":\"ListItem\",\"position\":2,\"name\":\"Principal blog\"}]}]}<\/script>\n<!-- \/ Yoast SEO plugin. -->","acf":{"background_img_principal_blog":false,"titulo_blog_principal":" La \u00faltima informaci\u00f3n en ciencias del deporte y management deportivo","texto_cta_hero_blog_principal":"M\u00e1s informaci\u00f3n","url_cta_hero_blog_principal":"https:\/\/barcainnovationhub.com\/es\/acerca-de\/","titulo_categorias_populares_principal_blog":"","texto_categorias_populares_principal_blog":"","advertising_img":false,"advertising_principal_blog_title":"","advertising_principal_blog_text":"","advertising_principal_blog_cta_text":"","advertising_principal_blog_cta_url":"","texto_cta_load_more_principal_blog":"","url_cta_load_more_principal_blog":"","banner_1":false,"activar_banner_2":false,"banner_2":false,"activar_banner_3":false,"banner_3":false,"filtrar_categorias_populares":[209,210,211,212,213,239,215,241,240,219,216,123],"texto_cta_back_home":"HOME","activar_nuevos_banners":true,"mostrar_banner_1":true,"crear_banner_1":{"utilizar_imagen_unica_para_banner":true,"asignar_imagen_unica_para_banner":"https:\/\/static.capabiliaserver.com\/frontend\/clients\/barca\/wp_prod\/wp-content\/uploads\/2021\/12\/a1d4c583-fondo-14-1-7.png","mostrar_titulo_banner":true,"titulo_para_banner":"Using sponsorships to accelerate business growth","mostrar_subtitulo_banner":true,"subtitulo_del_banner":"NUEVO PROGRAMA","mostrar_cta_banner":true,"texto_cta_banner":"VISITAR","url_cta_banner":"https:\/\/barcainnovationhub.com\/product\/using-sponsorships-to-accelerate-business-growth\/?utm_source=ads_banner&utm_medium=banners&utm_campaign=blog","fondo_de_color_banner":"","fondo_de_imagen_banner":false,"mostrar_imagen_izquierda_banner":false,"asignar_imagen_izquierda_banner":false},"mostrar_banner_2":false,"crear_banner_2":{"utilizar_imagen_unica_para_banner":false,"asignar_imagen_unica_para_banner":false,"mostrar_titulo_banner":false,"titulo_para_banner":"","mostrar_subtitulo_banner":false,"subtitulo_del_banner":"","mostrar_cta_banner":false,"texto_cta_banner":"","url_cta_banner":"","fondo_de_color_banner":"","fondo_de_imagen_banner":false,"mostrar_imagen_izquierda_banner":false,"asignar_imagen_izquierda_banner":false},"mostrar_banner_3":false,"crear_banner_3":{"utilizar_imagen_unica_para_banner":false,"asignar_imagen_unica_para_banner":false,"mostrar_titulo_banner":false,"titulo_para_banner":"","mostrar_subtitulo_banner":false,"subtitulo_del_banner":"","mostrar_cta_banner":false,"texto_cta_banner":"","url_cta_banner":"","fondo_de_color_banner":"","fondo_de_imagen_banner":false,"mostrar_imagen_izquierda_banner":false,"asignar_imagen_izquierda_banner":false}},"_links":{"self":[{"href":"https:\/\/barcainnovationhub.com\/es\/wp-json\/wp\/v2\/pages\/98237"}],"collection":[{"href":"https:\/\/barcainnovationhub.com\/es\/wp-json\/wp\/v2\/pages"}],"about":[{"href":"https:\/\/barcainnovationhub.com\/es\/wp-json\/wp\/v2\/types\/page"}],"author":[{"embeddable":true,"href":"https:\/\/barcainnovationhub.com\/es\/wp-json\/wp\/v2\/users\/1"}],"replies":[{"embeddable":true,"href":"https:\/\/barcainnovationhub.com\/es\/wp-json\/wp\/v2\/comments?post=98237"}],"version-history":[{"count":5,"href":"https:\/\/barcainnovationhub.com\/es\/wp-json\/wp\/v2\/pages\/98237\/revisions"}],"predecessor-version":[{"id":115855,"href":"https:\/\/barcainnovationhub.com\/es\/wp-json\/wp\/v2\/pages\/98237\/revisions\/115855"}],"wp:attachment":[{"href":"https:\/\/barcainnovationhub.com\/es\/wp-json\/wp\/v2\/media?parent=98237"}],"wp:term":[{"taxonomy":"category","embeddable":true,"href":"https:\/\/barcainnovationhub.com\/es\/wp-json\/wp\/v2\/categories?post=98237"},{"taxonomy":"post_tag","embeddable":true,"href":"https:\/\/barcainnovationhub.com\/es\/wp-json\/wp\/v2\/tags?post=98237"}],"curies":[{"name":"wp","href":"https:\/\/api.w.org\/{rel}","templated":true}]}}