{"id":10301,"date":"2019-01-18T11:13:53","date_gmt":"2019-01-18T14:13:53","guid":{"rendered":"https:\/\/barcainnovationhub.com\/?post_type=product&#038;p=10301"},"modified":"2022-01-11T02:06:39","modified_gmt":"2022-01-11T05:06:39","slug":"introduccion-al-derecho-deportivo","status":"publish","type":"product","link":"https:\/\/barcainnovationhub.com\/es\/product\/introduccion-al-derecho-deportivo\/","title":{"rendered":"Introducci\u00f3n al Derecho Deportivo"},"content":{"rendered":"","protected":false},"excerpt":{"rendered":"","protected":false},"author":1,"featured_media":0,"comment_status":"open","ping_status":"closed","template":"","meta":[],"categories":[114,114],"yoast_head":"<!-- This site is optimized with the Yoast SEO plugin v16.6.1 - https:\/\/yoast.com\/wordpress\/plugins\/seo\/ -->\n<meta name=\"description\" content=\"En este programa aprender\u00e1s a negociar mejores acuerdos comerciales, comprender las fortalezas, las debilidades y las funciones de los \u00f3rganos de gobierno en el deporte.\" \/>\n<meta name=\"robots\" content=\"index, follow, max-snippet:-1, max-image-preview:large, max-video-preview:-1\" \/>\n<link rel=\"canonical\" href=\"https:\/\/barcainnovationhub.com\/es\/product\/introduccion-al-derecho-deportivo\/\" \/>\n<meta property=\"og:locale\" content=\"es_ES\" \/>\n<meta property=\"og:type\" content=\"article\" \/>\n<meta property=\"og:title\" content=\"Introducci\u00f3n al Derecho Deportivo\" \/>\n<meta property=\"og:description\" content=\"En este programa aprender\u00e1s a negociar mejores acuerdos comerciales, comprender las fortalezas, las debilidades y las funciones de los \u00f3rganos de gobierno en el deporte.\" \/>\n<meta property=\"og:url\" content=\"https:\/\/barcainnovationhub.com\/es\/product\/introduccion-al-derecho-deportivo\/\" \/>\n<meta property=\"og:site_name\" content=\"Bar\u00e7a Innovation Hub\" \/>\n<meta property=\"article:publisher\" content=\"https:\/\/www.facebook.com\/fcbuniversitas\" \/>\n<meta property=\"article:modified_time\" content=\"2022-01-11T05:06:39+00:00\" \/>\n<meta property=\"og:image\" content=\"https:\/\/barcainnovationhub.com\/wp-content\/uploads\/2019\/01\/24682360-basic-elements-of-sports-law-2.jpg\" \/>\n\t<meta property=\"og:image:width\" content=\"1200\" \/>\n\t<meta property=\"og:image:height\" content=\"1200\" \/>\n<meta name=\"twitter:card\" content=\"summary\" \/>\n<meta name=\"twitter:title\" content=\"Introducci\u00f3n al Derecho Deportivo\" \/>\n<meta name=\"twitter:image\" content=\"https:\/\/barcainnovationhub.com\/wp-content\/uploads\/2019\/01\/24682360-basic-elements-of-sports-law-2.jpg\" \/>\n<meta name=\"twitter:site\" content=\"@BarcaInnoHub\" \/>\n<script type=\"application\/ld+json\" class=\"yoast-schema-graph\">{\"@context\":\"https:\/\/schema.org\",\"@graph\":[{\"@type\":\"WebSite\",\"@id\":\"https:\/\/barcainnovationhub.com\/#website\",\"url\":\"https:\/\/barcainnovationhub.com\/\",\"name\":\"Bar\\u00e7a Innovation Hub\",\"description\":\"The worldwide centre for sports knowledge and innovation\",\"potentialAction\":[{\"@type\":\"SearchAction\",\"target\":{\"@type\":\"EntryPoint\",\"urlTemplate\":\"https:\/\/barcainnovationhub.com\/?s={search_term_string}\"},\"query-input\":\"required name=search_term_string\"}],\"inLanguage\":\"es-ES\"},{\"@type\":\"ImageObject\",\"@id\":\"https:\/\/barcainnovationhub.com\/es\/product\/introduccion-al-derecho-deportivo\/#primaryimage\",\"inLanguage\":\"es-ES\",\"url\":\"https:\/\/barcainnovationhub.com\/wp-content\/uploads\/2019\/01\/24682360-basic-elements-of-sports-law-2.jpg\",\"contentUrl\":\"https:\/\/barcainnovationhub.com\/wp-content\/uploads\/2019\/01\/24682360-basic-elements-of-sports-law-2.jpg\",\"width\":1200,\"height\":1200},{\"@type\":\"WebPage\",\"@id\":\"https:\/\/barcainnovationhub.com\/es\/product\/introduccion-al-derecho-deportivo\/#webpage\",\"url\":\"https:\/\/barcainnovationhub.com\/es\/product\/introduccion-al-derecho-deportivo\/\",\"name\":\"Introducci\\u00f3n al Derecho Deportivo - Bar\\u00e7a Innovation Hub\",\"isPartOf\":{\"@id\":\"https:\/\/barcainnovationhub.com\/#website\"},\"datePublished\":\"2019-01-18T14:13:53+00:00\",\"dateModified\":\"2022-01-11T05:06:39+00:00\",\"description\":\"En este programa aprender\\u00e1s a negociar mejores acuerdos comerciales, comprender las fortalezas, las debilidades y las funciones de los \\u00f3rganos de gobierno en el deporte.\",\"breadcrumb\":{\"@id\":\"https:\/\/barcainnovationhub.com\/es\/product\/introduccion-al-derecho-deportivo\/#breadcrumb\"},\"inLanguage\":\"es-ES\",\"potentialAction\":[{\"@type\":\"ReadAction\",\"target\":[\"https:\/\/barcainnovationhub.com\/es\/product\/introduccion-al-derecho-deportivo\/\"]}]},{\"@type\":\"BreadcrumbList\",\"@id\":\"https:\/\/barcainnovationhub.com\/es\/product\/introduccion-al-derecho-deportivo\/#breadcrumb\",\"itemListElement\":[{\"@type\":\"ListItem\",\"position\":1,\"name\":\"Portada\",\"item\":\"https:\/\/barcainnovationhub.com\/es\/\"},{\"@type\":\"ListItem\",\"position\":2,\"name\":\"Productos\",\"item\":\"https:\/\/barcainnovationhub.com\/es\/product\/\"},{\"@type\":\"ListItem\",\"position\":3,\"name\":\"Introducci\\u00f3n al Derecho Deportivo\"}]}]}<\/script>\n<!-- \/ Yoast SEO plugin. -->","acf":{"external_id":"1369","header_image":108338,"column_title":"","titulo_incentivo":"Introducci\u00f3n al Derecho Deportivo","precio":"200","precio_en_cuotas":"","precio_de_lista":"","mostrar_form":false,"promocion_vigente":"","duracion_del_curso":"1 Mes","nivel_del_curso":"Introductorio","modalidad_cursado":"Online","impartido_en":"Castellano","contenido":"<p>Comprender en t\u00e9rminos generales ciertos principios jur\u00eddicos puede ayudar al &#8220;lego&#8221; a negociar mejores acuerdos comerciales, a controlar con mayor eficacia a sus letrados y a sortear los riesgos durante los procesos de toma de decisiones de alto riesgo en la industria del deporte. Podemos dejar los tecnicismos a los abogados. Sin embargo, los principios jur\u00eddicos b\u00e1sicos, desde la ejecuci\u00f3n de los contratos hasta el cumplimiento de los acuerdos, son \u00fatiles para toda persona que pretenda hacer negocios en el mundo del deporte. Marcus Bach-Armas proporciona, a trav\u00e9s de este curso, los principios jur\u00eddicos b\u00e1sicos a los negociadores del mundo empresario deportivo, lo que redundar\u00e1 en resultados comerciales m\u00e1s favorables.<\/p>\n","ocultar_video":false,"avalado_por":false,"pdf_brochure":"https:\/\/static.capabiliaserver.com\/frontend\/clients\/barca\/wp_prod\/wp-content\/uploads\/2019\/01\/b14384d2-introduccion-al-derecho-deportivo.pdf","cursos_que_lo_componen":[{"nombre_del_curso":"Introducci\u00f3n al Derecho Deportivo","descripcion_del_curso":"<p>M\u00d3DULO 1: Principios de los contratos<br \/>\nM\u00d3DULO 2: Riesgos y soluciones jur\u00eddicas<br \/>\nM\u00d3DULO 3: \u00d3rganos de gobierno y sindicatos<br \/>\nM\u00d3DULO 4: El derecho deportivo en la pr\u00e1ctica<\/p>\n"}],"preguntas_frecuentes":false,"contenidistas":false,"docentes_expertos":[{"foto":"https:\/\/barcainnovationhub.com\/wp-content\/uploads\/2018\/06\/Marcus_Bach_Armas.jpg","nombre_del_docente":"Marcus Bach-Armas ","descripcion_del_docente":"M.A. en Sports Management. Director de Asuntos Legales y de Gobierno de Miami Dolphins & Sun Life Stadium.","enlace":""}],"hubspot_product_id":"11980881","url_video":"https:\/\/www.youtube.com\/embed\/Vaa14bdPZ5c","aprende_a":[{"item_aprende_a":"Comprender los elementos b\u00e1sicos de un contrato y ser capaz de negociar un contrato con inteligencia."},{"item_aprende_a":"Familiarizarse con los procesos y mecanismos b\u00e1sicos para la resoluci\u00f3n de controversias."},{"item_aprende_a":"Comprender las fortalezas, las debilidades y las funciones de los \u00f3rganos de gobierno en el deporte."}],"fecha_de_inicio":"10062021","imagen_destacada":false,"id_magento":"202","producto_path":false,"slidebox":false,"titulo_seccion_testimonios":"","slider_testimonios":false,"imagen_de_fondo_testimonios":false,"color_de_fondo_testimonios":"","activar_banner_1":false,"banner_1":false,"activar_banner_2":false,"banner_2":false,"activar_banner_3":false,"banner_3":false,"segunda_fecha_de_inicio":"","zona_horaria":"Europe\/Madrid","url_cursado_webinar":"","activar_nuevos_banners":false,"mostrar_banner_1":false,"crear_banner_1":{"utilizar_imagen_unica_para_banner":false,"asignar_imagen_unica_para_banner":false,"mostrar_titulo_banner":false,"titulo_para_banner":"","mostrar_subtitulo_banner":false,"subtitulo_del_banner":"","mostrar_cta_banner":false,"texto_cta_banner":"","url_cta_banner":"","fondo_de_color_banner":"","fondo_de_imagen_banner":false,"mostrar_imagen_izquierda_banner":false,"asignar_imagen_izquierda_banner":false},"mostrar_banner_2":false,"crear_banner_2":{"utilizar_imagen_unica_para_banner":false,"asignar_imagen_unica_para_banner":false,"mostrar_titulo_banner":false,"titulo_para_banner":"","mostrar_subtitulo_banner":false,"subtitulo_del_banner":"","mostrar_cta_banner":false,"texto_cta_banner":"","url_cta_banner":"","fondo_de_color_banner":"","fondo_de_imagen_banner":false,"mostrar_imagen_izquierda_banner":false,"asignar_imagen_izquierda_banner":false},"mostrar_banner_3":false,"crear_banner_3":{"utilizar_imagen_unica_para_banner":false,"asignar_imagen_unica_para_banner":false,"mostrar_titulo_banner":false,"titulo_para_banner":"","mostrar_subtitulo_banner":false,"subtitulo_del_banner":"","mostrar_cta_banner":false,"texto_cta_banner":"","url_cta_banner":"","fondo_de_color_banner":"","fondo_de_imagen_banner":false,"mostrar_imagen_izquierda_banner":false,"asignar_imagen_izquierda_banner":false}},"idiomas":{"en":10066,"es":10301,"ar":10301,"ca":10891,"ru":10301,"pt":10297},"_links":{"self":[{"href":"https:\/\/barcainnovationhub.com\/es\/wp-json\/wp\/v2\/products\/10301"}],"collection":[{"href":"https:\/\/barcainnovationhub.com\/es\/wp-json\/wp\/v2\/products"}],"about":[{"href":"https:\/\/barcainnovationhub.com\/es\/wp-json\/wp\/v2\/types\/product"}],"author":[{"embeddable":true,"href":"https:\/\/barcainnovationhub.com\/es\/wp-json\/wp\/v2\/users\/1"}],"replies":[{"embeddable":true,"href":"https:\/\/barcainnovationhub.com\/es\/wp-json\/wp\/v2\/comments?post=10301"}],"version-history":[{"count":5,"href":"https:\/\/barcainnovationhub.com\/es\/wp-json\/wp\/v2\/products\/10301\/revisions"}],"predecessor-version":[{"id":116413,"href":"https:\/\/barcainnovationhub.com\/es\/wp-json\/wp\/v2\/products\/10301\/revisions\/116413"}],"wp:attachment":[{"href":"https:\/\/barcainnovationhub.com\/es\/wp-json\/wp\/v2\/media?parent=10301"}],"wp:term":[{"taxonomy":"category","embeddable":true,"href":"https:\/\/barcainnovationhub.com\/es\/wp-json\/wp\/v2\/categories?post=10301"}],"curies":[{"name":"wp","href":"https:\/\/api.w.org\/{rel}","templated":true}]}}