{"id":10325,"date":"2019-01-18T11:48:57","date_gmt":"2019-01-18T14:48:57","guid":{"rendered":"https:\/\/barcainnovationhub.com\/product\/current-issues-in-sports-governance\/"},"modified":"2022-01-11T02:13:23","modified_gmt":"2022-01-11T05:13:23","slug":"sports-governance","status":"publish","type":"product","link":"https:\/\/barcainnovationhub.com\/es\/product\/sports-governance\/","title":{"rendered":"Sports Governance"},"content":{"rendered":"","protected":false},"excerpt":{"rendered":"","protected":false},"author":1,"featured_media":0,"comment_status":"open","ping_status":"closed","template":"","meta":[],"categories":[114,114],"yoast_head":"<!-- This site is optimized with the Yoast SEO plugin v16.6.1 - https:\/\/yoast.com\/wordpress\/plugins\/seo\/ -->\n<meta name=\"description\" content=\"En este curso aprender\u00e1s a comprender los aspectos relativos a la gobernabilidad en el deporte: instituciones, experiencia en la materia, responsabilidad y transparencia\" \/>\n<meta name=\"robots\" content=\"index, follow, max-snippet:-1, max-image-preview:large, max-video-preview:-1\" \/>\n<link rel=\"canonical\" href=\"https:\/\/barcainnovationhub.com\/es\/product\/sports-governance\/\" \/>\n<meta property=\"og:locale\" content=\"es_ES\" \/>\n<meta property=\"og:type\" content=\"article\" \/>\n<meta property=\"og:title\" content=\"Sports Governance\" \/>\n<meta property=\"og:description\" content=\"Cada vez m\u00e1s, el t\u00f3pico de la gobernabilidad es foco de debate en distintos espacios deportivos. La corrupci\u00f3n, el control de dopaje, el arbitraje y la elecci\u00f3n de las canchas son tan solo algunos de los temas que enfrenta el deporte en la era moderna.\" \/>\n<meta property=\"og:url\" content=\"https:\/\/barcainnovationhub.com\/es\/product\/sports-governance\/\" \/>\n<meta property=\"og:site_name\" content=\"Bar\u00e7a Innovation Hub\" \/>\n<meta property=\"article:publisher\" content=\"https:\/\/www.facebook.com\/fcbuniversitas\" \/>\n<meta property=\"article:modified_time\" content=\"2022-01-11T05:13:23+00:00\" \/>\n<meta property=\"og:image\" content=\"https:\/\/barcainnovationhub.com\/wp-content\/uploads\/2019\/01\/8121b262-current-issues-in-sports-governance.jpg\" \/>\n\t<meta property=\"og:image:width\" content=\"1200\" \/>\n\t<meta property=\"og:image:height\" content=\"1200\" \/>\n<meta name=\"twitter:card\" content=\"summary\" \/>\n<meta name=\"twitter:title\" content=\"Sports Governance\" \/>\n<meta name=\"twitter:description\" content=\"Cada vez m\u00e1s, el t\u00f3pico de la gobernabilidad es foco de debate en distintos espacios deportivos. La corrupci\u00f3n, el control de dopaje, el arbitraje y la elecci\u00f3n de las canchas son tan solo algunos de los temas que enfrenta el deporte en la era moderna.\" \/>\n<meta name=\"twitter:image\" content=\"https:\/\/barcainnovationhub.com\/wp-content\/uploads\/2019\/01\/8121b262-current-issues-in-sports-governance.jpg\" \/>\n<meta name=\"twitter:site\" content=\"@BarcaInnoHub\" \/>\n<script type=\"application\/ld+json\" class=\"yoast-schema-graph\">{\"@context\":\"https:\/\/schema.org\",\"@graph\":[{\"@type\":\"WebSite\",\"@id\":\"https:\/\/barcainnovationhub.com\/#website\",\"url\":\"https:\/\/barcainnovationhub.com\/\",\"name\":\"Bar\\u00e7a Innovation Hub\",\"description\":\"The worldwide centre for sports knowledge and innovation\",\"potentialAction\":[{\"@type\":\"SearchAction\",\"target\":{\"@type\":\"EntryPoint\",\"urlTemplate\":\"https:\/\/barcainnovationhub.com\/?s={search_term_string}\"},\"query-input\":\"required name=search_term_string\"}],\"inLanguage\":\"es-ES\"},{\"@type\":\"ImageObject\",\"@id\":\"https:\/\/barcainnovationhub.com\/es\/product\/sports-governance\/#primaryimage\",\"inLanguage\":\"es-ES\",\"url\":\"https:\/\/barcainnovationhub.com\/wp-content\/uploads\/2019\/01\/8121b262-current-issues-in-sports-governance.jpg\",\"contentUrl\":\"https:\/\/barcainnovationhub.com\/wp-content\/uploads\/2019\/01\/8121b262-current-issues-in-sports-governance.jpg\",\"width\":1200,\"height\":1200},{\"@type\":\"WebPage\",\"@id\":\"https:\/\/barcainnovationhub.com\/es\/product\/sports-governance\/#webpage\",\"url\":\"https:\/\/barcainnovationhub.com\/es\/product\/sports-governance\/\",\"name\":\"Sports Governance - Bar\\u00e7a Innovation Hub\",\"isPartOf\":{\"@id\":\"https:\/\/barcainnovationhub.com\/#website\"},\"datePublished\":\"2019-01-18T14:48:57+00:00\",\"dateModified\":\"2022-01-11T05:13:23+00:00\",\"description\":\"En este curso aprender\\u00e1s a comprender los aspectos relativos a la gobernabilidad en el deporte: instituciones, experiencia en la materia, responsabilidad y transparencia\",\"breadcrumb\":{\"@id\":\"https:\/\/barcainnovationhub.com\/es\/product\/sports-governance\/#breadcrumb\"},\"inLanguage\":\"es-ES\",\"potentialAction\":[{\"@type\":\"ReadAction\",\"target\":[\"https:\/\/barcainnovationhub.com\/es\/product\/sports-governance\/\"]}]},{\"@type\":\"BreadcrumbList\",\"@id\":\"https:\/\/barcainnovationhub.com\/es\/product\/sports-governance\/#breadcrumb\",\"itemListElement\":[{\"@type\":\"ListItem\",\"position\":1,\"name\":\"Portada\",\"item\":\"https:\/\/barcainnovationhub.com\/es\/\"},{\"@type\":\"ListItem\",\"position\":2,\"name\":\"Productos\",\"item\":\"https:\/\/barcainnovationhub.com\/es\/product\/\"},{\"@type\":\"ListItem\",\"position\":3,\"name\":\"Sports Governance\"}]}]}<\/script>\n<!-- \/ Yoast SEO plugin. -->","acf":{"external_id":"1367","header_image":108560,"column_title":"","titulo_incentivo":"Sports Governance","precio":"200","precio_en_cuotas":"","precio_de_lista":"","mostrar_form":false,"promocion_vigente":"","duracion_del_curso":"1 Mes","nivel_del_curso":"Introductorio","modalidad_cursado":"Online","impartido_en":"Castellano","contenido":"<p>Cada vez m\u00e1s, el t\u00f3pico de la gobernabilidad es foco de debate en distintos espacios deportivos. La corrupci\u00f3n, el control de dopaje, el arbitraje y la elecci\u00f3n de las canchas son tan solo algunos de los temas que enfrenta el deporte en la era moderna. Este curso, dise\u00f1ado por Robert Pielke, Jr., te ayudar\u00e1 a entender los elementos clave de la gobernabilidad deportiva: instituciones, pericia, rendici\u00f3n de cuentas y transparencia.<\/p>\n","ocultar_video":true,"avalado_por":false,"pdf_brochure":"https:\/\/static.capabiliaserver.com\/frontend\/clients\/barca\/wp_prod\/wp-content\/uploads\/2019\/01\/92c33dd4-sports-governance.pdf","cursos_que_lo_componen":[{"nombre_del_curso":"Sports Governance","descripcion_del_curso":"<p>M\u00d3DULO 1: Instituciones<br \/>\nM\u00d3DULO 2: Experiencia en la materia<br \/>\nM\u00d3DULO 3: Conflicto de intereses y capacidad de gobernabilidad<br \/>\nM\u00d3DULO 4: Problemas contempor\u00e1neos: armando el rompecabezas<\/p>\n"}],"preguntas_frecuentes":false,"contenidistas":false,"docentes_expertos":[{"foto":"https:\/\/barcainnovationhub.com\/wp-content\/uploads\/2019\/01\/3860daa2-roger_pielke_jr.jpg","nombre_del_docente":"Roger Pielke, Jr.","descripcion_del_docente":"Ph.D. en Ciencia Pol\u00edtica. Profesor del Environmental Studies Program y miembro del Cooperative Institute for Research in Environmental Sciences (CIRES).","enlace":""}],"imagen_destacada":false,"hubspot_product_id":"11974637","url_video":"","aprende_a":[{"item_aprende_a":"Comprender los aspectos clave relativos a la gobernabilidad en el deporte: instituciones, experiencia en la materia, responsabilidad y transparencia."}],"fecha_de_inicio":"10062021","id_magento":"195","producto_path":false,"slidebox":false,"titulo_seccion_testimonios":"","slider_testimonios":false,"imagen_de_fondo_testimonios":false,"color_de_fondo_testimonios":"","activar_banner_1":false,"banner_1":false,"activar_banner_2":false,"banner_2":false,"activar_banner_3":false,"banner_3":false,"segunda_fecha_de_inicio":"","zona_horaria":"Europe\/Madrid","url_cursado_webinar":"","activar_nuevos_banners":false,"mostrar_banner_1":false,"crear_banner_1":{"utilizar_imagen_unica_para_banner":false,"asignar_imagen_unica_para_banner":false,"mostrar_titulo_banner":false,"titulo_para_banner":"","mostrar_subtitulo_banner":false,"subtitulo_del_banner":"","mostrar_cta_banner":false,"texto_cta_banner":"","url_cta_banner":"","fondo_de_color_banner":"","fondo_de_imagen_banner":false,"mostrar_imagen_izquierda_banner":false,"asignar_imagen_izquierda_banner":false},"mostrar_banner_2":false,"crear_banner_2":{"utilizar_imagen_unica_para_banner":false,"asignar_imagen_unica_para_banner":false,"mostrar_titulo_banner":false,"titulo_para_banner":"","mostrar_subtitulo_banner":false,"subtitulo_del_banner":"","mostrar_cta_banner":false,"texto_cta_banner":"","url_cta_banner":"","fondo_de_color_banner":"","fondo_de_imagen_banner":false,"mostrar_imagen_izquierda_banner":false,"asignar_imagen_izquierda_banner":false},"mostrar_banner_3":false,"crear_banner_3":{"utilizar_imagen_unica_para_banner":false,"asignar_imagen_unica_para_banner":false,"mostrar_titulo_banner":false,"titulo_para_banner":"","mostrar_subtitulo_banner":false,"subtitulo_del_banner":"","mostrar_cta_banner":false,"texto_cta_banner":"","url_cta_banner":"","fondo_de_color_banner":"","fondo_de_imagen_banner":false,"mostrar_imagen_izquierda_banner":false,"asignar_imagen_izquierda_banner":false}},"idiomas":{"en":10306,"es":10325,"ar":10325,"ca":10323,"ru":10325,"pt":10324},"_links":{"self":[{"href":"https:\/\/barcainnovationhub.com\/es\/wp-json\/wp\/v2\/products\/10325"}],"collection":[{"href":"https:\/\/barcainnovationhub.com\/es\/wp-json\/wp\/v2\/products"}],"about":[{"href":"https:\/\/barcainnovationhub.com\/es\/wp-json\/wp\/v2\/types\/product"}],"author":[{"embeddable":true,"href":"https:\/\/barcainnovationhub.com\/es\/wp-json\/wp\/v2\/users\/1"}],"replies":[{"embeddable":true,"href":"https:\/\/barcainnovationhub.com\/es\/wp-json\/wp\/v2\/comments?post=10325"}],"version-history":[{"count":5,"href":"https:\/\/barcainnovationhub.com\/es\/wp-json\/wp\/v2\/products\/10325\/revisions"}],"predecessor-version":[{"id":116421,"href":"https:\/\/barcainnovationhub.com\/es\/wp-json\/wp\/v2\/products\/10325\/revisions\/116421"}],"wp:attachment":[{"href":"https:\/\/barcainnovationhub.com\/es\/wp-json\/wp\/v2\/media?parent=10325"}],"wp:term":[{"taxonomy":"category","embeddable":true,"href":"https:\/\/barcainnovationhub.com\/es\/wp-json\/wp\/v2\/categories?post=10325"}],"curies":[{"name":"wp","href":"https:\/\/api.w.org\/{rel}","templated":true}]}}