{"id":10332,"date":"2019-01-18T12:02:05","date_gmt":"2019-01-18T15:02:05","guid":{"rendered":"https:\/\/barcainnovationhub.com\/?post_type=product&#038;p=10332"},"modified":"2022-01-11T01:44:22","modified_gmt":"2022-01-11T04:44:22","slug":"certificado-en-gestion-de-la-carga-de-trabajo-en-futbol","status":"publish","type":"product","link":"https:\/\/barcainnovationhub.com\/es\/product\/certificado-en-gestion-de-la-carga-de-trabajo-en-futbol\/","title":{"rendered":"Certificado en Gesti\u00f3n de la Carga de Trabajo en F\u00fatbol"},"content":{"rendered":"","protected":false},"excerpt":{"rendered":"","protected":false},"author":1,"featured_media":0,"comment_status":"open","ping_status":"closed","template":"","meta":[],"categories":[114,114],"yoast_head":"<!-- This site is optimized with the Yoast SEO plugin v16.6.1 - https:\/\/yoast.com\/wordpress\/plugins\/seo\/ -->\n<meta name=\"description\" content=\"En este curso de gestion de carga en f\u00fatbol aprender\u00e1s a detectar y utilizar de manera adecuada los indicadores ma\u0301s relevantes de la carga de entrenamiento\" \/>\n<meta name=\"robots\" content=\"index, follow, max-snippet:-1, max-image-preview:large, max-video-preview:-1\" \/>\n<link rel=\"canonical\" href=\"https:\/\/barcainnovationhub.com\/es\/product\/certificado-en-gestion-de-la-carga-de-trabajo-en-futbol\/\" \/>\n<meta property=\"og:locale\" content=\"es_ES\" \/>\n<meta property=\"og:type\" content=\"article\" \/>\n<meta property=\"og:title\" content=\"Certificado en Gesti\u00f3n de la Carga de Trabajo en F\u00fatbol\" \/>\n<meta property=\"og:description\" content=\"En este curso de gestion de carga en f\u00fatbol aprender\u00e1s a detectar y utilizar de manera adecuada los indicadores ma\u0301s relevantes de la carga de entrenamiento\" \/>\n<meta property=\"og:url\" content=\"https:\/\/barcainnovationhub.com\/es\/product\/certificado-en-gestion-de-la-carga-de-trabajo-en-futbol\/\" \/>\n<meta property=\"og:site_name\" content=\"Bar\u00e7a Innovation Hub\" \/>\n<meta property=\"article:publisher\" content=\"https:\/\/www.facebook.com\/fcbuniversitas\" \/>\n<meta property=\"article:modified_time\" content=\"2022-01-11T04:44:22+00:00\" \/>\n<meta property=\"og:image\" content=\"https:\/\/barcainnovationhub.com\/wp-content\/uploads\/2019\/01\/70b9bdb4-certificate-in-workload-management-in-football.jpg\" \/>\n\t<meta property=\"og:image:width\" content=\"1200\" \/>\n\t<meta property=\"og:image:height\" content=\"1200\" \/>\n<meta name=\"twitter:card\" content=\"summary\" \/>\n<meta name=\"twitter:title\" content=\"Certificado en Gesti\u00f3n de la Carga de Trabajo en F\u00fatbol\" \/>\n<meta name=\"twitter:image\" content=\"https:\/\/barcainnovationhub.com\/wp-content\/uploads\/2019\/01\/70b9bdb4-certificate-in-workload-management-in-football.jpg\" \/>\n<meta name=\"twitter:site\" content=\"@BarcaInnoHub\" \/>\n<script type=\"application\/ld+json\" class=\"yoast-schema-graph\">{\"@context\":\"https:\/\/schema.org\",\"@graph\":[{\"@type\":\"WebSite\",\"@id\":\"https:\/\/barcainnovationhub.com\/#website\",\"url\":\"https:\/\/barcainnovationhub.com\/\",\"name\":\"Bar\\u00e7a Innovation Hub\",\"description\":\"The worldwide centre for sports knowledge and innovation\",\"potentialAction\":[{\"@type\":\"SearchAction\",\"target\":{\"@type\":\"EntryPoint\",\"urlTemplate\":\"https:\/\/barcainnovationhub.com\/?s={search_term_string}\"},\"query-input\":\"required name=search_term_string\"}],\"inLanguage\":\"es-ES\"},{\"@type\":\"ImageObject\",\"@id\":\"https:\/\/barcainnovationhub.com\/es\/product\/certificado-en-gestion-de-la-carga-de-trabajo-en-futbol\/#primaryimage\",\"inLanguage\":\"es-ES\",\"url\":\"https:\/\/barcainnovationhub.com\/wp-content\/uploads\/2019\/01\/70b9bdb4-certificate-in-workload-management-in-football.jpg\",\"contentUrl\":\"https:\/\/barcainnovationhub.com\/wp-content\/uploads\/2019\/01\/70b9bdb4-certificate-in-workload-management-in-football.jpg\",\"width\":1200,\"height\":1200},{\"@type\":\"WebPage\",\"@id\":\"https:\/\/barcainnovationhub.com\/es\/product\/certificado-en-gestion-de-la-carga-de-trabajo-en-futbol\/#webpage\",\"url\":\"https:\/\/barcainnovationhub.com\/es\/product\/certificado-en-gestion-de-la-carga-de-trabajo-en-futbol\/\",\"name\":\"Certificado en Gesti\\u00f3n de la Carga de Trabajo en F\\u00fatbol - Bar\\u00e7a Innovation Hub\",\"isPartOf\":{\"@id\":\"https:\/\/barcainnovationhub.com\/#website\"},\"datePublished\":\"2019-01-18T15:02:05+00:00\",\"dateModified\":\"2022-01-11T04:44:22+00:00\",\"description\":\"En este curso de gestion de carga en f\\u00fatbol aprender\\u00e1s a detectar y utilizar de manera adecuada los indicadores ma\\u0301s relevantes de la carga de entrenamiento\",\"breadcrumb\":{\"@id\":\"https:\/\/barcainnovationhub.com\/es\/product\/certificado-en-gestion-de-la-carga-de-trabajo-en-futbol\/#breadcrumb\"},\"inLanguage\":\"es-ES\",\"potentialAction\":[{\"@type\":\"ReadAction\",\"target\":[\"https:\/\/barcainnovationhub.com\/es\/product\/certificado-en-gestion-de-la-carga-de-trabajo-en-futbol\/\"]}]},{\"@type\":\"BreadcrumbList\",\"@id\":\"https:\/\/barcainnovationhub.com\/es\/product\/certificado-en-gestion-de-la-carga-de-trabajo-en-futbol\/#breadcrumb\",\"itemListElement\":[{\"@type\":\"ListItem\",\"position\":1,\"name\":\"Portada\",\"item\":\"https:\/\/barcainnovationhub.com\/es\/\"},{\"@type\":\"ListItem\",\"position\":2,\"name\":\"Productos\",\"item\":\"https:\/\/barcainnovationhub.com\/es\/product\/\"},{\"@type\":\"ListItem\",\"position\":3,\"name\":\"Certificado en Gesti\\u00f3n de la Carga de Trabajo en F\\u00fatbol\"}]}]}<\/script>\n<!-- \/ Yoast SEO plugin. -->","acf":{"external_id":"1373","header_image":108550,"column_title":"","titulo_incentivo":"Certificado en Gesti\u00f3n de la Carga de Trabajo en F\u00fatbol","precio":"625","precio_en_cuotas":"4 pagos mensuales de \u20ac 156,25","precio_de_lista":"","mostrar_form":false,"promocion_vigente":"","duracion_del_curso":"4 Meses","nivel_del_curso":"Avanzado","modalidad_cursado":"Online","impartido_en":"Castellano","contenido":"<p><span data-sheets-value=\"{&quot;1&quot;:2,&quot;2&quot;:&quot;En el \u00e1mbito deportivo, la proliferaci\u00f3n de nuevas tecnolog\u00edas dio lugar a formas m\u00e1s eficientes, accesibles e ilimitadas de aprender, analizar y entrenar. Estos avances, sumados a una mayor participaci\u00f3n de las ciencias en el deporte, han permitido, ente otras cosas, que el control de la carga en el entrenamiento sea m\u00e1s espec\u00edfico y riguroso. Esto obliga a profesionales y atletas a capacitarse de forma continua e incorporar dichas herramientas para mejorar y potenciar sus resultados. \\n\\nEl Certificado en Gesti\u00f3n de la Carga de Trabajo en F\u00fatbol es un programa introductorio e integral dirigido a personas relacionadas con las ciencias del deporte que buscan incrementar el desempe\u00f1o deportivo personal o de sus atletas. De la mano de David Casamichana, conocera\u0301s los medios ma\u0301s actuales de control de la carga de entrenamiento y competencia, evaluando su aplicabilidad a las distintas situaciones. Tambie\u0301n podra\u0301s reconocer la importancia de la valoracio\u0301n de las cargas de entrenamiento, tanto interna como externa, asi\u0301 como los distintos medios tecnolo\u0301gicos necesarios para este fin. &quot;}\" data-sheets-userformat=\"{&quot;2&quot;:13119,&quot;3&quot;:{&quot;1&quot;:0},&quot;4&quot;:[null,2,16770456],&quot;5&quot;:{&quot;1&quot;:[{&quot;1&quot;:2,&quot;2&quot;:0,&quot;5&quot;:{&quot;1&quot;:0}},{&quot;1&quot;:0,&quot;2&quot;:0,&quot;3&quot;:3},{&quot;1&quot;:1,&quot;2&quot;:0,&quot;4&quot;:1}]},&quot;6&quot;:{&quot;1&quot;:[{&quot;1&quot;:2,&quot;2&quot;:0,&quot;5&quot;:{&quot;1&quot;:0}},{&quot;1&quot;:0,&quot;2&quot;:0,&quot;3&quot;:3},{&quot;1&quot;:1,&quot;2&quot;:0,&quot;4&quot;:1}]},&quot;7&quot;:{&quot;1&quot;:[{&quot;1&quot;:2,&quot;2&quot;:0,&quot;5&quot;:{&quot;1&quot;:0}},{&quot;1&quot;:0,&quot;2&quot;:0,&quot;3&quot;:3},{&quot;1&quot;:1,&quot;2&quot;:0,&quot;4&quot;:1}]},&quot;8&quot;:{&quot;1&quot;:[{&quot;1&quot;:2,&quot;2&quot;:0,&quot;5&quot;:{&quot;1&quot;:0}},{&quot;1&quot;:0,&quot;2&quot;:0,&quot;3&quot;:3},{&quot;1&quot;:1,&quot;2&quot;:0,&quot;4&quot;:1}]},&quot;11&quot;:4,&quot;12&quot;:0,&quot;15&quot;:&quot;Arial&quot;,&quot;16&quot;:10}\">En el \u00e1mbito deportivo, la proliferaci\u00f3n de nuevas tecnolog\u00edas dio lugar a formas m\u00e1s eficientes, accesibles e ilimitadas de aprender, analizar y entrenar. Estos avances, sumados a una mayor participaci\u00f3n de las ciencias en el deporte, han permitido, ente otras cosas, que el control de la carga en el entrenamiento sea m\u00e1s espec\u00edfico y riguroso. Esto obliga a profesionales y atletas a capacitarse de forma continua e incorporar dichas herramientas para mejorar y potenciar sus resultados. <\/span><\/p>\n<p>El <strong>Certificado en Gesti\u00f3n de la Carga de Trabajo en F\u00fatbol<\/strong> es un programa introductorio e integral dirigido a personas relacionadas con las ciencias del deporte que buscan incrementar el desempe\u00f1o deportivo personal o de sus atletas. De la mano de David Casamichana, conocera\u0301s los medios ma\u0301s actuales de control de la carga de entrenamiento y competencia, evaluando su aplicabilidad a las distintas situaciones. Tambie\u0301n podra\u0301s reconocer la importancia de la valoracio\u0301n de las cargas de entrenamiento, tanto interna como externa, asi\u0301 como los distintos medios tecnolo\u0301gicos necesarios para este fin.<\/p>\n","ocultar_video":false,"avalado_por":false,"pdf_brochure":"https:\/\/static.capabiliaserver.com\/frontend\/clients\/barca\/wp_prod\/wp-content\/uploads\/2019\/01\/6f55de2f-certificado-en-gestion-de-la-carga-de-trabajo-en-futbol.pdf","cursos_que_lo_componen":[{"nombre_del_curso":"Herramientas y Variables para la Monitorizacio\u0301n de la Carga de Entrenamiento","descripcion_del_curso":"<p>MO\u0301DULO 1: Introduccio\u0301n a la monitorizacio\u0301n de la carga de entrenamiento<br \/>\nMO\u0301DULO 2: El ciclo de planificar-intervenir-evaluar en el proceso de entrenamiento<br \/>\nMO\u0301DULO 3: Herramientas de monitorizacio\u0301n de carga interna y sus variables<br \/>\nMO\u0301DULO 4: Herramientas de monitorizacio\u0301n de carga externa y sus variables <\/p>\n"},{"nombre_del_curso":"Eleccio\u0301n de Variables: \u00bfEstamos Repitiendo Informacio\u0301n o Aportando Informacio\u0301n Adicional?","descripcion_del_curso":"<p>MO\u0301DULO 1: Relacio\u0301n entre variables de carga interna entre s\u00ed y con variables de carga externa<br \/>\nMO\u0301DULO 2: Relacio\u0301n entre variables de carga externa<br \/>\nMO\u0301DULO 3: Integracio\u0301n de medidas. I\u0301ndice de eficiencia<br \/>\nMO\u0301DULO 4: Eleccio\u0301n de variables <\/p>\n"},{"nombre_del_curso":"Evaluacio\u0301n del Entrenamiento y Gestio\u0301n de la Carga de Entrenamiento","descripcion_del_curso":"<p>MO\u0301DULO 1: Ana\u0301lisis de la tarea de entrenamiento<br \/>\nMO\u0301DULO 2: Ana\u0301lisis de la sesio\u0301n de entrenamiento<br \/>\nMO\u0301DULO 3: Ana\u0301lisis del microciclo de entrenamiento<br \/>\nMO\u0301DULO 4: Ana\u0301lisis del mesociclo y de fases temporales m\u00e1s amplias de entrenamiento<\/p>\n"},{"nombre_del_curso":"Indicadores para la Gestio\u0301n de la Carga de Entrenamiento","descripcion_del_curso":"<p>MO\u0301DULO 1: Cambios semanales<br \/>\nMO\u0301DULO 2: Ratio de carga aguda cr\u00f3nica: concepto y procedimiento de c\u00e1lculo<br \/>\nM\u00d3DULO 3: Ratio de carga aguda cr\u00f3nica: aplicaciones y limitaciones<br \/>\nMO\u0301DULO 4: Moderadores y mediadores de la carga de entrenamiento<\/p>\n"}],"preguntas_frecuentes":false,"contenidistas":false,"docentes_expertos":[{"foto":"https:\/\/barcainnovationhub.com\/wp-content\/uploads\/2019\/01\/469f2a42-david-casamichana.jpg","nombre_del_docente":"David Casamichana G\u00f3mez","descripcion_del_docente":"Doctor en Ciencias de la Actividad F\u00edsica y del Deporte. Preparador f\u00edsico en f\u00fatbol. Profesor universitario e investigador.","enlace":""}],"hubspot_product_id":"11974635","url_video":"https:\/\/www.youtube.com\/embed\/tBK6UtMuhhk","aprende_a":[{"item_aprende_a":"Manejar las distintas herramientas y variables de la monitorizacio\u0301n del entrenamiento. "},{"item_aprende_a":"Seleccionar las variables adecuadas en funcio\u0301n de los distintos objetivos que se tengan dentro del control de carga de entrenamiento y competencia"},{"item_aprende_a":"Utilizar los datos arrojados por el control de la carga para evaluar y gestionar el proceso."},{"item_aprende_a":"Detectar y utilizar de manera adecuada los indicadores ma\u0301s relevantes de la carga de entrenamiento."}],"fecha_de_inicio":"10062021","imagen_destacada":false,"id_magento":"185","producto_path":false,"slidebox":false,"titulo_seccion_testimonios":"","slider_testimonios":false,"imagen_de_fondo_testimonios":false,"color_de_fondo_testimonios":"","activar_banner_1":false,"banner_1":false,"activar_banner_2":false,"banner_2":false,"activar_banner_3":false,"banner_3":false,"segunda_fecha_de_inicio":"","zona_horaria":"Europe\/Madrid","url_cursado_webinar":"","activar_nuevos_banners":false,"mostrar_banner_1":false,"crear_banner_1":{"utilizar_imagen_unica_para_banner":false,"asignar_imagen_unica_para_banner":false,"mostrar_titulo_banner":false,"titulo_para_banner":"","mostrar_subtitulo_banner":false,"subtitulo_del_banner":"","mostrar_cta_banner":false,"texto_cta_banner":"","url_cta_banner":"","fondo_de_color_banner":"","fondo_de_imagen_banner":false,"mostrar_imagen_izquierda_banner":false,"asignar_imagen_izquierda_banner":false},"mostrar_banner_2":false,"crear_banner_2":{"utilizar_imagen_unica_para_banner":false,"asignar_imagen_unica_para_banner":false,"mostrar_titulo_banner":false,"titulo_para_banner":"","mostrar_subtitulo_banner":false,"subtitulo_del_banner":"","mostrar_cta_banner":false,"texto_cta_banner":"","url_cta_banner":"","fondo_de_color_banner":"","fondo_de_imagen_banner":false,"mostrar_imagen_izquierda_banner":false,"asignar_imagen_izquierda_banner":false},"mostrar_banner_3":false,"crear_banner_3":{"utilizar_imagen_unica_para_banner":false,"asignar_imagen_unica_para_banner":false,"mostrar_titulo_banner":false,"titulo_para_banner":"","mostrar_subtitulo_banner":false,"subtitulo_del_banner":"","mostrar_cta_banner":false,"texto_cta_banner":"","url_cta_banner":"","fondo_de_color_banner":"","fondo_de_imagen_banner":false,"mostrar_imagen_izquierda_banner":false,"asignar_imagen_izquierda_banner":false}},"idiomas":{"en":10305,"es":10332,"ar":81667,"ca":10314,"ru":10332,"pt":10344},"_links":{"self":[{"href":"https:\/\/barcainnovationhub.com\/es\/wp-json\/wp\/v2\/products\/10332"}],"collection":[{"href":"https:\/\/barcainnovationhub.com\/es\/wp-json\/wp\/v2\/products"}],"about":[{"href":"https:\/\/barcainnovationhub.com\/es\/wp-json\/wp\/v2\/types\/product"}],"author":[{"embeddable":true,"href":"https:\/\/barcainnovationhub.com\/es\/wp-json\/wp\/v2\/users\/1"}],"replies":[{"embeddable":true,"href":"https:\/\/barcainnovationhub.com\/es\/wp-json\/wp\/v2\/comments?post=10332"}],"version-history":[{"count":5,"href":"https:\/\/barcainnovationhub.com\/es\/wp-json\/wp\/v2\/products\/10332\/revisions"}],"predecessor-version":[{"id":116384,"href":"https:\/\/barcainnovationhub.com\/es\/wp-json\/wp\/v2\/products\/10332\/revisions\/116384"}],"wp:attachment":[{"href":"https:\/\/barcainnovationhub.com\/es\/wp-json\/wp\/v2\/media?parent=10332"}],"wp:term":[{"taxonomy":"category","embeddable":true,"href":"https:\/\/barcainnovationhub.com\/es\/wp-json\/wp\/v2\/categories?post=10332"}],"curies":[{"name":"wp","href":"https:\/\/api.w.org\/{rel}","templated":true}]}}