{"id":10423,"date":"2019-01-18T14:26:12","date_gmt":"2019-01-18T17:26:12","guid":{"rendered":"https:\/\/barcainnovationhub.com\/product\/certificate-in-sport-psychology-for-athletes-development\/"},"modified":"2022-01-11T01:38:00","modified_gmt":"2022-01-11T04:38:00","slug":"certificado-en-psicologia-del-deporte-para-el-desarrollo-de-atletas","status":"publish","type":"product","link":"https:\/\/barcainnovationhub.com\/es\/product\/certificado-en-psicologia-del-deporte-para-el-desarrollo-de-atletas\/","title":{"rendered":"Certificado en Psicolog\u00eda del Deporte para el Desarrollo de Atletas"},"content":{"rendered":"","protected":false},"excerpt":{"rendered":"","protected":false},"author":1,"featured_media":0,"comment_status":"open","ping_status":"closed","template":"","meta":[],"categories":[114,114],"yoast_head":"<!-- This site is optimized with the Yoast SEO plugin v16.6.1 - https:\/\/yoast.com\/wordpress\/plugins\/seo\/ -->\n<meta name=\"description\" content=\"En este curso de psicolog\u00eda deportiva aprender\u00e1s a manejar las distintas t\u00e9cnicas de intervenci\u00f3n psicol\u00f3gicas adaptadas a las necesidades del deportista.\" \/>\n<meta name=\"robots\" content=\"index, follow, max-snippet:-1, max-image-preview:large, max-video-preview:-1\" \/>\n<link rel=\"canonical\" href=\"https:\/\/barcainnovationhub.com\/es\/product\/certificado-en-psicologia-del-deporte-para-el-desarrollo-de-atletas\/\" \/>\n<meta property=\"og:locale\" content=\"es_ES\" \/>\n<meta property=\"og:type\" content=\"article\" \/>\n<meta property=\"og:title\" content=\"Certificado en Psicolog\u00eda del Deporte para el Desarrollo de Atletas\" \/>\n<meta property=\"og:description\" content=\"Para un deportista, enfrentarse a una competici\u00f3n significa dar lo m\u00e1ximo. Se trata de la puesta a punto de sus condiciones f\u00edsicas en un entorno variable y con el objetivo de alcanzar el mejor rendimiento posible. Con demasiada frecuencia, el deportista, capaz de dejarse la piel, de superar el dolor y de pelear hasta la extenuaci\u00f3n, es consciente de que el mayor de los impulsos proviene de un m\u00fasculo llamado MENTE que, por supuesto, tambi\u00e9n hay que entrenar.\" \/>\n<meta property=\"og:url\" content=\"https:\/\/barcainnovationhub.com\/es\/product\/certificado-en-psicologia-del-deporte-para-el-desarrollo-de-atletas\/\" \/>\n<meta property=\"og:site_name\" content=\"Bar\u00e7a Innovation Hub\" \/>\n<meta property=\"article:publisher\" content=\"https:\/\/www.facebook.com\/fcbuniversitas\" \/>\n<meta property=\"article:modified_time\" content=\"2022-01-11T04:38:00+00:00\" \/>\n<meta property=\"og:image\" content=\"https:\/\/static.capabiliaserver.com\/frontend\/clients\/barca\/wp_prod\/wp-content\/uploads\/2019\/01\/78865c52-certificate-in-sport-psychology-for-athletes-development-3.jpg\" \/>\n\t<meta property=\"og:image:width\" content=\"1200\" \/>\n\t<meta property=\"og:image:height\" content=\"1200\" \/>\n<meta name=\"twitter:card\" content=\"summary\" \/>\n<meta name=\"twitter:title\" content=\"Certificado en Psicolog\u00eda del Deporte para el Desarrollo de Atletas\" \/>\n<meta name=\"twitter:description\" content=\"Para un deportista, enfrentarse a una competici\u00f3n significa dar lo m\u00e1ximo. Se trata de la puesta a punto de sus condiciones f\u00edsicas en un entorno variable y con el objetivo de alcanzar el mejor rendimiento posible. Con demasiada frecuencia, el deportista, capaz de dejarse la piel, de superar el dolor y de pelear hasta la extenuaci\u00f3n, es consciente de que el mayor de los impulsos proviene de un m\u00fasculo llamado MENTE que, por supuesto, tambi\u00e9n hay que entrenar.\" \/>\n<meta name=\"twitter:image\" content=\"https:\/\/static.capabiliaserver.com\/frontend\/clients\/barca\/wp_prod\/wp-content\/uploads\/2019\/01\/78865c52-certificate-in-sport-psychology-for-athletes-development-3.jpg\" \/>\n<meta name=\"twitter:site\" content=\"@BarcaInnoHub\" \/>\n<script type=\"application\/ld+json\" class=\"yoast-schema-graph\">{\"@context\":\"https:\/\/schema.org\",\"@graph\":[{\"@type\":\"WebSite\",\"@id\":\"https:\/\/barcainnovationhub.com\/#website\",\"url\":\"https:\/\/barcainnovationhub.com\/\",\"name\":\"Bar\\u00e7a Innovation Hub\",\"description\":\"The worldwide centre for sports knowledge and innovation\",\"potentialAction\":[{\"@type\":\"SearchAction\",\"target\":{\"@type\":\"EntryPoint\",\"urlTemplate\":\"https:\/\/barcainnovationhub.com\/?s={search_term_string}\"},\"query-input\":\"required name=search_term_string\"}],\"inLanguage\":\"es-ES\"},{\"@type\":\"ImageObject\",\"@id\":\"https:\/\/barcainnovationhub.com\/es\/product\/certificado-en-psicologia-del-deporte-para-el-desarrollo-de-atletas\/#primaryimage\",\"inLanguage\":\"es-ES\",\"url\":\"https:\/\/static.capabiliaserver.com\/frontend\/clients\/barca\/wp_prod\/wp-content\/uploads\/2019\/01\/78865c52-certificate-in-sport-psychology-for-athletes-development-3.jpg\",\"contentUrl\":\"https:\/\/static.capabiliaserver.com\/frontend\/clients\/barca\/wp_prod\/wp-content\/uploads\/2019\/01\/78865c52-certificate-in-sport-psychology-for-athletes-development-3.jpg\",\"width\":1200,\"height\":1200},{\"@type\":\"WebPage\",\"@id\":\"https:\/\/barcainnovationhub.com\/es\/product\/certificado-en-psicologia-del-deporte-para-el-desarrollo-de-atletas\/#webpage\",\"url\":\"https:\/\/barcainnovationhub.com\/es\/product\/certificado-en-psicologia-del-deporte-para-el-desarrollo-de-atletas\/\",\"name\":\"Certificado en Psicolog\\u00eda del Deporte para el Desarrollo de Atletas\",\"isPartOf\":{\"@id\":\"https:\/\/barcainnovationhub.com\/#website\"},\"datePublished\":\"2019-01-18T17:26:12+00:00\",\"dateModified\":\"2022-01-11T04:38:00+00:00\",\"description\":\"En este curso de psicolog\\u00eda deportiva aprender\\u00e1s a manejar las distintas t\\u00e9cnicas de intervenci\\u00f3n psicol\\u00f3gicas adaptadas a las necesidades del deportista.\",\"breadcrumb\":{\"@id\":\"https:\/\/barcainnovationhub.com\/es\/product\/certificado-en-psicologia-del-deporte-para-el-desarrollo-de-atletas\/#breadcrumb\"},\"inLanguage\":\"es-ES\",\"potentialAction\":[{\"@type\":\"ReadAction\",\"target\":[\"https:\/\/barcainnovationhub.com\/es\/product\/certificado-en-psicologia-del-deporte-para-el-desarrollo-de-atletas\/\"]}]},{\"@type\":\"BreadcrumbList\",\"@id\":\"https:\/\/barcainnovationhub.com\/es\/product\/certificado-en-psicologia-del-deporte-para-el-desarrollo-de-atletas\/#breadcrumb\",\"itemListElement\":[{\"@type\":\"ListItem\",\"position\":1,\"name\":\"Portada\",\"item\":\"https:\/\/barcainnovationhub.com\/es\/\"},{\"@type\":\"ListItem\",\"position\":2,\"name\":\"Productos\",\"item\":\"https:\/\/barcainnovationhub.com\/es\/product\/\"},{\"@type\":\"ListItem\",\"position\":3,\"name\":\"Certificado en Psicolog\\u00eda del Deporte para el Desarrollo de Atletas\"}]}]}<\/script>\n<!-- \/ Yoast SEO plugin. -->","acf":{"external_id":"1372","header_image":108414,"column_title":"","titulo_incentivo":"Certificado en Psicolog\u00eda del Deporte para el Desarrollo de Atletas","precio":"625","precio_en_cuotas":"4 pagos mensuales de \u20ac 156,25","precio_de_lista":"","mostrar_form":false,"promocion_vigente":"","duracion_del_curso":"4 meses","nivel_del_curso":"Avanzado","modalidad_cursado":"Online","impartido_en":"Castellano","contenido":"<p>Para un deportista, enfrentarse a una competici\u00f3n significa dar lo m\u00e1ximo. Se trata de la puesta a punto de sus condiciones f\u00edsicas en un entorno variable y con el objetivo de alcanzar el mejor rendimiento posible. Con demasiada frecuencia, el deportista, capaz de dejarse la piel, de superar el dolor y de pelear hasta la extenuaci\u00f3n, es consciente de que el mayor de los impulsos proviene de un m\u00fasculo llamado MENTE que, por supuesto, tambi\u00e9n hay que entrenar. En este sentido, como profesionales que interactuamos con deportistas, debemos ser capaces de comprender el desarrollo hol\u00edstico de los atletas, incluidos los dominios biof\u00edsicos y psicosociales, y aplicar este conocimiento a su pr\u00e1ctica de entrenamiento.<\/p>\n<p>En el <strong>Certificado en Psicolog\u00eda del Deporte para el Desarrollo de Atletas<\/strong>, Ana Merayo aborda las principales herramientas que te permitir\u00e1n brindar un mejor acompa\u00f1amiento a deportistas de alto nivel. Entender\u00e1s c\u00f3mo trabajar en y con las diferentes \u00e1reas, para que el\/la deportista pueda conseguir su m\u00e1ximo rendimiento en todos los entornos en los que se relaciona, y poder aumentar as\u00ed su talento y \u00e9xito. Al finalizar este certificado, sabr\u00e1s acompa\u00f1ar de forma hol\u00edstica al deportista, teniendo en cuenta las diversas facetas que configuran la vida de un jugador.<\/p>\n","ocultar_video":false,"avalado_por":false,"pdf_brochure":"https:\/\/static.capabiliaserver.com\/frontend\/clients\/barca\/wp_prod\/wp-content\/uploads\/2019\/01\/f29095e4-certificado-en-psicologia-del-deporte-para-el-desarrollo-de-atletas.pdf","cursos_que_lo_componen":[{"nombre_del_curso":"La Vida del Deportista de \u00c9lite","descripcion_del_curso":"<p>M\u00d3DULO 1: Modelo sist\u00e9mico<br \/>\nM\u00d3DULO 2: Modelo de carrera deportiva I y II<br \/>\nM\u00d3DULO 3: Carrera dual<br \/>\nM\u00d3DULO 4: Ejemplos de intervenci\u00f3n en etapas de transici\u00f3n en la vida del deportista <\/p>\n"},{"nombre_del_curso":"Variables Psicol\u00f3gicas y Rendimiento Deportivo","descripcion_del_curso":"<p>M\u00d3DULO 1: Atenci\u00f3n y concentraci\u00f3n<br \/>\nM\u00d3DULO 2: Motivaci\u00f3n<br \/>\nM\u00d3DULO 3: Ansiedad y estr\u00e9s<br \/>\nM\u00d3DULO 4: Autoconfianza <\/p>\n"},{"nombre_del_curso":"T\u00e9cnicas de Intervenci\u00f3n Psicol\u00f3gicas","descripcion_del_curso":"<p>M\u00d3DULO 1: Plan de intervenci\u00f3n psicol\u00f3gica<br \/>\nM\u00d3DULO 2: T\u00e9cnicas de intervenci\u00f3n psicol\u00f3gicas adaptadas a t\u00e9cnicos<br \/>\nM\u00d3DULO 3: T\u00e9cnicas de intervenci\u00f3n psicol\u00f3gica 1<br \/>\nM\u00d3DULO 4: T\u00e9cnicas de intervenci\u00f3n psicol\u00f3gica 2<\/p>\n"},{"nombre_del_curso":"Contextualizaci\u00f3n del Entorno del Deportista de \u00c9lite","descripcion_del_curso":"<p>M\u00d3DULO 1: Entorno deportivo<br \/>\nM\u00d3DULO 2: El entorno familiar<br \/>\nM\u00d3DULO 3: Importancia de la comunicaci\u00f3n en el entorno deportivo<br \/>\nM\u00d3DULO 4: Competici\u00f3n y entrenamiento<\/p>\n"}],"preguntas_frecuentes":false,"contenidistas":false,"docentes_expertos":[{"foto":"https:\/\/barcainnovationhub.com\/wp-content\/uploads\/2019\/01\/fcf2667f-ana_merayo.png","nombre_del_docente":"Ana Merayo Garc\u00eda","descripcion_del_docente":"Psic\u00f3loga deportiva. Docente. Coordinadora del SAIE (Servicio de Atenci\u00f3n Integral al Deportista) de Masia 360, FC Barcelona.","enlace":""}],"imagen_destacada":"https:\/\/barcainnovationhub.com\/wp-content\/uploads\/2019\/01\/fd0cbfb1-pec-psico-1-1024x320-300x94.jpg","hubspot_product_id":"11980879","url_video":"https:\/\/www.youtube.com\/embed\/Im_osthmtuE","aprende_a":[{"item_aprende_a":"Obtener una visi\u00f3n hol\u00edstica del mundo deportivo para trabajar en la prevenci\u00f3n de situaciones de riesgo, a trav\u00e9s del conocimiento del entorno y los protagonistas de los diferentes \u00e1mbitos del deporte. "},{"item_aprende_a":"Trabajar en equipo y generar canales de comunicaci\u00f3n entre equipos multidisciplinares. "},{"item_aprende_a":"Manejar estrategias espec\u00edficas para trabajar la carrera dual y conocer las diferentes transiciones de la vida de un deportista."},{"item_aprende_a":"Manejar las distintas t\u00e9cnicas de intervenci\u00f3n psicol\u00f3gicas adaptadas a las necesidades del deportista. "},{"item_aprende_a":"Implementar estrategias de intervenci\u00f3n para el entrenamiento de la atenci\u00f3n, la concentraci\u00f3n y la motivaci\u00f3n en los deportistas de alto rendimiento, adem\u00e1s del manejo de variables para controlar la ansiedad y el estr\u00e9s de dicho grupo."}],"fecha_de_inicio":"10072021","id_magento":"151","producto_path":false,"slidebox":false,"titulo_seccion_testimonios":"","slider_testimonios":false,"imagen_de_fondo_testimonios":false,"color_de_fondo_testimonios":"","segunda_fecha_de_inicio":"25072021","zona_horaria":"Europe\/Madrid","activar_banner_1":false,"banner_1":false,"activar_banner_2":false,"banner_2":false,"activar_banner_3":false,"banner_3":false,"url_cursado_webinar":"","activar_nuevos_banners":false,"mostrar_banner_1":false,"crear_banner_1":{"utilizar_imagen_unica_para_banner":false,"asignar_imagen_unica_para_banner":false,"mostrar_titulo_banner":false,"titulo_para_banner":"","mostrar_subtitulo_banner":false,"subtitulo_del_banner":"","mostrar_cta_banner":false,"texto_cta_banner":"","url_cta_banner":"","fondo_de_color_banner":"","fondo_de_imagen_banner":false,"mostrar_imagen_izquierda_banner":false,"asignar_imagen_izquierda_banner":false},"mostrar_banner_2":false,"crear_banner_2":{"utilizar_imagen_unica_para_banner":false,"asignar_imagen_unica_para_banner":false,"mostrar_titulo_banner":false,"titulo_para_banner":"","mostrar_subtitulo_banner":false,"subtitulo_del_banner":"","mostrar_cta_banner":false,"texto_cta_banner":"","url_cta_banner":"","fondo_de_color_banner":"","fondo_de_imagen_banner":false,"mostrar_imagen_izquierda_banner":false,"asignar_imagen_izquierda_banner":false},"mostrar_banner_3":false,"crear_banner_3":{"utilizar_imagen_unica_para_banner":false,"asignar_imagen_unica_para_banner":false,"mostrar_titulo_banner":false,"titulo_para_banner":"","mostrar_subtitulo_banner":false,"subtitulo_del_banner":"","mostrar_cta_banner":false,"texto_cta_banner":"","url_cta_banner":"","fondo_de_color_banner":"","fondo_de_imagen_banner":false,"mostrar_imagen_izquierda_banner":false,"asignar_imagen_izquierda_banner":false}},"idiomas":{"en":10406,"es":10423,"ar":10423,"ca":10421,"ru":10423,"pt":10422},"_links":{"self":[{"href":"https:\/\/barcainnovationhub.com\/es\/wp-json\/wp\/v2\/products\/10423"}],"collection":[{"href":"https:\/\/barcainnovationhub.com\/es\/wp-json\/wp\/v2\/products"}],"about":[{"href":"https:\/\/barcainnovationhub.com\/es\/wp-json\/wp\/v2\/types\/product"}],"author":[{"embeddable":true,"href":"https:\/\/barcainnovationhub.com\/es\/wp-json\/wp\/v2\/users\/1"}],"replies":[{"embeddable":true,"href":"https:\/\/barcainnovationhub.com\/es\/wp-json\/wp\/v2\/comments?post=10423"}],"version-history":[{"count":5,"href":"https:\/\/barcainnovationhub.com\/es\/wp-json\/wp\/v2\/products\/10423\/revisions"}],"predecessor-version":[{"id":116374,"href":"https:\/\/barcainnovationhub.com\/es\/wp-json\/wp\/v2\/products\/10423\/revisions\/116374"}],"wp:attachment":[{"href":"https:\/\/barcainnovationhub.com\/es\/wp-json\/wp\/v2\/media?parent=10423"}],"wp:term":[{"taxonomy":"category","embeddable":true,"href":"https:\/\/barcainnovationhub.com\/es\/wp-json\/wp\/v2\/categories?post=10423"}],"curies":[{"name":"wp","href":"https:\/\/api.w.org\/{rel}","templated":true}]}}