{"id":113490,"date":"2022-01-04T11:08:39","date_gmt":"2022-01-04T14:08:39","guid":{"rendered":"https:\/\/barcainnovationhub.com\/?post_type=product&#038;p=113490"},"modified":"2022-02-07T12:57:53","modified_gmt":"2022-02-07T15:57:53","slug":"certificado-en-patrocinio-y-marketing-deportivo-avanzado-el-patrocinio-como-motor-de-crecimiento","status":"publish","type":"product","link":"https:\/\/barcainnovationhub.com\/es\/product\/certificado-en-patrocinio-y-marketing-deportivo-avanzado-el-patrocinio-como-motor-de-crecimiento\/","title":{"rendered":"Certificado en Patrocinio y Marketing Deportivo Avanzado: el Patrocinio como motor de crecimiento"},"content":{"rendered":"\n<p><\/p>\n\n\n<p>contenido<\/p>","protected":false},"excerpt":{"rendered":"<p>excerpt<\/p>\n","protected":false},"author":16,"featured_media":0,"comment_status":"open","ping_status":"closed","template":"","meta":[],"categories":[123],"yoast_head":"<!-- This site is optimized with the Yoast SEO plugin v16.6.1 - https:\/\/yoast.com\/wordpress\/plugins\/seo\/ -->\n<meta name=\"robots\" content=\"index, follow, max-snippet:-1, max-image-preview:large, max-video-preview:-1\" \/>\n<link rel=\"canonical\" href=\"https:\/\/barcainnovationhub.com\/es\/product\/certificado-en-patrocinio-y-marketing-deportivo-avanzado-el-patrocinio-como-motor-de-crecimiento\/\" \/>\n<meta property=\"og:locale\" content=\"es_ES\" \/>\n<meta property=\"og:type\" content=\"article\" \/>\n<meta property=\"og:title\" content=\"Certificado en Patrocinio y Marketing Deportivo Avanzado: el Patrocinio como motor de crecimiento\" \/>\n<meta property=\"og:description\" content=\"El patrocinio se ha convertido en unas de las herramientas m\u00e1s comunes para conectar a las marcas con sus consumidores y clientes, y de esta forma acelerar el crecimiento del negocio.\" \/>\n<meta property=\"og:url\" content=\"https:\/\/barcainnovationhub.com\/es\/product\/certificado-en-patrocinio-y-marketing-deportivo-avanzado-el-patrocinio-como-motor-de-crecimiento\/\" \/>\n<meta property=\"og:site_name\" content=\"Bar\u00e7a Innovation Hub\" \/>\n<meta property=\"article:publisher\" content=\"https:\/\/www.facebook.com\/fcbuniversitas\" \/>\n<meta property=\"article:modified_time\" content=\"2022-02-07T15:57:53+00:00\" \/>\n<meta property=\"og:image\" content=\"https:\/\/static.capabiliaserver.com\/frontend\/clients\/barca\/wp_prod\/wp-content\/uploads\/2021\/12\/6ebe93f2-preview.jpg\" \/>\n\t<meta property=\"og:image:width\" content=\"1200\" \/>\n\t<meta property=\"og:image:height\" content=\"1200\" \/>\n<meta name=\"twitter:card\" content=\"summary\" \/>\n<meta name=\"twitter:title\" content=\"Patrocinio como motor de crecimiento de negocios\" \/>\n<meta name=\"twitter:description\" content=\"El patrocinio se ha convertido en unas de las herramientas m\u00e1s comunes para conectar a las marcas con sus consumidores y clientes, y de esta forma acelerar el crecimiento del negocio.\" \/>\n<meta name=\"twitter:image\" content=\"https:\/\/static.capabiliaserver.com\/frontend\/clients\/barca\/wp_prod\/wp-content\/uploads\/2021\/12\/6ebe93f2-preview.jpg\" \/>\n<meta name=\"twitter:site\" content=\"@BarcaInnoHub\" \/>\n<meta name=\"twitter:label1\" content=\"Est. reading time\" \/>\n\t<meta name=\"twitter:data1\" content=\"1 minute\" \/>\n<script type=\"application\/ld+json\" class=\"yoast-schema-graph\">{\"@context\":\"https:\/\/schema.org\",\"@graph\":[{\"@type\":\"WebSite\",\"@id\":\"https:\/\/barcainnovationhub.com\/#website\",\"url\":\"https:\/\/barcainnovationhub.com\/\",\"name\":\"Bar\\u00e7a Innovation Hub\",\"description\":\"The worldwide centre for sports knowledge and innovation\",\"potentialAction\":[{\"@type\":\"SearchAction\",\"target\":{\"@type\":\"EntryPoint\",\"urlTemplate\":\"https:\/\/barcainnovationhub.com\/?s={search_term_string}\"},\"query-input\":\"required name=search_term_string\"}],\"inLanguage\":\"es-ES\"},{\"@type\":\"ImageObject\",\"@id\":\"https:\/\/barcainnovationhub.com\/es\/product\/certificado-en-patrocinio-y-marketing-deportivo-avanzado-el-patrocinio-como-motor-de-crecimiento\/#primaryimage\",\"inLanguage\":\"es-ES\",\"url\":\"https:\/\/static.capabiliaserver.com\/frontend\/clients\/barca\/wp_prod\/wp-content\/uploads\/2021\/12\/6ebe93f2-preview.jpg\",\"contentUrl\":\"https:\/\/static.capabiliaserver.com\/frontend\/clients\/barca\/wp_prod\/wp-content\/uploads\/2021\/12\/6ebe93f2-preview.jpg\",\"width\":1200,\"height\":1200},{\"@type\":\"WebPage\",\"@id\":\"https:\/\/barcainnovationhub.com\/es\/product\/certificado-en-patrocinio-y-marketing-deportivo-avanzado-el-patrocinio-como-motor-de-crecimiento\/#webpage\",\"url\":\"https:\/\/barcainnovationhub.com\/es\/product\/certificado-en-patrocinio-y-marketing-deportivo-avanzado-el-patrocinio-como-motor-de-crecimiento\/\",\"name\":\"Certificado en Patrocinio y Marketing Deportivo Avanzado: el Patrocinio como motor de crecimiento - Bar\\u00e7a Innovation Hub\",\"isPartOf\":{\"@id\":\"https:\/\/barcainnovationhub.com\/#website\"},\"datePublished\":\"2022-01-04T14:08:39+00:00\",\"dateModified\":\"2022-02-07T15:57:53+00:00\",\"breadcrumb\":{\"@id\":\"https:\/\/barcainnovationhub.com\/es\/product\/certificado-en-patrocinio-y-marketing-deportivo-avanzado-el-patrocinio-como-motor-de-crecimiento\/#breadcrumb\"},\"inLanguage\":\"es-ES\",\"potentialAction\":[{\"@type\":\"ReadAction\",\"target\":[\"https:\/\/barcainnovationhub.com\/es\/product\/certificado-en-patrocinio-y-marketing-deportivo-avanzado-el-patrocinio-como-motor-de-crecimiento\/\"]}]},{\"@type\":\"BreadcrumbList\",\"@id\":\"https:\/\/barcainnovationhub.com\/es\/product\/certificado-en-patrocinio-y-marketing-deportivo-avanzado-el-patrocinio-como-motor-de-crecimiento\/#breadcrumb\",\"itemListElement\":[{\"@type\":\"ListItem\",\"position\":1,\"name\":\"Portada\",\"item\":\"https:\/\/barcainnovationhub.com\/es\/\"},{\"@type\":\"ListItem\",\"position\":2,\"name\":\"Productos\",\"item\":\"https:\/\/barcainnovationhub.com\/es\/product\/\"},{\"@type\":\"ListItem\",\"position\":3,\"name\":\"Certificado en Patrocinio y Marketing Deportivo Avanzado: el Patrocinio como motor de crecimiento\"}]}]}<\/script>\n<!-- \/ Yoast SEO plugin. -->","acf":{"activar_banner_1":false,"banner_1":false,"activar_banner_2":false,"banner_2":false,"activar_banner_3":false,"banner_3":false,"activar_nuevos_banners":false,"mostrar_banner_1":false,"crear_banner_1":{"utilizar_imagen_unica_para_banner":false,"asignar_imagen_unica_para_banner":false,"mostrar_titulo_banner":false,"titulo_para_banner":"","mostrar_subtitulo_banner":false,"subtitulo_del_banner":"","mostrar_cta_banner":false,"texto_cta_banner":"","url_cta_banner":"","fondo_de_color_banner":"","fondo_de_imagen_banner":false,"mostrar_imagen_izquierda_banner":false,"asignar_imagen_izquierda_banner":false},"mostrar_banner_2":false,"crear_banner_2":{"utilizar_imagen_unica_para_banner":false,"asignar_imagen_unica_para_banner":false,"mostrar_titulo_banner":false,"titulo_para_banner":"","mostrar_subtitulo_banner":false,"subtitulo_del_banner":"","mostrar_cta_banner":false,"texto_cta_banner":"","url_cta_banner":"","fondo_de_color_banner":"","fondo_de_imagen_banner":false,"mostrar_imagen_izquierda_banner":false,"asignar_imagen_izquierda_banner":false},"mostrar_banner_3":false,"hubspot_product_id":"1340110957","external_id":"1359","titulo_incentivo":"","fecha_de_inicio":"10022022","segunda_fecha_de_inicio":"10032022","zona_horaria":"Europe\/Madrid","precio":"625","aprende_a":[{"item_aprende_a":"Entender de qu\u00e9 manera los aficionados consumen el deporte y a los patrocinadores. "},{"item_aprende_a":"Incrementar el conocimiento de las aplicaciones de patrocinio en marketing."},{"item_aprende_a":"Diferenciar aplicaciones de patrocinio m\u00e1s all\u00e1 del marketing. "},{"item_aprende_a":"Desarrollar habilidades para aprender de qu\u00e9 manera evaluar patrocinadores."}],"preguntas_frecuentes":false,"contenidistas":false,"imagen_destacada":"https:\/\/static.capabiliaserver.com\/frontend\/clients\/barca\/wp_prod\/wp-content\/uploads\/2022\/01\/4cba0e57-cms-1.jpg","slider_testimonios":false,"url_cursado_webinar":"","titulo_curso":"Using sponsorships to accelerate business growth.","impartido_en":"Ingles","crear_banner_3":{"utilizar_imagen_unica_para_banner":false,"asignar_imagen_unica_para_banner":false,"mostrar_titulo_banner":false,"titulo_para_banner":"","mostrar_subtitulo_banner":false,"subtitulo_del_banner":"","mostrar_cta_banner":false,"texto_cta_banner":"","url_cta_banner":"","fondo_de_color_banner":"","fondo_de_imagen_banner":false,"mostrar_imagen_izquierda_banner":false,"asignar_imagen_izquierda_banner":false},"producto_path":false,"id_magento":"393","header_image":113515,"column_title":"","precio_en_cuotas":"4 pagos mensuales de \u20ac 156,25","precio_de_lista":"","mostrar_form":false,"promocion_vigente":"","duracion_del_curso":"4 meses","nivel_del_curso":"Avanzado","modalidad_cursado":"Online","ocultar_video":true,"url_video":"","avalado_por":false,"pdf_brochure":false,"slidebox":false,"titulo_seccion_testimonios":"","imagen_de_fondo_testimonios":false,"color_de_fondo_testimonios":""},"idiomas":{"en":113485,"es":113490,"ar":113486,"ca":113487,"ru":113489,"pt":113488},"_links":{"self":[{"href":"https:\/\/barcainnovationhub.com\/es\/wp-json\/wp\/v2\/products\/113490"}],"collection":[{"href":"https:\/\/barcainnovationhub.com\/es\/wp-json\/wp\/v2\/products"}],"about":[{"href":"https:\/\/barcainnovationhub.com\/es\/wp-json\/wp\/v2\/types\/product"}],"author":[{"embeddable":true,"href":"https:\/\/barcainnovationhub.com\/es\/wp-json\/wp\/v2\/users\/16"}],"replies":[{"embeddable":true,"href":"https:\/\/barcainnovationhub.com\/es\/wp-json\/wp\/v2\/comments?post=113490"}],"version-history":[{"count":5,"href":"https:\/\/barcainnovationhub.com\/es\/wp-json\/wp\/v2\/products\/113490\/revisions"}],"predecessor-version":[{"id":118321,"href":"https:\/\/barcainnovationhub.com\/es\/wp-json\/wp\/v2\/products\/113490\/revisions\/118321"}],"wp:attachment":[{"href":"https:\/\/barcainnovationhub.com\/es\/wp-json\/wp\/v2\/media?parent=113490"}],"wp:term":[{"taxonomy":"category","embeddable":true,"href":"https:\/\/barcainnovationhub.com\/es\/wp-json\/wp\/v2\/categories?post=113490"}],"curies":[{"name":"wp","href":"https:\/\/api.w.org\/{rel}","templated":true}]}}