{"id":11910,"date":"2019-02-21T12:52:36","date_gmt":"2019-02-21T15:52:36","guid":{"rendered":"https:\/\/barcainnovationhub.com\/?post_type=product&#038;p=11910"},"modified":"2022-01-11T01:34:43","modified_gmt":"2022-01-11T04:34:43","slug":"certificado-en-marketing-y-patrocinio-deportivo","status":"publish","type":"product","link":"https:\/\/barcainnovationhub.com\/es\/product\/certificado-en-marketing-y-patrocinio-deportivo\/","title":{"rendered":"Certificado en Marketing y Patrocinio Deportivo"},"content":{"rendered":"","protected":false},"excerpt":{"rendered":"","protected":false},"author":1,"featured_media":0,"comment_status":"open","ping_status":"closed","template":"","meta":[],"categories":[114,114],"yoast_head":"<!-- This site is optimized with the Yoast SEO plugin v16.6.1 - https:\/\/yoast.com\/wordpress\/plugins\/seo\/ -->\n<meta name=\"description\" content=\"En este curso de marketing deportivo aprender\u00e1s a identificar marcas que inviertan en el mercado. Analizar, crear y gestionar productos y servicios en el deporte.\" \/>\n<meta name=\"robots\" content=\"index, follow, max-snippet:-1, max-image-preview:large, max-video-preview:-1\" \/>\n<link rel=\"canonical\" href=\"https:\/\/barcainnovationhub.com\/es\/product\/certificado-en-marketing-y-patrocinio-deportivo\/\" \/>\n<meta property=\"og:locale\" content=\"es_ES\" \/>\n<meta property=\"og:type\" content=\"article\" \/>\n<meta property=\"og:title\" content=\"Certificado en Marketing y Patrocinio Deportivo\" \/>\n<meta property=\"og:description\" content=\"En este curso de marketing deportivo aprender\u00e1s a identificar marcas que inviertan en el mercado. Analizar, crear y gestionar productos y servicios en el deporte.\" \/>\n<meta property=\"og:url\" content=\"https:\/\/barcainnovationhub.com\/es\/product\/certificado-en-marketing-y-patrocinio-deportivo\/\" \/>\n<meta property=\"og:site_name\" content=\"Bar\u00e7a Innovation Hub\" \/>\n<meta property=\"article:publisher\" content=\"https:\/\/www.facebook.com\/fcbuniversitas\" \/>\n<meta property=\"article:modified_time\" content=\"2022-01-11T04:34:43+00:00\" \/>\n<meta property=\"og:image\" content=\"https:\/\/barcainnovationhub.com\/wp-content\/uploads\/2019\/01\/3fb00cdb-certificate-in-sports-marketing-and-sponsorship.jpg\" \/>\n\t<meta property=\"og:image:width\" content=\"1200\" \/>\n\t<meta property=\"og:image:height\" content=\"1200\" \/>\n<meta name=\"twitter:card\" content=\"summary\" \/>\n<meta name=\"twitter:title\" content=\"Certificado en Marketing y Patrocinio Deportivo\" \/>\n<meta name=\"twitter:image\" content=\"https:\/\/barcainnovationhub.com\/wp-content\/uploads\/2019\/01\/3fb00cdb-certificate-in-sports-marketing-and-sponsorship.jpg\" \/>\n<meta name=\"twitter:site\" content=\"@BarcaInnoHub\" \/>\n<script type=\"application\/ld+json\" class=\"yoast-schema-graph\">{\"@context\":\"https:\/\/schema.org\",\"@graph\":[{\"@type\":\"WebSite\",\"@id\":\"https:\/\/barcainnovationhub.com\/#website\",\"url\":\"https:\/\/barcainnovationhub.com\/\",\"name\":\"Bar\\u00e7a Innovation Hub\",\"description\":\"The worldwide centre for sports knowledge and innovation\",\"potentialAction\":[{\"@type\":\"SearchAction\",\"target\":{\"@type\":\"EntryPoint\",\"urlTemplate\":\"https:\/\/barcainnovationhub.com\/?s={search_term_string}\"},\"query-input\":\"required name=search_term_string\"}],\"inLanguage\":\"es-ES\"},{\"@type\":\"ImageObject\",\"@id\":\"https:\/\/barcainnovationhub.com\/es\/product\/certificado-en-marketing-y-patrocinio-deportivo\/#primaryimage\",\"inLanguage\":\"es-ES\",\"url\":\"https:\/\/barcainnovationhub.com\/wp-content\/uploads\/2019\/01\/3fb00cdb-certificate-in-sports-marketing-and-sponsorship.jpg\",\"contentUrl\":\"https:\/\/barcainnovationhub.com\/wp-content\/uploads\/2019\/01\/3fb00cdb-certificate-in-sports-marketing-and-sponsorship.jpg\",\"width\":1200,\"height\":1200},{\"@type\":\"WebPage\",\"@id\":\"https:\/\/barcainnovationhub.com\/es\/product\/certificado-en-marketing-y-patrocinio-deportivo\/#webpage\",\"url\":\"https:\/\/barcainnovationhub.com\/es\/product\/certificado-en-marketing-y-patrocinio-deportivo\/\",\"name\":\"Certificado en Marketing y Patrocinio Deportivo - Bar\\u00e7a Innovation Hub\",\"isPartOf\":{\"@id\":\"https:\/\/barcainnovationhub.com\/#website\"},\"datePublished\":\"2019-02-21T15:52:36+00:00\",\"dateModified\":\"2022-01-11T04:34:43+00:00\",\"description\":\"En este curso de marketing deportivo aprender\\u00e1s a identificar marcas que inviertan en el mercado. Analizar, crear y gestionar productos y servicios en el deporte.\",\"breadcrumb\":{\"@id\":\"https:\/\/barcainnovationhub.com\/es\/product\/certificado-en-marketing-y-patrocinio-deportivo\/#breadcrumb\"},\"inLanguage\":\"es-ES\",\"potentialAction\":[{\"@type\":\"ReadAction\",\"target\":[\"https:\/\/barcainnovationhub.com\/es\/product\/certificado-en-marketing-y-patrocinio-deportivo\/\"]}]},{\"@type\":\"BreadcrumbList\",\"@id\":\"https:\/\/barcainnovationhub.com\/es\/product\/certificado-en-marketing-y-patrocinio-deportivo\/#breadcrumb\",\"itemListElement\":[{\"@type\":\"ListItem\",\"position\":1,\"name\":\"Portada\",\"item\":\"https:\/\/barcainnovationhub.com\/es\/\"},{\"@type\":\"ListItem\",\"position\":2,\"name\":\"Productos\",\"item\":\"https:\/\/barcainnovationhub.com\/es\/product\/\"},{\"@type\":\"ListItem\",\"position\":3,\"name\":\"Certificado en Marketing y Patrocinio Deportivo\"}]}]}<\/script>\n<!-- \/ Yoast SEO plugin. -->","acf":{"hubspot_product_id":"11974636","external_id":"1362","header_image":108439,"column_title":"","titulo_incentivo":"Certificado en Marketing y Patrocinio Deportivo","precio":"625","precio_en_cuotas":"4  pagos mensuales de \u20ac 156,25","precio_de_lista":"","mostrar_form":false,"promocion_vigente":"","duracion_del_curso":"4 meses","nivel_del_curso":"Introductorio","modalidad_cursado":"Online","impartido_en":"Castellano","contenido":"<p>En la actualidad, el desarrollo de la marca para cualquier actividad deportiva se ha transformado en uno de los pilares centrales para el \u00e9xito, tanto en el plano deportivo como en el negocio. El marketing como disciplina permite abordar al deporte con una mirada profesional bajo una perspectiva comercial para detectar y aprovechar todas las oportunidades que se presentan en el mercado. Por su parte, el patrocinio o explotaci\u00f3n comercial de una marca deportiva es la estrategia que utilizan los clubes, organizaciones deportivas e incluso deportistas para captar fondos y recursos para su desarrollo.<\/p>\n<p>A partir de los conocimientos adquiridos en este programa, Bar\u00e7a Universitas y James Condo te capacitar\u00e1n para planificar, coordinar y desarrollar una propuesta de marketing ya sea de un club, un evento o un deportista.<\/p>\n","ocultar_video":false,"url_video":"https:\/\/www.youtube.com\/embed\/47_cdsVItu8","avalado_por":false,"pdf_brochure":"https:\/\/static.capabiliaserver.com\/frontend\/clients\/barca\/wp_prod\/wp-content\/uploads\/2019\/02\/9227b7da-certificado-en-marketing-y-patrocinio-deportivo.pdf","cursos_que_lo_componen":[{"nombre_del_curso":"Pilares del Marketing Deportivo","descripcion_del_curso":"<p>M\u00d3DULO 1: Introducci\u00f3n al marketing deportivo<br \/>\nM\u00d3DULO 2: M\u00e9todos y herramientas del marketing deportivo<br \/>\nM\u00d3DULO 3: Creaci\u00f3n del plan de marketing deportivo<br \/>\nM\u00d3DULO 4: Integraci\u00f3n<\/p>\n"},{"nombre_del_curso":"Patrocinio Deportivo","descripcion_del_curso":"<p>M\u00d3DULO 1: Management de la marca deportiva<br \/>\nM\u00d3DULO 2: B\u00fasqueda de Patrocinadores Potenciales<br \/>\nM\u00d3DULO 3: La preparaci\u00f3n y el cierre de la venta de un patrocinio<br \/>\nM\u00d3DULO 4: Integraci\u00f3n<\/p>\n"},{"nombre_del_curso":"Activaci\u00f3n del Patrocinio Deportivo","descripcion_del_curso":"<p>M\u00d3DULO 1: Activaci\u00f3n del patrocinio<br \/>\nM\u00d3DULO 2: Tipos de activaci\u00f3n<br \/>\nM\u00d3DULO 3: Indicadores claves del patrocinio<br \/>\nM\u00d3DULO 4: Integraci\u00f3n<\/p>\n"},{"nombre_del_curso":"Gesti\u00f3n de Productos y Servicios Deportivos","descripcion_del_curso":"<p>M\u00d3DULO 1: Gesti\u00f3n de productos y servicios<br \/>\nM\u00d3DULO 2: Ejecuci\u00f3n del plan de productos y servicios<br \/>\nM\u00d3DULO 3: Estrategia de desarrollo de productos<br \/>\nM\u00d3DULO 4: Integraci\u00f3n<\/p>\n"}],"aprende_a":[{"item_aprende_a":"Incorporar al marketing como disciplina en la gesti\u00f3n de actividades deportivas."},{"item_aprende_a":"Analizar, crear y gestionar productos y servicios en el deporte."},{"item_aprende_a":"Identificar y captar marcas que inviertan en el mercado deportivo."},{"item_aprende_a":"Aprovechar oportunidades de generaci\u00f3n de acciones con los patrocinadores en el deporte."}],"preguntas_frecuentes":false,"contenidistas":false,"docentes_expertos":[{"foto":"https:\/\/static.capabiliaserver.com\/frontend\/clients\/barca\/wp\/wp-content\/uploads\/2018\/06\/james_condo-1-150x150.jpg","nombre_del_docente":"Jim Condo","descripcion_del_docente":"Director de ETERNO Consulting. Profesor adjunto en Florida Atlantic University.","enlace":""}],"fecha_de_inicio":"10072021","imagen_destacada":false,"id_magento":"172","producto_path":false,"slidebox":false,"titulo_seccion_testimonios":"","slider_testimonios":false,"imagen_de_fondo_testimonios":false,"color_de_fondo_testimonios":"","segunda_fecha_de_inicio":"25072021","zona_horaria":"Europe\/Madrid","activar_banner_1":false,"banner_1":false,"activar_banner_2":false,"banner_2":false,"activar_banner_3":false,"banner_3":false,"url_cursado_webinar":"","activar_nuevos_banners":false,"mostrar_banner_1":false,"crear_banner_1":{"utilizar_imagen_unica_para_banner":false,"asignar_imagen_unica_para_banner":false,"mostrar_titulo_banner":false,"titulo_para_banner":"","mostrar_subtitulo_banner":false,"subtitulo_del_banner":"","mostrar_cta_banner":false,"texto_cta_banner":"","url_cta_banner":"","fondo_de_color_banner":"","fondo_de_imagen_banner":false,"mostrar_imagen_izquierda_banner":false,"asignar_imagen_izquierda_banner":false},"mostrar_banner_2":false,"crear_banner_2":{"utilizar_imagen_unica_para_banner":false,"asignar_imagen_unica_para_banner":false,"mostrar_titulo_banner":false,"titulo_para_banner":"","mostrar_subtitulo_banner":false,"subtitulo_del_banner":"","mostrar_cta_banner":false,"texto_cta_banner":"","url_cta_banner":"","fondo_de_color_banner":"","fondo_de_imagen_banner":false,"mostrar_imagen_izquierda_banner":false,"asignar_imagen_izquierda_banner":false},"mostrar_banner_3":false,"crear_banner_3":{"utilizar_imagen_unica_para_banner":false,"asignar_imagen_unica_para_banner":false,"mostrar_titulo_banner":false,"titulo_para_banner":"","mostrar_subtitulo_banner":false,"subtitulo_del_banner":"","mostrar_cta_banner":false,"texto_cta_banner":"","url_cta_banner":"","fondo_de_color_banner":"","fondo_de_imagen_banner":false,"mostrar_imagen_izquierda_banner":false,"asignar_imagen_izquierda_banner":false}},"idiomas":{"en":10922,"es":11910,"ar":81731,"ca":11916,"ru":11910,"pt":11914},"_links":{"self":[{"href":"https:\/\/barcainnovationhub.com\/es\/wp-json\/wp\/v2\/products\/11910"}],"collection":[{"href":"https:\/\/barcainnovationhub.com\/es\/wp-json\/wp\/v2\/products"}],"about":[{"href":"https:\/\/barcainnovationhub.com\/es\/wp-json\/wp\/v2\/types\/product"}],"author":[{"embeddable":true,"href":"https:\/\/barcainnovationhub.com\/es\/wp-json\/wp\/v2\/users\/1"}],"replies":[{"embeddable":true,"href":"https:\/\/barcainnovationhub.com\/es\/wp-json\/wp\/v2\/comments?post=11910"}],"version-history":[{"count":5,"href":"https:\/\/barcainnovationhub.com\/es\/wp-json\/wp\/v2\/products\/11910\/revisions"}],"predecessor-version":[{"id":116370,"href":"https:\/\/barcainnovationhub.com\/es\/wp-json\/wp\/v2\/products\/11910\/revisions\/116370"}],"wp:attachment":[{"href":"https:\/\/barcainnovationhub.com\/es\/wp-json\/wp\/v2\/media?parent=11910"}],"wp:term":[{"taxonomy":"category","embeddable":true,"href":"https:\/\/barcainnovationhub.com\/es\/wp-json\/wp\/v2\/categories?post=11910"}],"curies":[{"name":"wp","href":"https:\/\/api.w.org\/{rel}","templated":true}]}}