{"id":15925,"date":"2019-04-08T10:52:32","date_gmt":"2019-04-08T13:52:32","guid":{"rendered":"https:\/\/barcainnovationhub.com\/?post_type=product&#038;p=15925"},"modified":"2022-01-11T00:58:41","modified_gmt":"2022-01-11T03:58:41","slug":"certificado-en-nutricion-deportiva-en-futbol","status":"publish","type":"product","link":"https:\/\/barcainnovationhub.com\/es\/product\/certificado-en-nutricion-deportiva-en-futbol\/","title":{"rendered":"Certificado en Nutrici\u00f3n Deportiva en F\u00fatbol"},"content":{"rendered":"<p>contenido<\/p>\n","protected":false},"excerpt":{"rendered":"<p>excerpt<\/p>\n","protected":false},"author":16,"featured_media":0,"comment_status":"open","ping_status":"closed","template":"","meta":[],"categories":[114,114],"yoast_head":"<!-- This site is optimized with the Yoast SEO plugin v16.6.1 - https:\/\/yoast.com\/wordpress\/plugins\/seo\/ -->\n<meta name=\"description\" content=\"Domina los principios b\u00e1sicos de la nutrici\u00f3n en el f\u00fatbol con el Dr. Ian Rollo (GSSI), en Bar\u00e7a Innovation Hub - Universitas. 4 meses. Online.\" \/>\n<meta name=\"robots\" content=\"index, follow, max-snippet:-1, max-image-preview:large, max-video-preview:-1\" \/>\n<link rel=\"canonical\" href=\"https:\/\/barcainnovationhub.com\/es\/product\/certificado-en-nutricion-deportiva-en-futbol\/\" \/>\n<meta property=\"og:locale\" content=\"es_ES\" \/>\n<meta property=\"og:type\" content=\"article\" \/>\n<meta property=\"og:title\" content=\"Certificado en Nutrici\u00f3n Deportiva en F\u00fatbol\" \/>\n<meta property=\"og:description\" content=\"Domina los principios b\u00e1sicos de la nutrici\u00f3n en el f\u00fatbol con el Dr. Ian Rollo (GSSI), en Bar\u00e7a Innovation Hub - Universitas. 4 meses. Online.\" \/>\n<meta property=\"og:url\" content=\"https:\/\/barcainnovationhub.com\/es\/product\/certificado-en-nutricion-deportiva-en-futbol\/\" \/>\n<meta property=\"og:site_name\" content=\"Bar\u00e7a Innovation Hub\" \/>\n<meta property=\"article:publisher\" content=\"https:\/\/www.facebook.com\/fcbuniversitas\" \/>\n<meta property=\"article:modified_time\" content=\"2022-01-11T03:58:41+00:00\" \/>\n<meta property=\"og:image\" content=\"https:\/\/barcainnovationhub.com\/wp-content\/uploads\/2019\/04\/b8110afa-certificate-in-sports-nutrition-for-football-3.jpg\" \/>\n\t<meta property=\"og:image:width\" content=\"1200\" \/>\n\t<meta property=\"og:image:height\" content=\"1200\" \/>\n<meta name=\"twitter:card\" content=\"summary\" \/>\n<meta name=\"twitter:title\" content=\"Certificado en Nutrici\u00f3n Deportiva en F\u00fatbol\" \/>\n<meta name=\"twitter:description\" content=\"Domina los principios b\u00e1sicos de la nutrici\u00f3n en el f\u00fatbol con el Dr. Ian Rollo (GSSI), en Bar\u00e7a Innovation Hub - Universitas. 4 meses. Online.\" \/>\n<meta name=\"twitter:image\" content=\"https:\/\/barcainnovationhub.com\/wp-content\/uploads\/2019\/04\/b8110afa-certificate-in-sports-nutrition-for-football-3.jpg\" \/>\n<meta name=\"twitter:site\" content=\"@BarcaInnoHub\" \/>\n<meta name=\"twitter:label1\" content=\"Est. reading time\" \/>\n\t<meta name=\"twitter:data1\" content=\"1 minute\" \/>\n<script type=\"application\/ld+json\" class=\"yoast-schema-graph\">{\"@context\":\"https:\/\/schema.org\",\"@graph\":[{\"@type\":\"WebSite\",\"@id\":\"https:\/\/barcainnovationhub.com\/#website\",\"url\":\"https:\/\/barcainnovationhub.com\/\",\"name\":\"Bar\\u00e7a Innovation Hub\",\"description\":\"The worldwide centre for sports knowledge and innovation\",\"potentialAction\":[{\"@type\":\"SearchAction\",\"target\":{\"@type\":\"EntryPoint\",\"urlTemplate\":\"https:\/\/barcainnovationhub.com\/?s={search_term_string}\"},\"query-input\":\"required name=search_term_string\"}],\"inLanguage\":\"es-ES\"},{\"@type\":\"ImageObject\",\"@id\":\"https:\/\/barcainnovationhub.com\/es\/product\/certificado-en-nutricion-deportiva-en-futbol\/#primaryimage\",\"inLanguage\":\"es-ES\",\"url\":\"https:\/\/barcainnovationhub.com\/wp-content\/uploads\/2019\/04\/b8110afa-certificate-in-sports-nutrition-for-football-3.jpg\",\"contentUrl\":\"https:\/\/barcainnovationhub.com\/wp-content\/uploads\/2019\/04\/b8110afa-certificate-in-sports-nutrition-for-football-3.jpg\",\"width\":1200,\"height\":1200},{\"@type\":\"WebPage\",\"@id\":\"https:\/\/barcainnovationhub.com\/es\/product\/certificado-en-nutricion-deportiva-en-futbol\/#webpage\",\"url\":\"https:\/\/barcainnovationhub.com\/es\/product\/certificado-en-nutricion-deportiva-en-futbol\/\",\"name\":\"Certificado en Nutrici\\u00f3n Deportiva en F\\u00fatbol - Bar\\u00e7a Innovation Hub\",\"isPartOf\":{\"@id\":\"https:\/\/barcainnovationhub.com\/#website\"},\"datePublished\":\"2019-04-08T13:52:32+00:00\",\"dateModified\":\"2022-01-11T03:58:41+00:00\",\"description\":\"Domina los principios b\\u00e1sicos de la nutrici\\u00f3n en el f\\u00fatbol con el Dr. Ian Rollo (GSSI), en Bar\\u00e7a Innovation Hub - Universitas. 4 meses. Online.\",\"breadcrumb\":{\"@id\":\"https:\/\/barcainnovationhub.com\/es\/product\/certificado-en-nutricion-deportiva-en-futbol\/#breadcrumb\"},\"inLanguage\":\"es-ES\",\"potentialAction\":[{\"@type\":\"ReadAction\",\"target\":[\"https:\/\/barcainnovationhub.com\/es\/product\/certificado-en-nutricion-deportiva-en-futbol\/\"]}]},{\"@type\":\"BreadcrumbList\",\"@id\":\"https:\/\/barcainnovationhub.com\/es\/product\/certificado-en-nutricion-deportiva-en-futbol\/#breadcrumb\",\"itemListElement\":[{\"@type\":\"ListItem\",\"position\":1,\"name\":\"Portada\",\"item\":\"https:\/\/barcainnovationhub.com\/es\/\"},{\"@type\":\"ListItem\",\"position\":2,\"name\":\"Productos\",\"item\":\"https:\/\/barcainnovationhub.com\/es\/product\/\"},{\"@type\":\"ListItem\",\"position\":3,\"name\":\"Certificado en Nutrici\\u00f3n Deportiva en F\\u00fatbol\"}]}]}<\/script>\n<!-- \/ Yoast SEO plugin. -->","acf":{"external_id":"1377","titulo_curso":"Certificate in Sports Nutrition for Football","precio":"625","impartido_en":"Castellano","hubspot_product_id":"22802765","header_image":108478,"column_title":"","titulo_incentivo":"Certificado en Nutrici\u00f3n Deportiva en F\u00fatbol","fecha_de_inicio":"10062021","precio_en_cuotas":"4 pagos mensuales de \u20ac 156,25","precio_de_lista":"","mostrar_form":false,"promocion_vigente":"","duracion_del_curso":"4 meses","nivel_del_curso":"Avanzado","modalidad_cursado":"Online","contenido":"<p>En F\u00fatbol Club Barcelona (FCB) y Gatorade Sports Science Institute (GSSI) creemos que una nutrici\u00f3n adecuada es esencial para apoyar la salud y el rendimiento de los jugadores. Una mayor comprensi\u00f3n de las demandas f\u00edsicas del f\u00fatbol ha permitido adoptar un enfoque m\u00e1s cient\u00edfico de la preparaci\u00f3n durante el entrenamiento\/el partido y la manipulaci\u00f3n de la ingesta de macronutrientes para apoyar tanto el entrenamiento como el rendimiento durante el d\u00eda del partido y la recuperaci\u00f3n.<\/p>\n<p>El objetivo de este Certificado es ense\u00f1ar los principios b\u00e1sicos de nutrici\u00f3n para el f\u00fatbol. Cada m\u00f3dulo resumir\u00e1 los temas clave sobre nutrici\u00f3n deportiva basados en investigaciones revisadas por pares, art\u00edculos de revisi\u00f3n y declaraciones de consenso de expertos. El curso proporciona una experiencia de aprendizaje integral que no solo muestra c\u00f3mo implementar estrategias de nutrici\u00f3n deportiva sino que tambi\u00e9n garantizar\u00e1 que comprenda por qu\u00e9 la nutrici\u00f3n es importante.<\/p>\n<p>Proporcionar un enfoque basado en evidencia para la nutrici\u00f3n deportiva permite transmitir un mensaje coherente con respecto a la educaci\u00f3n alimentaria que a su vez fundamenta la pr\u00e1ctica. Para lograr esto, en los \u00faltimos cinco a\u00f1os, FCB y GSSI se han asociado y han trabajado en conjunto. El Certificado en Nutrici\u00f3n Deportiva en F\u00fatbol ahora brinda la plataforma para compartir nuestros conocimientos con la amplia comunidad global del f\u00fatbol.<\/p>\n","ocultar_video":false,"url_video":"https:\/\/www.youtube.com\/embed\/_kz_jykHjkI","avalado_por":false,"pdf_brochure":"https:\/\/static.capabiliaserver.com\/frontend\/clients\/barca\/wp_prod\/wp-content\/uploads\/2019\/04\/6107a3ac-certificado-en-nutricion-deportiva-en-futbol.pdf","cursos_que_lo_componen":[{"nombre_del_curso":"Una introducci\u00f3n al metabolismo y la nutrici\u00f3n en el f\u00fatbol","descripcion_del_curso":"<p>M\u00d3DULO 1: Demandas del juego y comprensi\u00f3n de las demandas fisiol\u00f3gicas del f\u00fatbol<br \/>\n-Unidad 1: Demandas del juego<br \/>\n-Unidad 2: Respuesta fisiol\u00f3gica al f\u00fatbol<\/p>\n<p>M\u00d3DULO 2: Introducci\u00f3n al metabolismo y la nutrici\u00f3n en el f\u00fatbol<br \/>\n-Unidad 1: Introducci\u00f3n al metabolismo<br \/>\n-Unidad 2: Nutrici\u00f3n energ\u00e9tica en el f\u00fatbol<\/p>\n<p>M\u00d3DULO 3: Balance energ\u00e9tico y composici\u00f3n corporal<br \/>\n-Unidad 1: Principios del balance energ\u00e9tico en el f\u00fatbol<br \/>\n-Unidad 2: Composici\u00f3n corporal del jugador<\/p>\n<p>M\u00d3DULO 4: Estrategias diet\u00e9ticas para entrenamientos y d\u00edas de partido.<br \/>\n-Unidad 1: Nutrici\u00f3n para el entrenamiento<br \/>\n-Unidad 2: Nutrici\u00f3n para d\u00edas de partido<\/p>\n"},{"nombre_del_curso":"Macronutrientes y l\u00edquidos para el f\u00fatbol","descripcion_del_curso":"<p>M\u00d3DULO 1: El papel de los carbohidratos en la dieta de los jugadores<br \/>\n-Unidad 1: Introducci\u00f3n a los carbohidratos<br \/>\n-Unidad 2: Carbohidratos para el f\u00fatbol<\/p>\n<p>M\u00d3DULO 2: El papel de la prote\u00edna en la dieta de los jugadores<br \/>\n-Unidad 1: Introducci\u00f3n a la prote\u00edna<br \/>\n-Unidad 2: Prote\u00ednas para el f\u00fatbol<\/p>\n<p>M\u00d3DULO 3: El papel de la grasa en la dieta de los jugadores<br \/>\n-Unidad 1: Introducci\u00f3n a las grasas<br \/>\n-Unidad 2: Grasas para el f\u00fatbol<\/p>\n<p>M\u00d3DULO 4: L\u00edquidos<br \/>\n-Unidad 1: Introducci\u00f3n a los l\u00edquidos y electr\u00f3litos<br \/>\n-Unidad 2: L\u00edquidos y electrolitos para el f\u00fatbol<\/p>\n"},{"nombre_del_curso":"Consideraciones nutricionales en el f\u00fatbol","descripcion_del_curso":"<p>M\u00d3DULO 1: Necesidades de micronutrientes para el f\u00fatbol<br \/>\n-Unidad 1: Vitaminas para el f\u00fatbol<br \/>\n-Unidad 2: Minerales para el f\u00fatbol<\/p>\n<p>M\u00d3DULO 2: Suplementos diet\u00e9ticos para el f\u00fatbol<br \/>\n-Unidad 1: Suplementos diet\u00e9ticos para el f\u00fatbol<br \/>\n-Unidad 2: Suplementos diet\u00e9ticos para tener en cuenta en el f\u00fatbol<\/p>\n<p>M\u00d3DULO 3: El f\u00fatbol en ambientes extremos<br \/>\n-Unidad 1: F\u00fatbol en el calor<br \/>\n-Unidad 2: F\u00fatbol en altura<\/p>\n<p>M\u00d3DULO 4: Consideraciones para futbolistas femeninas y juveniles<br \/>\n-Unidad 1: La futbolista femenina<br \/>\n-Unidad 2: El futbolista juvenil<\/p>\n"},{"nombre_del_curso":"Habilidades nutricionales en f\u00fatbol","descripcion_del_curso":""}],"aprende_a":[{"item_aprende_a":"Dominar los principios b\u00e1sicos de la nutrici\u00f3n para el f\u00fatbol"},{"item_aprende_a":"Comprender el papel de los macronutrientes para el rendimiento futbol\u00edstico"},{"item_aprende_a":"Identificar las necesidades de fluidos y los requisitos de micronutrientes para el f\u00fatbol"},{"item_aprende_a":"Implementar usos y mejores pr\u00e1cticas de suplementos diet\u00e9ticos para f\u00fatbol"}],"preguntas_frecuentes":false,"contenidistas":false,"docentes_expertos":[{"foto":"https:\/\/barcainnovationhub.com\/wp-content\/uploads\/2019\/03\/f6092eb0-ian_rollo.jpg","nombre_del_docente":"Ian Rollo","descripcion_del_docente":"Cient\u00edfico principal del Gatorade Sports Science Institute. Investigador visitante en Loughborough University, Reino Unido. Fisi\u00f3logo del ejercicio, nutricionista deportivo y del ejercicio (SENr).","enlace":""}],"imagen_destacada":false,"id_magento":"274","producto_path":false,"slidebox":false,"titulo_seccion_testimonios":"","slider_testimonios":false,"imagen_de_fondo_testimonios":false,"color_de_fondo_testimonios":"","activar_banner_1":false,"banner_1":false,"activar_banner_2":false,"banner_2":false,"activar_banner_3":false,"banner_3":false,"segunda_fecha_de_inicio":"","zona_horaria":"Europe\/Madrid","url_cursado_webinar":"","activar_nuevos_banners":false,"mostrar_banner_1":false,"crear_banner_1":{"utilizar_imagen_unica_para_banner":false,"asignar_imagen_unica_para_banner":false,"mostrar_titulo_banner":false,"titulo_para_banner":"","mostrar_subtitulo_banner":false,"subtitulo_del_banner":"","mostrar_cta_banner":false,"texto_cta_banner":"","url_cta_banner":"","fondo_de_color_banner":"","fondo_de_imagen_banner":false,"mostrar_imagen_izquierda_banner":false,"asignar_imagen_izquierda_banner":false},"mostrar_banner_2":false,"crear_banner_2":{"utilizar_imagen_unica_para_banner":false,"asignar_imagen_unica_para_banner":false,"mostrar_titulo_banner":false,"titulo_para_banner":"","mostrar_subtitulo_banner":false,"subtitulo_del_banner":"","mostrar_cta_banner":false,"texto_cta_banner":"","url_cta_banner":"","fondo_de_color_banner":"","fondo_de_imagen_banner":false,"mostrar_imagen_izquierda_banner":false,"asignar_imagen_izquierda_banner":false},"mostrar_banner_3":false,"crear_banner_3":{"utilizar_imagen_unica_para_banner":false,"asignar_imagen_unica_para_banner":false,"mostrar_titulo_banner":false,"titulo_para_banner":"","mostrar_subtitulo_banner":false,"subtitulo_del_banner":"","mostrar_cta_banner":false,"texto_cta_banner":"","url_cta_banner":"","fondo_de_color_banner":"","fondo_de_imagen_banner":false,"mostrar_imagen_izquierda_banner":false,"asignar_imagen_izquierda_banner":false}},"idiomas":{"en":15922,"es":15925,"ar":15925,"ca":15923,"ru":15925,"pt":15924},"_links":{"self":[{"href":"https:\/\/barcainnovationhub.com\/es\/wp-json\/wp\/v2\/products\/15925"}],"collection":[{"href":"https:\/\/barcainnovationhub.com\/es\/wp-json\/wp\/v2\/products"}],"about":[{"href":"https:\/\/barcainnovationhub.com\/es\/wp-json\/wp\/v2\/types\/product"}],"author":[{"embeddable":true,"href":"https:\/\/barcainnovationhub.com\/es\/wp-json\/wp\/v2\/users\/16"}],"replies":[{"embeddable":true,"href":"https:\/\/barcainnovationhub.com\/es\/wp-json\/wp\/v2\/comments?post=15925"}],"version-history":[{"count":5,"href":"https:\/\/barcainnovationhub.com\/es\/wp-json\/wp\/v2\/products\/15925\/revisions"}],"predecessor-version":[{"id":116342,"href":"https:\/\/barcainnovationhub.com\/es\/wp-json\/wp\/v2\/products\/15925\/revisions\/116342"}],"wp:attachment":[{"href":"https:\/\/barcainnovationhub.com\/es\/wp-json\/wp\/v2\/media?parent=15925"}],"wp:term":[{"taxonomy":"category","embeddable":true,"href":"https:\/\/barcainnovationhub.com\/es\/wp-json\/wp\/v2\/categories?post=15925"}],"curies":[{"name":"wp","href":"https:\/\/api.w.org\/{rel}","templated":true}]}}