{"id":26319,"date":"2019-07-19T18:22:32","date_gmt":"2019-07-19T21:22:32","guid":{"rendered":"https:\/\/barcainnovationhub.com\/?post_type=product&#038;p=26319"},"modified":"2022-01-11T00:54:34","modified_gmt":"2022-01-11T03:54:34","slug":"certificado-psicologia-entrenador-alto-rendimiento","status":"publish","type":"product","link":"https:\/\/barcainnovationhub.com\/es\/product\/certificado-psicologia-entrenador-alto-rendimiento\/","title":{"rendered":"Certificado en Psicolog\u00eda para el Entrenador en el Alto Rendimiento"},"content":{"rendered":"<p>contenido<\/p>\n","protected":false},"excerpt":{"rendered":"<p>excerpt<\/p>\n","protected":false},"author":16,"featured_media":0,"comment_status":"open","ping_status":"closed","template":"","meta":[],"categories":[123,123],"yoast_head":"<!-- This site is optimized with the Yoast SEO plugin v16.6.1 - https:\/\/yoast.com\/wordpress\/plugins\/seo\/ -->\n<meta name=\"robots\" content=\"index, follow, max-snippet:-1, max-image-preview:large, max-video-preview:-1\" \/>\n<link rel=\"canonical\" href=\"https:\/\/barcainnovationhub.com\/es\/product\/certificado-psicologia-entrenador-alto-rendimiento\/\" \/>\n<meta property=\"og:locale\" content=\"es_ES\" \/>\n<meta property=\"og:type\" content=\"article\" \/>\n<meta property=\"og:title\" content=\"Certificado en Psicolog\u00eda para el Entrenador en el Alto Rendimiento\" \/>\n<meta property=\"og:description\" content=\"excerpt\" \/>\n<meta property=\"og:url\" content=\"https:\/\/barcainnovationhub.com\/es\/product\/certificado-psicologia-entrenador-alto-rendimiento\/\" \/>\n<meta property=\"og:site_name\" content=\"Bar\u00e7a Innovation Hub\" \/>\n<meta property=\"article:publisher\" content=\"https:\/\/www.facebook.com\/fcbuniversitas\" \/>\n<meta property=\"article:modified_time\" content=\"2022-01-11T03:54:34+00:00\" \/>\n<meta property=\"og:image\" content=\"https:\/\/barcainnovationhub.com\/wp-content\/uploads\/2019\/07\/a2e9f7d8-certificate-in-psychology-for-sports-coaches-in-high-performance-3.jpg\" \/>\n\t<meta property=\"og:image:width\" content=\"1200\" \/>\n\t<meta property=\"og:image:height\" content=\"1200\" \/>\n<meta name=\"twitter:card\" content=\"summary\" \/>\n<meta name=\"twitter:title\" content=\"Certificado en Psicolog\u00eda para el Entrenador en el Alto Rendimiento\" \/>\n<meta name=\"twitter:image\" content=\"https:\/\/barcainnovationhub.com\/wp-content\/uploads\/2019\/07\/a2e9f7d8-certificate-in-psychology-for-sports-coaches-in-high-performance-3.jpg\" \/>\n<meta name=\"twitter:site\" content=\"@BarcaInnoHub\" \/>\n<meta name=\"twitter:label1\" content=\"Est. reading time\" \/>\n\t<meta name=\"twitter:data1\" content=\"1 minute\" \/>\n<script type=\"application\/ld+json\" class=\"yoast-schema-graph\">{\"@context\":\"https:\/\/schema.org\",\"@graph\":[{\"@type\":\"WebSite\",\"@id\":\"https:\/\/barcainnovationhub.com\/#website\",\"url\":\"https:\/\/barcainnovationhub.com\/\",\"name\":\"Bar\\u00e7a Innovation Hub\",\"description\":\"The worldwide centre for sports knowledge and innovation\",\"potentialAction\":[{\"@type\":\"SearchAction\",\"target\":{\"@type\":\"EntryPoint\",\"urlTemplate\":\"https:\/\/barcainnovationhub.com\/?s={search_term_string}\"},\"query-input\":\"required name=search_term_string\"}],\"inLanguage\":\"es-ES\"},{\"@type\":\"ImageObject\",\"@id\":\"https:\/\/barcainnovationhub.com\/es\/product\/certificado-psicologia-entrenador-alto-rendimiento\/#primaryimage\",\"inLanguage\":\"es-ES\",\"url\":\"https:\/\/barcainnovationhub.com\/wp-content\/uploads\/2019\/07\/a2e9f7d8-certificate-in-psychology-for-sports-coaches-in-high-performance-3.jpg\",\"contentUrl\":\"https:\/\/barcainnovationhub.com\/wp-content\/uploads\/2019\/07\/a2e9f7d8-certificate-in-psychology-for-sports-coaches-in-high-performance-3.jpg\",\"width\":1200,\"height\":1200},{\"@type\":\"WebPage\",\"@id\":\"https:\/\/barcainnovationhub.com\/es\/product\/certificado-psicologia-entrenador-alto-rendimiento\/#webpage\",\"url\":\"https:\/\/barcainnovationhub.com\/es\/product\/certificado-psicologia-entrenador-alto-rendimiento\/\",\"name\":\"Certificado en Psicolog\\u00eda para el Entrenador en el Alto Rendimiento\",\"isPartOf\":{\"@id\":\"https:\/\/barcainnovationhub.com\/#website\"},\"datePublished\":\"2019-07-19T21:22:32+00:00\",\"dateModified\":\"2022-01-11T03:54:34+00:00\",\"breadcrumb\":{\"@id\":\"https:\/\/barcainnovationhub.com\/es\/product\/certificado-psicologia-entrenador-alto-rendimiento\/#breadcrumb\"},\"inLanguage\":\"es-ES\",\"potentialAction\":[{\"@type\":\"ReadAction\",\"target\":[\"https:\/\/barcainnovationhub.com\/es\/product\/certificado-psicologia-entrenador-alto-rendimiento\/\"]}]},{\"@type\":\"BreadcrumbList\",\"@id\":\"https:\/\/barcainnovationhub.com\/es\/product\/certificado-psicologia-entrenador-alto-rendimiento\/#breadcrumb\",\"itemListElement\":[{\"@type\":\"ListItem\",\"position\":1,\"name\":\"Portada\",\"item\":\"https:\/\/barcainnovationhub.com\/es\/\"},{\"@type\":\"ListItem\",\"position\":2,\"name\":\"Productos\",\"item\":\"https:\/\/barcainnovationhub.com\/es\/product\/\"},{\"@type\":\"ListItem\",\"position\":3,\"name\":\"Certificado en Psicolog\\u00eda para el Entrenador en el Alto Rendimiento\"}]}]}<\/script>\n<!-- \/ Yoast SEO plugin. -->","acf":{"external_id":"1380","titulo_curso":"Certificado en Psicolog\u00eda del Entrenador en el Alto Rendimiento","precio":"625","impartido_en":"Castellano","hubspot_product_id":"35962323","header_image":108402,"column_title":"","titulo_incentivo":"Certificado en Psicolog\u00eda para el Entrenador en el Alto Rendimiento","fecha_de_inicio":"10062021","precio_en_cuotas":"4 pagos mensuales de \u20ac 156,25","precio_de_lista":"","mostrar_form":false,"promocion_vigente":"","duracion_del_curso":"4 meses","nivel_del_curso":"Introductorio","modalidad_cursado":"Online","contenido":"<p>Como entrenadores, las funciones a realizar van m\u00e1s all\u00e1 de la ense\u00f1anza de los aspectos t\u00e9cnicos, t\u00e1cticos y f\u00edsicos a nuestros jugadores. Hay que conocer y dominar los aspectos psicol\u00f3gicos de cada uno de ellos, y del equipo en su conjunto, para poder entrenar y competir en las mejores condiciones posibles.<\/p>\n<p>Conocerse a uno mismo como profesional y como persona, y entender cu\u00e1les son las t\u00e9cnicas m\u00e1s adecuadas para optimizar las variables psicol\u00f3gicas que est\u00e1n implicadas en el rendimiento deportivo, son las claves para sacar el mayor rendimiento de uno mismo, de cada uno de nuestros jugadores y del equipo deportivo.<\/p>\n","ocultar_video":false,"url_video":"https:\/\/www.vimeo.com\/368847941","avalado_por":false,"pdf_brochure":"https:\/\/static.capabiliaserver.com\/frontend\/clients\/barca\/wp_prod\/wp-content\/uploads\/2019\/07\/f8180fc9-certificado-en-psicologia-para-el-entrenador-en-el-alto-rendimiento.pdf","cursos_que_lo_componen":[{"nombre_del_curso":"Conociendo al entrenador","descripcion_del_curso":"<p>M\u00d3DULO 1: Entrenador como persona<br \/>\nM\u00d3DULO 2: Creencias<br \/>\nM\u00d3DULO 3: Gesti\u00f3n emocional<br \/>\nM\u00d3DULO 4: Aprendizaje<\/p>\n"},{"nombre_del_curso":"Competencias b\u00e1sicas del entrenador","descripcion_del_curso":"<p>M\u00d3DULO 1: Liderazgo<br \/>\nM\u00d3DULO 2: Herramientas comunicaci\u00f3n<br \/>\nM\u00d3DULO 3: Climas motivacionales<br \/>\nM\u00d3DULO 4: El entrenador y su entorno<\/p>\n"},{"nombre_del_curso":"Recursos para entrenar a los jugadores","descripcion_del_curso":"<p>M\u00d3DULO 1: Trabajo en equipo y cohesi\u00f3n<br \/>\nM\u00d3DULO 2: Autoconfianza<br \/>\nM\u00d3DULO 3: Motivaci\u00f3n<br \/>\nM\u00d3DULO 4: Desarrollo actitudinal y valores<\/p>\n"},{"nombre_del_curso":"Situaciones cotidianas del deporte","descripcion_del_curso":"<p>M\u00d3DULO 1: Gesti\u00f3n jugadores lesionados<br \/>\nM\u00d3DULO 2: Posibilitadores de la dual career<br \/>\nM\u00d3DULO 3: Gesti\u00f3n de la dificultad I<br \/>\nM\u00d3DULO 4: Gesti\u00f3n de la dificultad II<\/p>\n"}],"aprende_a":[{"item_aprende_a":"Desarrollar autoconocimiento, tanto en el \u00e1mbito personal como en el rol profesional, para un mejor desempe\u00f1o laboral en las funciones de entrenador."},{"item_aprende_a":"Utilizar las herramientas adecuadas para el desarrollo de un liderazgo eficaz en la gesti\u00f3n de grupos y personas."},{"item_aprende_a":"Manejar estrategias y t\u00e9cnicas para la optimizaci\u00f3n de las variables psicol\u00f3gicas de los deportistas."},{"item_aprende_a":"Adquirir estrategias espec\u00edficas para la soluci\u00f3n de situaciones espec\u00edficas que se dan en el d\u00eda a d\u00eda del entorno deportivo."}],"preguntas_frecuentes":false,"contenidistas":false,"docentes_expertos":[{"foto":"https:\/\/static.capabiliaserver.com\/frontend\/clients\/barca\/wp\/wp-content\/uploads\/2019\/07\/ecc50a1e-fcf2667f-ana_merayo.png","nombre_del_docente":"Ana Merayo Garc\u00eda","descripcion_del_docente":"Psic\u00f3loga deportiva. Docente. Coordinadora del SAIE (Servicio de Atenci\u00f3n Integral al Deportista) de Masia 360, FC Barcelona.","enlace":""}],"imagen_destacada":false,"id_magento":"285","producto_path":false,"slidebox":false,"titulo_seccion_testimonios":"","slider_testimonios":false,"imagen_de_fondo_testimonios":false,"color_de_fondo_testimonios":"","activar_banner_1":false,"banner_1":false,"activar_banner_2":false,"banner_2":false,"activar_banner_3":false,"banner_3":false,"segunda_fecha_de_inicio":"","zona_horaria":"Europe\/Madrid","url_cursado_webinar":"","activar_nuevos_banners":false,"mostrar_banner_1":false,"crear_banner_1":{"utilizar_imagen_unica_para_banner":false,"asignar_imagen_unica_para_banner":false,"mostrar_titulo_banner":false,"titulo_para_banner":"","mostrar_subtitulo_banner":false,"subtitulo_del_banner":"","mostrar_cta_banner":false,"texto_cta_banner":"","url_cta_banner":"","fondo_de_color_banner":"","fondo_de_imagen_banner":false,"mostrar_imagen_izquierda_banner":false,"asignar_imagen_izquierda_banner":false},"mostrar_banner_2":false,"crear_banner_2":{"utilizar_imagen_unica_para_banner":false,"asignar_imagen_unica_para_banner":false,"mostrar_titulo_banner":false,"titulo_para_banner":"","mostrar_subtitulo_banner":false,"subtitulo_del_banner":"","mostrar_cta_banner":false,"texto_cta_banner":"","url_cta_banner":"","fondo_de_color_banner":"","fondo_de_imagen_banner":false,"mostrar_imagen_izquierda_banner":false,"asignar_imagen_izquierda_banner":false},"mostrar_banner_3":false,"crear_banner_3":{"utilizar_imagen_unica_para_banner":false,"asignar_imagen_unica_para_banner":false,"mostrar_titulo_banner":false,"titulo_para_banner":"","mostrar_subtitulo_banner":false,"subtitulo_del_banner":"","mostrar_cta_banner":false,"texto_cta_banner":"","url_cta_banner":"","fondo_de_color_banner":"","fondo_de_imagen_banner":false,"mostrar_imagen_izquierda_banner":false,"asignar_imagen_izquierda_banner":false}},"idiomas":{"en":26316,"es":26319,"ar":26319,"ca":26317,"ru":26319,"pt":26318},"_links":{"self":[{"href":"https:\/\/barcainnovationhub.com\/es\/wp-json\/wp\/v2\/products\/26319"}],"collection":[{"href":"https:\/\/barcainnovationhub.com\/es\/wp-json\/wp\/v2\/products"}],"about":[{"href":"https:\/\/barcainnovationhub.com\/es\/wp-json\/wp\/v2\/types\/product"}],"author":[{"embeddable":true,"href":"https:\/\/barcainnovationhub.com\/es\/wp-json\/wp\/v2\/users\/16"}],"replies":[{"embeddable":true,"href":"https:\/\/barcainnovationhub.com\/es\/wp-json\/wp\/v2\/comments?post=26319"}],"version-history":[{"count":5,"href":"https:\/\/barcainnovationhub.com\/es\/wp-json\/wp\/v2\/products\/26319\/revisions"}],"predecessor-version":[{"id":116338,"href":"https:\/\/barcainnovationhub.com\/es\/wp-json\/wp\/v2\/products\/26319\/revisions\/116338"}],"wp:attachment":[{"href":"https:\/\/barcainnovationhub.com\/es\/wp-json\/wp\/v2\/media?parent=26319"}],"wp:term":[{"taxonomy":"category","embeddable":true,"href":"https:\/\/barcainnovationhub.com\/es\/wp-json\/wp\/v2\/categories?post=26319"}],"curies":[{"name":"wp","href":"https:\/\/api.w.org\/{rel}","templated":true}]}}