{"id":45594,"date":"2019-11-25T15:53:13","date_gmt":"2019-11-25T18:53:13","guid":{"rendered":"https:\/\/barcainnovationhub.com\/?post_type=product&#038;p=45594"},"modified":"2022-01-11T02:04:13","modified_gmt":"2022-01-11T05:04:13","slug":"tendinopatia-de-miembros-inferiores","status":"publish","type":"product","link":"https:\/\/barcainnovationhub.com\/es\/product\/tendinopatia-de-miembros-inferiores\/","title":{"rendered":"Tendinopat\u00eda de Miembros Inferiores"},"content":{"rendered":"<p>contenido<\/p>\n","protected":false},"excerpt":{"rendered":"<p>excerpt<\/p>\n","protected":false},"author":16,"featured_media":0,"comment_status":"open","ping_status":"closed","template":"","meta":[],"categories":[114],"yoast_head":"<!-- This site is optimized with the Yoast SEO plugin v16.6.1 - https:\/\/yoast.com\/wordpress\/plugins\/seo\/ -->\n<meta name=\"description\" content=\"Aprende con Jill Cook y Ebonie Rio a reconocer la tendinopat\u00eda como una presentaci\u00f3n cl\u00ednica y a aplicar rehabilitaci\u00f3n individualizada basada en evidencia.\" \/>\n<meta name=\"robots\" content=\"index, follow, max-snippet:-1, max-image-preview:large, max-video-preview:-1\" \/>\n<link rel=\"canonical\" href=\"https:\/\/barcainnovationhub.com\/es\/product\/tendinopatia-de-miembros-inferiores\/\" \/>\n<meta property=\"og:locale\" content=\"es_ES\" \/>\n<meta property=\"og:type\" content=\"article\" \/>\n<meta property=\"og:title\" content=\"Tendinopat\u00eda de Miembros Inferiores\" \/>\n<meta property=\"og:description\" content=\"Aprende con Jill Cook y Ebonie Rio a reconocer la tendinopat\u00eda como una presentaci\u00f3n cl\u00ednica y a aplicar rehabilitaci\u00f3n individualizada basada en evidencia.\" \/>\n<meta property=\"og:url\" content=\"https:\/\/barcainnovationhub.com\/es\/product\/tendinopatia-de-miembros-inferiores\/\" \/>\n<meta property=\"og:site_name\" content=\"Bar\u00e7a Innovation Hub\" \/>\n<meta property=\"article:publisher\" content=\"https:\/\/www.facebook.com\/fcbuniversitas\" \/>\n<meta property=\"article:modified_time\" content=\"2022-01-11T05:04:13+00:00\" \/>\n<meta property=\"og:image\" content=\"https:\/\/barcainnovationhub.com\/wp-content\/uploads\/2019\/11\/3321affd-lower-limb-tendinopathy.jpg.jpg\" \/>\n\t<meta property=\"og:image:width\" content=\"1200\" \/>\n\t<meta property=\"og:image:height\" content=\"1200\" \/>\n<meta name=\"twitter:card\" content=\"summary\" \/>\n<meta name=\"twitter:title\" content=\"Tendinopat\u00eda de Miembros Inferiores\" \/>\n<meta name=\"twitter:description\" content=\"Aprende con Jill Cook y Ebonie Rio a reconocer la tendinopat\u00eda como una presentaci\u00f3n cl\u00ednica y a aplicar rehabilitaci\u00f3n individualizada basada en evidencia.\" \/>\n<meta name=\"twitter:image\" content=\"https:\/\/barcainnovationhub.com\/wp-content\/uploads\/2019\/11\/3321affd-lower-limb-tendinopathy.jpg.jpg\" \/>\n<meta name=\"twitter:site\" content=\"@BarcaInnoHub\" \/>\n<meta name=\"twitter:label1\" content=\"Est. reading time\" \/>\n\t<meta name=\"twitter:data1\" content=\"1 minute\" \/>\n<script type=\"application\/ld+json\" class=\"yoast-schema-graph\">{\"@context\":\"https:\/\/schema.org\",\"@graph\":[{\"@type\":\"WebSite\",\"@id\":\"https:\/\/barcainnovationhub.com\/#website\",\"url\":\"https:\/\/barcainnovationhub.com\/\",\"name\":\"Bar\\u00e7a Innovation Hub\",\"description\":\"The worldwide centre for sports knowledge and innovation\",\"potentialAction\":[{\"@type\":\"SearchAction\",\"target\":{\"@type\":\"EntryPoint\",\"urlTemplate\":\"https:\/\/barcainnovationhub.com\/?s={search_term_string}\"},\"query-input\":\"required name=search_term_string\"}],\"inLanguage\":\"es-ES\"},{\"@type\":\"ImageObject\",\"@id\":\"https:\/\/barcainnovationhub.com\/es\/product\/tendinopatia-de-miembros-inferiores\/#primaryimage\",\"inLanguage\":\"es-ES\",\"url\":\"https:\/\/barcainnovationhub.com\/wp-content\/uploads\/2019\/11\/3321affd-lower-limb-tendinopathy.jpg.jpg\",\"contentUrl\":\"https:\/\/barcainnovationhub.com\/wp-content\/uploads\/2019\/11\/3321affd-lower-limb-tendinopathy.jpg.jpg\",\"width\":1200,\"height\":1200},{\"@type\":\"WebPage\",\"@id\":\"https:\/\/barcainnovationhub.com\/es\/product\/tendinopatia-de-miembros-inferiores\/#webpage\",\"url\":\"https:\/\/barcainnovationhub.com\/es\/product\/tendinopatia-de-miembros-inferiores\/\",\"name\":\"Tendinopat\\u00eda de Miembros Inferiores - Bar\\u00e7a Innovation Hub\",\"isPartOf\":{\"@id\":\"https:\/\/barcainnovationhub.com\/#website\"},\"datePublished\":\"2019-11-25T18:53:13+00:00\",\"dateModified\":\"2022-01-11T05:04:13+00:00\",\"description\":\"Aprende con Jill Cook y Ebonie Rio a reconocer la tendinopat\\u00eda como una presentaci\\u00f3n cl\\u00ednica y a aplicar rehabilitaci\\u00f3n individualizada basada en evidencia.\",\"breadcrumb\":{\"@id\":\"https:\/\/barcainnovationhub.com\/es\/product\/tendinopatia-de-miembros-inferiores\/#breadcrumb\"},\"inLanguage\":\"es-ES\",\"potentialAction\":[{\"@type\":\"ReadAction\",\"target\":[\"https:\/\/barcainnovationhub.com\/es\/product\/tendinopatia-de-miembros-inferiores\/\"]}]},{\"@type\":\"BreadcrumbList\",\"@id\":\"https:\/\/barcainnovationhub.com\/es\/product\/tendinopatia-de-miembros-inferiores\/#breadcrumb\",\"itemListElement\":[{\"@type\":\"ListItem\",\"position\":1,\"name\":\"Portada\",\"item\":\"https:\/\/barcainnovationhub.com\/es\/\"},{\"@type\":\"ListItem\",\"position\":2,\"name\":\"Productos\",\"item\":\"https:\/\/barcainnovationhub.com\/es\/product\/\"},{\"@type\":\"ListItem\",\"position\":3,\"name\":\"Tendinopat\\u00eda de Miembros Inferiores\"}]}]}<\/script>\n<!-- \/ Yoast SEO plugin. -->","acf":{"external_id":"1395","titulo_curso":"Lower Limb Tendinopathy","precio":"450","impartido_en":"Castellano","producto_path":false,"hubspot_product_id":"55164482","id_magento":"332","header_image":108581,"column_title":"","titulo_incentivo":"Tendinopat\u00eda de Miembros Inferiores","fecha_de_inicio":"10082021","precio_en_cuotas":"","precio_de_lista":"","mostrar_form":false,"promocion_vigente":"","duracion_del_curso":"2 meses","nivel_del_curso":"Avanzado","modalidad_cursado":"Online","contenido":"<p>Los tendones en miembros inferiores funcionan predominantemente como resortes, destinados a facilitar no solo la locomoci\u00f3n sino tambi\u00e9n la actividad f\u00edsica y deportiva de alto rendimiento. El dolor y la disfunci\u00f3n son s\u00edntomas que se presentan de manera frecuente en tendones, para lo cual los profesionales a cargo deben ser capaces reconocer las principales caracter\u00edsticas del dolor de tend\u00f3n. Sumado a esto, es importante poseer una excelente gesti\u00f3n de los procesos de recuperaci\u00f3n y entrenamiento basados en la evidencia cient\u00edfica.<\/p>\n<p>Ser capaz de aplicar de manera cr\u00edtica esta evidencia requiere un entendimiento de la patolog\u00eda del dolor de tend\u00f3n, la adaptaci\u00f3n, como tambi\u00e9n las modificaciones que esto provoca a distintos niveles (desde el tend\u00f3n al m\u00fasculo, cadena cin\u00e9tica y cerebro). Estas son premisas fundamentales para lograr una rehabilitaci\u00f3n rigurosa y un uso apropiado de los recursos durante este proceso.<\/p>\n<p>Es fundamental considerar la capacidad funcional del atleta y sus caracter\u00edsticas individuales, como tambi\u00e9n los objetivos y la existencia de otros s\u00edntomas. Las intervenciones durante la temporada significan un desaf\u00edo adicional y los m\u00e9dicos cl\u00ednicos deben entender c\u00f3mo y cu\u00e1ndo aplicarlas.<\/p>\n<p>Durante el programa intentaremos proporcionar informaci\u00f3n clave acerca de la importancia de la \u201cciencia del dolor\u201d y el uso del lenguaje adecuado cuando se le explica ideas a los pacientes y atletas, como tambi\u00e9n a las partes interesadas como padres y entrenadores. Por \u00faltimo, ofreceremos evidencia actualizada sobre c\u00f3mo incorporar a las neurociencias en los procesos de rehabilitaci\u00f3n de tendinopat\u00edas.<\/p>\n","ocultar_video":false,"url_video":"https:\/\/www.youtube.com\/embed\/wpWnTTDmMKo","avalado_por":false,"pdf_brochure":"https:\/\/static.capabiliaserver.com\/frontend\/clients\/barca\/wp_prod\/wp-content\/uploads\/2019\/11\/d1419396-tendinopatia-de-miembros-inferiores.pdf","cursos_que_lo_componen":[{"nombre_del_curso":"Entendimiento de la anatom\u00eda, funci\u00f3n y adaptaci\u00f3n del tend\u00f3n","descripcion_del_curso":"<p>M\u00d3DULO 1. Fundamentos del tend\u00f3n<br \/>\nM\u00d3DULO 2. Dolor y patolog\u00eda; implicaciones para m\u00e9dicos cl\u00ednicos<br \/>\nM\u00d3DULO 3. Teor\u00eda de evaluaci\u00f3n subjetiva<br \/>\nM\u00d3DULO 4. Diagn\u00f3stico por im\u00e1genes y otras derivaciones en evaluaci\u00f3n subjetiva<\/p>\n"},{"nombre_del_curso":"Evaluar y rehabilitar los tendones de los miembros inferiores","descripcion_del_curso":"<p>M\u00d3DULO 1. Introducci\u00f3n a la evaluaci\u00f3n objetiva y especifica de tendones<br \/>\nM\u00d3DULO 2. Continuaci\u00f3n de evaluaci\u00f3n objetiva para tendones de miembros inferiores<br \/>\nM\u00d3DULO 3. Historial de rehabilitaci\u00f3n<br \/>\nM\u00d3DULO 4. Finalizaci\u00f3n de la rehabilitaci\u00f3n<\/p>\n"}],"aprende_a":[{"item_aprende_a":"Describir el tend\u00f3n normal y los cambios que ocurren con patolog\u00eda."},{"item_aprende_a":"Entender y explicar qu\u00e9 se conoce sobre nocicepci\u00f3n y dolor en tendones."},{"item_aprende_a":"Describir la funci\u00f3n de los tendones de los miembros inferiores."},{"item_aprende_a":"Entender el rol del diagn\u00f3stico por im\u00e1genes en el dolor de tend\u00f3n."},{"item_aprende_a":"Llevar a cabo una examinaci\u00f3n rigurosa y subjetiva."},{"item_aprende_a":"Incrementar seguridad en diagn\u00f3stico diferencial o considerar un camino de tratamiento siguiendo una evaluaci\u00f3n objetiva."},{"item_aprende_a":"Proporcionar una rehabilitaci\u00f3n basada en evidencia para los tendones de los miembros inferiores. Adaptar la gesti\u00f3n para los atletas de temporada."}],"preguntas_frecuentes":false,"contenidistas":false,"docentes_expertos":[{"foto":"https:\/\/barcainnovationhub.com\/wp-content\/uploads\/2019\/11\/37fb11cd-jill-cook.jpg","nombre_del_docente":"Jill Cook","descripcion_del_docente":"Fisioterapeuta. Profesora de salud musculoesquel\u00e9tica en La Trobe Sport and Exercise Medicine Research Centre en Universidad La Trobe. Sus \u00e1reas de investigaci\u00f3n incluyen medicina deportiva y lesiones de tend\u00f3n.","enlace":""},{"foto":"https:\/\/barcainnovationhub.com\/wp-content\/uploads\/2019\/11\/a77176c8-ebonie_rio.jpg","nombre_del_docente":"Ebonie Rio","descripcion_del_docente":"Investigadora l\u00edder en dolor de tend\u00f3n y rehabilitaci\u00f3n en Universidad La Trobe.","enlace":""}],"imagen_destacada":false,"slidebox":false,"titulo_seccion_testimonios":"","slider_testimonios":false,"imagen_de_fondo_testimonios":false,"color_de_fondo_testimonios":"","segunda_fecha_de_inicio":"","zona_horaria":"Europe\/Madrid","activar_banner_1":false,"banner_1":false,"activar_banner_2":false,"banner_2":false,"activar_banner_3":false,"banner_3":false,"url_cursado_webinar":"","activar_nuevos_banners":false,"mostrar_banner_1":false,"crear_banner_1":{"utilizar_imagen_unica_para_banner":false,"asignar_imagen_unica_para_banner":false,"mostrar_titulo_banner":false,"titulo_para_banner":"","mostrar_subtitulo_banner":false,"subtitulo_del_banner":"","mostrar_cta_banner":false,"texto_cta_banner":"","url_cta_banner":"","fondo_de_color_banner":"","fondo_de_imagen_banner":false,"mostrar_imagen_izquierda_banner":false,"asignar_imagen_izquierda_banner":false},"mostrar_banner_2":false,"crear_banner_2":{"utilizar_imagen_unica_para_banner":false,"asignar_imagen_unica_para_banner":false,"mostrar_titulo_banner":false,"titulo_para_banner":"","mostrar_subtitulo_banner":false,"subtitulo_del_banner":"","mostrar_cta_banner":false,"texto_cta_banner":"","url_cta_banner":"","fondo_de_color_banner":"","fondo_de_imagen_banner":false,"mostrar_imagen_izquierda_banner":false,"asignar_imagen_izquierda_banner":false},"mostrar_banner_3":false,"crear_banner_3":{"utilizar_imagen_unica_para_banner":false,"asignar_imagen_unica_para_banner":false,"mostrar_titulo_banner":false,"titulo_para_banner":"","mostrar_subtitulo_banner":false,"subtitulo_del_banner":"","mostrar_cta_banner":false,"texto_cta_banner":"","url_cta_banner":"","fondo_de_color_banner":"","fondo_de_imagen_banner":false,"mostrar_imagen_izquierda_banner":false,"asignar_imagen_izquierda_banner":false}},"idiomas":{"en":45591,"es":45594,"ar":45594,"ca":45592,"ru":45594,"pt":45593},"_links":{"self":[{"href":"https:\/\/barcainnovationhub.com\/es\/wp-json\/wp\/v2\/products\/45594"}],"collection":[{"href":"https:\/\/barcainnovationhub.com\/es\/wp-json\/wp\/v2\/products"}],"about":[{"href":"https:\/\/barcainnovationhub.com\/es\/wp-json\/wp\/v2\/types\/product"}],"author":[{"embeddable":true,"href":"https:\/\/barcainnovationhub.com\/es\/wp-json\/wp\/v2\/users\/16"}],"replies":[{"embeddable":true,"href":"https:\/\/barcainnovationhub.com\/es\/wp-json\/wp\/v2\/comments?post=45594"}],"version-history":[{"count":5,"href":"https:\/\/barcainnovationhub.com\/es\/wp-json\/wp\/v2\/products\/45594\/revisions"}],"predecessor-version":[{"id":116409,"href":"https:\/\/barcainnovationhub.com\/es\/wp-json\/wp\/v2\/products\/45594\/revisions\/116409"}],"wp:attachment":[{"href":"https:\/\/barcainnovationhub.com\/es\/wp-json\/wp\/v2\/media?parent=45594"}],"wp:term":[{"taxonomy":"category","embeddable":true,"href":"https:\/\/barcainnovationhub.com\/es\/wp-json\/wp\/v2\/categories?post=45594"}],"curies":[{"name":"wp","href":"https:\/\/api.w.org\/{rel}","templated":true}]}}