{"id":52035,"date":"2020-02-04T10:02:42","date_gmt":"2020-02-04T13:02:42","guid":{"rendered":"https:\/\/barcainnovationhub.com\/?post_type=product&#038;p=52035"},"modified":"2022-01-11T01:58:44","modified_gmt":"2022-01-11T04:58:44","slug":"marketing-digital-deportivo","status":"publish","type":"product","link":"https:\/\/barcainnovationhub.com\/es\/product\/marketing-digital-deportivo\/","title":{"rendered":"Marketing Digital Deportivo"},"content":{"rendered":"<p>contenido<\/p>\n","protected":false},"excerpt":{"rendered":"<p>excerpt<\/p>\n","protected":false},"author":16,"featured_media":0,"comment_status":"open","ping_status":"closed","template":"","meta":[],"categories":[114],"yoast_head":"<!-- This site is optimized with the Yoast SEO plugin v16.6.1 - https:\/\/yoast.com\/wordpress\/plugins\/seo\/ -->\n<meta name=\"description\" content=\"Este programa online de 2 meses provee una introducci\u00f3n pr\u00e1ctica al marketing digital para ejecutivos de clubes o federaciones deportivas.\" \/>\n<meta name=\"robots\" content=\"index, follow, max-snippet:-1, max-image-preview:large, max-video-preview:-1\" \/>\n<link rel=\"canonical\" href=\"https:\/\/barcainnovationhub.com\/es\/product\/marketing-digital-deportivo\/\" \/>\n<meta property=\"og:locale\" content=\"es_ES\" \/>\n<meta property=\"og:type\" content=\"article\" \/>\n<meta property=\"og:title\" content=\"Marketing Digital Deportivo\" \/>\n<meta property=\"og:description\" content=\"Este programa online de 2 meses provee una introducci\u00f3n pr\u00e1ctica al marketing digital para ejecutivos de clubes o federaciones deportivas.\" \/>\n<meta property=\"og:url\" content=\"https:\/\/barcainnovationhub.com\/es\/product\/marketing-digital-deportivo\/\" \/>\n<meta property=\"og:site_name\" content=\"Bar\u00e7a Innovation Hub\" \/>\n<meta property=\"article:publisher\" content=\"https:\/\/www.facebook.com\/fcbuniversitas\" \/>\n<meta property=\"article:modified_time\" content=\"2022-01-11T04:58:44+00:00\" \/>\n<meta property=\"og:image\" content=\"https:\/\/barcainnovationhub.com\/wp-content\/uploads\/2020\/02\/952e1ad3-digital-marketing-in-sports.jpg\" \/>\n\t<meta property=\"og:image:width\" content=\"1200\" \/>\n\t<meta property=\"og:image:height\" content=\"1200\" \/>\n<meta name=\"twitter:card\" content=\"summary\" \/>\n<meta name=\"twitter:title\" content=\"Marketing Digital Deportivo\" \/>\n<meta name=\"twitter:description\" content=\"Este programa online de 2 meses provee una introducci\u00f3n pr\u00e1ctica al marketing digital para ejecutivos de clubes o federaciones deportivas.\" \/>\n<meta name=\"twitter:image\" content=\"https:\/\/barcainnovationhub.com\/wp-content\/uploads\/2020\/02\/952e1ad3-digital-marketing-in-sports.jpg\" \/>\n<meta name=\"twitter:site\" content=\"@BarcaInnoHub\" \/>\n<meta name=\"twitter:label1\" content=\"Est. reading time\" \/>\n\t<meta name=\"twitter:data1\" content=\"1 minute\" \/>\n<script type=\"application\/ld+json\" class=\"yoast-schema-graph\">{\"@context\":\"https:\/\/schema.org\",\"@graph\":[{\"@type\":\"WebSite\",\"@id\":\"https:\/\/barcainnovationhub.com\/#website\",\"url\":\"https:\/\/barcainnovationhub.com\/\",\"name\":\"Bar\\u00e7a Innovation Hub\",\"description\":\"The worldwide centre for sports knowledge and innovation\",\"potentialAction\":[{\"@type\":\"SearchAction\",\"target\":{\"@type\":\"EntryPoint\",\"urlTemplate\":\"https:\/\/barcainnovationhub.com\/?s={search_term_string}\"},\"query-input\":\"required name=search_term_string\"}],\"inLanguage\":\"es-ES\"},{\"@type\":\"ImageObject\",\"@id\":\"https:\/\/barcainnovationhub.com\/es\/product\/marketing-digital-deportivo\/#primaryimage\",\"inLanguage\":\"es-ES\",\"url\":\"https:\/\/barcainnovationhub.com\/wp-content\/uploads\/2020\/02\/952e1ad3-digital-marketing-in-sports.jpg\",\"contentUrl\":\"https:\/\/barcainnovationhub.com\/wp-content\/uploads\/2020\/02\/952e1ad3-digital-marketing-in-sports.jpg\",\"width\":1200,\"height\":1200},{\"@type\":\"WebPage\",\"@id\":\"https:\/\/barcainnovationhub.com\/es\/product\/marketing-digital-deportivo\/#webpage\",\"url\":\"https:\/\/barcainnovationhub.com\/es\/product\/marketing-digital-deportivo\/\",\"name\":\"Marketing Digital Deportivo - Bar\\u00e7a Innovation Hub\",\"isPartOf\":{\"@id\":\"https:\/\/barcainnovationhub.com\/#website\"},\"datePublished\":\"2020-02-04T13:02:42+00:00\",\"dateModified\":\"2022-01-11T04:58:44+00:00\",\"description\":\"Este programa online de 2 meses provee una introducci\\u00f3n pr\\u00e1ctica al marketing digital para ejecutivos de clubes o federaciones deportivas.\",\"breadcrumb\":{\"@id\":\"https:\/\/barcainnovationhub.com\/es\/product\/marketing-digital-deportivo\/#breadcrumb\"},\"inLanguage\":\"es-ES\",\"potentialAction\":[{\"@type\":\"ReadAction\",\"target\":[\"https:\/\/barcainnovationhub.com\/es\/product\/marketing-digital-deportivo\/\"]}]},{\"@type\":\"BreadcrumbList\",\"@id\":\"https:\/\/barcainnovationhub.com\/es\/product\/marketing-digital-deportivo\/#breadcrumb\",\"itemListElement\":[{\"@type\":\"ListItem\",\"position\":1,\"name\":\"Portada\",\"item\":\"https:\/\/barcainnovationhub.com\/es\/\"},{\"@type\":\"ListItem\",\"position\":2,\"name\":\"Productos\",\"item\":\"https:\/\/barcainnovationhub.com\/es\/product\/\"},{\"@type\":\"ListItem\",\"position\":3,\"name\":\"Marketing Digital Deportivo\"}]}]}<\/script>\n<!-- \/ Yoast SEO plugin. -->","acf":{"external_id":"1397","titulo_curso":"Certificado en Marketing Digital Deportivo","precio":"450","impartido_en":"Castellano","producto_path":false,"hubspot_product_id":"74780006","id_magento":"334","header_image":108953,"column_title":"","titulo_incentivo":"Marketing Digital Deportivo","fecha_de_inicio":"10072021","precio_en_cuotas":"2 pagos mensuales de \u20ac 225","precio_de_lista":"450","mostrar_form":false,"promocion_vigente":"","duracion_del_curso":"2 meses","nivel_del_curso":"Introductorio","modalidad_cursado":"Online","contenido":"<p>El Marketing Digital es esencial para los clubes deportivos o federaciones actuales. La industria est\u00e1 cambiando de manera r\u00e1pida y muchos de los ejecutivos deportivos est\u00e1n utilizando formas innovadoras para atraer y llegar a su base de aficionados, mientras generan m\u00faltiples flujos de ingresos desde una amplia gama de actividades digitales.<\/p>\n<p>El programa <strong>Marketing Digital Deportivo<\/strong> provee una introducci\u00f3n pr\u00e1ctica al marketing digital para los ejecutivos deportivos, al utilizar ejemplos pertinentes, sugerencias y plantillas que pueden utilizarse entre los ejecutivos deportivos de clubes o federaciones. Sus cursos se centran en 4 temas amplios:<\/p>\n<ol>\n<li>Tendencias, investigaci\u00f3n y estrategia<\/li>\n<li>Marcas y comunicaciones en el plan de contenido y gesti\u00f3n de crisis<\/li>\n<li>Generaci\u00f3n de ingresos y recursos<\/li>\n<li>Enfoque en el aficionado<\/li>\n<\/ol>\n<p>Este programa tiene como objetivo proveer a los participantes el conocimiento y las habilidades que se requieren para desarrollar un plan de marketing digital deportivo que pueda implementarse en su club o federaci\u00f3n.<\/p>\n","ocultar_video":true,"url_video":"","avalado_por":false,"pdf_brochure":"https:\/\/static.capabiliaserver.com\/frontend\/clients\/barca\/wp_prod\/wp-content\/uploads\/2020\/02\/6dc57d91-marketing-digital-deportivo.pdf","cursos_que_lo_componen":[{"nombre_del_curso":"Estrategias, marcas y comunicaciones en l\u00ednea","descripcion_del_curso":"<p>M\u00d3DULO 1: Tendencias, investigaciones y auditor\u00edas digitales<br \/>\nM\u00d3DULO 2: Estrategias de marketing digital y marcas en l\u00ednea<br \/>\nM\u00d3DULO 3: Comunicaciones<br \/>\nM\u00d3DULO 4: Plan de contenidos y gesti\u00f3n de crisis<\/p>\n"},{"nombre_del_curso":"Generaci\u00f3n de ingresos y fan engagement","descripcion_del_curso":"<p>M\u00d3DULO 1: Data y recursos<br \/>\nM\u00d3DULO 2: Fuente de ingresos digitales<br \/>\nM\u00d3DULO 3: Fan engagement y eSports<br \/>\nM\u00d3DULO 4:  Juegos de fantas\u00eda y \"Growing Attendance Model\"(GAM)<\/p>\n"}],"aprende_a":[{"item_aprende_a":"Dirigir auditor\u00edas digitales"},{"item_aprende_a":"Adquirir conocimientos b\u00e1sicos de los datos y la visi\u00f3n \u00fanica del cliente (SVC)"},{"item_aprende_a":"Crear un plan de marketing digital"},{"item_aprende_a":"Construir una marca en l\u00ednea"},{"item_aprende_a":"Crear un plan de contenidos y comunicaciones"},{"item_aprende_a":"Adquirir mejores conocimientos sobre las diversas fuentes de ingresos disponibles"},{"item_aprende_a":"Adquirir un conocimiento m\u00e1s profundo sobre c\u00f3mo utilizar lo digital para fidelizar una base de aficionados"}],"preguntas_frecuentes":false,"contenidistas":false,"docentes_expertos":[{"foto":"https:\/\/barcainnovationhub.com\/wp-content\/uploads\/2020\/01\/fcc01266-geoff-wilson-328x328.jpg","nombre_del_docente":"Geoff Wilson","descripcion_del_docente":"Estratega deportivo que hace hincapi\u00e9 en organizaciones deportivas y negocios involucrados en el deporte alrededor del mundo. Actualmente trabaja como consultor en comunicaci\u00f3n y marketing para clientes como UEFA, AFC, FIFA, FIBA y el Ulster Grand Prix.","enlace":""}],"imagen_destacada":false,"slidebox":false,"titulo_seccion_testimonios":"","slider_testimonios":false,"imagen_de_fondo_testimonios":false,"color_de_fondo_testimonios":"","segunda_fecha_de_inicio":"25072021","zona_horaria":"Europe\/Madrid","activar_banner_1":false,"banner_1":false,"activar_banner_2":false,"banner_2":false,"activar_banner_3":false,"banner_3":false,"url_cursado_webinar":"","activar_nuevos_banners":false,"mostrar_banner_1":false,"crear_banner_1":{"utilizar_imagen_unica_para_banner":false,"asignar_imagen_unica_para_banner":false,"mostrar_titulo_banner":false,"titulo_para_banner":"","mostrar_subtitulo_banner":false,"subtitulo_del_banner":"","mostrar_cta_banner":false,"texto_cta_banner":"","url_cta_banner":"","fondo_de_color_banner":"","fondo_de_imagen_banner":false,"mostrar_imagen_izquierda_banner":false,"asignar_imagen_izquierda_banner":false},"mostrar_banner_2":false,"crear_banner_2":{"utilizar_imagen_unica_para_banner":false,"asignar_imagen_unica_para_banner":false,"mostrar_titulo_banner":false,"titulo_para_banner":"","mostrar_subtitulo_banner":false,"subtitulo_del_banner":"","mostrar_cta_banner":false,"texto_cta_banner":"","url_cta_banner":"","fondo_de_color_banner":"","fondo_de_imagen_banner":false,"mostrar_imagen_izquierda_banner":false,"asignar_imagen_izquierda_banner":false},"mostrar_banner_3":false,"crear_banner_3":{"utilizar_imagen_unica_para_banner":false,"asignar_imagen_unica_para_banner":false,"mostrar_titulo_banner":false,"titulo_para_banner":"","mostrar_subtitulo_banner":false,"subtitulo_del_banner":"","mostrar_cta_banner":false,"texto_cta_banner":"","url_cta_banner":"","fondo_de_color_banner":"","fondo_de_imagen_banner":false,"mostrar_imagen_izquierda_banner":false,"asignar_imagen_izquierda_banner":false}},"idiomas":{"en":52032,"es":52035,"ar":52035,"ca":52033,"ru":52035,"pt":52034},"_links":{"self":[{"href":"https:\/\/barcainnovationhub.com\/es\/wp-json\/wp\/v2\/products\/52035"}],"collection":[{"href":"https:\/\/barcainnovationhub.com\/es\/wp-json\/wp\/v2\/products"}],"about":[{"href":"https:\/\/barcainnovationhub.com\/es\/wp-json\/wp\/v2\/types\/product"}],"author":[{"embeddable":true,"href":"https:\/\/barcainnovationhub.com\/es\/wp-json\/wp\/v2\/users\/16"}],"replies":[{"embeddable":true,"href":"https:\/\/barcainnovationhub.com\/es\/wp-json\/wp\/v2\/comments?post=52035"}],"version-history":[{"count":5,"href":"https:\/\/barcainnovationhub.com\/es\/wp-json\/wp\/v2\/products\/52035\/revisions"}],"predecessor-version":[{"id":116401,"href":"https:\/\/barcainnovationhub.com\/es\/wp-json\/wp\/v2\/products\/52035\/revisions\/116401"}],"wp:attachment":[{"href":"https:\/\/barcainnovationhub.com\/es\/wp-json\/wp\/v2\/media?parent=52035"}],"wp:term":[{"taxonomy":"category","embeddable":true,"href":"https:\/\/barcainnovationhub.com\/es\/wp-json\/wp\/v2\/categories?post=52035"}],"curies":[{"name":"wp","href":"https:\/\/api.w.org\/{rel}","templated":true}]}}