{"id":57336,"date":"2020-04-06T11:08:13","date_gmt":"2020-04-06T14:08:13","guid":{"rendered":"https:\/\/barcainnovationhub.com\/?post_type=product&#038;p=57336"},"modified":"2022-01-11T02:01:33","modified_gmt":"2022-01-11T05:01:33","slug":"sports-ticketing","status":"publish","type":"product","link":"https:\/\/barcainnovationhub.com\/es\/product\/sports-ticketing\/","title":{"rendered":"Sports Ticketing"},"content":{"rendered":"<p>contenido<\/p>\n","protected":false},"excerpt":{"rendered":"<p>excerpt<\/p>\n","protected":false},"author":16,"featured_media":0,"comment_status":"open","ping_status":"closed","template":"","meta":[],"categories":[122],"yoast_head":"<!-- This site is optimized with the Yoast SEO plugin v16.6.1 - https:\/\/yoast.com\/wordpress\/plugins\/seo\/ -->\n<meta name=\"description\" content=\"S\u00e9 capaz de liderar el cambio en t\u00e9rminos de ingresos y transformaci\u00f3n digital en el contexto de la explotaci\u00f3n de espacios en la industria del f\u00fatbol.\" \/>\n<meta name=\"robots\" content=\"index, follow, max-snippet:-1, max-image-preview:large, max-video-preview:-1\" \/>\n<link rel=\"canonical\" href=\"https:\/\/barcainnovationhub.com\/es\/product\/sports-ticketing\/\" \/>\n<meta property=\"og:locale\" content=\"es_ES\" \/>\n<meta property=\"og:type\" content=\"article\" \/>\n<meta property=\"og:title\" content=\"Programa en Sports Ticketing\" \/>\n<meta property=\"og:description\" content=\"S\u00e9 capaz de liderar el cambio en t\u00e9rminos de ingresos y transformaci\u00f3n digital en el contexto de la explotaci\u00f3n de espacios en la industria del f\u00fatbol.\" \/>\n<meta property=\"og:url\" content=\"https:\/\/barcainnovationhub.com\/es\/product\/sports-ticketing\/\" \/>\n<meta property=\"og:site_name\" content=\"Bar\u00e7a Innovation Hub\" \/>\n<meta property=\"article:publisher\" content=\"https:\/\/www.facebook.com\/fcbuniversitas\" \/>\n<meta property=\"article:modified_time\" content=\"2022-01-11T05:01:33+00:00\" \/>\n<meta property=\"og:image\" content=\"https:\/\/static.capabiliaserver.com\/frontend\/clients\/barca\/wp_prod\/wp-content\/uploads\/2020\/04\/a54df8de-sports-ticketing.jpg\" \/>\n\t<meta property=\"og:image:width\" content=\"1200\" \/>\n\t<meta property=\"og:image:height\" content=\"1200\" \/>\n<meta name=\"twitter:card\" content=\"summary\" \/>\n<meta name=\"twitter:title\" content=\"Programa en Sports Ticketing\" \/>\n<meta name=\"twitter:description\" content=\"S\u00e9 capaz de liderar el cambio en t\u00e9rminos de ingresos y transformaci\u00f3n digital en el contexto de la explotaci\u00f3n de espacios en la industria del f\u00fatbol.\" \/>\n<meta name=\"twitter:image\" content=\"https:\/\/static.capabiliaserver.com\/frontend\/clients\/barca\/wp_prod\/wp-content\/uploads\/2020\/04\/a54df8de-sports-ticketing.jpg\" \/>\n<meta name=\"twitter:site\" content=\"@BarcaInnoHub\" \/>\n<meta name=\"twitter:label1\" content=\"Est. reading time\" \/>\n\t<meta name=\"twitter:data1\" content=\"1 minute\" \/>\n<script type=\"application\/ld+json\" class=\"yoast-schema-graph\">{\"@context\":\"https:\/\/schema.org\",\"@graph\":[{\"@type\":\"WebSite\",\"@id\":\"https:\/\/barcainnovationhub.com\/#website\",\"url\":\"https:\/\/barcainnovationhub.com\/\",\"name\":\"Bar\\u00e7a Innovation Hub\",\"description\":\"The worldwide centre for sports knowledge and innovation\",\"potentialAction\":[{\"@type\":\"SearchAction\",\"target\":{\"@type\":\"EntryPoint\",\"urlTemplate\":\"https:\/\/barcainnovationhub.com\/?s={search_term_string}\"},\"query-input\":\"required name=search_term_string\"}],\"inLanguage\":\"es-ES\"},{\"@type\":\"ImageObject\",\"@id\":\"https:\/\/barcainnovationhub.com\/es\/product\/sports-ticketing\/#primaryimage\",\"inLanguage\":\"es-ES\",\"url\":\"https:\/\/static.capabiliaserver.com\/frontend\/clients\/barca\/wp_prod\/wp-content\/uploads\/2020\/04\/a54df8de-sports-ticketing.jpg\",\"contentUrl\":\"https:\/\/static.capabiliaserver.com\/frontend\/clients\/barca\/wp_prod\/wp-content\/uploads\/2020\/04\/a54df8de-sports-ticketing.jpg\",\"width\":1200,\"height\":1200},{\"@type\":\"WebPage\",\"@id\":\"https:\/\/barcainnovationhub.com\/es\/product\/sports-ticketing\/#webpage\",\"url\":\"https:\/\/barcainnovationhub.com\/es\/product\/sports-ticketing\/\",\"name\":\"Programa en Sports Ticketing - Bar\\u00e7a Innovation Hub\",\"isPartOf\":{\"@id\":\"https:\/\/barcainnovationhub.com\/#website\"},\"datePublished\":\"2020-04-06T14:08:13+00:00\",\"dateModified\":\"2022-01-11T05:01:33+00:00\",\"description\":\"S\\u00e9 capaz de liderar el cambio en t\\u00e9rminos de ingresos y transformaci\\u00f3n digital en el contexto de la explotaci\\u00f3n de espacios en la industria del f\\u00fatbol.\",\"breadcrumb\":{\"@id\":\"https:\/\/barcainnovationhub.com\/es\/product\/sports-ticketing\/#breadcrumb\"},\"inLanguage\":\"es-ES\",\"potentialAction\":[{\"@type\":\"ReadAction\",\"target\":[\"https:\/\/barcainnovationhub.com\/es\/product\/sports-ticketing\/\"]}]},{\"@type\":\"BreadcrumbList\",\"@id\":\"https:\/\/barcainnovationhub.com\/es\/product\/sports-ticketing\/#breadcrumb\",\"itemListElement\":[{\"@type\":\"ListItem\",\"position\":1,\"name\":\"Portada\",\"item\":\"https:\/\/barcainnovationhub.com\/es\/\"},{\"@type\":\"ListItem\",\"position\":2,\"name\":\"Productos\",\"item\":\"https:\/\/barcainnovationhub.com\/es\/product\/\"},{\"@type\":\"ListItem\",\"position\":3,\"name\":\"Sports Ticketing\"}]}]}<\/script>\n<!-- \/ Yoast SEO plugin. -->","acf":{"external_id":"1400","titulo_curso":"Sports Ticketing","precio":"450","impartido_en":"Castellano","producto_path":false,"hubspot_product_id":"95420209","id_magento":"347","header_image":108963,"column_title":"","titulo_incentivo":"Sports Ticketing","fecha_de_inicio":"10062021","precio_en_cuotas":"2 pagos mensuales de \u20ac 225","precio_de_lista":"","mostrar_form":false,"promocion_vigente":"","duracion_del_curso":"2 months","nivel_del_curso":"Introductorio","modalidad_cursado":"Online","contenido":"<p>Sports Ticketing es un programa dise\u00f1ado para gestionar la direcci\u00f3n a nivel de ingresos y operaciones del \u00e1rea de espacios (venues) de un club deportivo, especialmente en la industria del f\u00fatbol.<\/p>\n<p>El programa est\u00e1 dirigido a aquellos profesionales de la industria del f\u00fatbol que buscan comenzar o mejorar en su carrera comercial dentro de la industria del f\u00fatbol. Al finalizar los 2 cursos, los participantes estar\u00e1n capacitados para influir y liderar el cambio en t\u00e9rminos de ingresos y transformaci\u00f3n digital en el contexto de la explotaci\u00f3n de espacios en la industria del f\u00fatbol.<\/p>\n<p>El plan de estudios tiene como objetivos abarcar los siguientes hitos:<\/p>\n<ul>\n<li>Introducci\u00f3n al negocio de instalaciones en el \u00e1mbito del f\u00fatbol<\/li>\n<li>Gesti\u00f3n de estadios y operaciones de clubes en el f\u00fatbol<\/li>\n<li>An\u00e1lisis de datos en el f\u00fatbol<\/li>\n<li>Fan Engagement (Business To Fan &#8211; B2F)<\/li>\n<li>Estrategias de marketing digital y monetizaci\u00f3n en el f\u00fatbol<\/li>\n<li>Proyecto final<\/li>\n<\/ul>\n","ocultar_video":true,"url_video":"","avalado_por":false,"pdf_brochure":"https:\/\/static.capabiliaserver.com\/frontend\/clients\/barca\/wp_prod\/wp-content\/uploads\/2020\/04\/d81a4461-sports-ticketing-1.pdf","cursos_que_lo_componen":[{"nombre_del_curso":"Explotaci\u00f3n de Instalaciones Deportivas","descripcion_del_curso":"<p>M\u00d3DULO 1. Espacios deportivos en la era digital<br \/>\nM\u00d3DULO 2. Estrategia de ventas con la transformaci\u00f3n digital<br \/>\nM\u00d3DULO 3. Gesti\u00f3n de espacios, en el foco de la digitalizaci\u00f3n<br \/>\nM\u00d3DULO 4. Customer Services<\/p>\n"},{"nombre_del_curso":"Canales de Venta en la Era Digital","descripcion_del_curso":"<p>M\u00d3DULO 1. La digitalizaci\u00f3n de la venta directa e indirecta<br \/>\nM\u00d3DULO 2. Estrategia de marketing<br \/>\nM\u00d3DULO 3. Negocio digital en deportes<br \/>\nM\u00d3DULO 4. Nuevas tendencias digitales<\/p>\n"}],"aprende_a":[{"item_aprende_a":"Manejar la gesti\u00f3n de instalaciones y la estrategia comercial para explotarlas, as\u00ed como la coordinaci\u00f3n log\u00edstica y operaciones (post-venta y customer service) en las instalaciones deportivas."},{"item_aprende_a":"Manejar toda la gesti\u00f3n comercial y de marketing de los canales de venta B2C y B2B, dentro de toda la transformaci\u00f3n digital en la que se ve envuelta la industria deportiva."}],"preguntas_frecuentes":false,"contenidistas":false,"docentes_expertos":[{"foto":"https:\/\/barcainnovationhub.com\/wp-content\/uploads\/2020\/04\/da9df043-octavi-tarr\u00e9s.jpg","nombre_del_docente":"Octavi Tarr\u00e9s","descripcion_del_docente":"Business Development & Partnership Manager en FC Barcelona","enlace":""},{"foto":"https:\/\/barcainnovationhub.com\/wp-content\/uploads\/2020\/04\/e9dc016a-jos\u00e9-luis-beltr\u00e1n-andreu.jpg","nombre_del_docente":"Jos\u00e9 Luis Beltr\u00e1n Andreu","descripcion_del_docente":"Digital Project Manager en FC Barcelona","enlace":""}],"imagen_destacada":"https:\/\/barcainnovationhub.com\/wp-content\/uploads\/2020\/04\/82a6c734-sports-ticketing-1024x347.jpg","slidebox":false,"titulo_seccion_testimonios":"","slider_testimonios":false,"imagen_de_fondo_testimonios":false,"color_de_fondo_testimonios":"","activar_banner_1":false,"banner_1":false,"activar_banner_2":false,"banner_2":false,"activar_banner_3":false,"banner_3":false,"segunda_fecha_de_inicio":"","zona_horaria":"Europe\/Madrid","url_cursado_webinar":"","activar_nuevos_banners":false,"mostrar_banner_1":false,"crear_banner_1":{"utilizar_imagen_unica_para_banner":false,"asignar_imagen_unica_para_banner":false,"mostrar_titulo_banner":false,"titulo_para_banner":"","mostrar_subtitulo_banner":false,"subtitulo_del_banner":"","mostrar_cta_banner":false,"texto_cta_banner":"","url_cta_banner":"","fondo_de_color_banner":"","fondo_de_imagen_banner":false,"mostrar_imagen_izquierda_banner":false,"asignar_imagen_izquierda_banner":false},"mostrar_banner_2":false,"crear_banner_2":{"utilizar_imagen_unica_para_banner":false,"asignar_imagen_unica_para_banner":false,"mostrar_titulo_banner":false,"titulo_para_banner":"","mostrar_subtitulo_banner":false,"subtitulo_del_banner":"","mostrar_cta_banner":false,"texto_cta_banner":"","url_cta_banner":"","fondo_de_color_banner":"","fondo_de_imagen_banner":false,"mostrar_imagen_izquierda_banner":false,"asignar_imagen_izquierda_banner":false},"mostrar_banner_3":false,"crear_banner_3":{"utilizar_imagen_unica_para_banner":false,"asignar_imagen_unica_para_banner":false,"mostrar_titulo_banner":false,"titulo_para_banner":"","mostrar_subtitulo_banner":false,"subtitulo_del_banner":"","mostrar_cta_banner":false,"texto_cta_banner":"","url_cta_banner":"","fondo_de_color_banner":"","fondo_de_imagen_banner":false,"mostrar_imagen_izquierda_banner":false,"asignar_imagen_izquierda_banner":false}},"idiomas":{"en":57333,"es":57336,"ar":57336,"ca":57334,"ru":57336,"pt":57335},"_links":{"self":[{"href":"https:\/\/barcainnovationhub.com\/es\/wp-json\/wp\/v2\/products\/57336"}],"collection":[{"href":"https:\/\/barcainnovationhub.com\/es\/wp-json\/wp\/v2\/products"}],"about":[{"href":"https:\/\/barcainnovationhub.com\/es\/wp-json\/wp\/v2\/types\/product"}],"author":[{"embeddable":true,"href":"https:\/\/barcainnovationhub.com\/es\/wp-json\/wp\/v2\/users\/16"}],"replies":[{"embeddable":true,"href":"https:\/\/barcainnovationhub.com\/es\/wp-json\/wp\/v2\/comments?post=57336"}],"version-history":[{"count":5,"href":"https:\/\/barcainnovationhub.com\/es\/wp-json\/wp\/v2\/products\/57336\/revisions"}],"predecessor-version":[{"id":116405,"href":"https:\/\/barcainnovationhub.com\/es\/wp-json\/wp\/v2\/products\/57336\/revisions\/116405"}],"wp:attachment":[{"href":"https:\/\/barcainnovationhub.com\/es\/wp-json\/wp\/v2\/media?parent=57336"}],"wp:term":[{"taxonomy":"category","embeddable":true,"href":"https:\/\/barcainnovationhub.com\/es\/wp-json\/wp\/v2\/categories?post=57336"}],"curies":[{"name":"wp","href":"https:\/\/api.w.org\/{rel}","templated":true}]}}