{"id":58352,"date":"2020-04-29T10:59:44","date_gmt":"2020-04-29T13:59:44","guid":{"rendered":"https:\/\/barcainnovationhub.com\/?post_type=product&#038;p=58352"},"modified":"2022-01-11T00:26:53","modified_gmt":"2022-01-11T03:26:53","slug":"certificado-neurobiologia-rendimiento-deportivo","status":"publish","type":"product","link":"https:\/\/barcainnovationhub.com\/es\/product\/certificado-neurobiologia-rendimiento-deportivo\/","title":{"rendered":"Certificado en Neurobiolog\u00eda y Rendimiento Deportivo"},"content":{"rendered":"<p>contenido<\/p>\n\n\n<p><\/p>\n","protected":false},"excerpt":{"rendered":"<p>excerpt<\/p>\n","protected":false},"author":16,"featured_media":0,"comment_status":"open","ping_status":"closed","template":"","meta":[],"categories":[114],"yoast_head":"<!-- This site is optimized with the Yoast SEO plugin v16.6.1 - https:\/\/yoast.com\/wordpress\/plugins\/seo\/ -->\n<meta name=\"description\" content=\"Este Certificado brinda los conocimientos necesarios para desarrollar deportistas con mayor conciencia motriz y mejores capacidades de toma de decisi\u00f3n.\" \/>\n<meta name=\"robots\" content=\"index, follow, max-snippet:-1, max-image-preview:large, max-video-preview:-1\" \/>\n<link rel=\"canonical\" href=\"https:\/\/barcainnovationhub.com\/es\/product\/certificado-neurobiologia-rendimiento-deportivo\/\" \/>\n<meta property=\"og:locale\" content=\"es_ES\" \/>\n<meta property=\"og:type\" content=\"article\" \/>\n<meta property=\"og:title\" content=\"Certificado en Neurobiolog\u00eda y Rendimiento Deportivo\" \/>\n<meta property=\"og:description\" content=\"Este Certificado brinda los conocimientos necesarios para desarrollar deportistas con mayor conciencia motriz y mejores capacidades de toma de decisi\u00f3n.\" \/>\n<meta property=\"og:url\" content=\"https:\/\/barcainnovationhub.com\/es\/product\/certificado-neurobiologia-rendimiento-deportivo\/\" \/>\n<meta property=\"og:site_name\" content=\"Bar\u00e7a Innovation Hub\" \/>\n<meta property=\"article:publisher\" content=\"https:\/\/www.facebook.com\/fcbuniversitas\" \/>\n<meta property=\"article:modified_time\" content=\"2022-01-11T03:26:53+00:00\" \/>\n<meta property=\"og:image\" content=\"https:\/\/barcainnovationhub.com\/wp-content\/uploads\/2020\/04\/ba68995d-certificate-in-neurobiology-and-sports-performance-2.jpg\" \/>\n\t<meta property=\"og:image:width\" content=\"1200\" \/>\n\t<meta property=\"og:image:height\" content=\"1200\" \/>\n<meta name=\"twitter:card\" content=\"summary\" \/>\n<meta name=\"twitter:title\" content=\"Certificado en Neurobiolog\u00eda y Rendimiento Deportivo\" \/>\n<meta name=\"twitter:description\" content=\"Este Certificado brinda los conocimientos necesarios para desarrollar deportistas con mayor conciencia motriz y mejores capacidades de toma de decisi\u00f3n.\" \/>\n<meta name=\"twitter:image\" content=\"https:\/\/barcainnovationhub.com\/wp-content\/uploads\/2020\/04\/ba68995d-certificate-in-neurobiology-and-sports-performance-2.jpg\" \/>\n<meta name=\"twitter:site\" content=\"@BarcaInnoHub\" \/>\n<meta name=\"twitter:label1\" content=\"Est. reading time\" \/>\n\t<meta name=\"twitter:data1\" content=\"1 minute\" \/>\n<script type=\"application\/ld+json\" class=\"yoast-schema-graph\">{\"@context\":\"https:\/\/schema.org\",\"@graph\":[{\"@type\":\"WebSite\",\"@id\":\"https:\/\/barcainnovationhub.com\/#website\",\"url\":\"https:\/\/barcainnovationhub.com\/\",\"name\":\"Bar\\u00e7a Innovation Hub\",\"description\":\"The worldwide centre for sports knowledge and innovation\",\"potentialAction\":[{\"@type\":\"SearchAction\",\"target\":{\"@type\":\"EntryPoint\",\"urlTemplate\":\"https:\/\/barcainnovationhub.com\/?s={search_term_string}\"},\"query-input\":\"required name=search_term_string\"}],\"inLanguage\":\"es-ES\"},{\"@type\":\"ImageObject\",\"@id\":\"https:\/\/barcainnovationhub.com\/es\/product\/certificado-neurobiologia-rendimiento-deportivo\/#primaryimage\",\"inLanguage\":\"es-ES\",\"url\":\"https:\/\/barcainnovationhub.com\/wp-content\/uploads\/2020\/04\/ba68995d-certificate-in-neurobiology-and-sports-performance-2.jpg\",\"contentUrl\":\"https:\/\/barcainnovationhub.com\/wp-content\/uploads\/2020\/04\/ba68995d-certificate-in-neurobiology-and-sports-performance-2.jpg\",\"width\":1200,\"height\":1200},{\"@type\":\"WebPage\",\"@id\":\"https:\/\/barcainnovationhub.com\/es\/product\/certificado-neurobiologia-rendimiento-deportivo\/#webpage\",\"url\":\"https:\/\/barcainnovationhub.com\/es\/product\/certificado-neurobiologia-rendimiento-deportivo\/\",\"name\":\"Certificado en Neurobiolog\\u00eda y Rendimiento Deportivo\",\"isPartOf\":{\"@id\":\"https:\/\/barcainnovationhub.com\/#website\"},\"datePublished\":\"2020-04-29T13:59:44+00:00\",\"dateModified\":\"2022-01-11T03:26:53+00:00\",\"description\":\"Este Certificado brinda los conocimientos necesarios para desarrollar deportistas con mayor conciencia motriz y mejores capacidades de toma de decisi\\u00f3n.\",\"breadcrumb\":{\"@id\":\"https:\/\/barcainnovationhub.com\/es\/product\/certificado-neurobiologia-rendimiento-deportivo\/#breadcrumb\"},\"inLanguage\":\"es-ES\",\"potentialAction\":[{\"@type\":\"ReadAction\",\"target\":[\"https:\/\/barcainnovationhub.com\/es\/product\/certificado-neurobiologia-rendimiento-deportivo\/\"]}]},{\"@type\":\"BreadcrumbList\",\"@id\":\"https:\/\/barcainnovationhub.com\/es\/product\/certificado-neurobiologia-rendimiento-deportivo\/#breadcrumb\",\"itemListElement\":[{\"@type\":\"ListItem\",\"position\":1,\"name\":\"Portada\",\"item\":\"https:\/\/barcainnovationhub.com\/es\/\"},{\"@type\":\"ListItem\",\"position\":2,\"name\":\"Productos\",\"item\":\"https:\/\/barcainnovationhub.com\/es\/product\/\"},{\"@type\":\"ListItem\",\"position\":3,\"name\":\"Certificado en Neurobiolog\\u00eda y Rendimiento Deportivo\"}]}]}<\/script>\n<!-- \/ Yoast SEO plugin. -->","acf":{"external_id":"1401","titulo_curso":"Certificado en Neurobiolog\u00eda y Rendimiento Deportivo","precio":"625","impartido_en":"Castellano","producto_path":false,"hubspot_product_id":"97772939","id_magento":"348","header_image":108389,"column_title":"","titulo_incentivo":"Certificado en Neurobiolog\u00eda y Rendimiento Deportivo","fecha_de_inicio":"10072021","precio_en_cuotas":"4 pagos mensuales de \u20ac 156,25","precio_de_lista":"","mostrar_form":false,"promocion_vigente":"","duracion_del_curso":"4 meses","nivel_del_curso":"Introductorio","modalidad_cursado":"Online","contenido":"<p>El estudio del movimiento humano, desde una perspectiva neuromec\u00e1nica, no ha sido desarrollado y abordado de manera sist\u00e9mica en programas estructurados de formaci\u00f3n, ni desde la educaci\u00f3n f\u00edsica ni desde la fisioterapia. La educaci\u00f3n f\u00edsica escolar y los sistemas de entrenamiento no alcanzan a satisfacer la demanda de alfabetizaci\u00f3n motora. De all\u00ed la necesidad de estudiar el movimiento humano en su relaci\u00f3n con el sistema nervioso y sus diferentes funciones.<\/p>\n<p>En este Certificado, te brindamos las herramientas y conocimientos necesarios para desarrollar deportistas con mayor conciencia motriz y mejores capacidades de toma de decisi\u00f3n. Para esto, hacemos un recorrido por todos los aspectos que involucran al movimiento, desde la percepci\u00f3n del est\u00edmulo, pasando por el procesamiento de la informaci\u00f3n, hasta llegar finalmente a la toma de decisi\u00f3n y ejecuci\u00f3n. Sin dudas, este desarrollo estructurado de esta tem\u00e1tica constituir\u00e1 un hito para avanzar hacia tan ambicioso prop\u00f3sito.<\/p>\n<p>&nbsp;<\/p>\n<p><strong><em>DISCLAIMER: &#8220;Certificado en Neurobiolog\u00eda y Rendimiento Deportivo&#8221; es la nueva denominaci\u00f3n del ex &#8220;Certificado en Neurociencia y Entrenamiento Deportivo&#8221;.<\/em><\/strong><\/p>\n","ocultar_video":true,"url_video":"","avalado_por":false,"pdf_brochure":"https:\/\/static.capabiliaserver.com\/frontend\/clients\/barca\/wp_prod\/wp-content\/uploads\/2020\/04\/d57d1628-certificado-en-neurobiologia-y-rendimiento-deportivo.pdf","cursos_que_lo_componen":[{"nombre_del_curso":"Organizaci\u00f3n Aferente del Movimiento Humano","descripcion_del_curso":"<p>M\u00d3DULO 1: Sistemas sensoriales<br \/>\nM\u00d3DULO 2: Percepci\u00f3n y observaci\u00f3n motriz<br \/>\nM\u00d3DULO 3: Representaci\u00f3n ideo motora<br \/>\nM\u00d3DULO 4: M\u00f3dulo integrador<\/p>\n"},{"nombre_del_curso":"Procesamiento Central del Movimiento Voluntario","descripcion_del_curso":"<p>M\u00d3DULO 1: L\u00f3gica motriz y toma de decisi\u00f3n<br \/>\nM\u00d3DULO 2: Entrenamiento decisional<br \/>\nM\u00d3DULO 3: Programaci\u00f3n neuromotora<br \/>\nM\u00d3DULO 4: M\u00f3dulo integrador<\/p>\n"},{"nombre_del_curso":"Organizaci\u00f3n Eferente del Movimiento Humano","descripcion_del_curso":"<p>M\u00d3DULO 1: Corteza motora y v\u00eda cortical espinal<br \/>\nM\u00d3DULO 2: Rol del cerebelo y los ganglios de la base<br \/>\nM\u00d3DULO 3: Retroalimentaci\u00f3n y ajuste motor<br \/>\nM\u00d3DULO 4: M\u00f3dulo integrador<\/p>\n"},{"nombre_del_curso":"La Dificultad y el Entorno en la Motricidad Humana","descripcion_del_curso":"<p>M\u00d3DULO 1: Fallos motores<br \/>\nM\u00d3DULO 2: Did\u00e1ctica especial para la correcci\u00f3n de fallos<br \/>\nM\u00d3DULO 3: Did\u00e1ctica de correcci\u00f3n de fallos y transferencia<br \/>\nM\u00d3DULO 4: M\u00f3dulo integrador<\/p>\n"}],"aprende_a":[{"item_aprende_a":"Detectar las \u00e1reas que participan en la sensopercepci\u00f3n motriz y de qu\u00e9 manera se puede influir en ella."},{"item_aprende_a":"Determinar de qu\u00e9 manera influye el sistema nervioso central en el movimiento humano y c\u00f3mo se puede moldear la capacidad de toma de decisi\u00f3n para el movimiento."},{"item_aprende_a":"Detectar qu\u00e9 \u00e1reas participan en el ajuste y el control del movimiento y de qu\u00e9 manera."},{"item_aprende_a":"Detectar fallos motores y determinar de qu\u00e9 manera prevenirlos o corregirlos."}],"preguntas_frecuentes":false,"contenidistas":[{"contenidista":"Lic. Mario Di Santo","descripcion_contenidista":"Profesor de Educaci\u00f3n F\u00edsica. Salud y neurobiolog\u00eda del control y el aprendizaje motor."}],"docentes_expertos":[{"foto":"https:\/\/static.capabiliaserver.com\/frontend\/clients\/barca\/wp_prod\/wp-content\/uploads\/2019\/11\/45cc7a82-3e6727a2-187a9f52-francesc_cos-150x150.jpg","nombre_del_docente":"Francesc Cos","descripcion_del_docente":"Ex preparador f\u00edsico de la fuerza del primer equipo de f\u00fatbol del FC Barcelona (2004-2016). Ex director del \u00e1rea de Rendimiento Deportivo del Bar\u00e7a Innovation Hub (2016-2018). Actualmente es Director de Rendimiento del New York City (MSL).","enlace":""}],"imagen_destacada":false,"slidebox":false,"titulo_seccion_testimonios":"","slider_testimonios":false,"imagen_de_fondo_testimonios":false,"color_de_fondo_testimonios":"","segunda_fecha_de_inicio":"25072021","zona_horaria":"Europe\/Madrid","activar_banner_1":false,"banner_1":false,"activar_banner_2":false,"banner_2":false,"activar_banner_3":false,"banner_3":false,"url_cursado_webinar":"","activar_nuevos_banners":false,"mostrar_banner_1":false,"crear_banner_1":{"utilizar_imagen_unica_para_banner":false,"asignar_imagen_unica_para_banner":false,"mostrar_titulo_banner":false,"titulo_para_banner":"","mostrar_subtitulo_banner":false,"subtitulo_del_banner":"","mostrar_cta_banner":false,"texto_cta_banner":"","url_cta_banner":"","fondo_de_color_banner":"","fondo_de_imagen_banner":false,"mostrar_imagen_izquierda_banner":false,"asignar_imagen_izquierda_banner":false},"mostrar_banner_2":false,"crear_banner_2":{"utilizar_imagen_unica_para_banner":false,"asignar_imagen_unica_para_banner":false,"mostrar_titulo_banner":false,"titulo_para_banner":"","mostrar_subtitulo_banner":false,"subtitulo_del_banner":"","mostrar_cta_banner":false,"texto_cta_banner":"","url_cta_banner":"","fondo_de_color_banner":"","fondo_de_imagen_banner":false,"mostrar_imagen_izquierda_banner":false,"asignar_imagen_izquierda_banner":false},"mostrar_banner_3":false,"crear_banner_3":{"utilizar_imagen_unica_para_banner":false,"asignar_imagen_unica_para_banner":false,"mostrar_titulo_banner":false,"titulo_para_banner":"","mostrar_subtitulo_banner":false,"subtitulo_del_banner":"","mostrar_cta_banner":false,"texto_cta_banner":"","url_cta_banner":"","fondo_de_color_banner":"","fondo_de_imagen_banner":false,"mostrar_imagen_izquierda_banner":false,"asignar_imagen_izquierda_banner":false}},"idiomas":{"en":58349,"es":58352,"ar":58352,"ca":58350,"ru":58352,"pt":58351},"_links":{"self":[{"href":"https:\/\/barcainnovationhub.com\/es\/wp-json\/wp\/v2\/products\/58352"}],"collection":[{"href":"https:\/\/barcainnovationhub.com\/es\/wp-json\/wp\/v2\/products"}],"about":[{"href":"https:\/\/barcainnovationhub.com\/es\/wp-json\/wp\/v2\/types\/product"}],"author":[{"embeddable":true,"href":"https:\/\/barcainnovationhub.com\/es\/wp-json\/wp\/v2\/users\/16"}],"replies":[{"embeddable":true,"href":"https:\/\/barcainnovationhub.com\/es\/wp-json\/wp\/v2\/comments?post=58352"}],"version-history":[{"count":5,"href":"https:\/\/barcainnovationhub.com\/es\/wp-json\/wp\/v2\/products\/58352\/revisions"}],"predecessor-version":[{"id":116315,"href":"https:\/\/barcainnovationhub.com\/es\/wp-json\/wp\/v2\/products\/58352\/revisions\/116315"}],"wp:attachment":[{"href":"https:\/\/barcainnovationhub.com\/es\/wp-json\/wp\/v2\/media?parent=58352"}],"wp:term":[{"taxonomy":"category","embeddable":true,"href":"https:\/\/barcainnovationhub.com\/es\/wp-json\/wp\/v2\/categories?post=58352"}],"curies":[{"name":"wp","href":"https:\/\/api.w.org\/{rel}","templated":true}]}}