{"id":58773,"date":"2020-10-19T22:29:05","date_gmt":"2020-10-20T01:29:05","guid":{"rendered":"https:\/\/barcainnovationhub.com\/?post_type=product&#038;p=58773"},"modified":"2022-01-11T02:19:05","modified_gmt":"2022-01-11T05:19:05","slug":"sports-entrepreneurship-program","status":"publish","type":"product","link":"https:\/\/barcainnovationhub.com\/es\/product\/sports-entrepreneurship-program\/","title":{"rendered":"Sports Entrepreneurship Program: transformando ideas en negocios"},"content":{"rendered":"<p>contenido<\/p>\n","protected":false},"excerpt":{"rendered":"<p>excerpt<\/p>\n","protected":false},"author":16,"featured_media":0,"comment_status":"open","ping_status":"closed","template":"","meta":[],"categories":[114],"yoast_head":"<!-- This site is optimized with the Yoast SEO plugin v16.6.1 - https:\/\/yoast.com\/wordpress\/plugins\/seo\/ -->\n<meta name=\"description\" content=\"Ap\u00fantate al Sports Entrepreneurship Program, el primer programa global y virtual de emprendimiento, desarrollado por expertos de la industria del deporte.\" \/>\n<meta name=\"robots\" content=\"index, follow, max-snippet:-1, max-image-preview:large, max-video-preview:-1\" \/>\n<link rel=\"canonical\" href=\"https:\/\/barcainnovationhub.com\/es\/product\/sports-entrepreneurship-program\/\" \/>\n<meta property=\"og:locale\" content=\"es_ES\" \/>\n<meta property=\"og:type\" content=\"article\" \/>\n<meta property=\"og:title\" content=\"Sports Entrepreneurship Program: transformando ideas en negocios\" \/>\n<meta property=\"og:description\" content=\"Ap\u00fantate al Sports Entrepreneurship Program, el primer programa global y virtual de emprendimiento, desarrollado por expertos de la industria del deporte.\" \/>\n<meta property=\"og:url\" content=\"https:\/\/barcainnovationhub.com\/es\/product\/sports-entrepreneurship-program\/\" \/>\n<meta property=\"og:site_name\" content=\"Bar\u00e7a Innovation Hub\" \/>\n<meta property=\"article:publisher\" content=\"https:\/\/www.facebook.com\/fcbuniversitas\" \/>\n<meta property=\"article:modified_time\" content=\"2022-01-11T05:19:05+00:00\" \/>\n<meta property=\"og:image\" content=\"https:\/\/barcainnovationhub.com\/wp-content\/uploads\/2020\/10\/c51a3b93-sports-entrepreneurship-program-turning-ideas-into-business.jpg.jpg\" \/>\n\t<meta property=\"og:image:width\" content=\"1200\" \/>\n\t<meta property=\"og:image:height\" content=\"1200\" \/>\n<meta name=\"twitter:card\" content=\"summary\" \/>\n<meta name=\"twitter:title\" content=\"Sports Entrepreneurship Program: transformando ideas en negocios\" \/>\n<meta name=\"twitter:description\" content=\"Ap\u00fantate al Sports Entrepreneurship Program, el primer programa global y virtual de emprendimiento, desarrollado por expertos de la industria del deporte.\" \/>\n<meta name=\"twitter:image\" content=\"https:\/\/barcainnovationhub.com\/wp-content\/uploads\/2020\/10\/c51a3b93-sports-entrepreneurship-program-turning-ideas-into-business.jpg.jpg\" \/>\n<meta name=\"twitter:site\" content=\"@BarcaInnoHub\" \/>\n<meta name=\"twitter:label1\" content=\"Est. reading time\" \/>\n\t<meta name=\"twitter:data1\" content=\"1 minute\" \/>\n<script type=\"application\/ld+json\" class=\"yoast-schema-graph\">{\"@context\":\"https:\/\/schema.org\",\"@graph\":[{\"@type\":\"WebSite\",\"@id\":\"https:\/\/barcainnovationhub.com\/#website\",\"url\":\"https:\/\/barcainnovationhub.com\/\",\"name\":\"Bar\\u00e7a Innovation Hub\",\"description\":\"The worldwide centre for sports knowledge and innovation\",\"potentialAction\":[{\"@type\":\"SearchAction\",\"target\":{\"@type\":\"EntryPoint\",\"urlTemplate\":\"https:\/\/barcainnovationhub.com\/?s={search_term_string}\"},\"query-input\":\"required name=search_term_string\"}],\"inLanguage\":\"es-ES\"},{\"@type\":\"ImageObject\",\"@id\":\"https:\/\/barcainnovationhub.com\/es\/product\/sports-entrepreneurship-program\/#primaryimage\",\"inLanguage\":\"es-ES\",\"url\":\"https:\/\/barcainnovationhub.com\/wp-content\/uploads\/2020\/10\/c51a3b93-sports-entrepreneurship-program-turning-ideas-into-business.jpg.jpg\",\"contentUrl\":\"https:\/\/barcainnovationhub.com\/wp-content\/uploads\/2020\/10\/c51a3b93-sports-entrepreneurship-program-turning-ideas-into-business.jpg.jpg\",\"width\":1200,\"height\":1200},{\"@type\":\"WebPage\",\"@id\":\"https:\/\/barcainnovationhub.com\/es\/product\/sports-entrepreneurship-program\/#webpage\",\"url\":\"https:\/\/barcainnovationhub.com\/es\/product\/sports-entrepreneurship-program\/\",\"name\":\"Sports Entrepreneurship Program: transformando ideas en negocios\",\"isPartOf\":{\"@id\":\"https:\/\/barcainnovationhub.com\/#website\"},\"datePublished\":\"2020-10-20T01:29:05+00:00\",\"dateModified\":\"2022-01-11T05:19:05+00:00\",\"description\":\"Ap\\u00fantate al Sports Entrepreneurship Program, el primer programa global y virtual de emprendimiento, desarrollado por expertos de la industria del deporte.\",\"breadcrumb\":{\"@id\":\"https:\/\/barcainnovationhub.com\/es\/product\/sports-entrepreneurship-program\/#breadcrumb\"},\"inLanguage\":\"es-ES\",\"potentialAction\":[{\"@type\":\"ReadAction\",\"target\":[\"https:\/\/barcainnovationhub.com\/es\/product\/sports-entrepreneurship-program\/\"]}]},{\"@type\":\"BreadcrumbList\",\"@id\":\"https:\/\/barcainnovationhub.com\/es\/product\/sports-entrepreneurship-program\/#breadcrumb\",\"itemListElement\":[{\"@type\":\"ListItem\",\"position\":1,\"name\":\"Portada\",\"item\":\"https:\/\/barcainnovationhub.com\/es\/\"},{\"@type\":\"ListItem\",\"position\":2,\"name\":\"Productos\",\"item\":\"https:\/\/barcainnovationhub.com\/es\/product\/\"},{\"@type\":\"ListItem\",\"position\":3,\"name\":\"Sports Entrepreneurship Program: transformando ideas en negocios\"}]}]}<\/script>\n<!-- \/ Yoast SEO plugin. -->","acf":{"external_id":"1403","titulo_curso":"CER0031","precio":"1000","impartido_en":"Castellano","producto_path":false,"hubspot_product_id":"99194754","id_magento":"350","header_image":108666,"column_title":"","titulo_incentivo":"Sports Entrepreneurship Program: transformando ideas en negocios","fecha_de_inicio":"10022022","precio_en_cuotas":"","precio_de_lista":"","mostrar_form":false,"promocion_vigente":"","duracion_del_curso":"6 meses","nivel_del_curso":"Introductorio","modalidad_cursado":"Online","contenido":"<p><strong>\u00bfTienes una idea concreta para mejorar la industria del deporte?<\/strong><br \/>\n<strong>\u00bfHas detectado alg\u00fan problema, necesidad o frustraci\u00f3n que te gustar\u00eda atacar?<\/strong><br \/>\n<strong>\u00bfQuieres ser protagonista de los cambios disruptivos en el mundo del deporte?<\/strong><\/p>\n<p>El Sports Entrepreneurship Program del BIHUB es el primer programa global y virtual de emprendimiento, desarrollado por expertos de la industria del deporte.<\/p>\n<p>Este programa est\u00e1 enfocado en brindar la gu\u00eda, el acompa\u00f1amiento y las herramientas necesarios a emprendedores en etapa semilla o inicial, para desarrollar con \u00e9xito su idea de negocio en la industria del deporte.<\/p>\n<p>Se trata de un programa introductorio que repasa los conceptos fundamentales de la innovaci\u00f3n y el emprendimiento. Est\u00e1 espec\u00edficamente dise\u00f1ado para darte los conocimientos y las habilidades necesarias para:<\/p>\n<ul>\n<li>identificar una oportunidad<\/li>\n<li>dise\u00f1ar una soluci\u00f3n con una propuesta de valor creativa y diferencial<\/li>\n<li>crear y validar el modelo de negocio<\/li>\n<li>preparar su validaci\u00f3n con usuarios<\/li>\n<li>identificar y perseguir oportunidades de crecimiento<\/li>\n<\/ul>\n<p>Al formarte integralmente, adquirir\u00e1s herramientas concretas para aumentar la probabilidad de \u00e9xito de tus proyectos, validando la propuesta con el mercado del sector deportivo y adapt\u00e1ndola a las necesidades del mismo.<\/p>\n","ocultar_video":true,"url_video":"","avalado_por":false,"pdf_brochure":"https:\/\/static.capabiliaserver.com\/frontend\/clients\/barca\/wp_prod\/wp-content\/uploads\/2020\/10\/a6c8010d-sports-entrepreneurship-program_transformando-ideas-en-negocios.pdf","cursos_que_lo_componen":[{"nombre_del_curso":"VISI\u00d3N \/ EQUIPO \/ ROLES","descripcion_del_curso":"<p>M\u00d3DULO 1. La actividad emprendedora<br \/>\nM\u00d3DULO 2. La definici\u00f3n de la visi\u00f3n<br \/>\nM\u00d3DULO 3. El equipo de trabajo<br \/>\nM\u00d3DULO 4. Metodolog\u00edas \u00c1giles<\/p>\n"},{"nombre_del_curso":"PROPUESTA DE VALOR","descripcion_del_curso":"<p>M\u00d3DULO 1. La propuesta de valor: Encaje problema \u2013 soluci\u00f3n<br \/>\nM\u00d3DULO 2. El segmento de clientes<br \/>\nM\u00d3DULO 3. Desarrollo de clientes<br \/>\nM\u00d3DULO 4. Empatizando con el cliente<\/p>\n"},{"nombre_del_curso":"VALIDACI\u00d3N DE LA PROPUESTA DE VALOR","descripcion_del_curso":"<p>M\u00d3DULO 1. La propuesta de valor y el Encaje Problema - Soluci\u00f3n<br \/>\nM\u00d3DULO 2. Pruebas y experimentos de validaci\u00f3n<br \/>\nM\u00d3DULO 3. Producto M\u00ednimo Viable<br \/>\nM\u00d3DULO 4. Tama\u00f1os y tipos de mercado<\/p>\n"},{"nombre_del_curso":"MODELADO DE NEGOCIOS","descripcion_del_curso":"<p>M\u00d3DULO 1. Introducci\u00f3n al modelado de negocios<br \/>\nM\u00d3DULO 2. Infraestructura<br \/>\nM\u00d3DULO 3. Estructura de Costes<br \/>\nM\u00d3DULO 4. Modelos de monetizaci\u00f3n<\/p>\n"},{"nombre_del_curso":"ENCAJE PRODUCTO \u2013 MERCADO","descripcion_del_curso":"<p>M\u00d3DULO 1. Patrones de modelos de negocios<br \/>\nM\u00d3DULO 2. M\u00e9tricas de crecimiento claves<br \/>\nM\u00d3DULO 3. Las Cohortes<br \/>\nM\u00d3DULO 4. Medici\u00f3n del Encaje Producto - Mercado (Product Market Fit)<\/p>\n"},{"nombre_del_curso":"CRECIMIENTO EXPONENCIAL","descripcion_del_curso":"<p>M\u00d3DULO 1. Desarrollo de la estrategia de ventas<br \/>\nM\u00d3DULO 2. Fuentes de financiaci\u00f3n<br \/>\nM\u00d3DULO 3. Presentaci\u00f3n del emprendimiento<br \/>\nM\u00d3DULO 4. Organizaciones Exponenciales<\/p>\n"}],"aprende_a":[{"item_aprende_a":"Validar el problema o necesidad que se desea atender."},{"item_aprende_a":"Descubrir early adopters del producto o servicio. "},{"item_aprende_a":"Encontrar el encaje entre producto y mercado. "},{"item_aprende_a":"Validar la soluci\u00f3n a trav\u00e9s del desarrollo de un M\u00ednimo Producto Viable."},{"item_aprende_a":"Construir m\u00faltiples versiones del modelo de negocios a trav\u00e9s de iteraciones emp\u00edricas. "},{"item_aprende_a":"Dise\u00f1ar estrategias de desarrollo de clientes."}],"preguntas_frecuentes":false,"contenidistas":false,"docentes_expertos":false,"imagen_destacada":false,"slidebox":false,"titulo_seccion_testimonios":"","slider_testimonios":false,"imagen_de_fondo_testimonios":false,"color_de_fondo_testimonios":"","segunda_fecha_de_inicio":"","zona_horaria":"Europe\/Madrid","activar_banner_1":false,"banner_1":false,"activar_banner_2":false,"banner_2":false,"activar_banner_3":false,"banner_3":false,"url_cursado_webinar":"","activar_nuevos_banners":false,"mostrar_banner_1":false,"crear_banner_1":{"utilizar_imagen_unica_para_banner":false,"asignar_imagen_unica_para_banner":false,"mostrar_titulo_banner":false,"titulo_para_banner":"","mostrar_subtitulo_banner":false,"subtitulo_del_banner":"","mostrar_cta_banner":false,"texto_cta_banner":"","url_cta_banner":"","fondo_de_color_banner":"","fondo_de_imagen_banner":false,"mostrar_imagen_izquierda_banner":false,"asignar_imagen_izquierda_banner":false},"mostrar_banner_2":false,"crear_banner_2":{"utilizar_imagen_unica_para_banner":false,"asignar_imagen_unica_para_banner":false,"mostrar_titulo_banner":false,"titulo_para_banner":"","mostrar_subtitulo_banner":false,"subtitulo_del_banner":"","mostrar_cta_banner":false,"texto_cta_banner":"","url_cta_banner":"","fondo_de_color_banner":"","fondo_de_imagen_banner":false,"mostrar_imagen_izquierda_banner":false,"asignar_imagen_izquierda_banner":false},"mostrar_banner_3":false,"crear_banner_3":{"utilizar_imagen_unica_para_banner":false,"asignar_imagen_unica_para_banner":false,"mostrar_titulo_banner":false,"titulo_para_banner":"","mostrar_subtitulo_banner":false,"subtitulo_del_banner":"","mostrar_cta_banner":false,"texto_cta_banner":"","url_cta_banner":"","fondo_de_color_banner":"","fondo_de_imagen_banner":false,"mostrar_imagen_izquierda_banner":false,"asignar_imagen_izquierda_banner":false}},"idiomas":{"en":58770,"es":58773,"ar":58773,"ca":58771,"ru":58773,"pt":58772},"_links":{"self":[{"href":"https:\/\/barcainnovationhub.com\/es\/wp-json\/wp\/v2\/products\/58773"}],"collection":[{"href":"https:\/\/barcainnovationhub.com\/es\/wp-json\/wp\/v2\/products"}],"about":[{"href":"https:\/\/barcainnovationhub.com\/es\/wp-json\/wp\/v2\/types\/product"}],"author":[{"embeddable":true,"href":"https:\/\/barcainnovationhub.com\/es\/wp-json\/wp\/v2\/users\/16"}],"replies":[{"embeddable":true,"href":"https:\/\/barcainnovationhub.com\/es\/wp-json\/wp\/v2\/comments?post=58773"}],"version-history":[{"count":5,"href":"https:\/\/barcainnovationhub.com\/es\/wp-json\/wp\/v2\/products\/58773\/revisions"}],"predecessor-version":[{"id":116429,"href":"https:\/\/barcainnovationhub.com\/es\/wp-json\/wp\/v2\/products\/58773\/revisions\/116429"}],"wp:attachment":[{"href":"https:\/\/barcainnovationhub.com\/es\/wp-json\/wp\/v2\/media?parent=58773"}],"wp:term":[{"taxonomy":"category","embeddable":true,"href":"https:\/\/barcainnovationhub.com\/es\/wp-json\/wp\/v2\/categories?post=58773"}],"curies":[{"name":"wp","href":"https:\/\/api.w.org\/{rel}","templated":true}]}}