{"id":8172,"date":"2018-12-14T17:18:00","date_gmt":"2018-12-14T20:18:00","guid":{"rendered":"https:\/\/barcainnovationhub.com\/?post_type=product&#038;p=8172"},"modified":"2022-01-11T01:22:53","modified_gmt":"2022-01-11T04:22:53","slug":"certificado-en-entrenamiento-en-deportes-de-equipo","status":"publish","type":"product","link":"https:\/\/barcainnovationhub.com\/es\/product\/certificado-en-entrenamiento-en-deportes-de-equipo\/","title":{"rendered":"Certificado en Entrenamiento en Deportes de Equipo"},"content":{"rendered":"","protected":false},"excerpt":{"rendered":"","protected":false},"author":1,"featured_media":0,"comment_status":"open","ping_status":"closed","template":"","meta":[],"categories":[114],"yoast_head":"<!-- This site is optimized with the Yoast SEO plugin v16.6.1 - https:\/\/yoast.com\/wordpress\/plugins\/seo\/ -->\n<meta name=\"description\" content=\"En este curso aprender\u00e1s a desarrollar procesos de entrenamiento en deportes de equipo, aplicado a las demandas f\u00edsicas y fisiol\u00f3gicas\" \/>\n<meta name=\"robots\" content=\"index, follow, max-snippet:-1, max-image-preview:large, max-video-preview:-1\" \/>\n<link rel=\"canonical\" href=\"https:\/\/barcainnovationhub.com\/es\/product\/certificado-en-entrenamiento-en-deportes-de-equipo\/\" \/>\n<meta property=\"og:locale\" content=\"es_ES\" \/>\n<meta property=\"og:type\" content=\"article\" \/>\n<meta property=\"og:title\" content=\"Certificado en Entrenamiento en Deportes de Equipo\" \/>\n<meta property=\"og:description\" content=\"En este curso aprender\u00e1s a desarrollar procesos de entrenamiento en deportes de equipo, aplicado a las demandas f\u00edsicas y fisiol\u00f3gicas\" \/>\n<meta property=\"og:url\" content=\"https:\/\/barcainnovationhub.com\/es\/product\/certificado-en-entrenamiento-en-deportes-de-equipo\/\" \/>\n<meta property=\"og:site_name\" content=\"Bar\u00e7a Innovation Hub\" \/>\n<meta property=\"article:publisher\" content=\"https:\/\/www.facebook.com\/fcbuniversitas\" \/>\n<meta property=\"article:modified_time\" content=\"2022-01-11T04:22:53+00:00\" \/>\n<meta property=\"og:image\" content=\"https:\/\/barcainnovationhub.com\/wp-content\/uploads\/2019\/03\/ded7d968-certificate-in-training-for-team-sports-3.jpg\" \/>\n\t<meta property=\"og:image:width\" content=\"1200\" \/>\n\t<meta property=\"og:image:height\" content=\"1200\" \/>\n<meta name=\"twitter:card\" content=\"summary\" \/>\n<meta name=\"twitter:title\" content=\"Certificado en Entrenamiento en Deportes de Equipo\" \/>\n<meta name=\"twitter:image\" content=\"https:\/\/barcainnovationhub.com\/wp-content\/uploads\/2019\/03\/ded7d968-certificate-in-training-for-team-sports-3.jpg\" \/>\n<meta name=\"twitter:site\" content=\"@BarcaInnoHub\" \/>\n<script type=\"application\/ld+json\" class=\"yoast-schema-graph\">{\"@context\":\"https:\/\/schema.org\",\"@graph\":[{\"@type\":\"WebSite\",\"@id\":\"https:\/\/barcainnovationhub.com\/#website\",\"url\":\"https:\/\/barcainnovationhub.com\/\",\"name\":\"Bar\\u00e7a Innovation Hub\",\"description\":\"The worldwide centre for sports knowledge and innovation\",\"potentialAction\":[{\"@type\":\"SearchAction\",\"target\":{\"@type\":\"EntryPoint\",\"urlTemplate\":\"https:\/\/barcainnovationhub.com\/?s={search_term_string}\"},\"query-input\":\"required name=search_term_string\"}],\"inLanguage\":\"es-ES\"},{\"@type\":\"ImageObject\",\"@id\":\"https:\/\/barcainnovationhub.com\/es\/product\/certificado-en-entrenamiento-en-deportes-de-equipo\/#primaryimage\",\"inLanguage\":\"es-ES\",\"url\":\"https:\/\/barcainnovationhub.com\/wp-content\/uploads\/2019\/03\/ded7d968-certificate-in-training-for-team-sports-3.jpg\",\"contentUrl\":\"https:\/\/barcainnovationhub.com\/wp-content\/uploads\/2019\/03\/ded7d968-certificate-in-training-for-team-sports-3.jpg\",\"width\":1200,\"height\":1200},{\"@type\":\"WebPage\",\"@id\":\"https:\/\/barcainnovationhub.com\/es\/product\/certificado-en-entrenamiento-en-deportes-de-equipo\/#webpage\",\"url\":\"https:\/\/barcainnovationhub.com\/es\/product\/certificado-en-entrenamiento-en-deportes-de-equipo\/\",\"name\":\"Certificado en Entrenamiento en Deportes de Equipo - Bar\\u00e7a Innovation Hub\",\"isPartOf\":{\"@id\":\"https:\/\/barcainnovationhub.com\/#website\"},\"datePublished\":\"2018-12-14T20:18:00+00:00\",\"dateModified\":\"2022-01-11T04:22:53+00:00\",\"description\":\"En este curso aprender\\u00e1s a desarrollar procesos de entrenamiento en deportes de equipo, aplicado a las demandas f\\u00edsicas y fisiol\\u00f3gicas\",\"breadcrumb\":{\"@id\":\"https:\/\/barcainnovationhub.com\/es\/product\/certificado-en-entrenamiento-en-deportes-de-equipo\/#breadcrumb\"},\"inLanguage\":\"es-ES\",\"potentialAction\":[{\"@type\":\"ReadAction\",\"target\":[\"https:\/\/barcainnovationhub.com\/es\/product\/certificado-en-entrenamiento-en-deportes-de-equipo\/\"]}]},{\"@type\":\"BreadcrumbList\",\"@id\":\"https:\/\/barcainnovationhub.com\/es\/product\/certificado-en-entrenamiento-en-deportes-de-equipo\/#breadcrumb\",\"itemListElement\":[{\"@type\":\"ListItem\",\"position\":1,\"name\":\"Portada\",\"item\":\"https:\/\/barcainnovationhub.com\/es\/\"},{\"@type\":\"ListItem\",\"position\":2,\"name\":\"Productos\",\"item\":\"https:\/\/barcainnovationhub.com\/es\/product\/\"},{\"@type\":\"ListItem\",\"position\":3,\"name\":\"Certificado en Entrenamiento en Deportes de Equipo\"}]}]}<\/script>\n<!-- \/ Yoast SEO plugin. -->","acf":{"external_id":"1361","header_image":108530,"column_title":"","titulo_incentivo":"Certificado en Entrenamiento en Deportes de Equipo","precio":"625","precio_en_cuotas":"4 pagos mensuales de \u20ac 156,25","precio_de_lista":"","mostrar_form":false,"promocion_vigente":"","duracion_del_curso":"4 meses","nivel_del_curso":"Avanzado","modalidad_cursado":"Online","impartido_en":"Castellano","contenido":"<p>Con el objetivo de mejorar el espect\u00e1culo, el deporte ha sufrido modificaciones con el correr de la historia, haci\u00e9ndolo m\u00e1s din\u00e1mico y entretenido. Estos cambios fueron posibles gracias a los nuevos reglamentos y a los avances de la ciencia, los cuales han logrado potenciar los procesos de entrenamiento, construyendo deportistas m\u00e1s atl\u00e9ticos, potentes y veloces. Esta predominancia del factor f\u00edsico en el deporte trae como consecuencia un mayor protagonismo del preparador f\u00edsico en la construcci\u00f3n del proceso de entrenamiento, quien a su vez no puede ignorar la velocidad y precisi\u00f3n requerida en la toma de decisiones durante el juego. Como consecuencia, un preparador f\u00edsico no puede pretender entrenar a sus jugadores sin contemplar el componente comportamental de juego.<\/p>\n<p>En este Certificado aprender\u00e1s cu\u00e1les son los perfiles fisiol\u00f3gicos de deportes de equipo, y c\u00f3mo \u00e9stos influyen en la programaci\u00f3n del entrenamiento. Adem\u00e1s, conocer\u00e1s las nuevas metodolog\u00edas de entrenamiento. Desde el aspecto de la fuerza aprender\u00e1s a elaborar un programa de entrenamiento efectivo, haciendo una adecuada selecci\u00f3n de los medios, en funci\u00f3n de las necesidades de tu equipo o deportista. Llevaremos a cabo un proceso de an\u00e1lisis y valoraci\u00f3n de factores de riesgo de lesiones que fundamentan las intervenciones preventivas, como tambi\u00e9n las estrategias preventivas de lesi\u00f3n que resultan efectivas. Tambi\u00e9n se analizan las necesidades de los deportes de equipo, los recursos y tiempos con los que contamos para poder generar una propuesta adecuada en lo que hace a la utilizaci\u00f3n de pruebas de valoraci\u00f3n de capacidades motoras y la medici\u00f3n correspondiente.<\/p>\n","ocultar_video":false,"avalado_por":false,"pdf_brochure":"https:\/\/static.capabiliaserver.com\/frontend\/clients\/barca\/wp_prod\/wp-content\/uploads\/2018\/12\/5d1428d5-certificado-en-entrenamiento-en-deportes-de-equipo.pdf","cursos_que_lo_componen":[{"nombre_del_curso":"Evaluaci\u00f3n Deportiva","descripcion_del_curso":"<p>M\u00d3DULO 1: EVALUACI\u00d3N DE FUERZA EN DEPORTES DE EQUIPO<br \/>\nUnidad 1: Valoraci\u00f3n de la fuerza en los deportes de equipo<br \/>\nUnidad 2: Evaluaci\u00f3n de la fuerza en distintas manifestaciones <\/p>\n<p>M\u00d3DULO 2: EVALUACI\u00d3N DE VELOCIDAD Y AGILIDAD<br \/>\nUnidad 1: Valoraci\u00f3n de velocidad y agilidad en el deporte de equipo<br \/>\nUnidad 2: Pruebas de campo de velocidad y agilidad <\/p>\n<p>M\u00d3DULO 3: EVALUACI\u00d3N DE RESISTENCIA EN DEPORTES AC\u00cdCLICOS<br \/>\nUnidad 1: La valoraci\u00f3n de la condici\u00f3n f\u00edsica aer\u00f3bica y anaer\u00f3bica en deportistas<br \/>\nUnidad 2: Pruebas de campo de resistencia en el marco deportivo<\/p>\n<p>M\u00d3DULO 4: M\u00d3DULO INTEGRADOR<\/p>\n"},{"nombre_del_curso":"Entrenamiento de Fuerza en Deportes de Equipo","descripcion_del_curso":"<p>M\u00d3DULO 1: INTRODUCCI\u00d3N A LA FUERZA EN LOS DEPORTES COLECTIVOS. NUESTRO PARADIGMA<br \/>\nUnidad 1: Nociones b\u00e1sicas de fuerza en los deportes de equipo<br \/>\nUnidad 2: El rol de la fuerza, de lo te\u00f3rico a lo pr\u00e1ctico <\/p>\n<p>M\u00d3DULO 2: PERIODIZACI\u00d3N Y MEDIOS DE ENTRENAMIENTO.<br \/>\nUnidad 1: El proceso de entrenamiento<br \/>\nUnidad 2: Medios de entrenamiento<\/p>\n<p>M\u00d3DULO 3: PROGRAMACI\u00d3N DE UNA SESI\u00d3N<br \/>\nUnidad 1: An\u00e1lisis de las variables que intervienen en la programaci\u00f3n de una sesi\u00f3n<br \/>\nUnidad 2: Control del entrenamiento <\/p>\n<p>M\u00d3DULO 4: M\u00d3DULO INTEGRADOR   <\/p>\n"},{"nombre_del_curso":"Prevenci\u00f3n de Lesiones","descripcion_del_curso":"<p>M\u00d3DULO 1: CONCEPTOS B\u00c1SICOS EN EPIDEMIOLOG\u00cdA Y PREVENCI\u00d3N DE LESIONES<br \/>\nUnidad 1: Conceptos b\u00e1sicos en prevenci\u00f3n de lesiones<br \/>\nUnidad 2: Epidemiolog\u00eda en deportes de conjunto  <\/p>\n<p>M\u00d3DULO 2: PREVENCI\u00d3N DE LESIONES MUSCULARES<br \/>\nUnidad 1: Prevenci\u00f3n de lesiones musculares m\u00e1s frecuentes (isquiotibiales)<br \/>\nUnidad 2: Abordaje preventivo en la prevenci\u00f3n de lesiones musculares<\/p>\n<p>M\u00d3DULO 3: PREVENCI\u00d3N DE LESIONES ARTICULARES<br \/>\nUnidad 1: Prevenci\u00f3n de lesiones articulares m\u00e1s frecuentes de MMII (lesi\u00f3n de LCA)<br \/>\nUnidad 2: Prevenci\u00f3n de lesiones articulares m\u00e1s frecuentes de MMSS (lesiones de hombro)<\/p>\n<p>M\u00d3DULO 4: M\u00d3DULO INTEGRADOR   <\/p>\n"},{"nombre_del_curso":"Programaci\u00f3n del Entrenamiento y Perfil Fisiol\u00f3gico en Deportes de Equipo","descripcion_del_curso":"<p>M\u00d3DULO 1: PERIODIZACI\u00d3N, PLANIFICACI\u00d3N Y METODOLOG\u00cdAS. TEOR\u00cdAS Y NUEVOS PARADIGMAS<br \/>\nUnidad 1: Marco te\u00f3rico y metodolog\u00edas tradicionales<br \/>\nUnidad 2: Nuevas metodolog\u00edas de programaci\u00f3n del entrenamiento<\/p>\n<p>M\u00d3DULO 2: TEMPORADA DEPORTIVA<br \/>\nUnidad 1: Momentos de la temporada<br \/>\nUnidad 2: Desarrollo de capacidades y cualidades f\u00edsicas<\/p>\n<p>M\u00d3DULO 3: CARACTERIZACI\u00d3N DE LOS DEPORTES DE EQUIPO HACIENDO FOCO EN EL F\u00daTBOL. AN\u00c1LISIS DE DEMANDAS F\u00cdSICAS<br \/>\nUnidad 1: An\u00e1lisis del deporte ac\u00edclico<br \/>\nUnidad 2: An\u00e1lisis de las demandas f\u00edsicas en competencia y entrenamiento<\/p>\n<p>M\u00d3DULO 4: M\u00d3DULO INTEGRADOR  <\/p>\n"}],"preguntas_frecuentes":false,"contenidistas":[{"contenidista":"Lic. Andr\u00e9s Darbyshire","descripcion_contenidista":"Preparador F\u00edsico de Baloncesto Profesional."},{"contenidista":"Mgter. Pablo Griboff","descripcion_contenidista":"Preparador F\u00edsico de V\u00f3ley Profesional."},{"contenidista":"Lic. Mauricio Moyano","descripcion_contenidista":"Preparador F\u00edsico de Baloncesto Profesional."},{"contenidista":"Lic. Mat\u00edas Sampietro","descripcion_contenidista":"Fisioterapeuta de F\u00fatbol Profesional."}],"docentes_expertos":[{"foto":"https:\/\/static.capabiliaserver.com\/frontend\/clients\/barca\/wp\/wp-content\/uploads\/2018\/12\/Francisco_Paco_Seirul-lo_Vargas-150x150.jpg","nombre_del_docente":"Paco Seirul\u00b7lo Vargas","descripcion_del_docente":"Responsable del \u00e1rea de metodolog\u00eda del FC Barcelona.","enlace":""},{"foto":"https:\/\/static.capabiliaserver.com\/frontend\/clients\/barca\/wp\/wp-content\/uploads\/2018\/12\/Joan_Ramon_Tarrago-150x150.jpg","nombre_del_docente":"Joan Ramon Tarrago","descripcion_del_docente":"Responsable de preparaci\u00f3n f\u00edsica deportiva.","enlace":""}],"hubspot_product_id":"11975836","url_video":"https:\/\/www.youtube.com\/embed\/PEi7D0GOdsI","aprende_a":[{"item_aprende_a":"Planificar la evaluaci\u00f3n, analizando diversas capacidades motoras y obteniendo mediciones que luego sean consideradas en el contexto del proceso de entrenamiento. "},{"item_aprende_a":"Desarrollar y analizar programas de entrenamiento de fuerza en deportes de equipo. "},{"item_aprende_a":"Plantear estrategias preventivas eficientes basadas en un proceso sustentado en la evidencia cient\u00edfica. "},{"item_aprende_a":"Desarrollar procesos de entrenamiento en deportes de equipo, aplicando las metodolog\u00edas propuestas y en base a las demandas f\u00edsicas y fisiol\u00f3gicas del deporte elegido."}],"fecha_de_inicio":"10062021","imagen_destacada":false,"id_magento":"208","producto_path":false,"slidebox":false,"titulo_seccion_testimonios":"","slider_testimonios":false,"imagen_de_fondo_testimonios":false,"color_de_fondo_testimonios":"","activar_banner_1":false,"banner_1":false,"activar_banner_2":false,"banner_2":false,"activar_banner_3":false,"banner_3":false,"segunda_fecha_de_inicio":"","zona_horaria":"Europe\/Madrid","url_cursado_webinar":"","activar_nuevos_banners":false,"mostrar_banner_1":false,"crear_banner_1":{"utilizar_imagen_unica_para_banner":false,"asignar_imagen_unica_para_banner":false,"mostrar_titulo_banner":false,"titulo_para_banner":"","mostrar_subtitulo_banner":false,"subtitulo_del_banner":"","mostrar_cta_banner":false,"texto_cta_banner":"","url_cta_banner":"","fondo_de_color_banner":"","fondo_de_imagen_banner":false,"mostrar_imagen_izquierda_banner":false,"asignar_imagen_izquierda_banner":false},"mostrar_banner_2":false,"crear_banner_2":{"utilizar_imagen_unica_para_banner":false,"asignar_imagen_unica_para_banner":false,"mostrar_titulo_banner":false,"titulo_para_banner":"","mostrar_subtitulo_banner":false,"subtitulo_del_banner":"","mostrar_cta_banner":false,"texto_cta_banner":"","url_cta_banner":"","fondo_de_color_banner":"","fondo_de_imagen_banner":false,"mostrar_imagen_izquierda_banner":false,"asignar_imagen_izquierda_banner":false},"mostrar_banner_3":false,"crear_banner_3":{"utilizar_imagen_unica_para_banner":false,"asignar_imagen_unica_para_banner":false,"mostrar_titulo_banner":false,"titulo_para_banner":"","mostrar_subtitulo_banner":false,"subtitulo_del_banner":"","mostrar_cta_banner":false,"texto_cta_banner":"","url_cta_banner":"","fondo_de_color_banner":"","fondo_de_imagen_banner":false,"mostrar_imagen_izquierda_banner":false,"asignar_imagen_izquierda_banner":false}},"idiomas":{"en":12459,"es":8172,"ar":81703,"ca":12549,"ru":8172,"pt":12512},"_links":{"self":[{"href":"https:\/\/barcainnovationhub.com\/es\/wp-json\/wp\/v2\/products\/8172"}],"collection":[{"href":"https:\/\/barcainnovationhub.com\/es\/wp-json\/wp\/v2\/products"}],"about":[{"href":"https:\/\/barcainnovationhub.com\/es\/wp-json\/wp\/v2\/types\/product"}],"author":[{"embeddable":true,"href":"https:\/\/barcainnovationhub.com\/es\/wp-json\/wp\/v2\/users\/1"}],"replies":[{"embeddable":true,"href":"https:\/\/barcainnovationhub.com\/es\/wp-json\/wp\/v2\/comments?post=8172"}],"version-history":[{"count":5,"href":"https:\/\/barcainnovationhub.com\/es\/wp-json\/wp\/v2\/products\/8172\/revisions"}],"predecessor-version":[{"id":116358,"href":"https:\/\/barcainnovationhub.com\/es\/wp-json\/wp\/v2\/products\/8172\/revisions\/116358"}],"wp:attachment":[{"href":"https:\/\/barcainnovationhub.com\/es\/wp-json\/wp\/v2\/media?parent=8172"}],"wp:term":[{"taxonomy":"category","embeddable":true,"href":"https:\/\/barcainnovationhub.com\/es\/wp-json\/wp\/v2\/categories?post=8172"}],"curies":[{"name":"wp","href":"https:\/\/api.w.org\/{rel}","templated":true}]}}