{"id":87615,"date":"2021-04-11T17:57:09","date_gmt":"2021-04-11T20:57:09","guid":{"rendered":"https:\/\/barcainnovationhub.com\/?post_type=product&#038;p=87615"},"modified":"2022-01-11T02:40:28","modified_gmt":"2022-01-11T05:40:28","slug":"programa-avanzado-preparacion-fisica","status":"publish","type":"product","link":"https:\/\/barcainnovationhub.com\/es\/product\/programa-avanzado-preparacion-fisica\/","title":{"rendered":"Programa Avanzado en Preparaci\u00f3n F\u00edsica"},"content":{"rendered":"<p>contenido<\/p>\n","protected":false},"excerpt":{"rendered":"<p>excerpt<\/p>\n","protected":false},"author":16,"featured_media":0,"comment_status":"open","ping_status":"closed","template":"","meta":[],"categories":[114],"yoast_head":"<!-- This site is optimized with the Yoast SEO plugin v16.6.1 - https:\/\/yoast.com\/wordpress\/plugins\/seo\/ -->\n<meta name=\"description\" content=\"Potencia tus conocimientos en preparaci\u00f3n f\u00edsica, en base a informaci\u00f3n cient\u00edfica actualizada y la vasta experiencia de reconocidos expertos.\" \/>\n<meta name=\"robots\" content=\"index, follow, max-snippet:-1, max-image-preview:large, max-video-preview:-1\" \/>\n<link rel=\"canonical\" href=\"https:\/\/barcainnovationhub.com\/es\/product\/programa-avanzado-preparacion-fisica\/\" \/>\n<meta property=\"og:locale\" content=\"es_ES\" \/>\n<meta property=\"og:type\" content=\"article\" \/>\n<meta property=\"og:title\" content=\"Programa Avanzado en Preparaci\u00f3n F\u00edsica\" \/>\n<meta property=\"og:description\" content=\"Potencia tus conocimientos en preparaci\u00f3n f\u00edsica, en base a informaci\u00f3n cient\u00edfica actualizada y la vasta experiencia de reconocidos expertos.\" \/>\n<meta property=\"og:url\" content=\"https:\/\/barcainnovationhub.com\/es\/product\/programa-avanzado-preparacion-fisica\/\" \/>\n<meta property=\"og:site_name\" content=\"Bar\u00e7a Innovation Hub\" \/>\n<meta property=\"article:publisher\" content=\"https:\/\/www.facebook.com\/fcbuniversitas\" \/>\n<meta property=\"article:modified_time\" content=\"2022-01-11T05:40:28+00:00\" \/>\n<meta property=\"og:image\" content=\"https:\/\/barcainnovationhub.com\/wp-content\/uploads\/2021\/04\/1fe2624b-advanced-program-in-strength-and-conditioning.jpg\" \/>\n\t<meta property=\"og:image:width\" content=\"1200\" \/>\n\t<meta property=\"og:image:height\" content=\"1200\" \/>\n<meta name=\"twitter:card\" content=\"summary\" \/>\n<meta name=\"twitter:title\" content=\"Programa Avanzado en Preparaci\u00f3n F\u00edsica\" \/>\n<meta name=\"twitter:description\" content=\"Potencia tus conocimientos en preparaci\u00f3n f\u00edsica, en base a informaci\u00f3n cient\u00edfica actualizada y la vasta experiencia de reconocidos expertos.\" \/>\n<meta name=\"twitter:image\" content=\"https:\/\/barcainnovationhub.com\/wp-content\/uploads\/2021\/04\/1fe2624b-advanced-program-in-strength-and-conditioning.jpg\" \/>\n<meta name=\"twitter:site\" content=\"@BarcaInnoHub\" \/>\n<meta name=\"twitter:label1\" content=\"Est. reading time\" \/>\n\t<meta name=\"twitter:data1\" content=\"1 minute\" \/>\n<script type=\"application\/ld+json\" class=\"yoast-schema-graph\">{\"@context\":\"https:\/\/schema.org\",\"@graph\":[{\"@type\":\"WebSite\",\"@id\":\"https:\/\/barcainnovationhub.com\/#website\",\"url\":\"https:\/\/barcainnovationhub.com\/\",\"name\":\"Bar\\u00e7a Innovation Hub\",\"description\":\"The worldwide centre for sports knowledge and innovation\",\"potentialAction\":[{\"@type\":\"SearchAction\",\"target\":{\"@type\":\"EntryPoint\",\"urlTemplate\":\"https:\/\/barcainnovationhub.com\/?s={search_term_string}\"},\"query-input\":\"required name=search_term_string\"}],\"inLanguage\":\"es-ES\"},{\"@type\":\"ImageObject\",\"@id\":\"https:\/\/barcainnovationhub.com\/es\/product\/programa-avanzado-preparacion-fisica\/#primaryimage\",\"inLanguage\":\"es-ES\",\"url\":\"https:\/\/barcainnovationhub.com\/wp-content\/uploads\/2021\/04\/1fe2624b-advanced-program-in-strength-and-conditioning.jpg\",\"contentUrl\":\"https:\/\/barcainnovationhub.com\/wp-content\/uploads\/2021\/04\/1fe2624b-advanced-program-in-strength-and-conditioning.jpg\",\"width\":1200,\"height\":1200},{\"@type\":\"WebPage\",\"@id\":\"https:\/\/barcainnovationhub.com\/es\/product\/programa-avanzado-preparacion-fisica\/#webpage\",\"url\":\"https:\/\/barcainnovationhub.com\/es\/product\/programa-avanzado-preparacion-fisica\/\",\"name\":\"Programa Avanzado en Preparaci\\u00f3n F\\u00edsica - Bar\\u00e7a Innovation Hub\",\"isPartOf\":{\"@id\":\"https:\/\/barcainnovationhub.com\/#website\"},\"datePublished\":\"2021-04-11T20:57:09+00:00\",\"dateModified\":\"2022-01-11T05:40:28+00:00\",\"description\":\"Potencia tus conocimientos en preparaci\\u00f3n f\\u00edsica, en base a informaci\\u00f3n cient\\u00edfica actualizada y la vasta experiencia de reconocidos expertos.\",\"breadcrumb\":{\"@id\":\"https:\/\/barcainnovationhub.com\/es\/product\/programa-avanzado-preparacion-fisica\/#breadcrumb\"},\"inLanguage\":\"es-ES\",\"potentialAction\":[{\"@type\":\"ReadAction\",\"target\":[\"https:\/\/barcainnovationhub.com\/es\/product\/programa-avanzado-preparacion-fisica\/\"]}]},{\"@type\":\"BreadcrumbList\",\"@id\":\"https:\/\/barcainnovationhub.com\/es\/product\/programa-avanzado-preparacion-fisica\/#breadcrumb\",\"itemListElement\":[{\"@type\":\"ListItem\",\"position\":1,\"name\":\"Portada\",\"item\":\"https:\/\/barcainnovationhub.com\/es\/\"},{\"@type\":\"ListItem\",\"position\":2,\"name\":\"Productos\",\"item\":\"https:\/\/barcainnovationhub.com\/es\/product\/\"},{\"@type\":\"ListItem\",\"position\":3,\"name\":\"Programa Avanzado en Preparaci\\u00f3n F\\u00edsica\"}]}]}<\/script>\n<!-- \/ Yoast SEO plugin. -->","acf":{"external_id":"1410","titulo_curso":"Programa Avanzado en Preparaci\u00f3n F\u00edsica - Carrusel","precio":"910","impartido_en":"Castellano","producto_path":false,"hubspot_product_id":"703254199","id_magento":"377","header_image":108309,"column_title":"","titulo_incentivo":"Programa Avanzado en Preparaci\u00f3n F\u00edsica","fecha_de_inicio":"10062021","precio_en_cuotas":"","precio_de_lista":"","mostrar_form":false,"promocion_vigente":"","duracion_del_curso":"7 meses","nivel_del_curso":"Avanzado","modalidad_cursado":"Online","contenido":"<p>Este programa permite profundizar sobre el rol del entrenamiento de la fuerza tanto en el rendimiento como en la reducci\u00f3n del riesgo de lesi\u00f3n, incluyendo el abordaje de las nuevas tecnolog\u00edas que acompa\u00f1an el alto rendimiento deportivo, patolog\u00edas espec\u00edficas en deportes de equipo y competencias psicol\u00f3gicas que un entrenador debe considerar para su propia pr\u00e1ctica.<\/p>\n<p>&nbsp;<\/p>\n<p><strong>IMPORTANTE:<\/strong><\/p>\n<p>Si eres o has sido participante de un programa online de Bar\u00e7a Innovation Hub Universitas y te interesa inscribirte en este Programa Avanzado, cont\u00e1ctate con nosotros a trav\u00e9s del CHAT para poder guiarte en el proceso de compra.<\/p>\n","ocultar_video":true,"url_video":"","avalado_por":false,"pdf_brochure":"https:\/\/static.capabiliaserver.com\/frontend\/clients\/barca\/wp_prod\/wp-content\/uploads\/2021\/04\/ba2bea48-programa-avanzado-preparacion-fisica.pdf","cursos_que_lo_componen":[{"nombre_del_curso":"Bases neuromusculares en el entrenamiento de la fuerza","descripcion_del_curso":"<p>M\u00d3DULO 1: Caracter\u00edsticas del sistema m\u00fasculo esquel\u00e9tico<br \/>\nM\u00d3DULO 2: Las acciones musculares y su relaci\u00f3n con el deporte<br \/>\nM\u00d3DULO 3: Cambios sist\u00e9micos en el desentrenamiento y la inmovilizaci\u00f3n<br \/>\nM\u00d3DULO 4: La valoraci\u00f3n de las propiedades musculares con relaci\u00f3n al deporte<\/p>\n"},{"nombre_del_curso":"Metodolog\u00eda del entrenamiento de la fuerza: aplicaci\u00f3n en la mejora del rendimiento deportivo y en la readaptaci\u00f3n post lesi\u00f3n a la competici\u00f3n","descripcion_del_curso":"<p>M\u00d3DULO 1: Contextualizaci\u00f3n: \u00bfc\u00f3mo adaptamos el entrenamiento de fuerza a los deportes de equipo?<br \/>\nM\u00d3DULO 2: Metodolog\u00eda del trabajo de fuerza en el deporte de situaci\u00f3n<br \/>\nM\u00d3DULO 3: Integraci\u00f3n del trabajo de fuerza en la planificaci\u00f3n y programaci\u00f3n de los deportes de situaci\u00f3n<br \/>\nM\u00d3DULO 4: La fuerza en el dise\u00f1o de tareas espec\u00edficas del deporte. Ejemplificaci\u00f3n en f\u00fatbol<\/p>\n"},{"nombre_del_curso":"La fuerza y potencia muscular como cualidad clave en la readaptaci\u00f3n de las lesiones deportivas","descripcion_del_curso":"<p>M\u00d3DULO 1: Estudio de la lesi\u00f3n en el deporte: los mecanismos lesivos y los factores de riesgo de lesi\u00f3n asociados<br \/>\nM\u00d3DULO 2: Las lesiones deportivas y su relaci\u00f3n con la cualidad de fuerza<br \/>\nM\u00d3DULO 3: Manifestaciones de la fuerza y la potencia muscular en el proceso de readaptaci\u00f3n post lesi\u00f3n<br \/>\nM\u00d3DULO 4: Nuevos paradigmas en el entrenamiento de la fuerza: musculaci\u00f3n mediante oclusi\u00f3n vascular<\/p>\n"},{"nombre_del_curso":"Tecnolog\u00eda y entrenamiento de la fuerza y la potencia muscular","descripcion_del_curso":"<p>M\u00d3DULO 1: Tecnolog\u00eda, equipamiento y entrenamiento de la fuerza de car\u00e1cter general<br \/>\nM\u00d3DULO 2: Tecnolog\u00eda, equipamiento y entrenamiento de la fuerza de car\u00e1cter espec\u00edfico con relaci\u00f3n al deporte<br \/>\nM\u00d3DULO 3: Tecnolog\u00eda en la valoraci\u00f3n de la fuerza y la potencia muscular<br \/>\nM\u00d3DULO 4: Tecnolog\u00eda interactiva y entrenamiento de la fuerza<\/p>\n"},{"nombre_del_curso":"Lesiones y deportes de equipo","descripcion_del_curso":"<p>M\u00d3DULO 1: Prevenci\u00f3n y readaptaci\u00f3n de lesiones<br \/>\nM\u00d3DULO 2: Gesti\u00f3n de la lesi\u00f3n muscular y tendinopati\u0301a<br \/>\nM\u00d3DULO 3: Gesti\u00f3n de la lesi\u00f3n articular y \u00f3sea<br \/>\nM\u00d3DULO 4: Toma de decisiones y vuelta a la competici\u00f3n<\/p>\n"},{"nombre_del_curso":"Patolog\u00eda en deportes de equipo","descripcion_del_curso":"<p>M\u00d3DULO 1: Gesti\u00f3n de la patolog\u00eda m\u00e9dica 1<br \/>\nM\u00d3DULO 2: Gesti\u00f3n de la patolog\u00eda m\u00e9dica 2<br \/>\nM\u00d3DULO 3: Patolog\u00edas espec\u00edficas por deporte<br \/>\nM\u00d3DULO 4: Deportes y competiciones especiales<\/p>\n"},{"nombre_del_curso":"Competencias b\u00e1sicas del entrenador","descripcion_del_curso":"<p>M\u00d3DULO 1: Liderazgo<br \/>\nM\u00d3DULO 2: Herramientas comunicaci\u00f3n<br \/>\nM\u00d3DULO 3: Climas motivacionales<br \/>\nM\u00d3DULO 4: El entrenador y su entorno<\/p>\n"}],"aprende_a":[{"item_aprende_a":"Mejorar el an\u00e1lisis cr\u00edtico al realizar un programa de entrenamiento en los diferentes roles profesionales relacionados con las ciencias del deporte y la salud."},{"item_aprende_a":"Mejorar el rendimiento deportivo y la prevenci\u00f3n de lesiones a partir de un conocimiento profundo sobre la metodolog\u00eda a aplicar en los programas de entrenamiento de la fuerza y la potencia muscular."},{"item_aprende_a":"Aplicar la metodolog\u00eda adecuada en el dise\u00f1o del proceso de readaptaci\u00f3n post lesi\u00f3n en aquellas afecciones donde el desarrollo de la fuerza tenga un marcado protagonismo."},{"item_aprende_a":"Conocer, de manera transversal, las metodolog\u00edas emergentes en el entrenamiento de la fuerza para poder profundizar desde una base contrastada desde la ciencia."},{"item_aprende_a":"Conocer las caracter\u00edsticas fundamentales tanto de estrategias de prevenci\u00f3n y rehabilitaci\u00f3n de lesiones, como de los distintos mecanismos lesivos en deportes de equipo."},{"item_aprende_a":"Manejar las patolog\u00edas y lesiones diferenciadas por deporte."},{"item_aprende_a":"Utilizar las herramientas adecuadas para el desarrollo de un liderazgo eficaz en la gesti\u00f3n de grupos y personas."}],"preguntas_frecuentes":false,"contenidistas":false,"docentes_expertos":[{"foto":"https:\/\/static.capabiliaserver.com\/frontend\/clients\/barca\/wp_prod\/wp-content\/uploads\/2019\/11\/35f4d0fa-ebbe19cc-3b4b2d46-dani-150x150.jpg","nombre_del_docente":"Daniel Romero Rodriguez","descripcion_del_docente":"Preparador f\u00edsico del primer equipo de f\u00fatbol del FC Barcelona.","enlace":""},{"foto":"https:\/\/static.capabiliaserver.com\/frontend\/clients\/barca\/wp_prod\/wp-content\/uploads\/2019\/11\/45cc7a82-3e6727a2-187a9f52-francesc_cos-150x150.jpg","nombre_del_docente":"Francesc Cos","descripcion_del_docente":"Ex preparador f\u00edsico de la fuerza del primer equipo de f\u00fatbol del FC Barcelona (2004-2016). Ex director del \u00e1rea de Rendimiento Deportivo del Bar\u00e7a Innovation Hub (2016-2018). Actualmente es Director de Rendimiento del New York City (MLS).","enlace":""},{"foto":"https:\/\/static.capabiliaserver.com\/frontend\/clients\/barca\/wp_prod\/wp-content\/uploads\/2019\/11\/956f2dd5-732d005c-8494207e-gil-rodas-150x150.jpg","nombre_del_docente":"Gil Rodas Font","descripcion_del_docente":"Doctor en Medicina y Cirug\u00eda. Especialista en Medicina de la Educaci\u00f3n F\u00edsica y el Deporte. Responsable del \u00e1rea de Servicios M\u00e9dicos del Bar\u00e7a Innovation Hub.","enlace":""},{"foto":"https:\/\/static.capabiliaserver.com\/frontend\/clients\/barca\/wp_prod\/wp-content\/uploads\/2019\/11\/2d8d9acf-e98b0508-fcf2667f-ana_merayo-150x150.png","nombre_del_docente":"Ana Merayo Garc\u00eda","descripcion_del_docente":"Psic\u00f3loga deportiva. Docente. Coordinadora del SAIE (Servicio de Atenci\u00f3n Integral al Deportista) de Masia 360, FC Barcelona.","enlace":""}],"imagen_destacada":false,"slidebox":false,"titulo_seccion_testimonios":"","slider_testimonios":false,"imagen_de_fondo_testimonios":false,"color_de_fondo_testimonios":"","activar_banner_1":false,"banner_1":false,"activar_banner_2":false,"banner_2":false,"activar_banner_3":false,"banner_3":false,"segunda_fecha_de_inicio":"","zona_horaria":"Europe\/Madrid","url_cursado_webinar":"","activar_nuevos_banners":false,"mostrar_banner_1":false,"crear_banner_1":{"utilizar_imagen_unica_para_banner":false,"asignar_imagen_unica_para_banner":false,"mostrar_titulo_banner":false,"titulo_para_banner":"","mostrar_subtitulo_banner":false,"subtitulo_del_banner":"","mostrar_cta_banner":false,"texto_cta_banner":"","url_cta_banner":"","fondo_de_color_banner":"","fondo_de_imagen_banner":false,"mostrar_imagen_izquierda_banner":false,"asignar_imagen_izquierda_banner":false},"mostrar_banner_2":false,"crear_banner_2":{"utilizar_imagen_unica_para_banner":false,"asignar_imagen_unica_para_banner":false,"mostrar_titulo_banner":false,"titulo_para_banner":"","mostrar_subtitulo_banner":false,"subtitulo_del_banner":"","mostrar_cta_banner":false,"texto_cta_banner":"","url_cta_banner":"","fondo_de_color_banner":"","fondo_de_imagen_banner":false,"mostrar_imagen_izquierda_banner":false,"asignar_imagen_izquierda_banner":false},"mostrar_banner_3":false,"crear_banner_3":{"utilizar_imagen_unica_para_banner":false,"asignar_imagen_unica_para_banner":false,"mostrar_titulo_banner":false,"titulo_para_banner":"","mostrar_subtitulo_banner":false,"subtitulo_del_banner":"","mostrar_cta_banner":false,"texto_cta_banner":"","url_cta_banner":"","fondo_de_color_banner":"","fondo_de_imagen_banner":false,"mostrar_imagen_izquierda_banner":false,"asignar_imagen_izquierda_banner":false}},"idiomas":{"en":87610,"es":87615,"ar":87611,"ca":87612,"ru":87614,"pt":87613},"_links":{"self":[{"href":"https:\/\/barcainnovationhub.com\/es\/wp-json\/wp\/v2\/products\/87615"}],"collection":[{"href":"https:\/\/barcainnovationhub.com\/es\/wp-json\/wp\/v2\/products"}],"about":[{"href":"https:\/\/barcainnovationhub.com\/es\/wp-json\/wp\/v2\/types\/product"}],"author":[{"embeddable":true,"href":"https:\/\/barcainnovationhub.com\/es\/wp-json\/wp\/v2\/users\/16"}],"replies":[{"embeddable":true,"href":"https:\/\/barcainnovationhub.com\/es\/wp-json\/wp\/v2\/comments?post=87615"}],"version-history":[{"count":5,"href":"https:\/\/barcainnovationhub.com\/es\/wp-json\/wp\/v2\/products\/87615\/revisions"}],"predecessor-version":[{"id":116453,"href":"https:\/\/barcainnovationhub.com\/es\/wp-json\/wp\/v2\/products\/87615\/revisions\/116453"}],"wp:attachment":[{"href":"https:\/\/barcainnovationhub.com\/es\/wp-json\/wp\/v2\/media?parent=87615"}],"wp:term":[{"taxonomy":"category","embeddable":true,"href":"https:\/\/barcainnovationhub.com\/es\/wp-json\/wp\/v2\/categories?post=87615"}],"curies":[{"name":"wp","href":"https:\/\/api.w.org\/{rel}","templated":true}]}}