{"id":87739,"date":"2021-04-10T21:02:24","date_gmt":"2021-04-11T00:02:24","guid":{"rendered":"https:\/\/barcainnovationhub.com\/?post_type=product&#038;p=87739"},"modified":"2022-01-11T03:25:00","modified_gmt":"2022-01-11T06:25:00","slug":"programa-especializado-lesiones-deportes-de-equipo","status":"publish","type":"product","link":"https:\/\/barcainnovationhub.com\/es\/product\/programa-especializado-lesiones-deportes-de-equipo\/","title":{"rendered":"Programa Especializado en Lesiones en Deportes de Equipo"},"content":{"rendered":"<p>contenido<\/p>\n","protected":false},"excerpt":{"rendered":"<p>excerpt<\/p>\n","protected":false},"author":16,"featured_media":0,"comment_status":"open","ping_status":"closed","template":"","meta":[],"categories":[114],"yoast_head":"<!-- This site is optimized with the Yoast SEO plugin v16.6.1 - https:\/\/yoast.com\/wordpress\/plugins\/seo\/ -->\n<meta name=\"description\" content=\"Potencia tus conocimientos en lesiones en deportes de equipo, en base a informaci\u00f3n cient\u00edfica actualizada y la vasta experiencia de reconocidos expertos.\" \/>\n<meta name=\"robots\" content=\"index, follow, max-snippet:-1, max-image-preview:large, max-video-preview:-1\" \/>\n<link rel=\"canonical\" href=\"https:\/\/barcainnovationhub.com\/es\/product\/programa-especializado-lesiones-deportes-de-equipo\/\" \/>\n<meta property=\"og:locale\" content=\"es_ES\" \/>\n<meta property=\"og:type\" content=\"article\" \/>\n<meta property=\"og:title\" content=\"Programa Especializado en Lesiones en Deportes de Equipo\" \/>\n<meta property=\"og:description\" content=\"Potencia tus conocimientos en lesiones en deportes de equipo, en base a informaci\u00f3n cient\u00edfica actualizada y la vasta experiencia de reconocidos expertos.\" \/>\n<meta property=\"og:url\" content=\"https:\/\/barcainnovationhub.com\/es\/product\/programa-especializado-lesiones-deportes-de-equipo\/\" \/>\n<meta property=\"og:site_name\" content=\"Bar\u00e7a Innovation Hub\" \/>\n<meta property=\"article:publisher\" content=\"https:\/\/www.facebook.com\/fcbuniversitas\" \/>\n<meta property=\"article:modified_time\" content=\"2022-01-11T06:25:00+00:00\" \/>\n<meta property=\"og:image\" content=\"https:\/\/static.capabiliaserver.com\/frontend\/clients\/barca\/wp_prod\/wp-content\/uploads\/2021\/03\/5883dd93-specialized-program-in-team-sports-injuries-portada.jpg\" \/>\n\t<meta property=\"og:image:width\" content=\"1023\" \/>\n\t<meta property=\"og:image:height\" content=\"347\" \/>\n<meta name=\"twitter:card\" content=\"summary\" \/>\n<meta name=\"twitter:title\" content=\"Programa Especializado en Lesiones en Deportes de Equipo\" \/>\n<meta name=\"twitter:description\" content=\"Potencia tus conocimientos en lesiones en deportes de equipo, en base a informaci\u00f3n cient\u00edfica actualizada y la vasta experiencia de reconocidos expertos.\" \/>\n<meta name=\"twitter:image\" content=\"https:\/\/static.capabiliaserver.com\/frontend\/clients\/barca\/wp_prod\/wp-content\/uploads\/2021\/03\/5883dd93-specialized-program-in-team-sports-injuries-portada.jpg\" \/>\n<meta name=\"twitter:site\" content=\"@BarcaInnoHub\" \/>\n<meta name=\"twitter:label1\" content=\"Est. reading time\" \/>\n\t<meta name=\"twitter:data1\" content=\"1 minute\" \/>\n<script type=\"application\/ld+json\" class=\"yoast-schema-graph\">{\"@context\":\"https:\/\/schema.org\",\"@graph\":[{\"@type\":\"WebSite\",\"@id\":\"https:\/\/barcainnovationhub.com\/#website\",\"url\":\"https:\/\/barcainnovationhub.com\/\",\"name\":\"Bar\\u00e7a Innovation Hub\",\"description\":\"The worldwide centre for sports knowledge and innovation\",\"potentialAction\":[{\"@type\":\"SearchAction\",\"target\":{\"@type\":\"EntryPoint\",\"urlTemplate\":\"https:\/\/barcainnovationhub.com\/?s={search_term_string}\"},\"query-input\":\"required name=search_term_string\"}],\"inLanguage\":\"es-ES\"},{\"@type\":\"ImageObject\",\"@id\":\"https:\/\/barcainnovationhub.com\/es\/product\/programa-especializado-lesiones-deportes-de-equipo\/#primaryimage\",\"inLanguage\":\"es-ES\",\"url\":\"https:\/\/static.capabiliaserver.com\/frontend\/clients\/barca\/wp_prod\/wp-content\/uploads\/2021\/03\/5883dd93-specialized-program-in-team-sports-injuries-portada.jpg\",\"contentUrl\":\"https:\/\/static.capabiliaserver.com\/frontend\/clients\/barca\/wp_prod\/wp-content\/uploads\/2021\/03\/5883dd93-specialized-program-in-team-sports-injuries-portada.jpg\",\"width\":1023,\"height\":347,\"caption\":\"ENTRENAMIENTO\"},{\"@type\":\"WebPage\",\"@id\":\"https:\/\/barcainnovationhub.com\/es\/product\/programa-especializado-lesiones-deportes-de-equipo\/#webpage\",\"url\":\"https:\/\/barcainnovationhub.com\/es\/product\/programa-especializado-lesiones-deportes-de-equipo\/\",\"name\":\"Programa Especializado en Lesiones en Deportes de Equipo - Bar\\u00e7a Innovation Hub\",\"isPartOf\":{\"@id\":\"https:\/\/barcainnovationhub.com\/#website\"},\"datePublished\":\"2021-04-11T00:02:24+00:00\",\"dateModified\":\"2022-01-11T06:25:00+00:00\",\"description\":\"Potencia tus conocimientos en lesiones en deportes de equipo, en base a informaci\\u00f3n cient\\u00edfica actualizada y la vasta experiencia de reconocidos expertos.\",\"breadcrumb\":{\"@id\":\"https:\/\/barcainnovationhub.com\/es\/product\/programa-especializado-lesiones-deportes-de-equipo\/#breadcrumb\"},\"inLanguage\":\"es-ES\",\"potentialAction\":[{\"@type\":\"ReadAction\",\"target\":[\"https:\/\/barcainnovationhub.com\/es\/product\/programa-especializado-lesiones-deportes-de-equipo\/\"]}]},{\"@type\":\"BreadcrumbList\",\"@id\":\"https:\/\/barcainnovationhub.com\/es\/product\/programa-especializado-lesiones-deportes-de-equipo\/#breadcrumb\",\"itemListElement\":[{\"@type\":\"ListItem\",\"position\":1,\"name\":\"Portada\",\"item\":\"https:\/\/barcainnovationhub.com\/es\/\"},{\"@type\":\"ListItem\",\"position\":2,\"name\":\"Productos\",\"item\":\"https:\/\/barcainnovationhub.com\/es\/product\/\"},{\"@type\":\"ListItem\",\"position\":3,\"name\":\"Programa Especializado en Lesiones en Deportes de Equipo\"}]}]}<\/script>\n<!-- \/ Yoast SEO plugin. -->","acf":{"external_id":"1413","titulo_curso":"Programa Especializado en Lesiones en Deportes de Equipo - Carrusel","precio":"750","impartido_en":"Castellano","producto_path":false,"hubspot_product_id":"703324474","id_magento":"380","header_image":108639,"column_title":"","titulo_incentivo":"Programa Especializado en Lesiones en Deportes de Equipo","fecha_de_inicio":"10062021","precio_en_cuotas":"","precio_de_lista":"","mostrar_form":false,"promocion_vigente":"","duracion_del_curso":"5 meses","nivel_del_curso":"Introductorio","modalidad_cursado":"Online","contenido":"<p>Este programa permite profundizar sobre el rol del entrenamiento de la fuerza tanto en el rendimiento como en la reducci\u00f3n del riesgo de lesi\u00f3n, incluyendo el abordaje y comprensi\u00f3n del procesamiento central del movimiento voluntario en el deportista.<\/p>\n<p>&nbsp;<\/p>\n<p><strong>IMPORTANTE:<\/strong><\/p>\n<p>Si eres o has sido participante de un programa online de Bar\u00e7a Innovation Hub Universitas y te interesa inscribirte en este Diplomado, cont\u00e1ctate con nosotros a trav\u00e9s del CHAT para poder guiarte en el proceso de compra.<\/p>\n","ocultar_video":true,"url_video":"","avalado_por":false,"pdf_brochure":"https:\/\/static.capabiliaserver.com\/frontend\/clients\/barca\/wp_prod\/wp-content\/uploads\/2021\/04\/b961dee8-programa-especializado-en-lesiones-en-deportes-de-equipo.pdf","cursos_que_lo_componen":[{"nombre_del_curso":"Prevenci\u00f3n de lesiones","descripcion_del_curso":"<p>M\u00d3DULO 1: Conceptos b\u00e1sicos en epidemiolog\u00eda y prevenci\u00f3n de lesiones<br \/>\nM\u00d3DULO 2: Prevenci\u00f3n de lesiones musculares<br \/>\nM\u00d3DULO 3: Prevenci\u00f3n de lesiones articulares<br \/>\nM\u00d3DULO 4: M\u00f3dulo integrador<\/p>\n"},{"nombre_del_curso":"Patolog\u00eda en deportes de equipo","descripcion_del_curso":"<p>M\u00d3DULO 1: Gesti\u00f3n de la patolog\u00eda m\u00e9dica 1<br \/>\nM\u00d3DULO 2: Gesti\u00f3n de la patolog\u00eda m\u00e9dica 2<br \/>\nM\u00d3DULO 3: Patolog\u00edas espec\u00edficas por deporte<br \/>\nM\u00d3DULO 4: Deportes y competiciones especiales<\/p>\n"},{"nombre_del_curso":"Bases neuromusculares en el entrenamiento de la fuerza","descripcion_del_curso":"<p>M\u00d3DULO 1: Caracter\u00edsticas del sistema m\u00fasculo esquel\u00e9tico<br \/>\nM\u00d3DULO 2: Las acciones musculares y su relaci\u00f3n con el deporte<br \/>\nM\u00d3DULO 3: Cambios sist\u00e9micos en el desentrenamiento y la inmovilizaci\u00f3n<br \/>\nM\u00d3DULO 4: La valoraci\u00f3n de las propiedades musculares con relaci\u00f3n al deporte<\/p>\n"},{"nombre_del_curso":"Procesamiento central del movimiento voluntario","descripcion_del_curso":"<p>M\u00d3DULO 1: L\u00f3gica motriz y toma de decisi\u00f3n<br \/>\nM\u00d3DULO 2: Entrenamiento decisional<br \/>\nM\u00d3DULO 3: Programaci\u00f3n neuromotora<br \/>\nM\u00d3DULO 4: M\u00f3dulo integrador<\/p>\n"},{"nombre_del_curso":"La fuerza y potencia muscular como cualidad clave en la readaptaci\u00f3n de las lesiones deportivas","descripcion_del_curso":"<p>M\u00d3DULO 1: Estudio de la lesi\u00f3n en el deporte: los mecanismos lesivos y los factores de riesgo de lesi\u00f3n asociados<br \/>\nM\u00d3DULO 2: Las lesiones deportivas y su relaci\u00f3n con la cualidad de fuerza<br \/>\nM\u00d3DULO 3: Manifestaciones de la fuerza y la potencia muscular en el proceso de readaptaci\u00f3n post lesi\u00f3n<br \/>\nM\u00d3DULO 4: Nuevos paradigmas en el entrenamiento de la fuerza: musculaci\u00f3n mediante oclusi\u00f3n vascular<\/p>\n"}],"aprende_a":[{"item_aprende_a":"Plantear estrategias preventivas eficientes basadas en un proceso sustentado en la evidencia cient\u00edfica."},{"item_aprende_a":"Manejar las patolog\u00edas y lesiones diferenciadas por deporte."},{"item_aprende_a":"Mejorar el an\u00e1lisis cr\u00edtico al realizar un programa de entrenamiento en los diferentes roles profesionales relacionados con las ciencias del deporte y la salud."},{"item_aprende_a":"Determinar de qu\u00e9 manera influye el sistema nervioso central en el movimiento humano y c\u00f3mo se puede moldear la capacidad de toma de decisi\u00f3n para el movimiento."},{"item_aprende_a":"Aplicar la metodolog\u00eda adecuada en el dise\u00f1o del proceso de readaptaci\u00f3n post lesi\u00f3n en aquellas afecciones donde el desarrollo de la fuerza tenga un marcado protagonismo."}],"preguntas_frecuentes":false,"contenidistas":false,"docentes_expertos":[{"foto":"https:\/\/static.capabiliaserver.com\/frontend\/clients\/barca\/wp_prod\/wp-content\/uploads\/2019\/11\/82f8167e-c97cdcd6-2d75bdaf-paco-seirul-lo-150x150.jpg","nombre_del_docente":"Paco Seirul\u00b7lo Vargas","descripcion_del_docente":"Responsable del \u00e1rea de metodolog\u00eda del FC Barcelona.","enlace":""},{"foto":"https:\/\/static.capabiliaserver.com\/frontend\/clients\/barca\/wp_prod\/wp-content\/uploads\/2019\/11\/7d6e9176-6c9b0c0c-ea8250e4-joan_ramon_tarrago-150x150.jpg","nombre_del_docente":"Joan Ramon Tarrago","descripcion_del_docente":"Responsable de preparaci\u00f3n f\u00edsica deportiva.","enlace":""},{"foto":"https:\/\/static.capabiliaserver.com\/frontend\/clients\/barca\/wp_prod\/wp-content\/uploads\/2019\/11\/956f2dd5-732d005c-8494207e-gil-rodas-150x150.jpg","nombre_del_docente":"Gil Rodas Font","descripcion_del_docente":"Doctor en Medicina y Cirug\u00eda. Especialista en Medicina de la Educaci\u00f3n F\u00edsica y el Deporte. Responsable del \u00e1rea de Servicios M\u00e9dicos del Bar\u00e7a Innovation Hub.","enlace":""},{"foto":"https:\/\/static.capabiliaserver.com\/frontend\/clients\/barca\/wp_prod\/wp-content\/uploads\/2019\/11\/35f4d0fa-ebbe19cc-3b4b2d46-dani-150x150.jpg","nombre_del_docente":"Daniel Romero Rodriguez","descripcion_del_docente":"Preparador f\u00edsico del primer equipo de f\u00fatbol del FC Barcelona.","enlace":""},{"foto":"https:\/\/static.capabiliaserver.com\/frontend\/clients\/barca\/wp_prod\/wp-content\/uploads\/2019\/11\/45cc7a82-3e6727a2-187a9f52-francesc_cos-150x150.jpg","nombre_del_docente":"Francesc Cos","descripcion_del_docente":"Ex preparador f\u00edsico de la fuerza del primer equipo de f\u00fatbol del FC Barcelona (2004-2016). Ex director del \u00e1rea de Rendimiento Deportivo del Bar\u00e7a Innovation Hub (2016-2018). Actualmente es Director de Rendimiento del New York City (MLS).","enlace":""}],"imagen_destacada":false,"slidebox":false,"titulo_seccion_testimonios":"","slider_testimonios":false,"imagen_de_fondo_testimonios":false,"color_de_fondo_testimonios":"","activar_banner_1":false,"banner_1":false,"activar_banner_2":false,"banner_2":false,"activar_banner_3":false,"banner_3":false,"segunda_fecha_de_inicio":"","zona_horaria":"Europe\/Madrid","url_cursado_webinar":"","activar_nuevos_banners":false,"mostrar_banner_1":false,"crear_banner_1":{"utilizar_imagen_unica_para_banner":false,"asignar_imagen_unica_para_banner":false,"mostrar_titulo_banner":false,"titulo_para_banner":"","mostrar_subtitulo_banner":false,"subtitulo_del_banner":"","mostrar_cta_banner":false,"texto_cta_banner":"","url_cta_banner":"","fondo_de_color_banner":"","fondo_de_imagen_banner":false,"mostrar_imagen_izquierda_banner":false,"asignar_imagen_izquierda_banner":false},"mostrar_banner_2":false,"crear_banner_2":{"utilizar_imagen_unica_para_banner":false,"asignar_imagen_unica_para_banner":false,"mostrar_titulo_banner":false,"titulo_para_banner":"","mostrar_subtitulo_banner":false,"subtitulo_del_banner":"","mostrar_cta_banner":false,"texto_cta_banner":"","url_cta_banner":"","fondo_de_color_banner":"","fondo_de_imagen_banner":false,"mostrar_imagen_izquierda_banner":false,"asignar_imagen_izquierda_banner":false},"mostrar_banner_3":false,"crear_banner_3":{"utilizar_imagen_unica_para_banner":false,"asignar_imagen_unica_para_banner":false,"mostrar_titulo_banner":false,"titulo_para_banner":"","mostrar_subtitulo_banner":false,"subtitulo_del_banner":"","mostrar_cta_banner":false,"texto_cta_banner":"","url_cta_banner":"","fondo_de_color_banner":"","fondo_de_imagen_banner":false,"mostrar_imagen_izquierda_banner":false,"asignar_imagen_izquierda_banner":false}},"idiomas":{"en":87734,"es":87739,"ar":87735,"ca":87736,"ru":87738,"pt":87737},"_links":{"self":[{"href":"https:\/\/barcainnovationhub.com\/es\/wp-json\/wp\/v2\/products\/87739"}],"collection":[{"href":"https:\/\/barcainnovationhub.com\/es\/wp-json\/wp\/v2\/products"}],"about":[{"href":"https:\/\/barcainnovationhub.com\/es\/wp-json\/wp\/v2\/types\/product"}],"author":[{"embeddable":true,"href":"https:\/\/barcainnovationhub.com\/es\/wp-json\/wp\/v2\/users\/16"}],"replies":[{"embeddable":true,"href":"https:\/\/barcainnovationhub.com\/es\/wp-json\/wp\/v2\/comments?post=87739"}],"version-history":[{"count":5,"href":"https:\/\/barcainnovationhub.com\/es\/wp-json\/wp\/v2\/products\/87739\/revisions"}],"predecessor-version":[{"id":116516,"href":"https:\/\/barcainnovationhub.com\/es\/wp-json\/wp\/v2\/products\/87739\/revisions\/116516"}],"wp:attachment":[{"href":"https:\/\/barcainnovationhub.com\/es\/wp-json\/wp\/v2\/media?parent=87739"}],"wp:term":[{"taxonomy":"category","embeddable":true,"href":"https:\/\/barcainnovationhub.com\/es\/wp-json\/wp\/v2\/categories?post=87739"}],"curies":[{"name":"wp","href":"https:\/\/api.w.org\/{rel}","templated":true}]}}