{"id":87761,"date":"2021-04-20T17:11:12","date_gmt":"2021-04-20T20:11:12","guid":{"rendered":"https:\/\/barcainnovationhub.com\/?post_type=product&#038;p=87761"},"modified":"2022-01-11T03:22:09","modified_gmt":"2022-01-11T06:22:09","slug":"diplomado-entrenamiento-deportes-de-equipo","status":"publish","type":"product","link":"https:\/\/barcainnovationhub.com\/es\/product\/diplomado-entrenamiento-deportes-de-equipo\/","title":{"rendered":"Diplomado en Entrenamiento en Deportes de Equipo"},"content":{"rendered":"<p>contenido<\/p>\n\n\n<p><\/p>\n","protected":false},"excerpt":{"rendered":"<p>excerpt<\/p>\n","protected":false},"author":16,"featured_media":0,"comment_status":"open","ping_status":"closed","template":"","meta":[],"categories":[114],"yoast_head":"<!-- This site is optimized with the Yoast SEO plugin v16.6.1 - https:\/\/yoast.com\/wordpress\/plugins\/seo\/ -->\n<meta name=\"description\" content=\"Obt\u00e9n habilidades integrales para desarrollar, analizar y mejorar los programas de entrenamiento de fuerza para atletas de deportes de equipo.\" \/>\n<meta name=\"robots\" content=\"index, follow, max-snippet:-1, max-image-preview:large, max-video-preview:-1\" \/>\n<link rel=\"canonical\" href=\"https:\/\/barcainnovationhub.com\/es\/product\/diplomado-entrenamiento-deportes-de-equipo\/\" \/>\n<meta property=\"og:locale\" content=\"es_ES\" \/>\n<meta property=\"og:type\" content=\"article\" \/>\n<meta property=\"og:title\" content=\"Diplomado en Entrenamiento en Deportes de Equipo\" \/>\n<meta property=\"og:description\" content=\"Obt\u00e9n habilidades integrales para desarrollar, analizar y mejorar los programas de entrenamiento de fuerza para atletas de deportes de equipo.\" \/>\n<meta property=\"og:url\" content=\"https:\/\/barcainnovationhub.com\/es\/product\/diplomado-entrenamiento-deportes-de-equipo\/\" \/>\n<meta property=\"og:site_name\" content=\"Bar\u00e7a Innovation Hub\" \/>\n<meta property=\"article:publisher\" content=\"https:\/\/www.facebook.com\/fcbuniversitas\" \/>\n<meta property=\"article:modified_time\" content=\"2022-01-11T06:22:09+00:00\" \/>\n<meta property=\"og:image\" content=\"https:\/\/barcainnovationhub.com\/wp-content\/uploads\/2021\/04\/10c54886-professional-diploma-in-training-for-team-sports.jpg.jpg\" \/>\n\t<meta property=\"og:image:width\" content=\"1200\" \/>\n\t<meta property=\"og:image:height\" content=\"1200\" \/>\n<meta name=\"twitter:card\" content=\"summary\" \/>\n<meta name=\"twitter:title\" content=\"Diplomado en Entrenamiento en Deportes de Equipo\" \/>\n<meta name=\"twitter:description\" content=\"Obt\u00e9n habilidades integrales para desarrollar, analizar y mejorar los programas de entrenamiento de fuerza para atletas de deportes de equipo.\" \/>\n<meta name=\"twitter:image\" content=\"https:\/\/barcainnovationhub.com\/wp-content\/uploads\/2021\/04\/10c54886-professional-diploma-in-training-for-team-sports.jpg.jpg\" \/>\n<meta name=\"twitter:site\" content=\"@BarcaInnoHub\" \/>\n<meta name=\"twitter:label1\" content=\"Est. reading time\" \/>\n\t<meta name=\"twitter:data1\" content=\"1 minute\" \/>\n<script type=\"application\/ld+json\" class=\"yoast-schema-graph\">{\"@context\":\"https:\/\/schema.org\",\"@graph\":[{\"@type\":\"WebSite\",\"@id\":\"https:\/\/barcainnovationhub.com\/#website\",\"url\":\"https:\/\/barcainnovationhub.com\/\",\"name\":\"Bar\\u00e7a Innovation Hub\",\"description\":\"The worldwide centre for sports knowledge and innovation\",\"potentialAction\":[{\"@type\":\"SearchAction\",\"target\":{\"@type\":\"EntryPoint\",\"urlTemplate\":\"https:\/\/barcainnovationhub.com\/?s={search_term_string}\"},\"query-input\":\"required name=search_term_string\"}],\"inLanguage\":\"es-ES\"},{\"@type\":\"ImageObject\",\"@id\":\"https:\/\/barcainnovationhub.com\/es\/product\/diplomado-entrenamiento-deportes-de-equipo\/#primaryimage\",\"inLanguage\":\"es-ES\",\"url\":\"https:\/\/barcainnovationhub.com\/wp-content\/uploads\/2021\/04\/10c54886-professional-diploma-in-training-for-team-sports.jpg.jpg\",\"contentUrl\":\"https:\/\/barcainnovationhub.com\/wp-content\/uploads\/2021\/04\/10c54886-professional-diploma-in-training-for-team-sports.jpg.jpg\",\"width\":1200,\"height\":1200},{\"@type\":\"WebPage\",\"@id\":\"https:\/\/barcainnovationhub.com\/es\/product\/diplomado-entrenamiento-deportes-de-equipo\/#webpage\",\"url\":\"https:\/\/barcainnovationhub.com\/es\/product\/diplomado-entrenamiento-deportes-de-equipo\/\",\"name\":\"Diplomado en Entrenamiento en Deportes de Equipo - Bar\\u00e7a Innovation Hub\",\"isPartOf\":{\"@id\":\"https:\/\/barcainnovationhub.com\/#website\"},\"datePublished\":\"2021-04-20T20:11:12+00:00\",\"dateModified\":\"2022-01-11T06:22:09+00:00\",\"description\":\"Obt\\u00e9n habilidades integrales para desarrollar, analizar y mejorar los programas de entrenamiento de fuerza para atletas de deportes de equipo.\",\"breadcrumb\":{\"@id\":\"https:\/\/barcainnovationhub.com\/es\/product\/diplomado-entrenamiento-deportes-de-equipo\/#breadcrumb\"},\"inLanguage\":\"es-ES\",\"potentialAction\":[{\"@type\":\"ReadAction\",\"target\":[\"https:\/\/barcainnovationhub.com\/es\/product\/diplomado-entrenamiento-deportes-de-equipo\/\"]}]},{\"@type\":\"BreadcrumbList\",\"@id\":\"https:\/\/barcainnovationhub.com\/es\/product\/diplomado-entrenamiento-deportes-de-equipo\/#breadcrumb\",\"itemListElement\":[{\"@type\":\"ListItem\",\"position\":1,\"name\":\"Portada\",\"item\":\"https:\/\/barcainnovationhub.com\/es\/\"},{\"@type\":\"ListItem\",\"position\":2,\"name\":\"Productos\",\"item\":\"https:\/\/barcainnovationhub.com\/es\/product\/\"},{\"@type\":\"ListItem\",\"position\":3,\"name\":\"Diplomado en Entrenamiento en Deportes de Equipo\"}]}]}<\/script>\n<!-- \/ Yoast SEO plugin. -->","acf":{"external_id":"1414","titulo_curso":"Diplomado en Entrenamiento en Deportes de Equipo - Carrusel","precio":"990","impartido_en":"Castellano","producto_path":false,"hubspot_product_id":"703324477","id_magento":"381","header_image":108218,"column_title":"","titulo_incentivo":"Diplomado en Entrenamiento en Deportes de Equipo","fecha_de_inicio":"10062021","precio_en_cuotas":"8 pagos mensuales de \u20ac 123,75","precio_de_lista":"","mostrar_form":false,"promocion_vigente":"","duracion_del_curso":"9 meses","nivel_del_curso":"Avanzado","modalidad_cursado":"Online","contenido":"<p><strong>IMPORTANTE: <\/strong><\/p>\n<p>Si eres o has sido participante de un programa online de Bar\u00e7a Innovation Hub Universitas y te interesa inscribirte en este Diplomado, cont\u00e1ctate con nosotros a trav\u00e9s del CHAT para poder guiarte en el proceso de compra.<\/p>\n","ocultar_video":true,"url_video":"","avalado_por":false,"pdf_brochure":"https:\/\/static.capabiliaserver.com\/frontend\/clients\/barca\/wp_prod\/wp-content\/uploads\/2021\/04\/32960bd5-diplomado-en-entrenamiento-en-deportes-de-equipo.pdf","cursos_que_lo_componen":[{"nombre_del_curso":"Evaluaci\u00f3n deportiva","descripcion_del_curso":"<p>M\u00d3DULO 1: Evaluaci\u00f3n de fuerza en deportes de equipo<br \/>\nM\u00d3DULO 2: Evaluaci\u00f3n de velocidad y agilidad<br \/>\nM\u00d3DULO 3: Evaluaci\u00f3n de resistencia en deportes ac\u00edclicos<br \/>\nM\u00d3DULO 4: M\u00f3dulo integrador<\/p>\n"},{"nombre_del_curso":"Entrenamiento de fuerza en deportes de equipo","descripcion_del_curso":"<p>M\u00d3DULO 1: Introducci\u00f3n a la fuerza en los deportes colectivos - Nuestro paradigma<br \/>\nM\u00d3DULO 2: Periodizaci\u00f3n y medios de entrenamiento<br \/>\nM\u00d3DULO 3: Programaci\u00f3n de una sesi\u00f3n<br \/>\nM\u00d3DULO 4: M\u00f3dulo integrador<\/p>\n"},{"nombre_del_curso":"Prevenci\u00f3n de lesiones","descripcion_del_curso":"<p>M\u00d3DULO 1: Conceptos b\u00e1sicos en epidemiolog\u00eda y prevenci\u00f3n de lesiones<br \/>\nM\u00d3DULO 2: Prevenci\u00f3n de lesiones musculares<br \/>\nM\u00d3DULO 3: Prevenci\u00f3n de lesiones articulares<br \/>\nM\u00d3DULO 4: M\u00f3dulo integrador<\/p>\n"},{"nombre_del_curso":"Programaci\u00f3n del entrenamiento y perfil fisiol\u00f3gico en deportes de equipo","descripcion_del_curso":"<p>M\u00d3DULO 1: Periodizaci\u00f3n, planificaci\u00f3n y metodolog\u00edas. Teor\u00edas y nuevos paradigmas<br \/>\nM\u00d3DULO 2: Temporada deportiva<br \/>\nM\u00d3DULO 3: Caracterizaci\u00f3n de los deportes de equipo haciendo foco en el f\u00fatbol. An\u00e1lisis de demandas f\u00edsicas<br \/>\nM\u00d3DULO 4: M\u00f3dulo integrador<\/p>\n"},{"nombre_del_curso":"Herramientas y variables para la monitorizaci\u00f3n de la carga de entrenamiento","descripcion_del_curso":"<p>MO\u0301DULO 1: Introduccio\u0301n a la monitorizacio\u0301n de la carga de entrenamiento<br \/>\nMO\u0301DULO 2: El ciclo de planificar-intervenir-evaluar en el proceso de entrenamiento<br \/>\nMO\u0301DULO 3: Herramientas de monitorizacio\u0301n de carga interna y sus variables<br \/>\nMO\u0301DULO 4: Herramientas de monitorizacio\u0301n de carga externa y sus variables<\/p>\n"},{"nombre_del_curso":"La vida del deportista de \u00e9lite","descripcion_del_curso":"<p>M\u00d3DULO 1: Modelo sist\u00e9mico<br \/>\nM\u00d3DULO 2: Modelo de carrera deportiva I y II<br \/>\nM\u00d3DULO 3: Carrera dual<br \/>\nM\u00d3DULO 4: Ejemplos de intervenci\u00f3n en etapas de transici\u00f3n en la vida del deportista<\/p>\n"},{"nombre_del_curso":"Suplementaci\u00f3n y ayudas ergog\u00e9nicas en el deporte","descripcion_del_curso":"<p>M\u00d3DULO 1: Conceptos introductorios<br \/>\nM\u00d3DULO 2: Alimentos deportivos<br \/>\nM\u00d3DULO 3: Ayudas ergog\u00e9nicas<br \/>\nM\u00d3DULO 4: M\u00f3dulo integrador<\/p>\n"},{"nombre_del_curso":"Un mejor abordaje pr\u00e1ctico al monitoreo de la carga de trabajo","descripcion_del_curso":"<p>M\u00d3DULO 1: \u00bfPor qu\u00e9 ocurren las lesiones?<br \/>\nM\u00d3DULO 2: El modelo fitness-fatiga<br \/>\nM\u00d3DULO 3: Ratio de carga aguda:cr\u00f3nica y su relaci\u00f3n con la lesi\u00f3n<br \/>\nM\u00d3DULO 4: Controversias recientes y aplicaciones pr\u00e1cticas de los datos<\/p>\n"},{"nombre_del_curso":"Bases neuromusculares en el entrenamiento de la fuerza","descripcion_del_curso":"<p>M\u00d3DULO 1: Caracter\u00edsticas del sistema m\u00fasculo esquel\u00e9tico.<br \/>\nM\u00d3DULO 2: Las acciones musculares y su relaci\u00f3n con el deporte.<br \/>\nM\u00d3DULO 3: Cambios sist\u00e9micos en el desentrenamiento y la inmovilizaci\u00f3n.<br \/>\nM\u00d3DULO 4: La valoraci\u00f3n de las propiedades musculares con relaci\u00f3n al deporte.<\/p>\n"}],"aprende_a":[{"item_aprende_a":"Planificar la evaluaci\u00f3n, analizando diversas capacidades motoras y obteniendo mediciones que luego sean consideradas en el contexto del proceso de entrenamiento."},{"item_aprende_a":"Desarrollar y analizar programas de entrenamiento de fuerza en deportes de equipo."},{"item_aprende_a":"Plantear estrategias preventivas eficientes basadas en un proceso sustentado en la evidencia cient\u00edfica."},{"item_aprende_a":"Desarrollar procesos de entrenamiento en deportes de equipo, aplicando las metodolog\u00edas propuestas y en base a las demandas f\u00edsicas y fisiol\u00f3gicas del deporte elegido."},{"item_aprende_a":"Manejar las distintas herramientas y variables de la monitorizacio\u0301n del entrenamiento."},{"item_aprende_a":"Obtener una visi\u00f3n hol\u00edstica del mundo deportivo para trabajar en la prevenci\u00f3n de situaciones de riesgo, a trav\u00e9s del conocimiento del entorno y los protagonistas de los diferentes \u00e1mbitos del deporte."},{"item_aprende_a":"Utilizar los conocimientos sobre nutrici\u00f3n deportiva en funci\u00f3n de las demandas y necesidades de distintas formas de actividad f\u00edsica."},{"item_aprende_a":"Analizar los datos de la monitorizaci\u00f3n de la carga de trabajo para orientar el proceso de entrenamiento hacia la prevenci\u00f3n de lesiones y el consiguiente aumento del rendimiento deportivo."},{"item_aprende_a":"Mejorar el an\u00e1lisis cr\u00edtico al realizar un programa de entrenamiento en los diferentes roles profesionales relacionados con las ciencias del deporte y la salud."}],"preguntas_frecuentes":false,"contenidistas":false,"docentes_expertos":[{"foto":"https:\/\/static.capabiliaserver.com\/frontend\/clients\/barca\/wp_prod\/wp-content\/uploads\/2019\/11\/82f8167e-c97cdcd6-2d75bdaf-paco-seirul-lo-150x150.jpg","nombre_del_docente":"Paco Seirul\u00b7lo Vargas","descripcion_del_docente":"Responsable del \u00e1rea de metodolog\u00eda del FC Barcelona.","enlace":""},{"foto":"https:\/\/static.capabiliaserver.com\/frontend\/clients\/barca\/wp_prod\/wp-content\/uploads\/2019\/11\/7d6e9176-6c9b0c0c-ea8250e4-joan_ramon_tarrago-150x150.jpg","nombre_del_docente":"Joan Ramon Tarrago","descripcion_del_docente":"Coach de preparaci\u00f3n f\u00edsica deportiva.","enlace":""},{"foto":"https:\/\/static.capabiliaserver.com\/frontend\/clients\/barca\/wp_prod\/wp-content\/uploads\/2019\/11\/d6410ec9-1f90fbb3-bdd49166-david-casamichana-150x150.jpg","nombre_del_docente":"David Casamichana G\u00f3mez","descripcion_del_docente":"Doctor en Ciencias de la Actividad F\u00edsica y del Deporte. Preparador f\u00edsico en f\u00fatbol. Profesor universitario e investigador.","enlace":""},{"foto":"https:\/\/static.capabiliaserver.com\/frontend\/clients\/barca\/wp_prod\/wp-content\/uploads\/2019\/11\/2d8d9acf-e98b0508-fcf2667f-ana_merayo-150x150.png","nombre_del_docente":"Ana Merayo Garc\u00eda","descripcion_del_docente":"Psic\u00f3loga deportiva. Docente. Coordinadora del SAIE (Servicio de Atenci\u00f3n Integral al Deportista) de Masia 360, FC Barcelona.","enlace":""},{"foto":"https:\/\/static.capabiliaserver.com\/frontend\/clients\/barca\/wp_prod\/wp-content\/uploads\/2019\/11\/5cea5bd7-93e05b38-9af4dcb0-antonializarraga-150x150.png","nombre_del_docente":"Antonia Lizarraga","descripcion_del_docente":"Responsable del \u00e1rea de nutrici\u00f3n deportiva en FC Barcelona.","enlace":""},{"foto":"https:\/\/static.capabiliaserver.com\/frontend\/clients\/barca\/wp_prod\/wp-content\/uploads\/2019\/11\/d62bf1d8-ec445e52-tim_gabbett-150x150.jpg","nombre_del_docente":"Tim Gabbett","descripcion_del_docente":"Consultor de alto rendimiento. 20 a\u00f1os de experiencia en ciencias aplicadas al deporte, trabajando con atletas y entrenadores de una amplia gama de deportes.","enlace":""},{"foto":"https:\/\/static.capabiliaserver.com\/frontend\/clients\/barca\/wp_prod\/wp-content\/uploads\/2019\/11\/35f4d0fa-ebbe19cc-3b4b2d46-dani-150x150.jpg","nombre_del_docente":"Daniel Romero Rodriguez","descripcion_del_docente":"Preparador f\u00edsico del primer equipo de f\u00fatbol del FC Barcelona.","enlace":""},{"foto":"https:\/\/static.capabiliaserver.com\/frontend\/clients\/barca\/wp_prod\/wp-content\/uploads\/2019\/11\/45cc7a82-3e6727a2-187a9f52-francesc_cos-150x150.jpg","nombre_del_docente":"Francesc Cos","descripcion_del_docente":"Director de Rendimiento del New York City (MLS).","enlace":""}],"imagen_destacada":false,"slidebox":false,"titulo_seccion_testimonios":"","slider_testimonios":false,"imagen_de_fondo_testimonios":false,"color_de_fondo_testimonios":"","activar_banner_1":false,"banner_1":false,"activar_banner_2":false,"banner_2":false,"activar_banner_3":false,"banner_3":false,"segunda_fecha_de_inicio":"","zona_horaria":"Europe\/Madrid","url_cursado_webinar":"","activar_nuevos_banners":false,"mostrar_banner_1":false,"crear_banner_1":{"utilizar_imagen_unica_para_banner":false,"asignar_imagen_unica_para_banner":false,"mostrar_titulo_banner":false,"titulo_para_banner":"","mostrar_subtitulo_banner":false,"subtitulo_del_banner":"","mostrar_cta_banner":false,"texto_cta_banner":"","url_cta_banner":"","fondo_de_color_banner":"","fondo_de_imagen_banner":false,"mostrar_imagen_izquierda_banner":false,"asignar_imagen_izquierda_banner":false},"mostrar_banner_2":false,"crear_banner_2":{"utilizar_imagen_unica_para_banner":false,"asignar_imagen_unica_para_banner":false,"mostrar_titulo_banner":false,"titulo_para_banner":"","mostrar_subtitulo_banner":false,"subtitulo_del_banner":"","mostrar_cta_banner":false,"texto_cta_banner":"","url_cta_banner":"","fondo_de_color_banner":"","fondo_de_imagen_banner":false,"mostrar_imagen_izquierda_banner":false,"asignar_imagen_izquierda_banner":false},"mostrar_banner_3":false,"crear_banner_3":{"utilizar_imagen_unica_para_banner":false,"asignar_imagen_unica_para_banner":false,"mostrar_titulo_banner":false,"titulo_para_banner":"","mostrar_subtitulo_banner":false,"subtitulo_del_banner":"","mostrar_cta_banner":false,"texto_cta_banner":"","url_cta_banner":"","fondo_de_color_banner":"","fondo_de_imagen_banner":false,"mostrar_imagen_izquierda_banner":false,"asignar_imagen_izquierda_banner":false}},"idiomas":{"en":87756,"es":87761,"ar":87757,"ca":87758,"ru":87760,"pt":87759},"_links":{"self":[{"href":"https:\/\/barcainnovationhub.com\/es\/wp-json\/wp\/v2\/products\/87761"}],"collection":[{"href":"https:\/\/barcainnovationhub.com\/es\/wp-json\/wp\/v2\/products"}],"about":[{"href":"https:\/\/barcainnovationhub.com\/es\/wp-json\/wp\/v2\/types\/product"}],"author":[{"embeddable":true,"href":"https:\/\/barcainnovationhub.com\/es\/wp-json\/wp\/v2\/users\/16"}],"replies":[{"embeddable":true,"href":"https:\/\/barcainnovationhub.com\/es\/wp-json\/wp\/v2\/comments?post=87761"}],"version-history":[{"count":5,"href":"https:\/\/barcainnovationhub.com\/es\/wp-json\/wp\/v2\/products\/87761\/revisions"}],"predecessor-version":[{"id":116510,"href":"https:\/\/barcainnovationhub.com\/es\/wp-json\/wp\/v2\/products\/87761\/revisions\/116510"}],"wp:attachment":[{"href":"https:\/\/barcainnovationhub.com\/es\/wp-json\/wp\/v2\/media?parent=87761"}],"wp:term":[{"taxonomy":"category","embeddable":true,"href":"https:\/\/barcainnovationhub.com\/es\/wp-json\/wp\/v2\/categories?post=87761"}],"curies":[{"name":"wp","href":"https:\/\/api.w.org\/{rel}","templated":true}]}}