{"id":87773,"date":"2021-04-11T04:28:06","date_gmt":"2021-04-11T07:28:06","guid":{"rendered":"https:\/\/barcainnovationhub.com\/?post_type=product&#038;p=87773"},"modified":"2022-01-11T03:15:19","modified_gmt":"2022-01-11T06:15:19","slug":"diplomado-marketing-digital-patrocinio-comunicacion-deporte","status":"publish","type":"product","link":"https:\/\/barcainnovationhub.com\/es\/product\/diplomado-marketing-digital-patrocinio-comunicacion-deporte\/","title":{"rendered":"Diplomado en Marketing Digital, Patrocinio y Comunicaci\u00f3n en el Deporte"},"content":{"rendered":"<p>contenido<\/p>\n","protected":false},"excerpt":{"rendered":"<p>excerpt<\/p>\n","protected":false},"author":16,"featured_media":0,"comment_status":"open","ping_status":"closed","template":"","meta":[],"categories":[114],"yoast_head":"<!-- This site is optimized with the Yoast SEO plugin v16.6.1 - https:\/\/yoast.com\/wordpress\/plugins\/seo\/ -->\n<meta name=\"description\" content=\"Aprende a dominar las t\u00e9cnicas y herramientas b\u00e1sicas de marketing, patrocinio y comunicaci\u00f3n en la gesti\u00f3n y desarrollo de una marca deportiva.\" \/>\n<meta name=\"robots\" content=\"index, follow, max-snippet:-1, max-image-preview:large, max-video-preview:-1\" \/>\n<link rel=\"canonical\" href=\"https:\/\/barcainnovationhub.com\/es\/product\/diplomado-marketing-digital-patrocinio-comunicacion-deporte\/\" \/>\n<meta property=\"og:locale\" content=\"es_ES\" \/>\n<meta property=\"og:type\" content=\"article\" \/>\n<meta property=\"og:title\" content=\"Diplomado en Marketing Digital, Patrocinio y Comunicaci\u00f3n en el Deporte\" \/>\n<meta property=\"og:description\" content=\"Aprende a dominar las t\u00e9cnicas y herramientas b\u00e1sicas de marketing, patrocinio y comunicaci\u00f3n en la gesti\u00f3n y desarrollo de una marca deportiva.\" \/>\n<meta property=\"og:url\" content=\"https:\/\/barcainnovationhub.com\/es\/product\/diplomado-marketing-digital-patrocinio-comunicacion-deporte\/\" \/>\n<meta property=\"og:site_name\" content=\"Bar\u00e7a Innovation Hub\" \/>\n<meta property=\"article:publisher\" content=\"https:\/\/www.facebook.com\/fcbuniversitas\" \/>\n<meta property=\"article:modified_time\" content=\"2022-01-11T06:15:19+00:00\" \/>\n<meta property=\"og:image\" content=\"https:\/\/barcainnovationhub.com\/wp-content\/uploads\/2021\/04\/6bae862b-professional-diploma-in-digital-marketing-sponsorship-and-communication-in-sports.jpg\" \/>\n\t<meta property=\"og:image:width\" content=\"1200\" \/>\n\t<meta property=\"og:image:height\" content=\"1200\" \/>\n<meta name=\"twitter:card\" content=\"summary\" \/>\n<meta name=\"twitter:title\" content=\"Diplomado en Marketing Digital, Patrocinio y Comunicaci\u00f3n en el Deporte\" \/>\n<meta name=\"twitter:description\" content=\"Aprende a dominar las t\u00e9cnicas y herramientas b\u00e1sicas de marketing, patrocinio y comunicaci\u00f3n en la gesti\u00f3n y desarrollo de una marca deportiva.\" \/>\n<meta name=\"twitter:image\" content=\"https:\/\/barcainnovationhub.com\/wp-content\/uploads\/2021\/04\/6bae862b-professional-diploma-in-digital-marketing-sponsorship-and-communication-in-sports.jpg\" \/>\n<meta name=\"twitter:site\" content=\"@BarcaInnoHub\" \/>\n<meta name=\"twitter:label1\" content=\"Est. reading time\" \/>\n\t<meta name=\"twitter:data1\" content=\"1 minute\" \/>\n<script type=\"application\/ld+json\" class=\"yoast-schema-graph\">{\"@context\":\"https:\/\/schema.org\",\"@graph\":[{\"@type\":\"WebSite\",\"@id\":\"https:\/\/barcainnovationhub.com\/#website\",\"url\":\"https:\/\/barcainnovationhub.com\/\",\"name\":\"Bar\\u00e7a Innovation Hub\",\"description\":\"The worldwide centre for sports knowledge and innovation\",\"potentialAction\":[{\"@type\":\"SearchAction\",\"target\":{\"@type\":\"EntryPoint\",\"urlTemplate\":\"https:\/\/barcainnovationhub.com\/?s={search_term_string}\"},\"query-input\":\"required name=search_term_string\"}],\"inLanguage\":\"es-ES\"},{\"@type\":\"ImageObject\",\"@id\":\"https:\/\/barcainnovationhub.com\/es\/product\/diplomado-marketing-digital-patrocinio-comunicacion-deporte\/#primaryimage\",\"inLanguage\":\"es-ES\",\"url\":\"https:\/\/barcainnovationhub.com\/wp-content\/uploads\/2021\/04\/6bae862b-professional-diploma-in-digital-marketing-sponsorship-and-communication-in-sports.jpg\",\"contentUrl\":\"https:\/\/barcainnovationhub.com\/wp-content\/uploads\/2021\/04\/6bae862b-professional-diploma-in-digital-marketing-sponsorship-and-communication-in-sports.jpg\",\"width\":1200,\"height\":1200},{\"@type\":\"WebPage\",\"@id\":\"https:\/\/barcainnovationhub.com\/es\/product\/diplomado-marketing-digital-patrocinio-comunicacion-deporte\/#webpage\",\"url\":\"https:\/\/barcainnovationhub.com\/es\/product\/diplomado-marketing-digital-patrocinio-comunicacion-deporte\/\",\"name\":\"Diplomado en Marketing Digital, Patrocinio y Comunicaci\\u00f3n en el Deporte - Bar\\u00e7a Innovation Hub\",\"isPartOf\":{\"@id\":\"https:\/\/barcainnovationhub.com\/#website\"},\"datePublished\":\"2021-04-11T07:28:06+00:00\",\"dateModified\":\"2022-01-11T06:15:19+00:00\",\"description\":\"Aprende a dominar las t\\u00e9cnicas y herramientas b\\u00e1sicas de marketing, patrocinio y comunicaci\\u00f3n en la gesti\\u00f3n y desarrollo de una marca deportiva.\",\"breadcrumb\":{\"@id\":\"https:\/\/barcainnovationhub.com\/es\/product\/diplomado-marketing-digital-patrocinio-comunicacion-deporte\/#breadcrumb\"},\"inLanguage\":\"es-ES\",\"potentialAction\":[{\"@type\":\"ReadAction\",\"target\":[\"https:\/\/barcainnovationhub.com\/es\/product\/diplomado-marketing-digital-patrocinio-comunicacion-deporte\/\"]}]},{\"@type\":\"BreadcrumbList\",\"@id\":\"https:\/\/barcainnovationhub.com\/es\/product\/diplomado-marketing-digital-patrocinio-comunicacion-deporte\/#breadcrumb\",\"itemListElement\":[{\"@type\":\"ListItem\",\"position\":1,\"name\":\"Portada\",\"item\":\"https:\/\/barcainnovationhub.com\/es\/\"},{\"@type\":\"ListItem\",\"position\":2,\"name\":\"Productos\",\"item\":\"https:\/\/barcainnovationhub.com\/es\/product\/\"},{\"@type\":\"ListItem\",\"position\":3,\"name\":\"Diplomado en Marketing Digital, Patrocinio y Comunicaci\\u00f3n en el Deporte\"}]}]}<\/script>\n<!-- \/ Yoast SEO plugin. -->","acf":{"external_id":"1416","titulo_curso":"Diplomado en Marketing Digital, Patrocinio y Comunicaci\u00f3n en el Deporte - Carrusel","precio":"960","impartido_en":"Castellano","producto_path":false,"hubspot_product_id":"703324486","id_magento":"383","header_image":108997,"column_title":"","titulo_incentivo":"Diplomado en Marketing Digital, Patrocinio y Comunicaci\u00f3n en el Deporte","fecha_de_inicio":"10092021","precio_en_cuotas":"7 pagos mensuales de \u20ac 137","precio_de_lista":"","mostrar_form":false,"promocion_vigente":"","duracion_del_curso":"8 meses","nivel_del_curso":"Introductorio","contenido":"<p><strong>IMPORTANTE:<\/strong><\/p>\n<p>Si eres o has sido participante de un programa online de Bar\u00e7a Innovation Hub Universitas y te interesa inscribirte en este Diplomado, cont\u00e1ctate con nosotros a trav\u00e9s del CHAT para poder guiarte en el proceso de compra.<\/p>\n","ocultar_video":true,"url_video":"","avalado_por":false,"pdf_brochure":"https:\/\/static.capabiliaserver.com\/frontend\/clients\/barca\/wp_prod\/wp-content\/uploads\/2021\/04\/0c2bdd9f-diplomado-en-marketing-digital-patrocinio-y-comunicacion-en-el-deporte.pdf","cursos_que_lo_componen":[{"nombre_del_curso":"Pilares del marketing deportivo","descripcion_del_curso":"<p>M\u00d3DULO 1: Introducci\u00f3n al marketing deportivo<br \/>\nM\u00d3DULO 2: M\u00e9todos y herramientas del marketing deportivo<br \/>\nM\u00d3DULO 3: Creaci\u00f3n del plan de marketing deportivo<br \/>\nM\u00d3DULO 4: Integraci\u00f3n<\/p>\n"},{"nombre_del_curso":"Gesti\u00f3n de productos y servicios deportivos","descripcion_del_curso":"<p>M\u00d3DULO 1: Gesti\u00f3n de productos y servicios<br \/>\nM\u00d3DULO 2: Ejecuci\u00f3n del plan de productos y servicios<br \/>\nM\u00d3DULO 3: Estrategia de desarrollo de productos<br \/>\nM\u00d3DULO 4: Integraci\u00f3n<\/p>\n"},{"nombre_del_curso":"Patrocinio deportivo","descripcion_del_curso":"<p>M\u00d3DULO 1: Administraci\u00f3n de la marca deportiva<br \/>\nM\u00d3DULO 2: Prospecci\u00f3n de patrocinadores potenciales<br \/>\nM\u00d3DULO 3: Preparaci\u00f3n previa y cierre de la venta de patrocinio<br \/>\nM\u00d3DULO 4: Integraci\u00f3n<\/p>\n"},{"nombre_del_curso":"Activaci\u00f3n del patrocinio deportivo","descripcion_del_curso":"<p>M\u00d3DULO 1: Fases de la activaci\u00f3n del patrocinio<br \/>\nM\u00d3DULO 2: Tipos de activaci\u00f3n y maximizaci\u00f3n del<br \/>\npatrocinio<br \/>\nM\u00d3DULO 3: Indicadores claves de la activaci\u00f3n del<br \/>\npatrocinio<br \/>\nM\u00d3DULO 4: Lectura Integrativa<\/p>\n"},{"nombre_del_curso":"Problemas de comunicaci\u00f3n en organizaciones deportivas","descripcion_del_curso":"<p>M\u00d3DULO 1: Descripci\u00f3n del rol de la comunicaci\u00f3n en las organizaciones deportivas<br \/>\nM\u00d3DULO 2: Historia de los medios en las comunicaciones deportivas y colaboraci\u00f3n con los periodistas<br \/>\nM\u00d3DULO 3: Elaboraci\u00f3n de mensajes para medios tradicionales y digitales<br \/>\nM\u00d3DULO 4: Creaci\u00f3n de una estrategia de comunicaci\u00f3n para maximizar el impacto<\/p>\n"},{"nombre_del_curso":"Relaciones p\u00fablicas en organizaciones deportivas","descripcion_del_curso":"<p>M\u00d3DULO 1: Las bases de las relaciones p\u00fablicas en los deportes<br \/>\nM\u00d3DULO 2: El panorama cambiante de las relaciones p\u00fablicas en los deportes: del modelo de informaci\u00f3n deportiva al modelo de comunicaci\u00f3n activa<br \/>\nM\u00d3DULO 3: Relaciones p\u00fablicas en los deportes y comunicaci\u00f3n durante crisis<br \/>\nM\u00d3DULO 4: Relaciones p\u00fablicas en los deportes y medios sociales y digitales<\/p>\n"},{"nombre_del_curso":"Estrategias, marcas y comunicaciones en l\u00ednea","descripcion_del_curso":"<p>M\u00d3DULO 1: Tendencias, investigaciones y auditor\u00edas digitales<br \/>\nM\u00d3DULO 2: estrategias de marketing digital y marcas en l\u00ednea<br \/>\nM\u00d3DULO 3: Comunicaciones<br \/>\nM\u00d3DULO 4: Plan de contenidos y gesti\u00f3n de crisis<\/p>\n"},{"nombre_del_curso":"Generaci\u00f3n de ingresos y compromiso con los fan\u00e1ticos ","descripcion_del_curso":"<p>M\u00d3DULO 1: Data y recursos<br \/>\nM\u00d3DULO 2: Fuente de ingresos digitales<br \/>\nM\u00d3DULO 3: Fan engagement y eSports<br \/>\nM\u00d3DULO 4: Juegos de fantas\u00eda y Growing Attendance Model (GAM)<\/p>\n"}],"aprende_a":[{"item_aprende_a":"Incorporar al marketing como disciplina en la gesti\u00f3n de actividades deportivas."},{"item_aprende_a":"Analizar, crear y gestionar productos y servicios en el deporte."},{"item_aprende_a":"Identificar y captar marcas que inviertan en el mercado deportivo."},{"item_aprende_a":"Aprovechar oportunidades de generaci\u00f3n de acciones con los patrocinadores en el deporte."},{"item_aprende_a":"Crear una estrategia de comunicaci\u00f3n externa."},{"item_aprende_a":"Mejorar la funci\u00f3n de relaciones p\u00fablicas en las organizaciones deportivas y la capacidad de identificar posibles amenazas de relaciones p\u00fablicas y estrategias apropiadas para responder ante crisis que se ejecuten a trav\u00e9s de medios tradicionales y medios sociales para corregir estos problemas."},{"item_aprende_a":"Crear un plan de marketing digital."},{"item_aprende_a":"Construir una marca en l\u00ednea."},{"item_aprende_a":"Crear un plan de contenidos y comunicaciones."}],"preguntas_frecuentes":false,"contenidistas":false,"docentes_expertos":[{"foto":"https:\/\/static.capabiliaserver.com\/frontend\/clients\/barca\/wp\/wp-content\/uploads\/2018\/06\/james_condo-1-150x150.jpg","nombre_del_docente":"Jim Condo","descripcion_del_docente":"Director de ETERNO Consulting. Profesor adjunto en Florida Atlantic University.","enlace":""},{"foto":"https:\/\/barcainnovationhub.com\/wp-content\/uploads\/2018\/06\/Jimmy_Sanderson-1.jpg","nombre_del_docente":"Jimmy Sanderson","descripcion_del_docente":"Profesor Asistente en el Departamento de Kinesiolog\u00eda y Gesti\u00f3n Deportiva de la Universidad Tecnol\u00f3gica de Texas. Investiga activamente la influencia de las redes sociales en el deporte y es consultor de organizaciones deportivas en materia de gesti\u00f3n de redes sociales.","enlace":""},{"foto":"https:\/\/barcainnovationhub.com\/wp-content\/uploads\/2018\/06\/Sean_D_Williams-150x150.jpg","nombre_del_docente":"Sean D. Williams","descripcion_del_docente":"Ph.D., profesor y miembro del Spiro Institute for Entrepreneurial Leadership de la Universidad de Clemson.","enlace":""},{"foto":"https:\/\/barcainnovationhub.com\/wp-content\/uploads\/2020\/01\/fcc01266-geoff-wilson-328x328.jpg","nombre_del_docente":"Geoff Wilson","descripcion_del_docente":"Estratega deportivo que hace hincapi\u00e9 en organizaciones deportivas y negocios involucrados en el deporte alrededor del mundo. Actualmente trabaja como consultor en comunicaci\u00f3n y marketing para clientes como UEFA, AFC, FIFA, FIBA y el Ulster Grand Prix.","enlace":""}],"imagen_destacada":false,"slidebox":false,"titulo_seccion_testimonios":"","slider_testimonios":false,"imagen_de_fondo_testimonios":false,"color_de_fondo_testimonios":"","activar_banner_1":false,"banner_1":false,"activar_banner_2":false,"banner_2":false,"activar_banner_3":false,"banner_3":false,"zona_horaria":"Europe\/Madrid","url_cursado_webinar":"","segunda_fecha_de_inicio":"25092021","modalidad_cursado":"","activar_nuevos_banners":false,"mostrar_banner_1":false,"crear_banner_1":{"utilizar_imagen_unica_para_banner":false,"asignar_imagen_unica_para_banner":false,"mostrar_titulo_banner":false,"titulo_para_banner":"","mostrar_subtitulo_banner":false,"subtitulo_del_banner":"","mostrar_cta_banner":false,"texto_cta_banner":"","url_cta_banner":"","fondo_de_color_banner":"","fondo_de_imagen_banner":false,"mostrar_imagen_izquierda_banner":false,"asignar_imagen_izquierda_banner":false},"mostrar_banner_2":false,"crear_banner_2":{"utilizar_imagen_unica_para_banner":false,"asignar_imagen_unica_para_banner":false,"mostrar_titulo_banner":false,"titulo_para_banner":"","mostrar_subtitulo_banner":false,"subtitulo_del_banner":"","mostrar_cta_banner":false,"texto_cta_banner":"","url_cta_banner":"","fondo_de_color_banner":"","fondo_de_imagen_banner":false,"mostrar_imagen_izquierda_banner":false,"asignar_imagen_izquierda_banner":false},"mostrar_banner_3":false,"crear_banner_3":{"utilizar_imagen_unica_para_banner":false,"asignar_imagen_unica_para_banner":false,"mostrar_titulo_banner":false,"titulo_para_banner":"","mostrar_subtitulo_banner":false,"subtitulo_del_banner":"","mostrar_cta_banner":false,"texto_cta_banner":"","url_cta_banner":"","fondo_de_color_banner":"","fondo_de_imagen_banner":false,"mostrar_imagen_izquierda_banner":false,"asignar_imagen_izquierda_banner":false}},"idiomas":{"en":87768,"es":87773,"ar":87769,"ca":87770,"ru":87772,"pt":87771},"_links":{"self":[{"href":"https:\/\/barcainnovationhub.com\/es\/wp-json\/wp\/v2\/products\/87773"}],"collection":[{"href":"https:\/\/barcainnovationhub.com\/es\/wp-json\/wp\/v2\/products"}],"about":[{"href":"https:\/\/barcainnovationhub.com\/es\/wp-json\/wp\/v2\/types\/product"}],"author":[{"embeddable":true,"href":"https:\/\/barcainnovationhub.com\/es\/wp-json\/wp\/v2\/users\/16"}],"replies":[{"embeddable":true,"href":"https:\/\/barcainnovationhub.com\/es\/wp-json\/wp\/v2\/comments?post=87773"}],"version-history":[{"count":5,"href":"https:\/\/barcainnovationhub.com\/es\/wp-json\/wp\/v2\/products\/87773\/revisions"}],"predecessor-version":[{"id":116499,"href":"https:\/\/barcainnovationhub.com\/es\/wp-json\/wp\/v2\/products\/87773\/revisions\/116499"}],"wp:attachment":[{"href":"https:\/\/barcainnovationhub.com\/es\/wp-json\/wp\/v2\/media?parent=87773"}],"wp:term":[{"taxonomy":"category","embeddable":true,"href":"https:\/\/barcainnovationhub.com\/es\/wp-json\/wp\/v2\/categories?post=87773"}],"curies":[{"name":"wp","href":"https:\/\/api.w.org\/{rel}","templated":true}]}}