{"id":87785,"date":"2021-04-11T03:18:03","date_gmt":"2021-04-11T06:18:03","guid":{"rendered":"https:\/\/barcainnovationhub.com\/?post_type=product&#038;p=87785"},"modified":"2022-01-19T12:09:49","modified_gmt":"2022-01-19T15:09:49","slug":"diplomado-gestion-carga-de-trabajo","status":"publish","type":"product","link":"https:\/\/barcainnovationhub.com\/es\/product\/diplomado-gestion-carga-de-trabajo\/","title":{"rendered":"Diplomado en Gesti\u00f3n de la Carga de Trabajo"},"content":{"rendered":"<p>contenido<\/p>\n","protected":false},"excerpt":{"rendered":"<p>excerpt<\/p>\n","protected":false},"author":16,"featured_media":0,"comment_status":"open","ping_status":"closed","template":"","meta":[],"categories":[114],"yoast_head":"<!-- This site is optimized with the Yoast SEO plugin v16.6.1 - https:\/\/yoast.com\/wordpress\/plugins\/seo\/ -->\n<meta name=\"description\" content=\"Obt\u00e9n conocimiento y habilidades integrales para monitorizar la carga de trabajo, y orientar el proceso de entrenamiento hacia los objetivos deseados.\" \/>\n<meta name=\"robots\" content=\"index, follow, max-snippet:-1, max-image-preview:large, max-video-preview:-1\" \/>\n<link rel=\"canonical\" href=\"https:\/\/barcainnovationhub.com\/es\/product\/diplomado-gestion-carga-de-trabajo\/\" \/>\n<meta property=\"og:locale\" content=\"es_ES\" \/>\n<meta property=\"og:type\" content=\"article\" \/>\n<meta property=\"og:title\" content=\"Diplomado en Gesti\u00f3n de la Carga de Trabajo\" \/>\n<meta property=\"og:description\" content=\"Obt\u00e9n conocimiento y habilidades integrales para monitorizar la carga de trabajo, y orientar el proceso de entrenamiento hacia los objetivos deseados.\" \/>\n<meta property=\"og:url\" content=\"https:\/\/barcainnovationhub.com\/es\/product\/diplomado-gestion-carga-de-trabajo\/\" \/>\n<meta property=\"og:site_name\" content=\"Bar\u00e7a Innovation Hub\" \/>\n<meta property=\"article:publisher\" content=\"https:\/\/www.facebook.com\/fcbuniversitas\" \/>\n<meta property=\"article:modified_time\" content=\"2022-01-19T15:09:49+00:00\" \/>\n<meta property=\"og:image\" content=\"https:\/\/barcainnovationhub.com\/wp-content\/uploads\/2021\/04\/d6401943-professional-diploma-in-workload-management-3.jpg\" \/>\n\t<meta property=\"og:image:width\" content=\"1200\" \/>\n\t<meta property=\"og:image:height\" content=\"1200\" \/>\n<meta name=\"twitter:card\" content=\"summary\" \/>\n<meta name=\"twitter:title\" content=\"Diplomado en Gesti\u00f3n de la Carga de Trabajo\" \/>\n<meta name=\"twitter:description\" content=\"Obt\u00e9n conocimiento y habilidades integrales para monitorizar la carga de trabajo, y orientar el proceso de entrenamiento hacia los objetivos deseados.\" \/>\n<meta name=\"twitter:image\" content=\"https:\/\/barcainnovationhub.com\/wp-content\/uploads\/2021\/04\/d6401943-professional-diploma-in-workload-management-3.jpg\" \/>\n<meta name=\"twitter:site\" content=\"@BarcaInnoHub\" \/>\n<meta name=\"twitter:label1\" content=\"Est. reading time\" \/>\n\t<meta name=\"twitter:data1\" content=\"1 minute\" \/>\n<script type=\"application\/ld+json\" class=\"yoast-schema-graph\">{\"@context\":\"https:\/\/schema.org\",\"@graph\":[{\"@type\":\"WebSite\",\"@id\":\"https:\/\/barcainnovationhub.com\/#website\",\"url\":\"https:\/\/barcainnovationhub.com\/\",\"name\":\"Bar\\u00e7a Innovation Hub\",\"description\":\"The worldwide centre for sports knowledge and innovation\",\"potentialAction\":[{\"@type\":\"SearchAction\",\"target\":{\"@type\":\"EntryPoint\",\"urlTemplate\":\"https:\/\/barcainnovationhub.com\/?s={search_term_string}\"},\"query-input\":\"required name=search_term_string\"}],\"inLanguage\":\"es-ES\"},{\"@type\":\"ImageObject\",\"@id\":\"https:\/\/barcainnovationhub.com\/es\/product\/diplomado-gestion-carga-de-trabajo\/#primaryimage\",\"inLanguage\":\"es-ES\",\"url\":\"https:\/\/barcainnovationhub.com\/wp-content\/uploads\/2021\/04\/d6401943-professional-diploma-in-workload-management-3.jpg\",\"contentUrl\":\"https:\/\/barcainnovationhub.com\/wp-content\/uploads\/2021\/04\/d6401943-professional-diploma-in-workload-management-3.jpg\",\"width\":1200,\"height\":1200},{\"@type\":\"WebPage\",\"@id\":\"https:\/\/barcainnovationhub.com\/es\/product\/diplomado-gestion-carga-de-trabajo\/#webpage\",\"url\":\"https:\/\/barcainnovationhub.com\/es\/product\/diplomado-gestion-carga-de-trabajo\/\",\"name\":\"Diplomado en Gesti\\u00f3n de la Carga de Trabajo - Bar\\u00e7a Innovation Hub\",\"isPartOf\":{\"@id\":\"https:\/\/barcainnovationhub.com\/#website\"},\"datePublished\":\"2021-04-11T06:18:03+00:00\",\"dateModified\":\"2022-01-19T15:09:49+00:00\",\"description\":\"Obt\\u00e9n conocimiento y habilidades integrales para monitorizar la carga de trabajo, y orientar el proceso de entrenamiento hacia los objetivos deseados.\",\"breadcrumb\":{\"@id\":\"https:\/\/barcainnovationhub.com\/es\/product\/diplomado-gestion-carga-de-trabajo\/#breadcrumb\"},\"inLanguage\":\"es-ES\",\"potentialAction\":[{\"@type\":\"ReadAction\",\"target\":[\"https:\/\/barcainnovationhub.com\/es\/product\/diplomado-gestion-carga-de-trabajo\/\"]}]},{\"@type\":\"BreadcrumbList\",\"@id\":\"https:\/\/barcainnovationhub.com\/es\/product\/diplomado-gestion-carga-de-trabajo\/#breadcrumb\",\"itemListElement\":[{\"@type\":\"ListItem\",\"position\":1,\"name\":\"Portada\",\"item\":\"https:\/\/barcainnovationhub.com\/es\/\"},{\"@type\":\"ListItem\",\"position\":2,\"name\":\"Productos\",\"item\":\"https:\/\/barcainnovationhub.com\/es\/product\/\"},{\"@type\":\"ListItem\",\"position\":3,\"name\":\"Diplomado en Gesti\\u00f3n de la Carga de Trabajo\"}]}]}<\/script>\n<!-- \/ Yoast SEO plugin. -->","acf":{"external_id":"1418","titulo_curso":"Diplomado en Gesti\u00f3n de la Carga de Trabajo - Carrusel","precio":"990","impartido_en":"Castellano","producto_path":false,"hubspot_product_id":"703356711","id_magento":"385","header_image":108243,"column_title":"","titulo_incentivo":"Diplomado en Gesti\u00f3n de la Carga de Trabajo","fecha_de_inicio":"10062021","precio_en_cuotas":"8 pagos mensuales de \u20ac 123,75","precio_de_lista":"","mostrar_form":false,"promocion_vigente":"","duracion_del_curso":"9 meses","nivel_del_curso":"Avanzado","modalidad_cursado":"Online","contenido":"<p><strong>IMPORTANTE: <\/strong><\/p>\n<p>Si eres o has sido participante de un programa online de Bar\u00e7a Innovation Hub Universitas y te interesa inscribirte en este Diplomado, cont\u00e1ctate con nosotros a trav\u00e9s del CHAT para poder guiarte en el proceso de compra.<\/p>\n","ocultar_video":true,"url_video":"","avalado_por":false,"pdf_brochure":"https:\/\/static.capabiliaserver.com\/frontend\/clients\/barca\/wp_prod\/wp-content\/uploads\/2021\/04\/473bb82a-diplomado-en-gestion-de-la-carga-de-trabajo.pdf","cursos_que_lo_componen":[{"nombre_del_curso":"Herramientas y variables para la monitorizacio\u0301n de la carga de entrenamiento","descripcion_del_curso":"<p>MO\u0301DULO 1: Introduccio\u0301n a la monitorizacio\u0301n de la carga de entrenamiento<br \/>\nMO\u0301DULO 2: El ciclo de planificar-intervenir-evaluar en el proceso de entrenamiento<br \/>\nMO\u0301DULO 3: Herramientas de monitorizacio\u0301n de carga interna y sus variables<br \/>\nMO\u0301DULO 4: Herramientas de monitorizacio\u0301n de carga externa y sus variables<\/p>\n"},{"nombre_del_curso":"Eleccio\u0301n de variables: \u00bfestamos repitiendo informacio\u0301n o aportando informacio\u0301n adicional?","descripcion_del_curso":"<p>MO\u0301DULO 1: Relacio\u0301n entre variables de carga interna entre s\u00ed y con variables de carga externa<br \/>\nMO\u0301DULO 2: Relacio\u0301n entre variables de carga externa<br \/>\nMO\u0301DULO 3: Integracio\u0301n de medidas. I\u0301ndice de eficiencia<br \/>\nMO\u0301DULO 4: Eleccio\u0301n de variables<\/p>\n"},{"nombre_del_curso":"Evaluacio\u0301n del entrenamiento y gestio\u0301n de la carga de entrenamiento","descripcion_del_curso":"<p>MO\u0301DULO 1: Ana\u0301lisis de la tarea de entrenamiento<br \/>\nMO\u0301DULO 2: Ana\u0301lisis de la sesio\u0301n de entrenamiento<br \/>\nMO\u0301DULO 3: Ana\u0301lisis del microciclo de entrenamiento<br \/>\nMO\u0301DULO 4: Ana\u0301lisis del mesociclo y de fases temporales m\u00e1s amplias de entrenamiento<\/p>\n"},{"nombre_del_curso":"Indicadores para la gestio\u0301n de la carga de entrenamiento","descripcion_del_curso":"<p>MO\u0301DULO 1: Cambios semanales<br \/>\nMO\u0301DULO 2: Ratio de carga aguda cr\u00f3nica: concepto y procedimiento de c\u00e1lculo<br \/>\nM\u00d3DULO 3: Ratio de carga aguda cr\u00f3nica: aplicaciones y limitaciones<br \/>\nMO\u0301DULO 4: Moderadores y mediadores de la carga de entrenamiento<\/p>\n"},{"nombre_del_curso":"Entrenamiento eficaz y de alta intensidad","descripcion_del_curso":"<p>M\u00d3DULO 1: \u00a1El ratio no lo es todo!<br \/>\nM\u00d3DULO 2: No todos los entrenamientos conllevan el mismo riesgo de lesi\u00f3n<br \/>\nM\u00d3DULO 3: V\u00edas para descifrar el dolor: fatiga en atletas<br \/>\nM\u00d3DULO 4: La carga \u00f3ptima depende de factores distintos a la carga<\/p>\n"},{"nombre_del_curso":"Metodolog\u00eda del entrenamiento de la fuerza: aplicaci\u00f3n en la mejora del rendimiento deportivo y en la readaptaci\u00f3n post lesi\u00f3n a la competici\u00f3n","descripcion_del_curso":"<p>M\u00d3DULO 1: Contextualizaci\u00f3n: \u00bfc\u00f3mo adaptamos el entrenamiento de fuerza a los deportes de equipo?<br \/>\nM\u00d3DULO 2: Metodolog\u00eda del trabajo de fuerza en el deporte de situaci\u00f3n.<br \/>\nM\u00d3DULO 3: Integraci\u00f3n del trabajo de fuerza en la planificaci\u00f3n y programaci\u00f3n de los deportes de situaci\u00f3n.<br \/>\nM\u00d3DULO 4: La fuerza en el dise\u00f1o de tareas espec\u00edficas del deporte. Ejemplificaci\u00f3n en f\u00fatbol.<\/p>\n"},{"nombre_del_curso":"La fuerza y potencia muscular como cualidad clave en la readaptaci\u00f3n de las lesiones deportivas","descripcion_del_curso":"<p>M\u00d3DULO 1: Estudio de la lesi\u00f3n en el deporte: los mecanismos lesivos y los factores de riesgo de lesi\u00f3n asociados.<br \/>\nM\u00d3DULO 2: Las lesiones deportivas y su relaci\u00f3n con la cualidad de fuerza.<br \/>\nM\u00d3DULO 3: Manifestaciones de la fuerza y la potencia muscular en el proceso de readaptaci\u00f3n post lesi\u00f3n.<br \/>\nM\u00d3DULO 4: Nuevos paradigmas en el entrenamiento de la fuerza: musculaci\u00f3n mediante oclusi\u00f3n vascular.<\/p>\n"},{"nombre_del_curso":"Nutrici\u00f3n periodizada","descripcion_del_curso":"<p>M\u00d3DULO 1: La teor\u00eda<br \/>\nM\u00d3DULO 2: Entrenar los intestinos<br \/>\nM\u00d3DULO 3: Entrenamiento bajo<br \/>\nM\u00d3DULO 4: De la teor\u00eda a la pr\u00e1ctica<\/p>\n"},{"nombre_del_curso":"\u00bfPara qu\u00e9 estamos entrenando?","descripcion_del_curso":"<p>M\u00d3DULO 1: Demandas f\u00edsicas de la competici\u00f3n<br \/>\nM\u00d3DULO 2: Peor de los escenarios<br \/>\nM\u00d3DULO 3: Juegos reducidos y competici\u00f3n<br \/>\nM\u00d3DULO 4: El efecto \u201cfatiga\u201d del contacto. Los equipos ganadores buscan ganar el pulso<\/p>\n"}],"aprende_a":[{"item_aprende_a":"Manejar las distintas herramientas y variables de la monitorizacio\u0301n del entrenamiento."},{"item_aprende_a":"Seleccionar las variables adecuadas en funcio\u0301n de los distintos objetivos que se tengan dentro del control de carga de entrenamiento y competencia."},{"item_aprende_a":"Utilizar los datos arrojados por el control de la carga para evaluar y gestionar el proceso."},{"item_aprende_a":"Detectar y utilizar de manera adecuada los indicadores ma\u0301s relevantes de la carga de entrenamiento."},{"item_aprende_a":"Analizar los datos de la monitorizaci\u00f3n de la carga de trabajo para orientar el proceso de entrenamiento hacia la prevenci\u00f3n de lesiones y el consiguiente aumento del rendimiento deportivo."},{"item_aprende_a":"Mejorar el rendimiento deportivo y la prevenci\u00f3n de lesiones a partir de un conocimiento profundo sobre la metodolog\u00eda a aplicar en los programas de entrenamiento de la fuerza y la potencia muscular."},{"item_aprende_a":"Aplicar la metodolog\u00eda adecuada en el dise\u00f1o del proceso de readaptaci\u00f3n post lesi\u00f3n en aquellas afecciones donde el desarrollo de la fuerza tenga un marcado protagonismo."},{"item_aprende_a":"Comprender la base te\u00f3rica para la periodizaci\u00f3n de la nutrici\u00f3n."}],"preguntas_frecuentes":false,"contenidistas":false,"docentes_expertos":[{"foto":"https:\/\/static.capabiliaserver.com\/frontend\/clients\/barca\/wp_prod\/wp-content\/uploads\/2019\/11\/d6410ec9-1f90fbb3-bdd49166-david-casamichana-150x150.jpg","nombre_del_docente":"David Casamichana G\u00f3mez","descripcion_del_docente":"Doctor en Ciencias de la Actividad F\u00edsica y del Deporte. Preparador f\u00edsico en f\u00fatbol. Profesor universitario e investigador.","enlace":""},{"foto":"https:\/\/static.capabiliaserver.com\/frontend\/clients\/barca\/wp_prod\/wp-content\/uploads\/2019\/11\/d62bf1d8-ec445e52-tim_gabbett-150x150.jpg","nombre_del_docente":"Tim Gabbett","descripcion_del_docente":"Consultor de alto rendimiento. 20 a\u00f1os de experiencia en ciencias aplicadas al deporte, trabajando con atletas y entrenadores de una amplia gama de deportes.","enlace":""},{"foto":"https:\/\/static.capabiliaserver.com\/frontend\/clients\/barca\/wp_prod\/wp-content\/uploads\/2019\/11\/35f4d0fa-ebbe19cc-3b4b2d46-dani-150x150.jpg","nombre_del_docente":"Daniel Romero Rodriguez","descripcion_del_docente":"Preparador f\u00edsico del primer equipo de f\u00fatbol del FC Barcelona.","enlace":""},{"foto":"https:\/\/static.capabiliaserver.com\/frontend\/clients\/barca\/wp_prod\/wp-content\/uploads\/2019\/11\/45cc7a82-3e6727a2-187a9f52-francesc_cos-150x150.jpg","nombre_del_docente":"Francesc Cos","descripcion_del_docente":"Director de Rendimiento del New York City (MLS).","enlace":""},{"foto":"https:\/\/static.capabiliaserver.com\/frontend\/clients\/barca\/wp_prod\/wp-content\/uploads\/2019\/11\/cad3d3e6-7ad8304a-asker_jeukendrup-150x150.jpg","nombre_del_docente":"Asker Jeukendrup","descripcion_del_docente":"Cient\u00edfico en nutrici\u00f3n deportiva. Profesor de metabolismo del ejercicio. Consultor de rendimiento en deporte de \u00e9lite. Emprendedor. Triatleta Ironman.","enlace":""}],"imagen_destacada":false,"slidebox":false,"titulo_seccion_testimonios":"","slider_testimonios":false,"imagen_de_fondo_testimonios":false,"color_de_fondo_testimonios":"","activar_banner_1":false,"banner_1":false,"activar_banner_2":false,"banner_2":false,"activar_banner_3":false,"banner_3":false,"segunda_fecha_de_inicio":"","zona_horaria":"Europe\/Madrid","url_cursado_webinar":"","activar_nuevos_banners":false,"mostrar_banner_1":false,"crear_banner_1":{"utilizar_imagen_unica_para_banner":false,"asignar_imagen_unica_para_banner":false,"mostrar_titulo_banner":false,"titulo_para_banner":"","mostrar_subtitulo_banner":false,"subtitulo_del_banner":"","mostrar_cta_banner":false,"texto_cta_banner":"","url_cta_banner":"","fondo_de_color_banner":"","fondo_de_imagen_banner":false,"mostrar_imagen_izquierda_banner":false,"asignar_imagen_izquierda_banner":false},"mostrar_banner_2":false,"crear_banner_2":{"utilizar_imagen_unica_para_banner":false,"asignar_imagen_unica_para_banner":false,"mostrar_titulo_banner":false,"titulo_para_banner":"","mostrar_subtitulo_banner":false,"subtitulo_del_banner":"","mostrar_cta_banner":false,"texto_cta_banner":"","url_cta_banner":"","fondo_de_color_banner":"","fondo_de_imagen_banner":false,"mostrar_imagen_izquierda_banner":false,"asignar_imagen_izquierda_banner":false},"mostrar_banner_3":false,"crear_banner_3":{"utilizar_imagen_unica_para_banner":false,"asignar_imagen_unica_para_banner":false,"mostrar_titulo_banner":false,"titulo_para_banner":"","mostrar_subtitulo_banner":false,"subtitulo_del_banner":"","mostrar_cta_banner":false,"texto_cta_banner":"","url_cta_banner":"","fondo_de_color_banner":"","fondo_de_imagen_banner":false,"mostrar_imagen_izquierda_banner":false,"asignar_imagen_izquierda_banner":false}},"idiomas":{"en":87780,"es":87785,"ar":87781,"ca":87782,"ru":87784,"pt":87783},"_links":{"self":[{"href":"https:\/\/barcainnovationhub.com\/es\/wp-json\/wp\/v2\/products\/87785"}],"collection":[{"href":"https:\/\/barcainnovationhub.com\/es\/wp-json\/wp\/v2\/products"}],"about":[{"href":"https:\/\/barcainnovationhub.com\/es\/wp-json\/wp\/v2\/types\/product"}],"author":[{"embeddable":true,"href":"https:\/\/barcainnovationhub.com\/es\/wp-json\/wp\/v2\/users\/16"}],"replies":[{"embeddable":true,"href":"https:\/\/barcainnovationhub.com\/es\/wp-json\/wp\/v2\/comments?post=87785"}],"version-history":[{"count":5,"href":"https:\/\/barcainnovationhub.com\/es\/wp-json\/wp\/v2\/products\/87785\/revisions"}],"predecessor-version":[{"id":116742,"href":"https:\/\/barcainnovationhub.com\/es\/wp-json\/wp\/v2\/products\/87785\/revisions\/116742"}],"wp:attachment":[{"href":"https:\/\/barcainnovationhub.com\/es\/wp-json\/wp\/v2\/media?parent=87785"}],"wp:term":[{"taxonomy":"category","embeddable":true,"href":"https:\/\/barcainnovationhub.com\/es\/wp-json\/wp\/v2\/categories?post=87785"}],"curies":[{"name":"wp","href":"https:\/\/api.w.org\/{rel}","templated":true}]}}