{"id":87791,"date":"2021-04-20T16:34:11","date_gmt":"2021-04-20T19:34:11","guid":{"rendered":"https:\/\/barcainnovationhub.com\/?post_type=product&#038;p=87791"},"modified":"2022-01-11T03:02:13","modified_gmt":"2022-01-11T06:02:13","slug":"diplomado-preparacion-fisica-futbol","status":"publish","type":"product","link":"https:\/\/barcainnovationhub.com\/es\/product\/diplomado-preparacion-fisica-futbol\/","title":{"rendered":"Diplomado en Preparaci\u00f3n F\u00edsica en F\u00fatbol"},"content":{"rendered":"<p>contenido<\/p>\n\n\n<p><\/p>\n","protected":false},"excerpt":{"rendered":"<p>excerpt<\/p>\n","protected":false},"author":16,"featured_media":0,"comment_status":"open","ping_status":"closed","template":"","meta":[],"categories":[114],"yoast_head":"<!-- This site is optimized with the Yoast SEO plugin v16.6.1 - https:\/\/yoast.com\/wordpress\/plugins\/seo\/ -->\n<meta name=\"description\" content=\"En este programa de 9 meses, obtendr\u00e1s conocimiento y habilidades integrales para crear propuestas de intervenci\u00f3n, basadas en la complejidad del jugador.\" \/>\n<meta name=\"robots\" content=\"index, follow, max-snippet:-1, max-image-preview:large, max-video-preview:-1\" \/>\n<link rel=\"canonical\" href=\"https:\/\/barcainnovationhub.com\/es\/product\/diplomado-preparacion-fisica-futbol\/\" \/>\n<meta property=\"og:locale\" content=\"es_ES\" \/>\n<meta property=\"og:type\" content=\"article\" \/>\n<meta property=\"og:title\" content=\"Diplomado en Preparaci\u00f3n F\u00edsica en F\u00fatbol\" \/>\n<meta property=\"og:description\" content=\"En este programa de 9 meses, obtendr\u00e1s conocimiento y habilidades integrales para crear propuestas de intervenci\u00f3n, basadas en la complejidad del jugador.\" \/>\n<meta property=\"og:url\" content=\"https:\/\/barcainnovationhub.com\/es\/product\/diplomado-preparacion-fisica-futbol\/\" \/>\n<meta property=\"og:site_name\" content=\"Bar\u00e7a Innovation Hub\" \/>\n<meta property=\"article:publisher\" content=\"https:\/\/www.facebook.com\/fcbuniversitas\" \/>\n<meta property=\"article:modified_time\" content=\"2022-01-11T06:02:13+00:00\" \/>\n<meta property=\"og:image\" content=\"https:\/\/barcainnovationhub.com\/wp-content\/uploads\/2021\/04\/e327402a-professional-diploma-in-strength-and-conditioning-for-football-2.jpg\" \/>\n\t<meta property=\"og:image:width\" content=\"1200\" \/>\n\t<meta property=\"og:image:height\" content=\"1200\" \/>\n<meta name=\"twitter:card\" content=\"summary\" \/>\n<meta name=\"twitter:title\" content=\"Diplomado en Preparaci\u00f3n F\u00edsica en F\u00fatbol\" \/>\n<meta name=\"twitter:description\" content=\"En este programa de 9 meses, obtendr\u00e1s conocimiento y habilidades integrales para crear propuestas de intervenci\u00f3n, basadas en la complejidad del jugador.\" \/>\n<meta name=\"twitter:image\" content=\"https:\/\/barcainnovationhub.com\/wp-content\/uploads\/2021\/04\/d6e1b45b-professional-diploma-in-strength-and-conditioning-for-football-2.jpg\" \/>\n<meta name=\"twitter:site\" content=\"@BarcaInnoHub\" \/>\n<meta name=\"twitter:label1\" content=\"Est. reading time\" \/>\n\t<meta name=\"twitter:data1\" content=\"1 minute\" \/>\n<script type=\"application\/ld+json\" class=\"yoast-schema-graph\">{\"@context\":\"https:\/\/schema.org\",\"@graph\":[{\"@type\":\"WebSite\",\"@id\":\"https:\/\/barcainnovationhub.com\/#website\",\"url\":\"https:\/\/barcainnovationhub.com\/\",\"name\":\"Bar\\u00e7a Innovation Hub\",\"description\":\"The worldwide centre for sports knowledge and innovation\",\"potentialAction\":[{\"@type\":\"SearchAction\",\"target\":{\"@type\":\"EntryPoint\",\"urlTemplate\":\"https:\/\/barcainnovationhub.com\/?s={search_term_string}\"},\"query-input\":\"required name=search_term_string\"}],\"inLanguage\":\"es-ES\"},{\"@type\":\"ImageObject\",\"@id\":\"https:\/\/barcainnovationhub.com\/es\/product\/diplomado-preparacion-fisica-futbol\/#primaryimage\",\"inLanguage\":\"es-ES\",\"url\":\"https:\/\/barcainnovationhub.com\/wp-content\/uploads\/2021\/04\/e327402a-professional-diploma-in-strength-and-conditioning-for-football-2.jpg\",\"contentUrl\":\"https:\/\/barcainnovationhub.com\/wp-content\/uploads\/2021\/04\/e327402a-professional-diploma-in-strength-and-conditioning-for-football-2.jpg\",\"width\":1200,\"height\":1200},{\"@type\":\"WebPage\",\"@id\":\"https:\/\/barcainnovationhub.com\/es\/product\/diplomado-preparacion-fisica-futbol\/#webpage\",\"url\":\"https:\/\/barcainnovationhub.com\/es\/product\/diplomado-preparacion-fisica-futbol\/\",\"name\":\"Diplomado en Preparaci\\u00f3n F\\u00edsica en F\\u00fatbol - Bar\\u00e7a Innovation Hub\",\"isPartOf\":{\"@id\":\"https:\/\/barcainnovationhub.com\/#website\"},\"datePublished\":\"2021-04-20T19:34:11+00:00\",\"dateModified\":\"2022-01-11T06:02:13+00:00\",\"description\":\"En este programa de 9 meses, obtendr\\u00e1s conocimiento y habilidades integrales para crear propuestas de intervenci\\u00f3n, basadas en la complejidad del jugador.\",\"breadcrumb\":{\"@id\":\"https:\/\/barcainnovationhub.com\/es\/product\/diplomado-preparacion-fisica-futbol\/#breadcrumb\"},\"inLanguage\":\"es-ES\",\"potentialAction\":[{\"@type\":\"ReadAction\",\"target\":[\"https:\/\/barcainnovationhub.com\/es\/product\/diplomado-preparacion-fisica-futbol\/\"]}]},{\"@type\":\"BreadcrumbList\",\"@id\":\"https:\/\/barcainnovationhub.com\/es\/product\/diplomado-preparacion-fisica-futbol\/#breadcrumb\",\"itemListElement\":[{\"@type\":\"ListItem\",\"position\":1,\"name\":\"Portada\",\"item\":\"https:\/\/barcainnovationhub.com\/es\/\"},{\"@type\":\"ListItem\",\"position\":2,\"name\":\"Productos\",\"item\":\"https:\/\/barcainnovationhub.com\/es\/product\/\"},{\"@type\":\"ListItem\",\"position\":3,\"name\":\"Diplomado en Preparaci\\u00f3n F\\u00edsica en F\\u00fatbol\"}]}]}<\/script>\n<!-- \/ Yoast SEO plugin. -->","acf":{"external_id":"1419","titulo_curso":"Diplomado en Preparaci\u00f3n F\u00edsica en F\u00fatbol - Carrusel","precio":"990","impartido_en":"Castellano","producto_path":false,"hubspot_product_id":"703356716","id_magento":"386","header_image":108258,"column_title":"","titulo_incentivo":"Diplomado en Preparaci\u00f3n F\u00edsica en F\u00fatbol","fecha_de_inicio":"10092021","precio_en_cuotas":"8 pagos mensuales de \u20ac 123,75","precio_de_lista":"","mostrar_form":true,"promocion_vigente":"","duracion_del_curso":"9 meses","nivel_del_curso":"Avanzado","contenido":"<p><strong>IMPORTANTE: <\/strong><\/p>\n<p>Si eres o has sido participante de un programa online de Bar\u00e7a Innovation Hub Universitas y te interesa inscribirte en este Diplomado, cont\u00e1ctate con nosotros a trav\u00e9s del CHAT para poder guiarte en el proceso de compra.<\/p>\n","ocultar_video":true,"url_video":"","avalado_por":false,"pdf_brochure":"https:\/\/static.capabiliaserver.com\/frontend\/clients\/barca\/wp_prod\/wp-content\/uploads\/2021\/04\/0d3aa25d-diplomado-en-preparacion-fisica-en-futbol.pdf","cursos_que_lo_componen":[{"nombre_del_curso":"Los fundamentos de nuestro juego","descripcion_del_curso":"<p>M\u00d3DULO 1: Las ciencias \u201csoporte\u201d del F\u00fatbol Bar\u00e7a<br \/>\nM\u00d3DULO 2: Los elementos que lo conforman<br \/>\nM\u00d3DULO 3: Los componentes identificativos del F\u00fatbol Bar\u00e7a<br \/>\nM\u00d3DULO 4: El juego como proceso<\/p>\n"},{"nombre_del_curso":"Qu\u00e9 hay que entrenar","descripcion_del_curso":"<p>M\u00d3DULO 1: Entrenamiento optimizador<br \/>\nM\u00d3DULO 2: Elementos cognitivos del jugador<br \/>\nM\u00d3DULO 3: Elementos grupales del equipo<br \/>\nM\u00d3DULO 4: Las fases del juego<\/p>\n"},{"nombre_del_curso":"C\u00f3mo hay que entrenarlo","descripcion_del_curso":"<p>M\u00d3DULO 1: Entrenar-optimizar<br \/>\nM\u00d3DULO 2: La sesi\u00f3n de entrenamiento<br \/>\nM\u00d3DULO 3: Entrenamiento espec\u00edfico del F\u00fatbol Bar\u00e7a I<br \/>\nM\u00d3DULO 4: Entrenamiento espec\u00edfico del F\u00fatbol Bar\u00e7a II<\/p>\n"},{"nombre_del_curso":"Bases neuromusculares en el entrenamiento de la fuerza","descripcion_del_curso":"<p>M\u00d3DULO 1: Caracter\u00edsticas del sistema m\u00fasculo esquel\u00e9tico.<br \/>\nUnidad 1: El movimiento desde el sistema nervioso central.<br \/>\nUnidad 2: Funcionalidad del m\u00fasculo esquel\u00e9tico.<\/p>\n<p>M\u00d3DULO 2: Las acciones musculares y su relaci\u00f3n con el deporte.<br \/>\nUnidad 1: Tipos de acci\u00f3n muscular.<br \/>\nUnidad 2: Interrelaci\u00f3n de las acciones musculares en el movimiento y el mantenimiento de la posici\u00f3n.<\/p>\n<p>M\u00d3DULO 3: Cambios sist\u00e9micos en el desentrenamiento y la inmovilizaci\u00f3n.<br \/>\nUnidad 1: Desentrenamiento con relaci\u00f3n al m\u00fasculo esquel\u00e9tico.<br \/>\nUnidad 2: La hipertrofia muscular.<\/p>\n<p>M\u00d3DULO 4: La valoraci\u00f3n de las propiedades musculares con relaci\u00f3n al deporte.<br \/>\nUnidad 1: La electromiograf\u00eda de superficie.<br \/>\nUnidad 2: La tensiomiograf\u00eda.<\/p>\n"},{"nombre_del_curso":"Metodolog\u00eda del entrenamiento de la fuerza: aplicaci\u00f3n en la mejora del rendimiento deportivo y en la readaptaci\u00f3n post lesi\u00f3n a la competici\u00f3n","descripcion_del_curso":"<p>M\u00d3DULO 1: Contextualizaci\u00f3n: \u00bfc\u00f3mo adaptamos el entrenamiento de fuerza a los deportes de equipo?<br \/>\nM\u00d3DULO 2: Metodolog\u00eda del trabajo de fuerza en el deporte de situaci\u00f3n.<br \/>\nM\u00d3DULO 3: Integraci\u00f3n del trabajo de fuerza en la planificaci\u00f3n y programaci\u00f3n de los deportes de situaci\u00f3n.<br \/>\nM\u00d3DULO 4: La fuerza en el dise\u00f1o de tareas espec\u00edficas del deporte. Ejemplificaci\u00f3n en f\u00fatbol.<\/p>\n"},{"nombre_del_curso":"La fuerza y potencia muscular como cualidad clave en la readaptaci\u00f3n de las lesiones deportivas","descripcion_del_curso":"<p>M\u00d3DULO 1: Estudio de la lesi\u00f3n en el deporte: los mecanismos lesivos y los factores de riesgo de lesi\u00f3n asociados.<br \/>\nM\u00d3DULO 2: Las lesiones deportivas y su relaci\u00f3n con la cualidad de fuerza.<br \/>\nM\u00d3DULO 3: Manifestaciones de la fuerza y la potencia muscular en el proceso de readaptaci\u00f3n post lesi\u00f3n.<br \/>\nM\u00d3DULO 4: Nuevos paradigmas en el entrenamiento de la fuerza: musculaci\u00f3n mediante oclusi\u00f3n vascular.<\/p>\n"},{"nombre_del_curso":"Tecnolog\u00eda y entrenamiento de la fuerza y la potencia muscular","descripcion_del_curso":"<p>M\u00d3DULO 1: Tecnolog\u00eda, equipamiento y entrenamiento de la fuerza de car\u00e1cter general.<br \/>\nUnidad 1: Equipamientos para el trabajo de orientaci\u00f3n general con relaci\u00f3n a la especificidad del deporte.<br \/>\nUnidad 2: Otros equipamientos relacionados con las cargas de orientaci\u00f3n general.<\/p>\n<p>M\u00d3DULO 2: Tecnolog\u00eda, equipamiento y entrenamiento de la fuerza de car\u00e1cter espec\u00edfico con relaci\u00f3n al deporte.<br \/>\nUnidad 1: Equipamientos para el trabajo de orientaci\u00f3n dirigida y espec\u00edfica con relaci\u00f3n a las habilidades espec\u00edficas del deporte.<br \/>\nUnidad 2: La tecnolog\u00eda GPS y su relaci\u00f3n con la valoraci\u00f3n y el control de la fuerza en el entrenamiento y la competici\u00f3n.<\/p>\n<p>M\u00d3DULO 3: Tecnolog\u00eda en la valoraci\u00f3n de la fuerza y la potencia muscular.<br \/>\nUnidad 1: Utilizaci\u00f3n de encoders lineales y rotatorios para la valoraci\u00f3n de la fuerza y la potencia muscular.<br \/>\nUnidad 2: Sistemas integrados en la valoraci\u00f3n muscular.<\/p>\n<p>M\u00d3DULO 4: Tecnolog\u00eda interactiva y entrenamiento de la fuerza.<br \/>\nUnidad 1: Gamificaci\u00f3n en el deporte.<br \/>\nUnidad 2: Metodolog\u00edas interactivas relacionadas con la gamificaci\u00f3n.<\/p>\n"},{"nombre_del_curso":"Macronutrientes y l\u00edquidos para el f\u00fatbol","descripcion_del_curso":"<p>M\u00d3DULO 1: El papel de los carbohidratos en la dieta de los jugadores<br \/>\n-Unidad 1: Introducci\u00f3n a los carbohidratos<br \/>\n-Unidad 2: Carbohidratos para el f\u00fatbol<\/p>\n<p>M\u00d3DULO 2: El papel de la prote\u00edna en la dieta de los jugadores<br \/>\n-Unidad 1: Introducci\u00f3n a la prote\u00edna<br \/>\n-Unidad 2: Prote\u00ednas para el f\u00fatbol<\/p>\n<p>M\u00d3DULO 3: El papel de la grasa en la dieta de los jugadores<br \/>\n-Unidad 1: Introducci\u00f3n a las grasas<br \/>\n-Unidad 2: Grasas para el f\u00fatbol<\/p>\n<p>M\u00d3DULO 4: L\u00edquidos<br \/>\n-Unidad 1: Introducci\u00f3n a los l\u00edquidos y electr\u00f3litos<br \/>\n-Unidad 2: L\u00edquidos y electrolitos para el f\u00fatbol<\/p>\n"},{"nombre_del_curso":"Competencias b\u00e1sicas del entrenador","descripcion_del_curso":"<p>M\u00d3DULO 1: Liderazgo<br \/>\nM\u00d3DULO 2: Herramientas comunicaci\u00f3n<br \/>\nM\u00d3DULO 3: Climas motivacionales<br \/>\nM\u00d3DULO 4: El entrenador y su entorno<\/p>\n"}],"aprende_a":[{"item_aprende_a":"Comprender las diferentes corrientes te\u00f3ricas que fundamentan los nuevos paradigmas del entrenamiento."},{"item_aprende_a":"Crear propuestas de intervenci\u00f3n basadas en el conocimiento de la complejidad del jugador."},{"item_aprende_a":"Optimizar la selecci\u00f3n de diferentes metodolog\u00edas aplicables al proceso de entrenamiento, focalizadas en el proceso formativo del jugador."},{"item_aprende_a":"Dise\u00f1ar estrategias que favorezcan el proceso colectivo de formaci\u00f3n de nuestro juego, focalizadas en el desarrollo del jugador."},{"item_aprende_a":"Mejorar el an\u00e1lisis cr\u00edtico al realizar un programa de entrenamiento en los diferentes roles profesionales relacionados con las ciencias del deporte y la salud."},{"item_aprende_a":"Mejorar el rendimiento deportivo y la prevenci\u00f3n de lesiones a partir de un conocimiento profundo sobre la metodolog\u00eda a aplicar en los programas de entrenamiento de la fuerza y la potencia muscular.\r\n"},{"item_aprende_a":"Aplicar la metodolog\u00eda adecuada en el dise\u00f1o del proceso de readaptaci\u00f3n post lesi\u00f3n en aquellas afecciones donde el desarrollo de la fuerza tenga un marcado protagonismo."},{"item_aprende_a":"Conocer, de manera transversal, las metodolog\u00edas emergentes en el entrenamiento de la fuerza para poder profundizar desde una base contrastada desde la ciencia."},{"item_aprende_a":"Comprender el papel de los macronutrientes para el rendimiento futbol\u00edstico."},{"item_aprende_a":"Utilizar las herramientas adecuadas para el desarrollo de un liderazgo eficaz en la gesti\u00f3n de grupos y personas."}],"preguntas_frecuentes":false,"contenidistas":false,"docentes_expertos":[{"foto":"https:\/\/static.capabiliaserver.com\/frontend\/clients\/barca\/wp_prod\/wp-content\/uploads\/2019\/11\/82f8167e-c97cdcd6-2d75bdaf-paco-seirul-lo-150x150.jpg","nombre_del_docente":"Paco Seirul\u00b7lo Vargas","descripcion_del_docente":"Responsable del \u00c1rea de Metodolog\u00eda del FC Barcelona.","enlace":""},{"foto":"https:\/\/static.capabiliaserver.com\/frontend\/clients\/barca\/wp_prod\/wp-content\/uploads\/2019\/11\/8a441516-7014c74f-2a270bf4-isaac-guerrero_150x150-150x149.jpg","nombre_del_docente":"Isaac Guerrero","descripcion_del_docente":"Director T\u00e9cnico \/ Responsable del \u00c1rea de Metodolog\u00eda de la Escuela de F\u00fatbol. \u00c1rea de Conocimiento en FC Barcelona.","enlace":""},{"foto":"https:\/\/static.capabiliaserver.com\/frontend\/clients\/barca\/wp_prod\/wp-content\/uploads\/2019\/11\/ff2b8640-21c123e1-05b1ceb1-denis-silva-150x150.jpg","nombre_del_docente":"Denis Silva","descripcion_del_docente":"Entrenador del Juvenil A del FC Barcelona.","enlace":""},{"foto":"https:\/\/static.capabiliaserver.com\/frontend\/clients\/barca\/wp_prod\/wp-content\/uploads\/2019\/11\/89781bd4-cf27d831-ff8e0810-xavier-damunt-150x150.jpg","nombre_del_docente":"Xavier Damunt","descripcion_del_docente":"Coordinador del \u00c1rea de Perfeccionamiento de Bar\u00e7a Academy. \u00c1rea de Conocimiento en FC Barcelona.","enlace":""},{"foto":"https:\/\/static.capabiliaserver.com\/frontend\/clients\/barca\/wp_prod\/wp-content\/uploads\/2019\/11\/ce5b3229-78c31d57-9547cce7-marcel-sans-150x150.jpg","nombre_del_docente":"Marcel Sans","descripcion_del_docente":"T\u00e9cnico de Metodolog\u00eda del Juvenil B del FC Barcelona.","enlace":""},{"foto":"https:\/\/static.capabiliaserver.com\/frontend\/clients\/barca\/wp_prod\/wp-content\/uploads\/2021\/04\/c756bb93-dani_romero.png","nombre_del_docente":"Daniel Romero Rodriguez","descripcion_del_docente":"Preparador F\u00edsico de Fuerza del Juvenil A del FC Barcelona.","enlace":""},{"foto":"https:\/\/static.capabiliaserver.com\/frontend\/clients\/barca\/wp_prod\/wp-content\/uploads\/2021\/04\/9af981ec-francesc_cos.jpg","nombre_del_docente":"Francesc Cos","descripcion_del_docente":"Ex preparador f\u00edsico de la fuerza del primer equipo de f\u00fatbol del FC Barcelona (2004-2016). Ex director del \u00e1rea de Rendimiento Deportivo del Bar\u00e7a Innovation Hub (2016-2018). Actualmente es Director de Rendimiento del New York City (MLS).","enlace":""},{"foto":"https:\/\/static.capabiliaserver.com\/frontend\/clients\/barca\/wp_prod\/wp-content\/uploads\/2019\/11\/6d32c25c-703fa0ab-f6092eb0-ian_rollo-150x150.jpg","nombre_del_docente":"Ian Rollo","descripcion_del_docente":"Cient\u00edfico principal del Gatorade Sports Science Institute. Investigador visitante en Loughborough University, Reino Unido. Fisi\u00f3logo del ejercicio, nutricionista deportivo y del ejercicio (SENr).","enlace":""},{"foto":"https:\/\/static.capabiliaserver.com\/frontend\/clients\/barca\/wp_prod\/wp-content\/uploads\/2021\/04\/df737a8c-ana_merayo.png","nombre_del_docente":"Ana Merayo Garc\u00eda","descripcion_del_docente":"Psic\u00f3loga deportiva. Docente. Coordinadora del SAIE (Servicio de Atenci\u00f3n Integral al Deportista) de Masia 360, FC Barcelona.","enlace":""}],"imagen_destacada":false,"slidebox":false,"titulo_seccion_testimonios":"","slider_testimonios":false,"imagen_de_fondo_testimonios":false,"color_de_fondo_testimonios":"","activar_banner_1":false,"banner_1":false,"activar_banner_2":false,"banner_2":false,"activar_banner_3":false,"banner_3":false,"zona_horaria":"Europe\/Madrid","url_cursado_webinar":"20210925","segunda_fecha_de_inicio":"25092021","modalidad_cursado":"Online","activar_nuevos_banners":false,"mostrar_banner_1":false,"crear_banner_1":{"utilizar_imagen_unica_para_banner":false,"asignar_imagen_unica_para_banner":false,"mostrar_titulo_banner":false,"titulo_para_banner":"","mostrar_subtitulo_banner":false,"subtitulo_del_banner":"","mostrar_cta_banner":false,"texto_cta_banner":"","url_cta_banner":"","fondo_de_color_banner":"","fondo_de_imagen_banner":false,"mostrar_imagen_izquierda_banner":false,"asignar_imagen_izquierda_banner":false},"mostrar_banner_2":false,"crear_banner_2":{"utilizar_imagen_unica_para_banner":false,"asignar_imagen_unica_para_banner":false,"mostrar_titulo_banner":false,"titulo_para_banner":"","mostrar_subtitulo_banner":false,"subtitulo_del_banner":"","mostrar_cta_banner":false,"texto_cta_banner":"","url_cta_banner":"","fondo_de_color_banner":"","fondo_de_imagen_banner":false,"mostrar_imagen_izquierda_banner":false,"asignar_imagen_izquierda_banner":false},"mostrar_banner_3":false,"crear_banner_3":{"utilizar_imagen_unica_para_banner":false,"asignar_imagen_unica_para_banner":false,"mostrar_titulo_banner":false,"titulo_para_banner":"","mostrar_subtitulo_banner":false,"subtitulo_del_banner":"","mostrar_cta_banner":false,"texto_cta_banner":"","url_cta_banner":"","fondo_de_color_banner":"","fondo_de_imagen_banner":false,"mostrar_imagen_izquierda_banner":false,"asignar_imagen_izquierda_banner":false}},"idiomas":{"en":87786,"es":87791,"ar":87787,"ca":87788,"ru":87790,"pt":87789},"_links":{"self":[{"href":"https:\/\/barcainnovationhub.com\/es\/wp-json\/wp\/v2\/products\/87791"}],"collection":[{"href":"https:\/\/barcainnovationhub.com\/es\/wp-json\/wp\/v2\/products"}],"about":[{"href":"https:\/\/barcainnovationhub.com\/es\/wp-json\/wp\/v2\/types\/product"}],"author":[{"embeddable":true,"href":"https:\/\/barcainnovationhub.com\/es\/wp-json\/wp\/v2\/users\/16"}],"replies":[{"embeddable":true,"href":"https:\/\/barcainnovationhub.com\/es\/wp-json\/wp\/v2\/comments?post=87791"}],"version-history":[{"count":5,"href":"https:\/\/barcainnovationhub.com\/es\/wp-json\/wp\/v2\/products\/87791\/revisions"}],"predecessor-version":[{"id":116483,"href":"https:\/\/barcainnovationhub.com\/es\/wp-json\/wp\/v2\/products\/87791\/revisions\/116483"}],"wp:attachment":[{"href":"https:\/\/barcainnovationhub.com\/es\/wp-json\/wp\/v2\/media?parent=87791"}],"wp:term":[{"taxonomy":"category","embeddable":true,"href":"https:\/\/barcainnovationhub.com\/es\/wp-json\/wp\/v2\/categories?post=87791"}],"curies":[{"name":"wp","href":"https:\/\/api.w.org\/{rel}","templated":true}]}}